{"id":3182020,"date":"2025-04-03T19:22:04","date_gmt":"2025-04-03T17:22:04","guid":{"rendered":"https:\/\/www.dramfolks-whisky-auction.com\/?post_type=product&#038;p=3182020"},"modified":"2025-04-25T16:19:14","modified_gmt":"2025-04-25T14:19:14","slug":"bushmills-21yo-2021-rare-irish-whiskey-2","status":"publish","type":"product","link":"https:\/\/www.dramfolks-whisky-auction.com\/fr\/product\/bushmills-21yo-2021-rare-irish-whiskey-2\/","title":{"rendered":"Bushmills &#8211; 21yo (2021) \/ Rare Irish Whiskey"},"content":{"rendered":"<p><strong>Destille: Bushmills<br \/>\n<\/strong>Seit mehr als 400 Jahren wird in der Bushmills Distillery im Norden Irlands feinster irischer Whiskey produziert. Der Whiskey wurde nach einem kleinen Dorf an der Nordk\u00fcste Irlands benannt, wo er heute noch produziert wird. 1608 bekam Thomas Philip die Lizenz Whiskey zu brennen, damit wurde der Grundstein f\u00fcr die Old Bushmills Distillery gelegt. Bevor die Kilbeggan Distillery wieder in Betrieb genommen wurde, war Bushmills die \u00e4lteste betriebene Destillerie. Bushmills ist die \u00e4lteste Destillerie in Irland, die dreifach destillierten Whiskey hergestellt, wodurch die Weichheit des Whiskeys kreiert wird. Ein Merkmal der Destillerie ist, dass alle Produktionsschritte in der Bushmills Distillery unter einem Dach bleiben: von der Destillation bis zur Flaschenabf\u00fcllung. So ist eine sorgf\u00e4ltige Qualit\u00e4tskontrolle sichergestellt und alle Feinheiten werden beachtet. <span class=\"ILfuVd\" lang=\"de\"><span class=\"hgKElc\">Nach Midleton ist Bushmills die zweitgr\u00f6\u00dfte irische Brennerei, mit einer j\u00e4hrlichen Produktionskapazit\u00e4t von 4,5 Millionen Litern.<\/span><\/span><\/p>\n<p><strong>Fun Fakt:\u00a0<\/strong>Der typische Charakter von Bushmills ist die Honigs\u00fc\u00dfe. Bushmills verwendet nur ausgew\u00e4hlte Eichenf\u00e4sser, in denen der Whiskey reift. Diese F\u00e4sser erhalten sie von ausgew\u00e4hlten Lieferanten. Seit langer Zeit besteht eine Lieferbeziehung zu einem spanischen Sherryfass-Lieferanten. In diesen F\u00e4ssern wird in Spanien 2 Jahre lang s\u00fc\u00dfer Oloroso Sherry gelagert, bevor sie nach Irland versendet werden. Zur\u00fcck in Irland verleihen sie dem Whiskey ihre Magie, in dem sie ein bisschen \u201eLatin spirit\u201c an den Whiskey abgeben.<\/p>\n<p><strong>Whisky\/Whiskey: 21yo (2021) \/ Rare Irish Whiskey<br \/>\n<\/strong>Jim Murray gab diesem Whisk(e)y 95.5 Punkte&#8230;<br \/>\n\u201eOld &amp; rare\u201c, in diese Attribute kleidet sich der irische Bushmills zu Recht. Der verbl\u00fcffende, hochprozentige Vertreter von der Gr\u00fcnen Insel gl\u00e4nzt mit einer au\u00dferordentlich bunten Palette an Aromen. Der Bushmills 21 ist ein streng limitierter, irischer Single Malt.<br \/>\nDer seidenweiche Single Malt reift zun\u00e4chst 19 Jahre in Oloroso Sherry- und Boubonf\u00e4ssern und anschlie\u00dfend weitere zwei Jahre in alten Madeira F\u00e4ssern. Diese Nachreifung tr\u00e4gt signifikant zum komplexen Aroma mit Trauben, dunkler Schokolade, Honig und Gew\u00fcrzen bei. Im Geschmack zeigt sich der Bushmills 21 Years voll und elegant mit s\u00fc\u00dfem Malz, Rosinen, Toffee, Vanille und Gew\u00fcrzen. Im Abgang ist er angenehm lang und von feiner Eiche und Rosinen gepr\u00e4gt.<strong><br \/>\n<\/strong><\/p>\n<p><strong>Info Qualit\u00e4t der Flasche:<\/strong> Exzellent ohne Besch\u00e4digungen \/ <strong>F\u00fcllstand:<\/strong> Top shoulder<br \/>\n<strong>Info Qualit\u00e4t der Box:<\/strong> Exzellent ohne Besch\u00e4digungen<\/p>\n<p><strong>Wichtiger Hinweis:<\/strong> Die Bewertung der Flaschen und Boxen erfolgt nach \u201ebesten Wissen und Gewissen\u201c. dramfolks kann keine Gew\u00e4hrleistung f\u00fcr den Inhalt der Flaschen \u00fcbernehmen. Weitere Infos &amp; Hinweise finden Sie in unseren AGBs. Wir empfehlen Ihnen, vor der Abgabe von Geboten \u00fcber die Zoomfunktion eine Besichtigung \/ genaue Pr\u00fcfung des angebotenen Whiskys vorzunehmen. Bitte kontaktieren sie uns bei Fragen direkt unter info@dramfolks.com<\/p>\n","protected":false},"excerpt":{"rendered":"<p>Destille: Bushmills Seit mehr als 400 Jahren wird in der Bushmills Distillery im Norden Irlands feinster irischer Whiskey produziert. Der Whiskey wurde nach einem kleinen Dorf an der Nordk\u00fcste Irlands benannt, wo er heute noch produziert wird. 1608 bekam Thomas Philip die Lizenz Whiskey zu brennen, damit wurde der Grundstein f\u00fcr die Old Bushmills Distillery[&#8230;]\n","protected":false},"featured_media":2061320,"comment_status":"closed","ping_status":"closed","template":"","meta":[],"product_brand":[],"product_cat":[1100],"product_tag":[],"class_list":{"0":"post-3182020","1":"product","2":"type-product","3":"status-publish","4":"has-post-thumbnail","6":"product_cat-no-17","8":"first","9":"instock","10":"shipping-taxable","11":"purchasable","12":"product-type-auction"},"yoast_head":"<!-- This site is optimized with the Yoast SEO plugin v27.4 - https:\/\/yoast.com\/product\/yoast-seo-wordpress\/ -->\n<title>Bushmills - 21yo (2021) \/ Rare Irish Whiskey - Dramfolks Whisky Auction<\/title>\n<meta name=\"robots\" content=\"index, follow, max-snippet:-1, max-image-preview:large, max-video-preview:-1\" \/>\n<link rel=\"canonical\" href=\"https:\/\/www.dramfolks-whisky-auction.com\/fr\/product\/bushmills-21yo-2021-rare-irish-whiskey-2\/\" \/>\n<meta property=\"og:locale\" content=\"fr_FR\" \/>\n<meta property=\"og:type\" content=\"article\" \/>\n<meta property=\"og:title\" content=\"Bushmills - 21yo (2021) \/ Rare Irish Whiskey - Dramfolks Whisky Auction\" \/>\n<meta property=\"og:description\" content=\"Destille: Bushmills Seit mehr als 400 Jahren wird in der Bushmills Distillery im Norden Irlands feinster irischer Whiskey produziert. Der Whiskey wurde nach einem kleinen Dorf an der Nordk\u00fcste Irlands benannt, wo er heute noch produziert wird. 1608 bekam Thomas Philip die Lizenz Whiskey zu brennen, damit wurde der Grundstein f\u00fcr die Old Bushmills Distillery[...]\" \/>\n<meta property=\"og:url\" content=\"https:\/\/www.dramfolks-whisky-auction.com\/fr\/product\/bushmills-21yo-2021-rare-irish-whiskey-2\/\" \/>\n<meta property=\"og:site_name\" content=\"Dramfolks Whisky Auction\" \/>\n<meta property=\"article:modified_time\" content=\"2025-04-25T14:19:14+00:00\" \/>\n<meta property=\"og:image\" content=\"https:\/\/www.dramfolks-whisky-auction.com\/wp-content\/uploads\/2025\/02\/Bushmills-21-vorne-scaled.jpg\" \/>\n\t<meta property=\"og:image:width\" content=\"2560\" \/>\n\t<meta property=\"og:image:height\" content=\"2560\" \/>\n\t<meta property=\"og:image:type\" content=\"image\/jpeg\" \/>\n<meta name=\"twitter:card\" content=\"summary_large_image\" \/>\n<meta name=\"twitter:label1\" content=\"Dur\u00e9e de lecture estim\u00e9e\" \/>\n\t<meta name=\"twitter:data1\" content=\"3 minutes\" \/>\n<script type=\"application\/ld+json\" class=\"yoast-schema-graph\">{\"@context\":\"https:\\\/\\\/schema.org\",\"@graph\":[{\"@type\":\"WebPage\",\"@id\":\"https:\\\/\\\/www.dramfolks-whisky-auction.com\\\/fr\\\/product\\\/bushmills-21yo-2021-rare-irish-whiskey-2\\\/\",\"url\":\"https:\\\/\\\/www.dramfolks-whisky-auction.com\\\/fr\\\/product\\\/bushmills-21yo-2021-rare-irish-whiskey-2\\\/\",\"name\":\"Bushmills - 21yo (2021) \\\/ Rare Irish Whiskey - Dramfolks Whisky Auction\",\"isPartOf\":{\"@id\":\"https:\\\/\\\/www.dramfolks-whisky-auction.com\\\/fr\\\/#website\"},\"primaryImageOfPage\":{\"@id\":\"https:\\\/\\\/www.dramfolks-whisky-auction.com\\\/fr\\\/product\\\/bushmills-21yo-2021-rare-irish-whiskey-2\\\/#primaryimage\"},\"image\":{\"@id\":\"https:\\\/\\\/www.dramfolks-whisky-auction.com\\\/fr\\\/product\\\/bushmills-21yo-2021-rare-irish-whiskey-2\\\/#primaryimage\"},\"thumbnailUrl\":\"https:\\\/\\\/www.dramfolks-whisky-auction.com\\\/wp-content\\\/uploads\\\/2025\\\/02\\\/Bushmills-21-vorne-scaled.jpg\",\"datePublished\":\"2025-04-03T17:22:04+00:00\",\"dateModified\":\"2025-04-25T14:19:14+00:00\",\"breadcrumb\":{\"@id\":\"https:\\\/\\\/www.dramfolks-whisky-auction.com\\\/fr\\\/product\\\/bushmills-21yo-2021-rare-irish-whiskey-2\\\/#breadcrumb\"},\"inLanguage\":\"fr-FR\",\"potentialAction\":[{\"@type\":\"ReadAction\",\"target\":[\"https:\\\/\\\/www.dramfolks-whisky-auction.com\\\/fr\\\/product\\\/bushmills-21yo-2021-rare-irish-whiskey-2\\\/\"]}]},{\"@type\":\"ImageObject\",\"inLanguage\":\"fr-FR\",\"@id\":\"https:\\\/\\\/www.dramfolks-whisky-auction.com\\\/fr\\\/product\\\/bushmills-21yo-2021-rare-irish-whiskey-2\\\/#primaryimage\",\"url\":\"https:\\\/\\\/www.dramfolks-whisky-auction.com\\\/wp-content\\\/uploads\\\/2025\\\/02\\\/Bushmills-21-vorne-scaled.jpg\",\"contentUrl\":\"https:\\\/\\\/www.dramfolks-whisky-auction.com\\\/wp-content\\\/uploads\\\/2025\\\/02\\\/Bushmills-21-vorne-scaled.jpg\",\"width\":2560,\"height\":2560},{\"@type\":\"BreadcrumbList\",\"@id\":\"https:\\\/\\\/www.dramfolks-whisky-auction.com\\\/fr\\\/product\\\/bushmills-21yo-2021-rare-irish-whiskey-2\\\/#breadcrumb\",\"itemListElement\":[{\"@type\":\"ListItem\",\"position\":1,\"name\":\"Startseite\",\"item\":\"https:\\\/\\\/www.dramfolks-whisky-auction.com\\\/fr\\\/\"},{\"@type\":\"ListItem\",\"position\":2,\"name\":\"Boutique\",\"item\":\"https:\\\/\\\/www.dramfolks-whisky-auction.com\\\/fr\\\/boutique\\\/\"},{\"@type\":\"ListItem\",\"position\":3,\"name\":\"Bushmills &#8211; 21yo (2021) \\\/ Rare Irish Whiskey\"}]},{\"@type\":\"WebSite\",\"@id\":\"https:\\\/\\\/www.dramfolks-whisky-auction.com\\\/fr\\\/#website\",\"url\":\"https:\\\/\\\/www.dramfolks-whisky-auction.com\\\/fr\\\/\",\"name\":\"Dramfolks Whisky Auction\",\"description\":\"\",\"potentialAction\":[{\"@type\":\"SearchAction\",\"target\":{\"@type\":\"EntryPoint\",\"urlTemplate\":\"https:\\\/\\\/www.dramfolks-whisky-auction.com\\\/fr\\\/?s={search_term_string}\"},\"query-input\":{\"@type\":\"PropertyValueSpecification\",\"valueRequired\":true,\"valueName\":\"search_term_string\"}}],\"inLanguage\":\"fr-FR\"}]}<\/script>\n<!-- \/ Yoast SEO plugin. -->","yoast_head_json":{"title":"Bushmills - 21yo (2021) \/ Rare Irish Whiskey - Dramfolks Whisky Auction","robots":{"index":"index","follow":"follow","max-snippet":"max-snippet:-1","max-image-preview":"max-image-preview:large","max-video-preview":"max-video-preview:-1"},"canonical":"https:\/\/www.dramfolks-whisky-auction.com\/fr\/product\/bushmills-21yo-2021-rare-irish-whiskey-2\/","og_locale":"fr_FR","og_type":"article","og_title":"Bushmills - 21yo (2021) \/ Rare Irish Whiskey - Dramfolks Whisky Auction","og_description":"Destille: Bushmills Seit mehr als 400 Jahren wird in der Bushmills Distillery im Norden Irlands feinster irischer Whiskey produziert. Der Whiskey wurde nach einem kleinen Dorf an der Nordk\u00fcste Irlands benannt, wo er heute noch produziert wird. 1608 bekam Thomas Philip die Lizenz Whiskey zu brennen, damit wurde der Grundstein f\u00fcr die Old Bushmills Distillery[...]","og_url":"https:\/\/www.dramfolks-whisky-auction.com\/fr\/product\/bushmills-21yo-2021-rare-irish-whiskey-2\/","og_site_name":"Dramfolks Whisky Auction","article_modified_time":"2025-04-25T14:19:14+00:00","og_image":[{"width":2560,"height":2560,"url":"https:\/\/www.dramfolks-whisky-auction.com\/wp-content\/uploads\/2025\/02\/Bushmills-21-vorne-scaled.jpg","type":"image\/jpeg"}],"twitter_card":"summary_large_image","twitter_misc":{"Dur\u00e9e de lecture estim\u00e9e":"3 minutes"},"schema":{"@context":"https:\/\/schema.org","@graph":[{"@type":"WebPage","@id":"https:\/\/www.dramfolks-whisky-auction.com\/fr\/product\/bushmills-21yo-2021-rare-irish-whiskey-2\/","url":"https:\/\/www.dramfolks-whisky-auction.com\/fr\/product\/bushmills-21yo-2021-rare-irish-whiskey-2\/","name":"Bushmills - 21yo (2021) \/ Rare Irish Whiskey - Dramfolks Whisky Auction","isPartOf":{"@id":"https:\/\/www.dramfolks-whisky-auction.com\/fr\/#website"},"primaryImageOfPage":{"@id":"https:\/\/www.dramfolks-whisky-auction.com\/fr\/product\/bushmills-21yo-2021-rare-irish-whiskey-2\/#primaryimage"},"image":{"@id":"https:\/\/www.dramfolks-whisky-auction.com\/fr\/product\/bushmills-21yo-2021-rare-irish-whiskey-2\/#primaryimage"},"thumbnailUrl":"https:\/\/www.dramfolks-whisky-auction.com\/wp-content\/uploads\/2025\/02\/Bushmills-21-vorne-scaled.jpg","datePublished":"2025-04-03T17:22:04+00:00","dateModified":"2025-04-25T14:19:14+00:00","breadcrumb":{"@id":"https:\/\/www.dramfolks-whisky-auction.com\/fr\/product\/bushmills-21yo-2021-rare-irish-whiskey-2\/#breadcrumb"},"inLanguage":"fr-FR","potentialAction":[{"@type":"ReadAction","target":["https:\/\/www.dramfolks-whisky-auction.com\/fr\/product\/bushmills-21yo-2021-rare-irish-whiskey-2\/"]}]},{"@type":"ImageObject","inLanguage":"fr-FR","@id":"https:\/\/www.dramfolks-whisky-auction.com\/fr\/product\/bushmills-21yo-2021-rare-irish-whiskey-2\/#primaryimage","url":"https:\/\/www.dramfolks-whisky-auction.com\/wp-content\/uploads\/2025\/02\/Bushmills-21-vorne-scaled.jpg","contentUrl":"https:\/\/www.dramfolks-whisky-auction.com\/wp-content\/uploads\/2025\/02\/Bushmills-21-vorne-scaled.jpg","width":2560,"height":2560},{"@type":"BreadcrumbList","@id":"https:\/\/www.dramfolks-whisky-auction.com\/fr\/product\/bushmills-21yo-2021-rare-irish-whiskey-2\/#breadcrumb","itemListElement":[{"@type":"ListItem","position":1,"name":"Startseite","item":"https:\/\/www.dramfolks-whisky-auction.com\/fr\/"},{"@type":"ListItem","position":2,"name":"Boutique","item":"https:\/\/www.dramfolks-whisky-auction.com\/fr\/boutique\/"},{"@type":"ListItem","position":3,"name":"Bushmills &#8211; 21yo (2021) \/ Rare Irish Whiskey"}]},{"@type":"WebSite","@id":"https:\/\/www.dramfolks-whisky-auction.com\/fr\/#website","url":"https:\/\/www.dramfolks-whisky-auction.com\/fr\/","name":"Dramfolks Whisky Auction","description":"","potentialAction":[{"@type":"SearchAction","target":{"@type":"EntryPoint","urlTemplate":"https:\/\/www.dramfolks-whisky-auction.com\/fr\/?s={search_term_string}"},"query-input":{"@type":"PropertyValueSpecification","valueRequired":true,"valueName":"search_term_string"}}],"inLanguage":"fr-FR"}]}},"_links":{"self":[{"href":"https:\/\/www.dramfolks-whisky-auction.com\/fr\/wp-json\/wp\/v2\/product\/3182020","targetHints":{"allow":["GET"]}}],"collection":[{"href":"https:\/\/www.dramfolks-whisky-auction.com\/fr\/wp-json\/wp\/v2\/product"}],"about":[{"href":"https:\/\/www.dramfolks-whisky-auction.com\/fr\/wp-json\/wp\/v2\/types\/product"}],"replies":[{"embeddable":true,"href":"https:\/\/www.dramfolks-whisky-auction.com\/fr\/wp-json\/wp\/v2\/comments?post=3182020"}],"wp:featuredmedia":[{"embeddable":true,"href":"https:\/\/www.dramfolks-whisky-auction.com\/fr\/wp-json\/wp\/v2\/media\/2061320"}],"wp:attachment":[{"href":"https:\/\/www.dramfolks-whisky-auction.com\/fr\/wp-json\/wp\/v2\/media?parent=3182020"}],"wp:term":[{"taxonomy":"product_brand","embeddable":true,"href":"https:\/\/www.dramfolks-whisky-auction.com\/fr\/wp-json\/wp\/v2\/product_brand?post=3182020"},{"taxonomy":"product_cat","embeddable":true,"href":"https:\/\/www.dramfolks-whisky-auction.com\/fr\/wp-json\/wp\/v2\/product_cat?post=3182020"},{"taxonomy":"product_tag","embeddable":true,"href":"https:\/\/www.dramfolks-whisky-auction.com\/fr\/wp-json\/wp\/v2\/product_tag?post=3182020"}],"curies":[{"name":"wp","href":"https:\/\/api.w.org\/{rel}","templated":true}]}}