{"id":3177510,"date":"2025-04-03T16:14:35","date_gmt":"2025-04-03T14:14:35","guid":{"rendered":"https:\/\/www.dramfolks-whisky-auction.com\/?post_type=product&#038;p=3177510"},"modified":"2025-04-21T19:45:50","modified_gmt":"2025-04-21T17:45:50","slug":"laphroaig-cairdeas-15yo-2017-3","status":"publish","type":"product","link":"https:\/\/www.dramfolks-whisky-auction.com\/fr\/product\/laphroaig-cairdeas-15yo-2017-3\/","title":{"rendered":"Laphroaig &#8211; Cairdeas 15yo (2017)"},"content":{"rendered":"<p><strong>Destille: Laphroaig<br \/>\n<\/strong>Laphroaig (sprich: la-froig) ist eine Whiskybrennerei auf der schottischen Hebriden-Insel Islay. Laphroaig liegt an einer kleinen naturbelassenen Bucht. Die Destillerie wurde offiziell 1815 von den Br\u00fcdern Donald und Alex Johnston gegr\u00fcndet. Urspr\u00fcnglich war sie eine Farm-Brennerei f\u00fcr den Eigenbedarf. Schon der Vater John der beiden Gr\u00fcnder errichtete eine der beiden illegalen Brennereien, aus denen sp\u00e4ter Lagavulin wurde. Au\u00dferdem gab es von 1837 bis 1868 auf dem von der Destillerie genutzten Gel\u00e4nde eine weitere Brennerei: Die alte Ardenistiel Distillery von Andrew und James Gairdner, die auch als Kildalton Distillery (1849\u20131852) und Islay Distillery (1852\u20131866) bekannt wurde. Das Wasser f\u00fcr die Herstellung stammte aus dem Sanaig Burn, welcher damals auch Laphroaig als Wasserquelle diente. 1923 wurden zwei Stills angeschafft und 1969 zwei weitere. 1974 kam die letzte Brennblase hinzu, womit die Anzahl auf insgesamt sieben stieg. Als Long John Distillers 1975 in Whitbread aufgingen, welches wiederum zu Allied Domecq geh\u00f6rte, wechselte auch f\u00fcr Laphroaig der Eigent\u00fcmer. Allied Domecq wurde 2005 von Pernod Ricard \u00fcbernommen. Um die Auflagen des Kartellamtes zu erf\u00fcllen, trennte sich Pernod Ricard von Laphroaig. Dadurch wurde Beam Global Spirits &amp; Wine, eine Tochter von Fortune Brands, der neue Eigent\u00fcmer. Ende April 2014 schloss der japanische Getr\u00e4nkekonzern Suntory die \u00dcbernahme von Beam Global ab. Seitdem z\u00e4hlt Laphroaig zum Portfolio von Suntory. J\u00e4hrliche Produktionsmenge: ca. 2,7 Millionen Liter Alkohol.<\/p>\n<p><strong>Fun Fakt 1: <\/strong>Adelig&#8230; Seit 1994 ist Laphroaig Hoflieferant des Prince of Wales f\u00fcr Single-Malt-Whisky.<br \/>\n<strong>Fun fact 2:<\/strong> Starke Frau!!! Die Brennerei blieb bis 1954 im Familienbesitz der Johnstons. Der letzte aus dem Johnston-Clan, Ian Hunter, hinterlie\u00df die Firma seiner Sekret\u00e4rin Bessie Williamson. Diese verkaufte 1967 an Long John Distillers und f\u00fchrte die Destille weiter, bis sie sich 1972 zur Ruhe setzte.<\/p>\n<p><strong>Whisky\/Whiskey: Cairdeas 15yo (2017)<br \/>\n<\/strong>Diesen Laphroaig Cairdeas hat die Brennerei im Jahr 2017 exklusiv f\u00fcr die Friends of Laphroaig abgef\u00fcllt. Die 15 Jahre lange Fassreife hat die limitierte Sonderabf\u00fcllung vollst\u00e4ndig in First Fill Ex-Bourbonf\u00e4ssern verbracht. Abgef\u00fcllt hat man den Single Malt Whisky bei 43,0 Volumenprozent. Der Nase gibt sich der Whisky mit medizinischen Noten aus Jod hin. Dahinter liegen Brat\u00e4pfel und ger\u00f6stete Ananas. Torfrauch und Asche sind pr\u00e4sent. Vanille und Honig runden das Aroma gemeinsam mit Zitrusnoten ab. Der 15 Jahre alte Laphroaig Cairdeas legt sich mit Noten aus Grillfleisch und Fr\u00fcchten auf die Zunge. Er schmeckt nach \u00fcberreifen \u00c4pfeln und nach Jod. Torf und maritime Eindr\u00fccke leiten den Abgang ein.<br \/>\nDer Abgang ist langanhaltend. Der Scotch Whisky verabschiedet sich mit Noten aus Asche und Zitronen. Ein feiner Hauch aus Karamell h\u00e4lt nach dem Trinken an. (Quelle: <a href=\"http:\/\/www.captainscotch.de\" target=\"_blank\" rel=\"noopener noreferrer\">www.captainscotch.de<\/a>)<\/p>\n<div class=\"description-long\"><strong>Info Qualit\u00e4t der Flasche:<\/strong> Exzellent &#8211; ohne Besch\u00e4digungen \/ <strong>F\u00fcllstand: <\/strong>Into neck<br \/>\n<strong>Info Qualit\u00e4t der Box: <\/strong>Exzellent &#8211; ohne Besch\u00e4digungen<\/div>\n<p><strong>Wichtiger Hinweis:<\/strong> Die Bewertung der Flaschen und Boxen erfolgt nach \u201ebesten Wissen und Gewissen\u201c. dramfolks kann keine Gew\u00e4hrleistung f\u00fcr den Inhalt der Flaschen \u00fcbernehmen. Weitere Infos &amp; Hinweise finden Sie in unseren AGBs. Wir empfehlen Ihnen, vor der Abgabe von Geboten \u00fcber die Zoomfunktion eine Besichtigung \/ genaue Pr\u00fcfung des angebotenen Whiskys vorzunehmen. Bitte kontaktieren sie uns bei Fragen direkt unter info@dramfolks.com<\/p>\n","protected":false},"excerpt":{"rendered":"<p>Destille: Laphroaig Laphroaig (sprich: la-froig) ist eine Whiskybrennerei auf der schottischen Hebriden-Insel Islay. Laphroaig liegt an einer kleinen naturbelassenen Bucht. Die Destillerie wurde offiziell 1815 von den Br\u00fcdern Donald und Alex Johnston gegr\u00fcndet. Urspr\u00fcnglich war sie eine Farm-Brennerei f\u00fcr den Eigenbedarf. Schon der Vater John der beiden Gr\u00fcnder errichtete eine der beiden illegalen Brennereien, aus[&#8230;]\n","protected":false},"featured_media":1316068,"comment_status":"closed","ping_status":"closed","template":"","meta":[],"product_brand":[],"product_cat":[1100],"product_tag":[],"class_list":{"0":"post-3177510","1":"product","2":"type-product","3":"status-publish","4":"has-post-thumbnail","6":"product_cat-no-17","8":"first","9":"instock","10":"shipping-taxable","11":"purchasable","12":"product-type-auction"},"yoast_head":"<!-- This site is optimized with the Yoast SEO plugin v27.4 - https:\/\/yoast.com\/product\/yoast-seo-wordpress\/ -->\n<title>Laphroaig - Cairdeas 15yo (2017) - Dramfolks Whisky Auction<\/title>\n<meta name=\"robots\" content=\"index, follow, max-snippet:-1, max-image-preview:large, max-video-preview:-1\" \/>\n<link rel=\"canonical\" href=\"https:\/\/www.dramfolks-whisky-auction.com\/fr\/product\/laphroaig-cairdeas-15yo-2017-3\/\" \/>\n<meta property=\"og:locale\" content=\"fr_FR\" \/>\n<meta property=\"og:type\" content=\"article\" \/>\n<meta property=\"og:title\" content=\"Laphroaig - Cairdeas 15yo (2017) - Dramfolks Whisky Auction\" \/>\n<meta property=\"og:description\" content=\"Destille: Laphroaig Laphroaig (sprich: la-froig) ist eine Whiskybrennerei auf der schottischen Hebriden-Insel Islay. Laphroaig liegt an einer kleinen naturbelassenen Bucht. Die Destillerie wurde offiziell 1815 von den Br\u00fcdern Donald und Alex Johnston gegr\u00fcndet. Urspr\u00fcnglich war sie eine Farm-Brennerei f\u00fcr den Eigenbedarf. Schon der Vater John der beiden Gr\u00fcnder errichtete eine der beiden illegalen Brennereien, aus[...]\" \/>\n<meta property=\"og:url\" content=\"https:\/\/www.dramfolks-whisky-auction.com\/fr\/product\/laphroaig-cairdeas-15yo-2017-3\/\" \/>\n<meta property=\"og:site_name\" content=\"Dramfolks Whisky Auction\" \/>\n<meta property=\"article:modified_time\" content=\"2025-04-21T17:45:50+00:00\" \/>\n<meta property=\"og:image\" content=\"https:\/\/www.dramfolks-whisky-auction.com\/wp-content\/uploads\/2024\/12\/Laphroaig-15yo-Cairdeas-vorne.jpg\" \/>\n\t<meta property=\"og:image:width\" content=\"2505\" \/>\n\t<meta property=\"og:image:height\" content=\"2505\" \/>\n\t<meta property=\"og:image:type\" content=\"image\/jpeg\" \/>\n<meta name=\"twitter:card\" content=\"summary_large_image\" \/>\n<meta name=\"twitter:label1\" content=\"Dur\u00e9e de lecture estim\u00e9e\" \/>\n\t<meta name=\"twitter:data1\" content=\"3 minutes\" \/>\n<script type=\"application\/ld+json\" class=\"yoast-schema-graph\">{\"@context\":\"https:\\\/\\\/schema.org\",\"@graph\":[{\"@type\":\"WebPage\",\"@id\":\"https:\\\/\\\/www.dramfolks-whisky-auction.com\\\/fr\\\/product\\\/laphroaig-cairdeas-15yo-2017-3\\\/\",\"url\":\"https:\\\/\\\/www.dramfolks-whisky-auction.com\\\/fr\\\/product\\\/laphroaig-cairdeas-15yo-2017-3\\\/\",\"name\":\"Laphroaig - Cairdeas 15yo (2017) - Dramfolks Whisky Auction\",\"isPartOf\":{\"@id\":\"https:\\\/\\\/www.dramfolks-whisky-auction.com\\\/fr\\\/#website\"},\"primaryImageOfPage\":{\"@id\":\"https:\\\/\\\/www.dramfolks-whisky-auction.com\\\/fr\\\/product\\\/laphroaig-cairdeas-15yo-2017-3\\\/#primaryimage\"},\"image\":{\"@id\":\"https:\\\/\\\/www.dramfolks-whisky-auction.com\\\/fr\\\/product\\\/laphroaig-cairdeas-15yo-2017-3\\\/#primaryimage\"},\"thumbnailUrl\":\"https:\\\/\\\/www.dramfolks-whisky-auction.com\\\/wp-content\\\/uploads\\\/2024\\\/12\\\/Laphroaig-15yo-Cairdeas-vorne.jpg\",\"datePublished\":\"2025-04-03T14:14:35+00:00\",\"dateModified\":\"2025-04-21T17:45:50+00:00\",\"breadcrumb\":{\"@id\":\"https:\\\/\\\/www.dramfolks-whisky-auction.com\\\/fr\\\/product\\\/laphroaig-cairdeas-15yo-2017-3\\\/#breadcrumb\"},\"inLanguage\":\"fr-FR\",\"potentialAction\":[{\"@type\":\"ReadAction\",\"target\":[\"https:\\\/\\\/www.dramfolks-whisky-auction.com\\\/fr\\\/product\\\/laphroaig-cairdeas-15yo-2017-3\\\/\"]}]},{\"@type\":\"ImageObject\",\"inLanguage\":\"fr-FR\",\"@id\":\"https:\\\/\\\/www.dramfolks-whisky-auction.com\\\/fr\\\/product\\\/laphroaig-cairdeas-15yo-2017-3\\\/#primaryimage\",\"url\":\"https:\\\/\\\/www.dramfolks-whisky-auction.com\\\/wp-content\\\/uploads\\\/2024\\\/12\\\/Laphroaig-15yo-Cairdeas-vorne.jpg\",\"contentUrl\":\"https:\\\/\\\/www.dramfolks-whisky-auction.com\\\/wp-content\\\/uploads\\\/2024\\\/12\\\/Laphroaig-15yo-Cairdeas-vorne.jpg\",\"width\":2505,\"height\":2505},{\"@type\":\"BreadcrumbList\",\"@id\":\"https:\\\/\\\/www.dramfolks-whisky-auction.com\\\/fr\\\/product\\\/laphroaig-cairdeas-15yo-2017-3\\\/#breadcrumb\",\"itemListElement\":[{\"@type\":\"ListItem\",\"position\":1,\"name\":\"Startseite\",\"item\":\"https:\\\/\\\/www.dramfolks-whisky-auction.com\\\/fr\\\/\"},{\"@type\":\"ListItem\",\"position\":2,\"name\":\"Boutique\",\"item\":\"https:\\\/\\\/www.dramfolks-whisky-auction.com\\\/fr\\\/boutique\\\/\"},{\"@type\":\"ListItem\",\"position\":3,\"name\":\"Laphroaig &#8211; Cairdeas 15yo (2017)\"}]},{\"@type\":\"WebSite\",\"@id\":\"https:\\\/\\\/www.dramfolks-whisky-auction.com\\\/fr\\\/#website\",\"url\":\"https:\\\/\\\/www.dramfolks-whisky-auction.com\\\/fr\\\/\",\"name\":\"Dramfolks Whisky Auction\",\"description\":\"\",\"potentialAction\":[{\"@type\":\"SearchAction\",\"target\":{\"@type\":\"EntryPoint\",\"urlTemplate\":\"https:\\\/\\\/www.dramfolks-whisky-auction.com\\\/fr\\\/?s={search_term_string}\"},\"query-input\":{\"@type\":\"PropertyValueSpecification\",\"valueRequired\":true,\"valueName\":\"search_term_string\"}}],\"inLanguage\":\"fr-FR\"}]}<\/script>\n<!-- \/ Yoast SEO plugin. -->","yoast_head_json":{"title":"Laphroaig - Cairdeas 15yo (2017) - Dramfolks Whisky Auction","robots":{"index":"index","follow":"follow","max-snippet":"max-snippet:-1","max-image-preview":"max-image-preview:large","max-video-preview":"max-video-preview:-1"},"canonical":"https:\/\/www.dramfolks-whisky-auction.com\/fr\/product\/laphroaig-cairdeas-15yo-2017-3\/","og_locale":"fr_FR","og_type":"article","og_title":"Laphroaig - Cairdeas 15yo (2017) - Dramfolks Whisky Auction","og_description":"Destille: Laphroaig Laphroaig (sprich: la-froig) ist eine Whiskybrennerei auf der schottischen Hebriden-Insel Islay. Laphroaig liegt an einer kleinen naturbelassenen Bucht. Die Destillerie wurde offiziell 1815 von den Br\u00fcdern Donald und Alex Johnston gegr\u00fcndet. Urspr\u00fcnglich war sie eine Farm-Brennerei f\u00fcr den Eigenbedarf. Schon der Vater John der beiden Gr\u00fcnder errichtete eine der beiden illegalen Brennereien, aus[...]","og_url":"https:\/\/www.dramfolks-whisky-auction.com\/fr\/product\/laphroaig-cairdeas-15yo-2017-3\/","og_site_name":"Dramfolks Whisky Auction","article_modified_time":"2025-04-21T17:45:50+00:00","og_image":[{"width":2505,"height":2505,"url":"https:\/\/www.dramfolks-whisky-auction.com\/wp-content\/uploads\/2024\/12\/Laphroaig-15yo-Cairdeas-vorne.jpg","type":"image\/jpeg"}],"twitter_card":"summary_large_image","twitter_misc":{"Dur\u00e9e de lecture estim\u00e9e":"3 minutes"},"schema":{"@context":"https:\/\/schema.org","@graph":[{"@type":"WebPage","@id":"https:\/\/www.dramfolks-whisky-auction.com\/fr\/product\/laphroaig-cairdeas-15yo-2017-3\/","url":"https:\/\/www.dramfolks-whisky-auction.com\/fr\/product\/laphroaig-cairdeas-15yo-2017-3\/","name":"Laphroaig - Cairdeas 15yo (2017) - Dramfolks Whisky Auction","isPartOf":{"@id":"https:\/\/www.dramfolks-whisky-auction.com\/fr\/#website"},"primaryImageOfPage":{"@id":"https:\/\/www.dramfolks-whisky-auction.com\/fr\/product\/laphroaig-cairdeas-15yo-2017-3\/#primaryimage"},"image":{"@id":"https:\/\/www.dramfolks-whisky-auction.com\/fr\/product\/laphroaig-cairdeas-15yo-2017-3\/#primaryimage"},"thumbnailUrl":"https:\/\/www.dramfolks-whisky-auction.com\/wp-content\/uploads\/2024\/12\/Laphroaig-15yo-Cairdeas-vorne.jpg","datePublished":"2025-04-03T14:14:35+00:00","dateModified":"2025-04-21T17:45:50+00:00","breadcrumb":{"@id":"https:\/\/www.dramfolks-whisky-auction.com\/fr\/product\/laphroaig-cairdeas-15yo-2017-3\/#breadcrumb"},"inLanguage":"fr-FR","potentialAction":[{"@type":"ReadAction","target":["https:\/\/www.dramfolks-whisky-auction.com\/fr\/product\/laphroaig-cairdeas-15yo-2017-3\/"]}]},{"@type":"ImageObject","inLanguage":"fr-FR","@id":"https:\/\/www.dramfolks-whisky-auction.com\/fr\/product\/laphroaig-cairdeas-15yo-2017-3\/#primaryimage","url":"https:\/\/www.dramfolks-whisky-auction.com\/wp-content\/uploads\/2024\/12\/Laphroaig-15yo-Cairdeas-vorne.jpg","contentUrl":"https:\/\/www.dramfolks-whisky-auction.com\/wp-content\/uploads\/2024\/12\/Laphroaig-15yo-Cairdeas-vorne.jpg","width":2505,"height":2505},{"@type":"BreadcrumbList","@id":"https:\/\/www.dramfolks-whisky-auction.com\/fr\/product\/laphroaig-cairdeas-15yo-2017-3\/#breadcrumb","itemListElement":[{"@type":"ListItem","position":1,"name":"Startseite","item":"https:\/\/www.dramfolks-whisky-auction.com\/fr\/"},{"@type":"ListItem","position":2,"name":"Boutique","item":"https:\/\/www.dramfolks-whisky-auction.com\/fr\/boutique\/"},{"@type":"ListItem","position":3,"name":"Laphroaig &#8211; Cairdeas 15yo (2017)"}]},{"@type":"WebSite","@id":"https:\/\/www.dramfolks-whisky-auction.com\/fr\/#website","url":"https:\/\/www.dramfolks-whisky-auction.com\/fr\/","name":"Dramfolks Whisky Auction","description":"","potentialAction":[{"@type":"SearchAction","target":{"@type":"EntryPoint","urlTemplate":"https:\/\/www.dramfolks-whisky-auction.com\/fr\/?s={search_term_string}"},"query-input":{"@type":"PropertyValueSpecification","valueRequired":true,"valueName":"search_term_string"}}],"inLanguage":"fr-FR"}]}},"_links":{"self":[{"href":"https:\/\/www.dramfolks-whisky-auction.com\/fr\/wp-json\/wp\/v2\/product\/3177510","targetHints":{"allow":["GET"]}}],"collection":[{"href":"https:\/\/www.dramfolks-whisky-auction.com\/fr\/wp-json\/wp\/v2\/product"}],"about":[{"href":"https:\/\/www.dramfolks-whisky-auction.com\/fr\/wp-json\/wp\/v2\/types\/product"}],"replies":[{"embeddable":true,"href":"https:\/\/www.dramfolks-whisky-auction.com\/fr\/wp-json\/wp\/v2\/comments?post=3177510"}],"wp:featuredmedia":[{"embeddable":true,"href":"https:\/\/www.dramfolks-whisky-auction.com\/fr\/wp-json\/wp\/v2\/media\/1316068"}],"wp:attachment":[{"href":"https:\/\/www.dramfolks-whisky-auction.com\/fr\/wp-json\/wp\/v2\/media?parent=3177510"}],"wp:term":[{"taxonomy":"product_brand","embeddable":true,"href":"https:\/\/www.dramfolks-whisky-auction.com\/fr\/wp-json\/wp\/v2\/product_brand?post=3177510"},{"taxonomy":"product_cat","embeddable":true,"href":"https:\/\/www.dramfolks-whisky-auction.com\/fr\/wp-json\/wp\/v2\/product_cat?post=3177510"},{"taxonomy":"product_tag","embeddable":true,"href":"https:\/\/www.dramfolks-whisky-auction.com\/fr\/wp-json\/wp\/v2\/product_tag?post=3177510"}],"curies":[{"name":"wp","href":"https:\/\/api.w.org\/{rel}","templated":true}]}}