{"id":3167,"date":"2023-06-24T07:35:16","date_gmt":"2023-06-24T05:35:16","guid":{"rendered":"https:\/\/www.dramfolks-whisky-auction.com\/?post_type=product&#038;p=3167"},"modified":"2023-07-04T20:36:26","modified_gmt":"2023-07-04T18:36:26","slug":"dresdner-whisky-manufaktur-hellinger-42-maennerabend","status":"publish","type":"product","link":"https:\/\/www.dramfolks-whisky-auction.com\/fr\/product\/dresdner-whisky-manufaktur-hellinger-42-maennerabend\/","title":{"rendered":"Dresdner Whisky Manufaktur &#8211; HELLINGER 42 M\u00e4nnerabend"},"content":{"rendered":"<p><strong>Destille: Dresdner Whisky Manufaktur<br \/>\n<\/strong><\/p>\n<p>Im Jahre 2019 setzen Frank Leichsenring und Thomas Michalski ihre Idee vom eigenen Whisky in die Tat um. So wurde im Jan. 2019 dann die Dresdner Whisky Manufaktur gegr\u00fcndet und etwas sp\u00e4ter die Marke HELLINGER angemeldet. Im Fr\u00fchjahr 2020 folgten dann der Werbefachmann Uwe L\u00f6scher und der Kommunikationsspezialist Rainer Kern dem Ruf der Dresdner Whisky Manufaktur und schlossen sich dieser an. Heimat ist der Dresdner Alberthafen mit tollem Besucherzentrum im Innenbereich. Zentrum des Whiskyportfolios ist der Hellinger 42. Ganz nach schottischem Vorbild wird in der Manufaktur (durch s\u00e4chsische Pr\u00e4zision) der Whisky durch das s\u00e4chsische Handwerk und die Lagerung in Dresden zu etwas ganz Besonderem. Abgerundet wird das Whiskyangebot durch Sondereditionen (u.a. Dynamo Dresden Edition oder die S\u00c4CHSISCHE WINZEREDITION) und dem rauchig, mystischen SEHDICHF\u00dcR.<\/p>\n<p><strong>Fun fact:<\/strong> Whisky f\u00fcr Tatort Fans&#8230; Der Schauspieler Martin Brambach (Tatortkommissar im Dresdner Tatort Team) \u00ab\u00a0ermittelt\u00a0\u00bb seit April 2022 regelm\u00e4\u00dfig in der Dresdner Whisky Manufaktur. Hier ermittelt er aber nicht in seiner Rolle als Kommissariatsleiter Schnabel, sondern als Genie\u00dfer Martin Brambach. Zusammengebracht hat beide die Leidenschaft f\u00fcr guten Whisky und die Liebe zur Heimat. Die Heimat der Brennerei ist auch gleichzeitig die Heimat von Martin Brambach. Der geb\u00fcrtige Dresdner verbrachte hier seine ersten Kindheitsjahre. Wer mehr zu diesen intensiven Ermittlungen erfahren will kann sich die kurzen Videos vom Besuch auf der Homepage unter <a href=\"https:\/\/www.hellinger42.de\/allgemein\/tatort-brennerei-teil-7\/\" target=\"_blank\" rel=\"noopener noreferrer\">https:\/\/www.hellinger42.de\/allgemein\/tatort-brennerei-teil-7\/<\/a> anschauen.<\/p>\n<p><strong>Whisky\/Whiskey: HELLINGER 42 M\u00e4nnerabend<br \/>\n<\/strong><\/p>\n<p>Die Dresdner Whisky Manufaktur unterst\u00fctzt das Boulevardtheater Dresden bei der Produktion dieses St\u00fcckes und zus\u00e4tzlich hat der Geschmackverantwortliche der Manufaktur, Thomas Michalski, eine Sonderedition kreiert. Die Sonderedtion <em>HELLINGER 42 M\u00e4nnerabend <\/em>ist eine Komposition von Whiskys aus verschiedenen Fasslagerungen. Zusammengesetzt wird die Sonderedition aus Whiskys, die zuerst eine Vollreifung im Ex-Bourbon-Fass erlangen und anschlie\u00dfend ein Finish in verschiedenen Sherry-F\u00e4ssern wie Pedro Xim\u00e9nez und Oloroso erhalten haben, sowie einem Whisky mit einer Vollreifung im Oloroso-Fass. Das Finish in verschiedenen Sherry-F\u00e4ssern gibt dem Whisky seine bernsteinfarbige Erscheinung und verleiht ihm eine Flut von sherrytypischen Aromen. S\u00fc\u00df und mit feinen Fruchtnoten, einem Hauch Honig, Karamell und Spuren von Vanille, eingebunden in feinen Holznoten, aber auch dunkle reife Fr\u00fcchte, N\u00fcsse, Rosinen sowie Vollmilchschokolade k\u00f6nnen in der Nase wahrgenommen werden. Am Gaumen und auf der Zunge wirkt er vollmundig, \u00f6lig und auch hier wiederholen sich die Aromen, die bereits in der Nase wahr genommen wurden wie reife Fr\u00fcchte, Vollmilchschokolade, aber auch R\u00f6staromen, Gew\u00fcrze und Toffee k\u00f6nnen erscheinen. Die Dresdner Whisky Manufaktur hat uns 2x Gutscheine f\u00fcr einen Besuch des Theaterst\u00fccks \u00ab\u00a0M\u00e4nnerabend\u00a0\u00bb im Boulevardtheater Dresden zur Auktion beigesteuert!<\/p>\n<p><strong>Info Qualit\u00e4t der Flasche:<\/strong> Exzellent ohne Besch\u00e4digungen \/ <strong>F\u00fcllstand:<\/strong> Top Shoulder<br \/>\n<strong>Info Qualit\u00e4t der Box:<\/strong> Exzellent ohne Besch\u00e4digungen<\/p>\n<p><strong>Wichtiger Hinweis: <\/strong>Die Bewertung der Flaschen und Boxen erfolgt nach \u201ebesten Wissen und Gewissen\u201c. dramfolks kann keine Gew\u00e4hrleistung f\u00fcr den Inhalt der Flaschen \u00fcbernehmen. Weitere Infos &amp; Hinweise finden Sie in unseren AGBs. Wir empfehlen Ihnen, vor der Abgabe von Geboten \u00fcber die Zoomfunktion eine Besichtigung \/ genaue Pr\u00fcfung des angebotenen Whiskys vorzunehmen. Bitte kontaktieren sie uns bei Fragen direkt unter info@dramfolks.com<\/p>\n","protected":false},"excerpt":{"rendered":"<p>Destille: Dresdner Whisky Manufaktur Im Jahre 2019 setzen Frank Leichsenring und Thomas Michalski ihre Idee vom eigenen Whisky in die Tat um. So wurde im Jan. 2019 dann die Dresdner Whisky Manufaktur gegr\u00fcndet und etwas sp\u00e4ter die Marke HELLINGER angemeldet. Im Fr\u00fchjahr 2020 folgten dann der Werbefachmann Uwe L\u00f6scher und der Kommunikationsspezialist Rainer Kern dem[&#8230;]\n","protected":false},"featured_media":3302,"comment_status":"closed","ping_status":"closed","template":"","meta":[],"product_brand":[],"product_cat":[413],"product_tag":[],"class_list":{"0":"post-3167","1":"product","2":"type-product","3":"status-publish","4":"has-post-thumbnail","6":"product_cat-no-5-special-auction","8":"first","9":"instock","10":"shipping-taxable","11":"purchasable","12":"product-type-auction"},"yoast_head":"<!-- This site is optimized with the Yoast SEO plugin v27.4 - https:\/\/yoast.com\/product\/yoast-seo-wordpress\/ -->\n<title>Dresdner Whisky Manufaktur - HELLINGER 42 M\u00e4nnerabend - Dramfolks Whisky Auction<\/title>\n<meta name=\"robots\" content=\"index, follow, max-snippet:-1, max-image-preview:large, max-video-preview:-1\" \/>\n<link rel=\"canonical\" href=\"https:\/\/www.dramfolks-whisky-auction.com\/fr\/product\/dresdner-whisky-manufaktur-hellinger-42-maennerabend\/\" \/>\n<meta property=\"og:locale\" content=\"fr_FR\" \/>\n<meta property=\"og:type\" content=\"article\" \/>\n<meta property=\"og:title\" content=\"Dresdner Whisky Manufaktur - HELLINGER 42 M\u00e4nnerabend - Dramfolks Whisky Auction\" \/>\n<meta property=\"og:description\" content=\"Destille: Dresdner Whisky Manufaktur Im Jahre 2019 setzen Frank Leichsenring und Thomas Michalski ihre Idee vom eigenen Whisky in die Tat um. So wurde im Jan. 2019 dann die Dresdner Whisky Manufaktur gegr\u00fcndet und etwas sp\u00e4ter die Marke HELLINGER angemeldet. Im Fr\u00fchjahr 2020 folgten dann der Werbefachmann Uwe L\u00f6scher und der Kommunikationsspezialist Rainer Kern dem[...]\" \/>\n<meta property=\"og:url\" content=\"https:\/\/www.dramfolks-whisky-auction.com\/fr\/product\/dresdner-whisky-manufaktur-hellinger-42-maennerabend\/\" \/>\n<meta property=\"og:site_name\" content=\"Dramfolks Whisky Auction\" \/>\n<meta property=\"article:modified_time\" content=\"2023-07-04T18:36:26+00:00\" \/>\n<meta property=\"og:image\" content=\"https:\/\/www.dramfolks-whisky-auction.com\/wp-content\/uploads\/2023\/06\/hellinger-maennerabend-vorne-neu-scaled.jpg\" \/>\n\t<meta property=\"og:image:width\" content=\"2560\" \/>\n\t<meta property=\"og:image:height\" content=\"2560\" \/>\n\t<meta property=\"og:image:type\" content=\"image\/jpeg\" \/>\n<meta name=\"twitter:card\" content=\"summary_large_image\" \/>\n<meta name=\"twitter:label1\" content=\"Dur\u00e9e de lecture estim\u00e9e\" \/>\n\t<meta name=\"twitter:data1\" content=\"3 minutes\" \/>\n<script type=\"application\/ld+json\" class=\"yoast-schema-graph\">{\"@context\":\"https:\\\/\\\/schema.org\",\"@graph\":[{\"@type\":\"WebPage\",\"@id\":\"https:\\\/\\\/www.dramfolks-whisky-auction.com\\\/fr\\\/product\\\/dresdner-whisky-manufaktur-hellinger-42-maennerabend\\\/\",\"url\":\"https:\\\/\\\/www.dramfolks-whisky-auction.com\\\/fr\\\/product\\\/dresdner-whisky-manufaktur-hellinger-42-maennerabend\\\/\",\"name\":\"Dresdner Whisky Manufaktur - HELLINGER 42 M\u00e4nnerabend - Dramfolks Whisky Auction\",\"isPartOf\":{\"@id\":\"https:\\\/\\\/www.dramfolks-whisky-auction.com\\\/fr\\\/#website\"},\"primaryImageOfPage\":{\"@id\":\"https:\\\/\\\/www.dramfolks-whisky-auction.com\\\/fr\\\/product\\\/dresdner-whisky-manufaktur-hellinger-42-maennerabend\\\/#primaryimage\"},\"image\":{\"@id\":\"https:\\\/\\\/www.dramfolks-whisky-auction.com\\\/fr\\\/product\\\/dresdner-whisky-manufaktur-hellinger-42-maennerabend\\\/#primaryimage\"},\"thumbnailUrl\":\"https:\\\/\\\/www.dramfolks-whisky-auction.com\\\/wp-content\\\/uploads\\\/2023\\\/06\\\/hellinger-maennerabend-vorne-neu-scaled.jpg\",\"datePublished\":\"2023-06-24T05:35:16+00:00\",\"dateModified\":\"2023-07-04T18:36:26+00:00\",\"breadcrumb\":{\"@id\":\"https:\\\/\\\/www.dramfolks-whisky-auction.com\\\/fr\\\/product\\\/dresdner-whisky-manufaktur-hellinger-42-maennerabend\\\/#breadcrumb\"},\"inLanguage\":\"fr-FR\",\"potentialAction\":[{\"@type\":\"ReadAction\",\"target\":[\"https:\\\/\\\/www.dramfolks-whisky-auction.com\\\/fr\\\/product\\\/dresdner-whisky-manufaktur-hellinger-42-maennerabend\\\/\"]}]},{\"@type\":\"ImageObject\",\"inLanguage\":\"fr-FR\",\"@id\":\"https:\\\/\\\/www.dramfolks-whisky-auction.com\\\/fr\\\/product\\\/dresdner-whisky-manufaktur-hellinger-42-maennerabend\\\/#primaryimage\",\"url\":\"https:\\\/\\\/www.dramfolks-whisky-auction.com\\\/wp-content\\\/uploads\\\/2023\\\/06\\\/hellinger-maennerabend-vorne-neu-scaled.jpg\",\"contentUrl\":\"https:\\\/\\\/www.dramfolks-whisky-auction.com\\\/wp-content\\\/uploads\\\/2023\\\/06\\\/hellinger-maennerabend-vorne-neu-scaled.jpg\",\"width\":2560,\"height\":2560},{\"@type\":\"BreadcrumbList\",\"@id\":\"https:\\\/\\\/www.dramfolks-whisky-auction.com\\\/fr\\\/product\\\/dresdner-whisky-manufaktur-hellinger-42-maennerabend\\\/#breadcrumb\",\"itemListElement\":[{\"@type\":\"ListItem\",\"position\":1,\"name\":\"Startseite\",\"item\":\"https:\\\/\\\/www.dramfolks-whisky-auction.com\\\/fr\\\/\"},{\"@type\":\"ListItem\",\"position\":2,\"name\":\"Boutique\",\"item\":\"https:\\\/\\\/www.dramfolks-whisky-auction.com\\\/fr\\\/boutique\\\/\"},{\"@type\":\"ListItem\",\"position\":3,\"name\":\"Dresdner Whisky Manufaktur &#8211; HELLINGER 42 M\u00e4nnerabend\"}]},{\"@type\":\"WebSite\",\"@id\":\"https:\\\/\\\/www.dramfolks-whisky-auction.com\\\/fr\\\/#website\",\"url\":\"https:\\\/\\\/www.dramfolks-whisky-auction.com\\\/fr\\\/\",\"name\":\"Dramfolks Whisky Auction\",\"description\":\"\",\"potentialAction\":[{\"@type\":\"SearchAction\",\"target\":{\"@type\":\"EntryPoint\",\"urlTemplate\":\"https:\\\/\\\/www.dramfolks-whisky-auction.com\\\/fr\\\/?s={search_term_string}\"},\"query-input\":{\"@type\":\"PropertyValueSpecification\",\"valueRequired\":true,\"valueName\":\"search_term_string\"}}],\"inLanguage\":\"fr-FR\"}]}<\/script>\n<!-- \/ Yoast SEO plugin. -->","yoast_head_json":{"title":"Dresdner Whisky Manufaktur - HELLINGER 42 M\u00e4nnerabend - Dramfolks Whisky Auction","robots":{"index":"index","follow":"follow","max-snippet":"max-snippet:-1","max-image-preview":"max-image-preview:large","max-video-preview":"max-video-preview:-1"},"canonical":"https:\/\/www.dramfolks-whisky-auction.com\/fr\/product\/dresdner-whisky-manufaktur-hellinger-42-maennerabend\/","og_locale":"fr_FR","og_type":"article","og_title":"Dresdner Whisky Manufaktur - HELLINGER 42 M\u00e4nnerabend - Dramfolks Whisky Auction","og_description":"Destille: Dresdner Whisky Manufaktur Im Jahre 2019 setzen Frank Leichsenring und Thomas Michalski ihre Idee vom eigenen Whisky in die Tat um. So wurde im Jan. 2019 dann die Dresdner Whisky Manufaktur gegr\u00fcndet und etwas sp\u00e4ter die Marke HELLINGER angemeldet. Im Fr\u00fchjahr 2020 folgten dann der Werbefachmann Uwe L\u00f6scher und der Kommunikationsspezialist Rainer Kern dem[...]","og_url":"https:\/\/www.dramfolks-whisky-auction.com\/fr\/product\/dresdner-whisky-manufaktur-hellinger-42-maennerabend\/","og_site_name":"Dramfolks Whisky Auction","article_modified_time":"2023-07-04T18:36:26+00:00","og_image":[{"width":2560,"height":2560,"url":"https:\/\/www.dramfolks-whisky-auction.com\/wp-content\/uploads\/2023\/06\/hellinger-maennerabend-vorne-neu-scaled.jpg","type":"image\/jpeg"}],"twitter_card":"summary_large_image","twitter_misc":{"Dur\u00e9e de lecture estim\u00e9e":"3 minutes"},"schema":{"@context":"https:\/\/schema.org","@graph":[{"@type":"WebPage","@id":"https:\/\/www.dramfolks-whisky-auction.com\/fr\/product\/dresdner-whisky-manufaktur-hellinger-42-maennerabend\/","url":"https:\/\/www.dramfolks-whisky-auction.com\/fr\/product\/dresdner-whisky-manufaktur-hellinger-42-maennerabend\/","name":"Dresdner Whisky Manufaktur - HELLINGER 42 M\u00e4nnerabend - Dramfolks Whisky Auction","isPartOf":{"@id":"https:\/\/www.dramfolks-whisky-auction.com\/fr\/#website"},"primaryImageOfPage":{"@id":"https:\/\/www.dramfolks-whisky-auction.com\/fr\/product\/dresdner-whisky-manufaktur-hellinger-42-maennerabend\/#primaryimage"},"image":{"@id":"https:\/\/www.dramfolks-whisky-auction.com\/fr\/product\/dresdner-whisky-manufaktur-hellinger-42-maennerabend\/#primaryimage"},"thumbnailUrl":"https:\/\/www.dramfolks-whisky-auction.com\/wp-content\/uploads\/2023\/06\/hellinger-maennerabend-vorne-neu-scaled.jpg","datePublished":"2023-06-24T05:35:16+00:00","dateModified":"2023-07-04T18:36:26+00:00","breadcrumb":{"@id":"https:\/\/www.dramfolks-whisky-auction.com\/fr\/product\/dresdner-whisky-manufaktur-hellinger-42-maennerabend\/#breadcrumb"},"inLanguage":"fr-FR","potentialAction":[{"@type":"ReadAction","target":["https:\/\/www.dramfolks-whisky-auction.com\/fr\/product\/dresdner-whisky-manufaktur-hellinger-42-maennerabend\/"]}]},{"@type":"ImageObject","inLanguage":"fr-FR","@id":"https:\/\/www.dramfolks-whisky-auction.com\/fr\/product\/dresdner-whisky-manufaktur-hellinger-42-maennerabend\/#primaryimage","url":"https:\/\/www.dramfolks-whisky-auction.com\/wp-content\/uploads\/2023\/06\/hellinger-maennerabend-vorne-neu-scaled.jpg","contentUrl":"https:\/\/www.dramfolks-whisky-auction.com\/wp-content\/uploads\/2023\/06\/hellinger-maennerabend-vorne-neu-scaled.jpg","width":2560,"height":2560},{"@type":"BreadcrumbList","@id":"https:\/\/www.dramfolks-whisky-auction.com\/fr\/product\/dresdner-whisky-manufaktur-hellinger-42-maennerabend\/#breadcrumb","itemListElement":[{"@type":"ListItem","position":1,"name":"Startseite","item":"https:\/\/www.dramfolks-whisky-auction.com\/fr\/"},{"@type":"ListItem","position":2,"name":"Boutique","item":"https:\/\/www.dramfolks-whisky-auction.com\/fr\/boutique\/"},{"@type":"ListItem","position":3,"name":"Dresdner Whisky Manufaktur &#8211; HELLINGER 42 M\u00e4nnerabend"}]},{"@type":"WebSite","@id":"https:\/\/www.dramfolks-whisky-auction.com\/fr\/#website","url":"https:\/\/www.dramfolks-whisky-auction.com\/fr\/","name":"Dramfolks Whisky Auction","description":"","potentialAction":[{"@type":"SearchAction","target":{"@type":"EntryPoint","urlTemplate":"https:\/\/www.dramfolks-whisky-auction.com\/fr\/?s={search_term_string}"},"query-input":{"@type":"PropertyValueSpecification","valueRequired":true,"valueName":"search_term_string"}}],"inLanguage":"fr-FR"}]}},"_links":{"self":[{"href":"https:\/\/www.dramfolks-whisky-auction.com\/fr\/wp-json\/wp\/v2\/product\/3167","targetHints":{"allow":["GET"]}}],"collection":[{"href":"https:\/\/www.dramfolks-whisky-auction.com\/fr\/wp-json\/wp\/v2\/product"}],"about":[{"href":"https:\/\/www.dramfolks-whisky-auction.com\/fr\/wp-json\/wp\/v2\/types\/product"}],"replies":[{"embeddable":true,"href":"https:\/\/www.dramfolks-whisky-auction.com\/fr\/wp-json\/wp\/v2\/comments?post=3167"}],"wp:featuredmedia":[{"embeddable":true,"href":"https:\/\/www.dramfolks-whisky-auction.com\/fr\/wp-json\/wp\/v2\/media\/3302"}],"wp:attachment":[{"href":"https:\/\/www.dramfolks-whisky-auction.com\/fr\/wp-json\/wp\/v2\/media?parent=3167"}],"wp:term":[{"taxonomy":"product_brand","embeddable":true,"href":"https:\/\/www.dramfolks-whisky-auction.com\/fr\/wp-json\/wp\/v2\/product_brand?post=3167"},{"taxonomy":"product_cat","embeddable":true,"href":"https:\/\/www.dramfolks-whisky-auction.com\/fr\/wp-json\/wp\/v2\/product_cat?post=3167"},{"taxonomy":"product_tag","embeddable":true,"href":"https:\/\/www.dramfolks-whisky-auction.com\/fr\/wp-json\/wp\/v2\/product_tag?post=3167"}],"curies":[{"name":"wp","href":"https:\/\/api.w.org\/{rel}","templated":true}]}}