{"id":3140878,"date":"2025-04-03T13:18:28","date_gmt":"2025-04-03T11:18:28","guid":{"rendered":"https:\/\/www.dramfolks-whisky-auction.com\/?post_type=product&#038;p=3140878"},"modified":"2025-04-21T19:30:10","modified_gmt":"2025-04-21T17:30:10","slug":"aberfeldy-12yo-limited-bottling-batch-no-2905-golden-box-edition-3","status":"publish","type":"product","link":"https:\/\/www.dramfolks-whisky-auction.com\/fr\/product\/aberfeldy-12yo-limited-bottling-batch-no-2905-golden-box-edition-3\/","title":{"rendered":"Aberfeldy &#8211; 12yo Limited Bottling Batch No. 2905 (Golden Box Edition)"},"content":{"rendered":"<p><strong>Destille: Aberfeldy<br \/>\n<\/strong>Die schottische Malt Whisky-Brennerei Aberfeldy, gegr\u00fcndet 1896 durch die Familie Dewar, liegt im gleichnamigen Ort am River Tay in der Whisky Region Highlands. Die Geb\u00e4ude der Brennerei Aberfeldy liegen nahe dem gleichnamigen Ort und dem Fluss Tay sowie dem See Loch Tay. Das Wasser f\u00fcr die Produktion stammt aber aus dem Pitilli Burn, einem kleinen Fluss, der direkt an der Brennerei vorbei flie\u00dft. Heute geh\u00f6rt die Brennerei dem global agierenden Spirituosenkonzern Bacardi. J\u00e4hrliche Produktionsmenge ca. 3,4 Millionen Liter Alkohol.<\/p>\n<p><strong>Fun Fakt:\u00a0 <\/strong>Aberfeldy ist ein wichtiger Bestandteil des Blended Whiskys Dewar&rsquo;s, einer der meistverkauften Blended Scotch Whiskys in den Vereinigten Staaten.<\/p>\n<p><strong>Whisky\/Whiskey: 12yo Limited Bottling Batch No. 2905 (Golden Box Edition)<br \/>\n<\/strong>Schmeckt nach&#8230; \u00ab\u00a0Heidekraut, Honig, Noten von s\u00fc\u00dfer Ananas, Buttertoffee, Toast, M\u00fcsli und Vanille. Gro\u00dfe Tiefe, s\u00fc\u00dfer goldener Sirup und Honig, gefolgt von Gew\u00fcrzen und Orange\u00a0\u00bb&#8230; So kann man diesen tollen 12-J\u00e4hrigen \u00ab\u00a0goldenen Whisky\u00a0\u00bb von Aberfeldy am besten beschreiben. Man nennt ihn auch \u00ab\u00a0The Golden Dram\u00a0\u00bb.<br \/>\nNur ein kleiner Prozentsatz des hergestellten Whiskys, der jedes Jahr in der Aberfeldy Distillery produziert wird, kommt als Single Malt unter dem Namen Aberfeldy auf den Markt. Der Gro\u00dfteil flie\u00dft in das Blending von Dewar&rsquo;s White Label, einem der meistverkauften Blended Whiskys der Welt.<br \/>\nDieser hier angebotene 12-J\u00e4hrige Single Malt ist mit einer limitierten \u00ab\u00a0Goldbarren-Verpackung\u00a0\u00bb ausgestattet. F\u00fcr alle Whiskyliebhaber, die genauestens wissen wollen, wie er denn nun riecht und schmeckt&#8230;<br \/>\nIn der Nase \u00f6ffnen sich&#8230; \u00ab\u00a0Toffee, Waben, Lebkuchen, buttrige Eiche, wachsartige Orange, fl\u00fcssiger Honig auf Toast\u00a0\u00bb. Das Ganze wird gefolgt im Geschmack mit \u00ab\u00a0Aprikosenmarmelade auf buttrig-braunem Toast, Gew\u00fcrze, Honig-Bratapfel, Orange, Ingwer und dezente pfeffrige Eiche\u00a0\u00bb und schlie\u00dft dann im Abgang mit \u00ab\u00a0Brotpudding, Trockenfr\u00fcchte, Datteln und Toffee, dunkler Honig und weiche Eiche\u00a0\u00bb ab. (Quelle: <a href=\"http:\/\/www.htfw.com\" target=\"_blank\" rel=\"noopener noreferrer\">www.htfw.com<\/a>)<\/p>\n<p><strong>Info Qualit\u00e4t der Flasche:<\/strong> Exzellent &#8211; ohne Besch\u00e4digungen \/ <strong>F\u00fcllstand: <\/strong>Top shoulder<br \/>\n<strong>Info Qualit\u00e4t der Box: <\/strong>Exzellent &#8211; ohne Besch\u00e4digungen<\/p>\n<p><strong>Wichtiger Hinweis:<\/strong> Die Bewertung der Flaschen und Boxen erfolgt nach \u201ebesten Wissen und Gewissen\u201c. dramfolks kann keine Gew\u00e4hrleistung f\u00fcr den Inhalt der Flaschen \u00fcbernehmen. Weitere Infos &amp; Hinweise finden Sie in unseren AGBs. Wir empfehlen Ihnen, vor der Abgabe von Geboten \u00fcber die Zoomfunktion eine Besichtigung \/ genaue Pr\u00fcfung des angebotenen Whiskys vorzunehmen. Bitte kontaktieren sie uns bei Fragen direkt unter info@dramfolks.com<\/p>\n","protected":false},"excerpt":{"rendered":"<p>Destille: Aberfeldy Die schottische Malt Whisky-Brennerei Aberfeldy, gegr\u00fcndet 1896 durch die Familie Dewar, liegt im gleichnamigen Ort am River Tay in der Whisky Region Highlands. Die Geb\u00e4ude der Brennerei Aberfeldy liegen nahe dem gleichnamigen Ort und dem Fluss Tay sowie dem See Loch Tay. Das Wasser f\u00fcr die Produktion stammt aber aus dem Pitilli Burn,[&#8230;]\n","protected":false},"featured_media":1311503,"comment_status":"closed","ping_status":"closed","template":"","meta":[],"product_brand":[],"product_cat":[1100],"product_tag":[],"class_list":{"0":"post-3140878","1":"product","2":"type-product","3":"status-publish","4":"has-post-thumbnail","6":"product_cat-no-17","8":"first","9":"instock","10":"shipping-taxable","11":"purchasable","12":"product-type-auction"},"yoast_head":"<!-- This site is optimized with the Yoast SEO plugin v27.4 - https:\/\/yoast.com\/product\/yoast-seo-wordpress\/ -->\n<title>Aberfeldy - 12yo Limited Bottling Batch No. 2905 (Golden Box Edition) - Dramfolks Whisky Auction<\/title>\n<meta name=\"robots\" content=\"index, follow, max-snippet:-1, max-image-preview:large, max-video-preview:-1\" \/>\n<link rel=\"canonical\" href=\"https:\/\/www.dramfolks-whisky-auction.com\/fr\/product\/aberfeldy-12yo-limited-bottling-batch-no-2905-golden-box-edition-3\/\" \/>\n<meta property=\"og:locale\" content=\"fr_FR\" \/>\n<meta property=\"og:type\" content=\"article\" \/>\n<meta property=\"og:title\" content=\"Aberfeldy - 12yo Limited Bottling Batch No. 2905 (Golden Box Edition) - Dramfolks Whisky Auction\" \/>\n<meta property=\"og:description\" content=\"Destille: Aberfeldy Die schottische Malt Whisky-Brennerei Aberfeldy, gegr\u00fcndet 1896 durch die Familie Dewar, liegt im gleichnamigen Ort am River Tay in der Whisky Region Highlands. Die Geb\u00e4ude der Brennerei Aberfeldy liegen nahe dem gleichnamigen Ort und dem Fluss Tay sowie dem See Loch Tay. Das Wasser f\u00fcr die Produktion stammt aber aus dem Pitilli Burn,[...]\" \/>\n<meta property=\"og:url\" content=\"https:\/\/www.dramfolks-whisky-auction.com\/fr\/product\/aberfeldy-12yo-limited-bottling-batch-no-2905-golden-box-edition-3\/\" \/>\n<meta property=\"og:site_name\" content=\"Dramfolks Whisky Auction\" \/>\n<meta property=\"article:modified_time\" content=\"2025-04-21T17:30:10+00:00\" \/>\n<meta property=\"og:image\" content=\"https:\/\/www.dramfolks-whisky-auction.com\/wp-content\/uploads\/2024\/12\/Aberfeldy-12yo-vorne-scaled.jpg\" \/>\n\t<meta property=\"og:image:width\" content=\"2560\" \/>\n\t<meta property=\"og:image:height\" content=\"2560\" \/>\n\t<meta property=\"og:image:type\" content=\"image\/jpeg\" \/>\n<meta name=\"twitter:card\" content=\"summary_large_image\" \/>\n<meta name=\"twitter:label1\" content=\"Dur\u00e9e de lecture estim\u00e9e\" \/>\n\t<meta name=\"twitter:data1\" content=\"3 minutes\" \/>\n<script type=\"application\/ld+json\" class=\"yoast-schema-graph\">{\"@context\":\"https:\\\/\\\/schema.org\",\"@graph\":[{\"@type\":\"WebPage\",\"@id\":\"https:\\\/\\\/www.dramfolks-whisky-auction.com\\\/fr\\\/product\\\/aberfeldy-12yo-limited-bottling-batch-no-2905-golden-box-edition-3\\\/\",\"url\":\"https:\\\/\\\/www.dramfolks-whisky-auction.com\\\/fr\\\/product\\\/aberfeldy-12yo-limited-bottling-batch-no-2905-golden-box-edition-3\\\/\",\"name\":\"Aberfeldy - 12yo Limited Bottling Batch No. 2905 (Golden Box Edition) - Dramfolks Whisky Auction\",\"isPartOf\":{\"@id\":\"https:\\\/\\\/www.dramfolks-whisky-auction.com\\\/fr\\\/#website\"},\"primaryImageOfPage\":{\"@id\":\"https:\\\/\\\/www.dramfolks-whisky-auction.com\\\/fr\\\/product\\\/aberfeldy-12yo-limited-bottling-batch-no-2905-golden-box-edition-3\\\/#primaryimage\"},\"image\":{\"@id\":\"https:\\\/\\\/www.dramfolks-whisky-auction.com\\\/fr\\\/product\\\/aberfeldy-12yo-limited-bottling-batch-no-2905-golden-box-edition-3\\\/#primaryimage\"},\"thumbnailUrl\":\"https:\\\/\\\/www.dramfolks-whisky-auction.com\\\/wp-content\\\/uploads\\\/2024\\\/12\\\/Aberfeldy-12yo-vorne-scaled.jpg\",\"datePublished\":\"2025-04-03T11:18:28+00:00\",\"dateModified\":\"2025-04-21T17:30:10+00:00\",\"breadcrumb\":{\"@id\":\"https:\\\/\\\/www.dramfolks-whisky-auction.com\\\/fr\\\/product\\\/aberfeldy-12yo-limited-bottling-batch-no-2905-golden-box-edition-3\\\/#breadcrumb\"},\"inLanguage\":\"fr-FR\",\"potentialAction\":[{\"@type\":\"ReadAction\",\"target\":[\"https:\\\/\\\/www.dramfolks-whisky-auction.com\\\/fr\\\/product\\\/aberfeldy-12yo-limited-bottling-batch-no-2905-golden-box-edition-3\\\/\"]}]},{\"@type\":\"ImageObject\",\"inLanguage\":\"fr-FR\",\"@id\":\"https:\\\/\\\/www.dramfolks-whisky-auction.com\\\/fr\\\/product\\\/aberfeldy-12yo-limited-bottling-batch-no-2905-golden-box-edition-3\\\/#primaryimage\",\"url\":\"https:\\\/\\\/www.dramfolks-whisky-auction.com\\\/wp-content\\\/uploads\\\/2024\\\/12\\\/Aberfeldy-12yo-vorne-scaled.jpg\",\"contentUrl\":\"https:\\\/\\\/www.dramfolks-whisky-auction.com\\\/wp-content\\\/uploads\\\/2024\\\/12\\\/Aberfeldy-12yo-vorne-scaled.jpg\",\"width\":2560,\"height\":2560},{\"@type\":\"BreadcrumbList\",\"@id\":\"https:\\\/\\\/www.dramfolks-whisky-auction.com\\\/fr\\\/product\\\/aberfeldy-12yo-limited-bottling-batch-no-2905-golden-box-edition-3\\\/#breadcrumb\",\"itemListElement\":[{\"@type\":\"ListItem\",\"position\":1,\"name\":\"Startseite\",\"item\":\"https:\\\/\\\/www.dramfolks-whisky-auction.com\\\/fr\\\/\"},{\"@type\":\"ListItem\",\"position\":2,\"name\":\"Boutique\",\"item\":\"https:\\\/\\\/www.dramfolks-whisky-auction.com\\\/fr\\\/boutique\\\/\"},{\"@type\":\"ListItem\",\"position\":3,\"name\":\"Aberfeldy &#8211; 12yo Limited Bottling Batch No. 2905 (Golden Box Edition)\"}]},{\"@type\":\"WebSite\",\"@id\":\"https:\\\/\\\/www.dramfolks-whisky-auction.com\\\/fr\\\/#website\",\"url\":\"https:\\\/\\\/www.dramfolks-whisky-auction.com\\\/fr\\\/\",\"name\":\"Dramfolks Whisky Auction\",\"description\":\"\",\"potentialAction\":[{\"@type\":\"SearchAction\",\"target\":{\"@type\":\"EntryPoint\",\"urlTemplate\":\"https:\\\/\\\/www.dramfolks-whisky-auction.com\\\/fr\\\/?s={search_term_string}\"},\"query-input\":{\"@type\":\"PropertyValueSpecification\",\"valueRequired\":true,\"valueName\":\"search_term_string\"}}],\"inLanguage\":\"fr-FR\"}]}<\/script>\n<!-- \/ Yoast SEO plugin. -->","yoast_head_json":{"title":"Aberfeldy - 12yo Limited Bottling Batch No. 2905 (Golden Box Edition) - Dramfolks Whisky Auction","robots":{"index":"index","follow":"follow","max-snippet":"max-snippet:-1","max-image-preview":"max-image-preview:large","max-video-preview":"max-video-preview:-1"},"canonical":"https:\/\/www.dramfolks-whisky-auction.com\/fr\/product\/aberfeldy-12yo-limited-bottling-batch-no-2905-golden-box-edition-3\/","og_locale":"fr_FR","og_type":"article","og_title":"Aberfeldy - 12yo Limited Bottling Batch No. 2905 (Golden Box Edition) - Dramfolks Whisky Auction","og_description":"Destille: Aberfeldy Die schottische Malt Whisky-Brennerei Aberfeldy, gegr\u00fcndet 1896 durch die Familie Dewar, liegt im gleichnamigen Ort am River Tay in der Whisky Region Highlands. Die Geb\u00e4ude der Brennerei Aberfeldy liegen nahe dem gleichnamigen Ort und dem Fluss Tay sowie dem See Loch Tay. Das Wasser f\u00fcr die Produktion stammt aber aus dem Pitilli Burn,[...]","og_url":"https:\/\/www.dramfolks-whisky-auction.com\/fr\/product\/aberfeldy-12yo-limited-bottling-batch-no-2905-golden-box-edition-3\/","og_site_name":"Dramfolks Whisky Auction","article_modified_time":"2025-04-21T17:30:10+00:00","og_image":[{"width":2560,"height":2560,"url":"https:\/\/www.dramfolks-whisky-auction.com\/wp-content\/uploads\/2024\/12\/Aberfeldy-12yo-vorne-scaled.jpg","type":"image\/jpeg"}],"twitter_card":"summary_large_image","twitter_misc":{"Dur\u00e9e de lecture estim\u00e9e":"3 minutes"},"schema":{"@context":"https:\/\/schema.org","@graph":[{"@type":"WebPage","@id":"https:\/\/www.dramfolks-whisky-auction.com\/fr\/product\/aberfeldy-12yo-limited-bottling-batch-no-2905-golden-box-edition-3\/","url":"https:\/\/www.dramfolks-whisky-auction.com\/fr\/product\/aberfeldy-12yo-limited-bottling-batch-no-2905-golden-box-edition-3\/","name":"Aberfeldy - 12yo Limited Bottling Batch No. 2905 (Golden Box Edition) - Dramfolks Whisky Auction","isPartOf":{"@id":"https:\/\/www.dramfolks-whisky-auction.com\/fr\/#website"},"primaryImageOfPage":{"@id":"https:\/\/www.dramfolks-whisky-auction.com\/fr\/product\/aberfeldy-12yo-limited-bottling-batch-no-2905-golden-box-edition-3\/#primaryimage"},"image":{"@id":"https:\/\/www.dramfolks-whisky-auction.com\/fr\/product\/aberfeldy-12yo-limited-bottling-batch-no-2905-golden-box-edition-3\/#primaryimage"},"thumbnailUrl":"https:\/\/www.dramfolks-whisky-auction.com\/wp-content\/uploads\/2024\/12\/Aberfeldy-12yo-vorne-scaled.jpg","datePublished":"2025-04-03T11:18:28+00:00","dateModified":"2025-04-21T17:30:10+00:00","breadcrumb":{"@id":"https:\/\/www.dramfolks-whisky-auction.com\/fr\/product\/aberfeldy-12yo-limited-bottling-batch-no-2905-golden-box-edition-3\/#breadcrumb"},"inLanguage":"fr-FR","potentialAction":[{"@type":"ReadAction","target":["https:\/\/www.dramfolks-whisky-auction.com\/fr\/product\/aberfeldy-12yo-limited-bottling-batch-no-2905-golden-box-edition-3\/"]}]},{"@type":"ImageObject","inLanguage":"fr-FR","@id":"https:\/\/www.dramfolks-whisky-auction.com\/fr\/product\/aberfeldy-12yo-limited-bottling-batch-no-2905-golden-box-edition-3\/#primaryimage","url":"https:\/\/www.dramfolks-whisky-auction.com\/wp-content\/uploads\/2024\/12\/Aberfeldy-12yo-vorne-scaled.jpg","contentUrl":"https:\/\/www.dramfolks-whisky-auction.com\/wp-content\/uploads\/2024\/12\/Aberfeldy-12yo-vorne-scaled.jpg","width":2560,"height":2560},{"@type":"BreadcrumbList","@id":"https:\/\/www.dramfolks-whisky-auction.com\/fr\/product\/aberfeldy-12yo-limited-bottling-batch-no-2905-golden-box-edition-3\/#breadcrumb","itemListElement":[{"@type":"ListItem","position":1,"name":"Startseite","item":"https:\/\/www.dramfolks-whisky-auction.com\/fr\/"},{"@type":"ListItem","position":2,"name":"Boutique","item":"https:\/\/www.dramfolks-whisky-auction.com\/fr\/boutique\/"},{"@type":"ListItem","position":3,"name":"Aberfeldy &#8211; 12yo Limited Bottling Batch No. 2905 (Golden Box Edition)"}]},{"@type":"WebSite","@id":"https:\/\/www.dramfolks-whisky-auction.com\/fr\/#website","url":"https:\/\/www.dramfolks-whisky-auction.com\/fr\/","name":"Dramfolks Whisky Auction","description":"","potentialAction":[{"@type":"SearchAction","target":{"@type":"EntryPoint","urlTemplate":"https:\/\/www.dramfolks-whisky-auction.com\/fr\/?s={search_term_string}"},"query-input":{"@type":"PropertyValueSpecification","valueRequired":true,"valueName":"search_term_string"}}],"inLanguage":"fr-FR"}]}},"_links":{"self":[{"href":"https:\/\/www.dramfolks-whisky-auction.com\/fr\/wp-json\/wp\/v2\/product\/3140878","targetHints":{"allow":["GET"]}}],"collection":[{"href":"https:\/\/www.dramfolks-whisky-auction.com\/fr\/wp-json\/wp\/v2\/product"}],"about":[{"href":"https:\/\/www.dramfolks-whisky-auction.com\/fr\/wp-json\/wp\/v2\/types\/product"}],"replies":[{"embeddable":true,"href":"https:\/\/www.dramfolks-whisky-auction.com\/fr\/wp-json\/wp\/v2\/comments?post=3140878"}],"wp:featuredmedia":[{"embeddable":true,"href":"https:\/\/www.dramfolks-whisky-auction.com\/fr\/wp-json\/wp\/v2\/media\/1311503"}],"wp:attachment":[{"href":"https:\/\/www.dramfolks-whisky-auction.com\/fr\/wp-json\/wp\/v2\/media?parent=3140878"}],"wp:term":[{"taxonomy":"product_brand","embeddable":true,"href":"https:\/\/www.dramfolks-whisky-auction.com\/fr\/wp-json\/wp\/v2\/product_brand?post=3140878"},{"taxonomy":"product_cat","embeddable":true,"href":"https:\/\/www.dramfolks-whisky-auction.com\/fr\/wp-json\/wp\/v2\/product_cat?post=3140878"},{"taxonomy":"product_tag","embeddable":true,"href":"https:\/\/www.dramfolks-whisky-auction.com\/fr\/wp-json\/wp\/v2\/product_tag?post=3140878"}],"curies":[{"name":"wp","href":"https:\/\/api.w.org\/{rel}","templated":true}]}}