{"id":3124,"date":"2023-06-22T21:52:15","date_gmt":"2023-06-22T19:52:15","guid":{"rendered":"https:\/\/www.dramfolks-whisky-auction.com\/?post_type=product&#038;p=3124"},"modified":"2023-07-03T21:16:10","modified_gmt":"2023-07-03T19:16:10","slug":"sauerlaender-edelbrennerei-mc-raven-single-cask-whisky-community-fass-539","status":"publish","type":"product","link":"https:\/\/www.dramfolks-whisky-auction.com\/fr\/product\/sauerlaender-edelbrennerei-mc-raven-single-cask-whisky-community-fass-539\/","title":{"rendered":"Sauerl\u00e4nder Edelbrennerei\/Thousand Mountains &#8211; Mc Raven Single Cask Whisky Community Fass 539"},"content":{"rendered":"<p><strong>Destille: Sauerl\u00e4nder Edelbrennerei\/Thousand Mountains<br \/>\n<\/strong><\/p>\n<p>Leidenschaft im Freundeskreis f\u00fcr hochwertigen Whisky&#8230; Zu einer Zeit als die Nachfrage nach den naturreinen Destillaten der Sauerl\u00e4nder Edelbrennerei immens stieg, wurde die Idee nach einem eigenen Whisky geboren. Seit der Gr\u00fcndung im Jahr 2000 hat sich die Thousand Mountains \u2013 German Whisky Distillery zu einer erfolgreichen Whiskybrennerei entwickelt. Heimisch im l\u00e4ndlichen Sauerland, genauer gesagt in Kallenhardt, treffen Tradition und Innovation aufeinander und vereinen sich in au\u00dfergew\u00f6hnlichen Destillaten. Ein entscheidender Faktor ist die Kombination v\u00f6llig unterschiedlicher Ausbildungsbereiche der Gr\u00fcnder &amp; Macher, sodass hierdurch eine einzigartige \u00ab\u00a0Symbiose\u00a0\u00bb f\u00fcr diesen tollen Whisky entstehen kann.<\/p>\n<p><strong>Fun Fact: <\/strong>Microsoft des deutschen Whiskys. Nicht, weil die Gr\u00fcnder &amp; Macher alles IT Nerds sind (ist uns jedenfalls nicht bekannt), sondern vielmehr weil alles in einer Garage begann &#8211; genau wie bei Bill Gates damals. Mit dem Umzug in die neue Produktionsst\u00e4tte im April 2016 konnte ein entscheidender Meilenstein f\u00fcr das Projekt \u201eSauerl\u00e4nder Edelbrennerei\u201c erreicht werden. Denn f\u00fcr die \u00ab\u00a0Jungs\u00a0\u00bb, sowie ihrer Vision der Brennerei war in der Garage schlichtweg kein Platz. Mit einem Tastingraum, Theke im Produktionsbereich, drei Brennblasen u.v.m. haben sie sich ein Arbeitsumfeld geschaffen, in dem Tradition und Innovation auf beeindruckende Weise vereint werden kann.<\/p>\n<p><strong>Whisky\/Whiskey: Mc Raven &#8211; Single Cask Whisky Community Fass 539<br \/>\n<\/strong><\/p>\n<p>Dieser Single Cask Mc Raven Whisky ist ein ganz Besonderer!!! Warum? Nicht weil er 5 Jahre alt ist, nicht weil er in ex Bourbon &amp; Rotwein F\u00e4ssern gelagert wurde, nicht weil er stolze 57,9 alc.vol. mitbringt&#8230; sondern weil es eine der wenigen Flaschen aus einem privaten Besitz einer der Jungs von Thousand Mountains ist. Quasi direkt von der Quelle&#8230; UND, es handelt sich hier um eine Fassteilung &#8211; die Erste und Einzige, die die Sauerl\u00e4nder Edelbrennerei bis dato gemacht hat. Also ein absolutes Unikat! Das Besondere an diesem Whisky ist auch damalige Vorgehensweise. Die \u00ab\u00a0Community\u00a0\u00bb konnte Fassanteile kaufen und nach 3 Jahren wurde entschieden, was anschlie\u00dfend mit dem Whisky bzw. dem Fass gemacht werden soll. Es wurde sich f\u00fcrs Weiterlagern entschieden, sodass es zu einer wirklich tollen Abf\u00fcllung gekommen ist, die es so nicht mehr zu kaufen gibt.<\/p>\n<p><strong>Info Qualit\u00e4t der Flasche:<\/strong> Exzellent ohne Besch\u00e4digungen \/ <strong>F\u00fcllstand:<\/strong> Top Shoulder<br \/>\n<strong>Info Qualit\u00e4t der Box:<\/strong> keine Box vorhanden<\/p>\n<p><strong>Wichtiger Hinweis: <\/strong>Die Bewertung der Flaschen und Boxen erfolgt nach \u201ebesten Wissen und Gewissen\u201c. dramfolks kann keine Gew\u00e4hrleistung f\u00fcr den Inhalt der Flaschen \u00fcbernehmen. Weitere Infos &amp; Hinweise finden Sie in unseren AGBs. Wir empfehlen Ihnen, vor der Abgabe von Geboten \u00fcber die Zoomfunktion eine Besichtigung \/ genaue Pr\u00fcfung des angebotenen Whiskys vorzunehmen. Bitte kontaktieren sie uns bei Fragen direkt unter info@dramfolks.com<\/p>\n","protected":false},"excerpt":{"rendered":"<p>Destille: Sauerl\u00e4nder Edelbrennerei\/Thousand Mountains Leidenschaft im Freundeskreis f\u00fcr hochwertigen Whisky&#8230; Zu einer Zeit als die Nachfrage nach den naturreinen Destillaten der Sauerl\u00e4nder Edelbrennerei immens stieg, wurde die Idee nach einem eigenen Whisky geboren. Seit der Gr\u00fcndung im Jahr 2000 hat sich die Thousand Mountains \u2013 German Whisky Distillery zu einer erfolgreichen Whiskybrennerei entwickelt. Heimisch im[&#8230;]\n","protected":false},"featured_media":3125,"comment_status":"closed","ping_status":"closed","template":"","meta":[],"product_brand":[],"product_cat":[413],"product_tag":[],"class_list":{"0":"post-3124","1":"product","2":"type-product","3":"status-publish","4":"has-post-thumbnail","6":"product_cat-no-5-special-auction","8":"first","9":"instock","10":"shipping-taxable","11":"purchasable","12":"product-type-auction"},"yoast_head":"<!-- This site is optimized with the Yoast SEO plugin v27.4 - https:\/\/yoast.com\/product\/yoast-seo-wordpress\/ -->\n<title>Sauerl\u00e4nder Edelbrennerei\/Thousand Mountains - Mc Raven Single Cask Whisky Community Fass 539 - Dramfolks Whisky Auction<\/title>\n<meta name=\"robots\" content=\"index, follow, max-snippet:-1, max-image-preview:large, max-video-preview:-1\" \/>\n<link rel=\"canonical\" href=\"https:\/\/www.dramfolks-whisky-auction.com\/fr\/product\/sauerlaender-edelbrennerei-mc-raven-single-cask-whisky-community-fass-539\/\" \/>\n<meta property=\"og:locale\" content=\"fr_FR\" \/>\n<meta property=\"og:type\" content=\"article\" \/>\n<meta property=\"og:title\" content=\"Sauerl\u00e4nder Edelbrennerei\/Thousand Mountains - Mc Raven Single Cask Whisky Community Fass 539 - Dramfolks Whisky Auction\" \/>\n<meta property=\"og:description\" content=\"Destille: Sauerl\u00e4nder Edelbrennerei\/Thousand Mountains Leidenschaft im Freundeskreis f\u00fcr hochwertigen Whisky&#8230; Zu einer Zeit als die Nachfrage nach den naturreinen Destillaten der Sauerl\u00e4nder Edelbrennerei immens stieg, wurde die Idee nach einem eigenen Whisky geboren. Seit der Gr\u00fcndung im Jahr 2000 hat sich die Thousand Mountains \u2013 German Whisky Distillery zu einer erfolgreichen Whiskybrennerei entwickelt. Heimisch im[...]\" \/>\n<meta property=\"og:url\" content=\"https:\/\/www.dramfolks-whisky-auction.com\/fr\/product\/sauerlaender-edelbrennerei-mc-raven-single-cask-whisky-community-fass-539\/\" \/>\n<meta property=\"og:site_name\" content=\"Dramfolks Whisky Auction\" \/>\n<meta property=\"article:modified_time\" content=\"2023-07-03T19:16:10+00:00\" \/>\n<meta property=\"og:image\" content=\"https:\/\/www.dramfolks-whisky-auction.com\/wp-content\/uploads\/2023\/06\/thousand-mountains-vorne-scaled.jpg\" \/>\n\t<meta property=\"og:image:width\" content=\"2560\" \/>\n\t<meta property=\"og:image:height\" content=\"2560\" \/>\n\t<meta property=\"og:image:type\" content=\"image\/jpeg\" \/>\n<meta name=\"twitter:card\" content=\"summary_large_image\" \/>\n<meta name=\"twitter:label1\" content=\"Dur\u00e9e de lecture estim\u00e9e\" \/>\n\t<meta name=\"twitter:data1\" content=\"3 minutes\" \/>\n<script type=\"application\/ld+json\" class=\"yoast-schema-graph\">{\"@context\":\"https:\\\/\\\/schema.org\",\"@graph\":[{\"@type\":\"WebPage\",\"@id\":\"https:\\\/\\\/www.dramfolks-whisky-auction.com\\\/fr\\\/product\\\/sauerlaender-edelbrennerei-mc-raven-single-cask-whisky-community-fass-539\\\/\",\"url\":\"https:\\\/\\\/www.dramfolks-whisky-auction.com\\\/fr\\\/product\\\/sauerlaender-edelbrennerei-mc-raven-single-cask-whisky-community-fass-539\\\/\",\"name\":\"Sauerl\u00e4nder Edelbrennerei\\\/Thousand Mountains - Mc Raven Single Cask Whisky Community Fass 539 - Dramfolks Whisky Auction\",\"isPartOf\":{\"@id\":\"https:\\\/\\\/www.dramfolks-whisky-auction.com\\\/fr\\\/#website\"},\"primaryImageOfPage\":{\"@id\":\"https:\\\/\\\/www.dramfolks-whisky-auction.com\\\/fr\\\/product\\\/sauerlaender-edelbrennerei-mc-raven-single-cask-whisky-community-fass-539\\\/#primaryimage\"},\"image\":{\"@id\":\"https:\\\/\\\/www.dramfolks-whisky-auction.com\\\/fr\\\/product\\\/sauerlaender-edelbrennerei-mc-raven-single-cask-whisky-community-fass-539\\\/#primaryimage\"},\"thumbnailUrl\":\"https:\\\/\\\/www.dramfolks-whisky-auction.com\\\/wp-content\\\/uploads\\\/2023\\\/06\\\/thousand-mountains-vorne-scaled.jpg\",\"datePublished\":\"2023-06-22T19:52:15+00:00\",\"dateModified\":\"2023-07-03T19:16:10+00:00\",\"breadcrumb\":{\"@id\":\"https:\\\/\\\/www.dramfolks-whisky-auction.com\\\/fr\\\/product\\\/sauerlaender-edelbrennerei-mc-raven-single-cask-whisky-community-fass-539\\\/#breadcrumb\"},\"inLanguage\":\"fr-FR\",\"potentialAction\":[{\"@type\":\"ReadAction\",\"target\":[\"https:\\\/\\\/www.dramfolks-whisky-auction.com\\\/fr\\\/product\\\/sauerlaender-edelbrennerei-mc-raven-single-cask-whisky-community-fass-539\\\/\"]}]},{\"@type\":\"ImageObject\",\"inLanguage\":\"fr-FR\",\"@id\":\"https:\\\/\\\/www.dramfolks-whisky-auction.com\\\/fr\\\/product\\\/sauerlaender-edelbrennerei-mc-raven-single-cask-whisky-community-fass-539\\\/#primaryimage\",\"url\":\"https:\\\/\\\/www.dramfolks-whisky-auction.com\\\/wp-content\\\/uploads\\\/2023\\\/06\\\/thousand-mountains-vorne-scaled.jpg\",\"contentUrl\":\"https:\\\/\\\/www.dramfolks-whisky-auction.com\\\/wp-content\\\/uploads\\\/2023\\\/06\\\/thousand-mountains-vorne-scaled.jpg\",\"width\":2560,\"height\":2560},{\"@type\":\"BreadcrumbList\",\"@id\":\"https:\\\/\\\/www.dramfolks-whisky-auction.com\\\/fr\\\/product\\\/sauerlaender-edelbrennerei-mc-raven-single-cask-whisky-community-fass-539\\\/#breadcrumb\",\"itemListElement\":[{\"@type\":\"ListItem\",\"position\":1,\"name\":\"Startseite\",\"item\":\"https:\\\/\\\/www.dramfolks-whisky-auction.com\\\/fr\\\/\"},{\"@type\":\"ListItem\",\"position\":2,\"name\":\"Boutique\",\"item\":\"https:\\\/\\\/www.dramfolks-whisky-auction.com\\\/fr\\\/boutique\\\/\"},{\"@type\":\"ListItem\",\"position\":3,\"name\":\"Sauerl\u00e4nder Edelbrennerei\\\/Thousand Mountains &#8211; Mc Raven Single Cask Whisky Community Fass 539\"}]},{\"@type\":\"WebSite\",\"@id\":\"https:\\\/\\\/www.dramfolks-whisky-auction.com\\\/fr\\\/#website\",\"url\":\"https:\\\/\\\/www.dramfolks-whisky-auction.com\\\/fr\\\/\",\"name\":\"Dramfolks Whisky Auction\",\"description\":\"\",\"potentialAction\":[{\"@type\":\"SearchAction\",\"target\":{\"@type\":\"EntryPoint\",\"urlTemplate\":\"https:\\\/\\\/www.dramfolks-whisky-auction.com\\\/fr\\\/?s={search_term_string}\"},\"query-input\":{\"@type\":\"PropertyValueSpecification\",\"valueRequired\":true,\"valueName\":\"search_term_string\"}}],\"inLanguage\":\"fr-FR\"}]}<\/script>\n<!-- \/ Yoast SEO plugin. -->","yoast_head_json":{"title":"Sauerl\u00e4nder Edelbrennerei\/Thousand Mountains - Mc Raven Single Cask Whisky Community Fass 539 - Dramfolks Whisky Auction","robots":{"index":"index","follow":"follow","max-snippet":"max-snippet:-1","max-image-preview":"max-image-preview:large","max-video-preview":"max-video-preview:-1"},"canonical":"https:\/\/www.dramfolks-whisky-auction.com\/fr\/product\/sauerlaender-edelbrennerei-mc-raven-single-cask-whisky-community-fass-539\/","og_locale":"fr_FR","og_type":"article","og_title":"Sauerl\u00e4nder Edelbrennerei\/Thousand Mountains - Mc Raven Single Cask Whisky Community Fass 539 - Dramfolks Whisky Auction","og_description":"Destille: Sauerl\u00e4nder Edelbrennerei\/Thousand Mountains Leidenschaft im Freundeskreis f\u00fcr hochwertigen Whisky&#8230; Zu einer Zeit als die Nachfrage nach den naturreinen Destillaten der Sauerl\u00e4nder Edelbrennerei immens stieg, wurde die Idee nach einem eigenen Whisky geboren. Seit der Gr\u00fcndung im Jahr 2000 hat sich die Thousand Mountains \u2013 German Whisky Distillery zu einer erfolgreichen Whiskybrennerei entwickelt. Heimisch im[...]","og_url":"https:\/\/www.dramfolks-whisky-auction.com\/fr\/product\/sauerlaender-edelbrennerei-mc-raven-single-cask-whisky-community-fass-539\/","og_site_name":"Dramfolks Whisky Auction","article_modified_time":"2023-07-03T19:16:10+00:00","og_image":[{"width":2560,"height":2560,"url":"https:\/\/www.dramfolks-whisky-auction.com\/wp-content\/uploads\/2023\/06\/thousand-mountains-vorne-scaled.jpg","type":"image\/jpeg"}],"twitter_card":"summary_large_image","twitter_misc":{"Dur\u00e9e de lecture estim\u00e9e":"3 minutes"},"schema":{"@context":"https:\/\/schema.org","@graph":[{"@type":"WebPage","@id":"https:\/\/www.dramfolks-whisky-auction.com\/fr\/product\/sauerlaender-edelbrennerei-mc-raven-single-cask-whisky-community-fass-539\/","url":"https:\/\/www.dramfolks-whisky-auction.com\/fr\/product\/sauerlaender-edelbrennerei-mc-raven-single-cask-whisky-community-fass-539\/","name":"Sauerl\u00e4nder Edelbrennerei\/Thousand Mountains - Mc Raven Single Cask Whisky Community Fass 539 - Dramfolks Whisky Auction","isPartOf":{"@id":"https:\/\/www.dramfolks-whisky-auction.com\/fr\/#website"},"primaryImageOfPage":{"@id":"https:\/\/www.dramfolks-whisky-auction.com\/fr\/product\/sauerlaender-edelbrennerei-mc-raven-single-cask-whisky-community-fass-539\/#primaryimage"},"image":{"@id":"https:\/\/www.dramfolks-whisky-auction.com\/fr\/product\/sauerlaender-edelbrennerei-mc-raven-single-cask-whisky-community-fass-539\/#primaryimage"},"thumbnailUrl":"https:\/\/www.dramfolks-whisky-auction.com\/wp-content\/uploads\/2023\/06\/thousand-mountains-vorne-scaled.jpg","datePublished":"2023-06-22T19:52:15+00:00","dateModified":"2023-07-03T19:16:10+00:00","breadcrumb":{"@id":"https:\/\/www.dramfolks-whisky-auction.com\/fr\/product\/sauerlaender-edelbrennerei-mc-raven-single-cask-whisky-community-fass-539\/#breadcrumb"},"inLanguage":"fr-FR","potentialAction":[{"@type":"ReadAction","target":["https:\/\/www.dramfolks-whisky-auction.com\/fr\/product\/sauerlaender-edelbrennerei-mc-raven-single-cask-whisky-community-fass-539\/"]}]},{"@type":"ImageObject","inLanguage":"fr-FR","@id":"https:\/\/www.dramfolks-whisky-auction.com\/fr\/product\/sauerlaender-edelbrennerei-mc-raven-single-cask-whisky-community-fass-539\/#primaryimage","url":"https:\/\/www.dramfolks-whisky-auction.com\/wp-content\/uploads\/2023\/06\/thousand-mountains-vorne-scaled.jpg","contentUrl":"https:\/\/www.dramfolks-whisky-auction.com\/wp-content\/uploads\/2023\/06\/thousand-mountains-vorne-scaled.jpg","width":2560,"height":2560},{"@type":"BreadcrumbList","@id":"https:\/\/www.dramfolks-whisky-auction.com\/fr\/product\/sauerlaender-edelbrennerei-mc-raven-single-cask-whisky-community-fass-539\/#breadcrumb","itemListElement":[{"@type":"ListItem","position":1,"name":"Startseite","item":"https:\/\/www.dramfolks-whisky-auction.com\/fr\/"},{"@type":"ListItem","position":2,"name":"Boutique","item":"https:\/\/www.dramfolks-whisky-auction.com\/fr\/boutique\/"},{"@type":"ListItem","position":3,"name":"Sauerl\u00e4nder Edelbrennerei\/Thousand Mountains &#8211; Mc Raven Single Cask Whisky Community Fass 539"}]},{"@type":"WebSite","@id":"https:\/\/www.dramfolks-whisky-auction.com\/fr\/#website","url":"https:\/\/www.dramfolks-whisky-auction.com\/fr\/","name":"Dramfolks Whisky Auction","description":"","potentialAction":[{"@type":"SearchAction","target":{"@type":"EntryPoint","urlTemplate":"https:\/\/www.dramfolks-whisky-auction.com\/fr\/?s={search_term_string}"},"query-input":{"@type":"PropertyValueSpecification","valueRequired":true,"valueName":"search_term_string"}}],"inLanguage":"fr-FR"}]}},"_links":{"self":[{"href":"https:\/\/www.dramfolks-whisky-auction.com\/fr\/wp-json\/wp\/v2\/product\/3124","targetHints":{"allow":["GET"]}}],"collection":[{"href":"https:\/\/www.dramfolks-whisky-auction.com\/fr\/wp-json\/wp\/v2\/product"}],"about":[{"href":"https:\/\/www.dramfolks-whisky-auction.com\/fr\/wp-json\/wp\/v2\/types\/product"}],"replies":[{"embeddable":true,"href":"https:\/\/www.dramfolks-whisky-auction.com\/fr\/wp-json\/wp\/v2\/comments?post=3124"}],"wp:featuredmedia":[{"embeddable":true,"href":"https:\/\/www.dramfolks-whisky-auction.com\/fr\/wp-json\/wp\/v2\/media\/3125"}],"wp:attachment":[{"href":"https:\/\/www.dramfolks-whisky-auction.com\/fr\/wp-json\/wp\/v2\/media?parent=3124"}],"wp:term":[{"taxonomy":"product_brand","embeddable":true,"href":"https:\/\/www.dramfolks-whisky-auction.com\/fr\/wp-json\/wp\/v2\/product_brand?post=3124"},{"taxonomy":"product_cat","embeddable":true,"href":"https:\/\/www.dramfolks-whisky-auction.com\/fr\/wp-json\/wp\/v2\/product_cat?post=3124"},{"taxonomy":"product_tag","embeddable":true,"href":"https:\/\/www.dramfolks-whisky-auction.com\/fr\/wp-json\/wp\/v2\/product_tag?post=3124"}],"curies":[{"name":"wp","href":"https:\/\/api.w.org\/{rel}","templated":true}]}}