{"id":3096,"date":"2023-06-22T20:31:06","date_gmt":"2023-06-22T18:31:06","guid":{"rendered":"https:\/\/www.dramfolks-whisky-auction.com\/?post_type=product&#038;p=3096"},"modified":"2023-07-03T21:34:02","modified_gmt":"2023-07-03T19:34:02","slug":"finch-destillerie-schwaebischer-highland-whisky-fassabfuellung-duerninger-exklusiv","status":"publish","type":"product","link":"https:\/\/www.dramfolks-whisky-auction.com\/fr\/product\/finch-destillerie-schwaebischer-highland-whisky-fassabfuellung-duerninger-exklusiv\/","title":{"rendered":"Finch Destillerie &#8211; Schw\u00e4bischer Highland Whisky Fassabf\u00fcllung D\u00fcrninger Exklusiv"},"content":{"rendered":"<p><strong>Destille: Finch Destillerie<br \/>\n<\/strong><\/p>\n<p>Die Destillerie Finch wurde im Jahre 1999 gegr\u00fcndet und liegt in Nellingen (Baden-W\u00fcrttemberg) und ist Inbegriff f\u00fcr Schw\u00e4bischen Whisky. Dabei ist sie hervorgegangen aus einer Obstbrennerei. Seit dem Jahre 2001 entsteht hier der Finch Whisky aus Getreide (Weizen, Gerste und Dinkel) aus regionalem Anbau. Je nach <span class=\"tx-datamintslossaryextension-no-replacement\">Whisky<\/span> wird bis zu dreimal gebrannt. Der Markenname Finch klingt nach Schottland oder Irland, hat aber nichts damit zu tun.\u00a0 Der feste Wille, Qualit\u00e4t zu erzeugen, gepaart mit sauberen Zutaten, glasklarer Albluft und reinem Wasser f\u00fchrte recht bald zu Erfolgen. Ein erster Schritt war der Nationensieger Deutschland auf der Destillata 2011, es folgten u.a. die Auszeichnung zur \u201cWorld Class Distillery\u201d und \u201cDistillery of the Year\u201d beim Meininger International Spirits Award 2018.<\/p>\n<p><strong>Fun Fact:\u00a0<\/strong>Im Januar 2012 ging die neue Pot Still Anlage in Betrieb, eine der gr\u00f6\u00dften in Deutschland. Nach schottischem Vorbild und den Vorstellungen von Fink konzipierte ein schw\u00e4bischer Brennereiausstatter diese Destille. Sie hat eine Kapzit\u00e4t bis zu 250.000 Liter pro Jahr.<\/p>\n<p><strong>Whisky\/Whiskey: Schw\u00e4bischer Highland Whisky Fassabf\u00fcllung D\u00fcrninger Exklusiv<br \/>\n<\/strong><\/p>\n<p>Ein Single Malt Whisky auf Basis von selbst angebauter Gerste und dem daraus gewonnenen Gerstenmalz. 5 Jahre gereift in einem speziellen American Oak Weinfass. Ein eleganter, weicher und sehr harmonischer Whisky mit dem Geschmack nach feinstem Honig bis hin zu dunkler Schokolade. Es handelt sich hierbei um ein \u00ab\u00a0Einzelst\u00fcck\u00a0\u00bb im Set mit einem Premium Glasausgie\u00dfer &#8211; und so im Handel nicht mehr erh\u00e4ltlich!!<\/p>\n<p><strong>Info Qualit\u00e4t der Flasche:<\/strong> Exzellent ohne Besch\u00e4digungen \/ <strong>F\u00fcllstand:<\/strong> Top Shoulder<br \/>\n<strong>Info Qualit\u00e4t der Box:<\/strong> Exzellent ohne Besch\u00e4digungen<\/p>\n<p><strong>Wichtiger Hinweis: <\/strong>Die Bewertung der Flaschen und Boxen erfolgt nach \u201ebesten Wissen und Gewissen\u201c. dramfolks kann keine Gew\u00e4hrleistung f\u00fcr den Inhalt der Flaschen \u00fcbernehmen. Weitere Infos &amp; Hinweise finden Sie in unseren AGBs. Wir empfehlen Ihnen, vor der Abgabe von Geboten \u00fcber die Zoomfunktion eine Besichtigung \/ genaue Pr\u00fcfung des angebotenen Whiskys vorzunehmen. Bitte kontaktieren sie uns bei Fragen direkt unter info@dramfolks.com<\/p>\n","protected":false},"excerpt":{"rendered":"<p>Destille: Finch Destillerie Die Destillerie Finch wurde im Jahre 1999 gegr\u00fcndet und liegt in Nellingen (Baden-W\u00fcrttemberg) und ist Inbegriff f\u00fcr Schw\u00e4bischen Whisky. Dabei ist sie hervorgegangen aus einer Obstbrennerei. Seit dem Jahre 2001 entsteht hier der Finch Whisky aus Getreide (Weizen, Gerste und Dinkel) aus regionalem Anbau. Je nach Whisky wird bis zu dreimal gebrannt.[&#8230;]\n","protected":false},"featured_media":3097,"comment_status":"closed","ping_status":"closed","template":"","meta":[],"product_brand":[],"product_cat":[413],"product_tag":[],"class_list":{"0":"post-3096","1":"product","2":"type-product","3":"status-publish","4":"has-post-thumbnail","6":"product_cat-no-5-special-auction","8":"first","9":"instock","10":"shipping-taxable","11":"purchasable","12":"product-type-auction"},"yoast_head":"<!-- This site is optimized with the Yoast SEO plugin v27.4 - https:\/\/yoast.com\/product\/yoast-seo-wordpress\/ -->\n<title>Finch Destillerie - Schw\u00e4bischer Highland Whisky Fassabf\u00fcllung D\u00fcrninger Exklusiv - Dramfolks Whisky Auction<\/title>\n<meta name=\"robots\" content=\"index, follow, max-snippet:-1, max-image-preview:large, max-video-preview:-1\" \/>\n<link rel=\"canonical\" href=\"https:\/\/www.dramfolks-whisky-auction.com\/fr\/product\/finch-destillerie-schwaebischer-highland-whisky-fassabfuellung-duerninger-exklusiv\/\" \/>\n<meta property=\"og:locale\" content=\"fr_FR\" \/>\n<meta property=\"og:type\" content=\"article\" \/>\n<meta property=\"og:title\" content=\"Finch Destillerie - Schw\u00e4bischer Highland Whisky Fassabf\u00fcllung D\u00fcrninger Exklusiv - Dramfolks Whisky Auction\" \/>\n<meta property=\"og:description\" content=\"Destille: Finch Destillerie Die Destillerie Finch wurde im Jahre 1999 gegr\u00fcndet und liegt in Nellingen (Baden-W\u00fcrttemberg) und ist Inbegriff f\u00fcr Schw\u00e4bischen Whisky. Dabei ist sie hervorgegangen aus einer Obstbrennerei. Seit dem Jahre 2001 entsteht hier der Finch Whisky aus Getreide (Weizen, Gerste und Dinkel) aus regionalem Anbau. Je nach Whisky wird bis zu dreimal gebrannt.[...]\" \/>\n<meta property=\"og:url\" content=\"https:\/\/www.dramfolks-whisky-auction.com\/fr\/product\/finch-destillerie-schwaebischer-highland-whisky-fassabfuellung-duerninger-exklusiv\/\" \/>\n<meta property=\"og:site_name\" content=\"Dramfolks Whisky Auction\" \/>\n<meta property=\"article:modified_time\" content=\"2023-07-03T19:34:02+00:00\" \/>\n<meta property=\"og:image\" content=\"https:\/\/www.dramfolks-whisky-auction.com\/wp-content\/uploads\/2023\/06\/finch-exklusiv-vorne-scaled.jpg\" \/>\n\t<meta property=\"og:image:width\" content=\"2560\" \/>\n\t<meta property=\"og:image:height\" content=\"2560\" \/>\n\t<meta property=\"og:image:type\" content=\"image\/jpeg\" \/>\n<meta name=\"twitter:card\" content=\"summary_large_image\" \/>\n<meta name=\"twitter:label1\" content=\"Dur\u00e9e de lecture estim\u00e9e\" \/>\n\t<meta name=\"twitter:data1\" content=\"2 minutes\" \/>\n<script type=\"application\/ld+json\" class=\"yoast-schema-graph\">{\"@context\":\"https:\\\/\\\/schema.org\",\"@graph\":[{\"@type\":\"WebPage\",\"@id\":\"https:\\\/\\\/www.dramfolks-whisky-auction.com\\\/fr\\\/product\\\/finch-destillerie-schwaebischer-highland-whisky-fassabfuellung-duerninger-exklusiv\\\/\",\"url\":\"https:\\\/\\\/www.dramfolks-whisky-auction.com\\\/fr\\\/product\\\/finch-destillerie-schwaebischer-highland-whisky-fassabfuellung-duerninger-exklusiv\\\/\",\"name\":\"Finch Destillerie - Schw\u00e4bischer Highland Whisky Fassabf\u00fcllung D\u00fcrninger Exklusiv - Dramfolks Whisky Auction\",\"isPartOf\":{\"@id\":\"https:\\\/\\\/www.dramfolks-whisky-auction.com\\\/fr\\\/#website\"},\"primaryImageOfPage\":{\"@id\":\"https:\\\/\\\/www.dramfolks-whisky-auction.com\\\/fr\\\/product\\\/finch-destillerie-schwaebischer-highland-whisky-fassabfuellung-duerninger-exklusiv\\\/#primaryimage\"},\"image\":{\"@id\":\"https:\\\/\\\/www.dramfolks-whisky-auction.com\\\/fr\\\/product\\\/finch-destillerie-schwaebischer-highland-whisky-fassabfuellung-duerninger-exklusiv\\\/#primaryimage\"},\"thumbnailUrl\":\"https:\\\/\\\/www.dramfolks-whisky-auction.com\\\/wp-content\\\/uploads\\\/2023\\\/06\\\/finch-exklusiv-vorne-scaled.jpg\",\"datePublished\":\"2023-06-22T18:31:06+00:00\",\"dateModified\":\"2023-07-03T19:34:02+00:00\",\"breadcrumb\":{\"@id\":\"https:\\\/\\\/www.dramfolks-whisky-auction.com\\\/fr\\\/product\\\/finch-destillerie-schwaebischer-highland-whisky-fassabfuellung-duerninger-exklusiv\\\/#breadcrumb\"},\"inLanguage\":\"fr-FR\",\"potentialAction\":[{\"@type\":\"ReadAction\",\"target\":[\"https:\\\/\\\/www.dramfolks-whisky-auction.com\\\/fr\\\/product\\\/finch-destillerie-schwaebischer-highland-whisky-fassabfuellung-duerninger-exklusiv\\\/\"]}]},{\"@type\":\"ImageObject\",\"inLanguage\":\"fr-FR\",\"@id\":\"https:\\\/\\\/www.dramfolks-whisky-auction.com\\\/fr\\\/product\\\/finch-destillerie-schwaebischer-highland-whisky-fassabfuellung-duerninger-exklusiv\\\/#primaryimage\",\"url\":\"https:\\\/\\\/www.dramfolks-whisky-auction.com\\\/wp-content\\\/uploads\\\/2023\\\/06\\\/finch-exklusiv-vorne-scaled.jpg\",\"contentUrl\":\"https:\\\/\\\/www.dramfolks-whisky-auction.com\\\/wp-content\\\/uploads\\\/2023\\\/06\\\/finch-exklusiv-vorne-scaled.jpg\",\"width\":2560,\"height\":2560},{\"@type\":\"BreadcrumbList\",\"@id\":\"https:\\\/\\\/www.dramfolks-whisky-auction.com\\\/fr\\\/product\\\/finch-destillerie-schwaebischer-highland-whisky-fassabfuellung-duerninger-exklusiv\\\/#breadcrumb\",\"itemListElement\":[{\"@type\":\"ListItem\",\"position\":1,\"name\":\"Startseite\",\"item\":\"https:\\\/\\\/www.dramfolks-whisky-auction.com\\\/fr\\\/\"},{\"@type\":\"ListItem\",\"position\":2,\"name\":\"Boutique\",\"item\":\"https:\\\/\\\/www.dramfolks-whisky-auction.com\\\/fr\\\/boutique\\\/\"},{\"@type\":\"ListItem\",\"position\":3,\"name\":\"Finch Destillerie &#8211; Schw\u00e4bischer Highland Whisky Fassabf\u00fcllung D\u00fcrninger Exklusiv\"}]},{\"@type\":\"WebSite\",\"@id\":\"https:\\\/\\\/www.dramfolks-whisky-auction.com\\\/fr\\\/#website\",\"url\":\"https:\\\/\\\/www.dramfolks-whisky-auction.com\\\/fr\\\/\",\"name\":\"Dramfolks Whisky Auction\",\"description\":\"\",\"potentialAction\":[{\"@type\":\"SearchAction\",\"target\":{\"@type\":\"EntryPoint\",\"urlTemplate\":\"https:\\\/\\\/www.dramfolks-whisky-auction.com\\\/fr\\\/?s={search_term_string}\"},\"query-input\":{\"@type\":\"PropertyValueSpecification\",\"valueRequired\":true,\"valueName\":\"search_term_string\"}}],\"inLanguage\":\"fr-FR\"}]}<\/script>\n<!-- \/ Yoast SEO plugin. -->","yoast_head_json":{"title":"Finch Destillerie - Schw\u00e4bischer Highland Whisky Fassabf\u00fcllung D\u00fcrninger Exklusiv - Dramfolks Whisky Auction","robots":{"index":"index","follow":"follow","max-snippet":"max-snippet:-1","max-image-preview":"max-image-preview:large","max-video-preview":"max-video-preview:-1"},"canonical":"https:\/\/www.dramfolks-whisky-auction.com\/fr\/product\/finch-destillerie-schwaebischer-highland-whisky-fassabfuellung-duerninger-exklusiv\/","og_locale":"fr_FR","og_type":"article","og_title":"Finch Destillerie - Schw\u00e4bischer Highland Whisky Fassabf\u00fcllung D\u00fcrninger Exklusiv - Dramfolks Whisky Auction","og_description":"Destille: Finch Destillerie Die Destillerie Finch wurde im Jahre 1999 gegr\u00fcndet und liegt in Nellingen (Baden-W\u00fcrttemberg) und ist Inbegriff f\u00fcr Schw\u00e4bischen Whisky. Dabei ist sie hervorgegangen aus einer Obstbrennerei. Seit dem Jahre 2001 entsteht hier der Finch Whisky aus Getreide (Weizen, Gerste und Dinkel) aus regionalem Anbau. Je nach Whisky wird bis zu dreimal gebrannt.[...]","og_url":"https:\/\/www.dramfolks-whisky-auction.com\/fr\/product\/finch-destillerie-schwaebischer-highland-whisky-fassabfuellung-duerninger-exklusiv\/","og_site_name":"Dramfolks Whisky Auction","article_modified_time":"2023-07-03T19:34:02+00:00","og_image":[{"width":2560,"height":2560,"url":"https:\/\/www.dramfolks-whisky-auction.com\/wp-content\/uploads\/2023\/06\/finch-exklusiv-vorne-scaled.jpg","type":"image\/jpeg"}],"twitter_card":"summary_large_image","twitter_misc":{"Dur\u00e9e de lecture estim\u00e9e":"2 minutes"},"schema":{"@context":"https:\/\/schema.org","@graph":[{"@type":"WebPage","@id":"https:\/\/www.dramfolks-whisky-auction.com\/fr\/product\/finch-destillerie-schwaebischer-highland-whisky-fassabfuellung-duerninger-exklusiv\/","url":"https:\/\/www.dramfolks-whisky-auction.com\/fr\/product\/finch-destillerie-schwaebischer-highland-whisky-fassabfuellung-duerninger-exklusiv\/","name":"Finch Destillerie - Schw\u00e4bischer Highland Whisky Fassabf\u00fcllung D\u00fcrninger Exklusiv - Dramfolks Whisky Auction","isPartOf":{"@id":"https:\/\/www.dramfolks-whisky-auction.com\/fr\/#website"},"primaryImageOfPage":{"@id":"https:\/\/www.dramfolks-whisky-auction.com\/fr\/product\/finch-destillerie-schwaebischer-highland-whisky-fassabfuellung-duerninger-exklusiv\/#primaryimage"},"image":{"@id":"https:\/\/www.dramfolks-whisky-auction.com\/fr\/product\/finch-destillerie-schwaebischer-highland-whisky-fassabfuellung-duerninger-exklusiv\/#primaryimage"},"thumbnailUrl":"https:\/\/www.dramfolks-whisky-auction.com\/wp-content\/uploads\/2023\/06\/finch-exklusiv-vorne-scaled.jpg","datePublished":"2023-06-22T18:31:06+00:00","dateModified":"2023-07-03T19:34:02+00:00","breadcrumb":{"@id":"https:\/\/www.dramfolks-whisky-auction.com\/fr\/product\/finch-destillerie-schwaebischer-highland-whisky-fassabfuellung-duerninger-exklusiv\/#breadcrumb"},"inLanguage":"fr-FR","potentialAction":[{"@type":"ReadAction","target":["https:\/\/www.dramfolks-whisky-auction.com\/fr\/product\/finch-destillerie-schwaebischer-highland-whisky-fassabfuellung-duerninger-exklusiv\/"]}]},{"@type":"ImageObject","inLanguage":"fr-FR","@id":"https:\/\/www.dramfolks-whisky-auction.com\/fr\/product\/finch-destillerie-schwaebischer-highland-whisky-fassabfuellung-duerninger-exklusiv\/#primaryimage","url":"https:\/\/www.dramfolks-whisky-auction.com\/wp-content\/uploads\/2023\/06\/finch-exklusiv-vorne-scaled.jpg","contentUrl":"https:\/\/www.dramfolks-whisky-auction.com\/wp-content\/uploads\/2023\/06\/finch-exklusiv-vorne-scaled.jpg","width":2560,"height":2560},{"@type":"BreadcrumbList","@id":"https:\/\/www.dramfolks-whisky-auction.com\/fr\/product\/finch-destillerie-schwaebischer-highland-whisky-fassabfuellung-duerninger-exklusiv\/#breadcrumb","itemListElement":[{"@type":"ListItem","position":1,"name":"Startseite","item":"https:\/\/www.dramfolks-whisky-auction.com\/fr\/"},{"@type":"ListItem","position":2,"name":"Boutique","item":"https:\/\/www.dramfolks-whisky-auction.com\/fr\/boutique\/"},{"@type":"ListItem","position":3,"name":"Finch Destillerie &#8211; Schw\u00e4bischer Highland Whisky Fassabf\u00fcllung D\u00fcrninger Exklusiv"}]},{"@type":"WebSite","@id":"https:\/\/www.dramfolks-whisky-auction.com\/fr\/#website","url":"https:\/\/www.dramfolks-whisky-auction.com\/fr\/","name":"Dramfolks Whisky Auction","description":"","potentialAction":[{"@type":"SearchAction","target":{"@type":"EntryPoint","urlTemplate":"https:\/\/www.dramfolks-whisky-auction.com\/fr\/?s={search_term_string}"},"query-input":{"@type":"PropertyValueSpecification","valueRequired":true,"valueName":"search_term_string"}}],"inLanguage":"fr-FR"}]}},"_links":{"self":[{"href":"https:\/\/www.dramfolks-whisky-auction.com\/fr\/wp-json\/wp\/v2\/product\/3096","targetHints":{"allow":["GET"]}}],"collection":[{"href":"https:\/\/www.dramfolks-whisky-auction.com\/fr\/wp-json\/wp\/v2\/product"}],"about":[{"href":"https:\/\/www.dramfolks-whisky-auction.com\/fr\/wp-json\/wp\/v2\/types\/product"}],"replies":[{"embeddable":true,"href":"https:\/\/www.dramfolks-whisky-auction.com\/fr\/wp-json\/wp\/v2\/comments?post=3096"}],"wp:featuredmedia":[{"embeddable":true,"href":"https:\/\/www.dramfolks-whisky-auction.com\/fr\/wp-json\/wp\/v2\/media\/3097"}],"wp:attachment":[{"href":"https:\/\/www.dramfolks-whisky-auction.com\/fr\/wp-json\/wp\/v2\/media?parent=3096"}],"wp:term":[{"taxonomy":"product_brand","embeddable":true,"href":"https:\/\/www.dramfolks-whisky-auction.com\/fr\/wp-json\/wp\/v2\/product_brand?post=3096"},{"taxonomy":"product_cat","embeddable":true,"href":"https:\/\/www.dramfolks-whisky-auction.com\/fr\/wp-json\/wp\/v2\/product_cat?post=3096"},{"taxonomy":"product_tag","embeddable":true,"href":"https:\/\/www.dramfolks-whisky-auction.com\/fr\/wp-json\/wp\/v2\/product_tag?post=3096"}],"curies":[{"name":"wp","href":"https:\/\/api.w.org\/{rel}","templated":true}]}}