{"id":3093,"date":"2023-06-22T19:37:51","date_gmt":"2023-06-22T17:37:51","guid":{"rendered":"https:\/\/www.dramfolks-whisky-auction.com\/?post_type=product&#038;p=3093"},"modified":"2023-07-05T20:58:42","modified_gmt":"2023-07-05T18:58:42","slug":"edeldestillerie-indlekofer-wutach-inaugural-release","status":"publish","type":"product","link":"https:\/\/www.dramfolks-whisky-auction.com\/fr\/product\/edeldestillerie-indlekofer-wutach-inaugural-release\/","title":{"rendered":"Edeldestillerie Indlekofer &#8211; Wutach Inaugural Release"},"content":{"rendered":"<p><strong>Destille: Edeldestillerie Indlekofer<br \/>\n<\/strong><\/p>\n<p>Seit 65 Jahren brennt der Familienbetrieb edle Tropfen in Wut\u00f6schingen am s\u00fcd\u00f6stlichen Rand des Schwarzwalds. \u201cQualit\u00e4t ist das Produkt der Liebe zum Detail.\u201d Getreu diesem Motto stellt die Edeldestillerie Indlekofer aus nat\u00fcrlichen Rohstoffen edle Tropfen wie Br\u00e4nde, Geiste, Lik\u00f6re und seit kurzer Zeit auch Gin und Whisky her. Jedes Detail z\u00e4hlt vom Rohprodukt \u00fcber die Maische bis zu Destillation, Lagerung und Abf\u00fcllung. Im Familienbetrieb sorgt jahrzehntelange Erfahrung, Leidenschaft und das Streben nach Perfektion f\u00fcr hochwertige Produkte. Seit 2017 f\u00fchrt Marco Indlekofer in vierter Generation den Brennereibetrieb. Reinhold Indlekofer unterst\u00fctzt weiterhin tatkr\u00e4ftig mit seiner jahrelangen Erfahrung. Mit einem Bewusstsein f\u00fcr Tradition, Innovation und Nachhaltigkeit entwickeln die Indlekofers ihre Produkte kontinuierlich weiter.<\/p>\n<p><strong>Fun Fact:\u00a0<\/strong>Der WUTACH wird in kleinen Batches destilliert, von Hand abgef\u00fcllt und etikettiert. Der Name des Whiskys und des Gins ist dem nahegelegenen Fluss Wutach entnommen. Wie dieses wilde Schwarzwald-Gew\u00e4sser mit nat\u00fcrlicher Sch\u00f6nheit und einzigartiger Flora und Fauna, soll der Whisky der Indlekofers f\u00fcr ganz besonderen Genuss sorgen. Der WUTACH spiegelt in seinen nat\u00fcrlichen Aromen geschmacklich die wundersch\u00f6ne Landschaft wider, aus der er entsteht. Marco und Reinhold Indlekofer haben Erfolg mit ihrem hauseigenem Konzept. Nach gerade mal zwei Wochen auf dem Markt war der WUTACH bereits ausverkauft. Nat\u00fcrlich wird der WUTACH mit Liebe und Leidenschaft weiter hergestellt.<\/p>\n<p><strong>Whisky\/Whiskey: Wutach Inaugural Release<br \/>\n<\/strong><\/p>\n<p>Nach umfangreichen Recherchen und intensiven \u00dcberlegungen hat sich der Familienbetrieb Indlekofer entschlossen diese Whisky-Spezialit\u00e4t mit Pr\u00e4dikat in die Produktpalette aufzunehmen. Die dabei eingesetzte, hochwertige W\u00fcrze, wird aus mehreren verschiedenen Malzsorten, sowie bestem Brauwasser, deren Quellen im Hochschwarzwald liegen, hergestellt. Beste Voraussetzungen also f\u00fcr einen erstklassigen Whisky. Es handelt sich um den Inaugural Release von Indlekofer, der in diesem Jahr mit der Bottle No.: L23B1 abgef\u00fcllt wurde!!!<\/p>\n<p><strong>Info Qualit\u00e4t der Flasche:<\/strong> Exzellent ohne Besch\u00e4digungen \/ <strong>F\u00fcllstand:<\/strong> High fill<br \/>\n<strong>Info Qualit\u00e4t der Box:<\/strong> keine Box vorhanden<\/p>\n<p><strong>Wichtiger Hinweis: <\/strong>Die Bewertung der Flaschen und Boxen erfolgt nach \u201ebesten Wissen und Gewissen\u201c. dramfolks kann keine Gew\u00e4hrleistung f\u00fcr den Inhalt der Flaschen \u00fcbernehmen. Weitere Infos &amp; Hinweise finden Sie in unseren AGBs. Wir empfehlen Ihnen, vor der Abgabe von Geboten \u00fcber die Zoomfunktion eine Besichtigung \/ genaue Pr\u00fcfung des angebotenen Whiskys vorzunehmen. Bitte kontaktieren sie uns bei Fragen direkt unter info@dramfolks.com<\/p>\n","protected":false},"excerpt":{"rendered":"<p>Destille: Edeldestillerie Indlekofer Seit 65 Jahren brennt der Familienbetrieb edle Tropfen in Wut\u00f6schingen am s\u00fcd\u00f6stlichen Rand des Schwarzwalds. \u201cQualit\u00e4t ist das Produkt der Liebe zum Detail.\u201d Getreu diesem Motto stellt die Edeldestillerie Indlekofer aus nat\u00fcrlichen Rohstoffen edle Tropfen wie Br\u00e4nde, Geiste, Lik\u00f6re und seit kurzer Zeit auch Gin und Whisky her. Jedes Detail z\u00e4hlt vom[&#8230;]\n","protected":false},"featured_media":3110,"comment_status":"closed","ping_status":"closed","template":"","meta":[],"product_brand":[],"product_cat":[413],"product_tag":[],"class_list":{"0":"post-3093","1":"product","2":"type-product","3":"status-publish","4":"has-post-thumbnail","6":"product_cat-no-5-special-auction","8":"first","9":"instock","10":"shipping-taxable","11":"purchasable","12":"product-type-auction"},"yoast_head":"<!-- This site is optimized with the Yoast SEO plugin v27.4 - https:\/\/yoast.com\/product\/yoast-seo-wordpress\/ -->\n<title>Edeldestillerie Indlekofer - Wutach Inaugural Release - Dramfolks Whisky Auction<\/title>\n<meta name=\"robots\" content=\"index, follow, max-snippet:-1, max-image-preview:large, max-video-preview:-1\" \/>\n<link rel=\"canonical\" href=\"https:\/\/www.dramfolks-whisky-auction.com\/fr\/product\/edeldestillerie-indlekofer-wutach-inaugural-release\/\" \/>\n<meta property=\"og:locale\" content=\"fr_FR\" \/>\n<meta property=\"og:type\" content=\"article\" \/>\n<meta property=\"og:title\" content=\"Edeldestillerie Indlekofer - Wutach Inaugural Release - Dramfolks Whisky Auction\" \/>\n<meta property=\"og:description\" content=\"Destille: Edeldestillerie Indlekofer Seit 65 Jahren brennt der Familienbetrieb edle Tropfen in Wut\u00f6schingen am s\u00fcd\u00f6stlichen Rand des Schwarzwalds. \u201cQualit\u00e4t ist das Produkt der Liebe zum Detail.\u201d Getreu diesem Motto stellt die Edeldestillerie Indlekofer aus nat\u00fcrlichen Rohstoffen edle Tropfen wie Br\u00e4nde, Geiste, Lik\u00f6re und seit kurzer Zeit auch Gin und Whisky her. Jedes Detail z\u00e4hlt vom[...]\" \/>\n<meta property=\"og:url\" content=\"https:\/\/www.dramfolks-whisky-auction.com\/fr\/product\/edeldestillerie-indlekofer-wutach-inaugural-release\/\" \/>\n<meta property=\"og:site_name\" content=\"Dramfolks Whisky Auction\" \/>\n<meta property=\"article:modified_time\" content=\"2023-07-05T18:58:42+00:00\" \/>\n<meta property=\"og:image\" content=\"https:\/\/www.dramfolks-whisky-auction.com\/wp-content\/uploads\/2023\/06\/wutach-vorne-scaled.jpg\" \/>\n\t<meta property=\"og:image:width\" content=\"2560\" \/>\n\t<meta property=\"og:image:height\" content=\"2560\" \/>\n\t<meta property=\"og:image:type\" content=\"image\/jpeg\" \/>\n<meta name=\"twitter:card\" content=\"summary_large_image\" \/>\n<meta name=\"twitter:label1\" content=\"Dur\u00e9e de lecture estim\u00e9e\" \/>\n\t<meta name=\"twitter:data1\" content=\"3 minutes\" \/>\n<script type=\"application\/ld+json\" class=\"yoast-schema-graph\">{\"@context\":\"https:\\\/\\\/schema.org\",\"@graph\":[{\"@type\":\"WebPage\",\"@id\":\"https:\\\/\\\/www.dramfolks-whisky-auction.com\\\/fr\\\/product\\\/edeldestillerie-indlekofer-wutach-inaugural-release\\\/\",\"url\":\"https:\\\/\\\/www.dramfolks-whisky-auction.com\\\/fr\\\/product\\\/edeldestillerie-indlekofer-wutach-inaugural-release\\\/\",\"name\":\"Edeldestillerie Indlekofer - Wutach Inaugural Release - Dramfolks Whisky Auction\",\"isPartOf\":{\"@id\":\"https:\\\/\\\/www.dramfolks-whisky-auction.com\\\/fr\\\/#website\"},\"primaryImageOfPage\":{\"@id\":\"https:\\\/\\\/www.dramfolks-whisky-auction.com\\\/fr\\\/product\\\/edeldestillerie-indlekofer-wutach-inaugural-release\\\/#primaryimage\"},\"image\":{\"@id\":\"https:\\\/\\\/www.dramfolks-whisky-auction.com\\\/fr\\\/product\\\/edeldestillerie-indlekofer-wutach-inaugural-release\\\/#primaryimage\"},\"thumbnailUrl\":\"https:\\\/\\\/www.dramfolks-whisky-auction.com\\\/wp-content\\\/uploads\\\/2023\\\/06\\\/wutach-vorne-scaled.jpg\",\"datePublished\":\"2023-06-22T17:37:51+00:00\",\"dateModified\":\"2023-07-05T18:58:42+00:00\",\"breadcrumb\":{\"@id\":\"https:\\\/\\\/www.dramfolks-whisky-auction.com\\\/fr\\\/product\\\/edeldestillerie-indlekofer-wutach-inaugural-release\\\/#breadcrumb\"},\"inLanguage\":\"fr-FR\",\"potentialAction\":[{\"@type\":\"ReadAction\",\"target\":[\"https:\\\/\\\/www.dramfolks-whisky-auction.com\\\/fr\\\/product\\\/edeldestillerie-indlekofer-wutach-inaugural-release\\\/\"]}]},{\"@type\":\"ImageObject\",\"inLanguage\":\"fr-FR\",\"@id\":\"https:\\\/\\\/www.dramfolks-whisky-auction.com\\\/fr\\\/product\\\/edeldestillerie-indlekofer-wutach-inaugural-release\\\/#primaryimage\",\"url\":\"https:\\\/\\\/www.dramfolks-whisky-auction.com\\\/wp-content\\\/uploads\\\/2023\\\/06\\\/wutach-vorne-scaled.jpg\",\"contentUrl\":\"https:\\\/\\\/www.dramfolks-whisky-auction.com\\\/wp-content\\\/uploads\\\/2023\\\/06\\\/wutach-vorne-scaled.jpg\",\"width\":2560,\"height\":2560},{\"@type\":\"BreadcrumbList\",\"@id\":\"https:\\\/\\\/www.dramfolks-whisky-auction.com\\\/fr\\\/product\\\/edeldestillerie-indlekofer-wutach-inaugural-release\\\/#breadcrumb\",\"itemListElement\":[{\"@type\":\"ListItem\",\"position\":1,\"name\":\"Startseite\",\"item\":\"https:\\\/\\\/www.dramfolks-whisky-auction.com\\\/fr\\\/\"},{\"@type\":\"ListItem\",\"position\":2,\"name\":\"Boutique\",\"item\":\"https:\\\/\\\/www.dramfolks-whisky-auction.com\\\/fr\\\/boutique\\\/\"},{\"@type\":\"ListItem\",\"position\":3,\"name\":\"Edeldestillerie Indlekofer &#8211; Wutach Inaugural Release\"}]},{\"@type\":\"WebSite\",\"@id\":\"https:\\\/\\\/www.dramfolks-whisky-auction.com\\\/fr\\\/#website\",\"url\":\"https:\\\/\\\/www.dramfolks-whisky-auction.com\\\/fr\\\/\",\"name\":\"Dramfolks Whisky Auction\",\"description\":\"\",\"potentialAction\":[{\"@type\":\"SearchAction\",\"target\":{\"@type\":\"EntryPoint\",\"urlTemplate\":\"https:\\\/\\\/www.dramfolks-whisky-auction.com\\\/fr\\\/?s={search_term_string}\"},\"query-input\":{\"@type\":\"PropertyValueSpecification\",\"valueRequired\":true,\"valueName\":\"search_term_string\"}}],\"inLanguage\":\"fr-FR\"}]}<\/script>\n<!-- \/ Yoast SEO plugin. -->","yoast_head_json":{"title":"Edeldestillerie Indlekofer - Wutach Inaugural Release - Dramfolks Whisky Auction","robots":{"index":"index","follow":"follow","max-snippet":"max-snippet:-1","max-image-preview":"max-image-preview:large","max-video-preview":"max-video-preview:-1"},"canonical":"https:\/\/www.dramfolks-whisky-auction.com\/fr\/product\/edeldestillerie-indlekofer-wutach-inaugural-release\/","og_locale":"fr_FR","og_type":"article","og_title":"Edeldestillerie Indlekofer - Wutach Inaugural Release - Dramfolks Whisky Auction","og_description":"Destille: Edeldestillerie Indlekofer Seit 65 Jahren brennt der Familienbetrieb edle Tropfen in Wut\u00f6schingen am s\u00fcd\u00f6stlichen Rand des Schwarzwalds. \u201cQualit\u00e4t ist das Produkt der Liebe zum Detail.\u201d Getreu diesem Motto stellt die Edeldestillerie Indlekofer aus nat\u00fcrlichen Rohstoffen edle Tropfen wie Br\u00e4nde, Geiste, Lik\u00f6re und seit kurzer Zeit auch Gin und Whisky her. Jedes Detail z\u00e4hlt vom[...]","og_url":"https:\/\/www.dramfolks-whisky-auction.com\/fr\/product\/edeldestillerie-indlekofer-wutach-inaugural-release\/","og_site_name":"Dramfolks Whisky Auction","article_modified_time":"2023-07-05T18:58:42+00:00","og_image":[{"width":2560,"height":2560,"url":"https:\/\/www.dramfolks-whisky-auction.com\/wp-content\/uploads\/2023\/06\/wutach-vorne-scaled.jpg","type":"image\/jpeg"}],"twitter_card":"summary_large_image","twitter_misc":{"Dur\u00e9e de lecture estim\u00e9e":"3 minutes"},"schema":{"@context":"https:\/\/schema.org","@graph":[{"@type":"WebPage","@id":"https:\/\/www.dramfolks-whisky-auction.com\/fr\/product\/edeldestillerie-indlekofer-wutach-inaugural-release\/","url":"https:\/\/www.dramfolks-whisky-auction.com\/fr\/product\/edeldestillerie-indlekofer-wutach-inaugural-release\/","name":"Edeldestillerie Indlekofer - Wutach Inaugural Release - Dramfolks Whisky Auction","isPartOf":{"@id":"https:\/\/www.dramfolks-whisky-auction.com\/fr\/#website"},"primaryImageOfPage":{"@id":"https:\/\/www.dramfolks-whisky-auction.com\/fr\/product\/edeldestillerie-indlekofer-wutach-inaugural-release\/#primaryimage"},"image":{"@id":"https:\/\/www.dramfolks-whisky-auction.com\/fr\/product\/edeldestillerie-indlekofer-wutach-inaugural-release\/#primaryimage"},"thumbnailUrl":"https:\/\/www.dramfolks-whisky-auction.com\/wp-content\/uploads\/2023\/06\/wutach-vorne-scaled.jpg","datePublished":"2023-06-22T17:37:51+00:00","dateModified":"2023-07-05T18:58:42+00:00","breadcrumb":{"@id":"https:\/\/www.dramfolks-whisky-auction.com\/fr\/product\/edeldestillerie-indlekofer-wutach-inaugural-release\/#breadcrumb"},"inLanguage":"fr-FR","potentialAction":[{"@type":"ReadAction","target":["https:\/\/www.dramfolks-whisky-auction.com\/fr\/product\/edeldestillerie-indlekofer-wutach-inaugural-release\/"]}]},{"@type":"ImageObject","inLanguage":"fr-FR","@id":"https:\/\/www.dramfolks-whisky-auction.com\/fr\/product\/edeldestillerie-indlekofer-wutach-inaugural-release\/#primaryimage","url":"https:\/\/www.dramfolks-whisky-auction.com\/wp-content\/uploads\/2023\/06\/wutach-vorne-scaled.jpg","contentUrl":"https:\/\/www.dramfolks-whisky-auction.com\/wp-content\/uploads\/2023\/06\/wutach-vorne-scaled.jpg","width":2560,"height":2560},{"@type":"BreadcrumbList","@id":"https:\/\/www.dramfolks-whisky-auction.com\/fr\/product\/edeldestillerie-indlekofer-wutach-inaugural-release\/#breadcrumb","itemListElement":[{"@type":"ListItem","position":1,"name":"Startseite","item":"https:\/\/www.dramfolks-whisky-auction.com\/fr\/"},{"@type":"ListItem","position":2,"name":"Boutique","item":"https:\/\/www.dramfolks-whisky-auction.com\/fr\/boutique\/"},{"@type":"ListItem","position":3,"name":"Edeldestillerie Indlekofer &#8211; Wutach Inaugural Release"}]},{"@type":"WebSite","@id":"https:\/\/www.dramfolks-whisky-auction.com\/fr\/#website","url":"https:\/\/www.dramfolks-whisky-auction.com\/fr\/","name":"Dramfolks Whisky Auction","description":"","potentialAction":[{"@type":"SearchAction","target":{"@type":"EntryPoint","urlTemplate":"https:\/\/www.dramfolks-whisky-auction.com\/fr\/?s={search_term_string}"},"query-input":{"@type":"PropertyValueSpecification","valueRequired":true,"valueName":"search_term_string"}}],"inLanguage":"fr-FR"}]}},"_links":{"self":[{"href":"https:\/\/www.dramfolks-whisky-auction.com\/fr\/wp-json\/wp\/v2\/product\/3093","targetHints":{"allow":["GET"]}}],"collection":[{"href":"https:\/\/www.dramfolks-whisky-auction.com\/fr\/wp-json\/wp\/v2\/product"}],"about":[{"href":"https:\/\/www.dramfolks-whisky-auction.com\/fr\/wp-json\/wp\/v2\/types\/product"}],"replies":[{"embeddable":true,"href":"https:\/\/www.dramfolks-whisky-auction.com\/fr\/wp-json\/wp\/v2\/comments?post=3093"}],"wp:featuredmedia":[{"embeddable":true,"href":"https:\/\/www.dramfolks-whisky-auction.com\/fr\/wp-json\/wp\/v2\/media\/3110"}],"wp:attachment":[{"href":"https:\/\/www.dramfolks-whisky-auction.com\/fr\/wp-json\/wp\/v2\/media?parent=3093"}],"wp:term":[{"taxonomy":"product_brand","embeddable":true,"href":"https:\/\/www.dramfolks-whisky-auction.com\/fr\/wp-json\/wp\/v2\/product_brand?post=3093"},{"taxonomy":"product_cat","embeddable":true,"href":"https:\/\/www.dramfolks-whisky-auction.com\/fr\/wp-json\/wp\/v2\/product_cat?post=3093"},{"taxonomy":"product_tag","embeddable":true,"href":"https:\/\/www.dramfolks-whisky-auction.com\/fr\/wp-json\/wp\/v2\/product_tag?post=3093"}],"curies":[{"name":"wp","href":"https:\/\/api.w.org\/{rel}","templated":true}]}}