{"id":3059,"date":"2023-06-22T15:47:52","date_gmt":"2023-06-22T13:47:52","guid":{"rendered":"https:\/\/www.dramfolks-whisky-auction.com\/?post_type=product&#038;p=3059"},"modified":"2023-07-04T20:35:53","modified_gmt":"2023-07-04T18:35:53","slug":"maerkische-spezialitaetenbrennerei-decavo-single-malt-hoehlenwhisky","status":"publish","type":"product","link":"https:\/\/www.dramfolks-whisky-auction.com\/fr\/product\/maerkische-spezialitaetenbrennerei-decavo-single-malt-hoehlenwhisky\/","title":{"rendered":"M\u00e4rkische Spezialit\u00e4tenbrennerei &#8211; DeCavo Single Malt H\u00f6hlenwhisky"},"content":{"rendered":"<p><strong>Destille: <span class=\"fs10lh1-5 cf2\">M\u00e4rkische Spezialit\u00e4tenbrennerei <\/span><br \/>\n<\/strong><\/p>\n<p><span class=\"fs10lh1-5 cf2\">Die M\u00e4rkische Spezialit\u00e4tenbrennerei wurde erst 2010 er\u00f6ffnet und ist somit eine der j\u00fcngsten Brennereien Deutschlands. Sie befindet sich sehr malerisch in einer ehemaligen, liebevoll hergerichteten Schmiede in einem Vorort Hagens am n\u00f6rdlichen Rand des Sauerlands in der Grafschaft Mark. Schon am Er\u00f6ffnungstag wurde der erste Whisky destilliert. Die Reifung erfolgt zumeist in den Tiefen der Dechenh\u00f6hle bei gleichm\u00e4\u00dfiger Temperatur und hoher Feuchtigkeit. Die Whiskys der M\u00e4rkischen Spezialit\u00e4tenbrennerei sind prinzipiell Einzelfass-Abf\u00fcllungen. Das Ziel der Destillerie ist es, eine Alternative zu industriellen Massenprodukten mit ihrer lieblosen Konformit\u00e4t und ihrer anonymen Produktion zu bieten &#8211; frei nach dem Motto Bonum Bono (dem Guten das Gute).<br \/>\n<\/span><\/p>\n<p><strong>Fun Fact:\u00a0<\/strong>Die Marke DeCavo steht f\u00fcr Single Malt Whisky aus Deutschland, denn DeCavo l\u00e4sst sich mit \u00ab\u00a0aus der H\u00f6hle\u00a0\u00bb \u00fcbersetzen und bezieht sich darauf, dass es sich hier um Deutschlands ersten und einzigen H\u00f6hlen-Whisky handelt, der durch das spezielle H\u00f6henklima eine besonders ruhige Lagerungn erf\u00e4hrt, wodurch sich besonders sch\u00f6ne komplexe Aromen entwickeln.<\/p>\n<p><strong>Whisky\/Whiskey: DeCavo Single Malt H\u00f6hlenwhisky<br \/>\n<\/strong><\/p>\n<p>Der DeCavo Single Malt H\u00f6hlenwhisky ist 6 Jahre alt und es gibt ihn als Standardst\u00e4rke mit 47,3 Vol.%. Der weltbekannte \u201eWhisky Papst\u201c Jim Murray hat in seiner Whisky Bible Whiskies der MSB mit bis zu 94,5 Punkten bewertet und der H\u00f6hlenwhisky wurde 2022 mit der Medaille des IWSC in Bronze pr\u00e4miert. Durch die Lagerung in sowohl neuen als auch in Ex-Bourbon-F\u00e4sser aus amerikanischer Eiche, kommt reichlich Vanillearoma hinzu, sodass sich ein Geschmack von Vanille, Karamell, Nuss, Trockenapfel, frisches Geb\u00e4ck und Milchschokolade bildet. Es handelt sich um eine Abf\u00fcllung aus Fass L81 und Bottle-Nr. 98. Die MSB hat zudem einen Extra Dram, einen Gin in 0,02l ihrer Marke Edelstahl dazugelegt!<\/p>\n<p><strong>Info Qualit\u00e4t der Flasche:<\/strong> Exzellent ohne Besch\u00e4digungen \/ <strong>F\u00fcllstand:<\/strong> Top shoulder<br \/>\n<strong>Info Qualit\u00e4t der Box:<\/strong> keine Box vorhanden<\/p>\n<p><strong>Wichtiger Hinweis: <\/strong>Die Bewertung der Flaschen und Boxen erfolgt nach \u201ebesten Wissen und Gewissen\u201c. dramfolks kann keine Gew\u00e4hrleistung f\u00fcr den Inhalt der Flaschen \u00fcbernehmen. Weitere Infos &amp; Hinweise finden Sie in unseren AGBs. Wir empfehlen Ihnen, vor der Abgabe von Geboten \u00fcber die Zoomfunktion eine Besichtigung \/ genaue Pr\u00fcfung des angebotenen Whiskys vorzunehmen. Bitte kontaktieren sie uns bei Fragen direkt unter info@dramfolks.com<\/p>\n","protected":false},"excerpt":{"rendered":"<p>Destille: M\u00e4rkische Spezialit\u00e4tenbrennerei Die M\u00e4rkische Spezialit\u00e4tenbrennerei wurde erst 2010 er\u00f6ffnet und ist somit eine der j\u00fcngsten Brennereien Deutschlands. Sie befindet sich sehr malerisch in einer ehemaligen, liebevoll hergerichteten Schmiede in einem Vorort Hagens am n\u00f6rdlichen Rand des Sauerlands in der Grafschaft Mark. Schon am Er\u00f6ffnungstag wurde der erste Whisky destilliert. Die Reifung erfolgt zumeist in[&#8230;]\n","protected":false},"featured_media":3060,"comment_status":"closed","ping_status":"closed","template":"","meta":[],"product_brand":[],"product_cat":[413],"product_tag":[],"class_list":{"0":"post-3059","1":"product","2":"type-product","3":"status-publish","4":"has-post-thumbnail","6":"product_cat-no-5-special-auction","8":"first","9":"instock","10":"shipping-taxable","11":"purchasable","12":"product-type-auction"},"yoast_head":"<!-- This site is optimized with the Yoast SEO plugin v27.4 - https:\/\/yoast.com\/product\/yoast-seo-wordpress\/ -->\n<title>M\u00e4rkische Spezialit\u00e4tenbrennerei - DeCavo Single Malt H\u00f6hlenwhisky - Dramfolks Whisky Auction<\/title>\n<meta name=\"robots\" content=\"index, follow, max-snippet:-1, max-image-preview:large, max-video-preview:-1\" \/>\n<link rel=\"canonical\" href=\"https:\/\/www.dramfolks-whisky-auction.com\/fr\/product\/maerkische-spezialitaetenbrennerei-decavo-single-malt-hoehlenwhisky\/\" \/>\n<meta property=\"og:locale\" content=\"fr_FR\" \/>\n<meta property=\"og:type\" content=\"article\" \/>\n<meta property=\"og:title\" content=\"M\u00e4rkische Spezialit\u00e4tenbrennerei - DeCavo Single Malt H\u00f6hlenwhisky - Dramfolks Whisky Auction\" \/>\n<meta property=\"og:description\" content=\"Destille: M\u00e4rkische Spezialit\u00e4tenbrennerei Die M\u00e4rkische Spezialit\u00e4tenbrennerei wurde erst 2010 er\u00f6ffnet und ist somit eine der j\u00fcngsten Brennereien Deutschlands. Sie befindet sich sehr malerisch in einer ehemaligen, liebevoll hergerichteten Schmiede in einem Vorort Hagens am n\u00f6rdlichen Rand des Sauerlands in der Grafschaft Mark. Schon am Er\u00f6ffnungstag wurde der erste Whisky destilliert. Die Reifung erfolgt zumeist in[...]\" \/>\n<meta property=\"og:url\" content=\"https:\/\/www.dramfolks-whisky-auction.com\/fr\/product\/maerkische-spezialitaetenbrennerei-decavo-single-malt-hoehlenwhisky\/\" \/>\n<meta property=\"og:site_name\" content=\"Dramfolks Whisky Auction\" \/>\n<meta property=\"article:modified_time\" content=\"2023-07-04T18:35:53+00:00\" \/>\n<meta property=\"og:image\" content=\"https:\/\/www.dramfolks-whisky-auction.com\/wp-content\/uploads\/2023\/06\/DeCavo-vorne-scaled.jpg\" \/>\n\t<meta property=\"og:image:width\" content=\"2560\" \/>\n\t<meta property=\"og:image:height\" content=\"2560\" \/>\n\t<meta property=\"og:image:type\" content=\"image\/jpeg\" \/>\n<meta name=\"twitter:card\" content=\"summary_large_image\" \/>\n<meta name=\"twitter:label1\" content=\"Dur\u00e9e de lecture estim\u00e9e\" \/>\n\t<meta name=\"twitter:data1\" content=\"2 minutes\" \/>\n<script type=\"application\/ld+json\" class=\"yoast-schema-graph\">{\"@context\":\"https:\\\/\\\/schema.org\",\"@graph\":[{\"@type\":\"WebPage\",\"@id\":\"https:\\\/\\\/www.dramfolks-whisky-auction.com\\\/fr\\\/product\\\/maerkische-spezialitaetenbrennerei-decavo-single-malt-hoehlenwhisky\\\/\",\"url\":\"https:\\\/\\\/www.dramfolks-whisky-auction.com\\\/fr\\\/product\\\/maerkische-spezialitaetenbrennerei-decavo-single-malt-hoehlenwhisky\\\/\",\"name\":\"M\u00e4rkische Spezialit\u00e4tenbrennerei - DeCavo Single Malt H\u00f6hlenwhisky - Dramfolks Whisky Auction\",\"isPartOf\":{\"@id\":\"https:\\\/\\\/www.dramfolks-whisky-auction.com\\\/fr\\\/#website\"},\"primaryImageOfPage\":{\"@id\":\"https:\\\/\\\/www.dramfolks-whisky-auction.com\\\/fr\\\/product\\\/maerkische-spezialitaetenbrennerei-decavo-single-malt-hoehlenwhisky\\\/#primaryimage\"},\"image\":{\"@id\":\"https:\\\/\\\/www.dramfolks-whisky-auction.com\\\/fr\\\/product\\\/maerkische-spezialitaetenbrennerei-decavo-single-malt-hoehlenwhisky\\\/#primaryimage\"},\"thumbnailUrl\":\"https:\\\/\\\/www.dramfolks-whisky-auction.com\\\/wp-content\\\/uploads\\\/2023\\\/06\\\/DeCavo-vorne-scaled.jpg\",\"datePublished\":\"2023-06-22T13:47:52+00:00\",\"dateModified\":\"2023-07-04T18:35:53+00:00\",\"breadcrumb\":{\"@id\":\"https:\\\/\\\/www.dramfolks-whisky-auction.com\\\/fr\\\/product\\\/maerkische-spezialitaetenbrennerei-decavo-single-malt-hoehlenwhisky\\\/#breadcrumb\"},\"inLanguage\":\"fr-FR\",\"potentialAction\":[{\"@type\":\"ReadAction\",\"target\":[\"https:\\\/\\\/www.dramfolks-whisky-auction.com\\\/fr\\\/product\\\/maerkische-spezialitaetenbrennerei-decavo-single-malt-hoehlenwhisky\\\/\"]}]},{\"@type\":\"ImageObject\",\"inLanguage\":\"fr-FR\",\"@id\":\"https:\\\/\\\/www.dramfolks-whisky-auction.com\\\/fr\\\/product\\\/maerkische-spezialitaetenbrennerei-decavo-single-malt-hoehlenwhisky\\\/#primaryimage\",\"url\":\"https:\\\/\\\/www.dramfolks-whisky-auction.com\\\/wp-content\\\/uploads\\\/2023\\\/06\\\/DeCavo-vorne-scaled.jpg\",\"contentUrl\":\"https:\\\/\\\/www.dramfolks-whisky-auction.com\\\/wp-content\\\/uploads\\\/2023\\\/06\\\/DeCavo-vorne-scaled.jpg\",\"width\":2560,\"height\":2560},{\"@type\":\"BreadcrumbList\",\"@id\":\"https:\\\/\\\/www.dramfolks-whisky-auction.com\\\/fr\\\/product\\\/maerkische-spezialitaetenbrennerei-decavo-single-malt-hoehlenwhisky\\\/#breadcrumb\",\"itemListElement\":[{\"@type\":\"ListItem\",\"position\":1,\"name\":\"Startseite\",\"item\":\"https:\\\/\\\/www.dramfolks-whisky-auction.com\\\/fr\\\/\"},{\"@type\":\"ListItem\",\"position\":2,\"name\":\"Boutique\",\"item\":\"https:\\\/\\\/www.dramfolks-whisky-auction.com\\\/fr\\\/boutique\\\/\"},{\"@type\":\"ListItem\",\"position\":3,\"name\":\"M\u00e4rkische Spezialit\u00e4tenbrennerei &#8211; DeCavo Single Malt H\u00f6hlenwhisky\"}]},{\"@type\":\"WebSite\",\"@id\":\"https:\\\/\\\/www.dramfolks-whisky-auction.com\\\/fr\\\/#website\",\"url\":\"https:\\\/\\\/www.dramfolks-whisky-auction.com\\\/fr\\\/\",\"name\":\"Dramfolks Whisky Auction\",\"description\":\"\",\"potentialAction\":[{\"@type\":\"SearchAction\",\"target\":{\"@type\":\"EntryPoint\",\"urlTemplate\":\"https:\\\/\\\/www.dramfolks-whisky-auction.com\\\/fr\\\/?s={search_term_string}\"},\"query-input\":{\"@type\":\"PropertyValueSpecification\",\"valueRequired\":true,\"valueName\":\"search_term_string\"}}],\"inLanguage\":\"fr-FR\"}]}<\/script>\n<!-- \/ Yoast SEO plugin. -->","yoast_head_json":{"title":"M\u00e4rkische Spezialit\u00e4tenbrennerei - DeCavo Single Malt H\u00f6hlenwhisky - Dramfolks Whisky Auction","robots":{"index":"index","follow":"follow","max-snippet":"max-snippet:-1","max-image-preview":"max-image-preview:large","max-video-preview":"max-video-preview:-1"},"canonical":"https:\/\/www.dramfolks-whisky-auction.com\/fr\/product\/maerkische-spezialitaetenbrennerei-decavo-single-malt-hoehlenwhisky\/","og_locale":"fr_FR","og_type":"article","og_title":"M\u00e4rkische Spezialit\u00e4tenbrennerei - DeCavo Single Malt H\u00f6hlenwhisky - Dramfolks Whisky Auction","og_description":"Destille: M\u00e4rkische Spezialit\u00e4tenbrennerei Die M\u00e4rkische Spezialit\u00e4tenbrennerei wurde erst 2010 er\u00f6ffnet und ist somit eine der j\u00fcngsten Brennereien Deutschlands. Sie befindet sich sehr malerisch in einer ehemaligen, liebevoll hergerichteten Schmiede in einem Vorort Hagens am n\u00f6rdlichen Rand des Sauerlands in der Grafschaft Mark. Schon am Er\u00f6ffnungstag wurde der erste Whisky destilliert. Die Reifung erfolgt zumeist in[...]","og_url":"https:\/\/www.dramfolks-whisky-auction.com\/fr\/product\/maerkische-spezialitaetenbrennerei-decavo-single-malt-hoehlenwhisky\/","og_site_name":"Dramfolks Whisky Auction","article_modified_time":"2023-07-04T18:35:53+00:00","og_image":[{"width":2560,"height":2560,"url":"https:\/\/www.dramfolks-whisky-auction.com\/wp-content\/uploads\/2023\/06\/DeCavo-vorne-scaled.jpg","type":"image\/jpeg"}],"twitter_card":"summary_large_image","twitter_misc":{"Dur\u00e9e de lecture estim\u00e9e":"2 minutes"},"schema":{"@context":"https:\/\/schema.org","@graph":[{"@type":"WebPage","@id":"https:\/\/www.dramfolks-whisky-auction.com\/fr\/product\/maerkische-spezialitaetenbrennerei-decavo-single-malt-hoehlenwhisky\/","url":"https:\/\/www.dramfolks-whisky-auction.com\/fr\/product\/maerkische-spezialitaetenbrennerei-decavo-single-malt-hoehlenwhisky\/","name":"M\u00e4rkische Spezialit\u00e4tenbrennerei - DeCavo Single Malt H\u00f6hlenwhisky - Dramfolks Whisky Auction","isPartOf":{"@id":"https:\/\/www.dramfolks-whisky-auction.com\/fr\/#website"},"primaryImageOfPage":{"@id":"https:\/\/www.dramfolks-whisky-auction.com\/fr\/product\/maerkische-spezialitaetenbrennerei-decavo-single-malt-hoehlenwhisky\/#primaryimage"},"image":{"@id":"https:\/\/www.dramfolks-whisky-auction.com\/fr\/product\/maerkische-spezialitaetenbrennerei-decavo-single-malt-hoehlenwhisky\/#primaryimage"},"thumbnailUrl":"https:\/\/www.dramfolks-whisky-auction.com\/wp-content\/uploads\/2023\/06\/DeCavo-vorne-scaled.jpg","datePublished":"2023-06-22T13:47:52+00:00","dateModified":"2023-07-04T18:35:53+00:00","breadcrumb":{"@id":"https:\/\/www.dramfolks-whisky-auction.com\/fr\/product\/maerkische-spezialitaetenbrennerei-decavo-single-malt-hoehlenwhisky\/#breadcrumb"},"inLanguage":"fr-FR","potentialAction":[{"@type":"ReadAction","target":["https:\/\/www.dramfolks-whisky-auction.com\/fr\/product\/maerkische-spezialitaetenbrennerei-decavo-single-malt-hoehlenwhisky\/"]}]},{"@type":"ImageObject","inLanguage":"fr-FR","@id":"https:\/\/www.dramfolks-whisky-auction.com\/fr\/product\/maerkische-spezialitaetenbrennerei-decavo-single-malt-hoehlenwhisky\/#primaryimage","url":"https:\/\/www.dramfolks-whisky-auction.com\/wp-content\/uploads\/2023\/06\/DeCavo-vorne-scaled.jpg","contentUrl":"https:\/\/www.dramfolks-whisky-auction.com\/wp-content\/uploads\/2023\/06\/DeCavo-vorne-scaled.jpg","width":2560,"height":2560},{"@type":"BreadcrumbList","@id":"https:\/\/www.dramfolks-whisky-auction.com\/fr\/product\/maerkische-spezialitaetenbrennerei-decavo-single-malt-hoehlenwhisky\/#breadcrumb","itemListElement":[{"@type":"ListItem","position":1,"name":"Startseite","item":"https:\/\/www.dramfolks-whisky-auction.com\/fr\/"},{"@type":"ListItem","position":2,"name":"Boutique","item":"https:\/\/www.dramfolks-whisky-auction.com\/fr\/boutique\/"},{"@type":"ListItem","position":3,"name":"M\u00e4rkische Spezialit\u00e4tenbrennerei &#8211; DeCavo Single Malt H\u00f6hlenwhisky"}]},{"@type":"WebSite","@id":"https:\/\/www.dramfolks-whisky-auction.com\/fr\/#website","url":"https:\/\/www.dramfolks-whisky-auction.com\/fr\/","name":"Dramfolks Whisky Auction","description":"","potentialAction":[{"@type":"SearchAction","target":{"@type":"EntryPoint","urlTemplate":"https:\/\/www.dramfolks-whisky-auction.com\/fr\/?s={search_term_string}"},"query-input":{"@type":"PropertyValueSpecification","valueRequired":true,"valueName":"search_term_string"}}],"inLanguage":"fr-FR"}]}},"_links":{"self":[{"href":"https:\/\/www.dramfolks-whisky-auction.com\/fr\/wp-json\/wp\/v2\/product\/3059","targetHints":{"allow":["GET"]}}],"collection":[{"href":"https:\/\/www.dramfolks-whisky-auction.com\/fr\/wp-json\/wp\/v2\/product"}],"about":[{"href":"https:\/\/www.dramfolks-whisky-auction.com\/fr\/wp-json\/wp\/v2\/types\/product"}],"replies":[{"embeddable":true,"href":"https:\/\/www.dramfolks-whisky-auction.com\/fr\/wp-json\/wp\/v2\/comments?post=3059"}],"wp:featuredmedia":[{"embeddable":true,"href":"https:\/\/www.dramfolks-whisky-auction.com\/fr\/wp-json\/wp\/v2\/media\/3060"}],"wp:attachment":[{"href":"https:\/\/www.dramfolks-whisky-auction.com\/fr\/wp-json\/wp\/v2\/media?parent=3059"}],"wp:term":[{"taxonomy":"product_brand","embeddable":true,"href":"https:\/\/www.dramfolks-whisky-auction.com\/fr\/wp-json\/wp\/v2\/product_brand?post=3059"},{"taxonomy":"product_cat","embeddable":true,"href":"https:\/\/www.dramfolks-whisky-auction.com\/fr\/wp-json\/wp\/v2\/product_cat?post=3059"},{"taxonomy":"product_tag","embeddable":true,"href":"https:\/\/www.dramfolks-whisky-auction.com\/fr\/wp-json\/wp\/v2\/product_tag?post=3059"}],"curies":[{"name":"wp","href":"https:\/\/api.w.org\/{rel}","templated":true}]}}