{"id":2929,"date":"2023-06-18T18:07:50","date_gmt":"2023-06-18T16:07:50","guid":{"rendered":"https:\/\/www.dramfolks-whisky-auction.com\/?post_type=product&#038;p=2929"},"modified":"2023-07-03T21:09:58","modified_gmt":"2023-07-03T19:09:58","slug":"slyrs-mountain-edition-1501","status":"publish","type":"product","link":"https:\/\/www.dramfolks-whisky-auction.com\/fr\/product\/slyrs-mountain-edition-1501\/","title":{"rendered":"Slyrs &#8211; Mountain Edition 1501"},"content":{"rendered":"<p><strong>Destille: Slyrs<br \/>\n<\/strong>In den bayerischen Alpen am Schliersee liegt die Destillerie Lantenhammer, bekannt f\u00fcr hochwertige Edelbr\u00e4nde, die seit Generationen im Familienbesitz ist und heute von der Familie Stetter gef\u00fchrt wird.<br \/>\nBrau- und Destilliermeister Florian Stetter unternahm in den 90er Jahren eine Studienreise nach Schottland. Fasziniert von der Whiskyherstellung kam er mit der Vision nach Hause selbst Whisky in Bayern zu brennen. Seit 1999 wird nun am Schliersee Bavarian Single Malt Whisky destilliert.<\/p>\n<p><strong>Fun Fakt:<\/strong> Florian Stetter wettet nach seiner Schottlandreise mit seinen Kollegen um einen Kasten Wei\u00dfbier, dass man auch in Oberbayern erstklassigen Whisky brennen kann \u2013 und er gewinnt! Schon wenig sp\u00e4ter wird in der elterlichen Destillerie Lantenhammer Whisky gebrannt.<\/p>\n<p><strong>Whisky\/Whiskey: Mountain Edition 1501<br \/>\n<\/strong><\/p>\n<p>Berge vor der Haust\u00fcr, eine Idee im Kopf: SLYRS Whisky, der die H\u00f6henluft der ober-bayrischen Alpen atmet und dort zur Perfektion reift. Im Jahr 2014 setzte SLYRS Mitgr\u00fcnder Anton Stetter mit Gesch\u00e4ftsf\u00fchrer und Destillateurmeister Hans Kemenater dieses Vorhaben in die Tat um. Mit dem Skilift transportierten sie ca. 50 eigens daf\u00fcr ausgew\u00e4hlte Whiskyf\u00e4sser auf 1501 Meter H\u00f6he, auf den Gipfel des Bergs St\u00fcmpfling. Dort befindet sich das einmalige SLYRS H\u00f6henlager. Die Sonder-Edition ist jedes Jahr einem der Gipfel aus der umliegenden Bergregion gewidmet. In der H\u00f6he bekommt der Whisky nicht nur reinste Bergluft, sondern ist auch extremen Temperaturschwankungen von bis zu 60 Grad ausgesetzt. Durch diese Reifung entstehen kraftvoll w\u00fcrzige Aromen, welche das Geschmacksbild der bayrischen Alpen wiederspiegeln sollen. Der Whisky reift 5 Jahre bis zur Vollendung. Es handelt sich um die Flasche mit Bottle Code E0571 in einer edlen Panorama-Kartonage.<\/p>\n<p><strong>Info Qualit\u00e4t der Flasche:<\/strong> Exzellent ohne Besch\u00e4digungen \/ <strong>F\u00fcllstand:<\/strong> Top shoulder<br \/>\n<strong>Info Qualit\u00e4t der Box: <\/strong>Exzellent ohne Besch\u00e4digungen<\/p>\n<p><strong>Wichtiger Hinweis:<\/strong> Die Bewertung der Flaschen und Boxen erfolgt nach \u201ebesten Wissen und Gewissen\u201c. dramfolks kann keine Gew\u00e4hrleistung f\u00fcr den Inhalt der Flaschen \u00fcbernehmen. Weitere Infos &amp; Hinweise finden Sie in unseren AGBs. Wir empfehlen Ihnen, vor der Abgabe von Geboten \u00fcber die Zoomfunktion eine Besichtigung \/ genaue Pr\u00fcfung des angebotenen Whiskys vorzunehmen. Bitte kontaktieren sie uns bei Fragen direkt unter info@dramfolks.com<\/p>\n","protected":false},"excerpt":{"rendered":"<p>Destille: Slyrs In den bayerischen Alpen am Schliersee liegt die Destillerie Lantenhammer, bekannt f\u00fcr hochwertige Edelbr\u00e4nde, die seit Generationen im Familienbesitz ist und heute von der Familie Stetter gef\u00fchrt wird. Brau- und Destilliermeister Florian Stetter unternahm in den 90er Jahren eine Studienreise nach Schottland. Fasziniert von der Whiskyherstellung kam er mit der Vision nach Hause[&#8230;]\n","protected":false},"featured_media":2930,"comment_status":"closed","ping_status":"closed","template":"","meta":[],"product_brand":[],"product_cat":[413],"product_tag":[],"class_list":{"0":"post-2929","1":"product","2":"type-product","3":"status-publish","4":"has-post-thumbnail","6":"product_cat-no-5-special-auction","8":"first","9":"instock","10":"shipping-taxable","11":"purchasable","12":"product-type-auction"},"yoast_head":"<!-- This site is optimized with the Yoast SEO plugin v27.4 - https:\/\/yoast.com\/product\/yoast-seo-wordpress\/ -->\n<title>Slyrs - Mountain Edition 1501 - Dramfolks Whisky Auction<\/title>\n<meta name=\"robots\" content=\"index, follow, max-snippet:-1, max-image-preview:large, max-video-preview:-1\" \/>\n<link rel=\"canonical\" href=\"https:\/\/www.dramfolks-whisky-auction.com\/fr\/product\/slyrs-mountain-edition-1501\/\" \/>\n<meta property=\"og:locale\" content=\"fr_FR\" \/>\n<meta property=\"og:type\" content=\"article\" \/>\n<meta property=\"og:title\" content=\"Slyrs - Mountain Edition 1501 - Dramfolks Whisky Auction\" \/>\n<meta property=\"og:description\" content=\"Destille: Slyrs In den bayerischen Alpen am Schliersee liegt die Destillerie Lantenhammer, bekannt f\u00fcr hochwertige Edelbr\u00e4nde, die seit Generationen im Familienbesitz ist und heute von der Familie Stetter gef\u00fchrt wird. Brau- und Destilliermeister Florian Stetter unternahm in den 90er Jahren eine Studienreise nach Schottland. Fasziniert von der Whiskyherstellung kam er mit der Vision nach Hause[...]\" \/>\n<meta property=\"og:url\" content=\"https:\/\/www.dramfolks-whisky-auction.com\/fr\/product\/slyrs-mountain-edition-1501\/\" \/>\n<meta property=\"og:site_name\" content=\"Dramfolks Whisky Auction\" \/>\n<meta property=\"article:modified_time\" content=\"2023-07-03T19:09:58+00:00\" \/>\n<meta property=\"og:image\" content=\"https:\/\/www.dramfolks-whisky-auction.com\/wp-content\/uploads\/2023\/06\/slyrs2-vorne-scaled.jpg\" \/>\n\t<meta property=\"og:image:width\" content=\"2560\" \/>\n\t<meta property=\"og:image:height\" content=\"2560\" \/>\n\t<meta property=\"og:image:type\" content=\"image\/jpeg\" \/>\n<meta name=\"twitter:card\" content=\"summary_large_image\" \/>\n<meta name=\"twitter:label1\" content=\"Dur\u00e9e de lecture estim\u00e9e\" \/>\n\t<meta name=\"twitter:data1\" content=\"2 minutes\" \/>\n<script type=\"application\/ld+json\" class=\"yoast-schema-graph\">{\"@context\":\"https:\\\/\\\/schema.org\",\"@graph\":[{\"@type\":\"WebPage\",\"@id\":\"https:\\\/\\\/www.dramfolks-whisky-auction.com\\\/fr\\\/product\\\/slyrs-mountain-edition-1501\\\/\",\"url\":\"https:\\\/\\\/www.dramfolks-whisky-auction.com\\\/fr\\\/product\\\/slyrs-mountain-edition-1501\\\/\",\"name\":\"Slyrs - Mountain Edition 1501 - Dramfolks Whisky Auction\",\"isPartOf\":{\"@id\":\"https:\\\/\\\/www.dramfolks-whisky-auction.com\\\/fr\\\/#website\"},\"primaryImageOfPage\":{\"@id\":\"https:\\\/\\\/www.dramfolks-whisky-auction.com\\\/fr\\\/product\\\/slyrs-mountain-edition-1501\\\/#primaryimage\"},\"image\":{\"@id\":\"https:\\\/\\\/www.dramfolks-whisky-auction.com\\\/fr\\\/product\\\/slyrs-mountain-edition-1501\\\/#primaryimage\"},\"thumbnailUrl\":\"https:\\\/\\\/www.dramfolks-whisky-auction.com\\\/wp-content\\\/uploads\\\/2023\\\/06\\\/slyrs2-vorne-scaled.jpg\",\"datePublished\":\"2023-06-18T16:07:50+00:00\",\"dateModified\":\"2023-07-03T19:09:58+00:00\",\"breadcrumb\":{\"@id\":\"https:\\\/\\\/www.dramfolks-whisky-auction.com\\\/fr\\\/product\\\/slyrs-mountain-edition-1501\\\/#breadcrumb\"},\"inLanguage\":\"fr-FR\",\"potentialAction\":[{\"@type\":\"ReadAction\",\"target\":[\"https:\\\/\\\/www.dramfolks-whisky-auction.com\\\/fr\\\/product\\\/slyrs-mountain-edition-1501\\\/\"]}]},{\"@type\":\"ImageObject\",\"inLanguage\":\"fr-FR\",\"@id\":\"https:\\\/\\\/www.dramfolks-whisky-auction.com\\\/fr\\\/product\\\/slyrs-mountain-edition-1501\\\/#primaryimage\",\"url\":\"https:\\\/\\\/www.dramfolks-whisky-auction.com\\\/wp-content\\\/uploads\\\/2023\\\/06\\\/slyrs2-vorne-scaled.jpg\",\"contentUrl\":\"https:\\\/\\\/www.dramfolks-whisky-auction.com\\\/wp-content\\\/uploads\\\/2023\\\/06\\\/slyrs2-vorne-scaled.jpg\",\"width\":2560,\"height\":2560},{\"@type\":\"BreadcrumbList\",\"@id\":\"https:\\\/\\\/www.dramfolks-whisky-auction.com\\\/fr\\\/product\\\/slyrs-mountain-edition-1501\\\/#breadcrumb\",\"itemListElement\":[{\"@type\":\"ListItem\",\"position\":1,\"name\":\"Startseite\",\"item\":\"https:\\\/\\\/www.dramfolks-whisky-auction.com\\\/fr\\\/\"},{\"@type\":\"ListItem\",\"position\":2,\"name\":\"Boutique\",\"item\":\"https:\\\/\\\/www.dramfolks-whisky-auction.com\\\/fr\\\/boutique\\\/\"},{\"@type\":\"ListItem\",\"position\":3,\"name\":\"Slyrs &#8211; Mountain Edition 1501\"}]},{\"@type\":\"WebSite\",\"@id\":\"https:\\\/\\\/www.dramfolks-whisky-auction.com\\\/fr\\\/#website\",\"url\":\"https:\\\/\\\/www.dramfolks-whisky-auction.com\\\/fr\\\/\",\"name\":\"Dramfolks Whisky Auction\",\"description\":\"\",\"potentialAction\":[{\"@type\":\"SearchAction\",\"target\":{\"@type\":\"EntryPoint\",\"urlTemplate\":\"https:\\\/\\\/www.dramfolks-whisky-auction.com\\\/fr\\\/?s={search_term_string}\"},\"query-input\":{\"@type\":\"PropertyValueSpecification\",\"valueRequired\":true,\"valueName\":\"search_term_string\"}}],\"inLanguage\":\"fr-FR\"}]}<\/script>\n<!-- \/ Yoast SEO plugin. -->","yoast_head_json":{"title":"Slyrs - Mountain Edition 1501 - Dramfolks Whisky Auction","robots":{"index":"index","follow":"follow","max-snippet":"max-snippet:-1","max-image-preview":"max-image-preview:large","max-video-preview":"max-video-preview:-1"},"canonical":"https:\/\/www.dramfolks-whisky-auction.com\/fr\/product\/slyrs-mountain-edition-1501\/","og_locale":"fr_FR","og_type":"article","og_title":"Slyrs - Mountain Edition 1501 - Dramfolks Whisky Auction","og_description":"Destille: Slyrs In den bayerischen Alpen am Schliersee liegt die Destillerie Lantenhammer, bekannt f\u00fcr hochwertige Edelbr\u00e4nde, die seit Generationen im Familienbesitz ist und heute von der Familie Stetter gef\u00fchrt wird. Brau- und Destilliermeister Florian Stetter unternahm in den 90er Jahren eine Studienreise nach Schottland. Fasziniert von der Whiskyherstellung kam er mit der Vision nach Hause[...]","og_url":"https:\/\/www.dramfolks-whisky-auction.com\/fr\/product\/slyrs-mountain-edition-1501\/","og_site_name":"Dramfolks Whisky Auction","article_modified_time":"2023-07-03T19:09:58+00:00","og_image":[{"width":2560,"height":2560,"url":"https:\/\/www.dramfolks-whisky-auction.com\/wp-content\/uploads\/2023\/06\/slyrs2-vorne-scaled.jpg","type":"image\/jpeg"}],"twitter_card":"summary_large_image","twitter_misc":{"Dur\u00e9e de lecture estim\u00e9e":"2 minutes"},"schema":{"@context":"https:\/\/schema.org","@graph":[{"@type":"WebPage","@id":"https:\/\/www.dramfolks-whisky-auction.com\/fr\/product\/slyrs-mountain-edition-1501\/","url":"https:\/\/www.dramfolks-whisky-auction.com\/fr\/product\/slyrs-mountain-edition-1501\/","name":"Slyrs - Mountain Edition 1501 - Dramfolks Whisky Auction","isPartOf":{"@id":"https:\/\/www.dramfolks-whisky-auction.com\/fr\/#website"},"primaryImageOfPage":{"@id":"https:\/\/www.dramfolks-whisky-auction.com\/fr\/product\/slyrs-mountain-edition-1501\/#primaryimage"},"image":{"@id":"https:\/\/www.dramfolks-whisky-auction.com\/fr\/product\/slyrs-mountain-edition-1501\/#primaryimage"},"thumbnailUrl":"https:\/\/www.dramfolks-whisky-auction.com\/wp-content\/uploads\/2023\/06\/slyrs2-vorne-scaled.jpg","datePublished":"2023-06-18T16:07:50+00:00","dateModified":"2023-07-03T19:09:58+00:00","breadcrumb":{"@id":"https:\/\/www.dramfolks-whisky-auction.com\/fr\/product\/slyrs-mountain-edition-1501\/#breadcrumb"},"inLanguage":"fr-FR","potentialAction":[{"@type":"ReadAction","target":["https:\/\/www.dramfolks-whisky-auction.com\/fr\/product\/slyrs-mountain-edition-1501\/"]}]},{"@type":"ImageObject","inLanguage":"fr-FR","@id":"https:\/\/www.dramfolks-whisky-auction.com\/fr\/product\/slyrs-mountain-edition-1501\/#primaryimage","url":"https:\/\/www.dramfolks-whisky-auction.com\/wp-content\/uploads\/2023\/06\/slyrs2-vorne-scaled.jpg","contentUrl":"https:\/\/www.dramfolks-whisky-auction.com\/wp-content\/uploads\/2023\/06\/slyrs2-vorne-scaled.jpg","width":2560,"height":2560},{"@type":"BreadcrumbList","@id":"https:\/\/www.dramfolks-whisky-auction.com\/fr\/product\/slyrs-mountain-edition-1501\/#breadcrumb","itemListElement":[{"@type":"ListItem","position":1,"name":"Startseite","item":"https:\/\/www.dramfolks-whisky-auction.com\/fr\/"},{"@type":"ListItem","position":2,"name":"Boutique","item":"https:\/\/www.dramfolks-whisky-auction.com\/fr\/boutique\/"},{"@type":"ListItem","position":3,"name":"Slyrs &#8211; Mountain Edition 1501"}]},{"@type":"WebSite","@id":"https:\/\/www.dramfolks-whisky-auction.com\/fr\/#website","url":"https:\/\/www.dramfolks-whisky-auction.com\/fr\/","name":"Dramfolks Whisky Auction","description":"","potentialAction":[{"@type":"SearchAction","target":{"@type":"EntryPoint","urlTemplate":"https:\/\/www.dramfolks-whisky-auction.com\/fr\/?s={search_term_string}"},"query-input":{"@type":"PropertyValueSpecification","valueRequired":true,"valueName":"search_term_string"}}],"inLanguage":"fr-FR"}]}},"_links":{"self":[{"href":"https:\/\/www.dramfolks-whisky-auction.com\/fr\/wp-json\/wp\/v2\/product\/2929","targetHints":{"allow":["GET"]}}],"collection":[{"href":"https:\/\/www.dramfolks-whisky-auction.com\/fr\/wp-json\/wp\/v2\/product"}],"about":[{"href":"https:\/\/www.dramfolks-whisky-auction.com\/fr\/wp-json\/wp\/v2\/types\/product"}],"replies":[{"embeddable":true,"href":"https:\/\/www.dramfolks-whisky-auction.com\/fr\/wp-json\/wp\/v2\/comments?post=2929"}],"wp:featuredmedia":[{"embeddable":true,"href":"https:\/\/www.dramfolks-whisky-auction.com\/fr\/wp-json\/wp\/v2\/media\/2930"}],"wp:attachment":[{"href":"https:\/\/www.dramfolks-whisky-auction.com\/fr\/wp-json\/wp\/v2\/media?parent=2929"}],"wp:term":[{"taxonomy":"product_brand","embeddable":true,"href":"https:\/\/www.dramfolks-whisky-auction.com\/fr\/wp-json\/wp\/v2\/product_brand?post=2929"},{"taxonomy":"product_cat","embeddable":true,"href":"https:\/\/www.dramfolks-whisky-auction.com\/fr\/wp-json\/wp\/v2\/product_cat?post=2929"},{"taxonomy":"product_tag","embeddable":true,"href":"https:\/\/www.dramfolks-whisky-auction.com\/fr\/wp-json\/wp\/v2\/product_tag?post=2929"}],"curies":[{"name":"wp","href":"https:\/\/api.w.org\/{rel}","templated":true}]}}