{"id":2909,"date":"2023-06-18T13:13:34","date_gmt":"2023-06-18T11:13:34","guid":{"rendered":"https:\/\/www.dramfolks-whisky-auction.com\/?post_type=product&#038;p=2909"},"modified":"2023-07-05T20:58:42","modified_gmt":"2023-07-05T18:58:42","slug":"betz-destillerie-single-malt-master-blend","status":"publish","type":"product","link":"https:\/\/www.dramfolks-whisky-auction.com\/fr\/product\/betz-destillerie-single-malt-master-blend\/","title":{"rendered":"Betz Destillerie &#8211; Single Malt \u00ab\u00a0Master Blend\u00a0\u00bb"},"content":{"rendered":"<p><strong>Destille: Betz Destillerie<br \/>\n<\/strong><\/p>\n<p>Die Anf\u00e4nge der Brennerei gehen bis ins Jahr 1895 zur\u00fcck. Gegr\u00fcndet von Urgro\u00dfvater Andreas Betz befindet sich die Destillerie mittlerweile in der 4. Generation bei Uli Betz. Beheimatet in Waldstetten, einem kleinen malerischen Ort in der N\u00e4he von Schw\u00e4bisch Gm\u00fcnd, am Fu\u00df der Schw\u00e4bischen Alb. Besonders wichtig ist den Baden W\u00fcrttembergern ebenfalls eine schonende Weiterverarbeitung, wo sie besonders sorgf\u00e4ltig bei der Produktion der Maische sind. Beim Maischvorgang ist die st\u00e4ndige \u00dcberwachung des G\u00e4rprozesses entscheidend. Die anschlie\u00dfende Destillation ist das Herzst\u00fcck ihrer Arbeit: hier entsteht der tolle Betz Single Malt Whisky in einzigartiger Bio-Qualit\u00e4t. Zus\u00e4tzlich zum Whisky produziert Betz ebenfalls ein exklusives Sortiment aus Gin, Wodka und hauseigenen Edelbr\u00e4nden und Lik\u00f6ren aus dem Holzfass.<\/p>\n<p><strong>Fun Fact: <\/strong>Seit 2019 produziert Betz den ersten Demeter-zertifizierten Whisky Deutschlands und darauf sind sie m\u00e4chtig stolz &#8211; zu recht. Als erste Demeter-zertifizierte Destillerie Deutschlands brennt Betz Destillate in einmaliger Bio-Qualit\u00e4t. Die Verwendung von regionalen und nachhaltig angebauten Rohstoffen spielt dabei eine besonders wichtige Rolle. Darum arbeiten sie ausschlie\u00dflich mit streng kontrolliertem Getreide.<\/p>\n<p><strong>Whisky\/Whiskey: Single Malt \u00ab\u00a0Master Blend\u00a0\u00bb<br \/>\n<\/strong><\/p>\n<p>No.4 von 4 tollen Whiskys, die Uli Betz ins Rennen schickt&#8230; Single Malt \u00ab\u00a0Master Blend\u00a0\u00bb. Aus dem Batch No.4 und der erste eigene Betz Single Malt mit einzigartigem Charakter nimmt mit zunehmender Zeit die Aromen aus dem Fass auf. \u00ab\u00a0Bernstein\u00a0\u00bb beschreibt die Whisky Farbe am besten. \u00ab\u00a0Der Geschmack nach leichten Schoko-Toffees, kr\u00e4ftige Malzs\u00fcsse mit Sahne-Karamell, Vanille, Kr\u00e4uter und am Schluss auch ein Hauch von Kakao und Orange\u00a0\u00bb machen ihn zu einem wundervollen Geschmackserlebnis. \u00ab\u00a0Cremig &amp; langanhaltend\u00a0\u00bb wird dann final der Abgang von den Betz Jungs beschrieben. Gut gemacht liebes Betz Team!<\/p>\n<p><strong>Info Qualit\u00e4t der Flasche:<\/strong> Exzellent ohne Besch\u00e4digungen \/ <strong>F\u00fcllstand:<\/strong> Into neck<br \/>\n<strong>Info Qualit\u00e4t der Box:<\/strong> Exzellent ohne Besch\u00e4digungen<\/p>\n<p><strong>Wichtiger Hinweis: <\/strong>Die Bewertung der Flaschen und Boxen erfolgt nach \u201ebesten Wissen und Gewissen\u201c. dramfolks kann keine Gew\u00e4hrleistung f\u00fcr den Inhalt der Flaschen \u00fcbernehmen. Weitere Infos &amp; Hinweise finden Sie in unseren AGBs. Wir empfehlen Ihnen, vor der Abgabe von Geboten \u00fcber die Zoomfunktion eine Besichtigung \/ genaue Pr\u00fcfung des angebotenen Whiskys vorzunehmen. Bitte kontaktieren sie uns bei Fragen direkt unter info@dramfolks.com<\/p>\n","protected":false},"excerpt":{"rendered":"<p>Destille: Betz Destillerie Die Anf\u00e4nge der Brennerei gehen bis ins Jahr 1895 zur\u00fcck. Gegr\u00fcndet von Urgro\u00dfvater Andreas Betz befindet sich die Destillerie mittlerweile in der 4. Generation bei Uli Betz. Beheimatet in Waldstetten, einem kleinen malerischen Ort in der N\u00e4he von Schw\u00e4bisch Gm\u00fcnd, am Fu\u00df der Schw\u00e4bischen Alb. Besonders wichtig ist den Baden W\u00fcrttembergern ebenfalls[&#8230;]\n","protected":false},"featured_media":2910,"comment_status":"closed","ping_status":"closed","template":"","meta":[],"product_brand":[],"product_cat":[413],"product_tag":[],"class_list":{"0":"post-2909","1":"product","2":"type-product","3":"status-publish","4":"has-post-thumbnail","6":"product_cat-no-5-special-auction","8":"first","9":"instock","10":"shipping-taxable","11":"purchasable","12":"product-type-auction"},"yoast_head":"<!-- This site is optimized with the Yoast SEO plugin v27.4 - https:\/\/yoast.com\/product\/yoast-seo-wordpress\/ -->\n<title>Betz Destillerie - Single Malt &quot;Master Blend&quot; - Dramfolks Whisky Auction<\/title>\n<meta name=\"robots\" content=\"index, follow, max-snippet:-1, max-image-preview:large, max-video-preview:-1\" \/>\n<link rel=\"canonical\" href=\"https:\/\/www.dramfolks-whisky-auction.com\/fr\/product\/betz-destillerie-single-malt-master-blend\/\" \/>\n<meta property=\"og:locale\" content=\"fr_FR\" \/>\n<meta property=\"og:type\" content=\"article\" \/>\n<meta property=\"og:title\" content=\"Betz Destillerie - Single Malt &quot;Master Blend&quot; - Dramfolks Whisky Auction\" \/>\n<meta property=\"og:description\" content=\"Destille: Betz Destillerie Die Anf\u00e4nge der Brennerei gehen bis ins Jahr 1895 zur\u00fcck. Gegr\u00fcndet von Urgro\u00dfvater Andreas Betz befindet sich die Destillerie mittlerweile in der 4. Generation bei Uli Betz. Beheimatet in Waldstetten, einem kleinen malerischen Ort in der N\u00e4he von Schw\u00e4bisch Gm\u00fcnd, am Fu\u00df der Schw\u00e4bischen Alb. Besonders wichtig ist den Baden W\u00fcrttembergern ebenfalls[...]\" \/>\n<meta property=\"og:url\" content=\"https:\/\/www.dramfolks-whisky-auction.com\/fr\/product\/betz-destillerie-single-malt-master-blend\/\" \/>\n<meta property=\"og:site_name\" content=\"Dramfolks Whisky Auction\" \/>\n<meta property=\"article:modified_time\" content=\"2023-07-05T18:58:42+00:00\" \/>\n<meta property=\"og:image\" content=\"https:\/\/www.dramfolks-whisky-auction.com\/wp-content\/uploads\/2023\/06\/betz-master-blend-vorne-scaled.jpg\" \/>\n\t<meta property=\"og:image:width\" content=\"2560\" \/>\n\t<meta property=\"og:image:height\" content=\"2560\" \/>\n\t<meta property=\"og:image:type\" content=\"image\/jpeg\" \/>\n<meta name=\"twitter:card\" content=\"summary_large_image\" \/>\n<meta name=\"twitter:label1\" content=\"Dur\u00e9e de lecture estim\u00e9e\" \/>\n\t<meta name=\"twitter:data1\" content=\"2 minutes\" \/>\n<script type=\"application\/ld+json\" class=\"yoast-schema-graph\">{\"@context\":\"https:\\\/\\\/schema.org\",\"@graph\":[{\"@type\":\"WebPage\",\"@id\":\"https:\\\/\\\/www.dramfolks-whisky-auction.com\\\/fr\\\/product\\\/betz-destillerie-single-malt-master-blend\\\/\",\"url\":\"https:\\\/\\\/www.dramfolks-whisky-auction.com\\\/fr\\\/product\\\/betz-destillerie-single-malt-master-blend\\\/\",\"name\":\"Betz Destillerie - Single Malt \\\"Master Blend\\\" - Dramfolks Whisky Auction\",\"isPartOf\":{\"@id\":\"https:\\\/\\\/www.dramfolks-whisky-auction.com\\\/fr\\\/#website\"},\"primaryImageOfPage\":{\"@id\":\"https:\\\/\\\/www.dramfolks-whisky-auction.com\\\/fr\\\/product\\\/betz-destillerie-single-malt-master-blend\\\/#primaryimage\"},\"image\":{\"@id\":\"https:\\\/\\\/www.dramfolks-whisky-auction.com\\\/fr\\\/product\\\/betz-destillerie-single-malt-master-blend\\\/#primaryimage\"},\"thumbnailUrl\":\"https:\\\/\\\/www.dramfolks-whisky-auction.com\\\/wp-content\\\/uploads\\\/2023\\\/06\\\/betz-master-blend-vorne-scaled.jpg\",\"datePublished\":\"2023-06-18T11:13:34+00:00\",\"dateModified\":\"2023-07-05T18:58:42+00:00\",\"breadcrumb\":{\"@id\":\"https:\\\/\\\/www.dramfolks-whisky-auction.com\\\/fr\\\/product\\\/betz-destillerie-single-malt-master-blend\\\/#breadcrumb\"},\"inLanguage\":\"fr-FR\",\"potentialAction\":[{\"@type\":\"ReadAction\",\"target\":[\"https:\\\/\\\/www.dramfolks-whisky-auction.com\\\/fr\\\/product\\\/betz-destillerie-single-malt-master-blend\\\/\"]}]},{\"@type\":\"ImageObject\",\"inLanguage\":\"fr-FR\",\"@id\":\"https:\\\/\\\/www.dramfolks-whisky-auction.com\\\/fr\\\/product\\\/betz-destillerie-single-malt-master-blend\\\/#primaryimage\",\"url\":\"https:\\\/\\\/www.dramfolks-whisky-auction.com\\\/wp-content\\\/uploads\\\/2023\\\/06\\\/betz-master-blend-vorne-scaled.jpg\",\"contentUrl\":\"https:\\\/\\\/www.dramfolks-whisky-auction.com\\\/wp-content\\\/uploads\\\/2023\\\/06\\\/betz-master-blend-vorne-scaled.jpg\",\"width\":2560,\"height\":2560},{\"@type\":\"BreadcrumbList\",\"@id\":\"https:\\\/\\\/www.dramfolks-whisky-auction.com\\\/fr\\\/product\\\/betz-destillerie-single-malt-master-blend\\\/#breadcrumb\",\"itemListElement\":[{\"@type\":\"ListItem\",\"position\":1,\"name\":\"Startseite\",\"item\":\"https:\\\/\\\/www.dramfolks-whisky-auction.com\\\/fr\\\/\"},{\"@type\":\"ListItem\",\"position\":2,\"name\":\"Boutique\",\"item\":\"https:\\\/\\\/www.dramfolks-whisky-auction.com\\\/fr\\\/boutique\\\/\"},{\"@type\":\"ListItem\",\"position\":3,\"name\":\"Betz Destillerie &#8211; Single Malt &#8222;Master Blend&#8220;\"}]},{\"@type\":\"WebSite\",\"@id\":\"https:\\\/\\\/www.dramfolks-whisky-auction.com\\\/fr\\\/#website\",\"url\":\"https:\\\/\\\/www.dramfolks-whisky-auction.com\\\/fr\\\/\",\"name\":\"Dramfolks Whisky Auction\",\"description\":\"\",\"potentialAction\":[{\"@type\":\"SearchAction\",\"target\":{\"@type\":\"EntryPoint\",\"urlTemplate\":\"https:\\\/\\\/www.dramfolks-whisky-auction.com\\\/fr\\\/?s={search_term_string}\"},\"query-input\":{\"@type\":\"PropertyValueSpecification\",\"valueRequired\":true,\"valueName\":\"search_term_string\"}}],\"inLanguage\":\"fr-FR\"}]}<\/script>\n<!-- \/ Yoast SEO plugin. -->","yoast_head_json":{"title":"Betz Destillerie - Single Malt \"Master Blend\" - Dramfolks Whisky Auction","robots":{"index":"index","follow":"follow","max-snippet":"max-snippet:-1","max-image-preview":"max-image-preview:large","max-video-preview":"max-video-preview:-1"},"canonical":"https:\/\/www.dramfolks-whisky-auction.com\/fr\/product\/betz-destillerie-single-malt-master-blend\/","og_locale":"fr_FR","og_type":"article","og_title":"Betz Destillerie - Single Malt \"Master Blend\" - Dramfolks Whisky Auction","og_description":"Destille: Betz Destillerie Die Anf\u00e4nge der Brennerei gehen bis ins Jahr 1895 zur\u00fcck. Gegr\u00fcndet von Urgro\u00dfvater Andreas Betz befindet sich die Destillerie mittlerweile in der 4. Generation bei Uli Betz. Beheimatet in Waldstetten, einem kleinen malerischen Ort in der N\u00e4he von Schw\u00e4bisch Gm\u00fcnd, am Fu\u00df der Schw\u00e4bischen Alb. Besonders wichtig ist den Baden W\u00fcrttembergern ebenfalls[...]","og_url":"https:\/\/www.dramfolks-whisky-auction.com\/fr\/product\/betz-destillerie-single-malt-master-blend\/","og_site_name":"Dramfolks Whisky Auction","article_modified_time":"2023-07-05T18:58:42+00:00","og_image":[{"width":2560,"height":2560,"url":"https:\/\/www.dramfolks-whisky-auction.com\/wp-content\/uploads\/2023\/06\/betz-master-blend-vorne-scaled.jpg","type":"image\/jpeg"}],"twitter_card":"summary_large_image","twitter_misc":{"Dur\u00e9e de lecture estim\u00e9e":"2 minutes"},"schema":{"@context":"https:\/\/schema.org","@graph":[{"@type":"WebPage","@id":"https:\/\/www.dramfolks-whisky-auction.com\/fr\/product\/betz-destillerie-single-malt-master-blend\/","url":"https:\/\/www.dramfolks-whisky-auction.com\/fr\/product\/betz-destillerie-single-malt-master-blend\/","name":"Betz Destillerie - Single Malt \"Master Blend\" - Dramfolks Whisky Auction","isPartOf":{"@id":"https:\/\/www.dramfolks-whisky-auction.com\/fr\/#website"},"primaryImageOfPage":{"@id":"https:\/\/www.dramfolks-whisky-auction.com\/fr\/product\/betz-destillerie-single-malt-master-blend\/#primaryimage"},"image":{"@id":"https:\/\/www.dramfolks-whisky-auction.com\/fr\/product\/betz-destillerie-single-malt-master-blend\/#primaryimage"},"thumbnailUrl":"https:\/\/www.dramfolks-whisky-auction.com\/wp-content\/uploads\/2023\/06\/betz-master-blend-vorne-scaled.jpg","datePublished":"2023-06-18T11:13:34+00:00","dateModified":"2023-07-05T18:58:42+00:00","breadcrumb":{"@id":"https:\/\/www.dramfolks-whisky-auction.com\/fr\/product\/betz-destillerie-single-malt-master-blend\/#breadcrumb"},"inLanguage":"fr-FR","potentialAction":[{"@type":"ReadAction","target":["https:\/\/www.dramfolks-whisky-auction.com\/fr\/product\/betz-destillerie-single-malt-master-blend\/"]}]},{"@type":"ImageObject","inLanguage":"fr-FR","@id":"https:\/\/www.dramfolks-whisky-auction.com\/fr\/product\/betz-destillerie-single-malt-master-blend\/#primaryimage","url":"https:\/\/www.dramfolks-whisky-auction.com\/wp-content\/uploads\/2023\/06\/betz-master-blend-vorne-scaled.jpg","contentUrl":"https:\/\/www.dramfolks-whisky-auction.com\/wp-content\/uploads\/2023\/06\/betz-master-blend-vorne-scaled.jpg","width":2560,"height":2560},{"@type":"BreadcrumbList","@id":"https:\/\/www.dramfolks-whisky-auction.com\/fr\/product\/betz-destillerie-single-malt-master-blend\/#breadcrumb","itemListElement":[{"@type":"ListItem","position":1,"name":"Startseite","item":"https:\/\/www.dramfolks-whisky-auction.com\/fr\/"},{"@type":"ListItem","position":2,"name":"Boutique","item":"https:\/\/www.dramfolks-whisky-auction.com\/fr\/boutique\/"},{"@type":"ListItem","position":3,"name":"Betz Destillerie &#8211; Single Malt &#8222;Master Blend&#8220;"}]},{"@type":"WebSite","@id":"https:\/\/www.dramfolks-whisky-auction.com\/fr\/#website","url":"https:\/\/www.dramfolks-whisky-auction.com\/fr\/","name":"Dramfolks Whisky Auction","description":"","potentialAction":[{"@type":"SearchAction","target":{"@type":"EntryPoint","urlTemplate":"https:\/\/www.dramfolks-whisky-auction.com\/fr\/?s={search_term_string}"},"query-input":{"@type":"PropertyValueSpecification","valueRequired":true,"valueName":"search_term_string"}}],"inLanguage":"fr-FR"}]}},"_links":{"self":[{"href":"https:\/\/www.dramfolks-whisky-auction.com\/fr\/wp-json\/wp\/v2\/product\/2909","targetHints":{"allow":["GET"]}}],"collection":[{"href":"https:\/\/www.dramfolks-whisky-auction.com\/fr\/wp-json\/wp\/v2\/product"}],"about":[{"href":"https:\/\/www.dramfolks-whisky-auction.com\/fr\/wp-json\/wp\/v2\/types\/product"}],"replies":[{"embeddable":true,"href":"https:\/\/www.dramfolks-whisky-auction.com\/fr\/wp-json\/wp\/v2\/comments?post=2909"}],"wp:featuredmedia":[{"embeddable":true,"href":"https:\/\/www.dramfolks-whisky-auction.com\/fr\/wp-json\/wp\/v2\/media\/2910"}],"wp:attachment":[{"href":"https:\/\/www.dramfolks-whisky-auction.com\/fr\/wp-json\/wp\/v2\/media?parent=2909"}],"wp:term":[{"taxonomy":"product_brand","embeddable":true,"href":"https:\/\/www.dramfolks-whisky-auction.com\/fr\/wp-json\/wp\/v2\/product_brand?post=2909"},{"taxonomy":"product_cat","embeddable":true,"href":"https:\/\/www.dramfolks-whisky-auction.com\/fr\/wp-json\/wp\/v2\/product_cat?post=2909"},{"taxonomy":"product_tag","embeddable":true,"href":"https:\/\/www.dramfolks-whisky-auction.com\/fr\/wp-json\/wp\/v2\/product_tag?post=2909"}],"curies":[{"name":"wp","href":"https:\/\/api.w.org\/{rel}","templated":true}]}}