{"id":2766,"date":"2023-06-10T21:46:54","date_gmt":"2023-06-10T19:46:54","guid":{"rendered":"https:\/\/www.dramfolks-whisky-auction.com\/?post_type=product&#038;p=2766"},"modified":"2023-07-03T21:16:10","modified_gmt":"2023-07-03T19:16:10","slug":"the-nine-springs-year-of-the-tiger-edition","status":"publish","type":"product","link":"https:\/\/www.dramfolks-whisky-auction.com\/fr\/product\/the-nine-springs-year-of-the-tiger-edition\/","title":{"rendered":"No.9 Spirituosen Manufaktur &#8211; The Nine Springs Year of the Tiger Edition"},"content":{"rendered":"<p><strong>Destille: No.9 Spirituosen Manufaktur<br \/>\n<\/strong><\/p>\n<p>Die No.9 Spirituosen Manufaktur hat ihren Sitz im th\u00fcringischen Leinefelde-Worbis. Hier entsteht seit dem Jahre 2012 der The Nine Springs Single Malt Whisky. Auf Grund der 9 Quellen rund um die Eichsfeldstadt erhielt der Whisky seinen Namen. Im Jahre 2018 wurde zus\u00e4tzlich mit der Whiskywelt Burg Scharfenstein ein ganz besonderes Whiskyerlebniszentrum er\u00f6ffnet. Die Spirituosenmanufaktur steht auch f\u00fcr edelste Spirituosen \u2013 hergestellt in reiner Handarbeit. Hier trifft Moderne auf Tradition, hier verbindet sich der Geist der Vergangenheit mit dem Geschmack der Heimat.<\/p>\n<p><strong>Fun Fact:<\/strong> Noch so ein \u00ab\u00a0Schnaps\u00a0\u00bb-Multitalent&#8230; Der G\u00f6ttinger Bernd Ehbrecht hatte den ehemaligen VEB-Betrieb \u00fcbernommen und 1999 die Brennerei-Sparte No.9 Spirituosen gegr\u00fcndet. Neben dem tollen No.9 Springs Whiskys werden in der No.9 Spirituosen-Manufaktur auch Edelbr\u00e4nde, Rum, Lik\u00f6re und Gin hergestellt und verkauft. Sp\u00e4testens seit Anfang 2019 ist das No.9 Team mit ihren Whiskys endg\u00fcltig in die \u00ab\u00a0Champions League der europ\u00e4ischen Whisky Destillerien\u00a0\u00bb aufgestiegen&#8230; Durch die Ausreifung in unterschiedlichen Sherry-F\u00e4sser oder auch aus frischer europ\u00e4ischer Eiche ergibt sich eine ganze Reihe vielschichtiger Single Malts, die in Jim Murrays \u201cWhisky Bibel\u201d regelm\u00e4\u00dfig in den Bewertungen ganz oben stehen. Au\u00dferdem ist Bernd &amp; No.9 Spirituosen Manufaktur auch einer von 5 Gr\u00fcndern der \u00ab\u00a0Malts of Germany\u00a0\u00bb GmbH.<\/p>\n<p><strong>Whisky\/Whiskey: The Nine Springs Year of the Tiger Edition<br \/>\n<\/strong><\/p>\n<p>Dieser The Nine Springs Year of the Tiger reifte zuerst im Bourbon Barrel und erhielt dann ein Finish im Hungarian Tokaji Barrel &#8211; insgesamt reifte er 7 Jahre. Der Single Malt \u00fcberzeugt mit einer sch\u00f6nen fruchtigen S\u00fc\u00dfe. Der Whisky Nr. 3 &#8211; Year of the tiger &#8211; war eine f\u00fcr den asiatischen Markt auf 2.000 Flaschen begrenzte Edition, der in Deutschland nie erh\u00e4ltlich war und aktuell auch schwer erh\u00e4ltlich ist.<\/p>\n<p><strong>Info Qualit\u00e4t der Flasche:<\/strong> Exzellent ohne Besch\u00e4digungen \/ <strong>F\u00fcllstand:<\/strong> Into neck<br \/>\n<strong>Info Qualit\u00e4t der Box:<\/strong> Exzellent ohne Besch\u00e4digungen<\/p>\n<p><strong>Wichtiger Hinweis: <\/strong>Die Bewertung der Flaschen und Boxen erfolgt nach \u201ebesten Wissen und Gewissen\u201c. dramfolks kann keine Gew\u00e4hrleistung f\u00fcr den Inhalt der Flaschen \u00fcbernehmen. Weitere Infos &amp; Hinweise finden Sie in unseren AGBs. Wir empfehlen Ihnen, vor der Abgabe von Geboten \u00fcber die Zoomfunktion eine Besichtigung \/ genaue Pr\u00fcfung des angebotenen Whiskys vorzunehmen. Bitte kontaktieren sie uns bei Fragen direkt unter info@dramfolks.com<\/p>\n","protected":false},"excerpt":{"rendered":"<p>Destille: No.9 Spirituosen Manufaktur Die No.9 Spirituosen Manufaktur hat ihren Sitz im th\u00fcringischen Leinefelde-Worbis. Hier entsteht seit dem Jahre 2012 der The Nine Springs Single Malt Whisky. Auf Grund der 9 Quellen rund um die Eichsfeldstadt erhielt der Whisky seinen Namen. Im Jahre 2018 wurde zus\u00e4tzlich mit der Whiskywelt Burg Scharfenstein ein ganz besonderes Whiskyerlebniszentrum[&#8230;]\n","protected":false},"featured_media":2767,"comment_status":"closed","ping_status":"closed","template":"","meta":[],"product_brand":[],"product_cat":[413],"product_tag":[],"class_list":{"0":"post-2766","1":"product","2":"type-product","3":"status-publish","4":"has-post-thumbnail","6":"product_cat-no-5-special-auction","8":"first","9":"instock","10":"shipping-taxable","11":"purchasable","12":"product-type-auction"},"yoast_head":"<!-- This site is optimized with the Yoast SEO plugin v27.4 - https:\/\/yoast.com\/product\/yoast-seo-wordpress\/ -->\n<title>No.9 Spirituosen Manufaktur - The Nine Springs Year of the Tiger Edition - Dramfolks Whisky Auction<\/title>\n<meta name=\"robots\" content=\"index, follow, max-snippet:-1, max-image-preview:large, max-video-preview:-1\" \/>\n<link rel=\"canonical\" href=\"https:\/\/www.dramfolks-whisky-auction.com\/fr\/product\/the-nine-springs-year-of-the-tiger-edition\/\" \/>\n<meta property=\"og:locale\" content=\"fr_FR\" \/>\n<meta property=\"og:type\" content=\"article\" \/>\n<meta property=\"og:title\" content=\"No.9 Spirituosen Manufaktur - The Nine Springs Year of the Tiger Edition - Dramfolks Whisky Auction\" \/>\n<meta property=\"og:description\" content=\"Destille: No.9 Spirituosen Manufaktur Die No.9 Spirituosen Manufaktur hat ihren Sitz im th\u00fcringischen Leinefelde-Worbis. Hier entsteht seit dem Jahre 2012 der The Nine Springs Single Malt Whisky. Auf Grund der 9 Quellen rund um die Eichsfeldstadt erhielt der Whisky seinen Namen. Im Jahre 2018 wurde zus\u00e4tzlich mit der Whiskywelt Burg Scharfenstein ein ganz besonderes Whiskyerlebniszentrum[...]\" \/>\n<meta property=\"og:url\" content=\"https:\/\/www.dramfolks-whisky-auction.com\/fr\/product\/the-nine-springs-year-of-the-tiger-edition\/\" \/>\n<meta property=\"og:site_name\" content=\"Dramfolks Whisky Auction\" \/>\n<meta property=\"article:modified_time\" content=\"2023-07-03T19:16:10+00:00\" \/>\n<meta property=\"og:image\" content=\"https:\/\/www.dramfolks-whisky-auction.com\/wp-content\/uploads\/2023\/06\/nine-springs-third-vorne-scaled.jpg\" \/>\n\t<meta property=\"og:image:width\" content=\"2560\" \/>\n\t<meta property=\"og:image:height\" content=\"2560\" \/>\n\t<meta property=\"og:image:type\" content=\"image\/jpeg\" \/>\n<meta name=\"twitter:card\" content=\"summary_large_image\" \/>\n<meta name=\"twitter:label1\" content=\"Dur\u00e9e de lecture estim\u00e9e\" \/>\n\t<meta name=\"twitter:data1\" content=\"2 minutes\" \/>\n<script type=\"application\/ld+json\" class=\"yoast-schema-graph\">{\"@context\":\"https:\\\/\\\/schema.org\",\"@graph\":[{\"@type\":\"WebPage\",\"@id\":\"https:\\\/\\\/www.dramfolks-whisky-auction.com\\\/fr\\\/product\\\/the-nine-springs-year-of-the-tiger-edition\\\/\",\"url\":\"https:\\\/\\\/www.dramfolks-whisky-auction.com\\\/fr\\\/product\\\/the-nine-springs-year-of-the-tiger-edition\\\/\",\"name\":\"No.9 Spirituosen Manufaktur - The Nine Springs Year of the Tiger Edition - Dramfolks Whisky Auction\",\"isPartOf\":{\"@id\":\"https:\\\/\\\/www.dramfolks-whisky-auction.com\\\/fr\\\/#website\"},\"primaryImageOfPage\":{\"@id\":\"https:\\\/\\\/www.dramfolks-whisky-auction.com\\\/fr\\\/product\\\/the-nine-springs-year-of-the-tiger-edition\\\/#primaryimage\"},\"image\":{\"@id\":\"https:\\\/\\\/www.dramfolks-whisky-auction.com\\\/fr\\\/product\\\/the-nine-springs-year-of-the-tiger-edition\\\/#primaryimage\"},\"thumbnailUrl\":\"https:\\\/\\\/www.dramfolks-whisky-auction.com\\\/wp-content\\\/uploads\\\/2023\\\/06\\\/nine-springs-third-vorne-scaled.jpg\",\"datePublished\":\"2023-06-10T19:46:54+00:00\",\"dateModified\":\"2023-07-03T19:16:10+00:00\",\"breadcrumb\":{\"@id\":\"https:\\\/\\\/www.dramfolks-whisky-auction.com\\\/fr\\\/product\\\/the-nine-springs-year-of-the-tiger-edition\\\/#breadcrumb\"},\"inLanguage\":\"fr-FR\",\"potentialAction\":[{\"@type\":\"ReadAction\",\"target\":[\"https:\\\/\\\/www.dramfolks-whisky-auction.com\\\/fr\\\/product\\\/the-nine-springs-year-of-the-tiger-edition\\\/\"]}]},{\"@type\":\"ImageObject\",\"inLanguage\":\"fr-FR\",\"@id\":\"https:\\\/\\\/www.dramfolks-whisky-auction.com\\\/fr\\\/product\\\/the-nine-springs-year-of-the-tiger-edition\\\/#primaryimage\",\"url\":\"https:\\\/\\\/www.dramfolks-whisky-auction.com\\\/wp-content\\\/uploads\\\/2023\\\/06\\\/nine-springs-third-vorne-scaled.jpg\",\"contentUrl\":\"https:\\\/\\\/www.dramfolks-whisky-auction.com\\\/wp-content\\\/uploads\\\/2023\\\/06\\\/nine-springs-third-vorne-scaled.jpg\",\"width\":2560,\"height\":2560},{\"@type\":\"BreadcrumbList\",\"@id\":\"https:\\\/\\\/www.dramfolks-whisky-auction.com\\\/fr\\\/product\\\/the-nine-springs-year-of-the-tiger-edition\\\/#breadcrumb\",\"itemListElement\":[{\"@type\":\"ListItem\",\"position\":1,\"name\":\"Startseite\",\"item\":\"https:\\\/\\\/www.dramfolks-whisky-auction.com\\\/fr\\\/\"},{\"@type\":\"ListItem\",\"position\":2,\"name\":\"Boutique\",\"item\":\"https:\\\/\\\/www.dramfolks-whisky-auction.com\\\/fr\\\/boutique\\\/\"},{\"@type\":\"ListItem\",\"position\":3,\"name\":\"No.9 Spirituosen Manufaktur &#8211; The Nine Springs Year of the Tiger Edition\"}]},{\"@type\":\"WebSite\",\"@id\":\"https:\\\/\\\/www.dramfolks-whisky-auction.com\\\/fr\\\/#website\",\"url\":\"https:\\\/\\\/www.dramfolks-whisky-auction.com\\\/fr\\\/\",\"name\":\"Dramfolks Whisky Auction\",\"description\":\"\",\"potentialAction\":[{\"@type\":\"SearchAction\",\"target\":{\"@type\":\"EntryPoint\",\"urlTemplate\":\"https:\\\/\\\/www.dramfolks-whisky-auction.com\\\/fr\\\/?s={search_term_string}\"},\"query-input\":{\"@type\":\"PropertyValueSpecification\",\"valueRequired\":true,\"valueName\":\"search_term_string\"}}],\"inLanguage\":\"fr-FR\"}]}<\/script>\n<!-- \/ Yoast SEO plugin. -->","yoast_head_json":{"title":"No.9 Spirituosen Manufaktur - The Nine Springs Year of the Tiger Edition - Dramfolks Whisky Auction","robots":{"index":"index","follow":"follow","max-snippet":"max-snippet:-1","max-image-preview":"max-image-preview:large","max-video-preview":"max-video-preview:-1"},"canonical":"https:\/\/www.dramfolks-whisky-auction.com\/fr\/product\/the-nine-springs-year-of-the-tiger-edition\/","og_locale":"fr_FR","og_type":"article","og_title":"No.9 Spirituosen Manufaktur - The Nine Springs Year of the Tiger Edition - Dramfolks Whisky Auction","og_description":"Destille: No.9 Spirituosen Manufaktur Die No.9 Spirituosen Manufaktur hat ihren Sitz im th\u00fcringischen Leinefelde-Worbis. Hier entsteht seit dem Jahre 2012 der The Nine Springs Single Malt Whisky. Auf Grund der 9 Quellen rund um die Eichsfeldstadt erhielt der Whisky seinen Namen. Im Jahre 2018 wurde zus\u00e4tzlich mit der Whiskywelt Burg Scharfenstein ein ganz besonderes Whiskyerlebniszentrum[...]","og_url":"https:\/\/www.dramfolks-whisky-auction.com\/fr\/product\/the-nine-springs-year-of-the-tiger-edition\/","og_site_name":"Dramfolks Whisky Auction","article_modified_time":"2023-07-03T19:16:10+00:00","og_image":[{"width":2560,"height":2560,"url":"https:\/\/www.dramfolks-whisky-auction.com\/wp-content\/uploads\/2023\/06\/nine-springs-third-vorne-scaled.jpg","type":"image\/jpeg"}],"twitter_card":"summary_large_image","twitter_misc":{"Dur\u00e9e de lecture estim\u00e9e":"2 minutes"},"schema":{"@context":"https:\/\/schema.org","@graph":[{"@type":"WebPage","@id":"https:\/\/www.dramfolks-whisky-auction.com\/fr\/product\/the-nine-springs-year-of-the-tiger-edition\/","url":"https:\/\/www.dramfolks-whisky-auction.com\/fr\/product\/the-nine-springs-year-of-the-tiger-edition\/","name":"No.9 Spirituosen Manufaktur - The Nine Springs Year of the Tiger Edition - Dramfolks Whisky Auction","isPartOf":{"@id":"https:\/\/www.dramfolks-whisky-auction.com\/fr\/#website"},"primaryImageOfPage":{"@id":"https:\/\/www.dramfolks-whisky-auction.com\/fr\/product\/the-nine-springs-year-of-the-tiger-edition\/#primaryimage"},"image":{"@id":"https:\/\/www.dramfolks-whisky-auction.com\/fr\/product\/the-nine-springs-year-of-the-tiger-edition\/#primaryimage"},"thumbnailUrl":"https:\/\/www.dramfolks-whisky-auction.com\/wp-content\/uploads\/2023\/06\/nine-springs-third-vorne-scaled.jpg","datePublished":"2023-06-10T19:46:54+00:00","dateModified":"2023-07-03T19:16:10+00:00","breadcrumb":{"@id":"https:\/\/www.dramfolks-whisky-auction.com\/fr\/product\/the-nine-springs-year-of-the-tiger-edition\/#breadcrumb"},"inLanguage":"fr-FR","potentialAction":[{"@type":"ReadAction","target":["https:\/\/www.dramfolks-whisky-auction.com\/fr\/product\/the-nine-springs-year-of-the-tiger-edition\/"]}]},{"@type":"ImageObject","inLanguage":"fr-FR","@id":"https:\/\/www.dramfolks-whisky-auction.com\/fr\/product\/the-nine-springs-year-of-the-tiger-edition\/#primaryimage","url":"https:\/\/www.dramfolks-whisky-auction.com\/wp-content\/uploads\/2023\/06\/nine-springs-third-vorne-scaled.jpg","contentUrl":"https:\/\/www.dramfolks-whisky-auction.com\/wp-content\/uploads\/2023\/06\/nine-springs-third-vorne-scaled.jpg","width":2560,"height":2560},{"@type":"BreadcrumbList","@id":"https:\/\/www.dramfolks-whisky-auction.com\/fr\/product\/the-nine-springs-year-of-the-tiger-edition\/#breadcrumb","itemListElement":[{"@type":"ListItem","position":1,"name":"Startseite","item":"https:\/\/www.dramfolks-whisky-auction.com\/fr\/"},{"@type":"ListItem","position":2,"name":"Boutique","item":"https:\/\/www.dramfolks-whisky-auction.com\/fr\/boutique\/"},{"@type":"ListItem","position":3,"name":"No.9 Spirituosen Manufaktur &#8211; The Nine Springs Year of the Tiger Edition"}]},{"@type":"WebSite","@id":"https:\/\/www.dramfolks-whisky-auction.com\/fr\/#website","url":"https:\/\/www.dramfolks-whisky-auction.com\/fr\/","name":"Dramfolks Whisky Auction","description":"","potentialAction":[{"@type":"SearchAction","target":{"@type":"EntryPoint","urlTemplate":"https:\/\/www.dramfolks-whisky-auction.com\/fr\/?s={search_term_string}"},"query-input":{"@type":"PropertyValueSpecification","valueRequired":true,"valueName":"search_term_string"}}],"inLanguage":"fr-FR"}]}},"_links":{"self":[{"href":"https:\/\/www.dramfolks-whisky-auction.com\/fr\/wp-json\/wp\/v2\/product\/2766","targetHints":{"allow":["GET"]}}],"collection":[{"href":"https:\/\/www.dramfolks-whisky-auction.com\/fr\/wp-json\/wp\/v2\/product"}],"about":[{"href":"https:\/\/www.dramfolks-whisky-auction.com\/fr\/wp-json\/wp\/v2\/types\/product"}],"replies":[{"embeddable":true,"href":"https:\/\/www.dramfolks-whisky-auction.com\/fr\/wp-json\/wp\/v2\/comments?post=2766"}],"wp:featuredmedia":[{"embeddable":true,"href":"https:\/\/www.dramfolks-whisky-auction.com\/fr\/wp-json\/wp\/v2\/media\/2767"}],"wp:attachment":[{"href":"https:\/\/www.dramfolks-whisky-auction.com\/fr\/wp-json\/wp\/v2\/media?parent=2766"}],"wp:term":[{"taxonomy":"product_brand","embeddable":true,"href":"https:\/\/www.dramfolks-whisky-auction.com\/fr\/wp-json\/wp\/v2\/product_brand?post=2766"},{"taxonomy":"product_cat","embeddable":true,"href":"https:\/\/www.dramfolks-whisky-auction.com\/fr\/wp-json\/wp\/v2\/product_cat?post=2766"},{"taxonomy":"product_tag","embeddable":true,"href":"https:\/\/www.dramfolks-whisky-auction.com\/fr\/wp-json\/wp\/v2\/product_tag?post=2766"}],"curies":[{"name":"wp","href":"https:\/\/api.w.org\/{rel}","templated":true}]}}