{"id":2696,"date":"2023-06-01T19:31:41","date_gmt":"2023-06-01T17:31:41","guid":{"rendered":"https:\/\/www.dramfolks-whisky-auction.com\/?post_type=product&#038;p=2696"},"modified":"2025-03-25T19:36:38","modified_gmt":"2025-03-25T18:36:38","slug":"glenfiddich-malt-whisky-liqueur-5","status":"publish","type":"product","link":"https:\/\/www.dramfolks-whisky-auction.com\/fr\/product\/glenfiddich-malt-whisky-liqueur-5\/","title":{"rendered":"Glenfiddich &#8211; Malt Whisky Liqueur"},"content":{"rendered":"<p><strong>Destille: Glenfiddich<\/strong><\/p>\n<p>Glenfiddich ist die bekannteste und erfolgreichste Brennerei Schottlands. Die Destillerie erhielt ihren Namen aus dem G\u00e4lischen und bedeutet \u201eTal der Hirsche\u201c. Der Hirsch ist als Wappentier auf jeder Flasche Glenfiddich zu finden. Sie liegt im Herzen der Speyside, genauer gesagt in Dufftown. Auch \u00ab\u00a0The Giant\u00a0\u00bb genannt, hat sie eine eindrucksvolle Produktionskapazit\u00e4t von j\u00e4hrlich 10 Millionen Litern. Kein anderer Single Malt ist weltweit so beliebt. Meist reifen die Whisky von Glenfiddich in kleinen Ex-Bourbonf\u00e4ssern aus milder amerikanischer Wei\u00dfeiche.<\/p>\n<p><strong>Fun fact:<\/strong> 1961 entwarf der Designer Hans Schleger die ber\u00fchmte dreieckige Flasche von Glenfiddich. Sie gilt als Meilenstein im Marketing, denn durch die einzigartige Form unterschieden sich die Flaschen von Glenfiddich deutlich von anderen Flaschen im Regal. Glenfiddich wurde zu einer einzigartigen (Whisky)Marke.<\/p>\n<p><strong>Whisky\/Whiskey: Malt Whisky Liqueur<\/strong><br \/>\nDieser eigentliche Single Malt Whisky wurde zus\u00e4tzlich mit einer speziellen Gew\u00fcrzmischung und leckerem Honig \u00ab\u00a0geblended\u00a0\u00bb. Dabei hat er eine untypisch hohe Trinkst\u00e4rke von 40% vol. Alkohol. Heute ist diese Variante eine absolute Rarit\u00e4t und die formsch\u00f6ne Flasche schimmert dabei wunderbar dunkel, fast schwarz, bis royalblau auf den Betrachter zu. Ein wunderbar aromenreiches Edelprodukt mit geschmacklicher Komplexit\u00e4t und dabei weich bis fast seidig im Geschmack.<\/p>\n<p><strong>Info Qualit\u00e4t der Flasche:<\/strong> Exzellent ohne Besch\u00e4digungen \/ <strong>F\u00fcllstand:<\/strong> Into neck<br \/>\n<strong>Info Qualit\u00e4t der Box:<\/strong> keine Box vorhanden<\/p>\n<p><strong>Wichtiger Hinweis:<\/strong> Die Bewertung der Flaschen und Boxen erfolgt nach \u201ebesten Wissen und Gewissen\u201c. dramfolks kann keine Gew\u00e4hrleistung f\u00fcr den Inhalt der Flaschen \u00fcbernehmen. Weitere Infos &amp; Hinweise finden Sie in unseren AGBs. Wir empfehlen Ihnen, vor der Abgabe von Geboten \u00fcber die Zoomfunktion eine Besichtigung \/ genaue Pr\u00fcfung des angebotenen Whiskys vorzunehmen. Bitte kontaktieren sie uns bei Fragen direkt unter info@dramfolks.com<\/p>\n","protected":false},"excerpt":{"rendered":"<p>Destille: Glenfiddich Glenfiddich ist die bekannteste und erfolgreichste Brennerei Schottlands. Die Destillerie erhielt ihren Namen aus dem G\u00e4lischen und bedeutet \u201eTal der Hirsche\u201c. Der Hirsch ist als Wappentier auf jeder Flasche Glenfiddich zu finden. Sie liegt im Herzen der Speyside, genauer gesagt in Dufftown. Auch \u00ab\u00a0The Giant\u00a0\u00bb genannt, hat sie eine eindrucksvolle Produktionskapazit\u00e4t von j\u00e4hrlich[&#8230;]\n","protected":false},"featured_media":3995,"comment_status":"closed","ping_status":"closed","template":"","meta":[],"product_brand":[],"product_cat":[1099],"product_tag":[],"class_list":{"0":"post-2696","1":"product","2":"type-product","3":"status-publish","4":"has-post-thumbnail","6":"product_cat-aam-sold-out","8":"first","9":"instock","10":"shipping-taxable","11":"purchasable","12":"product-type-auction"},"yoast_head":"<!-- This site is optimized with the Yoast SEO plugin v27.0 - https:\/\/yoast.com\/product\/yoast-seo-wordpress\/ -->\n<title>Glenfiddich - Malt Whisky Liqueur - Dramfolks Whisky Auction<\/title>\n<meta name=\"robots\" content=\"index, follow, max-snippet:-1, max-image-preview:large, max-video-preview:-1\" \/>\n<link rel=\"canonical\" href=\"https:\/\/www.dramfolks-whisky-auction.com\/fr\/product\/glenfiddich-malt-whisky-liqueur-5\/\" \/>\n<meta property=\"og:locale\" content=\"fr_FR\" \/>\n<meta property=\"og:type\" content=\"article\" \/>\n<meta property=\"og:title\" content=\"Glenfiddich - Malt Whisky Liqueur - Dramfolks Whisky Auction\" \/>\n<meta property=\"og:description\" content=\"Destille: Glenfiddich Glenfiddich ist die bekannteste und erfolgreichste Brennerei Schottlands. Die Destillerie erhielt ihren Namen aus dem G\u00e4lischen und bedeutet \u201eTal der Hirsche\u201c. Der Hirsch ist als Wappentier auf jeder Flasche Glenfiddich zu finden. Sie liegt im Herzen der Speyside, genauer gesagt in Dufftown. Auch \u00ab\u00a0The Giant\u00a0\u00bb genannt, hat sie eine eindrucksvolle Produktionskapazit\u00e4t von j\u00e4hrlich[...]\" \/>\n<meta property=\"og:url\" content=\"https:\/\/www.dramfolks-whisky-auction.com\/fr\/product\/glenfiddich-malt-whisky-liqueur-5\/\" \/>\n<meta property=\"og:site_name\" content=\"Dramfolks Whisky Auction\" \/>\n<meta property=\"article:modified_time\" content=\"2025-03-25T18:36:38+00:00\" \/>\n<meta property=\"og:image\" content=\"https:\/\/www.dramfolks-whisky-auction.com\/wp-content\/uploads\/2023\/06\/Glenfiddich-soldout.jpg\" \/>\n\t<meta property=\"og:image:width\" content=\"1080\" \/>\n\t<meta property=\"og:image:height\" content=\"1080\" \/>\n\t<meta property=\"og:image:type\" content=\"image\/jpeg\" \/>\n<meta name=\"twitter:card\" content=\"summary_large_image\" \/>\n<meta name=\"twitter:label1\" content=\"Dur\u00e9e de lecture estim\u00e9e\" \/>\n\t<meta name=\"twitter:data1\" content=\"2 minutes\" \/>\n<script type=\"application\/ld+json\" class=\"yoast-schema-graph\">{\"@context\":\"https:\/\/schema.org\",\"@graph\":[{\"@type\":\"WebPage\",\"@id\":\"https:\/\/www.dramfolks-whisky-auction.com\/fr\/product\/glenfiddich-malt-whisky-liqueur-5\/\",\"url\":\"https:\/\/www.dramfolks-whisky-auction.com\/fr\/product\/glenfiddich-malt-whisky-liqueur-5\/\",\"name\":\"Glenfiddich - Malt Whisky Liqueur - Dramfolks Whisky Auction\",\"isPartOf\":{\"@id\":\"https:\/\/www.dramfolks-whisky-auction.com\/fr\/#website\"},\"primaryImageOfPage\":{\"@id\":\"https:\/\/www.dramfolks-whisky-auction.com\/fr\/product\/glenfiddich-malt-whisky-liqueur-5\/#primaryimage\"},\"image\":{\"@id\":\"https:\/\/www.dramfolks-whisky-auction.com\/fr\/product\/glenfiddich-malt-whisky-liqueur-5\/#primaryimage\"},\"thumbnailUrl\":\"https:\/\/www.dramfolks-whisky-auction.com\/wp-content\/uploads\/2023\/06\/Glenfiddich-soldout.jpg\",\"datePublished\":\"2023-06-01T17:31:41+00:00\",\"dateModified\":\"2025-03-25T18:36:38+00:00\",\"breadcrumb\":{\"@id\":\"https:\/\/www.dramfolks-whisky-auction.com\/fr\/product\/glenfiddich-malt-whisky-liqueur-5\/#breadcrumb\"},\"inLanguage\":\"fr-FR\",\"potentialAction\":[{\"@type\":\"ReadAction\",\"target\":[\"https:\/\/www.dramfolks-whisky-auction.com\/fr\/product\/glenfiddich-malt-whisky-liqueur-5\/\"]}]},{\"@type\":\"ImageObject\",\"inLanguage\":\"fr-FR\",\"@id\":\"https:\/\/www.dramfolks-whisky-auction.com\/fr\/product\/glenfiddich-malt-whisky-liqueur-5\/#primaryimage\",\"url\":\"https:\/\/www.dramfolks-whisky-auction.com\/wp-content\/uploads\/2023\/06\/Glenfiddich-soldout.jpg\",\"contentUrl\":\"https:\/\/www.dramfolks-whisky-auction.com\/wp-content\/uploads\/2023\/06\/Glenfiddich-soldout.jpg\",\"width\":1080,\"height\":1080},{\"@type\":\"BreadcrumbList\",\"@id\":\"https:\/\/www.dramfolks-whisky-auction.com\/fr\/product\/glenfiddich-malt-whisky-liqueur-5\/#breadcrumb\",\"itemListElement\":[{\"@type\":\"ListItem\",\"position\":1,\"name\":\"Startseite\",\"item\":\"https:\/\/www.dramfolks-whisky-auction.com\/fr\/\"},{\"@type\":\"ListItem\",\"position\":2,\"name\":\"Boutique\",\"item\":\"https:\/\/www.dramfolks-whisky-auction.com\/fr\/boutique\/\"},{\"@type\":\"ListItem\",\"position\":3,\"name\":\"Glenfiddich &#8211; Malt Whisky Liqueur\"}]},{\"@type\":\"WebSite\",\"@id\":\"https:\/\/www.dramfolks-whisky-auction.com\/fr\/#website\",\"url\":\"https:\/\/www.dramfolks-whisky-auction.com\/fr\/\",\"name\":\"Dramfolks Whisky Auction\",\"description\":\"\",\"potentialAction\":[{\"@type\":\"SearchAction\",\"target\":{\"@type\":\"EntryPoint\",\"urlTemplate\":\"https:\/\/www.dramfolks-whisky-auction.com\/fr\/?s={search_term_string}\"},\"query-input\":{\"@type\":\"PropertyValueSpecification\",\"valueRequired\":true,\"valueName\":\"search_term_string\"}}],\"inLanguage\":\"fr-FR\"}]}<\/script>\n<!-- \/ Yoast SEO plugin. -->","yoast_head_json":{"title":"Glenfiddich - Malt Whisky Liqueur - Dramfolks Whisky Auction","robots":{"index":"index","follow":"follow","max-snippet":"max-snippet:-1","max-image-preview":"max-image-preview:large","max-video-preview":"max-video-preview:-1"},"canonical":"https:\/\/www.dramfolks-whisky-auction.com\/fr\/product\/glenfiddich-malt-whisky-liqueur-5\/","og_locale":"fr_FR","og_type":"article","og_title":"Glenfiddich - Malt Whisky Liqueur - Dramfolks Whisky Auction","og_description":"Destille: Glenfiddich Glenfiddich ist die bekannteste und erfolgreichste Brennerei Schottlands. Die Destillerie erhielt ihren Namen aus dem G\u00e4lischen und bedeutet \u201eTal der Hirsche\u201c. Der Hirsch ist als Wappentier auf jeder Flasche Glenfiddich zu finden. Sie liegt im Herzen der Speyside, genauer gesagt in Dufftown. Auch \u00ab\u00a0The Giant\u00a0\u00bb genannt, hat sie eine eindrucksvolle Produktionskapazit\u00e4t von j\u00e4hrlich[...]","og_url":"https:\/\/www.dramfolks-whisky-auction.com\/fr\/product\/glenfiddich-malt-whisky-liqueur-5\/","og_site_name":"Dramfolks Whisky Auction","article_modified_time":"2025-03-25T18:36:38+00:00","og_image":[{"width":1080,"height":1080,"url":"https:\/\/www.dramfolks-whisky-auction.com\/wp-content\/uploads\/2023\/06\/Glenfiddich-soldout.jpg","type":"image\/jpeg"}],"twitter_card":"summary_large_image","twitter_misc":{"Dur\u00e9e de lecture estim\u00e9e":"2 minutes"},"schema":{"@context":"https:\/\/schema.org","@graph":[{"@type":"WebPage","@id":"https:\/\/www.dramfolks-whisky-auction.com\/fr\/product\/glenfiddich-malt-whisky-liqueur-5\/","url":"https:\/\/www.dramfolks-whisky-auction.com\/fr\/product\/glenfiddich-malt-whisky-liqueur-5\/","name":"Glenfiddich - Malt Whisky Liqueur - Dramfolks Whisky Auction","isPartOf":{"@id":"https:\/\/www.dramfolks-whisky-auction.com\/fr\/#website"},"primaryImageOfPage":{"@id":"https:\/\/www.dramfolks-whisky-auction.com\/fr\/product\/glenfiddich-malt-whisky-liqueur-5\/#primaryimage"},"image":{"@id":"https:\/\/www.dramfolks-whisky-auction.com\/fr\/product\/glenfiddich-malt-whisky-liqueur-5\/#primaryimage"},"thumbnailUrl":"https:\/\/www.dramfolks-whisky-auction.com\/wp-content\/uploads\/2023\/06\/Glenfiddich-soldout.jpg","datePublished":"2023-06-01T17:31:41+00:00","dateModified":"2025-03-25T18:36:38+00:00","breadcrumb":{"@id":"https:\/\/www.dramfolks-whisky-auction.com\/fr\/product\/glenfiddich-malt-whisky-liqueur-5\/#breadcrumb"},"inLanguage":"fr-FR","potentialAction":[{"@type":"ReadAction","target":["https:\/\/www.dramfolks-whisky-auction.com\/fr\/product\/glenfiddich-malt-whisky-liqueur-5\/"]}]},{"@type":"ImageObject","inLanguage":"fr-FR","@id":"https:\/\/www.dramfolks-whisky-auction.com\/fr\/product\/glenfiddich-malt-whisky-liqueur-5\/#primaryimage","url":"https:\/\/www.dramfolks-whisky-auction.com\/wp-content\/uploads\/2023\/06\/Glenfiddich-soldout.jpg","contentUrl":"https:\/\/www.dramfolks-whisky-auction.com\/wp-content\/uploads\/2023\/06\/Glenfiddich-soldout.jpg","width":1080,"height":1080},{"@type":"BreadcrumbList","@id":"https:\/\/www.dramfolks-whisky-auction.com\/fr\/product\/glenfiddich-malt-whisky-liqueur-5\/#breadcrumb","itemListElement":[{"@type":"ListItem","position":1,"name":"Startseite","item":"https:\/\/www.dramfolks-whisky-auction.com\/fr\/"},{"@type":"ListItem","position":2,"name":"Boutique","item":"https:\/\/www.dramfolks-whisky-auction.com\/fr\/boutique\/"},{"@type":"ListItem","position":3,"name":"Glenfiddich &#8211; Malt Whisky Liqueur"}]},{"@type":"WebSite","@id":"https:\/\/www.dramfolks-whisky-auction.com\/fr\/#website","url":"https:\/\/www.dramfolks-whisky-auction.com\/fr\/","name":"Dramfolks Whisky Auction","description":"","potentialAction":[{"@type":"SearchAction","target":{"@type":"EntryPoint","urlTemplate":"https:\/\/www.dramfolks-whisky-auction.com\/fr\/?s={search_term_string}"},"query-input":{"@type":"PropertyValueSpecification","valueRequired":true,"valueName":"search_term_string"}}],"inLanguage":"fr-FR"}]}},"_links":{"self":[{"href":"https:\/\/www.dramfolks-whisky-auction.com\/fr\/wp-json\/wp\/v2\/product\/2696","targetHints":{"allow":["GET"]}}],"collection":[{"href":"https:\/\/www.dramfolks-whisky-auction.com\/fr\/wp-json\/wp\/v2\/product"}],"about":[{"href":"https:\/\/www.dramfolks-whisky-auction.com\/fr\/wp-json\/wp\/v2\/types\/product"}],"replies":[{"embeddable":true,"href":"https:\/\/www.dramfolks-whisky-auction.com\/fr\/wp-json\/wp\/v2\/comments?post=2696"}],"wp:featuredmedia":[{"embeddable":true,"href":"https:\/\/www.dramfolks-whisky-auction.com\/fr\/wp-json\/wp\/v2\/media\/3995"}],"wp:attachment":[{"href":"https:\/\/www.dramfolks-whisky-auction.com\/fr\/wp-json\/wp\/v2\/media?parent=2696"}],"wp:term":[{"taxonomy":"product_brand","embeddable":true,"href":"https:\/\/www.dramfolks-whisky-auction.com\/fr\/wp-json\/wp\/v2\/product_brand?post=2696"},{"taxonomy":"product_cat","embeddable":true,"href":"https:\/\/www.dramfolks-whisky-auction.com\/fr\/wp-json\/wp\/v2\/product_cat?post=2696"},{"taxonomy":"product_tag","embeddable":true,"href":"https:\/\/www.dramfolks-whisky-auction.com\/fr\/wp-json\/wp\/v2\/product_tag?post=2696"}],"curies":[{"name":"wp","href":"https:\/\/api.w.org\/{rel}","templated":true}]}}