{"id":2695,"date":"2023-06-01T17:56:16","date_gmt":"2023-06-01T15:56:16","guid":{"rendered":"https:\/\/www.dramfolks-whisky-auction.com\/?post_type=product&#038;p=2695"},"modified":"2025-03-25T19:48:36","modified_gmt":"2025-03-25T18:48:36","slug":"buffalo-trace-blantons-straight-from-the-barrel-2022-4","status":"publish","type":"product","link":"https:\/\/www.dramfolks-whisky-auction.com\/fr\/product\/buffalo-trace-blantons-straight-from-the-barrel-2022-4\/","title":{"rendered":"Buffalo Trace &#8211; Blanton&rsquo;s Straight From The Barrel 2022"},"content":{"rendered":"<p><strong>Destille: Buffalo Trace<br \/>\n<\/strong><\/p>\n<p><span class=\"v1s2\">Blanton\u2019s ist ein Bourbon Whiskey der Sazerac Company. Hergestellt wird Blanton\u2019s in der Sazerac-Destillerie Buffalo Trace in Frankfort in Kentucky.<br \/>\n<\/span><\/p>\n<p>Die Geschichte des Blanton&rsquo;s Original beinhaltet viel Tradition. Mit zu damaligen Zeiten viel Geld kehrte der Abenteurer und Goldsucher Benjamin Blanton 1849 zur Zeit des amerikanischen Goldrausches in seine Heimat Kentucky zur\u00fcck. Es schien ihm erstrebenswert, sein Geld in \u201efl\u00fcssiges Gold\u201c zu verwandeln, daher gr\u00fcndete er eine Whiskey-Destillerie.<\/p>\n<p>Der Weg zum Blanton&rsquo;s Original war aber noch weit, denn bereits nach vier Jahren verlie\u00df Benjamin Blanton die Lust. Erst 28 Jahre sp\u00e4ter \u00fcbernahm sein Sohn Albert die Buffalo-Trace-Destillerie und kreierte den ersten Single Barrel Whiskey<\/p>\n<p><strong>Fun Fakt:\u00a0<\/strong>Die auffallende Flaschengestaltung mit der aufgesetzten Rennpferd-Figur spielt auf Kentucky als Heimatstaat der Pferdezucht und insbesondere des Kentucky Derbys an. Insgesamt gibt es acht unterschiedliche kleine Figuren, die Pferd und Reiter in verschiedenen Phasen eines Rennens vom Start bis zum Zieleinlauf zeigen. In den Korken ist jeweils ein Buchstabe eingraviert. Stellt man alle acht Verschl\u00fcsse nebeneinander, ergeben die Buchstaben das Wort \u201eBlanton\u2019s\u00a0\u00bb.<\/p>\n<p><strong>Whisky\/Whiskey: Blanton&rsquo;s Straight From The Barrel 2022<\/strong><\/p>\n<p>Der 1984 wiedereingef\u00fchrte Bourbon <sup id=\"cite_ref-vea_1-0\" class=\"reference\"><\/sup>war der erste <i>Single Barrel<\/i> Whiskey am Markt \u2013 das hei\u00dft, bei der Abf\u00fcllung des Whiskeys wird nicht wie \u00fcblich der Inhalt vieler F\u00e4sser miteinander gemischt, sondern der gesamte Whiskey stammt aus einem einzigen Fass. Bedingt durch den Erfolg von Blanton\u2019s haben heute alle gr\u00f6\u00dferen Bourbon-Hersteller einen oder mehrere Single Barrel Whiskeys im Angebot.<\/p>\n<p>Bevor dieser Bourbon Whiskey abgef\u00fcllt wird, reift er zwischen 6 bis 8 Jahre in einer speziellen, aus Metall bestehenden Lagerhalle. Die sehr edle Aufmachung der Blantons Bourbon Flasche macht diese limitierten Abf\u00fcllungen zu einer der gefragtesten Bourbon Whiskey in Deutschland.<\/p>\n<p>Diese Flasche wurde am 17. Mai 2022 aus Fass Nr. 303 abgef\u00fcllt.<\/p>\n<p><strong>Info Qualit\u00e4t der Flasche:<\/strong> Exzellent ohne Besch\u00e4digungen \/ <strong>F\u00fcllstand:<\/strong> Top shoulder<br \/>\n<strong>Info Qualit\u00e4t der Box:<\/strong> Sehr gut &#8211; leichte Besch\u00e4digung innen bei der Halterung des Flaschenkopfes und an den Kanten der Box<\/p>\n<p><strong>Wichtiger Hinweis:<\/strong> Die Bewertung der Flaschen und Boxen erfolgt nach \u201ebesten Wissen und Gewissen\u201c. dramfolks kann keine Gew\u00e4hrleistung f\u00fcr den Inhalt der Flaschen \u00fcbernehmen. Weitere Infos &amp; Hinweise finden Sie in unseren AGBs. Wir empfehlen Ihnen, vor der Abgabe von Geboten \u00fcber die Zoomfunktion eine Besichtigung \/ genaue Pr\u00fcfung des angebotenen Whiskys vorzunehmen. Bitte kontaktieren sie uns bei Fragen direkt unter info@dramfolks.com<\/p>\n","protected":false},"excerpt":{"rendered":"<p>Destille: Buffalo Trace Blanton\u2019s ist ein Bourbon Whiskey der Sazerac Company. Hergestellt wird Blanton\u2019s in der Sazerac-Destillerie Buffalo Trace in Frankfort in Kentucky. Die Geschichte des Blanton&rsquo;s Original beinhaltet viel Tradition. Mit zu damaligen Zeiten viel Geld kehrte der Abenteurer und Goldsucher Benjamin Blanton 1849 zur Zeit des amerikanischen Goldrausches in seine Heimat Kentucky zur\u00fcck.[&#8230;]\n","protected":false},"featured_media":1520,"comment_status":"closed","ping_status":"closed","template":"","meta":[],"product_brand":[],"product_cat":[1099],"product_tag":[],"class_list":{"0":"post-2695","1":"product","2":"type-product","3":"status-publish","4":"has-post-thumbnail","6":"product_cat-aam-sold-out","8":"first","9":"instock","10":"shipping-taxable","11":"purchasable","12":"product-type-auction"},"yoast_head":"<!-- This site is optimized with the Yoast SEO plugin v27.0 - https:\/\/yoast.com\/product\/yoast-seo-wordpress\/ -->\n<title>Buffalo Trace - Blanton&#039;s Straight From The Barrel 2022 - Dramfolks Whisky Auction<\/title>\n<meta name=\"robots\" content=\"index, follow, max-snippet:-1, max-image-preview:large, max-video-preview:-1\" \/>\n<link rel=\"canonical\" href=\"https:\/\/www.dramfolks-whisky-auction.com\/fr\/product\/buffalo-trace-blantons-straight-from-the-barrel-2022-4\/\" \/>\n<meta property=\"og:locale\" content=\"fr_FR\" \/>\n<meta property=\"og:type\" content=\"article\" \/>\n<meta property=\"og:title\" content=\"Buffalo Trace - Blanton&#039;s Straight From The Barrel 2022 - Dramfolks Whisky Auction\" \/>\n<meta property=\"og:description\" content=\"Destille: Buffalo Trace Blanton\u2019s ist ein Bourbon Whiskey der Sazerac Company. Hergestellt wird Blanton\u2019s in der Sazerac-Destillerie Buffalo Trace in Frankfort in Kentucky. Die Geschichte des Blanton&rsquo;s Original beinhaltet viel Tradition. Mit zu damaligen Zeiten viel Geld kehrte der Abenteurer und Goldsucher Benjamin Blanton 1849 zur Zeit des amerikanischen Goldrausches in seine Heimat Kentucky zur\u00fcck.[...]\" \/>\n<meta property=\"og:url\" content=\"https:\/\/www.dramfolks-whisky-auction.com\/fr\/product\/buffalo-trace-blantons-straight-from-the-barrel-2022-4\/\" \/>\n<meta property=\"og:site_name\" content=\"Dramfolks Whisky Auction\" \/>\n<meta property=\"article:modified_time\" content=\"2025-03-25T18:48:36+00:00\" \/>\n<meta property=\"og:image\" content=\"https:\/\/www.dramfolks-whisky-auction.com\/wp-content\/uploads\/2023\/02\/blatons-vorne.jpg\" \/>\n\t<meta property=\"og:image:width\" content=\"1550\" \/>\n\t<meta property=\"og:image:height\" content=\"1550\" \/>\n\t<meta property=\"og:image:type\" content=\"image\/jpeg\" \/>\n<meta name=\"twitter:card\" content=\"summary_large_image\" \/>\n<meta name=\"twitter:label1\" content=\"Dur\u00e9e de lecture estim\u00e9e\" \/>\n\t<meta name=\"twitter:data1\" content=\"3 minutes\" \/>\n<script type=\"application\/ld+json\" class=\"yoast-schema-graph\">{\"@context\":\"https:\/\/schema.org\",\"@graph\":[{\"@type\":\"WebPage\",\"@id\":\"https:\/\/www.dramfolks-whisky-auction.com\/fr\/product\/buffalo-trace-blantons-straight-from-the-barrel-2022-4\/\",\"url\":\"https:\/\/www.dramfolks-whisky-auction.com\/fr\/product\/buffalo-trace-blantons-straight-from-the-barrel-2022-4\/\",\"name\":\"Buffalo Trace - Blanton's Straight From The Barrel 2022 - Dramfolks Whisky Auction\",\"isPartOf\":{\"@id\":\"https:\/\/www.dramfolks-whisky-auction.com\/fr\/#website\"},\"primaryImageOfPage\":{\"@id\":\"https:\/\/www.dramfolks-whisky-auction.com\/fr\/product\/buffalo-trace-blantons-straight-from-the-barrel-2022-4\/#primaryimage\"},\"image\":{\"@id\":\"https:\/\/www.dramfolks-whisky-auction.com\/fr\/product\/buffalo-trace-blantons-straight-from-the-barrel-2022-4\/#primaryimage\"},\"thumbnailUrl\":\"https:\/\/www.dramfolks-whisky-auction.com\/wp-content\/uploads\/2023\/02\/blatons-vorne.jpg\",\"datePublished\":\"2023-06-01T15:56:16+00:00\",\"dateModified\":\"2025-03-25T18:48:36+00:00\",\"breadcrumb\":{\"@id\":\"https:\/\/www.dramfolks-whisky-auction.com\/fr\/product\/buffalo-trace-blantons-straight-from-the-barrel-2022-4\/#breadcrumb\"},\"inLanguage\":\"fr-FR\",\"potentialAction\":[{\"@type\":\"ReadAction\",\"target\":[\"https:\/\/www.dramfolks-whisky-auction.com\/fr\/product\/buffalo-trace-blantons-straight-from-the-barrel-2022-4\/\"]}]},{\"@type\":\"ImageObject\",\"inLanguage\":\"fr-FR\",\"@id\":\"https:\/\/www.dramfolks-whisky-auction.com\/fr\/product\/buffalo-trace-blantons-straight-from-the-barrel-2022-4\/#primaryimage\",\"url\":\"https:\/\/www.dramfolks-whisky-auction.com\/wp-content\/uploads\/2023\/02\/blatons-vorne.jpg\",\"contentUrl\":\"https:\/\/www.dramfolks-whisky-auction.com\/wp-content\/uploads\/2023\/02\/blatons-vorne.jpg\",\"width\":1550,\"height\":1550},{\"@type\":\"BreadcrumbList\",\"@id\":\"https:\/\/www.dramfolks-whisky-auction.com\/fr\/product\/buffalo-trace-blantons-straight-from-the-barrel-2022-4\/#breadcrumb\",\"itemListElement\":[{\"@type\":\"ListItem\",\"position\":1,\"name\":\"Startseite\",\"item\":\"https:\/\/www.dramfolks-whisky-auction.com\/fr\/\"},{\"@type\":\"ListItem\",\"position\":2,\"name\":\"Boutique\",\"item\":\"https:\/\/www.dramfolks-whisky-auction.com\/fr\/boutique\/\"},{\"@type\":\"ListItem\",\"position\":3,\"name\":\"Buffalo Trace &#8211; Blanton&rsquo;s Straight From The Barrel 2022\"}]},{\"@type\":\"WebSite\",\"@id\":\"https:\/\/www.dramfolks-whisky-auction.com\/fr\/#website\",\"url\":\"https:\/\/www.dramfolks-whisky-auction.com\/fr\/\",\"name\":\"Dramfolks Whisky Auction\",\"description\":\"\",\"potentialAction\":[{\"@type\":\"SearchAction\",\"target\":{\"@type\":\"EntryPoint\",\"urlTemplate\":\"https:\/\/www.dramfolks-whisky-auction.com\/fr\/?s={search_term_string}\"},\"query-input\":{\"@type\":\"PropertyValueSpecification\",\"valueRequired\":true,\"valueName\":\"search_term_string\"}}],\"inLanguage\":\"fr-FR\"}]}<\/script>\n<!-- \/ Yoast SEO plugin. -->","yoast_head_json":{"title":"Buffalo Trace - Blanton's Straight From The Barrel 2022 - Dramfolks Whisky Auction","robots":{"index":"index","follow":"follow","max-snippet":"max-snippet:-1","max-image-preview":"max-image-preview:large","max-video-preview":"max-video-preview:-1"},"canonical":"https:\/\/www.dramfolks-whisky-auction.com\/fr\/product\/buffalo-trace-blantons-straight-from-the-barrel-2022-4\/","og_locale":"fr_FR","og_type":"article","og_title":"Buffalo Trace - Blanton's Straight From The Barrel 2022 - Dramfolks Whisky Auction","og_description":"Destille: Buffalo Trace Blanton\u2019s ist ein Bourbon Whiskey der Sazerac Company. Hergestellt wird Blanton\u2019s in der Sazerac-Destillerie Buffalo Trace in Frankfort in Kentucky. Die Geschichte des Blanton&rsquo;s Original beinhaltet viel Tradition. Mit zu damaligen Zeiten viel Geld kehrte der Abenteurer und Goldsucher Benjamin Blanton 1849 zur Zeit des amerikanischen Goldrausches in seine Heimat Kentucky zur\u00fcck.[...]","og_url":"https:\/\/www.dramfolks-whisky-auction.com\/fr\/product\/buffalo-trace-blantons-straight-from-the-barrel-2022-4\/","og_site_name":"Dramfolks Whisky Auction","article_modified_time":"2025-03-25T18:48:36+00:00","og_image":[{"width":1550,"height":1550,"url":"https:\/\/www.dramfolks-whisky-auction.com\/wp-content\/uploads\/2023\/02\/blatons-vorne.jpg","type":"image\/jpeg"}],"twitter_card":"summary_large_image","twitter_misc":{"Dur\u00e9e de lecture estim\u00e9e":"3 minutes"},"schema":{"@context":"https:\/\/schema.org","@graph":[{"@type":"WebPage","@id":"https:\/\/www.dramfolks-whisky-auction.com\/fr\/product\/buffalo-trace-blantons-straight-from-the-barrel-2022-4\/","url":"https:\/\/www.dramfolks-whisky-auction.com\/fr\/product\/buffalo-trace-blantons-straight-from-the-barrel-2022-4\/","name":"Buffalo Trace - Blanton's Straight From The Barrel 2022 - Dramfolks Whisky Auction","isPartOf":{"@id":"https:\/\/www.dramfolks-whisky-auction.com\/fr\/#website"},"primaryImageOfPage":{"@id":"https:\/\/www.dramfolks-whisky-auction.com\/fr\/product\/buffalo-trace-blantons-straight-from-the-barrel-2022-4\/#primaryimage"},"image":{"@id":"https:\/\/www.dramfolks-whisky-auction.com\/fr\/product\/buffalo-trace-blantons-straight-from-the-barrel-2022-4\/#primaryimage"},"thumbnailUrl":"https:\/\/www.dramfolks-whisky-auction.com\/wp-content\/uploads\/2023\/02\/blatons-vorne.jpg","datePublished":"2023-06-01T15:56:16+00:00","dateModified":"2025-03-25T18:48:36+00:00","breadcrumb":{"@id":"https:\/\/www.dramfolks-whisky-auction.com\/fr\/product\/buffalo-trace-blantons-straight-from-the-barrel-2022-4\/#breadcrumb"},"inLanguage":"fr-FR","potentialAction":[{"@type":"ReadAction","target":["https:\/\/www.dramfolks-whisky-auction.com\/fr\/product\/buffalo-trace-blantons-straight-from-the-barrel-2022-4\/"]}]},{"@type":"ImageObject","inLanguage":"fr-FR","@id":"https:\/\/www.dramfolks-whisky-auction.com\/fr\/product\/buffalo-trace-blantons-straight-from-the-barrel-2022-4\/#primaryimage","url":"https:\/\/www.dramfolks-whisky-auction.com\/wp-content\/uploads\/2023\/02\/blatons-vorne.jpg","contentUrl":"https:\/\/www.dramfolks-whisky-auction.com\/wp-content\/uploads\/2023\/02\/blatons-vorne.jpg","width":1550,"height":1550},{"@type":"BreadcrumbList","@id":"https:\/\/www.dramfolks-whisky-auction.com\/fr\/product\/buffalo-trace-blantons-straight-from-the-barrel-2022-4\/#breadcrumb","itemListElement":[{"@type":"ListItem","position":1,"name":"Startseite","item":"https:\/\/www.dramfolks-whisky-auction.com\/fr\/"},{"@type":"ListItem","position":2,"name":"Boutique","item":"https:\/\/www.dramfolks-whisky-auction.com\/fr\/boutique\/"},{"@type":"ListItem","position":3,"name":"Buffalo Trace &#8211; Blanton&rsquo;s Straight From The Barrel 2022"}]},{"@type":"WebSite","@id":"https:\/\/www.dramfolks-whisky-auction.com\/fr\/#website","url":"https:\/\/www.dramfolks-whisky-auction.com\/fr\/","name":"Dramfolks Whisky Auction","description":"","potentialAction":[{"@type":"SearchAction","target":{"@type":"EntryPoint","urlTemplate":"https:\/\/www.dramfolks-whisky-auction.com\/fr\/?s={search_term_string}"},"query-input":{"@type":"PropertyValueSpecification","valueRequired":true,"valueName":"search_term_string"}}],"inLanguage":"fr-FR"}]}},"_links":{"self":[{"href":"https:\/\/www.dramfolks-whisky-auction.com\/fr\/wp-json\/wp\/v2\/product\/2695","targetHints":{"allow":["GET"]}}],"collection":[{"href":"https:\/\/www.dramfolks-whisky-auction.com\/fr\/wp-json\/wp\/v2\/product"}],"about":[{"href":"https:\/\/www.dramfolks-whisky-auction.com\/fr\/wp-json\/wp\/v2\/types\/product"}],"replies":[{"embeddable":true,"href":"https:\/\/www.dramfolks-whisky-auction.com\/fr\/wp-json\/wp\/v2\/comments?post=2695"}],"wp:featuredmedia":[{"embeddable":true,"href":"https:\/\/www.dramfolks-whisky-auction.com\/fr\/wp-json\/wp\/v2\/media\/1520"}],"wp:attachment":[{"href":"https:\/\/www.dramfolks-whisky-auction.com\/fr\/wp-json\/wp\/v2\/media?parent=2695"}],"wp:term":[{"taxonomy":"product_brand","embeddable":true,"href":"https:\/\/www.dramfolks-whisky-auction.com\/fr\/wp-json\/wp\/v2\/product_brand?post=2695"},{"taxonomy":"product_cat","embeddable":true,"href":"https:\/\/www.dramfolks-whisky-auction.com\/fr\/wp-json\/wp\/v2\/product_cat?post=2695"},{"taxonomy":"product_tag","embeddable":true,"href":"https:\/\/www.dramfolks-whisky-auction.com\/fr\/wp-json\/wp\/v2\/product_tag?post=2695"}],"curies":[{"name":"wp","href":"https:\/\/api.w.org\/{rel}","templated":true}]}}