{"id":2691,"date":"2023-06-01T17:50:57","date_gmt":"2023-06-01T15:50:57","guid":{"rendered":"https:\/\/www.dramfolks-whisky-auction.com\/?post_type=product&#038;p=2691"},"modified":"2025-03-25T19:49:48","modified_gmt":"2025-03-25T18:49:48","slug":"teeling-ginger-beer-cask-finished-3","status":"publish","type":"product","link":"https:\/\/www.dramfolks-whisky-auction.com\/fr\/product\/teeling-ginger-beer-cask-finished-3\/","title":{"rendered":"Teeling &#8211; Ginger Beer Cask Finished"},"content":{"rendered":"<p><strong>Destille: Teeling<br \/>\n<\/strong>Die Teeling Destillerie wurde 1782 von Walter Teeling in Dublin gegr\u00fcndet. Der Gr\u00fcnder Walter Teeling errichtete seine kleine <span class=\"tx-datamintslossaryextension-no-replacement\">Brennerei<\/span> an der Marrowbone Lane in Dublin. Das neue Destilleriegeb\u00e4ude wurde 2014 erbaut und steht nur wenige hundert Meter vom urspr\u00fcnglichen Standort entfernt. Seit Ende M\u00e4rz 2015 flie\u00dft Spirit durch die Pot Stills und die neue Destille startete.<\/p>\n<p>J\u00e4hrliches Produktionsvolumen 500.000 l.<\/p>\n<p><strong>Fun Fakt:\u00a0 <\/strong>In der goldenen Zeit des irischen Whiskeys im 19. Jahrhundert waren die Destillerien in der \u00ab\u00a0The Liberties\u00a0\u00bb genannten Gegend im S\u00fcdwesten der Stadt nicht nur die wichtigsten Brennereien des Landes sie geh\u00f6rten zu den bedeutesten der Welt. Von Dublin aus gelang der legend\u00e4re Irish Whiskey hinaus in die Welt. Zu Beginn des 20. Jahrhunderts wurde der irische Whiskey von zahlreichen Schicksalsschl\u00e4gen getroffen, was zur Folge hatte, dass zu Beginn der 1970er Jahre leider die letzte Whiskeydestillerie in Dublin schlie\u00dfen musste. \u00dcber 40 Jahre sp\u00e4ter h\u00e4lt die irische Whiskeyherstellung wieder Einzug in Dublin. Im Fr\u00fchjahr 2014 begann der Bau der Distillery in den Liberties. Der Phoenix ist das Symbol der Teeling Whisky Company und steht f\u00fcr den Neubeginn.<\/p>\n<p><strong>Whisky\/Whiskey: Ginger Beer Cask Finished<br \/>\n<\/strong>Die Teeling Distillery sandte zwei ehemalige Bourbon-Hogshead-F\u00e4sser zu Umbrella Brewing. Die Brauerei f\u00fcllte diese dann mit ihrem Ingwerbier und lie\u00df es zwei Jahre darin reifen, bevor es mit Kohlens\u00e4ure versetzt und in Dosen abgef\u00fcllt wurde. Die jetzt mit Ginger Beer vorbelgten F\u00e4sser gingen wieder zur\u00fcck zu Teeling, die dann ihrerseits so ihren Ginger Beer Cask Finished Teeling Irish Whiskey kreierten. Teeling Irish Whiskey Ginger Beer Cask Finished ist ohne K\u00fchlfiltration mit 46 % Vol. abgef\u00fcllt. Es wurden nur 700 Flaschen abgef\u00fcllt. Die angebotene Flasche ist aus Batch 1 und im Jahre 2020 abgef\u00fcllt und ein UK Import!<\/p>\n<p><strong>Info Qualit\u00e4t der Flasche:<\/strong> Exzellent &#8211; ohne Besch\u00e4digungen \/ <strong>F\u00fcllstand: <\/strong>Into neck<br \/>\n<strong>Info Qualit\u00e4t der Box: <\/strong>keine Box vorhanden<\/p>\n<p><strong>Wichtiger Hinweis:<\/strong> Die Bewertung der Flaschen und Boxen erfolgt nach \u201ebesten Wissen und Gewissen\u201c. dramfolks kann keine Gew\u00e4hrleistung f\u00fcr den Inhalt der Flaschen \u00fcbernehmen. Weitere Infos &amp; Hinweise finden Sie in unseren AGBs. Wir empfehlen Ihnen, vor der Abgabe von Geboten \u00fcber die Zoomfunktion eine Besichtigung \/ genaue Pr\u00fcfung des angebotenen Whiskys vorzunehmen. Bitte kontaktieren sie uns bei Fragen direkt unter info@dramfolks.com<\/p>\n","protected":false},"excerpt":{"rendered":"<p>Destille: Teeling Die Teeling Destillerie wurde 1782 von Walter Teeling in Dublin gegr\u00fcndet. Der Gr\u00fcnder Walter Teeling errichtete seine kleine Brennerei an der Marrowbone Lane in Dublin. Das neue Destilleriegeb\u00e4ude wurde 2014 erbaut und steht nur wenige hundert Meter vom urspr\u00fcnglichen Standort entfernt. Seit Ende M\u00e4rz 2015 flie\u00dft Spirit durch die Pot Stills und die[&#8230;]\n","protected":false},"featured_media":2128,"comment_status":"closed","ping_status":"closed","template":"","meta":[],"product_brand":[],"product_cat":[1099],"product_tag":[],"class_list":{"0":"post-2691","1":"product","2":"type-product","3":"status-publish","4":"has-post-thumbnail","6":"product_cat-aam-sold-out","8":"first","9":"instock","10":"shipping-taxable","11":"purchasable","12":"product-type-auction"},"yoast_head":"<!-- This site is optimized with the Yoast SEO plugin v27.0 - https:\/\/yoast.com\/product\/yoast-seo-wordpress\/ -->\n<title>Teeling - Ginger Beer Cask Finished - Dramfolks Whisky Auction<\/title>\n<meta name=\"robots\" content=\"index, follow, max-snippet:-1, max-image-preview:large, max-video-preview:-1\" \/>\n<link rel=\"canonical\" href=\"https:\/\/www.dramfolks-whisky-auction.com\/fr\/product\/teeling-ginger-beer-cask-finished-3\/\" \/>\n<meta property=\"og:locale\" content=\"fr_FR\" \/>\n<meta property=\"og:type\" content=\"article\" \/>\n<meta property=\"og:title\" content=\"Teeling - Ginger Beer Cask Finished - Dramfolks Whisky Auction\" \/>\n<meta property=\"og:description\" content=\"Destille: Teeling Die Teeling Destillerie wurde 1782 von Walter Teeling in Dublin gegr\u00fcndet. Der Gr\u00fcnder Walter Teeling errichtete seine kleine Brennerei an der Marrowbone Lane in Dublin. Das neue Destilleriegeb\u00e4ude wurde 2014 erbaut und steht nur wenige hundert Meter vom urspr\u00fcnglichen Standort entfernt. Seit Ende M\u00e4rz 2015 flie\u00dft Spirit durch die Pot Stills und die[...]\" \/>\n<meta property=\"og:url\" content=\"https:\/\/www.dramfolks-whisky-auction.com\/fr\/product\/teeling-ginger-beer-cask-finished-3\/\" \/>\n<meta property=\"og:site_name\" content=\"Dramfolks Whisky Auction\" \/>\n<meta property=\"article:modified_time\" content=\"2025-03-25T18:49:48+00:00\" \/>\n<meta property=\"og:image\" content=\"https:\/\/www.dramfolks-whisky-auction.com\/wp-content\/uploads\/2023\/04\/DSC_0353-II-scaled.jpg\" \/>\n\t<meta property=\"og:image:width\" content=\"2048\" \/>\n\t<meta property=\"og:image:height\" content=\"2560\" \/>\n\t<meta property=\"og:image:type\" content=\"image\/jpeg\" \/>\n<meta name=\"twitter:card\" content=\"summary_large_image\" \/>\n<meta name=\"twitter:label1\" content=\"Dur\u00e9e de lecture estim\u00e9e\" \/>\n\t<meta name=\"twitter:data1\" content=\"3 minutes\" \/>\n<script type=\"application\/ld+json\" class=\"yoast-schema-graph\">{\"@context\":\"https:\/\/schema.org\",\"@graph\":[{\"@type\":\"WebPage\",\"@id\":\"https:\/\/www.dramfolks-whisky-auction.com\/fr\/product\/teeling-ginger-beer-cask-finished-3\/\",\"url\":\"https:\/\/www.dramfolks-whisky-auction.com\/fr\/product\/teeling-ginger-beer-cask-finished-3\/\",\"name\":\"Teeling - Ginger Beer Cask Finished - Dramfolks Whisky Auction\",\"isPartOf\":{\"@id\":\"https:\/\/www.dramfolks-whisky-auction.com\/fr\/#website\"},\"primaryImageOfPage\":{\"@id\":\"https:\/\/www.dramfolks-whisky-auction.com\/fr\/product\/teeling-ginger-beer-cask-finished-3\/#primaryimage\"},\"image\":{\"@id\":\"https:\/\/www.dramfolks-whisky-auction.com\/fr\/product\/teeling-ginger-beer-cask-finished-3\/#primaryimage\"},\"thumbnailUrl\":\"https:\/\/www.dramfolks-whisky-auction.com\/wp-content\/uploads\/2023\/04\/DSC_0353-II-scaled.jpg\",\"datePublished\":\"2023-06-01T15:50:57+00:00\",\"dateModified\":\"2025-03-25T18:49:48+00:00\",\"breadcrumb\":{\"@id\":\"https:\/\/www.dramfolks-whisky-auction.com\/fr\/product\/teeling-ginger-beer-cask-finished-3\/#breadcrumb\"},\"inLanguage\":\"fr-FR\",\"potentialAction\":[{\"@type\":\"ReadAction\",\"target\":[\"https:\/\/www.dramfolks-whisky-auction.com\/fr\/product\/teeling-ginger-beer-cask-finished-3\/\"]}]},{\"@type\":\"ImageObject\",\"inLanguage\":\"fr-FR\",\"@id\":\"https:\/\/www.dramfolks-whisky-auction.com\/fr\/product\/teeling-ginger-beer-cask-finished-3\/#primaryimage\",\"url\":\"https:\/\/www.dramfolks-whisky-auction.com\/wp-content\/uploads\/2023\/04\/DSC_0353-II-scaled.jpg\",\"contentUrl\":\"https:\/\/www.dramfolks-whisky-auction.com\/wp-content\/uploads\/2023\/04\/DSC_0353-II-scaled.jpg\",\"width\":2048,\"height\":2560},{\"@type\":\"BreadcrumbList\",\"@id\":\"https:\/\/www.dramfolks-whisky-auction.com\/fr\/product\/teeling-ginger-beer-cask-finished-3\/#breadcrumb\",\"itemListElement\":[{\"@type\":\"ListItem\",\"position\":1,\"name\":\"Startseite\",\"item\":\"https:\/\/www.dramfolks-whisky-auction.com\/fr\/\"},{\"@type\":\"ListItem\",\"position\":2,\"name\":\"Boutique\",\"item\":\"https:\/\/www.dramfolks-whisky-auction.com\/fr\/boutique\/\"},{\"@type\":\"ListItem\",\"position\":3,\"name\":\"Teeling &#8211; Ginger Beer Cask Finished\"}]},{\"@type\":\"WebSite\",\"@id\":\"https:\/\/www.dramfolks-whisky-auction.com\/fr\/#website\",\"url\":\"https:\/\/www.dramfolks-whisky-auction.com\/fr\/\",\"name\":\"Dramfolks Whisky Auction\",\"description\":\"\",\"potentialAction\":[{\"@type\":\"SearchAction\",\"target\":{\"@type\":\"EntryPoint\",\"urlTemplate\":\"https:\/\/www.dramfolks-whisky-auction.com\/fr\/?s={search_term_string}\"},\"query-input\":{\"@type\":\"PropertyValueSpecification\",\"valueRequired\":true,\"valueName\":\"search_term_string\"}}],\"inLanguage\":\"fr-FR\"}]}<\/script>\n<!-- \/ Yoast SEO plugin. -->","yoast_head_json":{"title":"Teeling - Ginger Beer Cask Finished - Dramfolks Whisky Auction","robots":{"index":"index","follow":"follow","max-snippet":"max-snippet:-1","max-image-preview":"max-image-preview:large","max-video-preview":"max-video-preview:-1"},"canonical":"https:\/\/www.dramfolks-whisky-auction.com\/fr\/product\/teeling-ginger-beer-cask-finished-3\/","og_locale":"fr_FR","og_type":"article","og_title":"Teeling - Ginger Beer Cask Finished - Dramfolks Whisky Auction","og_description":"Destille: Teeling Die Teeling Destillerie wurde 1782 von Walter Teeling in Dublin gegr\u00fcndet. Der Gr\u00fcnder Walter Teeling errichtete seine kleine Brennerei an der Marrowbone Lane in Dublin. Das neue Destilleriegeb\u00e4ude wurde 2014 erbaut und steht nur wenige hundert Meter vom urspr\u00fcnglichen Standort entfernt. Seit Ende M\u00e4rz 2015 flie\u00dft Spirit durch die Pot Stills und die[...]","og_url":"https:\/\/www.dramfolks-whisky-auction.com\/fr\/product\/teeling-ginger-beer-cask-finished-3\/","og_site_name":"Dramfolks Whisky Auction","article_modified_time":"2025-03-25T18:49:48+00:00","og_image":[{"width":2048,"height":2560,"url":"https:\/\/www.dramfolks-whisky-auction.com\/wp-content\/uploads\/2023\/04\/DSC_0353-II-scaled.jpg","type":"image\/jpeg"}],"twitter_card":"summary_large_image","twitter_misc":{"Dur\u00e9e de lecture estim\u00e9e":"3 minutes"},"schema":{"@context":"https:\/\/schema.org","@graph":[{"@type":"WebPage","@id":"https:\/\/www.dramfolks-whisky-auction.com\/fr\/product\/teeling-ginger-beer-cask-finished-3\/","url":"https:\/\/www.dramfolks-whisky-auction.com\/fr\/product\/teeling-ginger-beer-cask-finished-3\/","name":"Teeling - Ginger Beer Cask Finished - Dramfolks Whisky Auction","isPartOf":{"@id":"https:\/\/www.dramfolks-whisky-auction.com\/fr\/#website"},"primaryImageOfPage":{"@id":"https:\/\/www.dramfolks-whisky-auction.com\/fr\/product\/teeling-ginger-beer-cask-finished-3\/#primaryimage"},"image":{"@id":"https:\/\/www.dramfolks-whisky-auction.com\/fr\/product\/teeling-ginger-beer-cask-finished-3\/#primaryimage"},"thumbnailUrl":"https:\/\/www.dramfolks-whisky-auction.com\/wp-content\/uploads\/2023\/04\/DSC_0353-II-scaled.jpg","datePublished":"2023-06-01T15:50:57+00:00","dateModified":"2025-03-25T18:49:48+00:00","breadcrumb":{"@id":"https:\/\/www.dramfolks-whisky-auction.com\/fr\/product\/teeling-ginger-beer-cask-finished-3\/#breadcrumb"},"inLanguage":"fr-FR","potentialAction":[{"@type":"ReadAction","target":["https:\/\/www.dramfolks-whisky-auction.com\/fr\/product\/teeling-ginger-beer-cask-finished-3\/"]}]},{"@type":"ImageObject","inLanguage":"fr-FR","@id":"https:\/\/www.dramfolks-whisky-auction.com\/fr\/product\/teeling-ginger-beer-cask-finished-3\/#primaryimage","url":"https:\/\/www.dramfolks-whisky-auction.com\/wp-content\/uploads\/2023\/04\/DSC_0353-II-scaled.jpg","contentUrl":"https:\/\/www.dramfolks-whisky-auction.com\/wp-content\/uploads\/2023\/04\/DSC_0353-II-scaled.jpg","width":2048,"height":2560},{"@type":"BreadcrumbList","@id":"https:\/\/www.dramfolks-whisky-auction.com\/fr\/product\/teeling-ginger-beer-cask-finished-3\/#breadcrumb","itemListElement":[{"@type":"ListItem","position":1,"name":"Startseite","item":"https:\/\/www.dramfolks-whisky-auction.com\/fr\/"},{"@type":"ListItem","position":2,"name":"Boutique","item":"https:\/\/www.dramfolks-whisky-auction.com\/fr\/boutique\/"},{"@type":"ListItem","position":3,"name":"Teeling &#8211; Ginger Beer Cask Finished"}]},{"@type":"WebSite","@id":"https:\/\/www.dramfolks-whisky-auction.com\/fr\/#website","url":"https:\/\/www.dramfolks-whisky-auction.com\/fr\/","name":"Dramfolks Whisky Auction","description":"","potentialAction":[{"@type":"SearchAction","target":{"@type":"EntryPoint","urlTemplate":"https:\/\/www.dramfolks-whisky-auction.com\/fr\/?s={search_term_string}"},"query-input":{"@type":"PropertyValueSpecification","valueRequired":true,"valueName":"search_term_string"}}],"inLanguage":"fr-FR"}]}},"_links":{"self":[{"href":"https:\/\/www.dramfolks-whisky-auction.com\/fr\/wp-json\/wp\/v2\/product\/2691","targetHints":{"allow":["GET"]}}],"collection":[{"href":"https:\/\/www.dramfolks-whisky-auction.com\/fr\/wp-json\/wp\/v2\/product"}],"about":[{"href":"https:\/\/www.dramfolks-whisky-auction.com\/fr\/wp-json\/wp\/v2\/types\/product"}],"replies":[{"embeddable":true,"href":"https:\/\/www.dramfolks-whisky-auction.com\/fr\/wp-json\/wp\/v2\/comments?post=2691"}],"wp:featuredmedia":[{"embeddable":true,"href":"https:\/\/www.dramfolks-whisky-auction.com\/fr\/wp-json\/wp\/v2\/media\/2128"}],"wp:attachment":[{"href":"https:\/\/www.dramfolks-whisky-auction.com\/fr\/wp-json\/wp\/v2\/media?parent=2691"}],"wp:term":[{"taxonomy":"product_brand","embeddable":true,"href":"https:\/\/www.dramfolks-whisky-auction.com\/fr\/wp-json\/wp\/v2\/product_brand?post=2691"},{"taxonomy":"product_cat","embeddable":true,"href":"https:\/\/www.dramfolks-whisky-auction.com\/fr\/wp-json\/wp\/v2\/product_cat?post=2691"},{"taxonomy":"product_tag","embeddable":true,"href":"https:\/\/www.dramfolks-whisky-auction.com\/fr\/wp-json\/wp\/v2\/product_tag?post=2691"}],"curies":[{"name":"wp","href":"https:\/\/api.w.org\/{rel}","templated":true}]}}