{"id":2685,"date":"2023-05-31T16:44:32","date_gmt":"2023-05-31T14:44:32","guid":{"rendered":"https:\/\/www.dramfolks-whisky-auction.com\/?post_type=product&#038;p=2685"},"modified":"2025-03-25T19:39:04","modified_gmt":"2025-03-25T18:39:04","slug":"ben-bracken-1990-27yo-4","status":"publish","type":"product","link":"https:\/\/www.dramfolks-whisky-auction.com\/fr\/product\/ben-bracken-1990-27yo-4\/","title":{"rendered":"Ben Bracken &#8211; 1990 \/ 27yo"},"content":{"rendered":"<p><strong>Destille: Ben Bracken<br \/>\n<\/strong>Genau genommen ist Ben Bracken keine Destillerie, sondern eine Whisky-Marke. Unter dem Namen Ben Bracken werden ausgew\u00e4hlte Single Malts des deutschen Discounters Lidl vertrieben. Sie bilden neben den Glenalba Blend Malts, Glen Orchy sowie Queen Margot das Kernsortiment der Lidl-Whiskys. Abgef\u00fcllt werden die Single Malts und Blends meist von Wallace &amp; Young Distillers Co. (Ben Bracken) und Clydesdale (Glenalba und Queen Margot).<\/p>\n<p><strong>Fun Fakt: <\/strong>Auch wenn hier Discounter Lidl (oder auch Aldi) hinter den Marken steht, hei\u00dft dies nicht, dass die Qualit\u00e4t auch Discounter-Niveau hat. Ganz im Gegenteil&#8230; Bei den weltbekannten \u00ab\u00a0Spirits Business Scotch Whisky Masters 2020\u00a0\u00bb gewannen Aldi und Lidl mit ihren Eigenmarken insgesamt acht Goldmedaillen! Zuerst gewann Aldi Gold f\u00fcr seinen \u00ab\u00a0Highland Black 8 Years Old\u00a0\u00bb und \u00ab\u00a0Highland Earl Blended Scotch Whisky\u00a0\u00bb, gefolgt von Lidl mit einer Goldmedaille f\u00fcr seine \u00ab\u00a0Queen Margot 3 Years Old\u00a0\u00bb und einer Silbermedaille f\u00fcr seinen \u00ab\u00a0Glen Orchy 5 Years Old\u00a0\u00bb.<\/p>\n<p><strong>Whisky\/Whiskey: 1990 \/ 27yo<br \/>\n<\/strong>Der Ben Bracken ist ein Single Malt, der von einer Brennerei auf der schottischen Insel Islay in kupfernen Brennblasen hergestellt wurde und der f\u00fcr mindestens 27 Jahre in Eichenholzf\u00e4ssern gereift wurde. Beim Ben Bracken handelt es sich um einen Mystery Malt: Denn die Destillerie ist nicht bekannt, was nat\u00fcrlich zu Spekulationen einl\u00e4dt. Auf der Isle of Islay kommen zum Gl\u00fcck nicht allzu viele Destillerien in Frage&#8230; Aromatechnisch kann hier \u00ab\u00a0leichter Rauch, Zitrusfr\u00fcchte, s\u00fc\u00dfe &amp; maritime Noten mit Eiche &amp; Lagerfeuer\u00a0\u00bb vermerkt werden. Im Geschmack punktet er mit \u00ab\u00a0ebenfalls s\u00fc\u00dfen, maritimen Zitrusfr\u00fcchten, die leicht nach Kr\u00e4utern, Apfel und Pfeffer daherkommen\u00a0\u00bb. Der Abgang zeichnet sich dann final mit \u00ab\u00a0helle, rauchige Fr\u00fcchte, viel Apfel und leicht salzig maritim bitter&#8230;\u00a0\u00bb aus.<\/p>\n<div><\/div>\n<div class=\"description-long\"><strong>Info Qualit\u00e4t der Flasche:<\/strong> Exzellent &#8211; ohne Besch\u00e4digungen \/ <strong>F\u00fcllstand: <\/strong>Into neck<br \/>\n<strong>Info Qualit\u00e4t der Box: <\/strong>Exzellent &#8211; ohne Besch\u00e4digungen<\/div>\n<div><\/div>\n<div class=\"description-long\"><strong>Wichtiger Hinweis:<\/strong> Die Bewertung der Flaschen und Boxen erfolgt nach \u201ebesten Wissen und Gewissen\u201c. dramfolks kann keine Gew\u00e4hrleistung f\u00fcr den Inhalt der Flaschen \u00fcbernehmen. Weitere Infos &amp; Hinweise finden Sie in unseren AGBs. Wir empfehlen Ihnen, vor der Abgabe von Geboten \u00fcber die Zoomfunktion eine Besichtigung \/ genaue Pr\u00fcfung des angebotenen Whiskys vorzunehmen. Bitte kontaktieren sie uns bei Fragen direkt unter info@dramfolks.com<\/div>\n","protected":false},"excerpt":{"rendered":"<p>Destille: Ben Bracken Genau genommen ist Ben Bracken keine Destillerie, sondern eine Whisky-Marke. Unter dem Namen Ben Bracken werden ausgew\u00e4hlte Single Malts des deutschen Discounters Lidl vertrieben. Sie bilden neben den Glenalba Blend Malts, Glen Orchy sowie Queen Margot das Kernsortiment der Lidl-Whiskys. Abgef\u00fcllt werden die Single Malts und Blends meist von Wallace &amp; Young[&#8230;]\n","protected":false},"featured_media":3496,"comment_status":"closed","ping_status":"closed","template":"","meta":[],"product_brand":[],"product_cat":[1099],"product_tag":[],"class_list":{"0":"post-2685","1":"product","2":"type-product","3":"status-publish","4":"has-post-thumbnail","6":"product_cat-aam-sold-out","8":"first","9":"instock","10":"shipping-taxable","11":"purchasable","12":"product-type-auction"},"yoast_head":"<!-- This site is optimized with the Yoast SEO plugin v27.0 - https:\/\/yoast.com\/product\/yoast-seo-wordpress\/ -->\n<title>Ben Bracken - 1990 \/ 27yo - Dramfolks Whisky Auction<\/title>\n<meta name=\"robots\" content=\"index, follow, max-snippet:-1, max-image-preview:large, max-video-preview:-1\" \/>\n<link rel=\"canonical\" href=\"https:\/\/www.dramfolks-whisky-auction.com\/fr\/product\/ben-bracken-1990-27yo-4\/\" \/>\n<meta property=\"og:locale\" content=\"fr_FR\" \/>\n<meta property=\"og:type\" content=\"article\" \/>\n<meta property=\"og:title\" content=\"Ben Bracken - 1990 \/ 27yo - Dramfolks Whisky Auction\" \/>\n<meta property=\"og:description\" content=\"Destille: Ben Bracken Genau genommen ist Ben Bracken keine Destillerie, sondern eine Whisky-Marke. Unter dem Namen Ben Bracken werden ausgew\u00e4hlte Single Malts des deutschen Discounters Lidl vertrieben. Sie bilden neben den Glenalba Blend Malts, Glen Orchy sowie Queen Margot das Kernsortiment der Lidl-Whiskys. Abgef\u00fcllt werden die Single Malts und Blends meist von Wallace &amp; Young[...]\" \/>\n<meta property=\"og:url\" content=\"https:\/\/www.dramfolks-whisky-auction.com\/fr\/product\/ben-bracken-1990-27yo-4\/\" \/>\n<meta property=\"og:site_name\" content=\"Dramfolks Whisky Auction\" \/>\n<meta property=\"article:modified_time\" content=\"2025-03-25T18:39:04+00:00\" \/>\n<meta property=\"og:image\" content=\"https:\/\/www.dramfolks-whisky-auction.com\/wp-content\/uploads\/2023\/05\/Ben-Bracken-Sold-out.jpg\" \/>\n\t<meta property=\"og:image:width\" content=\"1080\" \/>\n\t<meta property=\"og:image:height\" content=\"1080\" \/>\n\t<meta property=\"og:image:type\" content=\"image\/jpeg\" \/>\n<meta name=\"twitter:card\" content=\"summary_large_image\" \/>\n<meta name=\"twitter:label1\" content=\"Dur\u00e9e de lecture estim\u00e9e\" \/>\n\t<meta name=\"twitter:data1\" content=\"3 minutes\" \/>\n<script type=\"application\/ld+json\" class=\"yoast-schema-graph\">{\"@context\":\"https:\/\/schema.org\",\"@graph\":[{\"@type\":\"WebPage\",\"@id\":\"https:\/\/www.dramfolks-whisky-auction.com\/fr\/product\/ben-bracken-1990-27yo-4\/\",\"url\":\"https:\/\/www.dramfolks-whisky-auction.com\/fr\/product\/ben-bracken-1990-27yo-4\/\",\"name\":\"Ben Bracken - 1990 \/ 27yo - Dramfolks Whisky Auction\",\"isPartOf\":{\"@id\":\"https:\/\/www.dramfolks-whisky-auction.com\/fr\/#website\"},\"primaryImageOfPage\":{\"@id\":\"https:\/\/www.dramfolks-whisky-auction.com\/fr\/product\/ben-bracken-1990-27yo-4\/#primaryimage\"},\"image\":{\"@id\":\"https:\/\/www.dramfolks-whisky-auction.com\/fr\/product\/ben-bracken-1990-27yo-4\/#primaryimage\"},\"thumbnailUrl\":\"https:\/\/www.dramfolks-whisky-auction.com\/wp-content\/uploads\/2023\/05\/Ben-Bracken-Sold-out.jpg\",\"datePublished\":\"2023-05-31T14:44:32+00:00\",\"dateModified\":\"2025-03-25T18:39:04+00:00\",\"breadcrumb\":{\"@id\":\"https:\/\/www.dramfolks-whisky-auction.com\/fr\/product\/ben-bracken-1990-27yo-4\/#breadcrumb\"},\"inLanguage\":\"fr-FR\",\"potentialAction\":[{\"@type\":\"ReadAction\",\"target\":[\"https:\/\/www.dramfolks-whisky-auction.com\/fr\/product\/ben-bracken-1990-27yo-4\/\"]}]},{\"@type\":\"ImageObject\",\"inLanguage\":\"fr-FR\",\"@id\":\"https:\/\/www.dramfolks-whisky-auction.com\/fr\/product\/ben-bracken-1990-27yo-4\/#primaryimage\",\"url\":\"https:\/\/www.dramfolks-whisky-auction.com\/wp-content\/uploads\/2023\/05\/Ben-Bracken-Sold-out.jpg\",\"contentUrl\":\"https:\/\/www.dramfolks-whisky-auction.com\/wp-content\/uploads\/2023\/05\/Ben-Bracken-Sold-out.jpg\",\"width\":1080,\"height\":1080},{\"@type\":\"BreadcrumbList\",\"@id\":\"https:\/\/www.dramfolks-whisky-auction.com\/fr\/product\/ben-bracken-1990-27yo-4\/#breadcrumb\",\"itemListElement\":[{\"@type\":\"ListItem\",\"position\":1,\"name\":\"Startseite\",\"item\":\"https:\/\/www.dramfolks-whisky-auction.com\/fr\/\"},{\"@type\":\"ListItem\",\"position\":2,\"name\":\"Boutique\",\"item\":\"https:\/\/www.dramfolks-whisky-auction.com\/fr\/boutique\/\"},{\"@type\":\"ListItem\",\"position\":3,\"name\":\"Ben Bracken &#8211; 1990 \/ 27yo\"}]},{\"@type\":\"WebSite\",\"@id\":\"https:\/\/www.dramfolks-whisky-auction.com\/fr\/#website\",\"url\":\"https:\/\/www.dramfolks-whisky-auction.com\/fr\/\",\"name\":\"Dramfolks Whisky Auction\",\"description\":\"\",\"potentialAction\":[{\"@type\":\"SearchAction\",\"target\":{\"@type\":\"EntryPoint\",\"urlTemplate\":\"https:\/\/www.dramfolks-whisky-auction.com\/fr\/?s={search_term_string}\"},\"query-input\":{\"@type\":\"PropertyValueSpecification\",\"valueRequired\":true,\"valueName\":\"search_term_string\"}}],\"inLanguage\":\"fr-FR\"}]}<\/script>\n<!-- \/ Yoast SEO plugin. -->","yoast_head_json":{"title":"Ben Bracken - 1990 \/ 27yo - Dramfolks Whisky Auction","robots":{"index":"index","follow":"follow","max-snippet":"max-snippet:-1","max-image-preview":"max-image-preview:large","max-video-preview":"max-video-preview:-1"},"canonical":"https:\/\/www.dramfolks-whisky-auction.com\/fr\/product\/ben-bracken-1990-27yo-4\/","og_locale":"fr_FR","og_type":"article","og_title":"Ben Bracken - 1990 \/ 27yo - Dramfolks Whisky Auction","og_description":"Destille: Ben Bracken Genau genommen ist Ben Bracken keine Destillerie, sondern eine Whisky-Marke. Unter dem Namen Ben Bracken werden ausgew\u00e4hlte Single Malts des deutschen Discounters Lidl vertrieben. Sie bilden neben den Glenalba Blend Malts, Glen Orchy sowie Queen Margot das Kernsortiment der Lidl-Whiskys. Abgef\u00fcllt werden die Single Malts und Blends meist von Wallace &amp; Young[...]","og_url":"https:\/\/www.dramfolks-whisky-auction.com\/fr\/product\/ben-bracken-1990-27yo-4\/","og_site_name":"Dramfolks Whisky Auction","article_modified_time":"2025-03-25T18:39:04+00:00","og_image":[{"width":1080,"height":1080,"url":"https:\/\/www.dramfolks-whisky-auction.com\/wp-content\/uploads\/2023\/05\/Ben-Bracken-Sold-out.jpg","type":"image\/jpeg"}],"twitter_card":"summary_large_image","twitter_misc":{"Dur\u00e9e de lecture estim\u00e9e":"3 minutes"},"schema":{"@context":"https:\/\/schema.org","@graph":[{"@type":"WebPage","@id":"https:\/\/www.dramfolks-whisky-auction.com\/fr\/product\/ben-bracken-1990-27yo-4\/","url":"https:\/\/www.dramfolks-whisky-auction.com\/fr\/product\/ben-bracken-1990-27yo-4\/","name":"Ben Bracken - 1990 \/ 27yo - Dramfolks Whisky Auction","isPartOf":{"@id":"https:\/\/www.dramfolks-whisky-auction.com\/fr\/#website"},"primaryImageOfPage":{"@id":"https:\/\/www.dramfolks-whisky-auction.com\/fr\/product\/ben-bracken-1990-27yo-4\/#primaryimage"},"image":{"@id":"https:\/\/www.dramfolks-whisky-auction.com\/fr\/product\/ben-bracken-1990-27yo-4\/#primaryimage"},"thumbnailUrl":"https:\/\/www.dramfolks-whisky-auction.com\/wp-content\/uploads\/2023\/05\/Ben-Bracken-Sold-out.jpg","datePublished":"2023-05-31T14:44:32+00:00","dateModified":"2025-03-25T18:39:04+00:00","breadcrumb":{"@id":"https:\/\/www.dramfolks-whisky-auction.com\/fr\/product\/ben-bracken-1990-27yo-4\/#breadcrumb"},"inLanguage":"fr-FR","potentialAction":[{"@type":"ReadAction","target":["https:\/\/www.dramfolks-whisky-auction.com\/fr\/product\/ben-bracken-1990-27yo-4\/"]}]},{"@type":"ImageObject","inLanguage":"fr-FR","@id":"https:\/\/www.dramfolks-whisky-auction.com\/fr\/product\/ben-bracken-1990-27yo-4\/#primaryimage","url":"https:\/\/www.dramfolks-whisky-auction.com\/wp-content\/uploads\/2023\/05\/Ben-Bracken-Sold-out.jpg","contentUrl":"https:\/\/www.dramfolks-whisky-auction.com\/wp-content\/uploads\/2023\/05\/Ben-Bracken-Sold-out.jpg","width":1080,"height":1080},{"@type":"BreadcrumbList","@id":"https:\/\/www.dramfolks-whisky-auction.com\/fr\/product\/ben-bracken-1990-27yo-4\/#breadcrumb","itemListElement":[{"@type":"ListItem","position":1,"name":"Startseite","item":"https:\/\/www.dramfolks-whisky-auction.com\/fr\/"},{"@type":"ListItem","position":2,"name":"Boutique","item":"https:\/\/www.dramfolks-whisky-auction.com\/fr\/boutique\/"},{"@type":"ListItem","position":3,"name":"Ben Bracken &#8211; 1990 \/ 27yo"}]},{"@type":"WebSite","@id":"https:\/\/www.dramfolks-whisky-auction.com\/fr\/#website","url":"https:\/\/www.dramfolks-whisky-auction.com\/fr\/","name":"Dramfolks Whisky Auction","description":"","potentialAction":[{"@type":"SearchAction","target":{"@type":"EntryPoint","urlTemplate":"https:\/\/www.dramfolks-whisky-auction.com\/fr\/?s={search_term_string}"},"query-input":{"@type":"PropertyValueSpecification","valueRequired":true,"valueName":"search_term_string"}}],"inLanguage":"fr-FR"}]}},"_links":{"self":[{"href":"https:\/\/www.dramfolks-whisky-auction.com\/fr\/wp-json\/wp\/v2\/product\/2685","targetHints":{"allow":["GET"]}}],"collection":[{"href":"https:\/\/www.dramfolks-whisky-auction.com\/fr\/wp-json\/wp\/v2\/product"}],"about":[{"href":"https:\/\/www.dramfolks-whisky-auction.com\/fr\/wp-json\/wp\/v2\/types\/product"}],"replies":[{"embeddable":true,"href":"https:\/\/www.dramfolks-whisky-auction.com\/fr\/wp-json\/wp\/v2\/comments?post=2685"}],"wp:featuredmedia":[{"embeddable":true,"href":"https:\/\/www.dramfolks-whisky-auction.com\/fr\/wp-json\/wp\/v2\/media\/3496"}],"wp:attachment":[{"href":"https:\/\/www.dramfolks-whisky-auction.com\/fr\/wp-json\/wp\/v2\/media?parent=2685"}],"wp:term":[{"taxonomy":"product_brand","embeddable":true,"href":"https:\/\/www.dramfolks-whisky-auction.com\/fr\/wp-json\/wp\/v2\/product_brand?post=2685"},{"taxonomy":"product_cat","embeddable":true,"href":"https:\/\/www.dramfolks-whisky-auction.com\/fr\/wp-json\/wp\/v2\/product_cat?post=2685"},{"taxonomy":"product_tag","embeddable":true,"href":"https:\/\/www.dramfolks-whisky-auction.com\/fr\/wp-json\/wp\/v2\/product_tag?post=2685"}],"curies":[{"name":"wp","href":"https:\/\/api.w.org\/{rel}","templated":true}]}}