{"id":2683,"date":"2023-05-31T16:40:57","date_gmt":"2023-05-31T14:40:57","guid":{"rendered":"https:\/\/www.dramfolks-whisky-auction.com\/?post_type=product&#038;p=2683"},"modified":"2025-03-25T19:41:03","modified_gmt":"2025-03-25T18:41:03","slug":"glenturret-10yo-4","status":"publish","type":"product","link":"https:\/\/www.dramfolks-whisky-auction.com\/fr\/product\/glenturret-10yo-4\/","title":{"rendered":"Glenturret &#8211; 10yo"},"content":{"rendered":"<p><strong>Destille: Glenturret<br \/>\n<\/strong><span class=\"v1s2\">Die Destillerie geh\u00f6rt zu den \u00e4ltesten in Schottland. Bereits 1717 soll hier illegal Whisky gebrannt worden sein. Die heutige Single Malt Destillerie stammt aus dem Jahre 1763. Dieses Datum steht auch auf den heute verkauften Single Malts aus der Destillerie. 1990 wurde die Destillerie von Highland Distillers \u00fcbernommen, die ihrerseits 1999 von der Edrington Group \u00fcbernommen wurden. Im Dezember 2018 wurde bekanntgegeben, dass die Edrington Group die Brennerei an die \u201eLalique Group SA\u201c (Z\u00fcrich) verkauft hat. <\/span>Die Destillerie kommt auf ein Produktionsvolumen von 340.000 l im Jahr. Ihre Wasserquelle ist der Loch Turret in den Highlands.<\/p>\n<p><strong>Fun Fakt:\u00a0<\/strong>Glenturret ist auch bekannt wegen der Hauskatze \u00ab\u00a0Towser\u00a0\u00bb, die es bis ins Guinness Buch der Rekorde schaffte. Sie erreichte ein f\u00fcr Katzen nahezu biblisches Alter von fast 24 Jahren und erlegte in dieser Zeit angeblich 28.899 M\u00e4use. Sie starb im Jahre 1987 und 1991 wurde ihr zu Ehren eine Statue bei der Destillerie errichtet.<\/p>\n<p><strong>Whisky\/Whiskey: Glenturret 10yo<br \/>\n<\/strong>Die Glenturret Destillerie f\u00fcllt mit diesem 10 Jahre gereiften Single Malt Whisky einen sehr harmonischen Malt ab, der dennoch eine eigene Charakteristik besitzt. Es finden sich Aromen von Malz und Ingwer wieder. Das Finish zeigt sich von s\u00fc\u00dfem Honig gepr\u00e4gt, im Abklang fast cremig.<\/p>\n<p><strong>Info Qualit\u00e4t der Flasche:<\/strong> Exzellent ohne Besch\u00e4digungen \/ <strong>F\u00fcllstand:<\/strong> High fill<br \/>\n<strong>Info Qualit\u00e4t der Box:<\/strong> Exzellent &#8211; ohne Besch\u00e4digungen<\/p>\n<p><strong>Wichtiger Hinweis:<\/strong> Die Bewertung der Flaschen und Boxen erfolgt nach \u201ebesten Wissen und Gewissen\u201c. dramfolks kann keine Gew\u00e4hrleistung f\u00fcr den Inhalt der Flaschen \u00fcbernehmen. Weitere Infos &amp; Hinweise finden Sie in unseren AGBs. Wir empfehlen Ihnen, vor der Abgabe von Geboten \u00fcber die Zoomfunktion eine Besichtigung \/ genaue Pr\u00fcfung des angebotenen Whiskys vorzunehmen. Bitte kontaktieren sie uns bei Fragen direkt unter info@dramfolks.com<\/p>\n","protected":false},"excerpt":{"rendered":"<p><strong>After-Auction-Market by dramfolks<\/strong><\/p>\n<p>Dies ist keine laufende Auktion! \u00dcber den \u00ab\u00a0Jetzt Kaufen\u00a0\u00bb-Button direkt erwerben oder dein Gebot ist ein alternativer Preisvorschlag (Maximalgebot)!<\/p>\n","protected":false},"featured_media":5698,"comment_status":"closed","ping_status":"closed","template":"","meta":[],"product_brand":[],"product_cat":[1099],"product_tag":[],"class_list":{"0":"post-2683","1":"product","2":"type-product","3":"status-publish","4":"has-post-thumbnail","6":"product_cat-aam-sold-out","8":"first","9":"instock","10":"shipping-taxable","11":"purchasable","12":"product-type-auction"},"yoast_head":"<!-- This site is optimized with the Yoast SEO plugin v27.0 - https:\/\/yoast.com\/product\/yoast-seo-wordpress\/ -->\n<title>Glenturret - 10yo - Dramfolks Whisky Auction<\/title>\n<meta name=\"robots\" content=\"index, follow, max-snippet:-1, max-image-preview:large, max-video-preview:-1\" \/>\n<link rel=\"canonical\" href=\"https:\/\/www.dramfolks-whisky-auction.com\/fr\/product\/glenturret-10yo-4\/\" \/>\n<meta property=\"og:locale\" content=\"fr_FR\" \/>\n<meta property=\"og:type\" content=\"article\" \/>\n<meta property=\"og:title\" content=\"Glenturret - 10yo - Dramfolks Whisky Auction\" \/>\n<meta property=\"og:description\" content=\"After-Auction-Market by dramfolks  Dies ist keine laufende Auktion! \u00dcber den &quot;Jetzt Kaufen&quot;-Button direkt erwerben oder dein Gebot ist ein alternativer Preisvorschlag (Maximalgebot)!\" \/>\n<meta property=\"og:url\" content=\"https:\/\/www.dramfolks-whisky-auction.com\/fr\/product\/glenturret-10yo-4\/\" \/>\n<meta property=\"og:site_name\" content=\"Dramfolks Whisky Auction\" \/>\n<meta property=\"article:modified_time\" content=\"2025-03-25T18:41:03+00:00\" \/>\n<meta property=\"og:image\" content=\"https:\/\/www.dramfolks-whisky-auction.com\/wp-content\/uploads\/2023\/05\/Glenturret-10yo-Sold-out.jpg\" \/>\n\t<meta property=\"og:image:width\" content=\"2048\" \/>\n\t<meta property=\"og:image:height\" content=\"2048\" \/>\n\t<meta property=\"og:image:type\" content=\"image\/jpeg\" \/>\n<meta name=\"twitter:card\" content=\"summary_large_image\" \/>\n<meta name=\"twitter:label1\" content=\"Dur\u00e9e de lecture estim\u00e9e\" \/>\n\t<meta name=\"twitter:data1\" content=\"2 minutes\" \/>\n<script type=\"application\/ld+json\" class=\"yoast-schema-graph\">{\"@context\":\"https:\/\/schema.org\",\"@graph\":[{\"@type\":\"WebPage\",\"@id\":\"https:\/\/www.dramfolks-whisky-auction.com\/fr\/product\/glenturret-10yo-4\/\",\"url\":\"https:\/\/www.dramfolks-whisky-auction.com\/fr\/product\/glenturret-10yo-4\/\",\"name\":\"Glenturret - 10yo - Dramfolks Whisky Auction\",\"isPartOf\":{\"@id\":\"https:\/\/www.dramfolks-whisky-auction.com\/fr\/#website\"},\"primaryImageOfPage\":{\"@id\":\"https:\/\/www.dramfolks-whisky-auction.com\/fr\/product\/glenturret-10yo-4\/#primaryimage\"},\"image\":{\"@id\":\"https:\/\/www.dramfolks-whisky-auction.com\/fr\/product\/glenturret-10yo-4\/#primaryimage\"},\"thumbnailUrl\":\"https:\/\/www.dramfolks-whisky-auction.com\/wp-content\/uploads\/2023\/05\/Glenturret-10yo-Sold-out.jpg\",\"datePublished\":\"2023-05-31T14:40:57+00:00\",\"dateModified\":\"2025-03-25T18:41:03+00:00\",\"breadcrumb\":{\"@id\":\"https:\/\/www.dramfolks-whisky-auction.com\/fr\/product\/glenturret-10yo-4\/#breadcrumb\"},\"inLanguage\":\"fr-FR\",\"potentialAction\":[{\"@type\":\"ReadAction\",\"target\":[\"https:\/\/www.dramfolks-whisky-auction.com\/fr\/product\/glenturret-10yo-4\/\"]}]},{\"@type\":\"ImageObject\",\"inLanguage\":\"fr-FR\",\"@id\":\"https:\/\/www.dramfolks-whisky-auction.com\/fr\/product\/glenturret-10yo-4\/#primaryimage\",\"url\":\"https:\/\/www.dramfolks-whisky-auction.com\/wp-content\/uploads\/2023\/05\/Glenturret-10yo-Sold-out.jpg\",\"contentUrl\":\"https:\/\/www.dramfolks-whisky-auction.com\/wp-content\/uploads\/2023\/05\/Glenturret-10yo-Sold-out.jpg\",\"width\":2048,\"height\":2048},{\"@type\":\"BreadcrumbList\",\"@id\":\"https:\/\/www.dramfolks-whisky-auction.com\/fr\/product\/glenturret-10yo-4\/#breadcrumb\",\"itemListElement\":[{\"@type\":\"ListItem\",\"position\":1,\"name\":\"Startseite\",\"item\":\"https:\/\/www.dramfolks-whisky-auction.com\/fr\/\"},{\"@type\":\"ListItem\",\"position\":2,\"name\":\"Boutique\",\"item\":\"https:\/\/www.dramfolks-whisky-auction.com\/fr\/boutique\/\"},{\"@type\":\"ListItem\",\"position\":3,\"name\":\"Glenturret &#8211; 10yo\"}]},{\"@type\":\"WebSite\",\"@id\":\"https:\/\/www.dramfolks-whisky-auction.com\/fr\/#website\",\"url\":\"https:\/\/www.dramfolks-whisky-auction.com\/fr\/\",\"name\":\"Dramfolks Whisky Auction\",\"description\":\"\",\"potentialAction\":[{\"@type\":\"SearchAction\",\"target\":{\"@type\":\"EntryPoint\",\"urlTemplate\":\"https:\/\/www.dramfolks-whisky-auction.com\/fr\/?s={search_term_string}\"},\"query-input\":{\"@type\":\"PropertyValueSpecification\",\"valueRequired\":true,\"valueName\":\"search_term_string\"}}],\"inLanguage\":\"fr-FR\"}]}<\/script>\n<!-- \/ Yoast SEO plugin. -->","yoast_head_json":{"title":"Glenturret - 10yo - Dramfolks Whisky Auction","robots":{"index":"index","follow":"follow","max-snippet":"max-snippet:-1","max-image-preview":"max-image-preview:large","max-video-preview":"max-video-preview:-1"},"canonical":"https:\/\/www.dramfolks-whisky-auction.com\/fr\/product\/glenturret-10yo-4\/","og_locale":"fr_FR","og_type":"article","og_title":"Glenturret - 10yo - Dramfolks Whisky Auction","og_description":"After-Auction-Market by dramfolks  Dies ist keine laufende Auktion! \u00dcber den \"Jetzt Kaufen\"-Button direkt erwerben oder dein Gebot ist ein alternativer Preisvorschlag (Maximalgebot)!","og_url":"https:\/\/www.dramfolks-whisky-auction.com\/fr\/product\/glenturret-10yo-4\/","og_site_name":"Dramfolks Whisky Auction","article_modified_time":"2025-03-25T18:41:03+00:00","og_image":[{"width":2048,"height":2048,"url":"https:\/\/www.dramfolks-whisky-auction.com\/wp-content\/uploads\/2023\/05\/Glenturret-10yo-Sold-out.jpg","type":"image\/jpeg"}],"twitter_card":"summary_large_image","twitter_misc":{"Dur\u00e9e de lecture estim\u00e9e":"2 minutes"},"schema":{"@context":"https:\/\/schema.org","@graph":[{"@type":"WebPage","@id":"https:\/\/www.dramfolks-whisky-auction.com\/fr\/product\/glenturret-10yo-4\/","url":"https:\/\/www.dramfolks-whisky-auction.com\/fr\/product\/glenturret-10yo-4\/","name":"Glenturret - 10yo - Dramfolks Whisky Auction","isPartOf":{"@id":"https:\/\/www.dramfolks-whisky-auction.com\/fr\/#website"},"primaryImageOfPage":{"@id":"https:\/\/www.dramfolks-whisky-auction.com\/fr\/product\/glenturret-10yo-4\/#primaryimage"},"image":{"@id":"https:\/\/www.dramfolks-whisky-auction.com\/fr\/product\/glenturret-10yo-4\/#primaryimage"},"thumbnailUrl":"https:\/\/www.dramfolks-whisky-auction.com\/wp-content\/uploads\/2023\/05\/Glenturret-10yo-Sold-out.jpg","datePublished":"2023-05-31T14:40:57+00:00","dateModified":"2025-03-25T18:41:03+00:00","breadcrumb":{"@id":"https:\/\/www.dramfolks-whisky-auction.com\/fr\/product\/glenturret-10yo-4\/#breadcrumb"},"inLanguage":"fr-FR","potentialAction":[{"@type":"ReadAction","target":["https:\/\/www.dramfolks-whisky-auction.com\/fr\/product\/glenturret-10yo-4\/"]}]},{"@type":"ImageObject","inLanguage":"fr-FR","@id":"https:\/\/www.dramfolks-whisky-auction.com\/fr\/product\/glenturret-10yo-4\/#primaryimage","url":"https:\/\/www.dramfolks-whisky-auction.com\/wp-content\/uploads\/2023\/05\/Glenturret-10yo-Sold-out.jpg","contentUrl":"https:\/\/www.dramfolks-whisky-auction.com\/wp-content\/uploads\/2023\/05\/Glenturret-10yo-Sold-out.jpg","width":2048,"height":2048},{"@type":"BreadcrumbList","@id":"https:\/\/www.dramfolks-whisky-auction.com\/fr\/product\/glenturret-10yo-4\/#breadcrumb","itemListElement":[{"@type":"ListItem","position":1,"name":"Startseite","item":"https:\/\/www.dramfolks-whisky-auction.com\/fr\/"},{"@type":"ListItem","position":2,"name":"Boutique","item":"https:\/\/www.dramfolks-whisky-auction.com\/fr\/boutique\/"},{"@type":"ListItem","position":3,"name":"Glenturret &#8211; 10yo"}]},{"@type":"WebSite","@id":"https:\/\/www.dramfolks-whisky-auction.com\/fr\/#website","url":"https:\/\/www.dramfolks-whisky-auction.com\/fr\/","name":"Dramfolks Whisky Auction","description":"","potentialAction":[{"@type":"SearchAction","target":{"@type":"EntryPoint","urlTemplate":"https:\/\/www.dramfolks-whisky-auction.com\/fr\/?s={search_term_string}"},"query-input":{"@type":"PropertyValueSpecification","valueRequired":true,"valueName":"search_term_string"}}],"inLanguage":"fr-FR"}]}},"_links":{"self":[{"href":"https:\/\/www.dramfolks-whisky-auction.com\/fr\/wp-json\/wp\/v2\/product\/2683","targetHints":{"allow":["GET"]}}],"collection":[{"href":"https:\/\/www.dramfolks-whisky-auction.com\/fr\/wp-json\/wp\/v2\/product"}],"about":[{"href":"https:\/\/www.dramfolks-whisky-auction.com\/fr\/wp-json\/wp\/v2\/types\/product"}],"replies":[{"embeddable":true,"href":"https:\/\/www.dramfolks-whisky-auction.com\/fr\/wp-json\/wp\/v2\/comments?post=2683"}],"wp:featuredmedia":[{"embeddable":true,"href":"https:\/\/www.dramfolks-whisky-auction.com\/fr\/wp-json\/wp\/v2\/media\/5698"}],"wp:attachment":[{"href":"https:\/\/www.dramfolks-whisky-auction.com\/fr\/wp-json\/wp\/v2\/media?parent=2683"}],"wp:term":[{"taxonomy":"product_brand","embeddable":true,"href":"https:\/\/www.dramfolks-whisky-auction.com\/fr\/wp-json\/wp\/v2\/product_brand?post=2683"},{"taxonomy":"product_cat","embeddable":true,"href":"https:\/\/www.dramfolks-whisky-auction.com\/fr\/wp-json\/wp\/v2\/product_cat?post=2683"},{"taxonomy":"product_tag","embeddable":true,"href":"https:\/\/www.dramfolks-whisky-auction.com\/fr\/wp-json\/wp\/v2\/product_tag?post=2683"}],"curies":[{"name":"wp","href":"https:\/\/api.w.org\/{rel}","templated":true}]}}