{"id":2680,"date":"2023-05-31T16:34:11","date_gmt":"2023-05-31T14:34:11","guid":{"rendered":"https:\/\/www.dramfolks-whisky-auction.com\/?post_type=product&#038;p=2680"},"modified":"2025-03-25T19:41:47","modified_gmt":"2025-03-25T18:41:47","slug":"springbank-hazelburn-cv-4","status":"publish","type":"product","link":"https:\/\/www.dramfolks-whisky-auction.com\/fr\/product\/springbank-hazelburn-cv-4\/","title":{"rendered":"Springbank &#8211; Hazelburn CV"},"content":{"rendered":"<p><strong>Destille: Springbank<br \/>\n<\/strong>Die Springbank Distillery ist eine familiengef\u00fchrte Single Malt Whiskybrennerei auf der Kintyre Peninsula im Westen Schottlands. Sie geh\u00f6rt zur J &amp; A Mitchell and Co.Ltd., zu der auch die bekannte Glengyle-Destillerie und einer der \u00e4ltesten, unabh\u00e4ngigen Abf\u00fcller, William Cadenheads geh\u00f6ren. Springbank wurde 1828 lizenziert und ist einer der letzten \u00fcberlebenden Produzenten von Single Malt Whiskys in Campbeltown &#8211; einem Gebiet, in dem einst \u00fcber drei\u00dfig aktive Destillerien angesiedelt waren. Die Brennerei produziert verschiedene \u00ab\u00a0Arten\u00a0\u00bb von Whisky, die sie auf drei verschiedene Labels aufteilen. Springbank, Hazelburn und Longrow. J\u00e4hrliche Produktionsvolumen: ca. 0,75 Mio. Liter.<\/p>\n<p><strong>Fun Fakt: <\/strong>\u00a0Springbank ist die einzige Destillerie in Schottland, die Malz, Destillation, Reifung und Flaschen am selben Standort herstellt&#8230; und das mit einer eher \u00ab\u00a0altmodischen\u00a0\u00bb Ausr\u00fcstung wie einer alten \u00ab\u00a0Boby-M\u00fchle\u00a0\u00bb, ein offener, gusseiserner Maischebottich, h\u00f6lzerne Washbacks aus Bootsfelll\u00e4rche und einer Brennblase mit \u00ab\u00a0Wurmwanne\u00a0\u00bb.<\/p>\n<p><strong>Whisky\/Whiskey: Hazelburn CV<br \/>\n<\/strong>Der Hazelburn CV ist ein \u00ab\u00a0NAS-Whisky\u00a0\u00bb der ber\u00fchmten Brennerei aus Campbeltown. Der Whisky ist dreifach destilliert und ein Vatting unterschiedlichen Alters (6 bis 10 Jahre alt), was den Namen CV (soll f\u00fcr \u201eCurriculum Vitae\u201c) entsprechen soll. Die Mehrheit stammt aus Bourbonf\u00e4ssern und wurde 2011 gebottelt. Um diesen Malt bereits vorab zu bewerben, gab es 2009 ein 3er-Set aus 200ml Flaschen mit dem Springbank CV, dem Longrow CV und dem Hazelburn CV. Aromatisch kann er \u00ab\u00a0Stroh- und Malzaromen mit einer metallischen birnenartigen Note\u00a0\u00bb bieten. Im Mund zeigt sich eine \u00ab\u00a0gro\u00dfe malzige S\u00fc\u00dfe mit Getreidenoten, etwas Orangen und Vanillecreme\u00a0\u00bb. Abgerundet durch einen mittellangen Abgang mit \u00ab\u00a0Gew\u00fcrzen und Karamell\u00a0\u00bb.<\/p>\n<p><strong>Info Qualit\u00e4t der Flasche:<\/strong> Exzellent &#8211; ohne Besch\u00e4digungen \/ <strong>F\u00fcllstand: <\/strong>Into neck<br \/>\n<strong>Info Qualit\u00e4t der Box:<\/strong>(Nahezu) Exzellent &#8211; ein kaum zu erkennender, leichter Knick am linken Rand der Verpackung (vorne)<\/p>\n<p><strong>Wichtiger Hinweis:<\/strong> Die Bewertung der Flaschen und Boxen erfolgt nach \u201ebesten Wissen und Gewissen\u201c. dramfolks kann keine Gew\u00e4hrleistung f\u00fcr den Inhalt der Flaschen \u00fcbernehmen. Weitere Infos &amp; Hinweise finden Sie in unseren AGBs. Wir empfehlen Ihnen, vor der Abgabe von Geboten \u00fcber die Zoomfunktion eine Besichtigung \/ genaue Pr\u00fcfung des angebotenen Whiskys vorzunehmen. Bitte kontaktieren sie uns bei Fragen direkt unter info@dramfolks.com<\/p>\n","protected":false},"excerpt":{"rendered":"<p><strong>After-Auction-Market by dramfolks<\/strong><\/p>\n<p>Dies ist keine laufende Auktion! Dein Gebot ist ein alternativer Preisvorschlag (Maximalgebot)!<\/p>\n","protected":false},"featured_media":4751,"comment_status":"closed","ping_status":"closed","template":"","meta":[],"product_brand":[],"product_cat":[1099],"product_tag":[],"class_list":{"0":"post-2680","1":"product","2":"type-product","3":"status-publish","4":"has-post-thumbnail","6":"product_cat-aam-sold-out","8":"first","9":"instock","10":"shipping-taxable","11":"purchasable","12":"product-type-auction"},"yoast_head":"<!-- This site is optimized with the Yoast SEO plugin v27.0 - https:\/\/yoast.com\/product\/yoast-seo-wordpress\/ -->\n<title>Springbank - Hazelburn CV - Dramfolks Whisky Auction<\/title>\n<meta name=\"robots\" content=\"index, follow, max-snippet:-1, max-image-preview:large, max-video-preview:-1\" \/>\n<link rel=\"canonical\" href=\"https:\/\/www.dramfolks-whisky-auction.com\/fr\/product\/springbank-hazelburn-cv-4\/\" \/>\n<meta property=\"og:locale\" content=\"fr_FR\" \/>\n<meta property=\"og:type\" content=\"article\" \/>\n<meta property=\"og:title\" content=\"Springbank - Hazelburn CV - Dramfolks Whisky Auction\" \/>\n<meta property=\"og:description\" content=\"After-Auction-Market by dramfolks  Dies ist keine laufende Auktion! Dein Gebot ist ein alternativer Preisvorschlag (Maximalgebot)!\" \/>\n<meta property=\"og:url\" content=\"https:\/\/www.dramfolks-whisky-auction.com\/fr\/product\/springbank-hazelburn-cv-4\/\" \/>\n<meta property=\"og:site_name\" content=\"Dramfolks Whisky Auction\" \/>\n<meta property=\"article:modified_time\" content=\"2025-03-25T18:41:47+00:00\" \/>\n<meta property=\"og:image\" content=\"https:\/\/www.dramfolks-whisky-auction.com\/wp-content\/uploads\/2023\/05\/Hazelburn-CV-Sold-Out.jpg\" \/>\n\t<meta property=\"og:image:width\" content=\"1542\" \/>\n\t<meta property=\"og:image:height\" content=\"1542\" \/>\n\t<meta property=\"og:image:type\" content=\"image\/jpeg\" \/>\n<meta name=\"twitter:card\" content=\"summary_large_image\" \/>\n<meta name=\"twitter:label1\" content=\"Dur\u00e9e de lecture estim\u00e9e\" \/>\n\t<meta name=\"twitter:data1\" content=\"3 minutes\" \/>\n<script type=\"application\/ld+json\" class=\"yoast-schema-graph\">{\"@context\":\"https:\/\/schema.org\",\"@graph\":[{\"@type\":\"WebPage\",\"@id\":\"https:\/\/www.dramfolks-whisky-auction.com\/fr\/product\/springbank-hazelburn-cv-4\/\",\"url\":\"https:\/\/www.dramfolks-whisky-auction.com\/fr\/product\/springbank-hazelburn-cv-4\/\",\"name\":\"Springbank - Hazelburn CV - Dramfolks Whisky Auction\",\"isPartOf\":{\"@id\":\"https:\/\/www.dramfolks-whisky-auction.com\/fr\/#website\"},\"primaryImageOfPage\":{\"@id\":\"https:\/\/www.dramfolks-whisky-auction.com\/fr\/product\/springbank-hazelburn-cv-4\/#primaryimage\"},\"image\":{\"@id\":\"https:\/\/www.dramfolks-whisky-auction.com\/fr\/product\/springbank-hazelburn-cv-4\/#primaryimage\"},\"thumbnailUrl\":\"https:\/\/www.dramfolks-whisky-auction.com\/wp-content\/uploads\/2023\/05\/Hazelburn-CV-Sold-Out.jpg\",\"datePublished\":\"2023-05-31T14:34:11+00:00\",\"dateModified\":\"2025-03-25T18:41:47+00:00\",\"breadcrumb\":{\"@id\":\"https:\/\/www.dramfolks-whisky-auction.com\/fr\/product\/springbank-hazelburn-cv-4\/#breadcrumb\"},\"inLanguage\":\"fr-FR\",\"potentialAction\":[{\"@type\":\"ReadAction\",\"target\":[\"https:\/\/www.dramfolks-whisky-auction.com\/fr\/product\/springbank-hazelburn-cv-4\/\"]}]},{\"@type\":\"ImageObject\",\"inLanguage\":\"fr-FR\",\"@id\":\"https:\/\/www.dramfolks-whisky-auction.com\/fr\/product\/springbank-hazelburn-cv-4\/#primaryimage\",\"url\":\"https:\/\/www.dramfolks-whisky-auction.com\/wp-content\/uploads\/2023\/05\/Hazelburn-CV-Sold-Out.jpg\",\"contentUrl\":\"https:\/\/www.dramfolks-whisky-auction.com\/wp-content\/uploads\/2023\/05\/Hazelburn-CV-Sold-Out.jpg\",\"width\":1542,\"height\":1542},{\"@type\":\"BreadcrumbList\",\"@id\":\"https:\/\/www.dramfolks-whisky-auction.com\/fr\/product\/springbank-hazelburn-cv-4\/#breadcrumb\",\"itemListElement\":[{\"@type\":\"ListItem\",\"position\":1,\"name\":\"Startseite\",\"item\":\"https:\/\/www.dramfolks-whisky-auction.com\/fr\/\"},{\"@type\":\"ListItem\",\"position\":2,\"name\":\"Boutique\",\"item\":\"https:\/\/www.dramfolks-whisky-auction.com\/fr\/boutique\/\"},{\"@type\":\"ListItem\",\"position\":3,\"name\":\"Springbank &#8211; Hazelburn CV\"}]},{\"@type\":\"WebSite\",\"@id\":\"https:\/\/www.dramfolks-whisky-auction.com\/fr\/#website\",\"url\":\"https:\/\/www.dramfolks-whisky-auction.com\/fr\/\",\"name\":\"Dramfolks Whisky Auction\",\"description\":\"\",\"potentialAction\":[{\"@type\":\"SearchAction\",\"target\":{\"@type\":\"EntryPoint\",\"urlTemplate\":\"https:\/\/www.dramfolks-whisky-auction.com\/fr\/?s={search_term_string}\"},\"query-input\":{\"@type\":\"PropertyValueSpecification\",\"valueRequired\":true,\"valueName\":\"search_term_string\"}}],\"inLanguage\":\"fr-FR\"}]}<\/script>\n<!-- \/ Yoast SEO plugin. -->","yoast_head_json":{"title":"Springbank - Hazelburn CV - Dramfolks Whisky Auction","robots":{"index":"index","follow":"follow","max-snippet":"max-snippet:-1","max-image-preview":"max-image-preview:large","max-video-preview":"max-video-preview:-1"},"canonical":"https:\/\/www.dramfolks-whisky-auction.com\/fr\/product\/springbank-hazelburn-cv-4\/","og_locale":"fr_FR","og_type":"article","og_title":"Springbank - Hazelburn CV - Dramfolks Whisky Auction","og_description":"After-Auction-Market by dramfolks  Dies ist keine laufende Auktion! Dein Gebot ist ein alternativer Preisvorschlag (Maximalgebot)!","og_url":"https:\/\/www.dramfolks-whisky-auction.com\/fr\/product\/springbank-hazelburn-cv-4\/","og_site_name":"Dramfolks Whisky Auction","article_modified_time":"2025-03-25T18:41:47+00:00","og_image":[{"width":1542,"height":1542,"url":"https:\/\/www.dramfolks-whisky-auction.com\/wp-content\/uploads\/2023\/05\/Hazelburn-CV-Sold-Out.jpg","type":"image\/jpeg"}],"twitter_card":"summary_large_image","twitter_misc":{"Dur\u00e9e de lecture estim\u00e9e":"3 minutes"},"schema":{"@context":"https:\/\/schema.org","@graph":[{"@type":"WebPage","@id":"https:\/\/www.dramfolks-whisky-auction.com\/fr\/product\/springbank-hazelburn-cv-4\/","url":"https:\/\/www.dramfolks-whisky-auction.com\/fr\/product\/springbank-hazelburn-cv-4\/","name":"Springbank - Hazelburn CV - Dramfolks Whisky Auction","isPartOf":{"@id":"https:\/\/www.dramfolks-whisky-auction.com\/fr\/#website"},"primaryImageOfPage":{"@id":"https:\/\/www.dramfolks-whisky-auction.com\/fr\/product\/springbank-hazelburn-cv-4\/#primaryimage"},"image":{"@id":"https:\/\/www.dramfolks-whisky-auction.com\/fr\/product\/springbank-hazelburn-cv-4\/#primaryimage"},"thumbnailUrl":"https:\/\/www.dramfolks-whisky-auction.com\/wp-content\/uploads\/2023\/05\/Hazelburn-CV-Sold-Out.jpg","datePublished":"2023-05-31T14:34:11+00:00","dateModified":"2025-03-25T18:41:47+00:00","breadcrumb":{"@id":"https:\/\/www.dramfolks-whisky-auction.com\/fr\/product\/springbank-hazelburn-cv-4\/#breadcrumb"},"inLanguage":"fr-FR","potentialAction":[{"@type":"ReadAction","target":["https:\/\/www.dramfolks-whisky-auction.com\/fr\/product\/springbank-hazelburn-cv-4\/"]}]},{"@type":"ImageObject","inLanguage":"fr-FR","@id":"https:\/\/www.dramfolks-whisky-auction.com\/fr\/product\/springbank-hazelburn-cv-4\/#primaryimage","url":"https:\/\/www.dramfolks-whisky-auction.com\/wp-content\/uploads\/2023\/05\/Hazelburn-CV-Sold-Out.jpg","contentUrl":"https:\/\/www.dramfolks-whisky-auction.com\/wp-content\/uploads\/2023\/05\/Hazelburn-CV-Sold-Out.jpg","width":1542,"height":1542},{"@type":"BreadcrumbList","@id":"https:\/\/www.dramfolks-whisky-auction.com\/fr\/product\/springbank-hazelburn-cv-4\/#breadcrumb","itemListElement":[{"@type":"ListItem","position":1,"name":"Startseite","item":"https:\/\/www.dramfolks-whisky-auction.com\/fr\/"},{"@type":"ListItem","position":2,"name":"Boutique","item":"https:\/\/www.dramfolks-whisky-auction.com\/fr\/boutique\/"},{"@type":"ListItem","position":3,"name":"Springbank &#8211; Hazelburn CV"}]},{"@type":"WebSite","@id":"https:\/\/www.dramfolks-whisky-auction.com\/fr\/#website","url":"https:\/\/www.dramfolks-whisky-auction.com\/fr\/","name":"Dramfolks Whisky Auction","description":"","potentialAction":[{"@type":"SearchAction","target":{"@type":"EntryPoint","urlTemplate":"https:\/\/www.dramfolks-whisky-auction.com\/fr\/?s={search_term_string}"},"query-input":{"@type":"PropertyValueSpecification","valueRequired":true,"valueName":"search_term_string"}}],"inLanguage":"fr-FR"}]}},"_links":{"self":[{"href":"https:\/\/www.dramfolks-whisky-auction.com\/fr\/wp-json\/wp\/v2\/product\/2680","targetHints":{"allow":["GET"]}}],"collection":[{"href":"https:\/\/www.dramfolks-whisky-auction.com\/fr\/wp-json\/wp\/v2\/product"}],"about":[{"href":"https:\/\/www.dramfolks-whisky-auction.com\/fr\/wp-json\/wp\/v2\/types\/product"}],"replies":[{"embeddable":true,"href":"https:\/\/www.dramfolks-whisky-auction.com\/fr\/wp-json\/wp\/v2\/comments?post=2680"}],"wp:featuredmedia":[{"embeddable":true,"href":"https:\/\/www.dramfolks-whisky-auction.com\/fr\/wp-json\/wp\/v2\/media\/4751"}],"wp:attachment":[{"href":"https:\/\/www.dramfolks-whisky-auction.com\/fr\/wp-json\/wp\/v2\/media?parent=2680"}],"wp:term":[{"taxonomy":"product_brand","embeddable":true,"href":"https:\/\/www.dramfolks-whisky-auction.com\/fr\/wp-json\/wp\/v2\/product_brand?post=2680"},{"taxonomy":"product_cat","embeddable":true,"href":"https:\/\/www.dramfolks-whisky-auction.com\/fr\/wp-json\/wp\/v2\/product_cat?post=2680"},{"taxonomy":"product_tag","embeddable":true,"href":"https:\/\/www.dramfolks-whisky-auction.com\/fr\/wp-json\/wp\/v2\/product_tag?post=2680"}],"curies":[{"name":"wp","href":"https:\/\/api.w.org\/{rel}","templated":true}]}}