{"id":2565,"date":"2023-05-17T20:50:08","date_gmt":"2023-05-17T18:50:08","guid":{"rendered":"https:\/\/www.dramfolks-whisky-auction.com\/?post_type=product&#038;p=2565"},"modified":"2023-09-04T17:18:23","modified_gmt":"2023-09-04T15:18:23","slug":"lantenhammer-sild-crannog-2","status":"publish","type":"product","link":"https:\/\/www.dramfolks-whisky-auction.com\/fr\/product\/lantenhammer-sild-crannog-2\/","title":{"rendered":"Lantenhammer &#8211; Sild Crannog"},"content":{"rendered":"<p><strong>Destille: Lantenhammer<br \/>\n<\/strong><\/p>\n<p>In den bayerischen Alpen am Schliersee liegt die Destillerie Lantenhammer, bekannt f\u00fcr hochwertige Edelbr\u00e4nde, die seit Generationen im Familienbesitz ist und heute von der Familie Stetter gef\u00fchrt wird.<br \/>\nBrau- und Destilliermeister Florian Stetter unternahm in den 90er Jahren eine Studienreise nach Schottland. Fasziniert von der Whiskyherstellung kam er mit der Vision nach Hause selbst Whisky in Bayern zu brennen. Seit 1999 wird nun am Schliersee Bavarian Single Malt Whisky destilliert.<\/p>\n<p><strong>Fun Fakt:<\/strong> Florian Stetter wettet nach seiner Schottlandreise mit seinen Kollegen um einen Kasten Wei\u00dfbier, dass man auch in Oberbayern erstklassigen Whisky brennen kann \u2013 und er gewinnt! Schon wenig sp\u00e4ter wird in der elterlichen Destillerie Lantenhammer Whisky gebrannt.<\/p>\n<p><strong>Whisky\/Whiskey: Sild Crannog<br \/>\n<\/strong><\/p>\n<p>F\u00fcr den Sylter Single Malt Sild Crannog wurde nur Gerste und Wasser der nordfriesischen Insel verwendet. Der Whisky wurde bei Slyrs destilliert und reifte in kleinen Holzf\u00e4ssern aud dem Kutter \u201eThe Angel&rsquo;s Share\u201d im Hafen von List auf der Insel Sylt. Er ist weltweit der einzige Whisky, der auf einem Schiff gelagert wird und dort reift. Traditionell wurden Schiffe an Holzpf\u00e4hlen (g\u00e4lisch: CRANNOG) festgemacht. Die Bewegungen der See und das raue Nordseeklima sorgen f\u00fcr einen unverwechselbaren Single Malt. Das ist der weltweit einzige Whisky, der auf einem Schiff gelagert wird. Salzige Seeluft, dazu noch das best\u00e4ndige Schaukeln des Schiffs, das den Inhalt der 100-Liter-F\u00e4sser dauernd in Bewegung h\u00e4lt und mit dem Holz in Verbindung bringt, wirken sich auf den Whisky ebenso aus wie die unterschiedlichen Temperaturverh\u00e4ltnisse in den drei Jahren Reifezeit.<\/p>\n<p><strong>Info Qualit\u00e4t der Flasche:<\/strong> Exzellent &#8211; ohne Besch\u00e4digungen \/ <strong>F\u00fcllstand: <\/strong>Into neck<br \/>\n<strong>Info Qualit\u00e4t der Box: <\/strong>(Nahezu) Exzellent &#8211; minimale Ausbeulung im unteren Bereich<\/p>\n<p><strong>Wichtiger Hinweis:<\/strong> Die Bewertung der Flaschen und Boxen erfolgt nach \u201ebesten Wissen und Gewissen\u201c. dramfolks kann keine Gew\u00e4hrleistung f\u00fcr den Inhalt der Flaschen \u00fcbernehmen. Weitere Infos &amp; Hinweise finden Sie in unseren AGBs. Wir empfehlen Ihnen, vor der Abgabe von Geboten \u00fcber die Zoomfunktion eine Besichtigung \/ genaue Pr\u00fcfung des angebotenen Whiskys vorzunehmen. Bitte kontaktieren sie uns bei Fragen direkt unter info@dramfolks.com<\/p>\n","protected":false},"excerpt":{"rendered":"<p>Destille: Lantenhammer In den bayerischen Alpen am Schliersee liegt die Destillerie Lantenhammer, bekannt f\u00fcr hochwertige Edelbr\u00e4nde, die seit Generationen im Familienbesitz ist und heute von der Familie Stetter gef\u00fchrt wird. Brau- und Destilliermeister Florian Stetter unternahm in den 90er Jahren eine Studienreise nach Schottland. Fasziniert von der Whiskyherstellung kam er mit der Vision nach Hause[&#8230;]\n","protected":false},"featured_media":2032,"comment_status":"closed","ping_status":"closed","template":"","meta":[],"product_brand":[],"product_cat":[369],"product_tag":[],"class_list":{"0":"post-2565","1":"product","2":"type-product","3":"status-publish","4":"has-post-thumbnail","6":"product_cat-no-4","8":"first","9":"instock","10":"shipping-taxable","11":"purchasable","12":"product-type-auction"},"yoast_head":"<!-- This site is optimized with the Yoast SEO plugin v27.4 - https:\/\/yoast.com\/product\/yoast-seo-wordpress\/ -->\n<title>Lantenhammer - Sild Crannog - Dramfolks Whisky Auction<\/title>\n<meta name=\"robots\" content=\"index, follow, max-snippet:-1, max-image-preview:large, max-video-preview:-1\" \/>\n<link rel=\"canonical\" href=\"https:\/\/www.dramfolks-whisky-auction.com\/fr\/product\/lantenhammer-sild-crannog-2\/\" \/>\n<meta property=\"og:locale\" content=\"fr_FR\" \/>\n<meta property=\"og:type\" content=\"article\" \/>\n<meta property=\"og:title\" content=\"Lantenhammer - Sild Crannog - Dramfolks Whisky Auction\" \/>\n<meta property=\"og:description\" content=\"Destille: Lantenhammer In den bayerischen Alpen am Schliersee liegt die Destillerie Lantenhammer, bekannt f\u00fcr hochwertige Edelbr\u00e4nde, die seit Generationen im Familienbesitz ist und heute von der Familie Stetter gef\u00fchrt wird. Brau- und Destilliermeister Florian Stetter unternahm in den 90er Jahren eine Studienreise nach Schottland. Fasziniert von der Whiskyherstellung kam er mit der Vision nach Hause[...]\" \/>\n<meta property=\"og:url\" content=\"https:\/\/www.dramfolks-whisky-auction.com\/fr\/product\/lantenhammer-sild-crannog-2\/\" \/>\n<meta property=\"og:site_name\" content=\"Dramfolks Whisky Auction\" \/>\n<meta property=\"article:modified_time\" content=\"2023-09-04T15:18:23+00:00\" \/>\n<meta property=\"og:image\" content=\"https:\/\/www.dramfolks-whisky-auction.com\/wp-content\/uploads\/2023\/03\/DSC_0349-II-scaled.jpg\" \/>\n\t<meta property=\"og:image:width\" content=\"2049\" \/>\n\t<meta property=\"og:image:height\" content=\"2560\" \/>\n\t<meta property=\"og:image:type\" content=\"image\/jpeg\" \/>\n<meta name=\"twitter:card\" content=\"summary_large_image\" \/>\n<meta name=\"twitter:label1\" content=\"Dur\u00e9e de lecture estim\u00e9e\" \/>\n\t<meta name=\"twitter:data1\" content=\"2 minutes\" \/>\n<script type=\"application\/ld+json\" class=\"yoast-schema-graph\">{\"@context\":\"https:\\\/\\\/schema.org\",\"@graph\":[{\"@type\":\"WebPage\",\"@id\":\"https:\\\/\\\/www.dramfolks-whisky-auction.com\\\/fr\\\/product\\\/lantenhammer-sild-crannog-2\\\/\",\"url\":\"https:\\\/\\\/www.dramfolks-whisky-auction.com\\\/fr\\\/product\\\/lantenhammer-sild-crannog-2\\\/\",\"name\":\"Lantenhammer - Sild Crannog - Dramfolks Whisky Auction\",\"isPartOf\":{\"@id\":\"https:\\\/\\\/www.dramfolks-whisky-auction.com\\\/fr\\\/#website\"},\"primaryImageOfPage\":{\"@id\":\"https:\\\/\\\/www.dramfolks-whisky-auction.com\\\/fr\\\/product\\\/lantenhammer-sild-crannog-2\\\/#primaryimage\"},\"image\":{\"@id\":\"https:\\\/\\\/www.dramfolks-whisky-auction.com\\\/fr\\\/product\\\/lantenhammer-sild-crannog-2\\\/#primaryimage\"},\"thumbnailUrl\":\"https:\\\/\\\/www.dramfolks-whisky-auction.com\\\/wp-content\\\/uploads\\\/2023\\\/03\\\/DSC_0349-II-scaled.jpg\",\"datePublished\":\"2023-05-17T18:50:08+00:00\",\"dateModified\":\"2023-09-04T15:18:23+00:00\",\"breadcrumb\":{\"@id\":\"https:\\\/\\\/www.dramfolks-whisky-auction.com\\\/fr\\\/product\\\/lantenhammer-sild-crannog-2\\\/#breadcrumb\"},\"inLanguage\":\"fr-FR\",\"potentialAction\":[{\"@type\":\"ReadAction\",\"target\":[\"https:\\\/\\\/www.dramfolks-whisky-auction.com\\\/fr\\\/product\\\/lantenhammer-sild-crannog-2\\\/\"]}]},{\"@type\":\"ImageObject\",\"inLanguage\":\"fr-FR\",\"@id\":\"https:\\\/\\\/www.dramfolks-whisky-auction.com\\\/fr\\\/product\\\/lantenhammer-sild-crannog-2\\\/#primaryimage\",\"url\":\"https:\\\/\\\/www.dramfolks-whisky-auction.com\\\/wp-content\\\/uploads\\\/2023\\\/03\\\/DSC_0349-II-scaled.jpg\",\"contentUrl\":\"https:\\\/\\\/www.dramfolks-whisky-auction.com\\\/wp-content\\\/uploads\\\/2023\\\/03\\\/DSC_0349-II-scaled.jpg\",\"width\":2049,\"height\":2560},{\"@type\":\"BreadcrumbList\",\"@id\":\"https:\\\/\\\/www.dramfolks-whisky-auction.com\\\/fr\\\/product\\\/lantenhammer-sild-crannog-2\\\/#breadcrumb\",\"itemListElement\":[{\"@type\":\"ListItem\",\"position\":1,\"name\":\"Startseite\",\"item\":\"https:\\\/\\\/www.dramfolks-whisky-auction.com\\\/fr\\\/\"},{\"@type\":\"ListItem\",\"position\":2,\"name\":\"Boutique\",\"item\":\"https:\\\/\\\/www.dramfolks-whisky-auction.com\\\/fr\\\/boutique\\\/\"},{\"@type\":\"ListItem\",\"position\":3,\"name\":\"Lantenhammer &#8211; Sild Crannog\"}]},{\"@type\":\"WebSite\",\"@id\":\"https:\\\/\\\/www.dramfolks-whisky-auction.com\\\/fr\\\/#website\",\"url\":\"https:\\\/\\\/www.dramfolks-whisky-auction.com\\\/fr\\\/\",\"name\":\"Dramfolks Whisky Auction\",\"description\":\"\",\"potentialAction\":[{\"@type\":\"SearchAction\",\"target\":{\"@type\":\"EntryPoint\",\"urlTemplate\":\"https:\\\/\\\/www.dramfolks-whisky-auction.com\\\/fr\\\/?s={search_term_string}\"},\"query-input\":{\"@type\":\"PropertyValueSpecification\",\"valueRequired\":true,\"valueName\":\"search_term_string\"}}],\"inLanguage\":\"fr-FR\"}]}<\/script>\n<!-- \/ Yoast SEO plugin. -->","yoast_head_json":{"title":"Lantenhammer - Sild Crannog - Dramfolks Whisky Auction","robots":{"index":"index","follow":"follow","max-snippet":"max-snippet:-1","max-image-preview":"max-image-preview:large","max-video-preview":"max-video-preview:-1"},"canonical":"https:\/\/www.dramfolks-whisky-auction.com\/fr\/product\/lantenhammer-sild-crannog-2\/","og_locale":"fr_FR","og_type":"article","og_title":"Lantenhammer - Sild Crannog - Dramfolks Whisky Auction","og_description":"Destille: Lantenhammer In den bayerischen Alpen am Schliersee liegt die Destillerie Lantenhammer, bekannt f\u00fcr hochwertige Edelbr\u00e4nde, die seit Generationen im Familienbesitz ist und heute von der Familie Stetter gef\u00fchrt wird. Brau- und Destilliermeister Florian Stetter unternahm in den 90er Jahren eine Studienreise nach Schottland. Fasziniert von der Whiskyherstellung kam er mit der Vision nach Hause[...]","og_url":"https:\/\/www.dramfolks-whisky-auction.com\/fr\/product\/lantenhammer-sild-crannog-2\/","og_site_name":"Dramfolks Whisky Auction","article_modified_time":"2023-09-04T15:18:23+00:00","og_image":[{"width":2049,"height":2560,"url":"https:\/\/www.dramfolks-whisky-auction.com\/wp-content\/uploads\/2023\/03\/DSC_0349-II-scaled.jpg","type":"image\/jpeg"}],"twitter_card":"summary_large_image","twitter_misc":{"Dur\u00e9e de lecture estim\u00e9e":"2 minutes"},"schema":{"@context":"https:\/\/schema.org","@graph":[{"@type":"WebPage","@id":"https:\/\/www.dramfolks-whisky-auction.com\/fr\/product\/lantenhammer-sild-crannog-2\/","url":"https:\/\/www.dramfolks-whisky-auction.com\/fr\/product\/lantenhammer-sild-crannog-2\/","name":"Lantenhammer - Sild Crannog - Dramfolks Whisky Auction","isPartOf":{"@id":"https:\/\/www.dramfolks-whisky-auction.com\/fr\/#website"},"primaryImageOfPage":{"@id":"https:\/\/www.dramfolks-whisky-auction.com\/fr\/product\/lantenhammer-sild-crannog-2\/#primaryimage"},"image":{"@id":"https:\/\/www.dramfolks-whisky-auction.com\/fr\/product\/lantenhammer-sild-crannog-2\/#primaryimage"},"thumbnailUrl":"https:\/\/www.dramfolks-whisky-auction.com\/wp-content\/uploads\/2023\/03\/DSC_0349-II-scaled.jpg","datePublished":"2023-05-17T18:50:08+00:00","dateModified":"2023-09-04T15:18:23+00:00","breadcrumb":{"@id":"https:\/\/www.dramfolks-whisky-auction.com\/fr\/product\/lantenhammer-sild-crannog-2\/#breadcrumb"},"inLanguage":"fr-FR","potentialAction":[{"@type":"ReadAction","target":["https:\/\/www.dramfolks-whisky-auction.com\/fr\/product\/lantenhammer-sild-crannog-2\/"]}]},{"@type":"ImageObject","inLanguage":"fr-FR","@id":"https:\/\/www.dramfolks-whisky-auction.com\/fr\/product\/lantenhammer-sild-crannog-2\/#primaryimage","url":"https:\/\/www.dramfolks-whisky-auction.com\/wp-content\/uploads\/2023\/03\/DSC_0349-II-scaled.jpg","contentUrl":"https:\/\/www.dramfolks-whisky-auction.com\/wp-content\/uploads\/2023\/03\/DSC_0349-II-scaled.jpg","width":2049,"height":2560},{"@type":"BreadcrumbList","@id":"https:\/\/www.dramfolks-whisky-auction.com\/fr\/product\/lantenhammer-sild-crannog-2\/#breadcrumb","itemListElement":[{"@type":"ListItem","position":1,"name":"Startseite","item":"https:\/\/www.dramfolks-whisky-auction.com\/fr\/"},{"@type":"ListItem","position":2,"name":"Boutique","item":"https:\/\/www.dramfolks-whisky-auction.com\/fr\/boutique\/"},{"@type":"ListItem","position":3,"name":"Lantenhammer &#8211; Sild Crannog"}]},{"@type":"WebSite","@id":"https:\/\/www.dramfolks-whisky-auction.com\/fr\/#website","url":"https:\/\/www.dramfolks-whisky-auction.com\/fr\/","name":"Dramfolks Whisky Auction","description":"","potentialAction":[{"@type":"SearchAction","target":{"@type":"EntryPoint","urlTemplate":"https:\/\/www.dramfolks-whisky-auction.com\/fr\/?s={search_term_string}"},"query-input":{"@type":"PropertyValueSpecification","valueRequired":true,"valueName":"search_term_string"}}],"inLanguage":"fr-FR"}]}},"_links":{"self":[{"href":"https:\/\/www.dramfolks-whisky-auction.com\/fr\/wp-json\/wp\/v2\/product\/2565","targetHints":{"allow":["GET"]}}],"collection":[{"href":"https:\/\/www.dramfolks-whisky-auction.com\/fr\/wp-json\/wp\/v2\/product"}],"about":[{"href":"https:\/\/www.dramfolks-whisky-auction.com\/fr\/wp-json\/wp\/v2\/types\/product"}],"replies":[{"embeddable":true,"href":"https:\/\/www.dramfolks-whisky-auction.com\/fr\/wp-json\/wp\/v2\/comments?post=2565"}],"wp:featuredmedia":[{"embeddable":true,"href":"https:\/\/www.dramfolks-whisky-auction.com\/fr\/wp-json\/wp\/v2\/media\/2032"}],"wp:attachment":[{"href":"https:\/\/www.dramfolks-whisky-auction.com\/fr\/wp-json\/wp\/v2\/media?parent=2565"}],"wp:term":[{"taxonomy":"product_brand","embeddable":true,"href":"https:\/\/www.dramfolks-whisky-auction.com\/fr\/wp-json\/wp\/v2\/product_brand?post=2565"},{"taxonomy":"product_cat","embeddable":true,"href":"https:\/\/www.dramfolks-whisky-auction.com\/fr\/wp-json\/wp\/v2\/product_cat?post=2565"},{"taxonomy":"product_tag","embeddable":true,"href":"https:\/\/www.dramfolks-whisky-auction.com\/fr\/wp-json\/wp\/v2\/product_tag?post=2565"}],"curies":[{"name":"wp","href":"https:\/\/api.w.org\/{rel}","templated":true}]}}