{"id":2521,"date":"2023-05-17T19:29:37","date_gmt":"2023-05-17T17:29:37","guid":{"rendered":"https:\/\/www.dramfolks-whisky-auction.com\/?post_type=product&#038;p=2521"},"modified":"2023-06-01T19:47:39","modified_gmt":"2023-06-01T17:47:39","slug":"talisker-wilder-seas-x-parley","status":"publish","type":"product","link":"https:\/\/www.dramfolks-whisky-auction.com\/fr\/product\/talisker-wilder-seas-x-parley\/","title":{"rendered":"Talisker &#8211; Wilder Seas x Parley"},"content":{"rendered":"<p><strong>Destille: Talisker<br \/>\n<\/strong><\/p>\n<p>Die Talisker Distillery ist eine Single Malt Scotch Whisky Destillerie mit Sitz in Carbost, Schottland auf der Halbinsel Minginish (Isle of Skye). Die Gr\u00fcnder von Talisker, die Br\u00fcder Hugh und Kenneth MacAskill, waren klassische Clearance-Vermieter. Nachdem sie 1825 das Talisker House auf Skye und ausgedehnte L\u00e4ndereien gekauft hatten, machten sie sich daran, die ans\u00e4ssige Bev\u00f6lkerung von ihren Farmen umzusiedeln. Neben dem Einsatz von Schafen war Destillieren, das zweite Standbein der MacAskill. Im Jahr 1830 er\u00f6ffneten sie ihre Talisker-Destillerie in Carbost. Ihr Vorsto\u00df in die Whiskyherstellung war anf\u00e4nglich nicht von Erfolg gekr\u00f6nt, sodass 1848 die Kreditbank die Kontrolle \u00fcbernahm. Nach einer Reihe verschiedenster Besitzer kauften Roderick Kemp und Alexander Allen (Dailuaine) die Brennerei. Kemp verkaufte seinen Anteil 1892, um Macallan zu kaufen, und nach Allens Tod im Jahr 1895 \u00fcbernahm sein Gesch\u00e4ftspartner Thomas Mackenzie die Leitung. Nach einer \u00ab\u00a0Verschmelzung\u00a0\u00bb mit Dailuaine (und Imperial) ging Talisker 1916 an eine Gruppe von gro\u00dfen Blendern, die sp\u00e4ter zu Diageo fusionierten. Aktuell hat Talisker ein Produktionsvolumen von ca. 2,6 Mio. Litern.<\/p>\n<p><strong>Fun Fakt:\u00a0\u00a0<\/strong>Bekannt aus \u00ab\u00a0Funk &amp; Fernsehen\u00a0\u00bb&#8230; In dem Film \u00ab\u00a0Charlie Wilson&rsquo;s War\u00a0\u00bb \u00fcberreicht der CIA-Agent Gust Avrakotos dem US-Abgeordneten Wilson eine Flasche Talisker. Der Agent erkl\u00e4rt Charlie, dass der Scotch in einem Gedicht von Robert Louis Stevenson erw\u00e4hnt wird. Der Clou? Die Flasche ist verwanzt und erm\u00f6glicht es ihm, den Gespr\u00e4chen des Kongressabgeordneten zuzuh\u00f6ren&#8230; Tats\u00e4chlich war Talisker der Lieblingswhisky der Schriftsteller Robert Louis Stevenson und HV Morton. In seinem Gedicht \u00ab\u00a0The Scotsman&rsquo;s Return From Abroad\u00a0\u00bb erw\u00e4hnte Stevenson: \u00ab\u00a0Der K\u00f6nig trinkt, wie ich es mir vorstelle, Talisker, Islay oder Glenlivet.\u00a0\u00bb<\/p>\n<p><strong>Whisky\/Whiskey: Wilder Seas x Parley<br \/>\n<\/strong><\/p>\n<p>Talisker x Parley \u00ab\u00a0Wilder Seas\u00a0\u00bb ist der allererste Single Malt Scotch Whisky, der in Cognac-F\u00e4ssern aus franz\u00f6sischer Eiche XO gefinisht wurde. Er hat ein angenehmes Gewicht am Gaumen und eine feine Geschmackstiefe, die eine h\u00f6chst gelungene Verbindung von Fass- und Spirituosencharakter liefert. Der Nachhaltigkeits-Clou: Die neue zu 100 % recycelte Flasche wird aus Biokraftstoff hergestellt und wurde zur unverwechselbaren Talisker-Flasche umgeformt. Diese Limited Edition ist Vision und Mission in einem, denn die eingebaute Spende unterst\u00fctzt globale, nachhaltige Projekte zum Schutz und Erhalt der Meeresw\u00e4lder vor der K\u00fcste Schottlands, S\u00fcdafrikas und Chiles. Limitiert auf 17.940 Flaschen!<br \/>\n\u00dcbrigens&#8230; Talisker hat sich mit \u00ab\u00a0Parley for the Oceans\u00a0\u00bb zusammengetan, um mehr als 100 Mio. Quadratmeter Meereswald zu renaturieren. F\u00fcr jede verkaufte Flasche spendet Talisker 3\u00a3 f\u00fcr f\u00fcr den Schutz und Erhalt der Ozeane.<\/p>\n<p><strong>Info Qualit\u00e4t der Flasche:<\/strong> Exzellent &#8211; ohne Besch\u00e4digungen \/ <strong>F\u00fcllstand: <\/strong>Into neck<br \/>\n<strong>Info Qualit\u00e4t der Box: <\/strong>keine Box vorhanden<\/p>\n<p><strong>Wichtiger Hinweis:<\/strong> Die Bewertung der Flaschen und Boxen erfolgt nach \u201ebesten Wissen und Gewissen\u201c. dramfolks kann keine Gew\u00e4hrleistung f\u00fcr den Inhalt der Flaschen \u00fcbernehmen. Weitere Infos &amp; Hinweise finden Sie in unseren AGBs. Wir empfehlen Ihnen, vor der Abgabe von Geboten \u00fcber die Zoomfunktion eine Besichtigung \/ genaue Pr\u00fcfung des angebotenen Whiskys vorzunehmen. Bitte kontaktieren sie uns bei Fragen direkt unter info@dramfolks.com<\/p>\n","protected":false},"excerpt":{"rendered":"<p>Destille: Talisker Die Talisker Distillery ist eine Single Malt Scotch Whisky Destillerie mit Sitz in Carbost, Schottland auf der Halbinsel Minginish (Isle of Skye). Die Gr\u00fcnder von Talisker, die Br\u00fcder Hugh und Kenneth MacAskill, waren klassische Clearance-Vermieter. Nachdem sie 1825 das Talisker House auf Skye und ausgedehnte L\u00e4ndereien gekauft hatten, machten sie sich daran, die[&#8230;]\n","protected":false},"featured_media":2522,"comment_status":"closed","ping_status":"closed","template":"","meta":[],"product_brand":[],"product_cat":[369],"product_tag":[],"class_list":{"0":"post-2521","1":"product","2":"type-product","3":"status-publish","4":"has-post-thumbnail","6":"product_cat-no-4","8":"first","9":"instock","10":"shipping-taxable","11":"purchasable","12":"product-type-auction"},"yoast_head":"<!-- This site is optimized with the Yoast SEO plugin v27.4 - https:\/\/yoast.com\/product\/yoast-seo-wordpress\/ -->\n<title>Talisker - Wilder Seas x Parley - Dramfolks Whisky Auction<\/title>\n<meta name=\"robots\" content=\"index, follow, max-snippet:-1, max-image-preview:large, max-video-preview:-1\" \/>\n<link rel=\"canonical\" href=\"https:\/\/www.dramfolks-whisky-auction.com\/fr\/product\/talisker-wilder-seas-x-parley\/\" \/>\n<meta property=\"og:locale\" content=\"fr_FR\" \/>\n<meta property=\"og:type\" content=\"article\" \/>\n<meta property=\"og:title\" content=\"Talisker - Wilder Seas x Parley - Dramfolks Whisky Auction\" \/>\n<meta property=\"og:description\" content=\"Destille: Talisker Die Talisker Distillery ist eine Single Malt Scotch Whisky Destillerie mit Sitz in Carbost, Schottland auf der Halbinsel Minginish (Isle of Skye). Die Gr\u00fcnder von Talisker, die Br\u00fcder Hugh und Kenneth MacAskill, waren klassische Clearance-Vermieter. Nachdem sie 1825 das Talisker House auf Skye und ausgedehnte L\u00e4ndereien gekauft hatten, machten sie sich daran, die[...]\" \/>\n<meta property=\"og:url\" content=\"https:\/\/www.dramfolks-whisky-auction.com\/fr\/product\/talisker-wilder-seas-x-parley\/\" \/>\n<meta property=\"og:site_name\" content=\"Dramfolks Whisky Auction\" \/>\n<meta property=\"article:modified_time\" content=\"2023-06-01T17:47:39+00:00\" \/>\n<meta property=\"og:image\" content=\"https:\/\/www.dramfolks-whisky-auction.com\/wp-content\/uploads\/2023\/05\/Talisker-x-Parley-vorne-scaled.jpg\" \/>\n\t<meta property=\"og:image:width\" content=\"2560\" \/>\n\t<meta property=\"og:image:height\" content=\"2560\" \/>\n\t<meta property=\"og:image:type\" content=\"image\/jpeg\" \/>\n<meta name=\"twitter:card\" content=\"summary_large_image\" \/>\n<meta name=\"twitter:label1\" content=\"Dur\u00e9e de lecture estim\u00e9e\" \/>\n\t<meta name=\"twitter:data1\" content=\"3 minutes\" \/>\n<script type=\"application\/ld+json\" class=\"yoast-schema-graph\">{\"@context\":\"https:\\\/\\\/schema.org\",\"@graph\":[{\"@type\":\"WebPage\",\"@id\":\"https:\\\/\\\/www.dramfolks-whisky-auction.com\\\/fr\\\/product\\\/talisker-wilder-seas-x-parley\\\/\",\"url\":\"https:\\\/\\\/www.dramfolks-whisky-auction.com\\\/fr\\\/product\\\/talisker-wilder-seas-x-parley\\\/\",\"name\":\"Talisker - Wilder Seas x Parley - Dramfolks Whisky Auction\",\"isPartOf\":{\"@id\":\"https:\\\/\\\/www.dramfolks-whisky-auction.com\\\/fr\\\/#website\"},\"primaryImageOfPage\":{\"@id\":\"https:\\\/\\\/www.dramfolks-whisky-auction.com\\\/fr\\\/product\\\/talisker-wilder-seas-x-parley\\\/#primaryimage\"},\"image\":{\"@id\":\"https:\\\/\\\/www.dramfolks-whisky-auction.com\\\/fr\\\/product\\\/talisker-wilder-seas-x-parley\\\/#primaryimage\"},\"thumbnailUrl\":\"https:\\\/\\\/www.dramfolks-whisky-auction.com\\\/wp-content\\\/uploads\\\/2023\\\/05\\\/Talisker-x-Parley-vorne-scaled.jpg\",\"datePublished\":\"2023-05-17T17:29:37+00:00\",\"dateModified\":\"2023-06-01T17:47:39+00:00\",\"breadcrumb\":{\"@id\":\"https:\\\/\\\/www.dramfolks-whisky-auction.com\\\/fr\\\/product\\\/talisker-wilder-seas-x-parley\\\/#breadcrumb\"},\"inLanguage\":\"fr-FR\",\"potentialAction\":[{\"@type\":\"ReadAction\",\"target\":[\"https:\\\/\\\/www.dramfolks-whisky-auction.com\\\/fr\\\/product\\\/talisker-wilder-seas-x-parley\\\/\"]}]},{\"@type\":\"ImageObject\",\"inLanguage\":\"fr-FR\",\"@id\":\"https:\\\/\\\/www.dramfolks-whisky-auction.com\\\/fr\\\/product\\\/talisker-wilder-seas-x-parley\\\/#primaryimage\",\"url\":\"https:\\\/\\\/www.dramfolks-whisky-auction.com\\\/wp-content\\\/uploads\\\/2023\\\/05\\\/Talisker-x-Parley-vorne-scaled.jpg\",\"contentUrl\":\"https:\\\/\\\/www.dramfolks-whisky-auction.com\\\/wp-content\\\/uploads\\\/2023\\\/05\\\/Talisker-x-Parley-vorne-scaled.jpg\",\"width\":2560,\"height\":2560},{\"@type\":\"BreadcrumbList\",\"@id\":\"https:\\\/\\\/www.dramfolks-whisky-auction.com\\\/fr\\\/product\\\/talisker-wilder-seas-x-parley\\\/#breadcrumb\",\"itemListElement\":[{\"@type\":\"ListItem\",\"position\":1,\"name\":\"Startseite\",\"item\":\"https:\\\/\\\/www.dramfolks-whisky-auction.com\\\/fr\\\/\"},{\"@type\":\"ListItem\",\"position\":2,\"name\":\"Boutique\",\"item\":\"https:\\\/\\\/www.dramfolks-whisky-auction.com\\\/fr\\\/boutique\\\/\"},{\"@type\":\"ListItem\",\"position\":3,\"name\":\"Talisker &#8211; Wilder Seas x Parley\"}]},{\"@type\":\"WebSite\",\"@id\":\"https:\\\/\\\/www.dramfolks-whisky-auction.com\\\/fr\\\/#website\",\"url\":\"https:\\\/\\\/www.dramfolks-whisky-auction.com\\\/fr\\\/\",\"name\":\"Dramfolks Whisky Auction\",\"description\":\"\",\"potentialAction\":[{\"@type\":\"SearchAction\",\"target\":{\"@type\":\"EntryPoint\",\"urlTemplate\":\"https:\\\/\\\/www.dramfolks-whisky-auction.com\\\/fr\\\/?s={search_term_string}\"},\"query-input\":{\"@type\":\"PropertyValueSpecification\",\"valueRequired\":true,\"valueName\":\"search_term_string\"}}],\"inLanguage\":\"fr-FR\"}]}<\/script>\n<!-- \/ Yoast SEO plugin. -->","yoast_head_json":{"title":"Talisker - Wilder Seas x Parley - Dramfolks Whisky Auction","robots":{"index":"index","follow":"follow","max-snippet":"max-snippet:-1","max-image-preview":"max-image-preview:large","max-video-preview":"max-video-preview:-1"},"canonical":"https:\/\/www.dramfolks-whisky-auction.com\/fr\/product\/talisker-wilder-seas-x-parley\/","og_locale":"fr_FR","og_type":"article","og_title":"Talisker - Wilder Seas x Parley - Dramfolks Whisky Auction","og_description":"Destille: Talisker Die Talisker Distillery ist eine Single Malt Scotch Whisky Destillerie mit Sitz in Carbost, Schottland auf der Halbinsel Minginish (Isle of Skye). Die Gr\u00fcnder von Talisker, die Br\u00fcder Hugh und Kenneth MacAskill, waren klassische Clearance-Vermieter. Nachdem sie 1825 das Talisker House auf Skye und ausgedehnte L\u00e4ndereien gekauft hatten, machten sie sich daran, die[...]","og_url":"https:\/\/www.dramfolks-whisky-auction.com\/fr\/product\/talisker-wilder-seas-x-parley\/","og_site_name":"Dramfolks Whisky Auction","article_modified_time":"2023-06-01T17:47:39+00:00","og_image":[{"width":2560,"height":2560,"url":"https:\/\/www.dramfolks-whisky-auction.com\/wp-content\/uploads\/2023\/05\/Talisker-x-Parley-vorne-scaled.jpg","type":"image\/jpeg"}],"twitter_card":"summary_large_image","twitter_misc":{"Dur\u00e9e de lecture estim\u00e9e":"3 minutes"},"schema":{"@context":"https:\/\/schema.org","@graph":[{"@type":"WebPage","@id":"https:\/\/www.dramfolks-whisky-auction.com\/fr\/product\/talisker-wilder-seas-x-parley\/","url":"https:\/\/www.dramfolks-whisky-auction.com\/fr\/product\/talisker-wilder-seas-x-parley\/","name":"Talisker - Wilder Seas x Parley - Dramfolks Whisky Auction","isPartOf":{"@id":"https:\/\/www.dramfolks-whisky-auction.com\/fr\/#website"},"primaryImageOfPage":{"@id":"https:\/\/www.dramfolks-whisky-auction.com\/fr\/product\/talisker-wilder-seas-x-parley\/#primaryimage"},"image":{"@id":"https:\/\/www.dramfolks-whisky-auction.com\/fr\/product\/talisker-wilder-seas-x-parley\/#primaryimage"},"thumbnailUrl":"https:\/\/www.dramfolks-whisky-auction.com\/wp-content\/uploads\/2023\/05\/Talisker-x-Parley-vorne-scaled.jpg","datePublished":"2023-05-17T17:29:37+00:00","dateModified":"2023-06-01T17:47:39+00:00","breadcrumb":{"@id":"https:\/\/www.dramfolks-whisky-auction.com\/fr\/product\/talisker-wilder-seas-x-parley\/#breadcrumb"},"inLanguage":"fr-FR","potentialAction":[{"@type":"ReadAction","target":["https:\/\/www.dramfolks-whisky-auction.com\/fr\/product\/talisker-wilder-seas-x-parley\/"]}]},{"@type":"ImageObject","inLanguage":"fr-FR","@id":"https:\/\/www.dramfolks-whisky-auction.com\/fr\/product\/talisker-wilder-seas-x-parley\/#primaryimage","url":"https:\/\/www.dramfolks-whisky-auction.com\/wp-content\/uploads\/2023\/05\/Talisker-x-Parley-vorne-scaled.jpg","contentUrl":"https:\/\/www.dramfolks-whisky-auction.com\/wp-content\/uploads\/2023\/05\/Talisker-x-Parley-vorne-scaled.jpg","width":2560,"height":2560},{"@type":"BreadcrumbList","@id":"https:\/\/www.dramfolks-whisky-auction.com\/fr\/product\/talisker-wilder-seas-x-parley\/#breadcrumb","itemListElement":[{"@type":"ListItem","position":1,"name":"Startseite","item":"https:\/\/www.dramfolks-whisky-auction.com\/fr\/"},{"@type":"ListItem","position":2,"name":"Boutique","item":"https:\/\/www.dramfolks-whisky-auction.com\/fr\/boutique\/"},{"@type":"ListItem","position":3,"name":"Talisker &#8211; Wilder Seas x Parley"}]},{"@type":"WebSite","@id":"https:\/\/www.dramfolks-whisky-auction.com\/fr\/#website","url":"https:\/\/www.dramfolks-whisky-auction.com\/fr\/","name":"Dramfolks Whisky Auction","description":"","potentialAction":[{"@type":"SearchAction","target":{"@type":"EntryPoint","urlTemplate":"https:\/\/www.dramfolks-whisky-auction.com\/fr\/?s={search_term_string}"},"query-input":{"@type":"PropertyValueSpecification","valueRequired":true,"valueName":"search_term_string"}}],"inLanguage":"fr-FR"}]}},"_links":{"self":[{"href":"https:\/\/www.dramfolks-whisky-auction.com\/fr\/wp-json\/wp\/v2\/product\/2521","targetHints":{"allow":["GET"]}}],"collection":[{"href":"https:\/\/www.dramfolks-whisky-auction.com\/fr\/wp-json\/wp\/v2\/product"}],"about":[{"href":"https:\/\/www.dramfolks-whisky-auction.com\/fr\/wp-json\/wp\/v2\/types\/product"}],"replies":[{"embeddable":true,"href":"https:\/\/www.dramfolks-whisky-auction.com\/fr\/wp-json\/wp\/v2\/comments?post=2521"}],"wp:featuredmedia":[{"embeddable":true,"href":"https:\/\/www.dramfolks-whisky-auction.com\/fr\/wp-json\/wp\/v2\/media\/2522"}],"wp:attachment":[{"href":"https:\/\/www.dramfolks-whisky-auction.com\/fr\/wp-json\/wp\/v2\/media?parent=2521"}],"wp:term":[{"taxonomy":"product_brand","embeddable":true,"href":"https:\/\/www.dramfolks-whisky-auction.com\/fr\/wp-json\/wp\/v2\/product_brand?post=2521"},{"taxonomy":"product_cat","embeddable":true,"href":"https:\/\/www.dramfolks-whisky-auction.com\/fr\/wp-json\/wp\/v2\/product_cat?post=2521"},{"taxonomy":"product_tag","embeddable":true,"href":"https:\/\/www.dramfolks-whisky-auction.com\/fr\/wp-json\/wp\/v2\/product_tag?post=2521"}],"curies":[{"name":"wp","href":"https:\/\/api.w.org\/{rel}","templated":true}]}}