{"id":2417,"date":"2023-05-14T18:20:12","date_gmt":"2023-05-14T16:20:12","guid":{"rendered":"https:\/\/www.dramfolks-whisky-auction.com\/?post_type=product&#038;p=2417"},"modified":"2023-06-01T19:48:03","modified_gmt":"2023-06-01T17:48:03","slug":"talisker-the-distillers-edition","status":"publish","type":"product","link":"https:\/\/www.dramfolks-whisky-auction.com\/fr\/product\/talisker-the-distillers-edition\/","title":{"rendered":"Talisker &#8211; The Distillers Edition"},"content":{"rendered":"<p><strong>Destille: Talisker<br \/>\n<\/strong><\/p>\n<p>Die Talisker Distillery ist eine Single Malt Scotch Whisky Destillerie mit Sitz in Carbost, Schottland auf der Halbinsel Minginish (Isle of Skye). Die Gr\u00fcnder von Talisker, die Br\u00fcder Hugh und Kenneth MacAskill, waren klassische Clearance-Vermieter. Nachdem sie 1825 das Talisker House auf Skye und ausgedehnte L\u00e4ndereien gekauft hatten, machten sie sich daran, die ans\u00e4ssige Bev\u00f6lkerung von ihren Farmen umzusiedeln. Neben dem Einsatz von Schafen war Destillieren, das zweite Standbein der MacAskill. Im Jahr 1830 er\u00f6ffneten sie ihre Talisker-Destillerie in Carbost. Ihr Vorsto\u00df in die Whiskyherstellung war anf\u00e4nglich nicht von Erfolg gekr\u00f6nt, sodass 1848 die Kreditbank die Kontrolle \u00fcbernahm. Nach einer Reihe verschiedenster Besitzer kauften Roderick Kemp und Alexander Allen (Dailuaine) die Brennerei. Kemp verkaufte seinen Anteil 1892, um Macallan zu kaufen, und nach Allens Tod im Jahr 1895 \u00fcbernahm sein Gesch\u00e4ftspartner Thomas Mackenzie die Leitung. Nach einer \u00ab\u00a0Verschmelzung\u00a0\u00bb mit Dailuaine (und Imperial) ging Talisker 1916 an eine Gruppe von gro\u00dfen Blendern, die sp\u00e4ter zu Diageo fusionierten. Aktuell hat Talisker ein Produktionsvolumen von ca. 2,6 Mio. Litern.<\/p>\n<p><strong>Fun Fakt:\u00a0\u00a0<\/strong>Bekannt aus \u00ab\u00a0Funk &amp; Fernsehen\u00a0\u00bb&#8230; In dem Film \u00ab\u00a0Charlie Wilson&rsquo;s War\u00a0\u00bb \u00fcberreicht der CIA-Agent Gust Avrakotos dem US-Abgeordneten Wilson eine Flasche Talisker. Der Agent erkl\u00e4rt Charlie, dass der Scotch in einem Gedicht von Robert Louis Stevenson erw\u00e4hnt wird. Der Clou? Die Flasche ist verwanzt und erm\u00f6glicht es ihm, den Gespr\u00e4chen des Kongressabgeordneten zuzuh\u00f6ren&#8230; Tats\u00e4chlich war Talisker der Lieblingswhisky der Schriftsteller Robert Louis Stevenson und HV Morton. In seinem Gedicht \u00ab\u00a0The Scotsman&rsquo;s Return From Abroad\u00a0\u00bb erw\u00e4hnte Stevenson: \u00ab\u00a0Der K\u00f6nig trinkt, wie ich es mir vorstelle, Talisker, Islay oder Glenlivet.\u00a0\u00bb<\/p>\n<p><strong>Whisky\/Whiskey: The Distillers Edition<br \/>\n<\/strong><\/p>\n<p>Die DISTILLERS EDITION ist eine Kollektion meisterhafter Handwerkskunst. Jedes Fass der Serie wird individuell ausgew\u00e4hlt und perfekt auf den Charakter jedes der hier veredelten Single Malts abgestimmt. Der zweigeteilte Reifeprozess verleiht mehr Tiefe und Komplexit\u00e4t. Die Idee hinter der limitierten DISTILLERS EDITION ist: die Perfektion der bereits f\u00fcr ihre herausragenden Aromen ausgezeichneten Single Malts zu bewahren. Die ausgesuchten Geschmacksnuancen werden st\u00e4rker akzentuiert, wie es bei den regul\u00e4ren Abf\u00fcllungen nicht der Fall ist, aber unter voller Beibehaltung des urspr\u00fcnglichen Charakters dieser feinen Single Malts. Die hier angebotene The Distillers Edition stammt aus dem Jahr 2022.<br \/>\n\u00dcbrigens&#8230; Talisker Distiller&rsquo;s Edition 2013 wurde bei den World Whiskys Awards 2013 als Best Islands Single Malt ausgezeichnet.<\/p>\n<p><strong>Info Qualit\u00e4t der Flasche:<\/strong> Exzellent &#8211; ohne Besch\u00e4digungen \/ <strong>F\u00fcllstand: <\/strong>Into neck<br \/>\n<strong>Info Qualit\u00e4t der Box: <\/strong>Exzellent &#8211; ohne Besch\u00e4digungen<\/p>\n<p><strong>Wichtiger Hinweis:<\/strong> Die Bewertung der Flaschen und Boxen erfolgt nach \u201ebesten Wissen und Gewissen\u201c. dramfolks kann keine Gew\u00e4hrleistung f\u00fcr den Inhalt der Flaschen \u00fcbernehmen. Weitere Infos &amp; Hinweise finden Sie in unseren AGBs. Wir empfehlen Ihnen, vor der Abgabe von Geboten \u00fcber die Zoomfunktion eine Besichtigung \/ genaue Pr\u00fcfung des angebotenen Whiskys vorzunehmen. Bitte kontaktieren sie uns bei Fragen direkt unter info@dramfolks.com<\/p>\n","protected":false},"excerpt":{"rendered":"<p>Destille: Talisker Die Talisker Distillery ist eine Single Malt Scotch Whisky Destillerie mit Sitz in Carbost, Schottland auf der Halbinsel Minginish (Isle of Skye). Die Gr\u00fcnder von Talisker, die Br\u00fcder Hugh und Kenneth MacAskill, waren klassische Clearance-Vermieter. Nachdem sie 1825 das Talisker House auf Skye und ausgedehnte L\u00e4ndereien gekauft hatten, machten sie sich daran, die[&#8230;]\n","protected":false},"featured_media":2508,"comment_status":"closed","ping_status":"closed","template":"","meta":[],"product_brand":[],"product_cat":[369],"product_tag":[],"class_list":{"0":"post-2417","1":"product","2":"type-product","3":"status-publish","4":"has-post-thumbnail","6":"product_cat-no-4","8":"first","9":"instock","10":"shipping-taxable","11":"purchasable","12":"product-type-auction"},"yoast_head":"<!-- This site is optimized with the Yoast SEO plugin v27.4 - https:\/\/yoast.com\/product\/yoast-seo-wordpress\/ -->\n<title>Talisker - The Distillers Edition - Dramfolks Whisky Auction<\/title>\n<meta name=\"robots\" content=\"index, follow, max-snippet:-1, max-image-preview:large, max-video-preview:-1\" \/>\n<link rel=\"canonical\" href=\"https:\/\/www.dramfolks-whisky-auction.com\/fr\/product\/talisker-the-distillers-edition\/\" \/>\n<meta property=\"og:locale\" content=\"fr_FR\" \/>\n<meta property=\"og:type\" content=\"article\" \/>\n<meta property=\"og:title\" content=\"Talisker - The Distillers Edition - Dramfolks Whisky Auction\" \/>\n<meta property=\"og:description\" content=\"Destille: Talisker Die Talisker Distillery ist eine Single Malt Scotch Whisky Destillerie mit Sitz in Carbost, Schottland auf der Halbinsel Minginish (Isle of Skye). Die Gr\u00fcnder von Talisker, die Br\u00fcder Hugh und Kenneth MacAskill, waren klassische Clearance-Vermieter. Nachdem sie 1825 das Talisker House auf Skye und ausgedehnte L\u00e4ndereien gekauft hatten, machten sie sich daran, die[...]\" \/>\n<meta property=\"og:url\" content=\"https:\/\/www.dramfolks-whisky-auction.com\/fr\/product\/talisker-the-distillers-edition\/\" \/>\n<meta property=\"og:site_name\" content=\"Dramfolks Whisky Auction\" \/>\n<meta property=\"article:modified_time\" content=\"2023-06-01T17:48:03+00:00\" \/>\n<meta property=\"og:image\" content=\"https:\/\/www.dramfolks-whisky-auction.com\/wp-content\/uploads\/2023\/05\/Talisker-Distiller-Edition-vorne-scaled.jpg\" \/>\n\t<meta property=\"og:image:width\" content=\"2560\" \/>\n\t<meta property=\"og:image:height\" content=\"2560\" \/>\n\t<meta property=\"og:image:type\" content=\"image\/jpeg\" \/>\n<meta name=\"twitter:card\" content=\"summary_large_image\" \/>\n<meta name=\"twitter:label1\" content=\"Dur\u00e9e de lecture estim\u00e9e\" \/>\n\t<meta name=\"twitter:data1\" content=\"3 minutes\" \/>\n<script type=\"application\/ld+json\" class=\"yoast-schema-graph\">{\"@context\":\"https:\\\/\\\/schema.org\",\"@graph\":[{\"@type\":\"WebPage\",\"@id\":\"https:\\\/\\\/www.dramfolks-whisky-auction.com\\\/fr\\\/product\\\/talisker-the-distillers-edition\\\/\",\"url\":\"https:\\\/\\\/www.dramfolks-whisky-auction.com\\\/fr\\\/product\\\/talisker-the-distillers-edition\\\/\",\"name\":\"Talisker - The Distillers Edition - Dramfolks Whisky Auction\",\"isPartOf\":{\"@id\":\"https:\\\/\\\/www.dramfolks-whisky-auction.com\\\/fr\\\/#website\"},\"primaryImageOfPage\":{\"@id\":\"https:\\\/\\\/www.dramfolks-whisky-auction.com\\\/fr\\\/product\\\/talisker-the-distillers-edition\\\/#primaryimage\"},\"image\":{\"@id\":\"https:\\\/\\\/www.dramfolks-whisky-auction.com\\\/fr\\\/product\\\/talisker-the-distillers-edition\\\/#primaryimage\"},\"thumbnailUrl\":\"https:\\\/\\\/www.dramfolks-whisky-auction.com\\\/wp-content\\\/uploads\\\/2023\\\/05\\\/Talisker-Distiller-Edition-vorne-scaled.jpg\",\"datePublished\":\"2023-05-14T16:20:12+00:00\",\"dateModified\":\"2023-06-01T17:48:03+00:00\",\"breadcrumb\":{\"@id\":\"https:\\\/\\\/www.dramfolks-whisky-auction.com\\\/fr\\\/product\\\/talisker-the-distillers-edition\\\/#breadcrumb\"},\"inLanguage\":\"fr-FR\",\"potentialAction\":[{\"@type\":\"ReadAction\",\"target\":[\"https:\\\/\\\/www.dramfolks-whisky-auction.com\\\/fr\\\/product\\\/talisker-the-distillers-edition\\\/\"]}]},{\"@type\":\"ImageObject\",\"inLanguage\":\"fr-FR\",\"@id\":\"https:\\\/\\\/www.dramfolks-whisky-auction.com\\\/fr\\\/product\\\/talisker-the-distillers-edition\\\/#primaryimage\",\"url\":\"https:\\\/\\\/www.dramfolks-whisky-auction.com\\\/wp-content\\\/uploads\\\/2023\\\/05\\\/Talisker-Distiller-Edition-vorne-scaled.jpg\",\"contentUrl\":\"https:\\\/\\\/www.dramfolks-whisky-auction.com\\\/wp-content\\\/uploads\\\/2023\\\/05\\\/Talisker-Distiller-Edition-vorne-scaled.jpg\",\"width\":2560,\"height\":2560},{\"@type\":\"BreadcrumbList\",\"@id\":\"https:\\\/\\\/www.dramfolks-whisky-auction.com\\\/fr\\\/product\\\/talisker-the-distillers-edition\\\/#breadcrumb\",\"itemListElement\":[{\"@type\":\"ListItem\",\"position\":1,\"name\":\"Startseite\",\"item\":\"https:\\\/\\\/www.dramfolks-whisky-auction.com\\\/fr\\\/\"},{\"@type\":\"ListItem\",\"position\":2,\"name\":\"Boutique\",\"item\":\"https:\\\/\\\/www.dramfolks-whisky-auction.com\\\/fr\\\/boutique\\\/\"},{\"@type\":\"ListItem\",\"position\":3,\"name\":\"Talisker &#8211; The Distillers Edition\"}]},{\"@type\":\"WebSite\",\"@id\":\"https:\\\/\\\/www.dramfolks-whisky-auction.com\\\/fr\\\/#website\",\"url\":\"https:\\\/\\\/www.dramfolks-whisky-auction.com\\\/fr\\\/\",\"name\":\"Dramfolks Whisky Auction\",\"description\":\"\",\"potentialAction\":[{\"@type\":\"SearchAction\",\"target\":{\"@type\":\"EntryPoint\",\"urlTemplate\":\"https:\\\/\\\/www.dramfolks-whisky-auction.com\\\/fr\\\/?s={search_term_string}\"},\"query-input\":{\"@type\":\"PropertyValueSpecification\",\"valueRequired\":true,\"valueName\":\"search_term_string\"}}],\"inLanguage\":\"fr-FR\"}]}<\/script>\n<!-- \/ Yoast SEO plugin. -->","yoast_head_json":{"title":"Talisker - The Distillers Edition - Dramfolks Whisky Auction","robots":{"index":"index","follow":"follow","max-snippet":"max-snippet:-1","max-image-preview":"max-image-preview:large","max-video-preview":"max-video-preview:-1"},"canonical":"https:\/\/www.dramfolks-whisky-auction.com\/fr\/product\/talisker-the-distillers-edition\/","og_locale":"fr_FR","og_type":"article","og_title":"Talisker - The Distillers Edition - Dramfolks Whisky Auction","og_description":"Destille: Talisker Die Talisker Distillery ist eine Single Malt Scotch Whisky Destillerie mit Sitz in Carbost, Schottland auf der Halbinsel Minginish (Isle of Skye). Die Gr\u00fcnder von Talisker, die Br\u00fcder Hugh und Kenneth MacAskill, waren klassische Clearance-Vermieter. Nachdem sie 1825 das Talisker House auf Skye und ausgedehnte L\u00e4ndereien gekauft hatten, machten sie sich daran, die[...]","og_url":"https:\/\/www.dramfolks-whisky-auction.com\/fr\/product\/talisker-the-distillers-edition\/","og_site_name":"Dramfolks Whisky Auction","article_modified_time":"2023-06-01T17:48:03+00:00","og_image":[{"width":2560,"height":2560,"url":"https:\/\/www.dramfolks-whisky-auction.com\/wp-content\/uploads\/2023\/05\/Talisker-Distiller-Edition-vorne-scaled.jpg","type":"image\/jpeg"}],"twitter_card":"summary_large_image","twitter_misc":{"Dur\u00e9e de lecture estim\u00e9e":"3 minutes"},"schema":{"@context":"https:\/\/schema.org","@graph":[{"@type":"WebPage","@id":"https:\/\/www.dramfolks-whisky-auction.com\/fr\/product\/talisker-the-distillers-edition\/","url":"https:\/\/www.dramfolks-whisky-auction.com\/fr\/product\/talisker-the-distillers-edition\/","name":"Talisker - The Distillers Edition - Dramfolks Whisky Auction","isPartOf":{"@id":"https:\/\/www.dramfolks-whisky-auction.com\/fr\/#website"},"primaryImageOfPage":{"@id":"https:\/\/www.dramfolks-whisky-auction.com\/fr\/product\/talisker-the-distillers-edition\/#primaryimage"},"image":{"@id":"https:\/\/www.dramfolks-whisky-auction.com\/fr\/product\/talisker-the-distillers-edition\/#primaryimage"},"thumbnailUrl":"https:\/\/www.dramfolks-whisky-auction.com\/wp-content\/uploads\/2023\/05\/Talisker-Distiller-Edition-vorne-scaled.jpg","datePublished":"2023-05-14T16:20:12+00:00","dateModified":"2023-06-01T17:48:03+00:00","breadcrumb":{"@id":"https:\/\/www.dramfolks-whisky-auction.com\/fr\/product\/talisker-the-distillers-edition\/#breadcrumb"},"inLanguage":"fr-FR","potentialAction":[{"@type":"ReadAction","target":["https:\/\/www.dramfolks-whisky-auction.com\/fr\/product\/talisker-the-distillers-edition\/"]}]},{"@type":"ImageObject","inLanguage":"fr-FR","@id":"https:\/\/www.dramfolks-whisky-auction.com\/fr\/product\/talisker-the-distillers-edition\/#primaryimage","url":"https:\/\/www.dramfolks-whisky-auction.com\/wp-content\/uploads\/2023\/05\/Talisker-Distiller-Edition-vorne-scaled.jpg","contentUrl":"https:\/\/www.dramfolks-whisky-auction.com\/wp-content\/uploads\/2023\/05\/Talisker-Distiller-Edition-vorne-scaled.jpg","width":2560,"height":2560},{"@type":"BreadcrumbList","@id":"https:\/\/www.dramfolks-whisky-auction.com\/fr\/product\/talisker-the-distillers-edition\/#breadcrumb","itemListElement":[{"@type":"ListItem","position":1,"name":"Startseite","item":"https:\/\/www.dramfolks-whisky-auction.com\/fr\/"},{"@type":"ListItem","position":2,"name":"Boutique","item":"https:\/\/www.dramfolks-whisky-auction.com\/fr\/boutique\/"},{"@type":"ListItem","position":3,"name":"Talisker &#8211; The Distillers Edition"}]},{"@type":"WebSite","@id":"https:\/\/www.dramfolks-whisky-auction.com\/fr\/#website","url":"https:\/\/www.dramfolks-whisky-auction.com\/fr\/","name":"Dramfolks Whisky Auction","description":"","potentialAction":[{"@type":"SearchAction","target":{"@type":"EntryPoint","urlTemplate":"https:\/\/www.dramfolks-whisky-auction.com\/fr\/?s={search_term_string}"},"query-input":{"@type":"PropertyValueSpecification","valueRequired":true,"valueName":"search_term_string"}}],"inLanguage":"fr-FR"}]}},"_links":{"self":[{"href":"https:\/\/www.dramfolks-whisky-auction.com\/fr\/wp-json\/wp\/v2\/product\/2417","targetHints":{"allow":["GET"]}}],"collection":[{"href":"https:\/\/www.dramfolks-whisky-auction.com\/fr\/wp-json\/wp\/v2\/product"}],"about":[{"href":"https:\/\/www.dramfolks-whisky-auction.com\/fr\/wp-json\/wp\/v2\/types\/product"}],"replies":[{"embeddable":true,"href":"https:\/\/www.dramfolks-whisky-auction.com\/fr\/wp-json\/wp\/v2\/comments?post=2417"}],"wp:featuredmedia":[{"embeddable":true,"href":"https:\/\/www.dramfolks-whisky-auction.com\/fr\/wp-json\/wp\/v2\/media\/2508"}],"wp:attachment":[{"href":"https:\/\/www.dramfolks-whisky-auction.com\/fr\/wp-json\/wp\/v2\/media?parent=2417"}],"wp:term":[{"taxonomy":"product_brand","embeddable":true,"href":"https:\/\/www.dramfolks-whisky-auction.com\/fr\/wp-json\/wp\/v2\/product_brand?post=2417"},{"taxonomy":"product_cat","embeddable":true,"href":"https:\/\/www.dramfolks-whisky-auction.com\/fr\/wp-json\/wp\/v2\/product_cat?post=2417"},{"taxonomy":"product_tag","embeddable":true,"href":"https:\/\/www.dramfolks-whisky-auction.com\/fr\/wp-json\/wp\/v2\/product_tag?post=2417"}],"curies":[{"name":"wp","href":"https:\/\/api.w.org\/{rel}","templated":true}]}}