{"id":2416,"date":"2023-05-13T19:34:49","date_gmt":"2023-05-13T17:34:49","guid":{"rendered":"https:\/\/www.dramfolks-whisky-auction.com\/?post_type=product&#038;p=2416"},"modified":"2023-06-01T19:48:19","modified_gmt":"2023-06-01T17:48:19","slug":"arran-distillery-machrie-moor-cask-strength-2","status":"publish","type":"product","link":"https:\/\/www.dramfolks-whisky-auction.com\/fr\/product\/arran-distillery-machrie-moor-cask-strength-2\/","title":{"rendered":"Arran Distillery &#8211; Machrie Moor Cask Strength"},"content":{"rendered":"<p><strong>Destille: Arran Distillery<\/strong><\/p>\n<p>Bei Arran handelt es sich um eine noch sehr junge Whisky Destillerie. Sie wurde erst im Jahr 1991 erbaut und der erste Whisky wurde im Jahr 1995 dort destilliert. Die Brennerei liegt bei Lochranza auf der Isle of Arran in der Region der schottischen Highlands und ist dort seit \u00fcber 150 Jahren wieder die erste Destillerie, die dort Whisky herstellt. In der N\u00e4he liegt Loch na Davie, ein kleiner See, wo das Wasser f\u00fcr diesen hochwertigen Whisky entnommen wird. Gegr\u00fcndet wurde die Destillerie von Harold J. Currie, der auch derzeit die Geschicke der Brennerei sehr erfolgreich leitet. Arran bietet eine sehr feine Auswahl an Single Malt Whiskys, teilweise auch als Single Cask Abf\u00fcllungen.<\/p>\n<p>Die j\u00e4hrliche Produktion bel\u00e4uft sich auf ca. 1,2 Millionen Liter.<\/p>\n<p><strong>Fun fact 1: <\/strong>Die offizielle Er\u00f6ffnung fand im Jahre 1997 durch K\u00f6nigin Elisabeth II. statt. Im Jahre 1998 wurde das erste Fass Arran Single Malt durch den schottischen Filmstar Ewan McGregor ge\u00f6ffnet.<\/p>\n<p><strong>Whisky\/Whiskey: Machrie Moor Cask Strength<br \/>\n<\/strong><\/p>\n<p>Dieser Arran Machrie Moor Peated Cask Strength Whisky ist eine limitierte Sonderedition des Machrie Moor. Es gibt auch eine Standard Abf\u00fcllung mit 46% Vol. im Sortiment von Arran. Dieser hier angebotene Single Malt jedoch, wird in Fassst\u00e4rke von 56,2% Vol. abgef\u00fcllt. In dieser kr\u00e4ftigen Edition kommen die w\u00fcrzig rauchigen Aromen noch viel harmonischer und auch intensiver zu Geltung. Die sehr erfolgreiche Machrie Moor Serie wird nur in kleiner St\u00fcckzahl von der Destillerie hergestellt. Die sehr edle Metalltube in der diese limited Edition geliefert wird, unterstreicht den Premium Anspruch.<\/p>\n<p><strong>Info Qualit\u00e4t der Flasche:<\/strong> Exzellent &#8211; ohne Besch\u00e4digungen \/ <strong>F\u00fcllstand:<\/strong> Into neck<br \/>\n<strong>Info Qualit\u00e4t der Box:<\/strong> Gut &#8211; leichte Dellen<\/p>\n<p><strong>Wichtiger Hinweis:<\/strong> Die Bewertung der Flaschen und Boxen erfolgt nach \u201ebesten Wissen und Gewissen\u201c. dramfolks kann keine Gew\u00e4hrleistung f\u00fcr den Inhalt der Flaschen \u00fcbernehmen. Weitere Infos &amp; Hinweise finden Sie in unseren AGBs. Wir empfehlen Ihnen, vor der Abgabe von Geboten \u00fcber die Zoomfunktion eine Besichtigung \/ genaue Pr\u00fcfung des angebotenen Whiskys vorzunehmen. Bitte kontaktieren sie uns bei Fragen direkt unter info@dramfolks.com<\/p>\n","protected":false},"excerpt":{"rendered":"<p>Destille: Arran Distillery Bei Arran handelt es sich um eine noch sehr junge Whisky Destillerie. Sie wurde erst im Jahr 1991 erbaut und der erste Whisky wurde im Jahr 1995 dort destilliert. Die Brennerei liegt bei Lochranza auf der Isle of Arran in der Region der schottischen Highlands und ist dort seit \u00fcber 150 Jahren[&#8230;]\n","protected":false},"featured_media":2469,"comment_status":"closed","ping_status":"closed","template":"","meta":[],"product_brand":[],"product_cat":[369],"product_tag":[],"class_list":{"0":"post-2416","1":"product","2":"type-product","3":"status-publish","4":"has-post-thumbnail","6":"product_cat-no-4","8":"first","9":"instock","10":"shipping-taxable","11":"purchasable","12":"product-type-auction"},"yoast_head":"<!-- This site is optimized with the Yoast SEO plugin v27.4 - https:\/\/yoast.com\/product\/yoast-seo-wordpress\/ -->\n<title>Arran Distillery - Machrie Moor Cask Strength - Dramfolks Whisky Auction<\/title>\n<meta name=\"robots\" content=\"index, follow, max-snippet:-1, max-image-preview:large, max-video-preview:-1\" \/>\n<link rel=\"canonical\" href=\"https:\/\/www.dramfolks-whisky-auction.com\/fr\/product\/arran-distillery-machrie-moor-cask-strength-2\/\" \/>\n<meta property=\"og:locale\" content=\"fr_FR\" \/>\n<meta property=\"og:type\" content=\"article\" \/>\n<meta property=\"og:title\" content=\"Arran Distillery - Machrie Moor Cask Strength - Dramfolks Whisky Auction\" \/>\n<meta property=\"og:description\" content=\"Destille: Arran Distillery Bei Arran handelt es sich um eine noch sehr junge Whisky Destillerie. Sie wurde erst im Jahr 1991 erbaut und der erste Whisky wurde im Jahr 1995 dort destilliert. Die Brennerei liegt bei Lochranza auf der Isle of Arran in der Region der schottischen Highlands und ist dort seit \u00fcber 150 Jahren[...]\" \/>\n<meta property=\"og:url\" content=\"https:\/\/www.dramfolks-whisky-auction.com\/fr\/product\/arran-distillery-machrie-moor-cask-strength-2\/\" \/>\n<meta property=\"og:site_name\" content=\"Dramfolks Whisky Auction\" \/>\n<meta property=\"article:modified_time\" content=\"2023-06-01T17:48:19+00:00\" \/>\n<meta property=\"og:image\" content=\"https:\/\/www.dramfolks-whisky-auction.com\/wp-content\/uploads\/2023\/05\/Arran-Machrie-vorne-scaled.jpg\" \/>\n\t<meta property=\"og:image:width\" content=\"2560\" \/>\n\t<meta property=\"og:image:height\" content=\"2560\" \/>\n\t<meta property=\"og:image:type\" content=\"image\/jpeg\" \/>\n<meta name=\"twitter:card\" content=\"summary_large_image\" \/>\n<meta name=\"twitter:label1\" content=\"Dur\u00e9e de lecture estim\u00e9e\" \/>\n\t<meta name=\"twitter:data1\" content=\"2 minutes\" \/>\n<script type=\"application\/ld+json\" class=\"yoast-schema-graph\">{\"@context\":\"https:\\\/\\\/schema.org\",\"@graph\":[{\"@type\":\"WebPage\",\"@id\":\"https:\\\/\\\/www.dramfolks-whisky-auction.com\\\/fr\\\/product\\\/arran-distillery-machrie-moor-cask-strength-2\\\/\",\"url\":\"https:\\\/\\\/www.dramfolks-whisky-auction.com\\\/fr\\\/product\\\/arran-distillery-machrie-moor-cask-strength-2\\\/\",\"name\":\"Arran Distillery - Machrie Moor Cask Strength - Dramfolks Whisky Auction\",\"isPartOf\":{\"@id\":\"https:\\\/\\\/www.dramfolks-whisky-auction.com\\\/fr\\\/#website\"},\"primaryImageOfPage\":{\"@id\":\"https:\\\/\\\/www.dramfolks-whisky-auction.com\\\/fr\\\/product\\\/arran-distillery-machrie-moor-cask-strength-2\\\/#primaryimage\"},\"image\":{\"@id\":\"https:\\\/\\\/www.dramfolks-whisky-auction.com\\\/fr\\\/product\\\/arran-distillery-machrie-moor-cask-strength-2\\\/#primaryimage\"},\"thumbnailUrl\":\"https:\\\/\\\/www.dramfolks-whisky-auction.com\\\/wp-content\\\/uploads\\\/2023\\\/05\\\/Arran-Machrie-vorne-scaled.jpg\",\"datePublished\":\"2023-05-13T17:34:49+00:00\",\"dateModified\":\"2023-06-01T17:48:19+00:00\",\"breadcrumb\":{\"@id\":\"https:\\\/\\\/www.dramfolks-whisky-auction.com\\\/fr\\\/product\\\/arran-distillery-machrie-moor-cask-strength-2\\\/#breadcrumb\"},\"inLanguage\":\"fr-FR\",\"potentialAction\":[{\"@type\":\"ReadAction\",\"target\":[\"https:\\\/\\\/www.dramfolks-whisky-auction.com\\\/fr\\\/product\\\/arran-distillery-machrie-moor-cask-strength-2\\\/\"]}]},{\"@type\":\"ImageObject\",\"inLanguage\":\"fr-FR\",\"@id\":\"https:\\\/\\\/www.dramfolks-whisky-auction.com\\\/fr\\\/product\\\/arran-distillery-machrie-moor-cask-strength-2\\\/#primaryimage\",\"url\":\"https:\\\/\\\/www.dramfolks-whisky-auction.com\\\/wp-content\\\/uploads\\\/2023\\\/05\\\/Arran-Machrie-vorne-scaled.jpg\",\"contentUrl\":\"https:\\\/\\\/www.dramfolks-whisky-auction.com\\\/wp-content\\\/uploads\\\/2023\\\/05\\\/Arran-Machrie-vorne-scaled.jpg\",\"width\":2560,\"height\":2560},{\"@type\":\"BreadcrumbList\",\"@id\":\"https:\\\/\\\/www.dramfolks-whisky-auction.com\\\/fr\\\/product\\\/arran-distillery-machrie-moor-cask-strength-2\\\/#breadcrumb\",\"itemListElement\":[{\"@type\":\"ListItem\",\"position\":1,\"name\":\"Startseite\",\"item\":\"https:\\\/\\\/www.dramfolks-whisky-auction.com\\\/fr\\\/\"},{\"@type\":\"ListItem\",\"position\":2,\"name\":\"Boutique\",\"item\":\"https:\\\/\\\/www.dramfolks-whisky-auction.com\\\/fr\\\/boutique\\\/\"},{\"@type\":\"ListItem\",\"position\":3,\"name\":\"Arran Distillery &#8211; Machrie Moor Cask Strength\"}]},{\"@type\":\"WebSite\",\"@id\":\"https:\\\/\\\/www.dramfolks-whisky-auction.com\\\/fr\\\/#website\",\"url\":\"https:\\\/\\\/www.dramfolks-whisky-auction.com\\\/fr\\\/\",\"name\":\"Dramfolks Whisky Auction\",\"description\":\"\",\"potentialAction\":[{\"@type\":\"SearchAction\",\"target\":{\"@type\":\"EntryPoint\",\"urlTemplate\":\"https:\\\/\\\/www.dramfolks-whisky-auction.com\\\/fr\\\/?s={search_term_string}\"},\"query-input\":{\"@type\":\"PropertyValueSpecification\",\"valueRequired\":true,\"valueName\":\"search_term_string\"}}],\"inLanguage\":\"fr-FR\"}]}<\/script>\n<!-- \/ Yoast SEO plugin. -->","yoast_head_json":{"title":"Arran Distillery - Machrie Moor Cask Strength - Dramfolks Whisky Auction","robots":{"index":"index","follow":"follow","max-snippet":"max-snippet:-1","max-image-preview":"max-image-preview:large","max-video-preview":"max-video-preview:-1"},"canonical":"https:\/\/www.dramfolks-whisky-auction.com\/fr\/product\/arran-distillery-machrie-moor-cask-strength-2\/","og_locale":"fr_FR","og_type":"article","og_title":"Arran Distillery - Machrie Moor Cask Strength - Dramfolks Whisky Auction","og_description":"Destille: Arran Distillery Bei Arran handelt es sich um eine noch sehr junge Whisky Destillerie. Sie wurde erst im Jahr 1991 erbaut und der erste Whisky wurde im Jahr 1995 dort destilliert. Die Brennerei liegt bei Lochranza auf der Isle of Arran in der Region der schottischen Highlands und ist dort seit \u00fcber 150 Jahren[...]","og_url":"https:\/\/www.dramfolks-whisky-auction.com\/fr\/product\/arran-distillery-machrie-moor-cask-strength-2\/","og_site_name":"Dramfolks Whisky Auction","article_modified_time":"2023-06-01T17:48:19+00:00","og_image":[{"width":2560,"height":2560,"url":"https:\/\/www.dramfolks-whisky-auction.com\/wp-content\/uploads\/2023\/05\/Arran-Machrie-vorne-scaled.jpg","type":"image\/jpeg"}],"twitter_card":"summary_large_image","twitter_misc":{"Dur\u00e9e de lecture estim\u00e9e":"2 minutes"},"schema":{"@context":"https:\/\/schema.org","@graph":[{"@type":"WebPage","@id":"https:\/\/www.dramfolks-whisky-auction.com\/fr\/product\/arran-distillery-machrie-moor-cask-strength-2\/","url":"https:\/\/www.dramfolks-whisky-auction.com\/fr\/product\/arran-distillery-machrie-moor-cask-strength-2\/","name":"Arran Distillery - Machrie Moor Cask Strength - Dramfolks Whisky Auction","isPartOf":{"@id":"https:\/\/www.dramfolks-whisky-auction.com\/fr\/#website"},"primaryImageOfPage":{"@id":"https:\/\/www.dramfolks-whisky-auction.com\/fr\/product\/arran-distillery-machrie-moor-cask-strength-2\/#primaryimage"},"image":{"@id":"https:\/\/www.dramfolks-whisky-auction.com\/fr\/product\/arran-distillery-machrie-moor-cask-strength-2\/#primaryimage"},"thumbnailUrl":"https:\/\/www.dramfolks-whisky-auction.com\/wp-content\/uploads\/2023\/05\/Arran-Machrie-vorne-scaled.jpg","datePublished":"2023-05-13T17:34:49+00:00","dateModified":"2023-06-01T17:48:19+00:00","breadcrumb":{"@id":"https:\/\/www.dramfolks-whisky-auction.com\/fr\/product\/arran-distillery-machrie-moor-cask-strength-2\/#breadcrumb"},"inLanguage":"fr-FR","potentialAction":[{"@type":"ReadAction","target":["https:\/\/www.dramfolks-whisky-auction.com\/fr\/product\/arran-distillery-machrie-moor-cask-strength-2\/"]}]},{"@type":"ImageObject","inLanguage":"fr-FR","@id":"https:\/\/www.dramfolks-whisky-auction.com\/fr\/product\/arran-distillery-machrie-moor-cask-strength-2\/#primaryimage","url":"https:\/\/www.dramfolks-whisky-auction.com\/wp-content\/uploads\/2023\/05\/Arran-Machrie-vorne-scaled.jpg","contentUrl":"https:\/\/www.dramfolks-whisky-auction.com\/wp-content\/uploads\/2023\/05\/Arran-Machrie-vorne-scaled.jpg","width":2560,"height":2560},{"@type":"BreadcrumbList","@id":"https:\/\/www.dramfolks-whisky-auction.com\/fr\/product\/arran-distillery-machrie-moor-cask-strength-2\/#breadcrumb","itemListElement":[{"@type":"ListItem","position":1,"name":"Startseite","item":"https:\/\/www.dramfolks-whisky-auction.com\/fr\/"},{"@type":"ListItem","position":2,"name":"Boutique","item":"https:\/\/www.dramfolks-whisky-auction.com\/fr\/boutique\/"},{"@type":"ListItem","position":3,"name":"Arran Distillery &#8211; Machrie Moor Cask Strength"}]},{"@type":"WebSite","@id":"https:\/\/www.dramfolks-whisky-auction.com\/fr\/#website","url":"https:\/\/www.dramfolks-whisky-auction.com\/fr\/","name":"Dramfolks Whisky Auction","description":"","potentialAction":[{"@type":"SearchAction","target":{"@type":"EntryPoint","urlTemplate":"https:\/\/www.dramfolks-whisky-auction.com\/fr\/?s={search_term_string}"},"query-input":{"@type":"PropertyValueSpecification","valueRequired":true,"valueName":"search_term_string"}}],"inLanguage":"fr-FR"}]}},"_links":{"self":[{"href":"https:\/\/www.dramfolks-whisky-auction.com\/fr\/wp-json\/wp\/v2\/product\/2416","targetHints":{"allow":["GET"]}}],"collection":[{"href":"https:\/\/www.dramfolks-whisky-auction.com\/fr\/wp-json\/wp\/v2\/product"}],"about":[{"href":"https:\/\/www.dramfolks-whisky-auction.com\/fr\/wp-json\/wp\/v2\/types\/product"}],"replies":[{"embeddable":true,"href":"https:\/\/www.dramfolks-whisky-auction.com\/fr\/wp-json\/wp\/v2\/comments?post=2416"}],"wp:featuredmedia":[{"embeddable":true,"href":"https:\/\/www.dramfolks-whisky-auction.com\/fr\/wp-json\/wp\/v2\/media\/2469"}],"wp:attachment":[{"href":"https:\/\/www.dramfolks-whisky-auction.com\/fr\/wp-json\/wp\/v2\/media?parent=2416"}],"wp:term":[{"taxonomy":"product_brand","embeddable":true,"href":"https:\/\/www.dramfolks-whisky-auction.com\/fr\/wp-json\/wp\/v2\/product_brand?post=2416"},{"taxonomy":"product_cat","embeddable":true,"href":"https:\/\/www.dramfolks-whisky-auction.com\/fr\/wp-json\/wp\/v2\/product_cat?post=2416"},{"taxonomy":"product_tag","embeddable":true,"href":"https:\/\/www.dramfolks-whisky-auction.com\/fr\/wp-json\/wp\/v2\/product_tag?post=2416"}],"curies":[{"name":"wp","href":"https:\/\/api.w.org\/{rel}","templated":true}]}}