{"id":2407,"date":"2023-05-13T09:12:11","date_gmt":"2023-05-13T07:12:11","guid":{"rendered":"https:\/\/www.dramfolks-whisky-auction.com\/?post_type=product&#038;p=2407"},"modified":"2023-05-28T20:45:31","modified_gmt":"2023-05-28T18:45:31","slug":"deanston-chieftains-deanston-2000-ian-macleod-2","status":"publish","type":"product","link":"https:\/\/www.dramfolks-whisky-auction.com\/fr\/product\/deanston-chieftains-deanston-2000-ian-macleod-2\/","title":{"rendered":"Deanston &#8211; Chieftain&rsquo;s Deanston 2000 (Ian Macleod)"},"content":{"rendered":"<p><strong>Destille: Deanston<br \/>\n<\/strong><\/p>\n<p>Die Deanston Distillery ist eine Single Malt Scotch Whiskybrennerei am Ufer des Flusses Teith, acht Meilen von der historischen Stadt Stirling entfernt und am Tor zum Loch Lomond &amp; Trossachs National Park. Es ist die gr\u00f6\u00dfte Destillerie im Besitz des schottischen Whiskyherstellers Distell Group Limited, der auch die Bunnahabhain Distillery auf der Islay und die Tobermory Distillery auf der Isle of Mull besitzt.<br \/>\nDie Deanston Distillery wurde 1785 als Baumwollspinnerei von Sir Richard Arkwright gegr\u00fcndet und blieb 180 Jahre lang als solche bestehen, ehe sie 1964 in eine Destillerie umgewandelt wurde. Die Produktion begann allerdings erst 1969 und dauerte nur 3 Jahre bevor das Unternehmen vom Private-Label-Spezialisten Invergordon gekauft wurde. Nach der Schlie\u00dfung von 1982 kaufte es schlie\u00dflich Burn Stewart 1990 f\u00fcr 2,1 Millionen Pfund. J\u00e4hrliches Produktionsvolumen: ca. 3 Mio. Liter.<\/p>\n<p><strong>Fun Fakt:\u00a0 <\/strong>Es gibt viele Destillerien in Schottland, die als M\u00fchlen begannen&#8230; so auch Deanston. Das Besondere daran war aber die riesige Gr\u00f6\u00dfe der Spinnerei. Die Anlage wurde 1785 am Ufer des schnell flie\u00dfenden Flusses Teith von Richard Arkwright erbaut und hatte wohl das gr\u00f6\u00dfte Wasserrad Europas. Heutzutage kann Deanston f\u00fcr sich in Anspruch nehmen, eine der gr\u00fcnsten Destillerien Schottlands zu sein. Der gesamte Strom wird von einem Turbinenhaus erzeugt, das 20 Millionen Liter Wasser pro Stunde verarbeitet. Der \u00fcbersch\u00fcssige Strom wird dann an das nationale Stromnetz verkauft.<\/p>\n<p><strong>Whisky\/Whiskey: Chieftain&rsquo;s Deanston 2000 (Ian Macleod)<br \/>\n<\/strong><\/p>\n<p>Dieser DEANSTON 2000 18 Jahre \u00ab\u00a0Red Wine Finish Chieftain\u2019s\u00a0\u00bb wurde im Juni 2000 destilliert und reifte im Einzelfass #92701, bevor er f\u00fcr kurze Zeit in einem Rotweinfass ausgebaut wurde. Er wurde 18 Jahre sp\u00e4ter im Mai 2019 mit einem Ertrag von nur 208 Flaschen abgef\u00fcllt.<br \/>\nSidenote zum Abf\u00fcller: Ian Macleod? Bitte wer? M\u00f6gen viele denken&#8230; Dabei ist die Wahrscheinlichkeit hoch, schon einmal einen Whisky aus diesem Hause getrunken zu haben. 1933 von dem Whiskyh\u00e4ndler Leonard J. Russell gegr\u00fcndet und auch heute noch im Besitz der Familie, geh\u00f6rt Ian Macleod Distillers zu den wichtigsten und vielseitigsten Unternehmen der Whiskybranche. Ob Malt Whiskys aus eigener Destillerie (Tamdhu und Glengoyne), unabh\u00e4ngige Abf\u00fcllungen andere Single Malts, Vatted Malts oder unterschiedlichste Blended Scotch Whiskies: Das alles gibt es von Ian Macleod.<\/p>\n<p><strong>Info Qualit\u00e4t der Flasche:<\/strong> Exzellent &#8211; ohne Besch\u00e4digungen \/ <strong>F\u00fcllstand: <\/strong>Into neck<br \/>\n<strong>Info Qualit\u00e4t der Box:\u00a0<\/strong>Exzellent &#8211; ohne Besch\u00e4digungen<\/p>\n<p><strong>Wichtiger Hinweis:<\/strong> Die Bewertung der Flaschen und Boxen erfolgt nach \u201ebesten Wissen und Gewissen\u201c. dramfolks kann keine Gew\u00e4hrleistung f\u00fcr den Inhalt der Flaschen \u00fcbernehmen. Weitere Infos &amp; Hinweise finden Sie in unseren AGBs. Wir empfehlen Ihnen, vor der Abgabe von Geboten \u00fcber die Zoomfunktion eine Besichtigung \/ genaue Pr\u00fcfung des angebotenen Whiskys vorzunehmen. Bitte kontaktieren sie uns bei Fragen direkt unter info@dramfolks.com<\/p>\n","protected":false},"excerpt":{"rendered":"<p>Destille: Deanston Die Deanston Distillery ist eine Single Malt Scotch Whiskybrennerei am Ufer des Flusses Teith, acht Meilen von der historischen Stadt Stirling entfernt und am Tor zum Loch Lomond &amp; Trossachs National Park. Es ist die gr\u00f6\u00dfte Destillerie im Besitz des schottischen Whiskyherstellers Distell Group Limited, der auch die Bunnahabhain Distillery auf der Islay[&#8230;]\n","protected":false},"featured_media":2068,"comment_status":"closed","ping_status":"closed","template":"","meta":[],"product_brand":[],"product_cat":[369],"product_tag":[],"class_list":{"0":"post-2407","1":"product","2":"type-product","3":"status-publish","4":"has-post-thumbnail","6":"product_cat-no-4","8":"first","9":"instock","10":"shipping-taxable","11":"purchasable","12":"product-type-auction"},"yoast_head":"<!-- This site is optimized with the Yoast SEO plugin v27.4 - https:\/\/yoast.com\/product\/yoast-seo-wordpress\/ -->\n<title>Deanston - Chieftain&#039;s Deanston 2000 (Ian Macleod) - Dramfolks Whisky Auction<\/title>\n<meta name=\"robots\" content=\"index, follow, max-snippet:-1, max-image-preview:large, max-video-preview:-1\" \/>\n<link rel=\"canonical\" href=\"https:\/\/www.dramfolks-whisky-auction.com\/fr\/product\/deanston-chieftains-deanston-2000-ian-macleod-2\/\" \/>\n<meta property=\"og:locale\" content=\"fr_FR\" \/>\n<meta property=\"og:type\" content=\"article\" \/>\n<meta property=\"og:title\" content=\"Deanston - Chieftain&#039;s Deanston 2000 (Ian Macleod) - Dramfolks Whisky Auction\" \/>\n<meta property=\"og:description\" content=\"Destille: Deanston Die Deanston Distillery ist eine Single Malt Scotch Whiskybrennerei am Ufer des Flusses Teith, acht Meilen von der historischen Stadt Stirling entfernt und am Tor zum Loch Lomond &amp; Trossachs National Park. Es ist die gr\u00f6\u00dfte Destillerie im Besitz des schottischen Whiskyherstellers Distell Group Limited, der auch die Bunnahabhain Distillery auf der Islay[...]\" \/>\n<meta property=\"og:url\" content=\"https:\/\/www.dramfolks-whisky-auction.com\/fr\/product\/deanston-chieftains-deanston-2000-ian-macleod-2\/\" \/>\n<meta property=\"og:site_name\" content=\"Dramfolks Whisky Auction\" \/>\n<meta property=\"article:modified_time\" content=\"2023-05-28T18:45:31+00:00\" \/>\n<meta property=\"og:image\" content=\"https:\/\/www.dramfolks-whisky-auction.com\/wp-content\/uploads\/2023\/03\/chieftains-vorne.jpg\" \/>\n\t<meta property=\"og:image:width\" content=\"1756\" \/>\n\t<meta property=\"og:image:height\" content=\"1756\" \/>\n\t<meta property=\"og:image:type\" content=\"image\/jpeg\" \/>\n<meta name=\"twitter:card\" content=\"summary_large_image\" \/>\n<meta name=\"twitter:label1\" content=\"Dur\u00e9e de lecture estim\u00e9e\" \/>\n\t<meta name=\"twitter:data1\" content=\"3 minutes\" \/>\n<script type=\"application\/ld+json\" class=\"yoast-schema-graph\">{\"@context\":\"https:\\\/\\\/schema.org\",\"@graph\":[{\"@type\":\"WebPage\",\"@id\":\"https:\\\/\\\/www.dramfolks-whisky-auction.com\\\/fr\\\/product\\\/deanston-chieftains-deanston-2000-ian-macleod-2\\\/\",\"url\":\"https:\\\/\\\/www.dramfolks-whisky-auction.com\\\/fr\\\/product\\\/deanston-chieftains-deanston-2000-ian-macleod-2\\\/\",\"name\":\"Deanston - Chieftain's Deanston 2000 (Ian Macleod) - Dramfolks Whisky Auction\",\"isPartOf\":{\"@id\":\"https:\\\/\\\/www.dramfolks-whisky-auction.com\\\/fr\\\/#website\"},\"primaryImageOfPage\":{\"@id\":\"https:\\\/\\\/www.dramfolks-whisky-auction.com\\\/fr\\\/product\\\/deanston-chieftains-deanston-2000-ian-macleod-2\\\/#primaryimage\"},\"image\":{\"@id\":\"https:\\\/\\\/www.dramfolks-whisky-auction.com\\\/fr\\\/product\\\/deanston-chieftains-deanston-2000-ian-macleod-2\\\/#primaryimage\"},\"thumbnailUrl\":\"https:\\\/\\\/www.dramfolks-whisky-auction.com\\\/wp-content\\\/uploads\\\/2023\\\/03\\\/chieftains-vorne.jpg\",\"datePublished\":\"2023-05-13T07:12:11+00:00\",\"dateModified\":\"2023-05-28T18:45:31+00:00\",\"breadcrumb\":{\"@id\":\"https:\\\/\\\/www.dramfolks-whisky-auction.com\\\/fr\\\/product\\\/deanston-chieftains-deanston-2000-ian-macleod-2\\\/#breadcrumb\"},\"inLanguage\":\"fr-FR\",\"potentialAction\":[{\"@type\":\"ReadAction\",\"target\":[\"https:\\\/\\\/www.dramfolks-whisky-auction.com\\\/fr\\\/product\\\/deanston-chieftains-deanston-2000-ian-macleod-2\\\/\"]}]},{\"@type\":\"ImageObject\",\"inLanguage\":\"fr-FR\",\"@id\":\"https:\\\/\\\/www.dramfolks-whisky-auction.com\\\/fr\\\/product\\\/deanston-chieftains-deanston-2000-ian-macleod-2\\\/#primaryimage\",\"url\":\"https:\\\/\\\/www.dramfolks-whisky-auction.com\\\/wp-content\\\/uploads\\\/2023\\\/03\\\/chieftains-vorne.jpg\",\"contentUrl\":\"https:\\\/\\\/www.dramfolks-whisky-auction.com\\\/wp-content\\\/uploads\\\/2023\\\/03\\\/chieftains-vorne.jpg\",\"width\":1756,\"height\":1756},{\"@type\":\"BreadcrumbList\",\"@id\":\"https:\\\/\\\/www.dramfolks-whisky-auction.com\\\/fr\\\/product\\\/deanston-chieftains-deanston-2000-ian-macleod-2\\\/#breadcrumb\",\"itemListElement\":[{\"@type\":\"ListItem\",\"position\":1,\"name\":\"Startseite\",\"item\":\"https:\\\/\\\/www.dramfolks-whisky-auction.com\\\/fr\\\/\"},{\"@type\":\"ListItem\",\"position\":2,\"name\":\"Boutique\",\"item\":\"https:\\\/\\\/www.dramfolks-whisky-auction.com\\\/fr\\\/boutique\\\/\"},{\"@type\":\"ListItem\",\"position\":3,\"name\":\"Deanston &#8211; Chieftain&#8217;s Deanston 2000 (Ian Macleod)\"}]},{\"@type\":\"WebSite\",\"@id\":\"https:\\\/\\\/www.dramfolks-whisky-auction.com\\\/fr\\\/#website\",\"url\":\"https:\\\/\\\/www.dramfolks-whisky-auction.com\\\/fr\\\/\",\"name\":\"Dramfolks Whisky Auction\",\"description\":\"\",\"potentialAction\":[{\"@type\":\"SearchAction\",\"target\":{\"@type\":\"EntryPoint\",\"urlTemplate\":\"https:\\\/\\\/www.dramfolks-whisky-auction.com\\\/fr\\\/?s={search_term_string}\"},\"query-input\":{\"@type\":\"PropertyValueSpecification\",\"valueRequired\":true,\"valueName\":\"search_term_string\"}}],\"inLanguage\":\"fr-FR\"}]}<\/script>\n<!-- \/ Yoast SEO plugin. -->","yoast_head_json":{"title":"Deanston - Chieftain's Deanston 2000 (Ian Macleod) - Dramfolks Whisky Auction","robots":{"index":"index","follow":"follow","max-snippet":"max-snippet:-1","max-image-preview":"max-image-preview:large","max-video-preview":"max-video-preview:-1"},"canonical":"https:\/\/www.dramfolks-whisky-auction.com\/fr\/product\/deanston-chieftains-deanston-2000-ian-macleod-2\/","og_locale":"fr_FR","og_type":"article","og_title":"Deanston - Chieftain's Deanston 2000 (Ian Macleod) - Dramfolks Whisky Auction","og_description":"Destille: Deanston Die Deanston Distillery ist eine Single Malt Scotch Whiskybrennerei am Ufer des Flusses Teith, acht Meilen von der historischen Stadt Stirling entfernt und am Tor zum Loch Lomond &amp; Trossachs National Park. Es ist die gr\u00f6\u00dfte Destillerie im Besitz des schottischen Whiskyherstellers Distell Group Limited, der auch die Bunnahabhain Distillery auf der Islay[...]","og_url":"https:\/\/www.dramfolks-whisky-auction.com\/fr\/product\/deanston-chieftains-deanston-2000-ian-macleod-2\/","og_site_name":"Dramfolks Whisky Auction","article_modified_time":"2023-05-28T18:45:31+00:00","og_image":[{"width":1756,"height":1756,"url":"https:\/\/www.dramfolks-whisky-auction.com\/wp-content\/uploads\/2023\/03\/chieftains-vorne.jpg","type":"image\/jpeg"}],"twitter_card":"summary_large_image","twitter_misc":{"Dur\u00e9e de lecture estim\u00e9e":"3 minutes"},"schema":{"@context":"https:\/\/schema.org","@graph":[{"@type":"WebPage","@id":"https:\/\/www.dramfolks-whisky-auction.com\/fr\/product\/deanston-chieftains-deanston-2000-ian-macleod-2\/","url":"https:\/\/www.dramfolks-whisky-auction.com\/fr\/product\/deanston-chieftains-deanston-2000-ian-macleod-2\/","name":"Deanston - Chieftain's Deanston 2000 (Ian Macleod) - Dramfolks Whisky Auction","isPartOf":{"@id":"https:\/\/www.dramfolks-whisky-auction.com\/fr\/#website"},"primaryImageOfPage":{"@id":"https:\/\/www.dramfolks-whisky-auction.com\/fr\/product\/deanston-chieftains-deanston-2000-ian-macleod-2\/#primaryimage"},"image":{"@id":"https:\/\/www.dramfolks-whisky-auction.com\/fr\/product\/deanston-chieftains-deanston-2000-ian-macleod-2\/#primaryimage"},"thumbnailUrl":"https:\/\/www.dramfolks-whisky-auction.com\/wp-content\/uploads\/2023\/03\/chieftains-vorne.jpg","datePublished":"2023-05-13T07:12:11+00:00","dateModified":"2023-05-28T18:45:31+00:00","breadcrumb":{"@id":"https:\/\/www.dramfolks-whisky-auction.com\/fr\/product\/deanston-chieftains-deanston-2000-ian-macleod-2\/#breadcrumb"},"inLanguage":"fr-FR","potentialAction":[{"@type":"ReadAction","target":["https:\/\/www.dramfolks-whisky-auction.com\/fr\/product\/deanston-chieftains-deanston-2000-ian-macleod-2\/"]}]},{"@type":"ImageObject","inLanguage":"fr-FR","@id":"https:\/\/www.dramfolks-whisky-auction.com\/fr\/product\/deanston-chieftains-deanston-2000-ian-macleod-2\/#primaryimage","url":"https:\/\/www.dramfolks-whisky-auction.com\/wp-content\/uploads\/2023\/03\/chieftains-vorne.jpg","contentUrl":"https:\/\/www.dramfolks-whisky-auction.com\/wp-content\/uploads\/2023\/03\/chieftains-vorne.jpg","width":1756,"height":1756},{"@type":"BreadcrumbList","@id":"https:\/\/www.dramfolks-whisky-auction.com\/fr\/product\/deanston-chieftains-deanston-2000-ian-macleod-2\/#breadcrumb","itemListElement":[{"@type":"ListItem","position":1,"name":"Startseite","item":"https:\/\/www.dramfolks-whisky-auction.com\/fr\/"},{"@type":"ListItem","position":2,"name":"Boutique","item":"https:\/\/www.dramfolks-whisky-auction.com\/fr\/boutique\/"},{"@type":"ListItem","position":3,"name":"Deanston &#8211; Chieftain&#8217;s Deanston 2000 (Ian Macleod)"}]},{"@type":"WebSite","@id":"https:\/\/www.dramfolks-whisky-auction.com\/fr\/#website","url":"https:\/\/www.dramfolks-whisky-auction.com\/fr\/","name":"Dramfolks Whisky Auction","description":"","potentialAction":[{"@type":"SearchAction","target":{"@type":"EntryPoint","urlTemplate":"https:\/\/www.dramfolks-whisky-auction.com\/fr\/?s={search_term_string}"},"query-input":{"@type":"PropertyValueSpecification","valueRequired":true,"valueName":"search_term_string"}}],"inLanguage":"fr-FR"}]}},"_links":{"self":[{"href":"https:\/\/www.dramfolks-whisky-auction.com\/fr\/wp-json\/wp\/v2\/product\/2407","targetHints":{"allow":["GET"]}}],"collection":[{"href":"https:\/\/www.dramfolks-whisky-auction.com\/fr\/wp-json\/wp\/v2\/product"}],"about":[{"href":"https:\/\/www.dramfolks-whisky-auction.com\/fr\/wp-json\/wp\/v2\/types\/product"}],"replies":[{"embeddable":true,"href":"https:\/\/www.dramfolks-whisky-auction.com\/fr\/wp-json\/wp\/v2\/comments?post=2407"}],"wp:featuredmedia":[{"embeddable":true,"href":"https:\/\/www.dramfolks-whisky-auction.com\/fr\/wp-json\/wp\/v2\/media\/2068"}],"wp:attachment":[{"href":"https:\/\/www.dramfolks-whisky-auction.com\/fr\/wp-json\/wp\/v2\/media?parent=2407"}],"wp:term":[{"taxonomy":"product_brand","embeddable":true,"href":"https:\/\/www.dramfolks-whisky-auction.com\/fr\/wp-json\/wp\/v2\/product_brand?post=2407"},{"taxonomy":"product_cat","embeddable":true,"href":"https:\/\/www.dramfolks-whisky-auction.com\/fr\/wp-json\/wp\/v2\/product_cat?post=2407"},{"taxonomy":"product_tag","embeddable":true,"href":"https:\/\/www.dramfolks-whisky-auction.com\/fr\/wp-json\/wp\/v2\/product_tag?post=2407"}],"curies":[{"name":"wp","href":"https:\/\/api.w.org\/{rel}","templated":true}]}}