{"id":2249,"date":"2023-04-05T14:24:46","date_gmt":"2023-04-05T12:24:46","guid":{"rendered":"https:\/\/www.dramfolks-whisky-auction.com\/?post_type=product&#038;p=2249"},"modified":"2023-04-30T10:06:07","modified_gmt":"2023-04-30T08:06:07","slug":"jura-rum-cask-finish","status":"publish","type":"product","link":"https:\/\/www.dramfolks-whisky-auction.com\/fr\/product\/jura-rum-cask-finish\/","title":{"rendered":"Jura &#8211; Rum Cask Finish"},"content":{"rendered":"<p><strong>Destille: Jura<br \/>\n<\/strong><\/p>\n<p>Die Jura Distillery ist eine schottische Whiskybrennerei auf der Insel Jura in den Inneren Hebriden vor der Westk\u00fcste Schottlands. Die Destillerie wird von Whyte &amp; Mackay betrieben, die sich im Besitz von Alliance Global mit Sitz in den Philippinen befindet. Die Destillerie wurde 1810 vom Laird of Jura, Archibald Campbell, gegr\u00fcndet. Die Brennerei verfiel zunehmend und wurde dann 1884 restauriert. Um 1900 wurde sie wieder stillgelegt und demontiert. In den 1950er Jahren lie\u00dfen zwei lokale Gutsbesitzer, Robin Fletcher und Tony Riley-Smith, die die lokale Wirtschaft wiederbeleben wollten, die Destillerie von den Architekten Lothian, Barclay, Jarvis &amp; Boys mit Unterst\u00fctzung des Whisky- und Destillerie-Experten William Delm\u00e9-Evans umbauen und erweitern. Die Arbeiten wurden 1963 abgeschlossen und beinhalteten die Installation von h\u00f6heren Brennblasen. J\u00e4hrliches Produktionsvolumen: ca. 2,5 Mio. Liter.<\/p>\n<p><strong>Fun Fakt:\u00a0<\/strong>Obwohl die gro\u00dfe s\u00fcdliche Hebrideninsel Jura schon immer d\u00fcnn besiedelt war, hat sie ein faszinierendes Destillationserbe. Im 18. Jahrhundert wurde berichtet, dass die Inselbewohner Schnaps aus Vogelbeeren herstellten, sowie die bitteren Fr\u00fcchte verwendeten, um ihren Whisky-Punsch zu s\u00e4uern. Illegale Destillationen fanden statt, aber es gab nur einen legalen Ort in der einzigen Siedlung der Insel, Craighouse, wo 1810 die Destillation von Whisky durch den Besitzer der Insel, Archibald Campbell, lizenziert wurde. Jura was born&#8230;<\/p>\n<p><strong>Whisky\/Whiskey: Jura Rum Cask Finish<br \/>\n<\/strong><\/p>\n<p>Jura Rum Cask Finish ist die dritte Ver\u00f6ffentlichung in einer neuen Fass-Finish-Serie von der Insel Brennerei. Ein No-Age-Statement-Whisky, der zun\u00e4chst in amerikanischer Wei\u00dfeiche und Ex Bourbon-F\u00e4ssern reifte, um dann in handverlesenen karibischen Rum-F\u00e4ssern veredelt zu werden. Heraus kam ein \u00ab\u00a0glatter, cremiger und fruchtiger Whisky\u00a0\u00bb. Gregg Glass, Whisky Maker &amp; Blender bei Whyte &amp; Mackay, der Muttergesellschaft der Destillerie Isle of Jura kommentierte: \u00ab\u00a0Unsere Jura Cask Editions wurden geschaffen, um das Zusammenspiel der einzelnen Fasstypen mit dem Jura-Destillerie-Charakter zu pr\u00e4sentieren. Die Aromen bieten interessante Interpretationen unseres klassischen Stils. Das macht sie ideal f\u00fcr diejenigen, die neue Geschmacksrichtungen und Abg\u00e4nge entdecken wollen. Beim Jura Rum Cask Finish werden wundersch\u00f6ne, tropische und fruchtige Ergebnisse sp\u00fcrbar. Bei der Herstellung dieser Ausgabe wollten wir einen Single Malt erschaffen, der leicht zu trinken ist und gro\u00dfartig, mit \u00fcberzeugendem Charakter daherkommt!\u00a0\u00bb<\/p>\n<p><strong>Info Qualit\u00e4t der Flasche:<\/strong> Exzellent &#8211; ohne Besch\u00e4digungen \/ <strong>F\u00fcllstand:<\/strong> Into neck<br \/>\n<strong>Info Qualit\u00e4t der Box:\u00a0<\/strong>Exzellent &#8211; ohne Besch\u00e4digungen<\/p>\n<p><strong>Wichtiger Hinweis:<\/strong> Die Bewertung der Flaschen und Boxen erfolgt nach \u201ebesten Wissen und Gewissen\u201c. dramfolks kann keine Gew\u00e4hrleistung f\u00fcr den Inhalt der Flaschen \u00fcbernehmen. Weitere Infos &amp; Hinweise finden Sie in unseren AGBs. Wir empfehlen Ihnen, vor der Abgabe von Geboten \u00fcber die Zoomfunktion eine Besichtigung \/ genaue Pr\u00fcfung des angebotenen Whiskys vorzunehmen. Bitte kontaktieren sie uns bei Fragen direkt unter info@dramfolks.com<\/p>\n","protected":false},"excerpt":{"rendered":"<p>Destille: Jura Die Jura Distillery ist eine schottische Whiskybrennerei auf der Insel Jura in den Inneren Hebriden vor der Westk\u00fcste Schottlands. Die Destillerie wird von Whyte &amp; Mackay betrieben, die sich im Besitz von Alliance Global mit Sitz in den Philippinen befindet. Die Destillerie wurde 1810 vom Laird of Jura, Archibald Campbell, gegr\u00fcndet. Die Brennerei[&#8230;]\n","protected":false},"featured_media":2259,"comment_status":"closed","ping_status":"closed","template":"","meta":[],"product_brand":[],"product_cat":[234],"product_tag":[],"class_list":{"0":"post-2249","1":"product","2":"type-product","3":"status-publish","4":"has-post-thumbnail","6":"product_cat-no-3","8":"first","9":"instock","10":"shipping-taxable","11":"purchasable","12":"product-type-auction"},"yoast_head":"<!-- This site is optimized with the Yoast SEO plugin v27.4 - https:\/\/yoast.com\/product\/yoast-seo-wordpress\/ -->\n<title>Jura - Rum Cask Finish - Dramfolks Whisky Auction<\/title>\n<meta name=\"robots\" content=\"index, follow, max-snippet:-1, max-image-preview:large, max-video-preview:-1\" \/>\n<link rel=\"canonical\" href=\"https:\/\/www.dramfolks-whisky-auction.com\/fr\/product\/jura-rum-cask-finish\/\" \/>\n<meta property=\"og:locale\" content=\"fr_FR\" \/>\n<meta property=\"og:type\" content=\"article\" \/>\n<meta property=\"og:title\" content=\"Jura - Rum Cask Finish - Dramfolks Whisky Auction\" \/>\n<meta property=\"og:description\" content=\"Destille: Jura Die Jura Distillery ist eine schottische Whiskybrennerei auf der Insel Jura in den Inneren Hebriden vor der Westk\u00fcste Schottlands. Die Destillerie wird von Whyte &amp; Mackay betrieben, die sich im Besitz von Alliance Global mit Sitz in den Philippinen befindet. Die Destillerie wurde 1810 vom Laird of Jura, Archibald Campbell, gegr\u00fcndet. Die Brennerei[...]\" \/>\n<meta property=\"og:url\" content=\"https:\/\/www.dramfolks-whisky-auction.com\/fr\/product\/jura-rum-cask-finish\/\" \/>\n<meta property=\"og:site_name\" content=\"Dramfolks Whisky Auction\" \/>\n<meta property=\"article:modified_time\" content=\"2023-04-30T08:06:07+00:00\" \/>\n<meta property=\"og:image\" content=\"https:\/\/www.dramfolks-whisky-auction.com\/wp-content\/uploads\/2023\/04\/jura-vorne.jpg\" \/>\n\t<meta property=\"og:image:width\" content=\"1602\" \/>\n\t<meta property=\"og:image:height\" content=\"1602\" \/>\n\t<meta property=\"og:image:type\" content=\"image\/jpeg\" \/>\n<meta name=\"twitter:card\" content=\"summary_large_image\" \/>\n<meta name=\"twitter:label1\" content=\"Dur\u00e9e de lecture estim\u00e9e\" \/>\n\t<meta name=\"twitter:data1\" content=\"3 minutes\" \/>\n<script type=\"application\/ld+json\" class=\"yoast-schema-graph\">{\"@context\":\"https:\\\/\\\/schema.org\",\"@graph\":[{\"@type\":\"WebPage\",\"@id\":\"https:\\\/\\\/www.dramfolks-whisky-auction.com\\\/fr\\\/product\\\/jura-rum-cask-finish\\\/\",\"url\":\"https:\\\/\\\/www.dramfolks-whisky-auction.com\\\/fr\\\/product\\\/jura-rum-cask-finish\\\/\",\"name\":\"Jura - Rum Cask Finish - Dramfolks Whisky Auction\",\"isPartOf\":{\"@id\":\"https:\\\/\\\/www.dramfolks-whisky-auction.com\\\/fr\\\/#website\"},\"primaryImageOfPage\":{\"@id\":\"https:\\\/\\\/www.dramfolks-whisky-auction.com\\\/fr\\\/product\\\/jura-rum-cask-finish\\\/#primaryimage\"},\"image\":{\"@id\":\"https:\\\/\\\/www.dramfolks-whisky-auction.com\\\/fr\\\/product\\\/jura-rum-cask-finish\\\/#primaryimage\"},\"thumbnailUrl\":\"https:\\\/\\\/www.dramfolks-whisky-auction.com\\\/wp-content\\\/uploads\\\/2023\\\/04\\\/jura-vorne.jpg\",\"datePublished\":\"2023-04-05T12:24:46+00:00\",\"dateModified\":\"2023-04-30T08:06:07+00:00\",\"breadcrumb\":{\"@id\":\"https:\\\/\\\/www.dramfolks-whisky-auction.com\\\/fr\\\/product\\\/jura-rum-cask-finish\\\/#breadcrumb\"},\"inLanguage\":\"fr-FR\",\"potentialAction\":[{\"@type\":\"ReadAction\",\"target\":[\"https:\\\/\\\/www.dramfolks-whisky-auction.com\\\/fr\\\/product\\\/jura-rum-cask-finish\\\/\"]}]},{\"@type\":\"ImageObject\",\"inLanguage\":\"fr-FR\",\"@id\":\"https:\\\/\\\/www.dramfolks-whisky-auction.com\\\/fr\\\/product\\\/jura-rum-cask-finish\\\/#primaryimage\",\"url\":\"https:\\\/\\\/www.dramfolks-whisky-auction.com\\\/wp-content\\\/uploads\\\/2023\\\/04\\\/jura-vorne.jpg\",\"contentUrl\":\"https:\\\/\\\/www.dramfolks-whisky-auction.com\\\/wp-content\\\/uploads\\\/2023\\\/04\\\/jura-vorne.jpg\",\"width\":1602,\"height\":1602},{\"@type\":\"BreadcrumbList\",\"@id\":\"https:\\\/\\\/www.dramfolks-whisky-auction.com\\\/fr\\\/product\\\/jura-rum-cask-finish\\\/#breadcrumb\",\"itemListElement\":[{\"@type\":\"ListItem\",\"position\":1,\"name\":\"Startseite\",\"item\":\"https:\\\/\\\/www.dramfolks-whisky-auction.com\\\/fr\\\/\"},{\"@type\":\"ListItem\",\"position\":2,\"name\":\"Boutique\",\"item\":\"https:\\\/\\\/www.dramfolks-whisky-auction.com\\\/fr\\\/boutique\\\/\"},{\"@type\":\"ListItem\",\"position\":3,\"name\":\"Jura &#8211; Rum Cask Finish\"}]},{\"@type\":\"WebSite\",\"@id\":\"https:\\\/\\\/www.dramfolks-whisky-auction.com\\\/fr\\\/#website\",\"url\":\"https:\\\/\\\/www.dramfolks-whisky-auction.com\\\/fr\\\/\",\"name\":\"Dramfolks Whisky Auction\",\"description\":\"\",\"potentialAction\":[{\"@type\":\"SearchAction\",\"target\":{\"@type\":\"EntryPoint\",\"urlTemplate\":\"https:\\\/\\\/www.dramfolks-whisky-auction.com\\\/fr\\\/?s={search_term_string}\"},\"query-input\":{\"@type\":\"PropertyValueSpecification\",\"valueRequired\":true,\"valueName\":\"search_term_string\"}}],\"inLanguage\":\"fr-FR\"}]}<\/script>\n<!-- \/ Yoast SEO plugin. -->","yoast_head_json":{"title":"Jura - Rum Cask Finish - Dramfolks Whisky Auction","robots":{"index":"index","follow":"follow","max-snippet":"max-snippet:-1","max-image-preview":"max-image-preview:large","max-video-preview":"max-video-preview:-1"},"canonical":"https:\/\/www.dramfolks-whisky-auction.com\/fr\/product\/jura-rum-cask-finish\/","og_locale":"fr_FR","og_type":"article","og_title":"Jura - Rum Cask Finish - Dramfolks Whisky Auction","og_description":"Destille: Jura Die Jura Distillery ist eine schottische Whiskybrennerei auf der Insel Jura in den Inneren Hebriden vor der Westk\u00fcste Schottlands. Die Destillerie wird von Whyte &amp; Mackay betrieben, die sich im Besitz von Alliance Global mit Sitz in den Philippinen befindet. Die Destillerie wurde 1810 vom Laird of Jura, Archibald Campbell, gegr\u00fcndet. Die Brennerei[...]","og_url":"https:\/\/www.dramfolks-whisky-auction.com\/fr\/product\/jura-rum-cask-finish\/","og_site_name":"Dramfolks Whisky Auction","article_modified_time":"2023-04-30T08:06:07+00:00","og_image":[{"width":1602,"height":1602,"url":"https:\/\/www.dramfolks-whisky-auction.com\/wp-content\/uploads\/2023\/04\/jura-vorne.jpg","type":"image\/jpeg"}],"twitter_card":"summary_large_image","twitter_misc":{"Dur\u00e9e de lecture estim\u00e9e":"3 minutes"},"schema":{"@context":"https:\/\/schema.org","@graph":[{"@type":"WebPage","@id":"https:\/\/www.dramfolks-whisky-auction.com\/fr\/product\/jura-rum-cask-finish\/","url":"https:\/\/www.dramfolks-whisky-auction.com\/fr\/product\/jura-rum-cask-finish\/","name":"Jura - Rum Cask Finish - Dramfolks Whisky Auction","isPartOf":{"@id":"https:\/\/www.dramfolks-whisky-auction.com\/fr\/#website"},"primaryImageOfPage":{"@id":"https:\/\/www.dramfolks-whisky-auction.com\/fr\/product\/jura-rum-cask-finish\/#primaryimage"},"image":{"@id":"https:\/\/www.dramfolks-whisky-auction.com\/fr\/product\/jura-rum-cask-finish\/#primaryimage"},"thumbnailUrl":"https:\/\/www.dramfolks-whisky-auction.com\/wp-content\/uploads\/2023\/04\/jura-vorne.jpg","datePublished":"2023-04-05T12:24:46+00:00","dateModified":"2023-04-30T08:06:07+00:00","breadcrumb":{"@id":"https:\/\/www.dramfolks-whisky-auction.com\/fr\/product\/jura-rum-cask-finish\/#breadcrumb"},"inLanguage":"fr-FR","potentialAction":[{"@type":"ReadAction","target":["https:\/\/www.dramfolks-whisky-auction.com\/fr\/product\/jura-rum-cask-finish\/"]}]},{"@type":"ImageObject","inLanguage":"fr-FR","@id":"https:\/\/www.dramfolks-whisky-auction.com\/fr\/product\/jura-rum-cask-finish\/#primaryimage","url":"https:\/\/www.dramfolks-whisky-auction.com\/wp-content\/uploads\/2023\/04\/jura-vorne.jpg","contentUrl":"https:\/\/www.dramfolks-whisky-auction.com\/wp-content\/uploads\/2023\/04\/jura-vorne.jpg","width":1602,"height":1602},{"@type":"BreadcrumbList","@id":"https:\/\/www.dramfolks-whisky-auction.com\/fr\/product\/jura-rum-cask-finish\/#breadcrumb","itemListElement":[{"@type":"ListItem","position":1,"name":"Startseite","item":"https:\/\/www.dramfolks-whisky-auction.com\/fr\/"},{"@type":"ListItem","position":2,"name":"Boutique","item":"https:\/\/www.dramfolks-whisky-auction.com\/fr\/boutique\/"},{"@type":"ListItem","position":3,"name":"Jura &#8211; Rum Cask Finish"}]},{"@type":"WebSite","@id":"https:\/\/www.dramfolks-whisky-auction.com\/fr\/#website","url":"https:\/\/www.dramfolks-whisky-auction.com\/fr\/","name":"Dramfolks Whisky Auction","description":"","potentialAction":[{"@type":"SearchAction","target":{"@type":"EntryPoint","urlTemplate":"https:\/\/www.dramfolks-whisky-auction.com\/fr\/?s={search_term_string}"},"query-input":{"@type":"PropertyValueSpecification","valueRequired":true,"valueName":"search_term_string"}}],"inLanguage":"fr-FR"}]}},"_links":{"self":[{"href":"https:\/\/www.dramfolks-whisky-auction.com\/fr\/wp-json\/wp\/v2\/product\/2249","targetHints":{"allow":["GET"]}}],"collection":[{"href":"https:\/\/www.dramfolks-whisky-auction.com\/fr\/wp-json\/wp\/v2\/product"}],"about":[{"href":"https:\/\/www.dramfolks-whisky-auction.com\/fr\/wp-json\/wp\/v2\/types\/product"}],"replies":[{"embeddable":true,"href":"https:\/\/www.dramfolks-whisky-auction.com\/fr\/wp-json\/wp\/v2\/comments?post=2249"}],"wp:featuredmedia":[{"embeddable":true,"href":"https:\/\/www.dramfolks-whisky-auction.com\/fr\/wp-json\/wp\/v2\/media\/2259"}],"wp:attachment":[{"href":"https:\/\/www.dramfolks-whisky-auction.com\/fr\/wp-json\/wp\/v2\/media?parent=2249"}],"wp:term":[{"taxonomy":"product_brand","embeddable":true,"href":"https:\/\/www.dramfolks-whisky-auction.com\/fr\/wp-json\/wp\/v2\/product_brand?post=2249"},{"taxonomy":"product_cat","embeddable":true,"href":"https:\/\/www.dramfolks-whisky-auction.com\/fr\/wp-json\/wp\/v2\/product_cat?post=2249"},{"taxonomy":"product_tag","embeddable":true,"href":"https:\/\/www.dramfolks-whisky-auction.com\/fr\/wp-json\/wp\/v2\/product_tag?post=2249"}],"curies":[{"name":"wp","href":"https:\/\/api.w.org\/{rel}","templated":true}]}}