{"id":2142,"date":"2023-04-03T20:12:19","date_gmt":"2023-04-03T18:12:19","guid":{"rendered":"https:\/\/www.dramfolks-whisky-auction.com\/?post_type=product&#038;p=2142"},"modified":"2023-05-30T16:16:49","modified_gmt":"2023-05-30T14:16:49","slug":"ninkasi-whisky-chardonnay-cask","status":"publish","type":"product","link":"https:\/\/www.dramfolks-whisky-auction.com\/fr\/product\/ninkasi-whisky-chardonnay-cask\/","title":{"rendered":"Ninkasi &#8211; Whisky Chardonnay Cask"},"content":{"rendered":"<p><strong>Destille: Ninkasi<br \/>\n<\/strong><\/p>\n<p>Die ber\u00fchmte Brauerei und Brennerei Ninkasi stellt mit Leidenschaft Single Malts her, die in Tarare (einige Kilometer von Lyon entfernt) gebraut, dann destilliert und gelagert werden. Jede Flasche ist das Ergebnis eines einzigartigen Know-hows rund um Gerstenmalz und der Reifung in Weinf\u00e4ssern, die aus den Terroirs ihrer Region stammen.<\/p>\n<p><strong>Fun fact 1:\u00a0<\/strong>Ninkasi ist die sumerische G\u00f6ttin des Bieres bzw. des Alkohols. Nach der Ninkasi-Hymne wurde sie \u201eaus dem sprudelnden Wasser\u201c geboren. Die Ninkasi-Hymne beschreibt in lyrischer Sprache den Brauvorgang.<\/p>\n<p><strong>Whisky\/Whiskey: Ninkasi Whisky Chardonnay Cask<br \/>\n<\/strong><\/p>\n<div class=\"std\">\n<p>Der Ninkasi Chardonnay Whisky ist das Flagschiff der Destillerie. Mit ihm beweisen die Franzosen, dass sie Genuss verstehen. Seine spannenden Aromen verdankt dieser Single Malt der Reifung im Chardonnay Weinfass. Der Hauptbestandteil des Whiskys ist gem\u00e4lzte Gerste. Bei dem Ninkasi handelt es sich um einen Whisky, der nicht rauchig ist. Der Whisky wurde mit \u00fcberzeugenden 46% Vol. auf Flaschen gezogen. Daher zeigen sich die Aromen auch in ihrer ganzen St\u00e4rke. Der Whisky bekennt Farbe, denn hier wurde nicht nachgeholfen \u2013 der edle Farbton kam ganz nat\u00fcrlich \u00fcber die Fassreifung. Ein weiteres Zeichen von Qualit\u00e4t &#8211; auf K\u00e4ltefiltration wurde verzichtet. Goldmedaillen-Gewinner 2021 Spirits Selection by <em>Concours Mondial de Bruxelles!<\/em><\/p>\n<\/div>\n<p><strong>Info Qualit\u00e4t der Flasche:<\/strong> Exzellent &#8211; ohne Besch\u00e4digungen \/ <strong>F\u00fcllstand:<\/strong> Into neck<br \/>\n<strong>Info Qualit\u00e4t der Box:<\/strong> Exzellent &#8211; ohne Besch\u00e4digungen<\/p>\n<p><strong>Wichtiger Hinweis:<\/strong> Die Bewertung der Flaschen und Boxen erfolgt nach \u201ebesten Wissen und Gewissen\u201c. dramfolks kann keine Gew\u00e4hrleistung f\u00fcr den Inhalt der Flaschen \u00fcbernehmen. Weitere Infos &amp; Hinweise finden Sie in unseren AGBs. Wir empfehlen Ihnen, vor der Abgabe von Geboten \u00fcber die Zoomfunktion eine Besichtigung \/ genaue Pr\u00fcfung des angebotenen Whiskys vorzunehmen. Bitte kontaktieren sie uns bei Fragen direkt unter info@dramfolks.com<\/p>\n","protected":false},"excerpt":{"rendered":"<p>Destille: Ninkasi Die ber\u00fchmte Brauerei und Brennerei Ninkasi stellt mit Leidenschaft Single Malts her, die in Tarare (einige Kilometer von Lyon entfernt) gebraut, dann destilliert und gelagert werden. Jede Flasche ist das Ergebnis eines einzigartigen Know-hows rund um Gerstenmalz und der Reifung in Weinf\u00e4ssern, die aus den Terroirs ihrer Region stammen. Fun fact 1:\u00a0Ninkasi ist[&#8230;]\n","protected":false},"featured_media":2208,"comment_status":"closed","ping_status":"closed","template":"","meta":[],"product_brand":[],"product_cat":[234],"product_tag":[],"class_list":{"0":"post-2142","1":"product","2":"type-product","3":"status-publish","4":"has-post-thumbnail","6":"product_cat-no-3","8":"first","9":"instock","10":"shipping-taxable","11":"purchasable","12":"product-type-auction"},"yoast_head":"<!-- This site is optimized with the Yoast SEO plugin v27.4 - https:\/\/yoast.com\/product\/yoast-seo-wordpress\/ -->\n<title>Ninkasi - Whisky Chardonnay Cask - Dramfolks Whisky Auction<\/title>\n<meta name=\"robots\" content=\"index, follow, max-snippet:-1, max-image-preview:large, max-video-preview:-1\" \/>\n<link rel=\"canonical\" href=\"https:\/\/www.dramfolks-whisky-auction.com\/fr\/product\/ninkasi-whisky-chardonnay-cask\/\" \/>\n<meta property=\"og:locale\" content=\"fr_FR\" \/>\n<meta property=\"og:type\" content=\"article\" \/>\n<meta property=\"og:title\" content=\"Ninkasi - Whisky Chardonnay Cask - Dramfolks Whisky Auction\" \/>\n<meta property=\"og:description\" content=\"Destille: Ninkasi Die ber\u00fchmte Brauerei und Brennerei Ninkasi stellt mit Leidenschaft Single Malts her, die in Tarare (einige Kilometer von Lyon entfernt) gebraut, dann destilliert und gelagert werden. Jede Flasche ist das Ergebnis eines einzigartigen Know-hows rund um Gerstenmalz und der Reifung in Weinf\u00e4ssern, die aus den Terroirs ihrer Region stammen. Fun fact 1:\u00a0Ninkasi ist[...]\" \/>\n<meta property=\"og:url\" content=\"https:\/\/www.dramfolks-whisky-auction.com\/fr\/product\/ninkasi-whisky-chardonnay-cask\/\" \/>\n<meta property=\"og:site_name\" content=\"Dramfolks Whisky Auction\" \/>\n<meta property=\"article:modified_time\" content=\"2023-05-30T14:16:49+00:00\" \/>\n<meta property=\"og:image\" content=\"https:\/\/www.dramfolks-whisky-auction.com\/wp-content\/uploads\/2023\/04\/ninkasa-vorne.jpg\" \/>\n\t<meta property=\"og:image:width\" content=\"1576\" \/>\n\t<meta property=\"og:image:height\" content=\"1576\" \/>\n\t<meta property=\"og:image:type\" content=\"image\/jpeg\" \/>\n<meta name=\"twitter:card\" content=\"summary_large_image\" \/>\n<meta name=\"twitter:label1\" content=\"Dur\u00e9e de lecture estim\u00e9e\" \/>\n\t<meta name=\"twitter:data1\" content=\"2 minutes\" \/>\n<script type=\"application\/ld+json\" class=\"yoast-schema-graph\">{\"@context\":\"https:\\\/\\\/schema.org\",\"@graph\":[{\"@type\":\"WebPage\",\"@id\":\"https:\\\/\\\/www.dramfolks-whisky-auction.com\\\/fr\\\/product\\\/ninkasi-whisky-chardonnay-cask\\\/\",\"url\":\"https:\\\/\\\/www.dramfolks-whisky-auction.com\\\/fr\\\/product\\\/ninkasi-whisky-chardonnay-cask\\\/\",\"name\":\"Ninkasi - Whisky Chardonnay Cask - Dramfolks Whisky Auction\",\"isPartOf\":{\"@id\":\"https:\\\/\\\/www.dramfolks-whisky-auction.com\\\/fr\\\/#website\"},\"primaryImageOfPage\":{\"@id\":\"https:\\\/\\\/www.dramfolks-whisky-auction.com\\\/fr\\\/product\\\/ninkasi-whisky-chardonnay-cask\\\/#primaryimage\"},\"image\":{\"@id\":\"https:\\\/\\\/www.dramfolks-whisky-auction.com\\\/fr\\\/product\\\/ninkasi-whisky-chardonnay-cask\\\/#primaryimage\"},\"thumbnailUrl\":\"https:\\\/\\\/www.dramfolks-whisky-auction.com\\\/wp-content\\\/uploads\\\/2023\\\/04\\\/ninkasa-vorne.jpg\",\"datePublished\":\"2023-04-03T18:12:19+00:00\",\"dateModified\":\"2023-05-30T14:16:49+00:00\",\"breadcrumb\":{\"@id\":\"https:\\\/\\\/www.dramfolks-whisky-auction.com\\\/fr\\\/product\\\/ninkasi-whisky-chardonnay-cask\\\/#breadcrumb\"},\"inLanguage\":\"fr-FR\",\"potentialAction\":[{\"@type\":\"ReadAction\",\"target\":[\"https:\\\/\\\/www.dramfolks-whisky-auction.com\\\/fr\\\/product\\\/ninkasi-whisky-chardonnay-cask\\\/\"]}]},{\"@type\":\"ImageObject\",\"inLanguage\":\"fr-FR\",\"@id\":\"https:\\\/\\\/www.dramfolks-whisky-auction.com\\\/fr\\\/product\\\/ninkasi-whisky-chardonnay-cask\\\/#primaryimage\",\"url\":\"https:\\\/\\\/www.dramfolks-whisky-auction.com\\\/wp-content\\\/uploads\\\/2023\\\/04\\\/ninkasa-vorne.jpg\",\"contentUrl\":\"https:\\\/\\\/www.dramfolks-whisky-auction.com\\\/wp-content\\\/uploads\\\/2023\\\/04\\\/ninkasa-vorne.jpg\",\"width\":1576,\"height\":1576},{\"@type\":\"BreadcrumbList\",\"@id\":\"https:\\\/\\\/www.dramfolks-whisky-auction.com\\\/fr\\\/product\\\/ninkasi-whisky-chardonnay-cask\\\/#breadcrumb\",\"itemListElement\":[{\"@type\":\"ListItem\",\"position\":1,\"name\":\"Startseite\",\"item\":\"https:\\\/\\\/www.dramfolks-whisky-auction.com\\\/fr\\\/\"},{\"@type\":\"ListItem\",\"position\":2,\"name\":\"Boutique\",\"item\":\"https:\\\/\\\/www.dramfolks-whisky-auction.com\\\/fr\\\/boutique\\\/\"},{\"@type\":\"ListItem\",\"position\":3,\"name\":\"Ninkasi &#8211; Whisky Chardonnay Cask\"}]},{\"@type\":\"WebSite\",\"@id\":\"https:\\\/\\\/www.dramfolks-whisky-auction.com\\\/fr\\\/#website\",\"url\":\"https:\\\/\\\/www.dramfolks-whisky-auction.com\\\/fr\\\/\",\"name\":\"Dramfolks Whisky Auction\",\"description\":\"\",\"potentialAction\":[{\"@type\":\"SearchAction\",\"target\":{\"@type\":\"EntryPoint\",\"urlTemplate\":\"https:\\\/\\\/www.dramfolks-whisky-auction.com\\\/fr\\\/?s={search_term_string}\"},\"query-input\":{\"@type\":\"PropertyValueSpecification\",\"valueRequired\":true,\"valueName\":\"search_term_string\"}}],\"inLanguage\":\"fr-FR\"}]}<\/script>\n<!-- \/ Yoast SEO plugin. -->","yoast_head_json":{"title":"Ninkasi - Whisky Chardonnay Cask - Dramfolks Whisky Auction","robots":{"index":"index","follow":"follow","max-snippet":"max-snippet:-1","max-image-preview":"max-image-preview:large","max-video-preview":"max-video-preview:-1"},"canonical":"https:\/\/www.dramfolks-whisky-auction.com\/fr\/product\/ninkasi-whisky-chardonnay-cask\/","og_locale":"fr_FR","og_type":"article","og_title":"Ninkasi - Whisky Chardonnay Cask - Dramfolks Whisky Auction","og_description":"Destille: Ninkasi Die ber\u00fchmte Brauerei und Brennerei Ninkasi stellt mit Leidenschaft Single Malts her, die in Tarare (einige Kilometer von Lyon entfernt) gebraut, dann destilliert und gelagert werden. Jede Flasche ist das Ergebnis eines einzigartigen Know-hows rund um Gerstenmalz und der Reifung in Weinf\u00e4ssern, die aus den Terroirs ihrer Region stammen. Fun fact 1:\u00a0Ninkasi ist[...]","og_url":"https:\/\/www.dramfolks-whisky-auction.com\/fr\/product\/ninkasi-whisky-chardonnay-cask\/","og_site_name":"Dramfolks Whisky Auction","article_modified_time":"2023-05-30T14:16:49+00:00","og_image":[{"width":1576,"height":1576,"url":"https:\/\/www.dramfolks-whisky-auction.com\/wp-content\/uploads\/2023\/04\/ninkasa-vorne.jpg","type":"image\/jpeg"}],"twitter_card":"summary_large_image","twitter_misc":{"Dur\u00e9e de lecture estim\u00e9e":"2 minutes"},"schema":{"@context":"https:\/\/schema.org","@graph":[{"@type":"WebPage","@id":"https:\/\/www.dramfolks-whisky-auction.com\/fr\/product\/ninkasi-whisky-chardonnay-cask\/","url":"https:\/\/www.dramfolks-whisky-auction.com\/fr\/product\/ninkasi-whisky-chardonnay-cask\/","name":"Ninkasi - Whisky Chardonnay Cask - Dramfolks Whisky Auction","isPartOf":{"@id":"https:\/\/www.dramfolks-whisky-auction.com\/fr\/#website"},"primaryImageOfPage":{"@id":"https:\/\/www.dramfolks-whisky-auction.com\/fr\/product\/ninkasi-whisky-chardonnay-cask\/#primaryimage"},"image":{"@id":"https:\/\/www.dramfolks-whisky-auction.com\/fr\/product\/ninkasi-whisky-chardonnay-cask\/#primaryimage"},"thumbnailUrl":"https:\/\/www.dramfolks-whisky-auction.com\/wp-content\/uploads\/2023\/04\/ninkasa-vorne.jpg","datePublished":"2023-04-03T18:12:19+00:00","dateModified":"2023-05-30T14:16:49+00:00","breadcrumb":{"@id":"https:\/\/www.dramfolks-whisky-auction.com\/fr\/product\/ninkasi-whisky-chardonnay-cask\/#breadcrumb"},"inLanguage":"fr-FR","potentialAction":[{"@type":"ReadAction","target":["https:\/\/www.dramfolks-whisky-auction.com\/fr\/product\/ninkasi-whisky-chardonnay-cask\/"]}]},{"@type":"ImageObject","inLanguage":"fr-FR","@id":"https:\/\/www.dramfolks-whisky-auction.com\/fr\/product\/ninkasi-whisky-chardonnay-cask\/#primaryimage","url":"https:\/\/www.dramfolks-whisky-auction.com\/wp-content\/uploads\/2023\/04\/ninkasa-vorne.jpg","contentUrl":"https:\/\/www.dramfolks-whisky-auction.com\/wp-content\/uploads\/2023\/04\/ninkasa-vorne.jpg","width":1576,"height":1576},{"@type":"BreadcrumbList","@id":"https:\/\/www.dramfolks-whisky-auction.com\/fr\/product\/ninkasi-whisky-chardonnay-cask\/#breadcrumb","itemListElement":[{"@type":"ListItem","position":1,"name":"Startseite","item":"https:\/\/www.dramfolks-whisky-auction.com\/fr\/"},{"@type":"ListItem","position":2,"name":"Boutique","item":"https:\/\/www.dramfolks-whisky-auction.com\/fr\/boutique\/"},{"@type":"ListItem","position":3,"name":"Ninkasi &#8211; Whisky Chardonnay Cask"}]},{"@type":"WebSite","@id":"https:\/\/www.dramfolks-whisky-auction.com\/fr\/#website","url":"https:\/\/www.dramfolks-whisky-auction.com\/fr\/","name":"Dramfolks Whisky Auction","description":"","potentialAction":[{"@type":"SearchAction","target":{"@type":"EntryPoint","urlTemplate":"https:\/\/www.dramfolks-whisky-auction.com\/fr\/?s={search_term_string}"},"query-input":{"@type":"PropertyValueSpecification","valueRequired":true,"valueName":"search_term_string"}}],"inLanguage":"fr-FR"}]}},"_links":{"self":[{"href":"https:\/\/www.dramfolks-whisky-auction.com\/fr\/wp-json\/wp\/v2\/product\/2142","targetHints":{"allow":["GET"]}}],"collection":[{"href":"https:\/\/www.dramfolks-whisky-auction.com\/fr\/wp-json\/wp\/v2\/product"}],"about":[{"href":"https:\/\/www.dramfolks-whisky-auction.com\/fr\/wp-json\/wp\/v2\/types\/product"}],"replies":[{"embeddable":true,"href":"https:\/\/www.dramfolks-whisky-auction.com\/fr\/wp-json\/wp\/v2\/comments?post=2142"}],"wp:featuredmedia":[{"embeddable":true,"href":"https:\/\/www.dramfolks-whisky-auction.com\/fr\/wp-json\/wp\/v2\/media\/2208"}],"wp:attachment":[{"href":"https:\/\/www.dramfolks-whisky-auction.com\/fr\/wp-json\/wp\/v2\/media?parent=2142"}],"wp:term":[{"taxonomy":"product_brand","embeddable":true,"href":"https:\/\/www.dramfolks-whisky-auction.com\/fr\/wp-json\/wp\/v2\/product_brand?post=2142"},{"taxonomy":"product_cat","embeddable":true,"href":"https:\/\/www.dramfolks-whisky-auction.com\/fr\/wp-json\/wp\/v2\/product_cat?post=2142"},{"taxonomy":"product_tag","embeddable":true,"href":"https:\/\/www.dramfolks-whisky-auction.com\/fr\/wp-json\/wp\/v2\/product_tag?post=2142"}],"curies":[{"name":"wp","href":"https:\/\/api.w.org\/{rel}","templated":true}]}}