{"id":2140,"date":"2023-04-03T18:42:08","date_gmt":"2023-04-03T16:42:08","guid":{"rendered":"https:\/\/www.dramfolks-whisky-auction.com\/?post_type=product&#038;p=2140"},"modified":"2023-06-30T21:55:58","modified_gmt":"2023-06-30T19:55:58","slug":"the-new-zealand-whisky-collection-high-wheeler-21-yo","status":"publish","type":"product","link":"https:\/\/www.dramfolks-whisky-auction.com\/fr\/product\/the-new-zealand-whisky-collection-high-wheeler-21-yo\/","title":{"rendered":"The New Zealand Whisky Collection &#8211; High Wheeler 21 yo"},"content":{"rendered":"<p><strong>Destille: The New Zealand Whisky Collection<\/strong><\/p>\n<p>1974 er\u00f6ffnete in Neuseeland mit Willowbank, auch \u00ab\u00a0The Wilson\u2019s Dunedin Distillery\u00a0\u00bb genannt, die s\u00fcdlichste Destille der Welt. Die Familie Baker produzierte dort Whiskys bis zur Schlie\u00dfung im Jahr 1997 die unter den Markennamen \u00ab\u00a0Milford\u00a0\u00bb und \u00ab\u00a0Lammerlaw\u00a0\u00bb vertrieben wurden. 2010 kaufte die \u00ab\u00a0The New Zealand Whisky Company\u00a0\u00bb die letzten 80.000 Liter Whisky die in insgesamt 443 F\u00e4ssern zuvor in einem Flugzeughangar reiften. Seitdem lagern die seltenen F\u00e4sser im Ort Oamaru, in Lagerh\u00e4usern nahe des Ozeans. Ab und an wird eine dieser seltenen Kostbarkeiten abgef\u00fcllt und mit dem Ziel vermarktet, in Zukunft eine neue Brennerei zu gr\u00fcnden.<\/p>\n<p><strong>Fun fact 1: <\/strong>Ab und an wird eine dieser seltenen Kostbarkeiten abgef\u00fcllt und mit dem Ziel vermarktet, in Zukunft eine neue Brennerei zu gr\u00fcnden. \u201c<em>We hope to start distilling again in the future and are looking forward to seeing the industry flourish around the country yet again<\/em>\u201d, sagen die neuseel\u00e4ndischen Brenner und Whisky-Enthusiasten.<\/p>\n<p><strong>Whisky\/Whiskey: High Wheeler 21 yo<\/strong><\/p>\n<div class=\"std\">\n<p>Der High Wheeler 21 Jahre von der New Zealand Whisky Company ist ein Masterblend, der aus 70% Single Malt und zu 30% aus Premium Grain Whisky aus ungem\u00e4lzter Gerste hergestellt wurde. Dieser Blended Whisky aus Neuseeland reifte f\u00fcr 21 Jahre in amerikanischen Eichenf\u00e4ssern und ist absolut einmalig. Angenehm fruchtig und s\u00fc\u00df.<\/p>\n<\/div>\n<p><strong>Info Qualit\u00e4t der Flasche:<\/strong> Exzellent &#8211; ohne Besch\u00e4digungen \/ <strong>F\u00fcllstand:<\/strong> Into neck<br \/>\n<strong>Info Qualit\u00e4t der Box:<\/strong> Exzellent &#8211; ohne Besch\u00e4digungen<\/p>\n<p><strong>Wichtiger Hinweis:<\/strong> Die Bewertung der Flaschen und Boxen erfolgt nach \u201ebesten Wissen und Gewissen\u201c. dramfolks kann keine Gew\u00e4hrleistung f\u00fcr den Inhalt der Flaschen \u00fcbernehmen. Weitere Infos &amp; Hinweise finden Sie in unseren AGBs. Wir empfehlen Ihnen, vor der Abgabe von Geboten \u00fcber die Zoomfunktion eine Besichtigung \/ genaue Pr\u00fcfung des angebotenen Whiskys vorzunehmen. Bitte kontaktieren sie uns bei Fragen direkt unter info@dramfolks.com<\/p>\n","protected":false},"excerpt":{"rendered":"<p>Destille: The New Zealand Whisky Collection 1974 er\u00f6ffnete in Neuseeland mit Willowbank, auch \u00ab\u00a0The Wilson\u2019s Dunedin Distillery\u00a0\u00bb genannt, die s\u00fcdlichste Destille der Welt. Die Familie Baker produzierte dort Whiskys bis zur Schlie\u00dfung im Jahr 1997 die unter den Markennamen \u00ab\u00a0Milford\u00a0\u00bb und \u00ab\u00a0Lammerlaw\u00a0\u00bb vertrieben wurden. 2010 kaufte die \u00ab\u00a0The New Zealand Whisky Company\u00a0\u00bb die letzten 80.000[&#8230;]\n","protected":false},"featured_media":2214,"comment_status":"closed","ping_status":"closed","template":"","meta":[],"product_brand":[],"product_cat":[234],"product_tag":[],"class_list":{"0":"post-2140","1":"product","2":"type-product","3":"status-publish","4":"has-post-thumbnail","6":"product_cat-no-3","8":"first","9":"instock","10":"shipping-taxable","11":"purchasable","12":"product-type-auction"},"yoast_head":"<!-- This site is optimized with the Yoast SEO plugin v27.4 - https:\/\/yoast.com\/product\/yoast-seo-wordpress\/ -->\n<title>The New Zealand Whisky Collection - High Wheeler 21 yo - Dramfolks Whisky Auction<\/title>\n<meta name=\"robots\" content=\"index, follow, max-snippet:-1, max-image-preview:large, max-video-preview:-1\" \/>\n<link rel=\"canonical\" href=\"https:\/\/www.dramfolks-whisky-auction.com\/fr\/product\/the-new-zealand-whisky-collection-high-wheeler-21-yo\/\" \/>\n<meta property=\"og:locale\" content=\"fr_FR\" \/>\n<meta property=\"og:type\" content=\"article\" \/>\n<meta property=\"og:title\" content=\"The New Zealand Whisky Collection - High Wheeler 21 yo - Dramfolks Whisky Auction\" \/>\n<meta property=\"og:description\" content=\"Destille: The New Zealand Whisky Collection 1974 er\u00f6ffnete in Neuseeland mit Willowbank, auch \u00ab\u00a0The Wilson\u2019s Dunedin Distillery\u00a0\u00bb genannt, die s\u00fcdlichste Destille der Welt. Die Familie Baker produzierte dort Whiskys bis zur Schlie\u00dfung im Jahr 1997 die unter den Markennamen \u00ab\u00a0Milford\u00a0\u00bb und \u00ab\u00a0Lammerlaw\u00a0\u00bb vertrieben wurden. 2010 kaufte die \u00ab\u00a0The New Zealand Whisky Company\u00a0\u00bb die letzten 80.000[...]\" \/>\n<meta property=\"og:url\" content=\"https:\/\/www.dramfolks-whisky-auction.com\/fr\/product\/the-new-zealand-whisky-collection-high-wheeler-21-yo\/\" \/>\n<meta property=\"og:site_name\" content=\"Dramfolks Whisky Auction\" \/>\n<meta property=\"article:modified_time\" content=\"2023-06-30T19:55:58+00:00\" \/>\n<meta property=\"og:image\" content=\"https:\/\/www.dramfolks-whisky-auction.com\/wp-content\/uploads\/2023\/04\/high-wheeler-vorne.jpg\" \/>\n\t<meta property=\"og:image:width\" content=\"1502\" \/>\n\t<meta property=\"og:image:height\" content=\"1502\" \/>\n\t<meta property=\"og:image:type\" content=\"image\/jpeg\" \/>\n<meta name=\"twitter:card\" content=\"summary_large_image\" \/>\n<meta name=\"twitter:label1\" content=\"Dur\u00e9e de lecture estim\u00e9e\" \/>\n\t<meta name=\"twitter:data1\" content=\"2 minutes\" \/>\n<script type=\"application\/ld+json\" class=\"yoast-schema-graph\">{\"@context\":\"https:\\\/\\\/schema.org\",\"@graph\":[{\"@type\":\"WebPage\",\"@id\":\"https:\\\/\\\/www.dramfolks-whisky-auction.com\\\/fr\\\/product\\\/the-new-zealand-whisky-collection-high-wheeler-21-yo\\\/\",\"url\":\"https:\\\/\\\/www.dramfolks-whisky-auction.com\\\/fr\\\/product\\\/the-new-zealand-whisky-collection-high-wheeler-21-yo\\\/\",\"name\":\"The New Zealand Whisky Collection - High Wheeler 21 yo - Dramfolks Whisky Auction\",\"isPartOf\":{\"@id\":\"https:\\\/\\\/www.dramfolks-whisky-auction.com\\\/fr\\\/#website\"},\"primaryImageOfPage\":{\"@id\":\"https:\\\/\\\/www.dramfolks-whisky-auction.com\\\/fr\\\/product\\\/the-new-zealand-whisky-collection-high-wheeler-21-yo\\\/#primaryimage\"},\"image\":{\"@id\":\"https:\\\/\\\/www.dramfolks-whisky-auction.com\\\/fr\\\/product\\\/the-new-zealand-whisky-collection-high-wheeler-21-yo\\\/#primaryimage\"},\"thumbnailUrl\":\"https:\\\/\\\/www.dramfolks-whisky-auction.com\\\/wp-content\\\/uploads\\\/2023\\\/04\\\/high-wheeler-vorne.jpg\",\"datePublished\":\"2023-04-03T16:42:08+00:00\",\"dateModified\":\"2023-06-30T19:55:58+00:00\",\"breadcrumb\":{\"@id\":\"https:\\\/\\\/www.dramfolks-whisky-auction.com\\\/fr\\\/product\\\/the-new-zealand-whisky-collection-high-wheeler-21-yo\\\/#breadcrumb\"},\"inLanguage\":\"fr-FR\",\"potentialAction\":[{\"@type\":\"ReadAction\",\"target\":[\"https:\\\/\\\/www.dramfolks-whisky-auction.com\\\/fr\\\/product\\\/the-new-zealand-whisky-collection-high-wheeler-21-yo\\\/\"]}]},{\"@type\":\"ImageObject\",\"inLanguage\":\"fr-FR\",\"@id\":\"https:\\\/\\\/www.dramfolks-whisky-auction.com\\\/fr\\\/product\\\/the-new-zealand-whisky-collection-high-wheeler-21-yo\\\/#primaryimage\",\"url\":\"https:\\\/\\\/www.dramfolks-whisky-auction.com\\\/wp-content\\\/uploads\\\/2023\\\/04\\\/high-wheeler-vorne.jpg\",\"contentUrl\":\"https:\\\/\\\/www.dramfolks-whisky-auction.com\\\/wp-content\\\/uploads\\\/2023\\\/04\\\/high-wheeler-vorne.jpg\",\"width\":1502,\"height\":1502},{\"@type\":\"BreadcrumbList\",\"@id\":\"https:\\\/\\\/www.dramfolks-whisky-auction.com\\\/fr\\\/product\\\/the-new-zealand-whisky-collection-high-wheeler-21-yo\\\/#breadcrumb\",\"itemListElement\":[{\"@type\":\"ListItem\",\"position\":1,\"name\":\"Startseite\",\"item\":\"https:\\\/\\\/www.dramfolks-whisky-auction.com\\\/fr\\\/\"},{\"@type\":\"ListItem\",\"position\":2,\"name\":\"Boutique\",\"item\":\"https:\\\/\\\/www.dramfolks-whisky-auction.com\\\/fr\\\/boutique\\\/\"},{\"@type\":\"ListItem\",\"position\":3,\"name\":\"The New Zealand Whisky Collection &#8211; High Wheeler 21 yo\"}]},{\"@type\":\"WebSite\",\"@id\":\"https:\\\/\\\/www.dramfolks-whisky-auction.com\\\/fr\\\/#website\",\"url\":\"https:\\\/\\\/www.dramfolks-whisky-auction.com\\\/fr\\\/\",\"name\":\"Dramfolks Whisky Auction\",\"description\":\"\",\"potentialAction\":[{\"@type\":\"SearchAction\",\"target\":{\"@type\":\"EntryPoint\",\"urlTemplate\":\"https:\\\/\\\/www.dramfolks-whisky-auction.com\\\/fr\\\/?s={search_term_string}\"},\"query-input\":{\"@type\":\"PropertyValueSpecification\",\"valueRequired\":true,\"valueName\":\"search_term_string\"}}],\"inLanguage\":\"fr-FR\"}]}<\/script>\n<!-- \/ Yoast SEO plugin. -->","yoast_head_json":{"title":"The New Zealand Whisky Collection - High Wheeler 21 yo - Dramfolks Whisky Auction","robots":{"index":"index","follow":"follow","max-snippet":"max-snippet:-1","max-image-preview":"max-image-preview:large","max-video-preview":"max-video-preview:-1"},"canonical":"https:\/\/www.dramfolks-whisky-auction.com\/fr\/product\/the-new-zealand-whisky-collection-high-wheeler-21-yo\/","og_locale":"fr_FR","og_type":"article","og_title":"The New Zealand Whisky Collection - High Wheeler 21 yo - Dramfolks Whisky Auction","og_description":"Destille: The New Zealand Whisky Collection 1974 er\u00f6ffnete in Neuseeland mit Willowbank, auch \u00ab\u00a0The Wilson\u2019s Dunedin Distillery\u00a0\u00bb genannt, die s\u00fcdlichste Destille der Welt. Die Familie Baker produzierte dort Whiskys bis zur Schlie\u00dfung im Jahr 1997 die unter den Markennamen \u00ab\u00a0Milford\u00a0\u00bb und \u00ab\u00a0Lammerlaw\u00a0\u00bb vertrieben wurden. 2010 kaufte die \u00ab\u00a0The New Zealand Whisky Company\u00a0\u00bb die letzten 80.000[...]","og_url":"https:\/\/www.dramfolks-whisky-auction.com\/fr\/product\/the-new-zealand-whisky-collection-high-wheeler-21-yo\/","og_site_name":"Dramfolks Whisky Auction","article_modified_time":"2023-06-30T19:55:58+00:00","og_image":[{"width":1502,"height":1502,"url":"https:\/\/www.dramfolks-whisky-auction.com\/wp-content\/uploads\/2023\/04\/high-wheeler-vorne.jpg","type":"image\/jpeg"}],"twitter_card":"summary_large_image","twitter_misc":{"Dur\u00e9e de lecture estim\u00e9e":"2 minutes"},"schema":{"@context":"https:\/\/schema.org","@graph":[{"@type":"WebPage","@id":"https:\/\/www.dramfolks-whisky-auction.com\/fr\/product\/the-new-zealand-whisky-collection-high-wheeler-21-yo\/","url":"https:\/\/www.dramfolks-whisky-auction.com\/fr\/product\/the-new-zealand-whisky-collection-high-wheeler-21-yo\/","name":"The New Zealand Whisky Collection - High Wheeler 21 yo - Dramfolks Whisky Auction","isPartOf":{"@id":"https:\/\/www.dramfolks-whisky-auction.com\/fr\/#website"},"primaryImageOfPage":{"@id":"https:\/\/www.dramfolks-whisky-auction.com\/fr\/product\/the-new-zealand-whisky-collection-high-wheeler-21-yo\/#primaryimage"},"image":{"@id":"https:\/\/www.dramfolks-whisky-auction.com\/fr\/product\/the-new-zealand-whisky-collection-high-wheeler-21-yo\/#primaryimage"},"thumbnailUrl":"https:\/\/www.dramfolks-whisky-auction.com\/wp-content\/uploads\/2023\/04\/high-wheeler-vorne.jpg","datePublished":"2023-04-03T16:42:08+00:00","dateModified":"2023-06-30T19:55:58+00:00","breadcrumb":{"@id":"https:\/\/www.dramfolks-whisky-auction.com\/fr\/product\/the-new-zealand-whisky-collection-high-wheeler-21-yo\/#breadcrumb"},"inLanguage":"fr-FR","potentialAction":[{"@type":"ReadAction","target":["https:\/\/www.dramfolks-whisky-auction.com\/fr\/product\/the-new-zealand-whisky-collection-high-wheeler-21-yo\/"]}]},{"@type":"ImageObject","inLanguage":"fr-FR","@id":"https:\/\/www.dramfolks-whisky-auction.com\/fr\/product\/the-new-zealand-whisky-collection-high-wheeler-21-yo\/#primaryimage","url":"https:\/\/www.dramfolks-whisky-auction.com\/wp-content\/uploads\/2023\/04\/high-wheeler-vorne.jpg","contentUrl":"https:\/\/www.dramfolks-whisky-auction.com\/wp-content\/uploads\/2023\/04\/high-wheeler-vorne.jpg","width":1502,"height":1502},{"@type":"BreadcrumbList","@id":"https:\/\/www.dramfolks-whisky-auction.com\/fr\/product\/the-new-zealand-whisky-collection-high-wheeler-21-yo\/#breadcrumb","itemListElement":[{"@type":"ListItem","position":1,"name":"Startseite","item":"https:\/\/www.dramfolks-whisky-auction.com\/fr\/"},{"@type":"ListItem","position":2,"name":"Boutique","item":"https:\/\/www.dramfolks-whisky-auction.com\/fr\/boutique\/"},{"@type":"ListItem","position":3,"name":"The New Zealand Whisky Collection &#8211; High Wheeler 21 yo"}]},{"@type":"WebSite","@id":"https:\/\/www.dramfolks-whisky-auction.com\/fr\/#website","url":"https:\/\/www.dramfolks-whisky-auction.com\/fr\/","name":"Dramfolks Whisky Auction","description":"","potentialAction":[{"@type":"SearchAction","target":{"@type":"EntryPoint","urlTemplate":"https:\/\/www.dramfolks-whisky-auction.com\/fr\/?s={search_term_string}"},"query-input":{"@type":"PropertyValueSpecification","valueRequired":true,"valueName":"search_term_string"}}],"inLanguage":"fr-FR"}]}},"_links":{"self":[{"href":"https:\/\/www.dramfolks-whisky-auction.com\/fr\/wp-json\/wp\/v2\/product\/2140","targetHints":{"allow":["GET"]}}],"collection":[{"href":"https:\/\/www.dramfolks-whisky-auction.com\/fr\/wp-json\/wp\/v2\/product"}],"about":[{"href":"https:\/\/www.dramfolks-whisky-auction.com\/fr\/wp-json\/wp\/v2\/types\/product"}],"replies":[{"embeddable":true,"href":"https:\/\/www.dramfolks-whisky-auction.com\/fr\/wp-json\/wp\/v2\/comments?post=2140"}],"wp:featuredmedia":[{"embeddable":true,"href":"https:\/\/www.dramfolks-whisky-auction.com\/fr\/wp-json\/wp\/v2\/media\/2214"}],"wp:attachment":[{"href":"https:\/\/www.dramfolks-whisky-auction.com\/fr\/wp-json\/wp\/v2\/media?parent=2140"}],"wp:term":[{"taxonomy":"product_brand","embeddable":true,"href":"https:\/\/www.dramfolks-whisky-auction.com\/fr\/wp-json\/wp\/v2\/product_brand?post=2140"},{"taxonomy":"product_cat","embeddable":true,"href":"https:\/\/www.dramfolks-whisky-auction.com\/fr\/wp-json\/wp\/v2\/product_cat?post=2140"},{"taxonomy":"product_tag","embeddable":true,"href":"https:\/\/www.dramfolks-whisky-auction.com\/fr\/wp-json\/wp\/v2\/product_tag?post=2140"}],"curies":[{"name":"wp","href":"https:\/\/api.w.org\/{rel}","templated":true}]}}