{"id":2062200,"date":"2025-02-15T10:02:42","date_gmt":"2025-02-15T09:02:42","guid":{"rendered":"https:\/\/www.dramfolks-whisky-auction.com\/?post_type=product&#038;p=2062200"},"modified":"2025-03-02T19:45:27","modified_gmt":"2025-03-02T18:45:27","slug":"tamnavulin-carn-mor-strictly-limited-2009-mswd","status":"publish","type":"product","link":"https:\/\/www.dramfolks-whisky-auction.com\/fr\/product\/tamnavulin-carn-mor-strictly-limited-2009-mswd\/","title":{"rendered":"Tamnavulin &#8211; C\u00e0rn M\u00f2r Strictly Limited 2009 (MSWD)"},"content":{"rendered":"<p><strong>Destille: Tamnavulin<br \/>\n<\/strong>Tamnavulin wurde nach dem Ort Tomnavoulin benannt. Dieser g\u00e4lische Name bedeutet \u00ab\u00a0M\u00fchle in den Bergen\u00a0\u00bb. Die Brennerei liegt am Allt a Choire, einem Nebenfluss des Livet. 1966 von der Tamnavulin-Glenlivet Distillery Company, einer Tochtergesellschaft der Invergordon Distillers Ltd., er\u00f6ffnet. Tamnavulin wurde zwischen Mai 1995 und Juli 2007 f\u00fcr 12 Jahre geschlossen. Die Brennerei hat eine gro\u00dfe Kapazit\u00e4t von 4 Millionen Litern pro Jahr, wobei der gr\u00f6\u00dfte Teil der Produkton f\u00fcr Blends vorgesehen sind.<\/p>\n<p><strong>Fun fact: <\/strong>Tamnavulin in der Speyside im Tal des River Livet gelegen ist also recht neu. 1966 von Invergordon erbaut, zweckdienlich mit 8 Stills und hochmodern, wurde sie wie die meisten Invergordonbrennereien nach deren Erwerb durch Jim Beam Brands 1995 eingemottet. Das waren nur 29 Jahre Betrieb! Ihr Pech war, da\u00df sie als Malt Lieferant f\u00fcr Blended Whisky gebaut wurde und mit dem Crash von 1983 gab es daf\u00fcr kaum noch Nachfrage. Eigentlich h\u00e4tte Tamnavulin sogar lange durchgehalten, w\u00e4re sie 1995 nicht an Jim Beam geraten\u2026.<\/p>\n<p><strong>Whisky\/Whiskey: C\u00e0rn M\u00f2r Strictly Limited 2009 (MSWD)<br \/>\n<\/strong>Die Serie \u201cStrictly Limited\u201d ist ein Herzst\u00fcck der Morrison Scotch Whisky Destillers . 1-6 F\u00e4sser aus einer Destille ergeben pro Abf\u00fcllung zwischen 500 und 2000 Flaschen \u00e1 0,7 Liter. Alle Whiskys werden mit 47,5 % abgef\u00fcllt, nicht k\u00fchlfiltriert und auch nicht gef\u00e4rbt. Es handelt sich (fast) immer um Single Malt. Destille und Alter werden klar benannt (wenn man das darf!) Die Ausstattung ist klassisch elegant, alle relevanten Daten finden sich auf dem Etikett.Dieser Tamnavulin Single Malt aus dert Speyside reifte 13 Jahre in amerikanischen Eichenf\u00e4ssern, ehe er 2023 in 1.185 Flaschen abgef\u00fcllt wurde.<br \/>\nTasting Notes: In der Nase frisch, gem\u00e4htes Gras und Zitronenbonbons, am Gaumen s\u00fc\u00df-herb und spritzig frisch. Ein Hauch von Vanille und frisch ges\u00e4gter Eiche. Sehr vielschichtig. Finsh mittellang, Zitrus- und Eichennoten dominieren. (Quelle: <a href=\"https:\/\/weinkollektion.com\" target=\"_blank\" rel=\"noopener noreferrer\">https:\/\/weinkollektion.com<\/a>)<\/p>\n<p><strong>Sidenote Abf\u00fcller: Morrison Scotch Whisky Distillers<\/strong><br \/>\nMorrison Scotch Whisky Distillers, ans\u00e4ssig im Herzen des Vereinigten K\u00f6nigreichs, steht f\u00fcr eine langj\u00e4hrige Tradition und unvergleichliche Expertise in der Kunst der Whiskyherstellung. Als Familienunternehmen, das auf mehrere Generationen zur\u00fcckblicken kann, kombiniert Morrison traditionelle Handwerkskunst mit innovativen Techniken, um au\u00dfergew\u00f6hnliche Scotch Whiskys zu kreieren. Das Portfolio umfasst eine vielf\u00e4ltige Auswahl an Single Malts und Blends, die jedem Whisky-Liebhaber etwas Besonderes bieten. Qualit\u00e4t und Authentizit\u00e4t stehen bei Morrison an erster Stelle, was sich in jedem Tropfen widerspiegelt. Ob Sie auf der Suche nach einem klassischen, samtweichen Single Malt oder einem komplexen, vielschichtigen Blend sind, Morrison Scotch Whisky Distillers garantieren ein unvergleichliches Geschmackserlebnis, das die reiche Geschichte und Leidenschaft f\u00fcr feinsten Whisky feiert.<\/p>\n<p><strong>Info Qualit\u00e4t der Flasche:<\/strong> Exzellent &#8211; ohne Besch\u00e4digungen\/ <strong>F\u00fcllstand:<\/strong> Top shoulder<br \/>\n<strong>Info Qualit\u00e4t der Box:<\/strong> Exzellent &#8211; ohne Besch\u00e4digungen<\/p>\n<p><strong>Wichtiger Hinweis:<\/strong> Die Bewertung der Flaschen und Boxen erfolgt nach \u201ebesten Wissen und Gewissen\u201c. dramfolks kann keine Gew\u00e4hrleistung f\u00fcr den Inhalt der Flaschen \u00fcbernehmen. Weitere Infos &amp; Hinweise finden Sie in unseren AGBs. Wir empfehlen Ihnen, vor der Abgabe von Geboten \u00fcber die Zoomfunktion eine Besichtigung \/ genaue Pr\u00fcfung des angebotenen Whiskys vorzunehmen. Bitte kontaktieren sie uns bei Fragen direkt unter info@dramfolks.com<\/p>\n","protected":false},"excerpt":{"rendered":"<p>Destille: Tamnavulin Tamnavulin wurde nach dem Ort Tomnavoulin benannt. Dieser g\u00e4lische Name bedeutet \u00ab\u00a0M\u00fchle in den Bergen\u00a0\u00bb. Die Brennerei liegt am Allt a Choire, einem Nebenfluss des Livet. 1966 von der Tamnavulin-Glenlivet Distillery Company, einer Tochtergesellschaft der Invergordon Distillers Ltd., er\u00f6ffnet. Tamnavulin wurde zwischen Mai 1995 und Juli 2007 f\u00fcr 12 Jahre geschlossen. Die Brennerei[&#8230;]\n","protected":false},"featured_media":2062201,"comment_status":"closed","ping_status":"closed","template":"","meta":[],"product_brand":[],"product_cat":[1065],"product_tag":[],"class_list":{"0":"post-2062200","1":"product","2":"type-product","3":"status-publish","4":"has-post-thumbnail","6":"product_cat-no-16","8":"first","9":"instock","10":"shipping-taxable","11":"purchasable","12":"product-type-auction"},"yoast_head":"<!-- This site is optimized with the Yoast SEO plugin v27.4 - https:\/\/yoast.com\/product\/yoast-seo-wordpress\/ -->\n<title>Tamnavulin - C\u00e0rn M\u00f2r Strictly Limited 2009 (MSWD) - Dramfolks Whisky Auction<\/title>\n<meta name=\"robots\" content=\"index, follow, max-snippet:-1, max-image-preview:large, max-video-preview:-1\" \/>\n<link rel=\"canonical\" href=\"https:\/\/www.dramfolks-whisky-auction.com\/fr\/product\/tamnavulin-carn-mor-strictly-limited-2009-mswd\/\" \/>\n<meta property=\"og:locale\" content=\"fr_FR\" \/>\n<meta property=\"og:type\" content=\"article\" \/>\n<meta property=\"og:title\" content=\"Tamnavulin - C\u00e0rn M\u00f2r Strictly Limited 2009 (MSWD) - Dramfolks Whisky Auction\" \/>\n<meta property=\"og:description\" content=\"Destille: Tamnavulin Tamnavulin wurde nach dem Ort Tomnavoulin benannt. Dieser g\u00e4lische Name bedeutet \u00ab\u00a0M\u00fchle in den Bergen\u00a0\u00bb. Die Brennerei liegt am Allt a Choire, einem Nebenfluss des Livet. 1966 von der Tamnavulin-Glenlivet Distillery Company, einer Tochtergesellschaft der Invergordon Distillers Ltd., er\u00f6ffnet. Tamnavulin wurde zwischen Mai 1995 und Juli 2007 f\u00fcr 12 Jahre geschlossen. Die Brennerei[...]\" \/>\n<meta property=\"og:url\" content=\"https:\/\/www.dramfolks-whisky-auction.com\/fr\/product\/tamnavulin-carn-mor-strictly-limited-2009-mswd\/\" \/>\n<meta property=\"og:site_name\" content=\"Dramfolks Whisky Auction\" \/>\n<meta property=\"article:modified_time\" content=\"2025-03-02T18:45:27+00:00\" \/>\n<meta property=\"og:image\" content=\"https:\/\/www.dramfolks-whisky-auction.com\/wp-content\/uploads\/2025\/02\/Carn-Mor-vorne-scaled.jpg\" \/>\n\t<meta property=\"og:image:width\" content=\"2560\" \/>\n\t<meta property=\"og:image:height\" content=\"2560\" \/>\n\t<meta property=\"og:image:type\" content=\"image\/jpeg\" \/>\n<meta name=\"twitter:card\" content=\"summary_large_image\" \/>\n<meta name=\"twitter:label1\" content=\"Dur\u00e9e de lecture estim\u00e9e\" \/>\n\t<meta name=\"twitter:data1\" content=\"3 minutes\" \/>\n<script type=\"application\/ld+json\" class=\"yoast-schema-graph\">{\"@context\":\"https:\\\/\\\/schema.org\",\"@graph\":[{\"@type\":\"WebPage\",\"@id\":\"https:\\\/\\\/www.dramfolks-whisky-auction.com\\\/fr\\\/product\\\/tamnavulin-carn-mor-strictly-limited-2009-mswd\\\/\",\"url\":\"https:\\\/\\\/www.dramfolks-whisky-auction.com\\\/fr\\\/product\\\/tamnavulin-carn-mor-strictly-limited-2009-mswd\\\/\",\"name\":\"Tamnavulin - C\u00e0rn M\u00f2r Strictly Limited 2009 (MSWD) - Dramfolks Whisky Auction\",\"isPartOf\":{\"@id\":\"https:\\\/\\\/www.dramfolks-whisky-auction.com\\\/fr\\\/#website\"},\"primaryImageOfPage\":{\"@id\":\"https:\\\/\\\/www.dramfolks-whisky-auction.com\\\/fr\\\/product\\\/tamnavulin-carn-mor-strictly-limited-2009-mswd\\\/#primaryimage\"},\"image\":{\"@id\":\"https:\\\/\\\/www.dramfolks-whisky-auction.com\\\/fr\\\/product\\\/tamnavulin-carn-mor-strictly-limited-2009-mswd\\\/#primaryimage\"},\"thumbnailUrl\":\"https:\\\/\\\/www.dramfolks-whisky-auction.com\\\/wp-content\\\/uploads\\\/2025\\\/02\\\/Carn-Mor-vorne-scaled.jpg\",\"datePublished\":\"2025-02-15T09:02:42+00:00\",\"dateModified\":\"2025-03-02T18:45:27+00:00\",\"breadcrumb\":{\"@id\":\"https:\\\/\\\/www.dramfolks-whisky-auction.com\\\/fr\\\/product\\\/tamnavulin-carn-mor-strictly-limited-2009-mswd\\\/#breadcrumb\"},\"inLanguage\":\"fr-FR\",\"potentialAction\":[{\"@type\":\"ReadAction\",\"target\":[\"https:\\\/\\\/www.dramfolks-whisky-auction.com\\\/fr\\\/product\\\/tamnavulin-carn-mor-strictly-limited-2009-mswd\\\/\"]}]},{\"@type\":\"ImageObject\",\"inLanguage\":\"fr-FR\",\"@id\":\"https:\\\/\\\/www.dramfolks-whisky-auction.com\\\/fr\\\/product\\\/tamnavulin-carn-mor-strictly-limited-2009-mswd\\\/#primaryimage\",\"url\":\"https:\\\/\\\/www.dramfolks-whisky-auction.com\\\/wp-content\\\/uploads\\\/2025\\\/02\\\/Carn-Mor-vorne-scaled.jpg\",\"contentUrl\":\"https:\\\/\\\/www.dramfolks-whisky-auction.com\\\/wp-content\\\/uploads\\\/2025\\\/02\\\/Carn-Mor-vorne-scaled.jpg\",\"width\":2560,\"height\":2560},{\"@type\":\"BreadcrumbList\",\"@id\":\"https:\\\/\\\/www.dramfolks-whisky-auction.com\\\/fr\\\/product\\\/tamnavulin-carn-mor-strictly-limited-2009-mswd\\\/#breadcrumb\",\"itemListElement\":[{\"@type\":\"ListItem\",\"position\":1,\"name\":\"Startseite\",\"item\":\"https:\\\/\\\/www.dramfolks-whisky-auction.com\\\/fr\\\/\"},{\"@type\":\"ListItem\",\"position\":2,\"name\":\"Boutique\",\"item\":\"https:\\\/\\\/www.dramfolks-whisky-auction.com\\\/fr\\\/boutique\\\/\"},{\"@type\":\"ListItem\",\"position\":3,\"name\":\"Tamnavulin &#8211; C\u00e0rn M\u00f2r Strictly Limited 2009 (MSWD)\"}]},{\"@type\":\"WebSite\",\"@id\":\"https:\\\/\\\/www.dramfolks-whisky-auction.com\\\/fr\\\/#website\",\"url\":\"https:\\\/\\\/www.dramfolks-whisky-auction.com\\\/fr\\\/\",\"name\":\"Dramfolks Whisky Auction\",\"description\":\"\",\"potentialAction\":[{\"@type\":\"SearchAction\",\"target\":{\"@type\":\"EntryPoint\",\"urlTemplate\":\"https:\\\/\\\/www.dramfolks-whisky-auction.com\\\/fr\\\/?s={search_term_string}\"},\"query-input\":{\"@type\":\"PropertyValueSpecification\",\"valueRequired\":true,\"valueName\":\"search_term_string\"}}],\"inLanguage\":\"fr-FR\"}]}<\/script>\n<!-- \/ Yoast SEO plugin. -->","yoast_head_json":{"title":"Tamnavulin - C\u00e0rn M\u00f2r Strictly Limited 2009 (MSWD) - Dramfolks Whisky Auction","robots":{"index":"index","follow":"follow","max-snippet":"max-snippet:-1","max-image-preview":"max-image-preview:large","max-video-preview":"max-video-preview:-1"},"canonical":"https:\/\/www.dramfolks-whisky-auction.com\/fr\/product\/tamnavulin-carn-mor-strictly-limited-2009-mswd\/","og_locale":"fr_FR","og_type":"article","og_title":"Tamnavulin - C\u00e0rn M\u00f2r Strictly Limited 2009 (MSWD) - Dramfolks Whisky Auction","og_description":"Destille: Tamnavulin Tamnavulin wurde nach dem Ort Tomnavoulin benannt. Dieser g\u00e4lische Name bedeutet \u00ab\u00a0M\u00fchle in den Bergen\u00a0\u00bb. Die Brennerei liegt am Allt a Choire, einem Nebenfluss des Livet. 1966 von der Tamnavulin-Glenlivet Distillery Company, einer Tochtergesellschaft der Invergordon Distillers Ltd., er\u00f6ffnet. Tamnavulin wurde zwischen Mai 1995 und Juli 2007 f\u00fcr 12 Jahre geschlossen. Die Brennerei[...]","og_url":"https:\/\/www.dramfolks-whisky-auction.com\/fr\/product\/tamnavulin-carn-mor-strictly-limited-2009-mswd\/","og_site_name":"Dramfolks Whisky Auction","article_modified_time":"2025-03-02T18:45:27+00:00","og_image":[{"width":2560,"height":2560,"url":"https:\/\/www.dramfolks-whisky-auction.com\/wp-content\/uploads\/2025\/02\/Carn-Mor-vorne-scaled.jpg","type":"image\/jpeg"}],"twitter_card":"summary_large_image","twitter_misc":{"Dur\u00e9e de lecture estim\u00e9e":"3 minutes"},"schema":{"@context":"https:\/\/schema.org","@graph":[{"@type":"WebPage","@id":"https:\/\/www.dramfolks-whisky-auction.com\/fr\/product\/tamnavulin-carn-mor-strictly-limited-2009-mswd\/","url":"https:\/\/www.dramfolks-whisky-auction.com\/fr\/product\/tamnavulin-carn-mor-strictly-limited-2009-mswd\/","name":"Tamnavulin - C\u00e0rn M\u00f2r Strictly Limited 2009 (MSWD) - Dramfolks Whisky Auction","isPartOf":{"@id":"https:\/\/www.dramfolks-whisky-auction.com\/fr\/#website"},"primaryImageOfPage":{"@id":"https:\/\/www.dramfolks-whisky-auction.com\/fr\/product\/tamnavulin-carn-mor-strictly-limited-2009-mswd\/#primaryimage"},"image":{"@id":"https:\/\/www.dramfolks-whisky-auction.com\/fr\/product\/tamnavulin-carn-mor-strictly-limited-2009-mswd\/#primaryimage"},"thumbnailUrl":"https:\/\/www.dramfolks-whisky-auction.com\/wp-content\/uploads\/2025\/02\/Carn-Mor-vorne-scaled.jpg","datePublished":"2025-02-15T09:02:42+00:00","dateModified":"2025-03-02T18:45:27+00:00","breadcrumb":{"@id":"https:\/\/www.dramfolks-whisky-auction.com\/fr\/product\/tamnavulin-carn-mor-strictly-limited-2009-mswd\/#breadcrumb"},"inLanguage":"fr-FR","potentialAction":[{"@type":"ReadAction","target":["https:\/\/www.dramfolks-whisky-auction.com\/fr\/product\/tamnavulin-carn-mor-strictly-limited-2009-mswd\/"]}]},{"@type":"ImageObject","inLanguage":"fr-FR","@id":"https:\/\/www.dramfolks-whisky-auction.com\/fr\/product\/tamnavulin-carn-mor-strictly-limited-2009-mswd\/#primaryimage","url":"https:\/\/www.dramfolks-whisky-auction.com\/wp-content\/uploads\/2025\/02\/Carn-Mor-vorne-scaled.jpg","contentUrl":"https:\/\/www.dramfolks-whisky-auction.com\/wp-content\/uploads\/2025\/02\/Carn-Mor-vorne-scaled.jpg","width":2560,"height":2560},{"@type":"BreadcrumbList","@id":"https:\/\/www.dramfolks-whisky-auction.com\/fr\/product\/tamnavulin-carn-mor-strictly-limited-2009-mswd\/#breadcrumb","itemListElement":[{"@type":"ListItem","position":1,"name":"Startseite","item":"https:\/\/www.dramfolks-whisky-auction.com\/fr\/"},{"@type":"ListItem","position":2,"name":"Boutique","item":"https:\/\/www.dramfolks-whisky-auction.com\/fr\/boutique\/"},{"@type":"ListItem","position":3,"name":"Tamnavulin &#8211; C\u00e0rn M\u00f2r Strictly Limited 2009 (MSWD)"}]},{"@type":"WebSite","@id":"https:\/\/www.dramfolks-whisky-auction.com\/fr\/#website","url":"https:\/\/www.dramfolks-whisky-auction.com\/fr\/","name":"Dramfolks Whisky Auction","description":"","potentialAction":[{"@type":"SearchAction","target":{"@type":"EntryPoint","urlTemplate":"https:\/\/www.dramfolks-whisky-auction.com\/fr\/?s={search_term_string}"},"query-input":{"@type":"PropertyValueSpecification","valueRequired":true,"valueName":"search_term_string"}}],"inLanguage":"fr-FR"}]}},"_links":{"self":[{"href":"https:\/\/www.dramfolks-whisky-auction.com\/fr\/wp-json\/wp\/v2\/product\/2062200","targetHints":{"allow":["GET"]}}],"collection":[{"href":"https:\/\/www.dramfolks-whisky-auction.com\/fr\/wp-json\/wp\/v2\/product"}],"about":[{"href":"https:\/\/www.dramfolks-whisky-auction.com\/fr\/wp-json\/wp\/v2\/types\/product"}],"replies":[{"embeddable":true,"href":"https:\/\/www.dramfolks-whisky-auction.com\/fr\/wp-json\/wp\/v2\/comments?post=2062200"}],"wp:featuredmedia":[{"embeddable":true,"href":"https:\/\/www.dramfolks-whisky-auction.com\/fr\/wp-json\/wp\/v2\/media\/2062201"}],"wp:attachment":[{"href":"https:\/\/www.dramfolks-whisky-auction.com\/fr\/wp-json\/wp\/v2\/media?parent=2062200"}],"wp:term":[{"taxonomy":"product_brand","embeddable":true,"href":"https:\/\/www.dramfolks-whisky-auction.com\/fr\/wp-json\/wp\/v2\/product_brand?post=2062200"},{"taxonomy":"product_cat","embeddable":true,"href":"https:\/\/www.dramfolks-whisky-auction.com\/fr\/wp-json\/wp\/v2\/product_cat?post=2062200"},{"taxonomy":"product_tag","embeddable":true,"href":"https:\/\/www.dramfolks-whisky-auction.com\/fr\/wp-json\/wp\/v2\/product_tag?post=2062200"}],"curies":[{"name":"wp","href":"https:\/\/api.w.org\/{rel}","templated":true}]}}