{"id":2061217,"date":"2025-02-14T17:57:29","date_gmt":"2025-02-14T16:57:29","guid":{"rendered":"https:\/\/www.dramfolks-whisky-auction.com\/?post_type=product&#038;p=2061217"},"modified":"2025-03-06T20:33:57","modified_gmt":"2025-03-06T19:33:57","slug":"edradour-ballechin-single-cask-seasons-winter-edition-2017-signatory-vintage","status":"publish","type":"product","link":"https:\/\/www.dramfolks-whisky-auction.com\/fr\/product\/edradour-ballechin-single-cask-seasons-winter-edition-2017-signatory-vintage\/","title":{"rendered":"Edradour &#8211; Ballechin Single Cask Seasons Winter Edition 2017 (Signatory Vintage)"},"content":{"rendered":"<p><strong>Destille: Edradour<br \/>\n<\/strong><span class=\"v1s2\">Edradour gilt als die ehemals kleinste produzierende Destillerie Schottlands. Sie liegt in den Bergen \u00f6stlich von Pitlochry und produziert dort ihren unverkennbaren Malt noch mit Verfahren, die bei anderen Brennereien schon l\u00e4ngst der Vergangenheit angeh\u00f6ren. Gerade mal zw\u00f6lf F\u00e4sser die Woche wurden vor 2014 in der Brennerei in einer Woche abgef\u00fcllt. Vielleicht ist genau das der Grund, warum Edradour etwas ganz Besonderes ist. Nach der \u00dcbernahme durch Signatory wurde die Ausbringungsmenge verdoppelt. Es wurde jedoch auch stets darauf geachtet, die Qualit\u00e4t, Tradition und Handarbeit beizubehalten und so einen vollmundigen und intensiven Single Malt zu kreieren. J\u00e4hrliches Produktionsvolumen: 0,5 Mio. Liter.<\/span><\/p>\n<p><strong>Fun Fakt:\u00a0<\/strong>Ein (Mit)Besitzer von Edradour war mal ein Mafiaboss!!! 1933 verkaufte die Mackintosh-Familie Edradour an William Whiteley. Die Firma von Whiteley hatte w\u00e4hrend der Prohibition mit ihrer King\u2019s Ransom-Mischung ein solides Gesch\u00e4ft in den USA aufgebaut. Der Mafiaboss Frank Costello ernannte Whiteley seinerzeit zu seinem US-Handelsvertreter. F\u00fcnf Jahre sp\u00e4ter \u00fcbernahm Costellos Partner Irving Haim die Eigent\u00fcmerschaft von Edradour, wobei Costello (und seine Firma) einen Anteil am Umsatz von King\u2019s Ransom \u00fcbernahmen. Dieses etwas ungew\u00f6hnliche Arrangement dauerte bis zu Haims Tod 1976.<\/p>\n<p><strong>Whisky\/Whiskey: Ballechin Single Cask Seasons Winter Edition 2017 (Signatory Vintage)<br \/>\n<\/strong>Der Whisky wurde exklusiv f\u00fcr den Importeur Kirsch im Zuge der Seasons-Reihe abgef\u00fcllt. Der Abf\u00fcller Signatory Vintage f\u00fcllte diese Winter Edition ab. Der Single Cask Seasons Winter 2017 ist ein Edradour Ballechin. Im Januar 2007 destilliert und im Dezember 2017 abgef\u00fcllt, lagerte diese Edradour Abf\u00fcllung in einem 2nd Fill Sherry Butt. Von dieser Abf\u00fcllung mit 56,5 % vol stehen lediglich 720 Flaschen zur Verf\u00fcgung!!<br \/>\n<strong>Sidenote zum Abf\u00fcller:<\/strong> Signatory Vintage Scotch Whisky wurde 1988 von Andrew Symington gegr\u00fcndet, der zuvor das renommierte Prestonfield House Hotel in Edinburgh geleitet hatte. Das erste Fass, das von Symington in Flaschen abgef\u00fcllt wurde, war ein 1968 in Sherryf\u00e4ssern gereifter Glenlivet. Im Jahr 2002 erwarb Signatory die Destillerie Edradour von Pernod Ricard und verlegte anschlie\u00dfend alle seine Aktivit\u00e4ten nach Norden in den malerischen Standort Perthshire. Die Whiskys werden in der Regel in verschiedenen \u00ab\u00a0Collections\u00a0\u00bb abgef\u00fcllt&#8230; darunter die Un-chill Filtered Collection, die Cask Strength Collection und die Single Grain Collection.<\/p>\n<p><strong>Info Qualit\u00e4t der Flasche:<\/strong> Exzellent &#8211; ohne Besch\u00e4digungen \/ <strong>F\u00fcllstand:<\/strong> High fill<br \/>\n<strong>Info Qualit\u00e4t der Box:\u00a0<\/strong>Exzellent &#8211; ohne Besch\u00e4digungen<\/p>\n<p><strong>Wichtiger Hinweis:<\/strong> Die Bewertung der Flaschen und Boxen erfolgt nach \u201ebesten Wissen und Gewissen\u201c. dramfolks kann keine Gew\u00e4hrleistung f\u00fcr den Inhalt der Flaschen \u00fcbernehmen. Weitere Infos &amp; Hinweise finden Sie in unseren AGBs. Wir empfehlen Ihnen, vor der Abgabe von Geboten \u00fcber die Zoomfunktion eine Besichtigung \/ genaue Pr\u00fcfung des angebotenen Whiskys vorzunehmen. Bitte kontaktieren sie uns bei Fragen direkt unter info@dramfolks.com<\/p>\n","protected":false},"excerpt":{"rendered":"<p>Destille: Edradour Edradour gilt als die ehemals kleinste produzierende Destillerie Schottlands. Sie liegt in den Bergen \u00f6stlich von Pitlochry und produziert dort ihren unverkennbaren Malt noch mit Verfahren, die bei anderen Brennereien schon l\u00e4ngst der Vergangenheit angeh\u00f6ren. Gerade mal zw\u00f6lf F\u00e4sser die Woche wurden vor 2014 in der Brennerei in einer Woche abgef\u00fcllt. Vielleicht ist[&#8230;]\n","protected":false},"featured_media":2061218,"comment_status":"closed","ping_status":"closed","template":"","meta":[],"product_brand":[],"product_cat":[1065],"product_tag":[],"class_list":{"0":"post-2061217","1":"product","2":"type-product","3":"status-publish","4":"has-post-thumbnail","6":"product_cat-no-16","8":"first","9":"instock","10":"shipping-taxable","11":"purchasable","12":"product-type-auction"},"yoast_head":"<!-- This site is optimized with the Yoast SEO plugin v27.4 - https:\/\/yoast.com\/product\/yoast-seo-wordpress\/ -->\n<title>Edradour - Ballechin Single Cask Seasons Winter Edition 2017 (Signatory Vintage) - Dramfolks Whisky Auction<\/title>\n<meta name=\"robots\" content=\"index, follow, max-snippet:-1, max-image-preview:large, max-video-preview:-1\" \/>\n<link rel=\"canonical\" href=\"https:\/\/www.dramfolks-whisky-auction.com\/fr\/product\/edradour-ballechin-single-cask-seasons-winter-edition-2017-signatory-vintage\/\" \/>\n<meta property=\"og:locale\" content=\"fr_FR\" \/>\n<meta property=\"og:type\" content=\"article\" \/>\n<meta property=\"og:title\" content=\"Edradour - Ballechin Single Cask Seasons Winter Edition 2017 (Signatory Vintage) - Dramfolks Whisky Auction\" \/>\n<meta property=\"og:description\" content=\"Destille: Edradour Edradour gilt als die ehemals kleinste produzierende Destillerie Schottlands. Sie liegt in den Bergen \u00f6stlich von Pitlochry und produziert dort ihren unverkennbaren Malt noch mit Verfahren, die bei anderen Brennereien schon l\u00e4ngst der Vergangenheit angeh\u00f6ren. Gerade mal zw\u00f6lf F\u00e4sser die Woche wurden vor 2014 in der Brennerei in einer Woche abgef\u00fcllt. Vielleicht ist[...]\" \/>\n<meta property=\"og:url\" content=\"https:\/\/www.dramfolks-whisky-auction.com\/fr\/product\/edradour-ballechin-single-cask-seasons-winter-edition-2017-signatory-vintage\/\" \/>\n<meta property=\"og:site_name\" content=\"Dramfolks Whisky Auction\" \/>\n<meta property=\"article:modified_time\" content=\"2025-03-06T19:33:57+00:00\" \/>\n<meta property=\"og:image\" content=\"https:\/\/www.dramfolks-whisky-auction.com\/wp-content\/uploads\/2025\/02\/Ballechin-2017-Winter-vorne-scaled.jpg\" \/>\n\t<meta property=\"og:image:width\" content=\"2560\" \/>\n\t<meta property=\"og:image:height\" content=\"2560\" \/>\n\t<meta property=\"og:image:type\" content=\"image\/jpeg\" \/>\n<meta name=\"twitter:card\" content=\"summary_large_image\" \/>\n<meta name=\"twitter:label1\" content=\"Dur\u00e9e de lecture estim\u00e9e\" \/>\n\t<meta name=\"twitter:data1\" content=\"3 minutes\" \/>\n<script type=\"application\/ld+json\" class=\"yoast-schema-graph\">{\"@context\":\"https:\\\/\\\/schema.org\",\"@graph\":[{\"@type\":\"WebPage\",\"@id\":\"https:\\\/\\\/www.dramfolks-whisky-auction.com\\\/fr\\\/product\\\/edradour-ballechin-single-cask-seasons-winter-edition-2017-signatory-vintage\\\/\",\"url\":\"https:\\\/\\\/www.dramfolks-whisky-auction.com\\\/fr\\\/product\\\/edradour-ballechin-single-cask-seasons-winter-edition-2017-signatory-vintage\\\/\",\"name\":\"Edradour - Ballechin Single Cask Seasons Winter Edition 2017 (Signatory Vintage) - Dramfolks Whisky Auction\",\"isPartOf\":{\"@id\":\"https:\\\/\\\/www.dramfolks-whisky-auction.com\\\/fr\\\/#website\"},\"primaryImageOfPage\":{\"@id\":\"https:\\\/\\\/www.dramfolks-whisky-auction.com\\\/fr\\\/product\\\/edradour-ballechin-single-cask-seasons-winter-edition-2017-signatory-vintage\\\/#primaryimage\"},\"image\":{\"@id\":\"https:\\\/\\\/www.dramfolks-whisky-auction.com\\\/fr\\\/product\\\/edradour-ballechin-single-cask-seasons-winter-edition-2017-signatory-vintage\\\/#primaryimage\"},\"thumbnailUrl\":\"https:\\\/\\\/www.dramfolks-whisky-auction.com\\\/wp-content\\\/uploads\\\/2025\\\/02\\\/Ballechin-2017-Winter-vorne-scaled.jpg\",\"datePublished\":\"2025-02-14T16:57:29+00:00\",\"dateModified\":\"2025-03-06T19:33:57+00:00\",\"breadcrumb\":{\"@id\":\"https:\\\/\\\/www.dramfolks-whisky-auction.com\\\/fr\\\/product\\\/edradour-ballechin-single-cask-seasons-winter-edition-2017-signatory-vintage\\\/#breadcrumb\"},\"inLanguage\":\"fr-FR\",\"potentialAction\":[{\"@type\":\"ReadAction\",\"target\":[\"https:\\\/\\\/www.dramfolks-whisky-auction.com\\\/fr\\\/product\\\/edradour-ballechin-single-cask-seasons-winter-edition-2017-signatory-vintage\\\/\"]}]},{\"@type\":\"ImageObject\",\"inLanguage\":\"fr-FR\",\"@id\":\"https:\\\/\\\/www.dramfolks-whisky-auction.com\\\/fr\\\/product\\\/edradour-ballechin-single-cask-seasons-winter-edition-2017-signatory-vintage\\\/#primaryimage\",\"url\":\"https:\\\/\\\/www.dramfolks-whisky-auction.com\\\/wp-content\\\/uploads\\\/2025\\\/02\\\/Ballechin-2017-Winter-vorne-scaled.jpg\",\"contentUrl\":\"https:\\\/\\\/www.dramfolks-whisky-auction.com\\\/wp-content\\\/uploads\\\/2025\\\/02\\\/Ballechin-2017-Winter-vorne-scaled.jpg\",\"width\":2560,\"height\":2560},{\"@type\":\"BreadcrumbList\",\"@id\":\"https:\\\/\\\/www.dramfolks-whisky-auction.com\\\/fr\\\/product\\\/edradour-ballechin-single-cask-seasons-winter-edition-2017-signatory-vintage\\\/#breadcrumb\",\"itemListElement\":[{\"@type\":\"ListItem\",\"position\":1,\"name\":\"Startseite\",\"item\":\"https:\\\/\\\/www.dramfolks-whisky-auction.com\\\/fr\\\/\"},{\"@type\":\"ListItem\",\"position\":2,\"name\":\"Boutique\",\"item\":\"https:\\\/\\\/www.dramfolks-whisky-auction.com\\\/fr\\\/boutique\\\/\"},{\"@type\":\"ListItem\",\"position\":3,\"name\":\"Edradour &#8211; Ballechin Single Cask Seasons Winter Edition 2017 (Signatory Vintage)\"}]},{\"@type\":\"WebSite\",\"@id\":\"https:\\\/\\\/www.dramfolks-whisky-auction.com\\\/fr\\\/#website\",\"url\":\"https:\\\/\\\/www.dramfolks-whisky-auction.com\\\/fr\\\/\",\"name\":\"Dramfolks Whisky Auction\",\"description\":\"\",\"potentialAction\":[{\"@type\":\"SearchAction\",\"target\":{\"@type\":\"EntryPoint\",\"urlTemplate\":\"https:\\\/\\\/www.dramfolks-whisky-auction.com\\\/fr\\\/?s={search_term_string}\"},\"query-input\":{\"@type\":\"PropertyValueSpecification\",\"valueRequired\":true,\"valueName\":\"search_term_string\"}}],\"inLanguage\":\"fr-FR\"}]}<\/script>\n<!-- \/ Yoast SEO plugin. -->","yoast_head_json":{"title":"Edradour - Ballechin Single Cask Seasons Winter Edition 2017 (Signatory Vintage) - Dramfolks Whisky Auction","robots":{"index":"index","follow":"follow","max-snippet":"max-snippet:-1","max-image-preview":"max-image-preview:large","max-video-preview":"max-video-preview:-1"},"canonical":"https:\/\/www.dramfolks-whisky-auction.com\/fr\/product\/edradour-ballechin-single-cask-seasons-winter-edition-2017-signatory-vintage\/","og_locale":"fr_FR","og_type":"article","og_title":"Edradour - Ballechin Single Cask Seasons Winter Edition 2017 (Signatory Vintage) - Dramfolks Whisky Auction","og_description":"Destille: Edradour Edradour gilt als die ehemals kleinste produzierende Destillerie Schottlands. Sie liegt in den Bergen \u00f6stlich von Pitlochry und produziert dort ihren unverkennbaren Malt noch mit Verfahren, die bei anderen Brennereien schon l\u00e4ngst der Vergangenheit angeh\u00f6ren. Gerade mal zw\u00f6lf F\u00e4sser die Woche wurden vor 2014 in der Brennerei in einer Woche abgef\u00fcllt. Vielleicht ist[...]","og_url":"https:\/\/www.dramfolks-whisky-auction.com\/fr\/product\/edradour-ballechin-single-cask-seasons-winter-edition-2017-signatory-vintage\/","og_site_name":"Dramfolks Whisky Auction","article_modified_time":"2025-03-06T19:33:57+00:00","og_image":[{"width":2560,"height":2560,"url":"https:\/\/www.dramfolks-whisky-auction.com\/wp-content\/uploads\/2025\/02\/Ballechin-2017-Winter-vorne-scaled.jpg","type":"image\/jpeg"}],"twitter_card":"summary_large_image","twitter_misc":{"Dur\u00e9e de lecture estim\u00e9e":"3 minutes"},"schema":{"@context":"https:\/\/schema.org","@graph":[{"@type":"WebPage","@id":"https:\/\/www.dramfolks-whisky-auction.com\/fr\/product\/edradour-ballechin-single-cask-seasons-winter-edition-2017-signatory-vintage\/","url":"https:\/\/www.dramfolks-whisky-auction.com\/fr\/product\/edradour-ballechin-single-cask-seasons-winter-edition-2017-signatory-vintage\/","name":"Edradour - Ballechin Single Cask Seasons Winter Edition 2017 (Signatory Vintage) - Dramfolks Whisky Auction","isPartOf":{"@id":"https:\/\/www.dramfolks-whisky-auction.com\/fr\/#website"},"primaryImageOfPage":{"@id":"https:\/\/www.dramfolks-whisky-auction.com\/fr\/product\/edradour-ballechin-single-cask-seasons-winter-edition-2017-signatory-vintage\/#primaryimage"},"image":{"@id":"https:\/\/www.dramfolks-whisky-auction.com\/fr\/product\/edradour-ballechin-single-cask-seasons-winter-edition-2017-signatory-vintage\/#primaryimage"},"thumbnailUrl":"https:\/\/www.dramfolks-whisky-auction.com\/wp-content\/uploads\/2025\/02\/Ballechin-2017-Winter-vorne-scaled.jpg","datePublished":"2025-02-14T16:57:29+00:00","dateModified":"2025-03-06T19:33:57+00:00","breadcrumb":{"@id":"https:\/\/www.dramfolks-whisky-auction.com\/fr\/product\/edradour-ballechin-single-cask-seasons-winter-edition-2017-signatory-vintage\/#breadcrumb"},"inLanguage":"fr-FR","potentialAction":[{"@type":"ReadAction","target":["https:\/\/www.dramfolks-whisky-auction.com\/fr\/product\/edradour-ballechin-single-cask-seasons-winter-edition-2017-signatory-vintage\/"]}]},{"@type":"ImageObject","inLanguage":"fr-FR","@id":"https:\/\/www.dramfolks-whisky-auction.com\/fr\/product\/edradour-ballechin-single-cask-seasons-winter-edition-2017-signatory-vintage\/#primaryimage","url":"https:\/\/www.dramfolks-whisky-auction.com\/wp-content\/uploads\/2025\/02\/Ballechin-2017-Winter-vorne-scaled.jpg","contentUrl":"https:\/\/www.dramfolks-whisky-auction.com\/wp-content\/uploads\/2025\/02\/Ballechin-2017-Winter-vorne-scaled.jpg","width":2560,"height":2560},{"@type":"BreadcrumbList","@id":"https:\/\/www.dramfolks-whisky-auction.com\/fr\/product\/edradour-ballechin-single-cask-seasons-winter-edition-2017-signatory-vintage\/#breadcrumb","itemListElement":[{"@type":"ListItem","position":1,"name":"Startseite","item":"https:\/\/www.dramfolks-whisky-auction.com\/fr\/"},{"@type":"ListItem","position":2,"name":"Boutique","item":"https:\/\/www.dramfolks-whisky-auction.com\/fr\/boutique\/"},{"@type":"ListItem","position":3,"name":"Edradour &#8211; Ballechin Single Cask Seasons Winter Edition 2017 (Signatory Vintage)"}]},{"@type":"WebSite","@id":"https:\/\/www.dramfolks-whisky-auction.com\/fr\/#website","url":"https:\/\/www.dramfolks-whisky-auction.com\/fr\/","name":"Dramfolks Whisky Auction","description":"","potentialAction":[{"@type":"SearchAction","target":{"@type":"EntryPoint","urlTemplate":"https:\/\/www.dramfolks-whisky-auction.com\/fr\/?s={search_term_string}"},"query-input":{"@type":"PropertyValueSpecification","valueRequired":true,"valueName":"search_term_string"}}],"inLanguage":"fr-FR"}]}},"_links":{"self":[{"href":"https:\/\/www.dramfolks-whisky-auction.com\/fr\/wp-json\/wp\/v2\/product\/2061217","targetHints":{"allow":["GET"]}}],"collection":[{"href":"https:\/\/www.dramfolks-whisky-auction.com\/fr\/wp-json\/wp\/v2\/product"}],"about":[{"href":"https:\/\/www.dramfolks-whisky-auction.com\/fr\/wp-json\/wp\/v2\/types\/product"}],"replies":[{"embeddable":true,"href":"https:\/\/www.dramfolks-whisky-auction.com\/fr\/wp-json\/wp\/v2\/comments?post=2061217"}],"wp:featuredmedia":[{"embeddable":true,"href":"https:\/\/www.dramfolks-whisky-auction.com\/fr\/wp-json\/wp\/v2\/media\/2061218"}],"wp:attachment":[{"href":"https:\/\/www.dramfolks-whisky-auction.com\/fr\/wp-json\/wp\/v2\/media?parent=2061217"}],"wp:term":[{"taxonomy":"product_brand","embeddable":true,"href":"https:\/\/www.dramfolks-whisky-auction.com\/fr\/wp-json\/wp\/v2\/product_brand?post=2061217"},{"taxonomy":"product_cat","embeddable":true,"href":"https:\/\/www.dramfolks-whisky-auction.com\/fr\/wp-json\/wp\/v2\/product_cat?post=2061217"},{"taxonomy":"product_tag","embeddable":true,"href":"https:\/\/www.dramfolks-whisky-auction.com\/fr\/wp-json\/wp\/v2\/product_tag?post=2061217"}],"curies":[{"name":"wp","href":"https:\/\/api.w.org\/{rel}","templated":true}]}}