{"id":2014,"date":"2023-03-28T05:40:10","date_gmt":"2023-03-28T03:40:10","guid":{"rendered":"https:\/\/www.dramfolks-whisky-auction.com\/?post_type=product&#038;p=2014"},"modified":"2023-04-15T20:45:06","modified_gmt":"2023-04-15T18:45:06","slug":"springbank-10yo-2","status":"publish","type":"product","link":"https:\/\/www.dramfolks-whisky-auction.com\/fr\/product\/springbank-10yo-2\/","title":{"rendered":"Springbank &#8211; 10yo"},"content":{"rendered":"<p><strong>Destille: Springbank<br \/>\n<\/strong><\/p>\n<p>Die Springbank Distillery ist eine familiengef\u00fchrte Single Malt Whiskybrennerei auf der Kintyre Peninsula im Westen Schottlands. Sie geh\u00f6rt zur J &amp; A Mitchell and Co.Ltd., zu der auch die bekannte Glengyle-Destillerie und einer der \u00e4ltesten, unabh\u00e4ngigen Abf\u00fcller, William Cadenheads geh\u00f6ren. Springbank wurde 1828 lizenziert und ist einer der letzten \u00fcberlebenden Produzenten von Single Malt Whiskys in Campbeltown &#8211; einem Gebiet, in dem einst \u00fcber drei\u00dfig aktive Destillerien angesiedelt waren. Die Brennerei produziert verschiedene \u00ab\u00a0Arten\u00a0\u00bb von Whisky, die sie auf drei verschiedene Labels aufteilen. Springbank, Hazelburn und Longrow. J\u00e4hrliche Produktionsvolumen: ca. 0,75 Mio. Liter.<\/p>\n<p><strong>Fun Fakt: <\/strong>\u00a0Springbank ist die einzige Destillerie in Schottland, die Malz, Destillation, Reifung und Flaschen am selben Standort herstellt&#8230; und das mit einer eher \u00ab\u00a0altmodischen\u00a0\u00bb Ausr\u00fcstung wie einer alten \u00ab\u00a0Boby-M\u00fchle\u00a0\u00bb, ein offener, gusseiserner Maischebottich, h\u00f6lzerne Washbacks aus Bootsfelll\u00e4rche und einer Brennblase mit \u00ab\u00a0Wurmwanne\u00a0\u00bb.<\/p>\n<p><strong>Whisky\/Whiskey: 10yo<br \/>\n<\/strong><\/p>\n<p>Zwar keinen \u00ab\u00a0legend\u00e4rer 21-J\u00e4hrigen\u00a0\u00bb oder eine alte Abf\u00fcllung des CV aus den 90ern mit \u00ab\u00a0Green oder Red thistle\u00a0\u00bb. Nein es ist ein \u00ab\u00a0junger\u00a0\u00bb 10-j\u00e4hriger Single Malt, der aber dennoch etwas Besonderes ist. Denn es ist einer der letzten Jahrg\u00e4nge des 10-J\u00e4hrigen, der noch mit Karton ausgeliefert wurde! Seit 2021 verzichtet Springbank auf die Umverpackung. Sehr l\u00f6blich und toll f\u00fcr die Umwelt!\ud83c\udf33\ud83c\udf31<br \/>\nDer hier angebotene Springbank 10yo wurde im Oktober 2020 (20\/129) gebottled. Daher mit Karton und jede Menge Einzigartigkeit.<\/p>\n<p><strong>Info Qualit\u00e4t der Flasche:<\/strong> Exzellent &#8211; ohne Besch\u00e4digungen \/ <strong>F\u00fcllstand: <\/strong>Into neck<br \/>\n<strong>Info Qualit\u00e4t der Box: <\/strong>(Nahezu) Exzellent &#8211; ganz, ganz, ganz leichte Gebrauchsspuren am Flaschenlabel vorne und hinten<\/p>\n<p><strong>Wichtiger Hinweis:<\/strong> Die Bewertung der Flaschen und Boxen erfolgt nach \u201ebesten Wissen und Gewissen\u201c. dramfolks kann keine Gew\u00e4hrleistung f\u00fcr den Inhalt der Flaschen \u00fcbernehmen. Weitere Infos &amp; Hinweise finden Sie in unseren AGBs. Wir empfehlen Ihnen, vor der Abgabe von Geboten \u00fcber die Zoomfunktion eine Besichtigung \/ genaue Pr\u00fcfung des angebotenen Whiskys vorzunehmen. Bitte kontaktieren sie uns bei Fragen direkt unter info@dramfolks.com<\/p>\n","protected":false},"excerpt":{"rendered":"<p>Destille: Springbank Die Springbank Distillery ist eine familiengef\u00fchrte Single Malt Whiskybrennerei auf der Kintyre Peninsula im Westen Schottlands. Sie geh\u00f6rt zur J &amp; A Mitchell and Co.Ltd., zu der auch die bekannte Glengyle-Destillerie und einer der \u00e4ltesten, unabh\u00e4ngigen Abf\u00fcller, William Cadenheads geh\u00f6ren. Springbank wurde 1828 lizenziert und ist einer der letzten \u00fcberlebenden Produzenten von Single[&#8230;]\n","protected":false},"featured_media":1728,"comment_status":"closed","ping_status":"closed","template":"","meta":[],"product_brand":[],"product_cat":[234],"product_tag":[],"class_list":{"0":"post-2014","1":"product","2":"type-product","3":"status-publish","4":"has-post-thumbnail","6":"product_cat-no-3","8":"first","9":"instock","10":"shipping-taxable","11":"purchasable","12":"product-type-auction"},"yoast_head":"<!-- This site is optimized with the Yoast SEO plugin v27.4 - https:\/\/yoast.com\/product\/yoast-seo-wordpress\/ -->\n<title>Springbank - 10yo - Dramfolks Whisky Auction<\/title>\n<meta name=\"robots\" content=\"index, follow, max-snippet:-1, max-image-preview:large, max-video-preview:-1\" \/>\n<link rel=\"canonical\" href=\"https:\/\/www.dramfolks-whisky-auction.com\/fr\/product\/springbank-10yo-2\/\" \/>\n<meta property=\"og:locale\" content=\"fr_FR\" \/>\n<meta property=\"og:type\" content=\"article\" \/>\n<meta property=\"og:title\" content=\"Springbank - 10yo - Dramfolks Whisky Auction\" \/>\n<meta property=\"og:description\" content=\"Destille: Springbank Die Springbank Distillery ist eine familiengef\u00fchrte Single Malt Whiskybrennerei auf der Kintyre Peninsula im Westen Schottlands. Sie geh\u00f6rt zur J &amp; A Mitchell and Co.Ltd., zu der auch die bekannte Glengyle-Destillerie und einer der \u00e4ltesten, unabh\u00e4ngigen Abf\u00fcller, William Cadenheads geh\u00f6ren. Springbank wurde 1828 lizenziert und ist einer der letzten \u00fcberlebenden Produzenten von Single[...]\" \/>\n<meta property=\"og:url\" content=\"https:\/\/www.dramfolks-whisky-auction.com\/fr\/product\/springbank-10yo-2\/\" \/>\n<meta property=\"og:site_name\" content=\"Dramfolks Whisky Auction\" \/>\n<meta property=\"article:modified_time\" content=\"2023-04-15T18:45:06+00:00\" \/>\n<meta property=\"og:image\" content=\"https:\/\/www.dramfolks-whisky-auction.com\/wp-content\/uploads\/2023\/02\/springbank-vorne-scaled.jpg\" \/>\n\t<meta property=\"og:image:width\" content=\"2560\" \/>\n\t<meta property=\"og:image:height\" content=\"2560\" \/>\n\t<meta property=\"og:image:type\" content=\"image\/jpeg\" \/>\n<meta name=\"twitter:card\" content=\"summary_large_image\" \/>\n<meta name=\"twitter:label1\" content=\"Dur\u00e9e de lecture estim\u00e9e\" \/>\n\t<meta name=\"twitter:data1\" content=\"2 minutes\" \/>\n<script type=\"application\/ld+json\" class=\"yoast-schema-graph\">{\"@context\":\"https:\\\/\\\/schema.org\",\"@graph\":[{\"@type\":\"WebPage\",\"@id\":\"https:\\\/\\\/www.dramfolks-whisky-auction.com\\\/fr\\\/product\\\/springbank-10yo-2\\\/\",\"url\":\"https:\\\/\\\/www.dramfolks-whisky-auction.com\\\/fr\\\/product\\\/springbank-10yo-2\\\/\",\"name\":\"Springbank - 10yo - Dramfolks Whisky Auction\",\"isPartOf\":{\"@id\":\"https:\\\/\\\/www.dramfolks-whisky-auction.com\\\/fr\\\/#website\"},\"primaryImageOfPage\":{\"@id\":\"https:\\\/\\\/www.dramfolks-whisky-auction.com\\\/fr\\\/product\\\/springbank-10yo-2\\\/#primaryimage\"},\"image\":{\"@id\":\"https:\\\/\\\/www.dramfolks-whisky-auction.com\\\/fr\\\/product\\\/springbank-10yo-2\\\/#primaryimage\"},\"thumbnailUrl\":\"https:\\\/\\\/www.dramfolks-whisky-auction.com\\\/wp-content\\\/uploads\\\/2023\\\/02\\\/springbank-vorne-scaled.jpg\",\"datePublished\":\"2023-03-28T03:40:10+00:00\",\"dateModified\":\"2023-04-15T18:45:06+00:00\",\"breadcrumb\":{\"@id\":\"https:\\\/\\\/www.dramfolks-whisky-auction.com\\\/fr\\\/product\\\/springbank-10yo-2\\\/#breadcrumb\"},\"inLanguage\":\"fr-FR\",\"potentialAction\":[{\"@type\":\"ReadAction\",\"target\":[\"https:\\\/\\\/www.dramfolks-whisky-auction.com\\\/fr\\\/product\\\/springbank-10yo-2\\\/\"]}]},{\"@type\":\"ImageObject\",\"inLanguage\":\"fr-FR\",\"@id\":\"https:\\\/\\\/www.dramfolks-whisky-auction.com\\\/fr\\\/product\\\/springbank-10yo-2\\\/#primaryimage\",\"url\":\"https:\\\/\\\/www.dramfolks-whisky-auction.com\\\/wp-content\\\/uploads\\\/2023\\\/02\\\/springbank-vorne-scaled.jpg\",\"contentUrl\":\"https:\\\/\\\/www.dramfolks-whisky-auction.com\\\/wp-content\\\/uploads\\\/2023\\\/02\\\/springbank-vorne-scaled.jpg\",\"width\":2560,\"height\":2560},{\"@type\":\"BreadcrumbList\",\"@id\":\"https:\\\/\\\/www.dramfolks-whisky-auction.com\\\/fr\\\/product\\\/springbank-10yo-2\\\/#breadcrumb\",\"itemListElement\":[{\"@type\":\"ListItem\",\"position\":1,\"name\":\"Startseite\",\"item\":\"https:\\\/\\\/www.dramfolks-whisky-auction.com\\\/fr\\\/\"},{\"@type\":\"ListItem\",\"position\":2,\"name\":\"Boutique\",\"item\":\"https:\\\/\\\/www.dramfolks-whisky-auction.com\\\/fr\\\/boutique\\\/\"},{\"@type\":\"ListItem\",\"position\":3,\"name\":\"Springbank &#8211; 10yo\"}]},{\"@type\":\"WebSite\",\"@id\":\"https:\\\/\\\/www.dramfolks-whisky-auction.com\\\/fr\\\/#website\",\"url\":\"https:\\\/\\\/www.dramfolks-whisky-auction.com\\\/fr\\\/\",\"name\":\"Dramfolks Whisky Auction\",\"description\":\"\",\"potentialAction\":[{\"@type\":\"SearchAction\",\"target\":{\"@type\":\"EntryPoint\",\"urlTemplate\":\"https:\\\/\\\/www.dramfolks-whisky-auction.com\\\/fr\\\/?s={search_term_string}\"},\"query-input\":{\"@type\":\"PropertyValueSpecification\",\"valueRequired\":true,\"valueName\":\"search_term_string\"}}],\"inLanguage\":\"fr-FR\"}]}<\/script>\n<!-- \/ Yoast SEO plugin. -->","yoast_head_json":{"title":"Springbank - 10yo - Dramfolks Whisky Auction","robots":{"index":"index","follow":"follow","max-snippet":"max-snippet:-1","max-image-preview":"max-image-preview:large","max-video-preview":"max-video-preview:-1"},"canonical":"https:\/\/www.dramfolks-whisky-auction.com\/fr\/product\/springbank-10yo-2\/","og_locale":"fr_FR","og_type":"article","og_title":"Springbank - 10yo - Dramfolks Whisky Auction","og_description":"Destille: Springbank Die Springbank Distillery ist eine familiengef\u00fchrte Single Malt Whiskybrennerei auf der Kintyre Peninsula im Westen Schottlands. Sie geh\u00f6rt zur J &amp; A Mitchell and Co.Ltd., zu der auch die bekannte Glengyle-Destillerie und einer der \u00e4ltesten, unabh\u00e4ngigen Abf\u00fcller, William Cadenheads geh\u00f6ren. Springbank wurde 1828 lizenziert und ist einer der letzten \u00fcberlebenden Produzenten von Single[...]","og_url":"https:\/\/www.dramfolks-whisky-auction.com\/fr\/product\/springbank-10yo-2\/","og_site_name":"Dramfolks Whisky Auction","article_modified_time":"2023-04-15T18:45:06+00:00","og_image":[{"width":2560,"height":2560,"url":"https:\/\/www.dramfolks-whisky-auction.com\/wp-content\/uploads\/2023\/02\/springbank-vorne-scaled.jpg","type":"image\/jpeg"}],"twitter_card":"summary_large_image","twitter_misc":{"Dur\u00e9e de lecture estim\u00e9e":"2 minutes"},"schema":{"@context":"https:\/\/schema.org","@graph":[{"@type":"WebPage","@id":"https:\/\/www.dramfolks-whisky-auction.com\/fr\/product\/springbank-10yo-2\/","url":"https:\/\/www.dramfolks-whisky-auction.com\/fr\/product\/springbank-10yo-2\/","name":"Springbank - 10yo - Dramfolks Whisky Auction","isPartOf":{"@id":"https:\/\/www.dramfolks-whisky-auction.com\/fr\/#website"},"primaryImageOfPage":{"@id":"https:\/\/www.dramfolks-whisky-auction.com\/fr\/product\/springbank-10yo-2\/#primaryimage"},"image":{"@id":"https:\/\/www.dramfolks-whisky-auction.com\/fr\/product\/springbank-10yo-2\/#primaryimage"},"thumbnailUrl":"https:\/\/www.dramfolks-whisky-auction.com\/wp-content\/uploads\/2023\/02\/springbank-vorne-scaled.jpg","datePublished":"2023-03-28T03:40:10+00:00","dateModified":"2023-04-15T18:45:06+00:00","breadcrumb":{"@id":"https:\/\/www.dramfolks-whisky-auction.com\/fr\/product\/springbank-10yo-2\/#breadcrumb"},"inLanguage":"fr-FR","potentialAction":[{"@type":"ReadAction","target":["https:\/\/www.dramfolks-whisky-auction.com\/fr\/product\/springbank-10yo-2\/"]}]},{"@type":"ImageObject","inLanguage":"fr-FR","@id":"https:\/\/www.dramfolks-whisky-auction.com\/fr\/product\/springbank-10yo-2\/#primaryimage","url":"https:\/\/www.dramfolks-whisky-auction.com\/wp-content\/uploads\/2023\/02\/springbank-vorne-scaled.jpg","contentUrl":"https:\/\/www.dramfolks-whisky-auction.com\/wp-content\/uploads\/2023\/02\/springbank-vorne-scaled.jpg","width":2560,"height":2560},{"@type":"BreadcrumbList","@id":"https:\/\/www.dramfolks-whisky-auction.com\/fr\/product\/springbank-10yo-2\/#breadcrumb","itemListElement":[{"@type":"ListItem","position":1,"name":"Startseite","item":"https:\/\/www.dramfolks-whisky-auction.com\/fr\/"},{"@type":"ListItem","position":2,"name":"Boutique","item":"https:\/\/www.dramfolks-whisky-auction.com\/fr\/boutique\/"},{"@type":"ListItem","position":3,"name":"Springbank &#8211; 10yo"}]},{"@type":"WebSite","@id":"https:\/\/www.dramfolks-whisky-auction.com\/fr\/#website","url":"https:\/\/www.dramfolks-whisky-auction.com\/fr\/","name":"Dramfolks Whisky Auction","description":"","potentialAction":[{"@type":"SearchAction","target":{"@type":"EntryPoint","urlTemplate":"https:\/\/www.dramfolks-whisky-auction.com\/fr\/?s={search_term_string}"},"query-input":{"@type":"PropertyValueSpecification","valueRequired":true,"valueName":"search_term_string"}}],"inLanguage":"fr-FR"}]}},"_links":{"self":[{"href":"https:\/\/www.dramfolks-whisky-auction.com\/fr\/wp-json\/wp\/v2\/product\/2014","targetHints":{"allow":["GET"]}}],"collection":[{"href":"https:\/\/www.dramfolks-whisky-auction.com\/fr\/wp-json\/wp\/v2\/product"}],"about":[{"href":"https:\/\/www.dramfolks-whisky-auction.com\/fr\/wp-json\/wp\/v2\/types\/product"}],"replies":[{"embeddable":true,"href":"https:\/\/www.dramfolks-whisky-auction.com\/fr\/wp-json\/wp\/v2\/comments?post=2014"}],"wp:featuredmedia":[{"embeddable":true,"href":"https:\/\/www.dramfolks-whisky-auction.com\/fr\/wp-json\/wp\/v2\/media\/1728"}],"wp:attachment":[{"href":"https:\/\/www.dramfolks-whisky-auction.com\/fr\/wp-json\/wp\/v2\/media?parent=2014"}],"wp:term":[{"taxonomy":"product_brand","embeddable":true,"href":"https:\/\/www.dramfolks-whisky-auction.com\/fr\/wp-json\/wp\/v2\/product_brand?post=2014"},{"taxonomy":"product_cat","embeddable":true,"href":"https:\/\/www.dramfolks-whisky-auction.com\/fr\/wp-json\/wp\/v2\/product_cat?post=2014"},{"taxonomy":"product_tag","embeddable":true,"href":"https:\/\/www.dramfolks-whisky-auction.com\/fr\/wp-json\/wp\/v2\/product_tag?post=2014"}],"curies":[{"name":"wp","href":"https:\/\/api.w.org\/{rel}","templated":true}]}}