{"id":188079,"date":"2024-08-09T17:32:48","date_gmt":"2024-08-09T15:32:48","guid":{"rendered":"https:\/\/www.dramfolks-whisky-auction.com\/?post_type=product&#038;p=188079"},"modified":"2024-08-28T09:20:14","modified_gmt":"2024-08-28T07:20:14","slug":"springbank-12yo-cask-strength-2024","status":"publish","type":"product","link":"https:\/\/www.dramfolks-whisky-auction.com\/fr\/product\/springbank-12yo-cask-strength-2024\/","title":{"rendered":"Springbank &#8211; 12yo Cask Strength 2024"},"content":{"rendered":"<p><strong>Destille: Springbank<br \/>\n<\/strong>Die Springbank Distillery ist eine familiengef\u00fchrte Single Malt Whiskybrennerei auf der Kintyre Peninsula im Westen Schottlands. Sie geh\u00f6rt zur J &amp; A Mitchell and Co.Ltd., zu der auch die bekannte Glengyle-Destillerie und einer der \u00e4ltesten, unabh\u00e4ngigen Abf\u00fcller, William Cadenheads geh\u00f6ren. Springbank wurde 1828 lizenziert und ist einer der letzten \u00fcberlebenden Produzenten von Single Malt Whiskys in Campbeltown &#8211; einem Gebiet, in dem einst \u00fcber drei\u00dfig aktive Destillerien angesiedelt waren. Die Brennerei produziert verschiedene \u00ab\u00a0Arten\u00a0\u00bb von Whisky, die sie auf drei verschiedene Labels aufteilen. Springbank, Hazelburn und Longrow. J\u00e4hrliche Produktionsvolumen: ca. 0,75 Mio. Liter.<\/p>\n<p><strong>Fun Fakt: <\/strong>\u00a0Springbank ist die einzige Destillerie in Schottland, die Malz, Destillation, Reifung und Flaschen am selben Standort herstellt&#8230; und das mit einer eher \u00ab\u00a0altmodischen\u00a0\u00bb Ausr\u00fcstung wie einer alten \u00ab\u00a0Boby-M\u00fchle\u00a0\u00bb, ein offener, gusseiserner Maischebottich, h\u00f6lzerne Washbacks aus Bootsfelll\u00e4rche und einer Brennblase mit \u00ab\u00a0Wurmwanne\u00a0\u00bb.<\/p>\n<p><strong>Whisky\/Whiskey: 12yo Cask Strength 2024<br \/>\n<\/strong><span data-v-46783aec=\"\" data-v-162be419=\"\">Springbank 12yo Cask Strength 2024 wird aus einer Mischung von Bourbonf\u00e4ssern und Sherryf\u00e4ssern zusammengestellt. Die Gesamtreifungszeit betr\u00e4gt mindestens 12 Jahre, danach wird der Whisky in Fassst\u00e4rke abgef\u00fcllt: 57,2% Alkohol. Dieser Whisky wird weder gefiltert noch gef\u00e4rbt. Das gehaltvolle Kraftpaket wurde im Jahre 2012 destilliert und reifte zu 60 % in Ex-Bourbon-F\u00e4ssern und zu 40 % in Ex-Sherry-F\u00e4ssern. Der Single Malt in Original-Fasst\u00e4rke \u00fcberzeugt mit klassischen maritimen Aromen-Profil und intensiver, angenehm kr\u00e4ftiger Geschmacksstruktur. Von dieser limitierten Sonder-Auflage wurden weltweit nur wenige Flaschen hergestellt. <\/span><\/p>\n<p><strong>Info Qualit\u00e4t der Flasche:<\/strong> Exzellent &#8211; ohne Besch\u00e4digungen \/ <strong>F\u00fcllstand: <\/strong>High fill<br \/>\n<strong>Info Qualit\u00e4t der Box:<\/strong> keine Box vorhanden<\/p>\n<p><strong>Wichtiger Hinweis:<\/strong> Die Bewertung der Flaschen und Boxen erfolgt nach \u201ebesten Wissen und Gewissen\u201c. dramfolks kann keine Gew\u00e4hrleistung f\u00fcr den Inhalt der Flaschen \u00fcbernehmen. Weitere Infos &amp; Hinweise finden Sie in unseren AGBs. Wir empfehlen Ihnen, vor der Abgabe von Geboten \u00fcber die Zoomfunktion eine Besichtigung \/ genaue Pr\u00fcfung des angebotenen Whiskys vorzunehmen. Bitte kontaktieren sie uns bei Fragen direkt unter info@dramfolks.com<\/p>\n","protected":false},"excerpt":{"rendered":"<p>Destille: Springbank Die Springbank Distillery ist eine familiengef\u00fchrte Single Malt Whiskybrennerei auf der Kintyre Peninsula im Westen Schottlands. Sie geh\u00f6rt zur J &amp; A Mitchell and Co.Ltd., zu der auch die bekannte Glengyle-Destillerie und einer der \u00e4ltesten, unabh\u00e4ngigen Abf\u00fcller, William Cadenheads geh\u00f6ren. Springbank wurde 1828 lizenziert und ist einer der letzten \u00fcberlebenden Produzenten von Single[&#8230;]\n","protected":false},"featured_media":188080,"comment_status":"closed","ping_status":"closed","template":"","meta":[],"product_brand":[],"product_cat":[884],"product_tag":[],"class_list":{"0":"post-188079","1":"product","2":"type-product","3":"status-publish","4":"has-post-thumbnail","6":"product_cat-no-12","8":"first","9":"instock","10":"shipping-taxable","11":"purchasable","12":"product-type-auction"},"yoast_head":"<!-- This site is optimized with the Yoast SEO plugin v27.4 - https:\/\/yoast.com\/product\/yoast-seo-wordpress\/ -->\n<title>Springbank - 12yo Cask Strength 2024 - Dramfolks Whisky Auction<\/title>\n<meta name=\"robots\" content=\"index, follow, max-snippet:-1, max-image-preview:large, max-video-preview:-1\" \/>\n<link rel=\"canonical\" href=\"https:\/\/www.dramfolks-whisky-auction.com\/fr\/product\/springbank-12yo-cask-strength-2024\/\" \/>\n<meta property=\"og:locale\" content=\"fr_FR\" \/>\n<meta property=\"og:type\" content=\"article\" \/>\n<meta property=\"og:title\" content=\"Springbank - 12yo Cask Strength 2024 - Dramfolks Whisky Auction\" \/>\n<meta property=\"og:description\" content=\"Destille: Springbank Die Springbank Distillery ist eine familiengef\u00fchrte Single Malt Whiskybrennerei auf der Kintyre Peninsula im Westen Schottlands. Sie geh\u00f6rt zur J &amp; A Mitchell and Co.Ltd., zu der auch die bekannte Glengyle-Destillerie und einer der \u00e4ltesten, unabh\u00e4ngigen Abf\u00fcller, William Cadenheads geh\u00f6ren. Springbank wurde 1828 lizenziert und ist einer der letzten \u00fcberlebenden Produzenten von Single[...]\" \/>\n<meta property=\"og:url\" content=\"https:\/\/www.dramfolks-whisky-auction.com\/fr\/product\/springbank-12yo-cask-strength-2024\/\" \/>\n<meta property=\"og:site_name\" content=\"Dramfolks Whisky Auction\" \/>\n<meta property=\"article:modified_time\" content=\"2024-08-28T07:20:14+00:00\" \/>\n<meta property=\"og:image\" content=\"https:\/\/www.dramfolks-whisky-auction.com\/wp-content\/uploads\/2024\/08\/Springbank-Cask-Strength-vorne-scaled.jpg\" \/>\n\t<meta property=\"og:image:width\" content=\"2560\" \/>\n\t<meta property=\"og:image:height\" content=\"2560\" \/>\n\t<meta property=\"og:image:type\" content=\"image\/jpeg\" \/>\n<meta name=\"twitter:card\" content=\"summary_large_image\" \/>\n<meta name=\"twitter:label1\" content=\"Dur\u00e9e de lecture estim\u00e9e\" \/>\n\t<meta name=\"twitter:data1\" content=\"2 minutes\" \/>\n<script type=\"application\/ld+json\" class=\"yoast-schema-graph\">{\"@context\":\"https:\\\/\\\/schema.org\",\"@graph\":[{\"@type\":\"WebPage\",\"@id\":\"https:\\\/\\\/www.dramfolks-whisky-auction.com\\\/fr\\\/product\\\/springbank-12yo-cask-strength-2024\\\/\",\"url\":\"https:\\\/\\\/www.dramfolks-whisky-auction.com\\\/fr\\\/product\\\/springbank-12yo-cask-strength-2024\\\/\",\"name\":\"Springbank - 12yo Cask Strength 2024 - Dramfolks Whisky Auction\",\"isPartOf\":{\"@id\":\"https:\\\/\\\/www.dramfolks-whisky-auction.com\\\/fr\\\/#website\"},\"primaryImageOfPage\":{\"@id\":\"https:\\\/\\\/www.dramfolks-whisky-auction.com\\\/fr\\\/product\\\/springbank-12yo-cask-strength-2024\\\/#primaryimage\"},\"image\":{\"@id\":\"https:\\\/\\\/www.dramfolks-whisky-auction.com\\\/fr\\\/product\\\/springbank-12yo-cask-strength-2024\\\/#primaryimage\"},\"thumbnailUrl\":\"https:\\\/\\\/www.dramfolks-whisky-auction.com\\\/wp-content\\\/uploads\\\/2024\\\/08\\\/Springbank-Cask-Strength-vorne-scaled.jpg\",\"datePublished\":\"2024-08-09T15:32:48+00:00\",\"dateModified\":\"2024-08-28T07:20:14+00:00\",\"breadcrumb\":{\"@id\":\"https:\\\/\\\/www.dramfolks-whisky-auction.com\\\/fr\\\/product\\\/springbank-12yo-cask-strength-2024\\\/#breadcrumb\"},\"inLanguage\":\"fr-FR\",\"potentialAction\":[{\"@type\":\"ReadAction\",\"target\":[\"https:\\\/\\\/www.dramfolks-whisky-auction.com\\\/fr\\\/product\\\/springbank-12yo-cask-strength-2024\\\/\"]}]},{\"@type\":\"ImageObject\",\"inLanguage\":\"fr-FR\",\"@id\":\"https:\\\/\\\/www.dramfolks-whisky-auction.com\\\/fr\\\/product\\\/springbank-12yo-cask-strength-2024\\\/#primaryimage\",\"url\":\"https:\\\/\\\/www.dramfolks-whisky-auction.com\\\/wp-content\\\/uploads\\\/2024\\\/08\\\/Springbank-Cask-Strength-vorne-scaled.jpg\",\"contentUrl\":\"https:\\\/\\\/www.dramfolks-whisky-auction.com\\\/wp-content\\\/uploads\\\/2024\\\/08\\\/Springbank-Cask-Strength-vorne-scaled.jpg\",\"width\":2560,\"height\":2560},{\"@type\":\"BreadcrumbList\",\"@id\":\"https:\\\/\\\/www.dramfolks-whisky-auction.com\\\/fr\\\/product\\\/springbank-12yo-cask-strength-2024\\\/#breadcrumb\",\"itemListElement\":[{\"@type\":\"ListItem\",\"position\":1,\"name\":\"Startseite\",\"item\":\"https:\\\/\\\/www.dramfolks-whisky-auction.com\\\/fr\\\/\"},{\"@type\":\"ListItem\",\"position\":2,\"name\":\"Boutique\",\"item\":\"https:\\\/\\\/www.dramfolks-whisky-auction.com\\\/fr\\\/boutique\\\/\"},{\"@type\":\"ListItem\",\"position\":3,\"name\":\"Springbank &#8211; 12yo Cask Strength 2024\"}]},{\"@type\":\"WebSite\",\"@id\":\"https:\\\/\\\/www.dramfolks-whisky-auction.com\\\/fr\\\/#website\",\"url\":\"https:\\\/\\\/www.dramfolks-whisky-auction.com\\\/fr\\\/\",\"name\":\"Dramfolks Whisky Auction\",\"description\":\"\",\"potentialAction\":[{\"@type\":\"SearchAction\",\"target\":{\"@type\":\"EntryPoint\",\"urlTemplate\":\"https:\\\/\\\/www.dramfolks-whisky-auction.com\\\/fr\\\/?s={search_term_string}\"},\"query-input\":{\"@type\":\"PropertyValueSpecification\",\"valueRequired\":true,\"valueName\":\"search_term_string\"}}],\"inLanguage\":\"fr-FR\"}]}<\/script>\n<!-- \/ Yoast SEO plugin. -->","yoast_head_json":{"title":"Springbank - 12yo Cask Strength 2024 - Dramfolks Whisky Auction","robots":{"index":"index","follow":"follow","max-snippet":"max-snippet:-1","max-image-preview":"max-image-preview:large","max-video-preview":"max-video-preview:-1"},"canonical":"https:\/\/www.dramfolks-whisky-auction.com\/fr\/product\/springbank-12yo-cask-strength-2024\/","og_locale":"fr_FR","og_type":"article","og_title":"Springbank - 12yo Cask Strength 2024 - Dramfolks Whisky Auction","og_description":"Destille: Springbank Die Springbank Distillery ist eine familiengef\u00fchrte Single Malt Whiskybrennerei auf der Kintyre Peninsula im Westen Schottlands. Sie geh\u00f6rt zur J &amp; A Mitchell and Co.Ltd., zu der auch die bekannte Glengyle-Destillerie und einer der \u00e4ltesten, unabh\u00e4ngigen Abf\u00fcller, William Cadenheads geh\u00f6ren. Springbank wurde 1828 lizenziert und ist einer der letzten \u00fcberlebenden Produzenten von Single[...]","og_url":"https:\/\/www.dramfolks-whisky-auction.com\/fr\/product\/springbank-12yo-cask-strength-2024\/","og_site_name":"Dramfolks Whisky Auction","article_modified_time":"2024-08-28T07:20:14+00:00","og_image":[{"width":2560,"height":2560,"url":"https:\/\/www.dramfolks-whisky-auction.com\/wp-content\/uploads\/2024\/08\/Springbank-Cask-Strength-vorne-scaled.jpg","type":"image\/jpeg"}],"twitter_card":"summary_large_image","twitter_misc":{"Dur\u00e9e de lecture estim\u00e9e":"2 minutes"},"schema":{"@context":"https:\/\/schema.org","@graph":[{"@type":"WebPage","@id":"https:\/\/www.dramfolks-whisky-auction.com\/fr\/product\/springbank-12yo-cask-strength-2024\/","url":"https:\/\/www.dramfolks-whisky-auction.com\/fr\/product\/springbank-12yo-cask-strength-2024\/","name":"Springbank - 12yo Cask Strength 2024 - Dramfolks Whisky Auction","isPartOf":{"@id":"https:\/\/www.dramfolks-whisky-auction.com\/fr\/#website"},"primaryImageOfPage":{"@id":"https:\/\/www.dramfolks-whisky-auction.com\/fr\/product\/springbank-12yo-cask-strength-2024\/#primaryimage"},"image":{"@id":"https:\/\/www.dramfolks-whisky-auction.com\/fr\/product\/springbank-12yo-cask-strength-2024\/#primaryimage"},"thumbnailUrl":"https:\/\/www.dramfolks-whisky-auction.com\/wp-content\/uploads\/2024\/08\/Springbank-Cask-Strength-vorne-scaled.jpg","datePublished":"2024-08-09T15:32:48+00:00","dateModified":"2024-08-28T07:20:14+00:00","breadcrumb":{"@id":"https:\/\/www.dramfolks-whisky-auction.com\/fr\/product\/springbank-12yo-cask-strength-2024\/#breadcrumb"},"inLanguage":"fr-FR","potentialAction":[{"@type":"ReadAction","target":["https:\/\/www.dramfolks-whisky-auction.com\/fr\/product\/springbank-12yo-cask-strength-2024\/"]}]},{"@type":"ImageObject","inLanguage":"fr-FR","@id":"https:\/\/www.dramfolks-whisky-auction.com\/fr\/product\/springbank-12yo-cask-strength-2024\/#primaryimage","url":"https:\/\/www.dramfolks-whisky-auction.com\/wp-content\/uploads\/2024\/08\/Springbank-Cask-Strength-vorne-scaled.jpg","contentUrl":"https:\/\/www.dramfolks-whisky-auction.com\/wp-content\/uploads\/2024\/08\/Springbank-Cask-Strength-vorne-scaled.jpg","width":2560,"height":2560},{"@type":"BreadcrumbList","@id":"https:\/\/www.dramfolks-whisky-auction.com\/fr\/product\/springbank-12yo-cask-strength-2024\/#breadcrumb","itemListElement":[{"@type":"ListItem","position":1,"name":"Startseite","item":"https:\/\/www.dramfolks-whisky-auction.com\/fr\/"},{"@type":"ListItem","position":2,"name":"Boutique","item":"https:\/\/www.dramfolks-whisky-auction.com\/fr\/boutique\/"},{"@type":"ListItem","position":3,"name":"Springbank &#8211; 12yo Cask Strength 2024"}]},{"@type":"WebSite","@id":"https:\/\/www.dramfolks-whisky-auction.com\/fr\/#website","url":"https:\/\/www.dramfolks-whisky-auction.com\/fr\/","name":"Dramfolks Whisky Auction","description":"","potentialAction":[{"@type":"SearchAction","target":{"@type":"EntryPoint","urlTemplate":"https:\/\/www.dramfolks-whisky-auction.com\/fr\/?s={search_term_string}"},"query-input":{"@type":"PropertyValueSpecification","valueRequired":true,"valueName":"search_term_string"}}],"inLanguage":"fr-FR"}]}},"_links":{"self":[{"href":"https:\/\/www.dramfolks-whisky-auction.com\/fr\/wp-json\/wp\/v2\/product\/188079","targetHints":{"allow":["GET"]}}],"collection":[{"href":"https:\/\/www.dramfolks-whisky-auction.com\/fr\/wp-json\/wp\/v2\/product"}],"about":[{"href":"https:\/\/www.dramfolks-whisky-auction.com\/fr\/wp-json\/wp\/v2\/types\/product"}],"replies":[{"embeddable":true,"href":"https:\/\/www.dramfolks-whisky-auction.com\/fr\/wp-json\/wp\/v2\/comments?post=188079"}],"wp:featuredmedia":[{"embeddable":true,"href":"https:\/\/www.dramfolks-whisky-auction.com\/fr\/wp-json\/wp\/v2\/media\/188080"}],"wp:attachment":[{"href":"https:\/\/www.dramfolks-whisky-auction.com\/fr\/wp-json\/wp\/v2\/media?parent=188079"}],"wp:term":[{"taxonomy":"product_brand","embeddable":true,"href":"https:\/\/www.dramfolks-whisky-auction.com\/fr\/wp-json\/wp\/v2\/product_brand?post=188079"},{"taxonomy":"product_cat","embeddable":true,"href":"https:\/\/www.dramfolks-whisky-auction.com\/fr\/wp-json\/wp\/v2\/product_cat?post=188079"},{"taxonomy":"product_tag","embeddable":true,"href":"https:\/\/www.dramfolks-whisky-auction.com\/fr\/wp-json\/wp\/v2\/product_tag?post=188079"}],"curies":[{"name":"wp","href":"https:\/\/api.w.org\/{rel}","templated":true}]}}