{"id":188059,"date":"2024-08-09T17:15:34","date_gmt":"2024-08-09T15:15:34","guid":{"rendered":"https:\/\/www.dramfolks-whisky-auction.com\/?post_type=product&#038;p=188059"},"modified":"2024-08-28T08:57:57","modified_gmt":"2024-08-28T06:57:57","slug":"glengyle-kilkerran-heavily-peated-batch-10","status":"publish","type":"product","link":"https:\/\/www.dramfolks-whisky-auction.com\/fr\/product\/glengyle-kilkerran-heavily-peated-batch-10\/","title":{"rendered":"Glengyle &#8211; Kilkerran Heavily Peated Batch 10"},"content":{"rendered":"<p><strong>Destille: Glengyle<br \/>\n<\/strong>Glengyle ist eine 1872 von William Mitchell gegr\u00fcndete und 1873 fertiggestellte Whiskybrennerei in Campbeltown, Schottland. Als in den 1910er Jahren die Whiskybranche von der wirtschaftlichen Depression und der Prohibition in den USA getroffen wurde, musste in der Folge die Destillerie wegen der schlecht laufenden Gesch\u00e4fte 1919 an West Highland Malt verkauft werden. Nur kurze Zeit sp\u00e4ter, 1924, wechselte die Brennerei erneut den Besitzer. Dieser fuhr die Produktion der Brennerei nur ein Jahr sp\u00e4ter herunter und verkaufte die Restbest\u00e4nde des Whiskys. Ganze 75 Jahre sp\u00e4ter dauerte es bis J&amp;A Mitchell, u.a. der Eigent\u00fcmer vom unabh\u00e4ngige Abf\u00fcller Wm Cadenhead, die Destillerie erwarben und Mitchell&rsquo;s Glengyle als Tochtergesellschaft gr\u00fcndete. Die Gruppe, unter der Leitung von Hedley Wright, verbrachte die n\u00e4chsten vier Jahre mit der Renovierung der Anlage, die schlie\u00dflich 2004 wiederer\u00f6ffnet wurde. Die Markerechte f\u00fcr Glengyle waren an die Bloch Bros., den Vorbesitzern der Destillerie, \u00fcbergegangen, sodass der Whisky der Destillerie fortan unter dem Markennamen Kilkerran abgef\u00fcllt wurde (dem urspr\u00fcnglichen g\u00e4lischen Namen f\u00fcr Campbeltown).<\/p>\n<p><strong>Fun Fakt:\u00a0<\/strong>Ein \u00ab\u00a0Wechselbad der Gef\u00fchle\u00a0\u00bb und prominente Verwandtschaft&#8230;<br \/>\nEs gab seeeeeehr viele Besitzerwechsel, die alle dem Untergang geweiht waren: 1919 an West Highland Malt verkauft, 1924 erneuter Besitzerwchsel, der die Brennerei nach einem Jahr Produktion herunterfuhr und alle Restbest\u00e4nde des Glengyle Whiskys verkaufte. Kurz vor dem 2. Weltkrieg versuchte Maurice Bloch die Brennerei wieder zu er\u00f6ffnen&#8230; ohne Erfolg als der Krieg kam. Ein letzter Versuch der Wiederbelebung in den 1950er Jahren durch die Campbell Henderson Ltd. schlug ebenfalls fehl.<br \/>\nUnd warum \u00ab\u00a0prominente Verwandtschaft\u00a0\u00bb? Springbank ist der gro\u00dfe \u00ab\u00a0Bruder\u00a0\u00bb und Glen Scotia die entfernte \u00ab\u00a0Cousine\u00a0\u00bb&#8230; Die Glengyle-Destillerie entstand als eine Abspaltung von der Springbank-Destillerie durch William Mitchell, der ein Sohn des Springbank-Gr\u00fcnders Archibald Mitchell war. Maurice Bloch, der die Destillerie wiederbeleben wollte, war damals mit seinem Bruder der Besitzer von Glen Scotia. Und nun ist die Destillerie seit 2000 wieder in der Familie der Mitchells, Eigent\u00fcmer von Springbank, Longrow, Hazelburn und Wm.Cadenhead&#8230;<\/p>\n<p><strong>Whisky\/Whiskey: Kilkerran Heavily Peated Batch 10<br \/>\n<\/strong>Mit der \u201ePeat In Progress\u201c-Serie beschreitet die Campbeltown Brennerei Kilkerran einen innovativen Weg. In Anlehnung an die bekannten \u201eWork In Progress\u201c-Editionen erwarten uns neue, spannende Akzente der Destillerie. Das Batch No. 10 vom Heavily Peated wurde in Fassst\u00e4rke abgef\u00fcllt und differenziert sich deutlich mit einer starken Rauchnote von der Core Range. Es reifte zu 90% in einem Ex-Bourbon Fass und zu 10% in einem Sherry Fass. Kilkerran meets Innovation \u2013 man darf die Entwicklung der \u201ePeat In Progress\u201c-Reihe mit Freude und Neugier erwarten.<\/p>\n<p><strong>Info Qualit\u00e4t der Flasche:<\/strong> Exzellent &#8211; ohne Besch\u00e4digungen \/ <strong>F\u00fcllstand:<\/strong> High fill<br \/>\n<strong>Info Qualit\u00e4t der Box:<\/strong> keine Box vorhanden<\/p>\n<p><strong>Wichtiger Hinweis:<\/strong> Die Bewertung der Flaschen und Boxen erfolgt nach \u201ebesten Wissen und Gewissen\u201c. dramfolks kann keine Gew\u00e4hrleistung f\u00fcr den Inhalt der Flaschen \u00fcbernehmen. Weitere Infos &amp; Hinweise finden Sie in unseren AGBs. Wir empfehlen Ihnen, vor der Abgabe von Geboten \u00fcber die Zoomfunktion eine Besichtigung \/ genaue Pr\u00fcfung des angebotenen Whiskys vorzunehmen. Bitte kontaktieren sie uns bei Fragen direkt unter info@dramfolks.com<\/p>\n","protected":false},"excerpt":{"rendered":"<p>Destille: Glengyle Glengyle ist eine 1872 von William Mitchell gegr\u00fcndete und 1873 fertiggestellte Whiskybrennerei in Campbeltown, Schottland. Als in den 1910er Jahren die Whiskybranche von der wirtschaftlichen Depression und der Prohibition in den USA getroffen wurde, musste in der Folge die Destillerie wegen der schlecht laufenden Gesch\u00e4fte 1919 an West Highland Malt verkauft werden. Nur[&#8230;]\n","protected":false},"featured_media":188060,"comment_status":"closed","ping_status":"closed","template":"","meta":[],"product_brand":[],"product_cat":[884],"product_tag":[],"class_list":{"0":"post-188059","1":"product","2":"type-product","3":"status-publish","4":"has-post-thumbnail","6":"product_cat-no-12","8":"first","9":"instock","10":"shipping-taxable","11":"purchasable","12":"product-type-auction"},"yoast_head":"<!-- This site is optimized with the Yoast SEO plugin v27.4 - https:\/\/yoast.com\/product\/yoast-seo-wordpress\/ -->\n<title>Glengyle - Kilkerran Heavily Peated Batch 10 - Dramfolks Whisky Auction<\/title>\n<meta name=\"robots\" content=\"index, follow, max-snippet:-1, max-image-preview:large, max-video-preview:-1\" \/>\n<link rel=\"canonical\" href=\"https:\/\/www.dramfolks-whisky-auction.com\/fr\/product\/glengyle-kilkerran-heavily-peated-batch-10\/\" \/>\n<meta property=\"og:locale\" content=\"fr_FR\" \/>\n<meta property=\"og:type\" content=\"article\" \/>\n<meta property=\"og:title\" content=\"Glengyle - Kilkerran Heavily Peated Batch 10 - Dramfolks Whisky Auction\" \/>\n<meta property=\"og:description\" content=\"Destille: Glengyle Glengyle ist eine 1872 von William Mitchell gegr\u00fcndete und 1873 fertiggestellte Whiskybrennerei in Campbeltown, Schottland. Als in den 1910er Jahren die Whiskybranche von der wirtschaftlichen Depression und der Prohibition in den USA getroffen wurde, musste in der Folge die Destillerie wegen der schlecht laufenden Gesch\u00e4fte 1919 an West Highland Malt verkauft werden. Nur[...]\" \/>\n<meta property=\"og:url\" content=\"https:\/\/www.dramfolks-whisky-auction.com\/fr\/product\/glengyle-kilkerran-heavily-peated-batch-10\/\" \/>\n<meta property=\"og:site_name\" content=\"Dramfolks Whisky Auction\" \/>\n<meta property=\"article:modified_time\" content=\"2024-08-28T06:57:57+00:00\" \/>\n<meta property=\"og:image\" content=\"https:\/\/www.dramfolks-whisky-auction.com\/wp-content\/uploads\/2024\/08\/Kilkerran-vorne-scaled.jpg\" \/>\n\t<meta property=\"og:image:width\" content=\"2560\" \/>\n\t<meta property=\"og:image:height\" content=\"2560\" \/>\n\t<meta property=\"og:image:type\" content=\"image\/jpeg\" \/>\n<meta name=\"twitter:card\" content=\"summary_large_image\" \/>\n<meta name=\"twitter:label1\" content=\"Dur\u00e9e de lecture estim\u00e9e\" \/>\n\t<meta name=\"twitter:data1\" content=\"3 minutes\" \/>\n<script type=\"application\/ld+json\" class=\"yoast-schema-graph\">{\"@context\":\"https:\\\/\\\/schema.org\",\"@graph\":[{\"@type\":\"WebPage\",\"@id\":\"https:\\\/\\\/www.dramfolks-whisky-auction.com\\\/fr\\\/product\\\/glengyle-kilkerran-heavily-peated-batch-10\\\/\",\"url\":\"https:\\\/\\\/www.dramfolks-whisky-auction.com\\\/fr\\\/product\\\/glengyle-kilkerran-heavily-peated-batch-10\\\/\",\"name\":\"Glengyle - Kilkerran Heavily Peated Batch 10 - Dramfolks Whisky Auction\",\"isPartOf\":{\"@id\":\"https:\\\/\\\/www.dramfolks-whisky-auction.com\\\/fr\\\/#website\"},\"primaryImageOfPage\":{\"@id\":\"https:\\\/\\\/www.dramfolks-whisky-auction.com\\\/fr\\\/product\\\/glengyle-kilkerran-heavily-peated-batch-10\\\/#primaryimage\"},\"image\":{\"@id\":\"https:\\\/\\\/www.dramfolks-whisky-auction.com\\\/fr\\\/product\\\/glengyle-kilkerran-heavily-peated-batch-10\\\/#primaryimage\"},\"thumbnailUrl\":\"https:\\\/\\\/www.dramfolks-whisky-auction.com\\\/wp-content\\\/uploads\\\/2024\\\/08\\\/Kilkerran-vorne-scaled.jpg\",\"datePublished\":\"2024-08-09T15:15:34+00:00\",\"dateModified\":\"2024-08-28T06:57:57+00:00\",\"breadcrumb\":{\"@id\":\"https:\\\/\\\/www.dramfolks-whisky-auction.com\\\/fr\\\/product\\\/glengyle-kilkerran-heavily-peated-batch-10\\\/#breadcrumb\"},\"inLanguage\":\"fr-FR\",\"potentialAction\":[{\"@type\":\"ReadAction\",\"target\":[\"https:\\\/\\\/www.dramfolks-whisky-auction.com\\\/fr\\\/product\\\/glengyle-kilkerran-heavily-peated-batch-10\\\/\"]}]},{\"@type\":\"ImageObject\",\"inLanguage\":\"fr-FR\",\"@id\":\"https:\\\/\\\/www.dramfolks-whisky-auction.com\\\/fr\\\/product\\\/glengyle-kilkerran-heavily-peated-batch-10\\\/#primaryimage\",\"url\":\"https:\\\/\\\/www.dramfolks-whisky-auction.com\\\/wp-content\\\/uploads\\\/2024\\\/08\\\/Kilkerran-vorne-scaled.jpg\",\"contentUrl\":\"https:\\\/\\\/www.dramfolks-whisky-auction.com\\\/wp-content\\\/uploads\\\/2024\\\/08\\\/Kilkerran-vorne-scaled.jpg\",\"width\":2560,\"height\":2560},{\"@type\":\"BreadcrumbList\",\"@id\":\"https:\\\/\\\/www.dramfolks-whisky-auction.com\\\/fr\\\/product\\\/glengyle-kilkerran-heavily-peated-batch-10\\\/#breadcrumb\",\"itemListElement\":[{\"@type\":\"ListItem\",\"position\":1,\"name\":\"Startseite\",\"item\":\"https:\\\/\\\/www.dramfolks-whisky-auction.com\\\/fr\\\/\"},{\"@type\":\"ListItem\",\"position\":2,\"name\":\"Boutique\",\"item\":\"https:\\\/\\\/www.dramfolks-whisky-auction.com\\\/fr\\\/boutique\\\/\"},{\"@type\":\"ListItem\",\"position\":3,\"name\":\"Glengyle &#8211; Kilkerran Heavily Peated Batch 10\"}]},{\"@type\":\"WebSite\",\"@id\":\"https:\\\/\\\/www.dramfolks-whisky-auction.com\\\/fr\\\/#website\",\"url\":\"https:\\\/\\\/www.dramfolks-whisky-auction.com\\\/fr\\\/\",\"name\":\"Dramfolks Whisky Auction\",\"description\":\"\",\"potentialAction\":[{\"@type\":\"SearchAction\",\"target\":{\"@type\":\"EntryPoint\",\"urlTemplate\":\"https:\\\/\\\/www.dramfolks-whisky-auction.com\\\/fr\\\/?s={search_term_string}\"},\"query-input\":{\"@type\":\"PropertyValueSpecification\",\"valueRequired\":true,\"valueName\":\"search_term_string\"}}],\"inLanguage\":\"fr-FR\"}]}<\/script>\n<!-- \/ Yoast SEO plugin. -->","yoast_head_json":{"title":"Glengyle - Kilkerran Heavily Peated Batch 10 - Dramfolks Whisky Auction","robots":{"index":"index","follow":"follow","max-snippet":"max-snippet:-1","max-image-preview":"max-image-preview:large","max-video-preview":"max-video-preview:-1"},"canonical":"https:\/\/www.dramfolks-whisky-auction.com\/fr\/product\/glengyle-kilkerran-heavily-peated-batch-10\/","og_locale":"fr_FR","og_type":"article","og_title":"Glengyle - Kilkerran Heavily Peated Batch 10 - Dramfolks Whisky Auction","og_description":"Destille: Glengyle Glengyle ist eine 1872 von William Mitchell gegr\u00fcndete und 1873 fertiggestellte Whiskybrennerei in Campbeltown, Schottland. Als in den 1910er Jahren die Whiskybranche von der wirtschaftlichen Depression und der Prohibition in den USA getroffen wurde, musste in der Folge die Destillerie wegen der schlecht laufenden Gesch\u00e4fte 1919 an West Highland Malt verkauft werden. Nur[...]","og_url":"https:\/\/www.dramfolks-whisky-auction.com\/fr\/product\/glengyle-kilkerran-heavily-peated-batch-10\/","og_site_name":"Dramfolks Whisky Auction","article_modified_time":"2024-08-28T06:57:57+00:00","og_image":[{"width":2560,"height":2560,"url":"https:\/\/www.dramfolks-whisky-auction.com\/wp-content\/uploads\/2024\/08\/Kilkerran-vorne-scaled.jpg","type":"image\/jpeg"}],"twitter_card":"summary_large_image","twitter_misc":{"Dur\u00e9e de lecture estim\u00e9e":"3 minutes"},"schema":{"@context":"https:\/\/schema.org","@graph":[{"@type":"WebPage","@id":"https:\/\/www.dramfolks-whisky-auction.com\/fr\/product\/glengyle-kilkerran-heavily-peated-batch-10\/","url":"https:\/\/www.dramfolks-whisky-auction.com\/fr\/product\/glengyle-kilkerran-heavily-peated-batch-10\/","name":"Glengyle - Kilkerran Heavily Peated Batch 10 - Dramfolks Whisky Auction","isPartOf":{"@id":"https:\/\/www.dramfolks-whisky-auction.com\/fr\/#website"},"primaryImageOfPage":{"@id":"https:\/\/www.dramfolks-whisky-auction.com\/fr\/product\/glengyle-kilkerran-heavily-peated-batch-10\/#primaryimage"},"image":{"@id":"https:\/\/www.dramfolks-whisky-auction.com\/fr\/product\/glengyle-kilkerran-heavily-peated-batch-10\/#primaryimage"},"thumbnailUrl":"https:\/\/www.dramfolks-whisky-auction.com\/wp-content\/uploads\/2024\/08\/Kilkerran-vorne-scaled.jpg","datePublished":"2024-08-09T15:15:34+00:00","dateModified":"2024-08-28T06:57:57+00:00","breadcrumb":{"@id":"https:\/\/www.dramfolks-whisky-auction.com\/fr\/product\/glengyle-kilkerran-heavily-peated-batch-10\/#breadcrumb"},"inLanguage":"fr-FR","potentialAction":[{"@type":"ReadAction","target":["https:\/\/www.dramfolks-whisky-auction.com\/fr\/product\/glengyle-kilkerran-heavily-peated-batch-10\/"]}]},{"@type":"ImageObject","inLanguage":"fr-FR","@id":"https:\/\/www.dramfolks-whisky-auction.com\/fr\/product\/glengyle-kilkerran-heavily-peated-batch-10\/#primaryimage","url":"https:\/\/www.dramfolks-whisky-auction.com\/wp-content\/uploads\/2024\/08\/Kilkerran-vorne-scaled.jpg","contentUrl":"https:\/\/www.dramfolks-whisky-auction.com\/wp-content\/uploads\/2024\/08\/Kilkerran-vorne-scaled.jpg","width":2560,"height":2560},{"@type":"BreadcrumbList","@id":"https:\/\/www.dramfolks-whisky-auction.com\/fr\/product\/glengyle-kilkerran-heavily-peated-batch-10\/#breadcrumb","itemListElement":[{"@type":"ListItem","position":1,"name":"Startseite","item":"https:\/\/www.dramfolks-whisky-auction.com\/fr\/"},{"@type":"ListItem","position":2,"name":"Boutique","item":"https:\/\/www.dramfolks-whisky-auction.com\/fr\/boutique\/"},{"@type":"ListItem","position":3,"name":"Glengyle &#8211; Kilkerran Heavily Peated Batch 10"}]},{"@type":"WebSite","@id":"https:\/\/www.dramfolks-whisky-auction.com\/fr\/#website","url":"https:\/\/www.dramfolks-whisky-auction.com\/fr\/","name":"Dramfolks Whisky Auction","description":"","potentialAction":[{"@type":"SearchAction","target":{"@type":"EntryPoint","urlTemplate":"https:\/\/www.dramfolks-whisky-auction.com\/fr\/?s={search_term_string}"},"query-input":{"@type":"PropertyValueSpecification","valueRequired":true,"valueName":"search_term_string"}}],"inLanguage":"fr-FR"}]}},"_links":{"self":[{"href":"https:\/\/www.dramfolks-whisky-auction.com\/fr\/wp-json\/wp\/v2\/product\/188059","targetHints":{"allow":["GET"]}}],"collection":[{"href":"https:\/\/www.dramfolks-whisky-auction.com\/fr\/wp-json\/wp\/v2\/product"}],"about":[{"href":"https:\/\/www.dramfolks-whisky-auction.com\/fr\/wp-json\/wp\/v2\/types\/product"}],"replies":[{"embeddable":true,"href":"https:\/\/www.dramfolks-whisky-auction.com\/fr\/wp-json\/wp\/v2\/comments?post=188059"}],"wp:featuredmedia":[{"embeddable":true,"href":"https:\/\/www.dramfolks-whisky-auction.com\/fr\/wp-json\/wp\/v2\/media\/188060"}],"wp:attachment":[{"href":"https:\/\/www.dramfolks-whisky-auction.com\/fr\/wp-json\/wp\/v2\/media?parent=188059"}],"wp:term":[{"taxonomy":"product_brand","embeddable":true,"href":"https:\/\/www.dramfolks-whisky-auction.com\/fr\/wp-json\/wp\/v2\/product_brand?post=188059"},{"taxonomy":"product_cat","embeddable":true,"href":"https:\/\/www.dramfolks-whisky-auction.com\/fr\/wp-json\/wp\/v2\/product_cat?post=188059"},{"taxonomy":"product_tag","embeddable":true,"href":"https:\/\/www.dramfolks-whisky-auction.com\/fr\/wp-json\/wp\/v2\/product_tag?post=188059"}],"curies":[{"name":"wp","href":"https:\/\/api.w.org\/{rel}","templated":true}]}}