{"id":170852,"date":"2024-08-06T20:26:05","date_gmt":"2024-08-06T18:26:05","guid":{"rendered":"https:\/\/www.dramfolks-whisky-auction.com\/?post_type=product&#038;p=170852"},"modified":"2024-08-27T21:22:14","modified_gmt":"2024-08-27T19:22:14","slug":"loch-lomond-11yo-exclusive-cask-2010-2022","status":"publish","type":"product","link":"https:\/\/www.dramfolks-whisky-auction.com\/fr\/product\/loch-lomond-11yo-exclusive-cask-2010-2022\/","title":{"rendered":"Loch Lomond &#8211; 11yo Exclusive Cask 2010\/2022"},"content":{"rendered":"<p><strong>Destille: Loch Lomond<br \/>\n<\/strong>Die Loch Lomond Distillery steht seit 1964 in Alexandria, einer kleinen Stadt s\u00fcdlich des sch\u00f6nen Loch Lomond. Sie produzierten ausschlie\u00dflich Malt <span class=\"tx-datamintslossaryextension-no-replacement\">Whisky<\/span>, bis 1993 die <span class=\"tx-datamintslossaryextension-no-replacement\">Coffey Still<\/span> f\u00fcr die <span class=\"tx-datamintslossaryextension-no-replacement\">Produktion<\/span> von <span class=\"tx-datamintslossaryextension-no-replacement\">Grain Whisky<\/span> installiert wurde. Die Produktionsmenge wurde nun erh\u00f6ht und Loch Lomond wurde zur einzigen <span class=\"tx-datamintslossaryextension-no-replacement\">Brennerei<\/span>, die Malt und <span class=\"tx-datamintslossaryextension-no-replacement\">Grain Whisky<\/span> unter einem Dach produziert. 1994 \u00fcbernahm die Firma die <span class=\"tx-datamintslossaryextension-no-replacement\">Brennerei<\/span> Glen Scotia in Campeltown. 2014 wurden Loch Lomond, Glen Scotia und die Abf\u00fcllanlage Glen Catrine in Ayrshire an eine private Firma namens Exponent verkauft. Die <span class=\"tx-datamintslossaryextension-no-replacement\">Brennerei<\/span> produziert nun ein breites Spektrum verschiedener <span class=\"tx-datamintslossaryextension-no-replacement\">Whiskys<\/span>, sowohl Single Malts als auch Single Grains und Blends.<br \/>\nJ\u00e4hrliches Produktionsvolumen: \u00fcber 20 Mio. Litern pro Jahr.<\/p>\n<p><strong>Fun Fakt:\u00a0<\/strong>Dieser Highland Malt fand Mitte des letzten Jahrhunderts auch Einzug in die \u201eTim und Struppi\u201c- Comics des belgischen Autors Herg\u00e9, die aktuell von den Regisseuren und Produzenten Steven Spielberg und Peter Jackson verfilmt werden. In den Comics trinkt eine der Hauptfiguren, Kapit\u00e4n Haddock, mit gro\u00dfer Vorliebe Loch Lomond Whisky.<\/p>\n<p><strong>Whisky\/Whiskey: 11yo Exclusive Cask 2010\/2022<br \/>\n<\/strong>Den 11 Jahre alten Loch Lomond aus Cask 21\/546-5 hat die Brennerei f\u00fcr ihre Exclusive Casks Serie ver\u00f6ffentlicht. Der Single Malt Single Cask Whisky durfte von 2010 bis 2022 reifen. Er hat seine Fassreife in einem ausgew\u00e4hlten First Fill Bordeaux Red Wine Hogshead verbringen d\u00fcrfen. Als naturbelassener Scotch kommt er zudem ohne Farbstoffe aus und ist nicht k\u00fchlgefiltert. Der Alkoholgehalt betr\u00e4gt kr\u00e4ftige 54,9 Volumenprozent. Weltweit gibt es nur 302 Flaschen zu kaufen!!<\/p>\n<p><strong>Info Qualit\u00e4t der Flasche:<\/strong> Exzellent &#8211; ohne Besch\u00e4digungen \/ <strong>F\u00fcllstand:<\/strong> Into neck<br \/>\n<strong>Info Qualit\u00e4t der Box: <\/strong>keine Box vorhanden<\/p>\n<p><strong>Wichtiger Hinweis:<\/strong> Die Bewertung der Flaschen und Boxen erfolgt nach \u201ebesten Wissen und Gewissen\u201c. dramfolks kann keine Gew\u00e4hrleistung f\u00fcr den Inhalt der Flaschen \u00fcbernehmen. Weitere Infos &amp; Hinweise finden Sie in unseren AGBs. Wir empfehlen Ihnen, vor der Abgabe von Geboten \u00fcber die Zoomfunktion eine Besichtigung \/ genaue Pr\u00fcfung des angebotenen Whiskys vorzunehmen. Bitte kontaktieren sie uns bei Fragen direkt unter info@dramfolks.com<\/p>\n","protected":false},"excerpt":{"rendered":"<p>Destille: Loch Lomond Die Loch Lomond Distillery steht seit 1964 in Alexandria, einer kleinen Stadt s\u00fcdlich des sch\u00f6nen Loch Lomond. Sie produzierten ausschlie\u00dflich Malt Whisky, bis 1993 die Coffey Still f\u00fcr die Produktion von Grain Whisky installiert wurde. Die Produktionsmenge wurde nun erh\u00f6ht und Loch Lomond wurde zur einzigen Brennerei, die Malt und Grain Whisky[&#8230;]\n","protected":false},"featured_media":170853,"comment_status":"closed","ping_status":"closed","template":"","meta":[],"product_brand":[],"product_cat":[884],"product_tag":[],"class_list":{"0":"post-170852","1":"product","2":"type-product","3":"status-publish","4":"has-post-thumbnail","6":"product_cat-no-12","8":"first","9":"instock","10":"shipping-taxable","11":"purchasable","12":"product-type-auction"},"yoast_head":"<!-- This site is optimized with the Yoast SEO plugin v27.4 - https:\/\/yoast.com\/product\/yoast-seo-wordpress\/ -->\n<title>Loch Lomond - 11yo Exclusive Cask 2010\/2022 - Dramfolks Whisky Auction<\/title>\n<meta name=\"robots\" content=\"index, follow, max-snippet:-1, max-image-preview:large, max-video-preview:-1\" \/>\n<link rel=\"canonical\" href=\"https:\/\/www.dramfolks-whisky-auction.com\/fr\/product\/loch-lomond-11yo-exclusive-cask-2010-2022\/\" \/>\n<meta property=\"og:locale\" content=\"fr_FR\" \/>\n<meta property=\"og:type\" content=\"article\" \/>\n<meta property=\"og:title\" content=\"Loch Lomond - 11yo Exclusive Cask 2010\/2022 - Dramfolks Whisky Auction\" \/>\n<meta property=\"og:description\" content=\"Destille: Loch Lomond Die Loch Lomond Distillery steht seit 1964 in Alexandria, einer kleinen Stadt s\u00fcdlich des sch\u00f6nen Loch Lomond. Sie produzierten ausschlie\u00dflich Malt Whisky, bis 1993 die Coffey Still f\u00fcr die Produktion von Grain Whisky installiert wurde. Die Produktionsmenge wurde nun erh\u00f6ht und Loch Lomond wurde zur einzigen Brennerei, die Malt und Grain Whisky[...]\" \/>\n<meta property=\"og:url\" content=\"https:\/\/www.dramfolks-whisky-auction.com\/fr\/product\/loch-lomond-11yo-exclusive-cask-2010-2022\/\" \/>\n<meta property=\"og:site_name\" content=\"Dramfolks Whisky Auction\" \/>\n<meta property=\"article:modified_time\" content=\"2024-08-27T19:22:14+00:00\" \/>\n<meta property=\"og:image\" content=\"https:\/\/www.dramfolks-whisky-auction.com\/wp-content\/uploads\/2024\/08\/Loch-Lomond-vorne-scaled.jpg\" \/>\n\t<meta property=\"og:image:width\" content=\"2560\" \/>\n\t<meta property=\"og:image:height\" content=\"2560\" \/>\n\t<meta property=\"og:image:type\" content=\"image\/jpeg\" \/>\n<meta name=\"twitter:card\" content=\"summary_large_image\" \/>\n<meta name=\"twitter:label1\" content=\"Dur\u00e9e de lecture estim\u00e9e\" \/>\n\t<meta name=\"twitter:data1\" content=\"2 minutes\" \/>\n<script type=\"application\/ld+json\" class=\"yoast-schema-graph\">{\"@context\":\"https:\\\/\\\/schema.org\",\"@graph\":[{\"@type\":\"WebPage\",\"@id\":\"https:\\\/\\\/www.dramfolks-whisky-auction.com\\\/fr\\\/product\\\/loch-lomond-11yo-exclusive-cask-2010-2022\\\/\",\"url\":\"https:\\\/\\\/www.dramfolks-whisky-auction.com\\\/fr\\\/product\\\/loch-lomond-11yo-exclusive-cask-2010-2022\\\/\",\"name\":\"Loch Lomond - 11yo Exclusive Cask 2010\\\/2022 - Dramfolks Whisky Auction\",\"isPartOf\":{\"@id\":\"https:\\\/\\\/www.dramfolks-whisky-auction.com\\\/fr\\\/#website\"},\"primaryImageOfPage\":{\"@id\":\"https:\\\/\\\/www.dramfolks-whisky-auction.com\\\/fr\\\/product\\\/loch-lomond-11yo-exclusive-cask-2010-2022\\\/#primaryimage\"},\"image\":{\"@id\":\"https:\\\/\\\/www.dramfolks-whisky-auction.com\\\/fr\\\/product\\\/loch-lomond-11yo-exclusive-cask-2010-2022\\\/#primaryimage\"},\"thumbnailUrl\":\"https:\\\/\\\/www.dramfolks-whisky-auction.com\\\/wp-content\\\/uploads\\\/2024\\\/08\\\/Loch-Lomond-vorne-scaled.jpg\",\"datePublished\":\"2024-08-06T18:26:05+00:00\",\"dateModified\":\"2024-08-27T19:22:14+00:00\",\"breadcrumb\":{\"@id\":\"https:\\\/\\\/www.dramfolks-whisky-auction.com\\\/fr\\\/product\\\/loch-lomond-11yo-exclusive-cask-2010-2022\\\/#breadcrumb\"},\"inLanguage\":\"fr-FR\",\"potentialAction\":[{\"@type\":\"ReadAction\",\"target\":[\"https:\\\/\\\/www.dramfolks-whisky-auction.com\\\/fr\\\/product\\\/loch-lomond-11yo-exclusive-cask-2010-2022\\\/\"]}]},{\"@type\":\"ImageObject\",\"inLanguage\":\"fr-FR\",\"@id\":\"https:\\\/\\\/www.dramfolks-whisky-auction.com\\\/fr\\\/product\\\/loch-lomond-11yo-exclusive-cask-2010-2022\\\/#primaryimage\",\"url\":\"https:\\\/\\\/www.dramfolks-whisky-auction.com\\\/wp-content\\\/uploads\\\/2024\\\/08\\\/Loch-Lomond-vorne-scaled.jpg\",\"contentUrl\":\"https:\\\/\\\/www.dramfolks-whisky-auction.com\\\/wp-content\\\/uploads\\\/2024\\\/08\\\/Loch-Lomond-vorne-scaled.jpg\",\"width\":2560,\"height\":2560},{\"@type\":\"BreadcrumbList\",\"@id\":\"https:\\\/\\\/www.dramfolks-whisky-auction.com\\\/fr\\\/product\\\/loch-lomond-11yo-exclusive-cask-2010-2022\\\/#breadcrumb\",\"itemListElement\":[{\"@type\":\"ListItem\",\"position\":1,\"name\":\"Startseite\",\"item\":\"https:\\\/\\\/www.dramfolks-whisky-auction.com\\\/fr\\\/\"},{\"@type\":\"ListItem\",\"position\":2,\"name\":\"Boutique\",\"item\":\"https:\\\/\\\/www.dramfolks-whisky-auction.com\\\/fr\\\/boutique\\\/\"},{\"@type\":\"ListItem\",\"position\":3,\"name\":\"Loch Lomond &#8211; 11yo Exclusive Cask 2010\\\/2022\"}]},{\"@type\":\"WebSite\",\"@id\":\"https:\\\/\\\/www.dramfolks-whisky-auction.com\\\/fr\\\/#website\",\"url\":\"https:\\\/\\\/www.dramfolks-whisky-auction.com\\\/fr\\\/\",\"name\":\"Dramfolks Whisky Auction\",\"description\":\"\",\"potentialAction\":[{\"@type\":\"SearchAction\",\"target\":{\"@type\":\"EntryPoint\",\"urlTemplate\":\"https:\\\/\\\/www.dramfolks-whisky-auction.com\\\/fr\\\/?s={search_term_string}\"},\"query-input\":{\"@type\":\"PropertyValueSpecification\",\"valueRequired\":true,\"valueName\":\"search_term_string\"}}],\"inLanguage\":\"fr-FR\"}]}<\/script>\n<!-- \/ Yoast SEO plugin. -->","yoast_head_json":{"title":"Loch Lomond - 11yo Exclusive Cask 2010\/2022 - Dramfolks Whisky Auction","robots":{"index":"index","follow":"follow","max-snippet":"max-snippet:-1","max-image-preview":"max-image-preview:large","max-video-preview":"max-video-preview:-1"},"canonical":"https:\/\/www.dramfolks-whisky-auction.com\/fr\/product\/loch-lomond-11yo-exclusive-cask-2010-2022\/","og_locale":"fr_FR","og_type":"article","og_title":"Loch Lomond - 11yo Exclusive Cask 2010\/2022 - Dramfolks Whisky Auction","og_description":"Destille: Loch Lomond Die Loch Lomond Distillery steht seit 1964 in Alexandria, einer kleinen Stadt s\u00fcdlich des sch\u00f6nen Loch Lomond. Sie produzierten ausschlie\u00dflich Malt Whisky, bis 1993 die Coffey Still f\u00fcr die Produktion von Grain Whisky installiert wurde. Die Produktionsmenge wurde nun erh\u00f6ht und Loch Lomond wurde zur einzigen Brennerei, die Malt und Grain Whisky[...]","og_url":"https:\/\/www.dramfolks-whisky-auction.com\/fr\/product\/loch-lomond-11yo-exclusive-cask-2010-2022\/","og_site_name":"Dramfolks Whisky Auction","article_modified_time":"2024-08-27T19:22:14+00:00","og_image":[{"width":2560,"height":2560,"url":"https:\/\/www.dramfolks-whisky-auction.com\/wp-content\/uploads\/2024\/08\/Loch-Lomond-vorne-scaled.jpg","type":"image\/jpeg"}],"twitter_card":"summary_large_image","twitter_misc":{"Dur\u00e9e de lecture estim\u00e9e":"2 minutes"},"schema":{"@context":"https:\/\/schema.org","@graph":[{"@type":"WebPage","@id":"https:\/\/www.dramfolks-whisky-auction.com\/fr\/product\/loch-lomond-11yo-exclusive-cask-2010-2022\/","url":"https:\/\/www.dramfolks-whisky-auction.com\/fr\/product\/loch-lomond-11yo-exclusive-cask-2010-2022\/","name":"Loch Lomond - 11yo Exclusive Cask 2010\/2022 - Dramfolks Whisky Auction","isPartOf":{"@id":"https:\/\/www.dramfolks-whisky-auction.com\/fr\/#website"},"primaryImageOfPage":{"@id":"https:\/\/www.dramfolks-whisky-auction.com\/fr\/product\/loch-lomond-11yo-exclusive-cask-2010-2022\/#primaryimage"},"image":{"@id":"https:\/\/www.dramfolks-whisky-auction.com\/fr\/product\/loch-lomond-11yo-exclusive-cask-2010-2022\/#primaryimage"},"thumbnailUrl":"https:\/\/www.dramfolks-whisky-auction.com\/wp-content\/uploads\/2024\/08\/Loch-Lomond-vorne-scaled.jpg","datePublished":"2024-08-06T18:26:05+00:00","dateModified":"2024-08-27T19:22:14+00:00","breadcrumb":{"@id":"https:\/\/www.dramfolks-whisky-auction.com\/fr\/product\/loch-lomond-11yo-exclusive-cask-2010-2022\/#breadcrumb"},"inLanguage":"fr-FR","potentialAction":[{"@type":"ReadAction","target":["https:\/\/www.dramfolks-whisky-auction.com\/fr\/product\/loch-lomond-11yo-exclusive-cask-2010-2022\/"]}]},{"@type":"ImageObject","inLanguage":"fr-FR","@id":"https:\/\/www.dramfolks-whisky-auction.com\/fr\/product\/loch-lomond-11yo-exclusive-cask-2010-2022\/#primaryimage","url":"https:\/\/www.dramfolks-whisky-auction.com\/wp-content\/uploads\/2024\/08\/Loch-Lomond-vorne-scaled.jpg","contentUrl":"https:\/\/www.dramfolks-whisky-auction.com\/wp-content\/uploads\/2024\/08\/Loch-Lomond-vorne-scaled.jpg","width":2560,"height":2560},{"@type":"BreadcrumbList","@id":"https:\/\/www.dramfolks-whisky-auction.com\/fr\/product\/loch-lomond-11yo-exclusive-cask-2010-2022\/#breadcrumb","itemListElement":[{"@type":"ListItem","position":1,"name":"Startseite","item":"https:\/\/www.dramfolks-whisky-auction.com\/fr\/"},{"@type":"ListItem","position":2,"name":"Boutique","item":"https:\/\/www.dramfolks-whisky-auction.com\/fr\/boutique\/"},{"@type":"ListItem","position":3,"name":"Loch Lomond &#8211; 11yo Exclusive Cask 2010\/2022"}]},{"@type":"WebSite","@id":"https:\/\/www.dramfolks-whisky-auction.com\/fr\/#website","url":"https:\/\/www.dramfolks-whisky-auction.com\/fr\/","name":"Dramfolks Whisky Auction","description":"","potentialAction":[{"@type":"SearchAction","target":{"@type":"EntryPoint","urlTemplate":"https:\/\/www.dramfolks-whisky-auction.com\/fr\/?s={search_term_string}"},"query-input":{"@type":"PropertyValueSpecification","valueRequired":true,"valueName":"search_term_string"}}],"inLanguage":"fr-FR"}]}},"_links":{"self":[{"href":"https:\/\/www.dramfolks-whisky-auction.com\/fr\/wp-json\/wp\/v2\/product\/170852","targetHints":{"allow":["GET"]}}],"collection":[{"href":"https:\/\/www.dramfolks-whisky-auction.com\/fr\/wp-json\/wp\/v2\/product"}],"about":[{"href":"https:\/\/www.dramfolks-whisky-auction.com\/fr\/wp-json\/wp\/v2\/types\/product"}],"replies":[{"embeddable":true,"href":"https:\/\/www.dramfolks-whisky-auction.com\/fr\/wp-json\/wp\/v2\/comments?post=170852"}],"wp:featuredmedia":[{"embeddable":true,"href":"https:\/\/www.dramfolks-whisky-auction.com\/fr\/wp-json\/wp\/v2\/media\/170853"}],"wp:attachment":[{"href":"https:\/\/www.dramfolks-whisky-auction.com\/fr\/wp-json\/wp\/v2\/media?parent=170852"}],"wp:term":[{"taxonomy":"product_brand","embeddable":true,"href":"https:\/\/www.dramfolks-whisky-auction.com\/fr\/wp-json\/wp\/v2\/product_brand?post=170852"},{"taxonomy":"product_cat","embeddable":true,"href":"https:\/\/www.dramfolks-whisky-auction.com\/fr\/wp-json\/wp\/v2\/product_cat?post=170852"},{"taxonomy":"product_tag","embeddable":true,"href":"https:\/\/www.dramfolks-whisky-auction.com\/fr\/wp-json\/wp\/v2\/product_tag?post=170852"}],"curies":[{"name":"wp","href":"https:\/\/api.w.org\/{rel}","templated":true}]}}