{"id":170807,"date":"2024-08-06T16:49:12","date_gmt":"2024-08-06T14:49:12","guid":{"rendered":"https:\/\/www.dramfolks-whisky-auction.com\/?post_type=product&#038;p=170807"},"modified":"2024-08-28T09:06:49","modified_gmt":"2024-08-28T07:06:49","slug":"bimber-distillery-imperial-stout-cask-klub-edition-release-no-3","status":"publish","type":"product","link":"https:\/\/www.dramfolks-whisky-auction.com\/fr\/product\/bimber-distillery-imperial-stout-cask-klub-edition-release-no-3\/","title":{"rendered":"Bimber Distillery &#8211; Imperial Stout Cask Klub Edition Release No.3"},"content":{"rendered":"<p><strong>Destille: Bimber Distillery<br \/>\n<\/strong>Die Bimber Distillery wurde von Whiskyliebhabern mit der Mission gegr\u00fcndet, hochwertigen Single Malt mit Charakter herzustellen und dabei traditionelle Methoden anzuwenden. Nachdem 2019 der erste Single Malt ver\u00f6ffentlicht wurde, war die limitierte Auflage von 1000 Flaschen innerhalb von drei Stunden ausverkauft. Die Destillerie aus der britischen Metropole geht ihren eigenen Weg \u2013 und zwar ziemlich erfolgreich. Die Craft Distillery setzt vollst\u00e4ndig auf traditionelle Methoden und lokale Produkte: Die Gerste f\u00fcr den Single Malt London Whisky stammt von einer einzigen Farm aus Hampshire, wird klassisch auf dem Malzboden gem\u00e4lzt und fermentiert mit sieben Tagen mehr als doppelt so lang wie \u00fcblich in Washbacks aus der hauseigenen K\u00fcferei.<\/p>\n<p><strong>Fun Fakt:<\/strong> Der Mitbegr\u00fcnder Dariusz Plazewski der Bimber Distillery gr\u00fcndete im Jahr 2022 auch die Dunphail Distillery in Schottland! Er ging diesen Weg von London um in Dunphail ausschlie\u00dflich Whisky herzustellen und keine anderen Br\u00e4nde.<\/p>\n<p><strong>Whisky\/Whiskey: Imperial Stout Cask Klub Edition Release No.3<br \/>\n<\/strong>Der Bimber Imperial Stout Cask Klub Edition Release No. 3 ist eine Sonderabf\u00fcllung, die f\u00fcr eine nicht genannte Zeit in First-Fill-Ex-Bourbon Eichenf\u00e4ssern reift. Nach der Reifung wurde der Malt umgef\u00fcllt und er erhielt sein Finish in F\u00e4ssern, die zuvor ein Imperial Stout enthielten, das von der Handwerksbrauerei Brew By Numbers in London gebraut wurde. Die Bimber Distillery gab im Jahr 2022 einige Ex-Bimber- und Ex-Bourbon F\u00e4sser an die Handwerksbrauerei, die diese mit ihrem klassischen Imperial Stout f\u00fcllte. Insgesamt reift das robuste englische Bier rund 6 Monate lang in den F\u00e4ssern und z\u00e4hlt zu dem am h\u00f6chsten bewerteten Kreationen von Brew By Numbers. Es handelt sich um No. 1069 von 1650 Flaschen!<\/p>\n<p><strong>Info Qualit\u00e4t der Flasche:<\/strong> Exzellent ohne Besch\u00e4digungen \/ <strong>F\u00fcllstand:<\/strong> High fill<br \/>\n<strong>Info Qualit\u00e4t der Box: <\/strong>Exzellent &#8211; ohne Besch\u00e4digungen<\/p>\n<p><strong>Wichtiger Hinweis:<\/strong> Die Bewertung der Flaschen und Boxen erfolgt nach \u201ebesten Wissen und Gewissen\u201c. dramfolks kann keine Gew\u00e4hrleistung f\u00fcr den Inhalt der Flaschen \u00fcbernehmen. Weitere Infos &amp; Hinweise finden Sie in unseren AGBs. Wir empfehlen Ihnen, vor der Abgabe von Geboten \u00fcber die Zoomfunktion eine Besichtigung \/ genaue Pr\u00fcfung des angebotenen Whiskys vorzunehmen. Bitte kontaktieren sie uns bei Fragen direkt unter info@dramfolks.com<\/p>\n","protected":false},"excerpt":{"rendered":"<p>Destille: Bimber Distillery Die Bimber Distillery wurde von Whiskyliebhabern mit der Mission gegr\u00fcndet, hochwertigen Single Malt mit Charakter herzustellen und dabei traditionelle Methoden anzuwenden. Nachdem 2019 der erste Single Malt ver\u00f6ffentlicht wurde, war die limitierte Auflage von 1000 Flaschen innerhalb von drei Stunden ausverkauft. Die Destillerie aus der britischen Metropole geht ihren eigenen Weg \u2013[&#8230;]\n","protected":false},"featured_media":170808,"comment_status":"closed","ping_status":"closed","template":"","meta":[],"product_brand":[],"product_cat":[884],"product_tag":[],"class_list":{"0":"post-170807","1":"product","2":"type-product","3":"status-publish","4":"has-post-thumbnail","6":"product_cat-no-12","8":"first","9":"instock","10":"shipping-taxable","11":"purchasable","12":"product-type-auction"},"yoast_head":"<!-- This site is optimized with the Yoast SEO plugin v27.4 - https:\/\/yoast.com\/product\/yoast-seo-wordpress\/ -->\n<title>Bimber Distillery - Imperial Stout Cask Klub Edition Release No.3 - Dramfolks Whisky Auction<\/title>\n<meta name=\"robots\" content=\"index, follow, max-snippet:-1, max-image-preview:large, max-video-preview:-1\" \/>\n<link rel=\"canonical\" href=\"https:\/\/www.dramfolks-whisky-auction.com\/fr\/product\/bimber-distillery-imperial-stout-cask-klub-edition-release-no-3\/\" \/>\n<meta property=\"og:locale\" content=\"fr_FR\" \/>\n<meta property=\"og:type\" content=\"article\" \/>\n<meta property=\"og:title\" content=\"Bimber Distillery - Imperial Stout Cask Klub Edition Release No.3 - Dramfolks Whisky Auction\" \/>\n<meta property=\"og:description\" content=\"Destille: Bimber Distillery Die Bimber Distillery wurde von Whiskyliebhabern mit der Mission gegr\u00fcndet, hochwertigen Single Malt mit Charakter herzustellen und dabei traditionelle Methoden anzuwenden. Nachdem 2019 der erste Single Malt ver\u00f6ffentlicht wurde, war die limitierte Auflage von 1000 Flaschen innerhalb von drei Stunden ausverkauft. Die Destillerie aus der britischen Metropole geht ihren eigenen Weg \u2013[...]\" \/>\n<meta property=\"og:url\" content=\"https:\/\/www.dramfolks-whisky-auction.com\/fr\/product\/bimber-distillery-imperial-stout-cask-klub-edition-release-no-3\/\" \/>\n<meta property=\"og:site_name\" content=\"Dramfolks Whisky Auction\" \/>\n<meta property=\"article:modified_time\" content=\"2024-08-28T07:06:49+00:00\" \/>\n<meta property=\"og:image\" content=\"https:\/\/www.dramfolks-whisky-auction.com\/wp-content\/uploads\/2024\/08\/Bimber-vorne-scaled.jpg\" \/>\n\t<meta property=\"og:image:width\" content=\"2560\" \/>\n\t<meta property=\"og:image:height\" content=\"2560\" \/>\n\t<meta property=\"og:image:type\" content=\"image\/jpeg\" \/>\n<meta name=\"twitter:card\" content=\"summary_large_image\" \/>\n<meta name=\"twitter:label1\" content=\"Dur\u00e9e de lecture estim\u00e9e\" \/>\n\t<meta name=\"twitter:data1\" content=\"3 minutes\" \/>\n<script type=\"application\/ld+json\" class=\"yoast-schema-graph\">{\"@context\":\"https:\\\/\\\/schema.org\",\"@graph\":[{\"@type\":\"WebPage\",\"@id\":\"https:\\\/\\\/www.dramfolks-whisky-auction.com\\\/fr\\\/product\\\/bimber-distillery-imperial-stout-cask-klub-edition-release-no-3\\\/\",\"url\":\"https:\\\/\\\/www.dramfolks-whisky-auction.com\\\/fr\\\/product\\\/bimber-distillery-imperial-stout-cask-klub-edition-release-no-3\\\/\",\"name\":\"Bimber Distillery - Imperial Stout Cask Klub Edition Release No.3 - Dramfolks Whisky Auction\",\"isPartOf\":{\"@id\":\"https:\\\/\\\/www.dramfolks-whisky-auction.com\\\/fr\\\/#website\"},\"primaryImageOfPage\":{\"@id\":\"https:\\\/\\\/www.dramfolks-whisky-auction.com\\\/fr\\\/product\\\/bimber-distillery-imperial-stout-cask-klub-edition-release-no-3\\\/#primaryimage\"},\"image\":{\"@id\":\"https:\\\/\\\/www.dramfolks-whisky-auction.com\\\/fr\\\/product\\\/bimber-distillery-imperial-stout-cask-klub-edition-release-no-3\\\/#primaryimage\"},\"thumbnailUrl\":\"https:\\\/\\\/www.dramfolks-whisky-auction.com\\\/wp-content\\\/uploads\\\/2024\\\/08\\\/Bimber-vorne-scaled.jpg\",\"datePublished\":\"2024-08-06T14:49:12+00:00\",\"dateModified\":\"2024-08-28T07:06:49+00:00\",\"breadcrumb\":{\"@id\":\"https:\\\/\\\/www.dramfolks-whisky-auction.com\\\/fr\\\/product\\\/bimber-distillery-imperial-stout-cask-klub-edition-release-no-3\\\/#breadcrumb\"},\"inLanguage\":\"fr-FR\",\"potentialAction\":[{\"@type\":\"ReadAction\",\"target\":[\"https:\\\/\\\/www.dramfolks-whisky-auction.com\\\/fr\\\/product\\\/bimber-distillery-imperial-stout-cask-klub-edition-release-no-3\\\/\"]}]},{\"@type\":\"ImageObject\",\"inLanguage\":\"fr-FR\",\"@id\":\"https:\\\/\\\/www.dramfolks-whisky-auction.com\\\/fr\\\/product\\\/bimber-distillery-imperial-stout-cask-klub-edition-release-no-3\\\/#primaryimage\",\"url\":\"https:\\\/\\\/www.dramfolks-whisky-auction.com\\\/wp-content\\\/uploads\\\/2024\\\/08\\\/Bimber-vorne-scaled.jpg\",\"contentUrl\":\"https:\\\/\\\/www.dramfolks-whisky-auction.com\\\/wp-content\\\/uploads\\\/2024\\\/08\\\/Bimber-vorne-scaled.jpg\",\"width\":2560,\"height\":2560},{\"@type\":\"BreadcrumbList\",\"@id\":\"https:\\\/\\\/www.dramfolks-whisky-auction.com\\\/fr\\\/product\\\/bimber-distillery-imperial-stout-cask-klub-edition-release-no-3\\\/#breadcrumb\",\"itemListElement\":[{\"@type\":\"ListItem\",\"position\":1,\"name\":\"Startseite\",\"item\":\"https:\\\/\\\/www.dramfolks-whisky-auction.com\\\/fr\\\/\"},{\"@type\":\"ListItem\",\"position\":2,\"name\":\"Boutique\",\"item\":\"https:\\\/\\\/www.dramfolks-whisky-auction.com\\\/fr\\\/boutique\\\/\"},{\"@type\":\"ListItem\",\"position\":3,\"name\":\"Bimber Distillery &#8211; Imperial Stout Cask Klub Edition Release No.3\"}]},{\"@type\":\"WebSite\",\"@id\":\"https:\\\/\\\/www.dramfolks-whisky-auction.com\\\/fr\\\/#website\",\"url\":\"https:\\\/\\\/www.dramfolks-whisky-auction.com\\\/fr\\\/\",\"name\":\"Dramfolks Whisky Auction\",\"description\":\"\",\"potentialAction\":[{\"@type\":\"SearchAction\",\"target\":{\"@type\":\"EntryPoint\",\"urlTemplate\":\"https:\\\/\\\/www.dramfolks-whisky-auction.com\\\/fr\\\/?s={search_term_string}\"},\"query-input\":{\"@type\":\"PropertyValueSpecification\",\"valueRequired\":true,\"valueName\":\"search_term_string\"}}],\"inLanguage\":\"fr-FR\"}]}<\/script>\n<!-- \/ Yoast SEO plugin. -->","yoast_head_json":{"title":"Bimber Distillery - Imperial Stout Cask Klub Edition Release No.3 - Dramfolks Whisky Auction","robots":{"index":"index","follow":"follow","max-snippet":"max-snippet:-1","max-image-preview":"max-image-preview:large","max-video-preview":"max-video-preview:-1"},"canonical":"https:\/\/www.dramfolks-whisky-auction.com\/fr\/product\/bimber-distillery-imperial-stout-cask-klub-edition-release-no-3\/","og_locale":"fr_FR","og_type":"article","og_title":"Bimber Distillery - Imperial Stout Cask Klub Edition Release No.3 - Dramfolks Whisky Auction","og_description":"Destille: Bimber Distillery Die Bimber Distillery wurde von Whiskyliebhabern mit der Mission gegr\u00fcndet, hochwertigen Single Malt mit Charakter herzustellen und dabei traditionelle Methoden anzuwenden. Nachdem 2019 der erste Single Malt ver\u00f6ffentlicht wurde, war die limitierte Auflage von 1000 Flaschen innerhalb von drei Stunden ausverkauft. Die Destillerie aus der britischen Metropole geht ihren eigenen Weg \u2013[...]","og_url":"https:\/\/www.dramfolks-whisky-auction.com\/fr\/product\/bimber-distillery-imperial-stout-cask-klub-edition-release-no-3\/","og_site_name":"Dramfolks Whisky Auction","article_modified_time":"2024-08-28T07:06:49+00:00","og_image":[{"width":2560,"height":2560,"url":"https:\/\/www.dramfolks-whisky-auction.com\/wp-content\/uploads\/2024\/08\/Bimber-vorne-scaled.jpg","type":"image\/jpeg"}],"twitter_card":"summary_large_image","twitter_misc":{"Dur\u00e9e de lecture estim\u00e9e":"3 minutes"},"schema":{"@context":"https:\/\/schema.org","@graph":[{"@type":"WebPage","@id":"https:\/\/www.dramfolks-whisky-auction.com\/fr\/product\/bimber-distillery-imperial-stout-cask-klub-edition-release-no-3\/","url":"https:\/\/www.dramfolks-whisky-auction.com\/fr\/product\/bimber-distillery-imperial-stout-cask-klub-edition-release-no-3\/","name":"Bimber Distillery - Imperial Stout Cask Klub Edition Release No.3 - Dramfolks Whisky Auction","isPartOf":{"@id":"https:\/\/www.dramfolks-whisky-auction.com\/fr\/#website"},"primaryImageOfPage":{"@id":"https:\/\/www.dramfolks-whisky-auction.com\/fr\/product\/bimber-distillery-imperial-stout-cask-klub-edition-release-no-3\/#primaryimage"},"image":{"@id":"https:\/\/www.dramfolks-whisky-auction.com\/fr\/product\/bimber-distillery-imperial-stout-cask-klub-edition-release-no-3\/#primaryimage"},"thumbnailUrl":"https:\/\/www.dramfolks-whisky-auction.com\/wp-content\/uploads\/2024\/08\/Bimber-vorne-scaled.jpg","datePublished":"2024-08-06T14:49:12+00:00","dateModified":"2024-08-28T07:06:49+00:00","breadcrumb":{"@id":"https:\/\/www.dramfolks-whisky-auction.com\/fr\/product\/bimber-distillery-imperial-stout-cask-klub-edition-release-no-3\/#breadcrumb"},"inLanguage":"fr-FR","potentialAction":[{"@type":"ReadAction","target":["https:\/\/www.dramfolks-whisky-auction.com\/fr\/product\/bimber-distillery-imperial-stout-cask-klub-edition-release-no-3\/"]}]},{"@type":"ImageObject","inLanguage":"fr-FR","@id":"https:\/\/www.dramfolks-whisky-auction.com\/fr\/product\/bimber-distillery-imperial-stout-cask-klub-edition-release-no-3\/#primaryimage","url":"https:\/\/www.dramfolks-whisky-auction.com\/wp-content\/uploads\/2024\/08\/Bimber-vorne-scaled.jpg","contentUrl":"https:\/\/www.dramfolks-whisky-auction.com\/wp-content\/uploads\/2024\/08\/Bimber-vorne-scaled.jpg","width":2560,"height":2560},{"@type":"BreadcrumbList","@id":"https:\/\/www.dramfolks-whisky-auction.com\/fr\/product\/bimber-distillery-imperial-stout-cask-klub-edition-release-no-3\/#breadcrumb","itemListElement":[{"@type":"ListItem","position":1,"name":"Startseite","item":"https:\/\/www.dramfolks-whisky-auction.com\/fr\/"},{"@type":"ListItem","position":2,"name":"Boutique","item":"https:\/\/www.dramfolks-whisky-auction.com\/fr\/boutique\/"},{"@type":"ListItem","position":3,"name":"Bimber Distillery &#8211; Imperial Stout Cask Klub Edition Release No.3"}]},{"@type":"WebSite","@id":"https:\/\/www.dramfolks-whisky-auction.com\/fr\/#website","url":"https:\/\/www.dramfolks-whisky-auction.com\/fr\/","name":"Dramfolks Whisky Auction","description":"","potentialAction":[{"@type":"SearchAction","target":{"@type":"EntryPoint","urlTemplate":"https:\/\/www.dramfolks-whisky-auction.com\/fr\/?s={search_term_string}"},"query-input":{"@type":"PropertyValueSpecification","valueRequired":true,"valueName":"search_term_string"}}],"inLanguage":"fr-FR"}]}},"_links":{"self":[{"href":"https:\/\/www.dramfolks-whisky-auction.com\/fr\/wp-json\/wp\/v2\/product\/170807","targetHints":{"allow":["GET"]}}],"collection":[{"href":"https:\/\/www.dramfolks-whisky-auction.com\/fr\/wp-json\/wp\/v2\/product"}],"about":[{"href":"https:\/\/www.dramfolks-whisky-auction.com\/fr\/wp-json\/wp\/v2\/types\/product"}],"replies":[{"embeddable":true,"href":"https:\/\/www.dramfolks-whisky-auction.com\/fr\/wp-json\/wp\/v2\/comments?post=170807"}],"wp:featuredmedia":[{"embeddable":true,"href":"https:\/\/www.dramfolks-whisky-auction.com\/fr\/wp-json\/wp\/v2\/media\/170808"}],"wp:attachment":[{"href":"https:\/\/www.dramfolks-whisky-auction.com\/fr\/wp-json\/wp\/v2\/media?parent=170807"}],"wp:term":[{"taxonomy":"product_brand","embeddable":true,"href":"https:\/\/www.dramfolks-whisky-auction.com\/fr\/wp-json\/wp\/v2\/product_brand?post=170807"},{"taxonomy":"product_cat","embeddable":true,"href":"https:\/\/www.dramfolks-whisky-auction.com\/fr\/wp-json\/wp\/v2\/product_cat?post=170807"},{"taxonomy":"product_tag","embeddable":true,"href":"https:\/\/www.dramfolks-whisky-auction.com\/fr\/wp-json\/wp\/v2\/product_tag?post=170807"}],"curies":[{"name":"wp","href":"https:\/\/api.w.org\/{rel}","templated":true}]}}