{"id":1698,"date":"2023-02-20T17:35:43","date_gmt":"2023-02-20T16:35:43","guid":{"rendered":"https:\/\/www.dramfolks-whisky-auction.com\/?post_type=product&#038;p=1698"},"modified":"2023-03-31T16:25:36","modified_gmt":"2023-03-31T14:25:36","slug":"macallan-double-cask-12-yo","status":"publish","type":"product","link":"https:\/\/www.dramfolks-whisky-auction.com\/fr\/product\/macallan-double-cask-12-yo\/","title":{"rendered":"Macallan &#8211; Double Cask 12 yo"},"content":{"rendered":"<p><strong>Destille: <span class=\"v1s2\">Macallan<\/span><br \/>\n<\/strong><\/p>\n<p><span class=\"v1s2\">Macallan ist eine Single Malt Scotch Whisky Destillerie in Craigellachie, Moray. Sie ist eine der \u00e4ltesten lizensierten Brennereien Schottlands und geh\u00f6rt als \u201eRolls Royce unter den Malts\u201c heute weltweit zu den bekanntesten Single Malt Whisky Marken. Neben seiner einzigartigen Whiskys hat Macallan im Jahr 2018 eine komplett neue Brennerei von den Architekten von Rogers Stirk Harbour + Partners bauen lassen. Ein 140 Millionen Pfund teures Unternehmen, mit 36 Brennblasen (12 Wash Stills und 24 Spirit Stills) und einem besonderen Meisterst\u00fcck: das Dach. Es wurden tausende, einzelne Komponenten wabengleich zusammengesetzt, die sich in f\u00fcnf Kuppeln (mit etwa 14.000 m\u00b2 Rasen bedeckt) \u00fcber die gesamt Anlage schwingen. J\u00e4hrliches Produktionsvolumen: ca. 15 Mio. Liter.<\/span><\/p>\n<p><strong>Fun Fakt:<\/strong> Macallan h\u00e4lt den einzigartigen Rekord des \u00ab\u00a0teuersten Whiskys auf der Welt\u00a0\u00bb (Stand Dez. 2022). Bei einer Auktion erzielte der extrem seltene Single Malt \u00ab\u00a01926\u00a0\u00bb den bisherigen Weltrekordpreis von rund 1,7 Millionen Euro. Destilliert wurde die unglaublich kostbare Fl\u00fcssigkeit im Jahr 1926 und 1986 aus dem Macallan-Fass mit der Nummer 263 abgef\u00fcllt \u2013 also erst nach 60-j\u00e4hriger Reifezeit. Vom Label \u00ab\u00a0Fine &amp; Rare\u00a0\u00bb wurden beim Macallan 1926 nur 14 Flaschen insgesamt abgef\u00fcllt, was die besonders strenge Limitierung dieses Whiskys unterstreicht.<\/p>\n<p><strong>Whisky\/Whiskey: Double Cask 12 yo<\/strong><br \/>\nDer Double Cask reifte komplett in Sherryf\u00e4ssern. Speziell f\u00fcr Macallan wurden amerikanische Eichenf\u00e4sser mit Oloroso-Sherry bef\u00fcllt und anschlie\u00dfend f\u00fcr die Whiskyreifung verwendet. Erg\u00e4nzend zu den amerikanischen Eichenf\u00e4ssern wurden noch klassische Sherryf\u00e4sser aus europ\u00e4ischer Eiche verwendet.<br \/>\nLange Zeit war der Double Cask nur in Asien erh\u00e4ltlich &#8211; mittlerweile geh\u00f6rt der Whisky zum Stammsortiment von Macallan.<\/p>\n<p><strong>Info Qualit\u00e4t der Flasche:<\/strong> Exzellent &#8211; ohne Besch\u00e4digungen mit originalem Macallan Siegel \/ <strong>F\u00fcllstand:<\/strong> Top shoulder<br \/>\n<strong>Info Qualit\u00e4t der Box:<\/strong> Exzellent &#8211; ohne Besch\u00e4digungen<\/p>\n<p><strong>Wichtiger Hinweis:<\/strong> Die Bewertung der Flaschen und Boxen erfolgt nach \u201ebesten Wissen und Gewissen\u201c. dramfolks kann keine Gew\u00e4hrleistung f\u00fcr den Inhalt der Flaschen \u00fcbernehmen. Weitere Infos &amp; Hinweise finden Sie in unseren AGBs. Wir empfehlen Ihnen, vor der Abgabe von Geboten \u00fcber die Zoomfunktion eine Besichtigung \/ genaue Pr\u00fcfung des angebotenen Whiskys vorzunehmen. Bitte kontaktieren sie uns bei Fragen direkt unter info@dramfolks.com<\/p>\n","protected":false},"excerpt":{"rendered":"<p>Destille: Macallan Macallan ist eine Single Malt Scotch Whisky Destillerie in Craigellachie, Moray. Sie ist eine der \u00e4ltesten lizensierten Brennereien Schottlands und geh\u00f6rt als \u201eRolls Royce unter den Malts\u201c heute weltweit zu den bekanntesten Single Malt Whisky Marken. Neben seiner einzigartigen Whiskys hat Macallan im Jahr 2018 eine komplett neue Brennerei von den Architekten von[&#8230;]\n","protected":false},"featured_media":1699,"comment_status":"closed","ping_status":"closed","template":"","meta":[],"product_brand":[],"product_cat":[79],"product_tag":[],"class_list":{"0":"post-1698","1":"product","2":"type-product","3":"status-publish","4":"has-post-thumbnail","6":"product_cat-no-2","8":"first","9":"instock","10":"shipping-taxable","11":"purchasable","12":"product-type-auction"},"yoast_head":"<!-- This site is optimized with the Yoast SEO plugin v27.4 - https:\/\/yoast.com\/product\/yoast-seo-wordpress\/ -->\n<title>Macallan - Double Cask 12 yo - Dramfolks Whisky Auction<\/title>\n<meta name=\"robots\" content=\"index, follow, max-snippet:-1, max-image-preview:large, max-video-preview:-1\" \/>\n<link rel=\"canonical\" href=\"https:\/\/www.dramfolks-whisky-auction.com\/fr\/product\/macallan-double-cask-12-yo\/\" \/>\n<meta property=\"og:locale\" content=\"fr_FR\" \/>\n<meta property=\"og:type\" content=\"article\" \/>\n<meta property=\"og:title\" content=\"Macallan - Double Cask 12 yo - Dramfolks Whisky Auction\" \/>\n<meta property=\"og:description\" content=\"Destille: Macallan Macallan ist eine Single Malt Scotch Whisky Destillerie in Craigellachie, Moray. Sie ist eine der \u00e4ltesten lizensierten Brennereien Schottlands und geh\u00f6rt als \u201eRolls Royce unter den Malts\u201c heute weltweit zu den bekanntesten Single Malt Whisky Marken. Neben seiner einzigartigen Whiskys hat Macallan im Jahr 2018 eine komplett neue Brennerei von den Architekten von[...]\" \/>\n<meta property=\"og:url\" content=\"https:\/\/www.dramfolks-whisky-auction.com\/fr\/product\/macallan-double-cask-12-yo\/\" \/>\n<meta property=\"og:site_name\" content=\"Dramfolks Whisky Auction\" \/>\n<meta property=\"article:modified_time\" content=\"2023-03-31T14:25:36+00:00\" \/>\n<meta property=\"og:image\" content=\"https:\/\/www.dramfolks-whisky-auction.com\/wp-content\/uploads\/2023\/02\/macallan-vorne.jpg\" \/>\n\t<meta property=\"og:image:width\" content=\"1548\" \/>\n\t<meta property=\"og:image:height\" content=\"1602\" \/>\n\t<meta property=\"og:image:type\" content=\"image\/jpeg\" \/>\n<meta name=\"twitter:card\" content=\"summary_large_image\" \/>\n<meta name=\"twitter:label1\" content=\"Dur\u00e9e de lecture estim\u00e9e\" \/>\n\t<meta name=\"twitter:data1\" content=\"2 minutes\" \/>\n<script type=\"application\/ld+json\" class=\"yoast-schema-graph\">{\"@context\":\"https:\\\/\\\/schema.org\",\"@graph\":[{\"@type\":\"WebPage\",\"@id\":\"https:\\\/\\\/www.dramfolks-whisky-auction.com\\\/fr\\\/product\\\/macallan-double-cask-12-yo\\\/\",\"url\":\"https:\\\/\\\/www.dramfolks-whisky-auction.com\\\/fr\\\/product\\\/macallan-double-cask-12-yo\\\/\",\"name\":\"Macallan - Double Cask 12 yo - Dramfolks Whisky Auction\",\"isPartOf\":{\"@id\":\"https:\\\/\\\/www.dramfolks-whisky-auction.com\\\/fr\\\/#website\"},\"primaryImageOfPage\":{\"@id\":\"https:\\\/\\\/www.dramfolks-whisky-auction.com\\\/fr\\\/product\\\/macallan-double-cask-12-yo\\\/#primaryimage\"},\"image\":{\"@id\":\"https:\\\/\\\/www.dramfolks-whisky-auction.com\\\/fr\\\/product\\\/macallan-double-cask-12-yo\\\/#primaryimage\"},\"thumbnailUrl\":\"https:\\\/\\\/www.dramfolks-whisky-auction.com\\\/wp-content\\\/uploads\\\/2023\\\/02\\\/macallan-vorne.jpg\",\"datePublished\":\"2023-02-20T16:35:43+00:00\",\"dateModified\":\"2023-03-31T14:25:36+00:00\",\"breadcrumb\":{\"@id\":\"https:\\\/\\\/www.dramfolks-whisky-auction.com\\\/fr\\\/product\\\/macallan-double-cask-12-yo\\\/#breadcrumb\"},\"inLanguage\":\"fr-FR\",\"potentialAction\":[{\"@type\":\"ReadAction\",\"target\":[\"https:\\\/\\\/www.dramfolks-whisky-auction.com\\\/fr\\\/product\\\/macallan-double-cask-12-yo\\\/\"]}]},{\"@type\":\"ImageObject\",\"inLanguage\":\"fr-FR\",\"@id\":\"https:\\\/\\\/www.dramfolks-whisky-auction.com\\\/fr\\\/product\\\/macallan-double-cask-12-yo\\\/#primaryimage\",\"url\":\"https:\\\/\\\/www.dramfolks-whisky-auction.com\\\/wp-content\\\/uploads\\\/2023\\\/02\\\/macallan-vorne.jpg\",\"contentUrl\":\"https:\\\/\\\/www.dramfolks-whisky-auction.com\\\/wp-content\\\/uploads\\\/2023\\\/02\\\/macallan-vorne.jpg\",\"width\":1548,\"height\":1602},{\"@type\":\"BreadcrumbList\",\"@id\":\"https:\\\/\\\/www.dramfolks-whisky-auction.com\\\/fr\\\/product\\\/macallan-double-cask-12-yo\\\/#breadcrumb\",\"itemListElement\":[{\"@type\":\"ListItem\",\"position\":1,\"name\":\"Startseite\",\"item\":\"https:\\\/\\\/www.dramfolks-whisky-auction.com\\\/fr\\\/\"},{\"@type\":\"ListItem\",\"position\":2,\"name\":\"Boutique\",\"item\":\"https:\\\/\\\/www.dramfolks-whisky-auction.com\\\/fr\\\/boutique\\\/\"},{\"@type\":\"ListItem\",\"position\":3,\"name\":\"Macallan &#8211; Double Cask 12 yo\"}]},{\"@type\":\"WebSite\",\"@id\":\"https:\\\/\\\/www.dramfolks-whisky-auction.com\\\/fr\\\/#website\",\"url\":\"https:\\\/\\\/www.dramfolks-whisky-auction.com\\\/fr\\\/\",\"name\":\"Dramfolks Whisky Auction\",\"description\":\"\",\"potentialAction\":[{\"@type\":\"SearchAction\",\"target\":{\"@type\":\"EntryPoint\",\"urlTemplate\":\"https:\\\/\\\/www.dramfolks-whisky-auction.com\\\/fr\\\/?s={search_term_string}\"},\"query-input\":{\"@type\":\"PropertyValueSpecification\",\"valueRequired\":true,\"valueName\":\"search_term_string\"}}],\"inLanguage\":\"fr-FR\"}]}<\/script>\n<!-- \/ Yoast SEO plugin. -->","yoast_head_json":{"title":"Macallan - Double Cask 12 yo - Dramfolks Whisky Auction","robots":{"index":"index","follow":"follow","max-snippet":"max-snippet:-1","max-image-preview":"max-image-preview:large","max-video-preview":"max-video-preview:-1"},"canonical":"https:\/\/www.dramfolks-whisky-auction.com\/fr\/product\/macallan-double-cask-12-yo\/","og_locale":"fr_FR","og_type":"article","og_title":"Macallan - Double Cask 12 yo - Dramfolks Whisky Auction","og_description":"Destille: Macallan Macallan ist eine Single Malt Scotch Whisky Destillerie in Craigellachie, Moray. Sie ist eine der \u00e4ltesten lizensierten Brennereien Schottlands und geh\u00f6rt als \u201eRolls Royce unter den Malts\u201c heute weltweit zu den bekanntesten Single Malt Whisky Marken. Neben seiner einzigartigen Whiskys hat Macallan im Jahr 2018 eine komplett neue Brennerei von den Architekten von[...]","og_url":"https:\/\/www.dramfolks-whisky-auction.com\/fr\/product\/macallan-double-cask-12-yo\/","og_site_name":"Dramfolks Whisky Auction","article_modified_time":"2023-03-31T14:25:36+00:00","og_image":[{"width":1548,"height":1602,"url":"https:\/\/www.dramfolks-whisky-auction.com\/wp-content\/uploads\/2023\/02\/macallan-vorne.jpg","type":"image\/jpeg"}],"twitter_card":"summary_large_image","twitter_misc":{"Dur\u00e9e de lecture estim\u00e9e":"2 minutes"},"schema":{"@context":"https:\/\/schema.org","@graph":[{"@type":"WebPage","@id":"https:\/\/www.dramfolks-whisky-auction.com\/fr\/product\/macallan-double-cask-12-yo\/","url":"https:\/\/www.dramfolks-whisky-auction.com\/fr\/product\/macallan-double-cask-12-yo\/","name":"Macallan - Double Cask 12 yo - Dramfolks Whisky Auction","isPartOf":{"@id":"https:\/\/www.dramfolks-whisky-auction.com\/fr\/#website"},"primaryImageOfPage":{"@id":"https:\/\/www.dramfolks-whisky-auction.com\/fr\/product\/macallan-double-cask-12-yo\/#primaryimage"},"image":{"@id":"https:\/\/www.dramfolks-whisky-auction.com\/fr\/product\/macallan-double-cask-12-yo\/#primaryimage"},"thumbnailUrl":"https:\/\/www.dramfolks-whisky-auction.com\/wp-content\/uploads\/2023\/02\/macallan-vorne.jpg","datePublished":"2023-02-20T16:35:43+00:00","dateModified":"2023-03-31T14:25:36+00:00","breadcrumb":{"@id":"https:\/\/www.dramfolks-whisky-auction.com\/fr\/product\/macallan-double-cask-12-yo\/#breadcrumb"},"inLanguage":"fr-FR","potentialAction":[{"@type":"ReadAction","target":["https:\/\/www.dramfolks-whisky-auction.com\/fr\/product\/macallan-double-cask-12-yo\/"]}]},{"@type":"ImageObject","inLanguage":"fr-FR","@id":"https:\/\/www.dramfolks-whisky-auction.com\/fr\/product\/macallan-double-cask-12-yo\/#primaryimage","url":"https:\/\/www.dramfolks-whisky-auction.com\/wp-content\/uploads\/2023\/02\/macallan-vorne.jpg","contentUrl":"https:\/\/www.dramfolks-whisky-auction.com\/wp-content\/uploads\/2023\/02\/macallan-vorne.jpg","width":1548,"height":1602},{"@type":"BreadcrumbList","@id":"https:\/\/www.dramfolks-whisky-auction.com\/fr\/product\/macallan-double-cask-12-yo\/#breadcrumb","itemListElement":[{"@type":"ListItem","position":1,"name":"Startseite","item":"https:\/\/www.dramfolks-whisky-auction.com\/fr\/"},{"@type":"ListItem","position":2,"name":"Boutique","item":"https:\/\/www.dramfolks-whisky-auction.com\/fr\/boutique\/"},{"@type":"ListItem","position":3,"name":"Macallan &#8211; Double Cask 12 yo"}]},{"@type":"WebSite","@id":"https:\/\/www.dramfolks-whisky-auction.com\/fr\/#website","url":"https:\/\/www.dramfolks-whisky-auction.com\/fr\/","name":"Dramfolks Whisky Auction","description":"","potentialAction":[{"@type":"SearchAction","target":{"@type":"EntryPoint","urlTemplate":"https:\/\/www.dramfolks-whisky-auction.com\/fr\/?s={search_term_string}"},"query-input":{"@type":"PropertyValueSpecification","valueRequired":true,"valueName":"search_term_string"}}],"inLanguage":"fr-FR"}]}},"_links":{"self":[{"href":"https:\/\/www.dramfolks-whisky-auction.com\/fr\/wp-json\/wp\/v2\/product\/1698","targetHints":{"allow":["GET"]}}],"collection":[{"href":"https:\/\/www.dramfolks-whisky-auction.com\/fr\/wp-json\/wp\/v2\/product"}],"about":[{"href":"https:\/\/www.dramfolks-whisky-auction.com\/fr\/wp-json\/wp\/v2\/types\/product"}],"replies":[{"embeddable":true,"href":"https:\/\/www.dramfolks-whisky-auction.com\/fr\/wp-json\/wp\/v2\/comments?post=1698"}],"wp:featuredmedia":[{"embeddable":true,"href":"https:\/\/www.dramfolks-whisky-auction.com\/fr\/wp-json\/wp\/v2\/media\/1699"}],"wp:attachment":[{"href":"https:\/\/www.dramfolks-whisky-auction.com\/fr\/wp-json\/wp\/v2\/media?parent=1698"}],"wp:term":[{"taxonomy":"product_brand","embeddable":true,"href":"https:\/\/www.dramfolks-whisky-auction.com\/fr\/wp-json\/wp\/v2\/product_brand?post=1698"},{"taxonomy":"product_cat","embeddable":true,"href":"https:\/\/www.dramfolks-whisky-auction.com\/fr\/wp-json\/wp\/v2\/product_cat?post=1698"},{"taxonomy":"product_tag","embeddable":true,"href":"https:\/\/www.dramfolks-whisky-auction.com\/fr\/wp-json\/wp\/v2\/product_tag?post=1698"}],"curies":[{"name":"wp","href":"https:\/\/api.w.org\/{rel}","templated":true}]}}