{"id":1646,"date":"2023-02-18T22:02:23","date_gmt":"2023-02-18T21:02:23","guid":{"rendered":"https:\/\/www.dramfolks-whisky-auction.com\/?post_type=product&#038;p=1646"},"modified":"2024-04-11T20:18:14","modified_gmt":"2024-04-11T18:18:14","slug":"balmenach-old-particular-18yo-sherry-cask","status":"publish","type":"product","link":"https:\/\/www.dramfolks-whisky-auction.com\/fr\/product\/balmenach-old-particular-18yo-sherry-cask\/","title":{"rendered":"Balmenach &#8211; Old Particular 18yo Sherry Cask"},"content":{"rendered":"<p><strong>Destille: Balmenach<br \/>\n<\/strong><\/p>\n<p>Die Destille Balmenach liegt idyllisch zwischen den H\u00fcgeln von Cromdale, Schottland. Das Wasser der zur Region Speyside geh\u00f6renden Brennerei stammt aus dem Cromdale Burn. Die <span class=\"tx-datamintslossaryextension-no-replacement\">Brennerei<\/span> wurde 1824 von James MacGregor gegr\u00fcndet. Begonnen hat man als kleine Farm-<span class=\"tx-datamintslossaryextension-no-replacement\">Brennerei<\/span>, die ihre Gerste in Form von <span class=\"tx-datamintslossaryextension-no-replacement\">Whisky<\/span> haltbar machte. Derzeit gibt es keine leicht erh\u00e4ltlichen Balmenach Single Malts, die von der Brennerei selbst herausgebracht werden. Es gibt jedoch eine Reihe unabh\u00e4ngiger Abf\u00fcllungen. Unternehmen wie Gordon&amp;Mac Phail, That Boutique-y Whisky Company und Douglas Laing haben alle ihre eigenen Editionen von Balmenach Single Malt herausgebracht.<\/p>\n<p><strong>Fun Fakt: <\/strong>Die Balmenach Distillery wurde 1824, nur ein Jahr nachdem das Excise Act von 1823 mit der Lizenzierung der Whiskyproduktion begann, gegr\u00fcndet. Zuvor hatten die MacGregors einige Jahre lang eine illegale Brennerei auf der Familienfarm au\u00dferhalb der Stadt Cromdale betrieben. Die Gr\u00fcndung von Balmenach war eine Chance, den Betrieb aufrechtzuerhalten, ohne mit dem Gesetz in Konflikt zu geraten.<strong><br \/>\n<\/strong><\/p>\n<p><strong>Whisky\/Whiskey: Old Particular 18yo Sherry Cask<br \/>\n<\/strong><\/p>\n<div class=\"description-long\">Der Balmenach 18 Jahre 2003\/2022 Sherry Cask des unabh\u00e4ngigen Abf\u00fcllers Douglas Laing geh\u00f6rt zur Old Particular Reihe und wurde aus einem Sherry Butt mit der Nummer DL15578 abgef\u00fcllt. Die Auflage ist auf 666 Flaschen limitiert. Destilliert wurde der Balmenach 18 Jahre 2003\/2022 Sherry Cask im November 2003. Abgef\u00fcllt wurde der 18-j\u00e4hrige Balmenach mit 48.4% vol. im Februar 2022. Alle Abf\u00fcllungen der Old Particular Reihe sind nicht k\u00fchlgefiltert und ungef\u00e4rbt, um so das nat\u00fcrliche Geschmackserlebnis zu erhalten.<\/div>\n<div><\/div>\n<div><\/div>\n<p><strong>Info Qualit\u00e4t der Flasche:<\/strong> Exzellent &#8211; ohne Besch\u00e4digungen \/ <strong>F\u00fcllstand: <\/strong>High fill<br \/>\n<strong>Info Qualit\u00e4t der Box: <\/strong>Exzellent &#8211; ohne Besch\u00e4digungen<\/p>\n<p><strong>Wichtiger Hinweis:<\/strong> Die Bewertung der Flaschen und Boxen erfolgt nach \u201ebesten Wissen und Gewissen\u201c. dramfolks kann keine Gew\u00e4hrleistung f\u00fcr den Inhalt der Flaschen \u00fcbernehmen. Weitere Infos &amp; Hinweise finden Sie in unseren AGBs. Wir empfehlen Ihnen, vor der Abgabe von Geboten \u00fcber die Zoomfunktion eine Besichtigung \/ genaue Pr\u00fcfung des angebotenen Whiskys vorzunehmen. Bitte kontaktieren sie uns bei Fragen direkt unter info@dramfolks.com<\/p>\n","protected":false},"excerpt":{"rendered":"<p>Destille: Balmenach Die Destille Balmenach liegt idyllisch zwischen den H\u00fcgeln von Cromdale, Schottland. Das Wasser der zur Region Speyside geh\u00f6renden Brennerei stammt aus dem Cromdale Burn. Die Brennerei wurde 1824 von James MacGregor gegr\u00fcndet. Begonnen hat man als kleine Farm-Brennerei, die ihre Gerste in Form von Whisky haltbar machte. Derzeit gibt es keine leicht erh\u00e4ltlichen[&#8230;]\n","protected":false},"featured_media":1647,"comment_status":"closed","ping_status":"closed","template":"","meta":[],"product_brand":[],"product_cat":[79],"product_tag":[],"class_list":{"0":"post-1646","1":"product","2":"type-product","3":"status-publish","4":"has-post-thumbnail","6":"product_cat-no-2","8":"first","9":"instock","10":"shipping-taxable","11":"purchasable","12":"product-type-auction"},"yoast_head":"<!-- This site is optimized with the Yoast SEO plugin v27.4 - https:\/\/yoast.com\/product\/yoast-seo-wordpress\/ -->\n<title>Balmenach - Old Particular 18yo Sherry Cask - Dramfolks Whisky Auction<\/title>\n<meta name=\"robots\" content=\"index, follow, max-snippet:-1, max-image-preview:large, max-video-preview:-1\" \/>\n<link rel=\"canonical\" href=\"https:\/\/www.dramfolks-whisky-auction.com\/fr\/product\/balmenach-old-particular-18yo-sherry-cask\/\" \/>\n<meta property=\"og:locale\" content=\"fr_FR\" \/>\n<meta property=\"og:type\" content=\"article\" \/>\n<meta property=\"og:title\" content=\"Balmenach - Old Particular 18yo Sherry Cask - Dramfolks Whisky Auction\" \/>\n<meta property=\"og:description\" content=\"Destille: Balmenach Die Destille Balmenach liegt idyllisch zwischen den H\u00fcgeln von Cromdale, Schottland. Das Wasser der zur Region Speyside geh\u00f6renden Brennerei stammt aus dem Cromdale Burn. Die Brennerei wurde 1824 von James MacGregor gegr\u00fcndet. Begonnen hat man als kleine Farm-Brennerei, die ihre Gerste in Form von Whisky haltbar machte. Derzeit gibt es keine leicht erh\u00e4ltlichen[...]\" \/>\n<meta property=\"og:url\" content=\"https:\/\/www.dramfolks-whisky-auction.com\/fr\/product\/balmenach-old-particular-18yo-sherry-cask\/\" \/>\n<meta property=\"og:site_name\" content=\"Dramfolks Whisky Auction\" \/>\n<meta property=\"article:modified_time\" content=\"2024-04-11T18:18:14+00:00\" \/>\n<meta property=\"og:image\" content=\"https:\/\/www.dramfolks-whisky-auction.com\/wp-content\/uploads\/2023\/02\/old-particular-vorne.jpg\" \/>\n\t<meta property=\"og:image:width\" content=\"1660\" \/>\n\t<meta property=\"og:image:height\" content=\"1660\" \/>\n\t<meta property=\"og:image:type\" content=\"image\/jpeg\" \/>\n<meta name=\"twitter:card\" content=\"summary_large_image\" \/>\n<meta name=\"twitter:label1\" content=\"Dur\u00e9e de lecture estim\u00e9e\" \/>\n\t<meta name=\"twitter:data1\" content=\"2 minutes\" \/>\n<script type=\"application\/ld+json\" class=\"yoast-schema-graph\">{\"@context\":\"https:\\\/\\\/schema.org\",\"@graph\":[{\"@type\":\"WebPage\",\"@id\":\"https:\\\/\\\/www.dramfolks-whisky-auction.com\\\/fr\\\/product\\\/balmenach-old-particular-18yo-sherry-cask\\\/\",\"url\":\"https:\\\/\\\/www.dramfolks-whisky-auction.com\\\/fr\\\/product\\\/balmenach-old-particular-18yo-sherry-cask\\\/\",\"name\":\"Balmenach - Old Particular 18yo Sherry Cask - Dramfolks Whisky Auction\",\"isPartOf\":{\"@id\":\"https:\\\/\\\/www.dramfolks-whisky-auction.com\\\/fr\\\/#website\"},\"primaryImageOfPage\":{\"@id\":\"https:\\\/\\\/www.dramfolks-whisky-auction.com\\\/fr\\\/product\\\/balmenach-old-particular-18yo-sherry-cask\\\/#primaryimage\"},\"image\":{\"@id\":\"https:\\\/\\\/www.dramfolks-whisky-auction.com\\\/fr\\\/product\\\/balmenach-old-particular-18yo-sherry-cask\\\/#primaryimage\"},\"thumbnailUrl\":\"https:\\\/\\\/www.dramfolks-whisky-auction.com\\\/wp-content\\\/uploads\\\/2023\\\/02\\\/old-particular-vorne.jpg\",\"datePublished\":\"2023-02-18T21:02:23+00:00\",\"dateModified\":\"2024-04-11T18:18:14+00:00\",\"breadcrumb\":{\"@id\":\"https:\\\/\\\/www.dramfolks-whisky-auction.com\\\/fr\\\/product\\\/balmenach-old-particular-18yo-sherry-cask\\\/#breadcrumb\"},\"inLanguage\":\"fr-FR\",\"potentialAction\":[{\"@type\":\"ReadAction\",\"target\":[\"https:\\\/\\\/www.dramfolks-whisky-auction.com\\\/fr\\\/product\\\/balmenach-old-particular-18yo-sherry-cask\\\/\"]}]},{\"@type\":\"ImageObject\",\"inLanguage\":\"fr-FR\",\"@id\":\"https:\\\/\\\/www.dramfolks-whisky-auction.com\\\/fr\\\/product\\\/balmenach-old-particular-18yo-sherry-cask\\\/#primaryimage\",\"url\":\"https:\\\/\\\/www.dramfolks-whisky-auction.com\\\/wp-content\\\/uploads\\\/2023\\\/02\\\/old-particular-vorne.jpg\",\"contentUrl\":\"https:\\\/\\\/www.dramfolks-whisky-auction.com\\\/wp-content\\\/uploads\\\/2023\\\/02\\\/old-particular-vorne.jpg\",\"width\":1660,\"height\":1660},{\"@type\":\"BreadcrumbList\",\"@id\":\"https:\\\/\\\/www.dramfolks-whisky-auction.com\\\/fr\\\/product\\\/balmenach-old-particular-18yo-sherry-cask\\\/#breadcrumb\",\"itemListElement\":[{\"@type\":\"ListItem\",\"position\":1,\"name\":\"Startseite\",\"item\":\"https:\\\/\\\/www.dramfolks-whisky-auction.com\\\/fr\\\/\"},{\"@type\":\"ListItem\",\"position\":2,\"name\":\"Boutique\",\"item\":\"https:\\\/\\\/www.dramfolks-whisky-auction.com\\\/fr\\\/boutique\\\/\"},{\"@type\":\"ListItem\",\"position\":3,\"name\":\"Balmenach &#8211; Old Particular 18yo Sherry Cask\"}]},{\"@type\":\"WebSite\",\"@id\":\"https:\\\/\\\/www.dramfolks-whisky-auction.com\\\/fr\\\/#website\",\"url\":\"https:\\\/\\\/www.dramfolks-whisky-auction.com\\\/fr\\\/\",\"name\":\"Dramfolks Whisky Auction\",\"description\":\"\",\"potentialAction\":[{\"@type\":\"SearchAction\",\"target\":{\"@type\":\"EntryPoint\",\"urlTemplate\":\"https:\\\/\\\/www.dramfolks-whisky-auction.com\\\/fr\\\/?s={search_term_string}\"},\"query-input\":{\"@type\":\"PropertyValueSpecification\",\"valueRequired\":true,\"valueName\":\"search_term_string\"}}],\"inLanguage\":\"fr-FR\"}]}<\/script>\n<!-- \/ Yoast SEO plugin. -->","yoast_head_json":{"title":"Balmenach - Old Particular 18yo Sherry Cask - Dramfolks Whisky Auction","robots":{"index":"index","follow":"follow","max-snippet":"max-snippet:-1","max-image-preview":"max-image-preview:large","max-video-preview":"max-video-preview:-1"},"canonical":"https:\/\/www.dramfolks-whisky-auction.com\/fr\/product\/balmenach-old-particular-18yo-sherry-cask\/","og_locale":"fr_FR","og_type":"article","og_title":"Balmenach - Old Particular 18yo Sherry Cask - Dramfolks Whisky Auction","og_description":"Destille: Balmenach Die Destille Balmenach liegt idyllisch zwischen den H\u00fcgeln von Cromdale, Schottland. Das Wasser der zur Region Speyside geh\u00f6renden Brennerei stammt aus dem Cromdale Burn. Die Brennerei wurde 1824 von James MacGregor gegr\u00fcndet. Begonnen hat man als kleine Farm-Brennerei, die ihre Gerste in Form von Whisky haltbar machte. Derzeit gibt es keine leicht erh\u00e4ltlichen[...]","og_url":"https:\/\/www.dramfolks-whisky-auction.com\/fr\/product\/balmenach-old-particular-18yo-sherry-cask\/","og_site_name":"Dramfolks Whisky Auction","article_modified_time":"2024-04-11T18:18:14+00:00","og_image":[{"width":1660,"height":1660,"url":"https:\/\/www.dramfolks-whisky-auction.com\/wp-content\/uploads\/2023\/02\/old-particular-vorne.jpg","type":"image\/jpeg"}],"twitter_card":"summary_large_image","twitter_misc":{"Dur\u00e9e de lecture estim\u00e9e":"2 minutes"},"schema":{"@context":"https:\/\/schema.org","@graph":[{"@type":"WebPage","@id":"https:\/\/www.dramfolks-whisky-auction.com\/fr\/product\/balmenach-old-particular-18yo-sherry-cask\/","url":"https:\/\/www.dramfolks-whisky-auction.com\/fr\/product\/balmenach-old-particular-18yo-sherry-cask\/","name":"Balmenach - Old Particular 18yo Sherry Cask - Dramfolks Whisky Auction","isPartOf":{"@id":"https:\/\/www.dramfolks-whisky-auction.com\/fr\/#website"},"primaryImageOfPage":{"@id":"https:\/\/www.dramfolks-whisky-auction.com\/fr\/product\/balmenach-old-particular-18yo-sherry-cask\/#primaryimage"},"image":{"@id":"https:\/\/www.dramfolks-whisky-auction.com\/fr\/product\/balmenach-old-particular-18yo-sherry-cask\/#primaryimage"},"thumbnailUrl":"https:\/\/www.dramfolks-whisky-auction.com\/wp-content\/uploads\/2023\/02\/old-particular-vorne.jpg","datePublished":"2023-02-18T21:02:23+00:00","dateModified":"2024-04-11T18:18:14+00:00","breadcrumb":{"@id":"https:\/\/www.dramfolks-whisky-auction.com\/fr\/product\/balmenach-old-particular-18yo-sherry-cask\/#breadcrumb"},"inLanguage":"fr-FR","potentialAction":[{"@type":"ReadAction","target":["https:\/\/www.dramfolks-whisky-auction.com\/fr\/product\/balmenach-old-particular-18yo-sherry-cask\/"]}]},{"@type":"ImageObject","inLanguage":"fr-FR","@id":"https:\/\/www.dramfolks-whisky-auction.com\/fr\/product\/balmenach-old-particular-18yo-sherry-cask\/#primaryimage","url":"https:\/\/www.dramfolks-whisky-auction.com\/wp-content\/uploads\/2023\/02\/old-particular-vorne.jpg","contentUrl":"https:\/\/www.dramfolks-whisky-auction.com\/wp-content\/uploads\/2023\/02\/old-particular-vorne.jpg","width":1660,"height":1660},{"@type":"BreadcrumbList","@id":"https:\/\/www.dramfolks-whisky-auction.com\/fr\/product\/balmenach-old-particular-18yo-sherry-cask\/#breadcrumb","itemListElement":[{"@type":"ListItem","position":1,"name":"Startseite","item":"https:\/\/www.dramfolks-whisky-auction.com\/fr\/"},{"@type":"ListItem","position":2,"name":"Boutique","item":"https:\/\/www.dramfolks-whisky-auction.com\/fr\/boutique\/"},{"@type":"ListItem","position":3,"name":"Balmenach &#8211; Old Particular 18yo Sherry Cask"}]},{"@type":"WebSite","@id":"https:\/\/www.dramfolks-whisky-auction.com\/fr\/#website","url":"https:\/\/www.dramfolks-whisky-auction.com\/fr\/","name":"Dramfolks Whisky Auction","description":"","potentialAction":[{"@type":"SearchAction","target":{"@type":"EntryPoint","urlTemplate":"https:\/\/www.dramfolks-whisky-auction.com\/fr\/?s={search_term_string}"},"query-input":{"@type":"PropertyValueSpecification","valueRequired":true,"valueName":"search_term_string"}}],"inLanguage":"fr-FR"}]}},"_links":{"self":[{"href":"https:\/\/www.dramfolks-whisky-auction.com\/fr\/wp-json\/wp\/v2\/product\/1646","targetHints":{"allow":["GET"]}}],"collection":[{"href":"https:\/\/www.dramfolks-whisky-auction.com\/fr\/wp-json\/wp\/v2\/product"}],"about":[{"href":"https:\/\/www.dramfolks-whisky-auction.com\/fr\/wp-json\/wp\/v2\/types\/product"}],"replies":[{"embeddable":true,"href":"https:\/\/www.dramfolks-whisky-auction.com\/fr\/wp-json\/wp\/v2\/comments?post=1646"}],"wp:featuredmedia":[{"embeddable":true,"href":"https:\/\/www.dramfolks-whisky-auction.com\/fr\/wp-json\/wp\/v2\/media\/1647"}],"wp:attachment":[{"href":"https:\/\/www.dramfolks-whisky-auction.com\/fr\/wp-json\/wp\/v2\/media?parent=1646"}],"wp:term":[{"taxonomy":"product_brand","embeddable":true,"href":"https:\/\/www.dramfolks-whisky-auction.com\/fr\/wp-json\/wp\/v2\/product_brand?post=1646"},{"taxonomy":"product_cat","embeddable":true,"href":"https:\/\/www.dramfolks-whisky-auction.com\/fr\/wp-json\/wp\/v2\/product_cat?post=1646"},{"taxonomy":"product_tag","embeddable":true,"href":"https:\/\/www.dramfolks-whisky-auction.com\/fr\/wp-json\/wp\/v2\/product_tag?post=1646"}],"curies":[{"name":"wp","href":"https:\/\/api.w.org\/{rel}","templated":true}]}}