{"id":1645,"date":"2023-02-18T18:17:11","date_gmt":"2023-02-18T17:17:11","guid":{"rendered":"https:\/\/www.dramfolks-whisky-auction.com\/?post_type=product&#038;p=1645"},"modified":"2023-03-30T20:41:56","modified_gmt":"2023-03-30T18:41:56","slug":"circumstance-circumstantial-wheat-spirit-batch-1-tbwc-2","status":"publish","type":"product","link":"https:\/\/www.dramfolks-whisky-auction.com\/fr\/product\/circumstance-circumstantial-wheat-spirit-batch-1-tbwc-2\/","title":{"rendered":"Circumstance &#8211; Circumstantial Wheat Spirit Batch 1 TBWC"},"content":{"rendered":"<p><strong>Destille: Circumstance<br \/>\n<\/strong>Die Circumstance Distillery mit Sitz im Stadtteil Redfield von Bristol in England ist die \u00ab\u00a0Schwesterbrennerei\u00a0\u00bb von Psychopomp. Sie gilt als \u00ab\u00a0Gro\u00dfbritanniens innovativste Destillerie\u00a0\u00bb (Master of Malt). Die Herangehensweise der Whisky Destillation ist sehr eigen und speziell. Circumstance entwickelt botanische Spirituosen aus verschiedensten Getreidesorten, indem sie die Eigenschaften ihrer Potstills optimal ausnutzen. Um dies zu erreichen, verwendet Circumstance Bio-Maische, Bier- und Weinhefe, sowie lange und \u00ab\u00a0offene\u00a0\u00bb G\u00e4rungen. Des Weiteren verwenden sie eine Vielzahl verschiedenster Fassarten, sodass sie ganz individuell an ihrem eigenen Stil arbeiten.<strong><br \/>\n<\/strong><\/p>\n<p><strong>Fun Fakt:<\/strong> Auch hier steht Nachhaltigkeit gro\u00df im Fokus. Sie gehen sogar so weit, dass Circumstance den \u00ab\u00a0Abfall\u00a0\u00bb aus der Maische und dem nicht verwendeten Getreide als Kuhfutter an die lokalen Bauern schickt. Au\u00dferdem nehmen sie \u00ab\u00a0alte\u00a0\u00bb Flaschen zur\u00fcck, die zur Wiederverwendung aufbereitet werden. Und weil das noch nicht genug ist, bieten sie auch 5L-Nachf\u00fcllkartons f\u00fcr alle Kunden an, die ihren Whisky nicht in Flaschen abgef\u00fcllt haben wollen. Mehr geht nicht&#8230;<\/p>\n<p><strong>Whisky\/Whiskey: Circumstantial Wheat Spirit Batch 1 TBWC<\/strong><br \/>\nDer unabh\u00e4ngige Abf\u00fcller That Boutique-y Whisky Company (TBWC) bietet eine Vielzahl an ausgezeichneten Abf\u00fcllungen sowohl von schottischen als auch internationalen Brennereien an. Abgef\u00fcllt mit Altersangabe, Batchnummer und Flaschennummer. Die Flaschen dieses Abf\u00fcllers zieren ein f\u00fcr jede Abf\u00fcllung individuelles Comicbild, dass sich selber nicht ganz so ernst nimmt: Anspielungen auf Akteure im Whiskybusiness, zur Whiskygeschichte oder v\u00f6llig abstrakte Bilder k\u00f6nnen hierbei das Label zieren. Beim \u00ab\u00a0Circumstantial Wheat Spirit &#8211; Batch 1\u00a0\u00bb schuf das Team ein absolut, innovatives Destillat. Circumstance verwendete ein Weizendestillat, welches anschlie\u00dfend interessanterweise in einem Fass &#8211; f\u00fcr 40 Tage lang &#8211; mit Eichenfetzen gereift wurde &#8211; limitiert auf 88 Flaschen. Das gesamte Team ist auf dem Label vertreten, zusammen mit Isambard Kingdom Brunel, Designer eines der bekanntesten Wahrzeichen Bristols, der Clifton Suspension Bridge. Seht ihr den Graffiti K\u00fcnstler im Hintergrund?<\/p>\n<p><strong>Info Qualit\u00e4t der Flasche:<\/strong> Exzellent ohne Besch\u00e4digungen \/ <strong>F\u00fcllstand:<\/strong> Into neck<br \/>\n<strong>Info Qualit\u00e4t der Box:<\/strong> Box nicht vorhanden<\/p>\n<p><strong>Wichtiger Hinweis:<\/strong> Die Bewertung der Flaschen und Boxen erfolgt nach \u201ebesten Wissen und Gewissen\u201c. dramfolks kann keine Gew\u00e4hrleistung f\u00fcr den Inhalt der Flaschen \u00fcbernehmen. Weitere Infos &amp; Hinweise finden Sie in unseren AGBs. Wir empfehlen Ihnen, vor der Abgabe von Geboten \u00fcber die Zoomfunktion eine Besichtigung \/ genaue Pr\u00fcfung des angebotenen Whiskys vorzunehmen. Bitte kontaktieren sie uns bei Fragen direkt unter info@dramfolks.com<\/p>\n","protected":false},"excerpt":{"rendered":"<p>Destille: Circumstance Die Circumstance Distillery mit Sitz im Stadtteil Redfield von Bristol in England ist die \u00ab\u00a0Schwesterbrennerei\u00a0\u00bb von Psychopomp. Sie gilt als \u00ab\u00a0Gro\u00dfbritanniens innovativste Destillerie\u00a0\u00bb (Master of Malt). Die Herangehensweise der Whisky Destillation ist sehr eigen und speziell. Circumstance entwickelt botanische Spirituosen aus verschiedensten Getreidesorten, indem sie die Eigenschaften ihrer Potstills optimal ausnutzen. Um dies[&#8230;]\n","protected":false},"featured_media":1095,"comment_status":"closed","ping_status":"closed","template":"","meta":[],"product_brand":[],"product_cat":[79],"product_tag":[],"class_list":{"0":"post-1645","1":"product","2":"type-product","3":"status-publish","4":"has-post-thumbnail","6":"product_cat-no-2","8":"first","9":"instock","10":"shipping-taxable","11":"purchasable","12":"product-type-auction"},"yoast_head":"<!-- This site is optimized with the Yoast SEO plugin v27.4 - https:\/\/yoast.com\/product\/yoast-seo-wordpress\/ -->\n<title>Circumstance - Circumstantial Wheat Spirit Batch 1 TBWC - Dramfolks Whisky Auction<\/title>\n<meta name=\"robots\" content=\"index, follow, max-snippet:-1, max-image-preview:large, max-video-preview:-1\" \/>\n<link rel=\"canonical\" href=\"https:\/\/www.dramfolks-whisky-auction.com\/fr\/product\/circumstance-circumstantial-wheat-spirit-batch-1-tbwc-2\/\" \/>\n<meta property=\"og:locale\" content=\"fr_FR\" \/>\n<meta property=\"og:type\" content=\"article\" \/>\n<meta property=\"og:title\" content=\"Circumstance - Circumstantial Wheat Spirit Batch 1 TBWC - Dramfolks Whisky Auction\" \/>\n<meta property=\"og:description\" content=\"Destille: Circumstance Die Circumstance Distillery mit Sitz im Stadtteil Redfield von Bristol in England ist die \u00ab\u00a0Schwesterbrennerei\u00a0\u00bb von Psychopomp. Sie gilt als \u00ab\u00a0Gro\u00dfbritanniens innovativste Destillerie\u00a0\u00bb (Master of Malt). Die Herangehensweise der Whisky Destillation ist sehr eigen und speziell. Circumstance entwickelt botanische Spirituosen aus verschiedensten Getreidesorten, indem sie die Eigenschaften ihrer Potstills optimal ausnutzen. Um dies[...]\" \/>\n<meta property=\"og:url\" content=\"https:\/\/www.dramfolks-whisky-auction.com\/fr\/product\/circumstance-circumstantial-wheat-spirit-batch-1-tbwc-2\/\" \/>\n<meta property=\"og:site_name\" content=\"Dramfolks Whisky Auction\" \/>\n<meta property=\"article:modified_time\" content=\"2023-03-30T18:41:56+00:00\" \/>\n<meta property=\"og:image\" content=\"https:\/\/www.dramfolks-whisky-auction.com\/wp-content\/uploads\/2022\/12\/Circumstance-Wheat-Spirit-Batch-1-vorne-scaled.jpg\" \/>\n\t<meta property=\"og:image:width\" content=\"2560\" \/>\n\t<meta property=\"og:image:height\" content=\"2560\" \/>\n\t<meta property=\"og:image:type\" content=\"image\/jpeg\" \/>\n<meta name=\"twitter:card\" content=\"summary_large_image\" \/>\n<meta name=\"twitter:label1\" content=\"Dur\u00e9e de lecture estim\u00e9e\" \/>\n\t<meta name=\"twitter:data1\" content=\"3 minutes\" \/>\n<script type=\"application\/ld+json\" class=\"yoast-schema-graph\">{\"@context\":\"https:\\\/\\\/schema.org\",\"@graph\":[{\"@type\":\"WebPage\",\"@id\":\"https:\\\/\\\/www.dramfolks-whisky-auction.com\\\/fr\\\/product\\\/circumstance-circumstantial-wheat-spirit-batch-1-tbwc-2\\\/\",\"url\":\"https:\\\/\\\/www.dramfolks-whisky-auction.com\\\/fr\\\/product\\\/circumstance-circumstantial-wheat-spirit-batch-1-tbwc-2\\\/\",\"name\":\"Circumstance - Circumstantial Wheat Spirit Batch 1 TBWC - Dramfolks Whisky Auction\",\"isPartOf\":{\"@id\":\"https:\\\/\\\/www.dramfolks-whisky-auction.com\\\/fr\\\/#website\"},\"primaryImageOfPage\":{\"@id\":\"https:\\\/\\\/www.dramfolks-whisky-auction.com\\\/fr\\\/product\\\/circumstance-circumstantial-wheat-spirit-batch-1-tbwc-2\\\/#primaryimage\"},\"image\":{\"@id\":\"https:\\\/\\\/www.dramfolks-whisky-auction.com\\\/fr\\\/product\\\/circumstance-circumstantial-wheat-spirit-batch-1-tbwc-2\\\/#primaryimage\"},\"thumbnailUrl\":\"https:\\\/\\\/www.dramfolks-whisky-auction.com\\\/wp-content\\\/uploads\\\/2022\\\/12\\\/Circumstance-Wheat-Spirit-Batch-1-vorne-scaled.jpg\",\"datePublished\":\"2023-02-18T17:17:11+00:00\",\"dateModified\":\"2023-03-30T18:41:56+00:00\",\"breadcrumb\":{\"@id\":\"https:\\\/\\\/www.dramfolks-whisky-auction.com\\\/fr\\\/product\\\/circumstance-circumstantial-wheat-spirit-batch-1-tbwc-2\\\/#breadcrumb\"},\"inLanguage\":\"fr-FR\",\"potentialAction\":[{\"@type\":\"ReadAction\",\"target\":[\"https:\\\/\\\/www.dramfolks-whisky-auction.com\\\/fr\\\/product\\\/circumstance-circumstantial-wheat-spirit-batch-1-tbwc-2\\\/\"]}]},{\"@type\":\"ImageObject\",\"inLanguage\":\"fr-FR\",\"@id\":\"https:\\\/\\\/www.dramfolks-whisky-auction.com\\\/fr\\\/product\\\/circumstance-circumstantial-wheat-spirit-batch-1-tbwc-2\\\/#primaryimage\",\"url\":\"https:\\\/\\\/www.dramfolks-whisky-auction.com\\\/wp-content\\\/uploads\\\/2022\\\/12\\\/Circumstance-Wheat-Spirit-Batch-1-vorne-scaled.jpg\",\"contentUrl\":\"https:\\\/\\\/www.dramfolks-whisky-auction.com\\\/wp-content\\\/uploads\\\/2022\\\/12\\\/Circumstance-Wheat-Spirit-Batch-1-vorne-scaled.jpg\",\"width\":2560,\"height\":2560},{\"@type\":\"BreadcrumbList\",\"@id\":\"https:\\\/\\\/www.dramfolks-whisky-auction.com\\\/fr\\\/product\\\/circumstance-circumstantial-wheat-spirit-batch-1-tbwc-2\\\/#breadcrumb\",\"itemListElement\":[{\"@type\":\"ListItem\",\"position\":1,\"name\":\"Startseite\",\"item\":\"https:\\\/\\\/www.dramfolks-whisky-auction.com\\\/fr\\\/\"},{\"@type\":\"ListItem\",\"position\":2,\"name\":\"Boutique\",\"item\":\"https:\\\/\\\/www.dramfolks-whisky-auction.com\\\/fr\\\/boutique\\\/\"},{\"@type\":\"ListItem\",\"position\":3,\"name\":\"Circumstance &#8211; Circumstantial Wheat Spirit Batch 1 TBWC\"}]},{\"@type\":\"WebSite\",\"@id\":\"https:\\\/\\\/www.dramfolks-whisky-auction.com\\\/fr\\\/#website\",\"url\":\"https:\\\/\\\/www.dramfolks-whisky-auction.com\\\/fr\\\/\",\"name\":\"Dramfolks Whisky Auction\",\"description\":\"\",\"potentialAction\":[{\"@type\":\"SearchAction\",\"target\":{\"@type\":\"EntryPoint\",\"urlTemplate\":\"https:\\\/\\\/www.dramfolks-whisky-auction.com\\\/fr\\\/?s={search_term_string}\"},\"query-input\":{\"@type\":\"PropertyValueSpecification\",\"valueRequired\":true,\"valueName\":\"search_term_string\"}}],\"inLanguage\":\"fr-FR\"}]}<\/script>\n<!-- \/ Yoast SEO plugin. -->","yoast_head_json":{"title":"Circumstance - Circumstantial Wheat Spirit Batch 1 TBWC - Dramfolks Whisky Auction","robots":{"index":"index","follow":"follow","max-snippet":"max-snippet:-1","max-image-preview":"max-image-preview:large","max-video-preview":"max-video-preview:-1"},"canonical":"https:\/\/www.dramfolks-whisky-auction.com\/fr\/product\/circumstance-circumstantial-wheat-spirit-batch-1-tbwc-2\/","og_locale":"fr_FR","og_type":"article","og_title":"Circumstance - Circumstantial Wheat Spirit Batch 1 TBWC - Dramfolks Whisky Auction","og_description":"Destille: Circumstance Die Circumstance Distillery mit Sitz im Stadtteil Redfield von Bristol in England ist die \u00ab\u00a0Schwesterbrennerei\u00a0\u00bb von Psychopomp. Sie gilt als \u00ab\u00a0Gro\u00dfbritanniens innovativste Destillerie\u00a0\u00bb (Master of Malt). Die Herangehensweise der Whisky Destillation ist sehr eigen und speziell. Circumstance entwickelt botanische Spirituosen aus verschiedensten Getreidesorten, indem sie die Eigenschaften ihrer Potstills optimal ausnutzen. Um dies[...]","og_url":"https:\/\/www.dramfolks-whisky-auction.com\/fr\/product\/circumstance-circumstantial-wheat-spirit-batch-1-tbwc-2\/","og_site_name":"Dramfolks Whisky Auction","article_modified_time":"2023-03-30T18:41:56+00:00","og_image":[{"width":2560,"height":2560,"url":"https:\/\/www.dramfolks-whisky-auction.com\/wp-content\/uploads\/2022\/12\/Circumstance-Wheat-Spirit-Batch-1-vorne-scaled.jpg","type":"image\/jpeg"}],"twitter_card":"summary_large_image","twitter_misc":{"Dur\u00e9e de lecture estim\u00e9e":"3 minutes"},"schema":{"@context":"https:\/\/schema.org","@graph":[{"@type":"WebPage","@id":"https:\/\/www.dramfolks-whisky-auction.com\/fr\/product\/circumstance-circumstantial-wheat-spirit-batch-1-tbwc-2\/","url":"https:\/\/www.dramfolks-whisky-auction.com\/fr\/product\/circumstance-circumstantial-wheat-spirit-batch-1-tbwc-2\/","name":"Circumstance - Circumstantial Wheat Spirit Batch 1 TBWC - Dramfolks Whisky Auction","isPartOf":{"@id":"https:\/\/www.dramfolks-whisky-auction.com\/fr\/#website"},"primaryImageOfPage":{"@id":"https:\/\/www.dramfolks-whisky-auction.com\/fr\/product\/circumstance-circumstantial-wheat-spirit-batch-1-tbwc-2\/#primaryimage"},"image":{"@id":"https:\/\/www.dramfolks-whisky-auction.com\/fr\/product\/circumstance-circumstantial-wheat-spirit-batch-1-tbwc-2\/#primaryimage"},"thumbnailUrl":"https:\/\/www.dramfolks-whisky-auction.com\/wp-content\/uploads\/2022\/12\/Circumstance-Wheat-Spirit-Batch-1-vorne-scaled.jpg","datePublished":"2023-02-18T17:17:11+00:00","dateModified":"2023-03-30T18:41:56+00:00","breadcrumb":{"@id":"https:\/\/www.dramfolks-whisky-auction.com\/fr\/product\/circumstance-circumstantial-wheat-spirit-batch-1-tbwc-2\/#breadcrumb"},"inLanguage":"fr-FR","potentialAction":[{"@type":"ReadAction","target":["https:\/\/www.dramfolks-whisky-auction.com\/fr\/product\/circumstance-circumstantial-wheat-spirit-batch-1-tbwc-2\/"]}]},{"@type":"ImageObject","inLanguage":"fr-FR","@id":"https:\/\/www.dramfolks-whisky-auction.com\/fr\/product\/circumstance-circumstantial-wheat-spirit-batch-1-tbwc-2\/#primaryimage","url":"https:\/\/www.dramfolks-whisky-auction.com\/wp-content\/uploads\/2022\/12\/Circumstance-Wheat-Spirit-Batch-1-vorne-scaled.jpg","contentUrl":"https:\/\/www.dramfolks-whisky-auction.com\/wp-content\/uploads\/2022\/12\/Circumstance-Wheat-Spirit-Batch-1-vorne-scaled.jpg","width":2560,"height":2560},{"@type":"BreadcrumbList","@id":"https:\/\/www.dramfolks-whisky-auction.com\/fr\/product\/circumstance-circumstantial-wheat-spirit-batch-1-tbwc-2\/#breadcrumb","itemListElement":[{"@type":"ListItem","position":1,"name":"Startseite","item":"https:\/\/www.dramfolks-whisky-auction.com\/fr\/"},{"@type":"ListItem","position":2,"name":"Boutique","item":"https:\/\/www.dramfolks-whisky-auction.com\/fr\/boutique\/"},{"@type":"ListItem","position":3,"name":"Circumstance &#8211; Circumstantial Wheat Spirit Batch 1 TBWC"}]},{"@type":"WebSite","@id":"https:\/\/www.dramfolks-whisky-auction.com\/fr\/#website","url":"https:\/\/www.dramfolks-whisky-auction.com\/fr\/","name":"Dramfolks Whisky Auction","description":"","potentialAction":[{"@type":"SearchAction","target":{"@type":"EntryPoint","urlTemplate":"https:\/\/www.dramfolks-whisky-auction.com\/fr\/?s={search_term_string}"},"query-input":{"@type":"PropertyValueSpecification","valueRequired":true,"valueName":"search_term_string"}}],"inLanguage":"fr-FR"}]}},"_links":{"self":[{"href":"https:\/\/www.dramfolks-whisky-auction.com\/fr\/wp-json\/wp\/v2\/product\/1645","targetHints":{"allow":["GET"]}}],"collection":[{"href":"https:\/\/www.dramfolks-whisky-auction.com\/fr\/wp-json\/wp\/v2\/product"}],"about":[{"href":"https:\/\/www.dramfolks-whisky-auction.com\/fr\/wp-json\/wp\/v2\/types\/product"}],"replies":[{"embeddable":true,"href":"https:\/\/www.dramfolks-whisky-auction.com\/fr\/wp-json\/wp\/v2\/comments?post=1645"}],"wp:featuredmedia":[{"embeddable":true,"href":"https:\/\/www.dramfolks-whisky-auction.com\/fr\/wp-json\/wp\/v2\/media\/1095"}],"wp:attachment":[{"href":"https:\/\/www.dramfolks-whisky-auction.com\/fr\/wp-json\/wp\/v2\/media?parent=1645"}],"wp:term":[{"taxonomy":"product_brand","embeddable":true,"href":"https:\/\/www.dramfolks-whisky-auction.com\/fr\/wp-json\/wp\/v2\/product_brand?post=1645"},{"taxonomy":"product_cat","embeddable":true,"href":"https:\/\/www.dramfolks-whisky-auction.com\/fr\/wp-json\/wp\/v2\/product_cat?post=1645"},{"taxonomy":"product_tag","embeddable":true,"href":"https:\/\/www.dramfolks-whisky-auction.com\/fr\/wp-json\/wp\/v2\/product_tag?post=1645"}],"curies":[{"name":"wp","href":"https:\/\/api.w.org\/{rel}","templated":true}]}}