{"id":1583,"date":"2023-02-10T22:14:06","date_gmt":"2023-02-10T21:14:06","guid":{"rendered":"https:\/\/www.dramfolks-whisky-auction.com\/?post_type=product&#038;p=1583"},"modified":"2023-03-30T19:39:45","modified_gmt":"2023-03-30T17:39:45","slug":"the-famous-grouse-finest-scotch-whisky-traveller-edition-2","status":"publish","type":"product","link":"https:\/\/www.dramfolks-whisky-auction.com\/fr\/product\/the-famous-grouse-finest-scotch-whisky-traveller-edition-2\/","title":{"rendered":"The Famous Grouse &#8211; Finest Scotch Whisky (Traveller Edition)"},"content":{"rendered":"<p><strong>Destille: The Famous Grouse<br \/>\n<\/strong><\/p>\n<p><span class=\"v1s2\">The Famous Grouse ist heute eine Marke von Blended Scotch Whisky, die erstmals 1896 von Matthew &amp; Son hergestellt wurde und derzeit von der Edrington Group produziert wird. Die Edrington Group hat ihren Hauptsitz in Glasgow, Schottland. 1984 wurde The Famous Grouse mit dem Royal Warrant ausgezeichnet. Zu den Single Malt Whiskys, die in The Famous Grouse Blend verwendet werden, geh\u00f6ren der Highland Park und der Macallan, ebenfalls aus Edrington. Markenzeichen und Emblem von The Famous Grouse ist das Birkhuhn, Schottlands Nationalwildvogel.<\/span><\/p>\n<p><strong>Fun Fakt:<\/strong> The Famous Grouse geh\u00f6rt seit 1980 zu der meist verkauftesten Whiskymarke in Schottland. Durch den starken Export gehen j\u00e4hrlich \u00fcber 2 Mio. Kisten mit Whisky auf die Reise in die M\u00e4rkte auf dieser Welt. Und fun fact Nr. 2: Ho ho&#8230; Famous Grouse konzentriert seine Fernsehwerbung (seit 1996) ausschlie\u00dflich auf die Weihnachtszeit, wo sie den gr\u00f6\u00dften Anteil ihres j\u00e4hrlichen Umsatzes haben<\/p>\n<p><strong>Whisky\/Whiskey: Finest Scotch Whisky (Traveller Edition)<\/strong><br \/>\n\u00dcber diesen Scotch Malt ist leider nur wenig bekannt und verf\u00fcgbar. Es wird hier eine eher seltene 2,0l Flasche vom \u00ab\u00a0Finest Scotch Whisky\u00a0\u00bb von The Famous Grouse angeboten. Die Flasche wurde laut Besitzer in den 90iger Jahren im Duty Free Shop auf einer Reise nach \u00c4gypten gekauft (siehe Label am Flaschenhals und auf der R\u00fcckseite der Flasche).<\/p>\n<p><strong>Info Qualit\u00e4t der Flasche:<\/strong> Good &#8211; leichte Kratzer und Besch\u00e4digungen am Label hinten und vorne \/ <strong>F\u00fcllstand:<\/strong> Top shoulder<\/p>\n<p><strong>Info Qualit\u00e4t der Box:<\/strong> Box nicht vorhanden<\/p>\n<p><strong>Wichtiger Hinweis:<\/strong> Die Bewertung der Flaschen und Boxen erfolgt nach \u201ebesten Wissen und Gewissen\u201c. dramfolks kann keine Gew\u00e4hrleistung f\u00fcr den Inhalt der Flaschen \u00fcbernehmen. Weitere Infos &amp; Hinweise finden Sie in unseren AGBs. Wir empfehlen Ihnen, vor der Abgabe von Geboten \u00fcber die Zoomfunktion eine Besichtigung \/ genaue Pr\u00fcfung des angebotenen Whiskys vorzunehmen. Bitte kontaktieren sie uns bei Fragen direkt unter info@dramfolks.com<\/p>\n","protected":false},"excerpt":{"rendered":"<p>Destille: The Famous Grouse The Famous Grouse ist heute eine Marke von Blended Scotch Whisky, die erstmals 1896 von Matthew &amp; Son hergestellt wurde und derzeit von der Edrington Group produziert wird. Die Edrington Group hat ihren Hauptsitz in Glasgow, Schottland. 1984 wurde The Famous Grouse mit dem Royal Warrant ausgezeichnet. Zu den Single Malt[&#8230;]\n","protected":false},"featured_media":1252,"comment_status":"closed","ping_status":"closed","template":"","meta":[],"product_brand":[],"product_cat":[79],"product_tag":[],"class_list":{"0":"post-1583","1":"product","2":"type-product","3":"status-publish","4":"has-post-thumbnail","6":"product_cat-no-2","8":"first","9":"instock","10":"shipping-taxable","11":"purchasable","12":"product-type-auction"},"yoast_head":"<!-- This site is optimized with the Yoast SEO plugin v27.4 - https:\/\/yoast.com\/product\/yoast-seo-wordpress\/ -->\n<title>The Famous Grouse - Finest Scotch Whisky (Traveller Edition) - Dramfolks Whisky Auction<\/title>\n<meta name=\"robots\" content=\"index, follow, max-snippet:-1, max-image-preview:large, max-video-preview:-1\" \/>\n<link rel=\"canonical\" href=\"https:\/\/www.dramfolks-whisky-auction.com\/fr\/product\/the-famous-grouse-finest-scotch-whisky-traveller-edition-2\/\" \/>\n<meta property=\"og:locale\" content=\"fr_FR\" \/>\n<meta property=\"og:type\" content=\"article\" \/>\n<meta property=\"og:title\" content=\"The Famous Grouse - Finest Scotch Whisky (Traveller Edition) - Dramfolks Whisky Auction\" \/>\n<meta property=\"og:description\" content=\"Destille: The Famous Grouse The Famous Grouse ist heute eine Marke von Blended Scotch Whisky, die erstmals 1896 von Matthew &amp; Son hergestellt wurde und derzeit von der Edrington Group produziert wird. Die Edrington Group hat ihren Hauptsitz in Glasgow, Schottland. 1984 wurde The Famous Grouse mit dem Royal Warrant ausgezeichnet. Zu den Single Malt[...]\" \/>\n<meta property=\"og:url\" content=\"https:\/\/www.dramfolks-whisky-auction.com\/fr\/product\/the-famous-grouse-finest-scotch-whisky-traveller-edition-2\/\" \/>\n<meta property=\"og:site_name\" content=\"Dramfolks Whisky Auction\" \/>\n<meta property=\"article:modified_time\" content=\"2023-03-30T17:39:45+00:00\" \/>\n<meta property=\"og:image\" content=\"https:\/\/www.dramfolks-whisky-auction.com\/wp-content\/uploads\/2022\/12\/The-Famous-Grouse-Finest-Scotch-vorne.jpg\" \/>\n\t<meta property=\"og:image:width\" content=\"1688\" \/>\n\t<meta property=\"og:image:height\" content=\"1688\" \/>\n\t<meta property=\"og:image:type\" content=\"image\/jpeg\" \/>\n<meta name=\"twitter:card\" content=\"summary_large_image\" \/>\n<meta name=\"twitter:label1\" content=\"Dur\u00e9e de lecture estim\u00e9e\" \/>\n\t<meta name=\"twitter:data1\" content=\"2 minutes\" \/>\n<script type=\"application\/ld+json\" class=\"yoast-schema-graph\">{\"@context\":\"https:\\\/\\\/schema.org\",\"@graph\":[{\"@type\":\"WebPage\",\"@id\":\"https:\\\/\\\/www.dramfolks-whisky-auction.com\\\/fr\\\/product\\\/the-famous-grouse-finest-scotch-whisky-traveller-edition-2\\\/\",\"url\":\"https:\\\/\\\/www.dramfolks-whisky-auction.com\\\/fr\\\/product\\\/the-famous-grouse-finest-scotch-whisky-traveller-edition-2\\\/\",\"name\":\"The Famous Grouse - Finest Scotch Whisky (Traveller Edition) - Dramfolks Whisky Auction\",\"isPartOf\":{\"@id\":\"https:\\\/\\\/www.dramfolks-whisky-auction.com\\\/fr\\\/#website\"},\"primaryImageOfPage\":{\"@id\":\"https:\\\/\\\/www.dramfolks-whisky-auction.com\\\/fr\\\/product\\\/the-famous-grouse-finest-scotch-whisky-traveller-edition-2\\\/#primaryimage\"},\"image\":{\"@id\":\"https:\\\/\\\/www.dramfolks-whisky-auction.com\\\/fr\\\/product\\\/the-famous-grouse-finest-scotch-whisky-traveller-edition-2\\\/#primaryimage\"},\"thumbnailUrl\":\"https:\\\/\\\/www.dramfolks-whisky-auction.com\\\/wp-content\\\/uploads\\\/2022\\\/12\\\/The-Famous-Grouse-Finest-Scotch-vorne.jpg\",\"datePublished\":\"2023-02-10T21:14:06+00:00\",\"dateModified\":\"2023-03-30T17:39:45+00:00\",\"breadcrumb\":{\"@id\":\"https:\\\/\\\/www.dramfolks-whisky-auction.com\\\/fr\\\/product\\\/the-famous-grouse-finest-scotch-whisky-traveller-edition-2\\\/#breadcrumb\"},\"inLanguage\":\"fr-FR\",\"potentialAction\":[{\"@type\":\"ReadAction\",\"target\":[\"https:\\\/\\\/www.dramfolks-whisky-auction.com\\\/fr\\\/product\\\/the-famous-grouse-finest-scotch-whisky-traveller-edition-2\\\/\"]}]},{\"@type\":\"ImageObject\",\"inLanguage\":\"fr-FR\",\"@id\":\"https:\\\/\\\/www.dramfolks-whisky-auction.com\\\/fr\\\/product\\\/the-famous-grouse-finest-scotch-whisky-traveller-edition-2\\\/#primaryimage\",\"url\":\"https:\\\/\\\/www.dramfolks-whisky-auction.com\\\/wp-content\\\/uploads\\\/2022\\\/12\\\/The-Famous-Grouse-Finest-Scotch-vorne.jpg\",\"contentUrl\":\"https:\\\/\\\/www.dramfolks-whisky-auction.com\\\/wp-content\\\/uploads\\\/2022\\\/12\\\/The-Famous-Grouse-Finest-Scotch-vorne.jpg\",\"width\":1688,\"height\":1688},{\"@type\":\"BreadcrumbList\",\"@id\":\"https:\\\/\\\/www.dramfolks-whisky-auction.com\\\/fr\\\/product\\\/the-famous-grouse-finest-scotch-whisky-traveller-edition-2\\\/#breadcrumb\",\"itemListElement\":[{\"@type\":\"ListItem\",\"position\":1,\"name\":\"Startseite\",\"item\":\"https:\\\/\\\/www.dramfolks-whisky-auction.com\\\/fr\\\/\"},{\"@type\":\"ListItem\",\"position\":2,\"name\":\"Boutique\",\"item\":\"https:\\\/\\\/www.dramfolks-whisky-auction.com\\\/fr\\\/boutique\\\/\"},{\"@type\":\"ListItem\",\"position\":3,\"name\":\"The Famous Grouse &#8211; Finest Scotch Whisky (Traveller Edition)\"}]},{\"@type\":\"WebSite\",\"@id\":\"https:\\\/\\\/www.dramfolks-whisky-auction.com\\\/fr\\\/#website\",\"url\":\"https:\\\/\\\/www.dramfolks-whisky-auction.com\\\/fr\\\/\",\"name\":\"Dramfolks Whisky Auction\",\"description\":\"\",\"potentialAction\":[{\"@type\":\"SearchAction\",\"target\":{\"@type\":\"EntryPoint\",\"urlTemplate\":\"https:\\\/\\\/www.dramfolks-whisky-auction.com\\\/fr\\\/?s={search_term_string}\"},\"query-input\":{\"@type\":\"PropertyValueSpecification\",\"valueRequired\":true,\"valueName\":\"search_term_string\"}}],\"inLanguage\":\"fr-FR\"}]}<\/script>\n<!-- \/ Yoast SEO plugin. -->","yoast_head_json":{"title":"The Famous Grouse - Finest Scotch Whisky (Traveller Edition) - Dramfolks Whisky Auction","robots":{"index":"index","follow":"follow","max-snippet":"max-snippet:-1","max-image-preview":"max-image-preview:large","max-video-preview":"max-video-preview:-1"},"canonical":"https:\/\/www.dramfolks-whisky-auction.com\/fr\/product\/the-famous-grouse-finest-scotch-whisky-traveller-edition-2\/","og_locale":"fr_FR","og_type":"article","og_title":"The Famous Grouse - Finest Scotch Whisky (Traveller Edition) - Dramfolks Whisky Auction","og_description":"Destille: The Famous Grouse The Famous Grouse ist heute eine Marke von Blended Scotch Whisky, die erstmals 1896 von Matthew &amp; Son hergestellt wurde und derzeit von der Edrington Group produziert wird. Die Edrington Group hat ihren Hauptsitz in Glasgow, Schottland. 1984 wurde The Famous Grouse mit dem Royal Warrant ausgezeichnet. Zu den Single Malt[...]","og_url":"https:\/\/www.dramfolks-whisky-auction.com\/fr\/product\/the-famous-grouse-finest-scotch-whisky-traveller-edition-2\/","og_site_name":"Dramfolks Whisky Auction","article_modified_time":"2023-03-30T17:39:45+00:00","og_image":[{"width":1688,"height":1688,"url":"https:\/\/www.dramfolks-whisky-auction.com\/wp-content\/uploads\/2022\/12\/The-Famous-Grouse-Finest-Scotch-vorne.jpg","type":"image\/jpeg"}],"twitter_card":"summary_large_image","twitter_misc":{"Dur\u00e9e de lecture estim\u00e9e":"2 minutes"},"schema":{"@context":"https:\/\/schema.org","@graph":[{"@type":"WebPage","@id":"https:\/\/www.dramfolks-whisky-auction.com\/fr\/product\/the-famous-grouse-finest-scotch-whisky-traveller-edition-2\/","url":"https:\/\/www.dramfolks-whisky-auction.com\/fr\/product\/the-famous-grouse-finest-scotch-whisky-traveller-edition-2\/","name":"The Famous Grouse - Finest Scotch Whisky (Traveller Edition) - Dramfolks Whisky Auction","isPartOf":{"@id":"https:\/\/www.dramfolks-whisky-auction.com\/fr\/#website"},"primaryImageOfPage":{"@id":"https:\/\/www.dramfolks-whisky-auction.com\/fr\/product\/the-famous-grouse-finest-scotch-whisky-traveller-edition-2\/#primaryimage"},"image":{"@id":"https:\/\/www.dramfolks-whisky-auction.com\/fr\/product\/the-famous-grouse-finest-scotch-whisky-traveller-edition-2\/#primaryimage"},"thumbnailUrl":"https:\/\/www.dramfolks-whisky-auction.com\/wp-content\/uploads\/2022\/12\/The-Famous-Grouse-Finest-Scotch-vorne.jpg","datePublished":"2023-02-10T21:14:06+00:00","dateModified":"2023-03-30T17:39:45+00:00","breadcrumb":{"@id":"https:\/\/www.dramfolks-whisky-auction.com\/fr\/product\/the-famous-grouse-finest-scotch-whisky-traveller-edition-2\/#breadcrumb"},"inLanguage":"fr-FR","potentialAction":[{"@type":"ReadAction","target":["https:\/\/www.dramfolks-whisky-auction.com\/fr\/product\/the-famous-grouse-finest-scotch-whisky-traveller-edition-2\/"]}]},{"@type":"ImageObject","inLanguage":"fr-FR","@id":"https:\/\/www.dramfolks-whisky-auction.com\/fr\/product\/the-famous-grouse-finest-scotch-whisky-traveller-edition-2\/#primaryimage","url":"https:\/\/www.dramfolks-whisky-auction.com\/wp-content\/uploads\/2022\/12\/The-Famous-Grouse-Finest-Scotch-vorne.jpg","contentUrl":"https:\/\/www.dramfolks-whisky-auction.com\/wp-content\/uploads\/2022\/12\/The-Famous-Grouse-Finest-Scotch-vorne.jpg","width":1688,"height":1688},{"@type":"BreadcrumbList","@id":"https:\/\/www.dramfolks-whisky-auction.com\/fr\/product\/the-famous-grouse-finest-scotch-whisky-traveller-edition-2\/#breadcrumb","itemListElement":[{"@type":"ListItem","position":1,"name":"Startseite","item":"https:\/\/www.dramfolks-whisky-auction.com\/fr\/"},{"@type":"ListItem","position":2,"name":"Boutique","item":"https:\/\/www.dramfolks-whisky-auction.com\/fr\/boutique\/"},{"@type":"ListItem","position":3,"name":"The Famous Grouse &#8211; Finest Scotch Whisky (Traveller Edition)"}]},{"@type":"WebSite","@id":"https:\/\/www.dramfolks-whisky-auction.com\/fr\/#website","url":"https:\/\/www.dramfolks-whisky-auction.com\/fr\/","name":"Dramfolks Whisky Auction","description":"","potentialAction":[{"@type":"SearchAction","target":{"@type":"EntryPoint","urlTemplate":"https:\/\/www.dramfolks-whisky-auction.com\/fr\/?s={search_term_string}"},"query-input":{"@type":"PropertyValueSpecification","valueRequired":true,"valueName":"search_term_string"}}],"inLanguage":"fr-FR"}]}},"_links":{"self":[{"href":"https:\/\/www.dramfolks-whisky-auction.com\/fr\/wp-json\/wp\/v2\/product\/1583","targetHints":{"allow":["GET"]}}],"collection":[{"href":"https:\/\/www.dramfolks-whisky-auction.com\/fr\/wp-json\/wp\/v2\/product"}],"about":[{"href":"https:\/\/www.dramfolks-whisky-auction.com\/fr\/wp-json\/wp\/v2\/types\/product"}],"replies":[{"embeddable":true,"href":"https:\/\/www.dramfolks-whisky-auction.com\/fr\/wp-json\/wp\/v2\/comments?post=1583"}],"wp:featuredmedia":[{"embeddable":true,"href":"https:\/\/www.dramfolks-whisky-auction.com\/fr\/wp-json\/wp\/v2\/media\/1252"}],"wp:attachment":[{"href":"https:\/\/www.dramfolks-whisky-auction.com\/fr\/wp-json\/wp\/v2\/media?parent=1583"}],"wp:term":[{"taxonomy":"product_brand","embeddable":true,"href":"https:\/\/www.dramfolks-whisky-auction.com\/fr\/wp-json\/wp\/v2\/product_brand?post=1583"},{"taxonomy":"product_cat","embeddable":true,"href":"https:\/\/www.dramfolks-whisky-auction.com\/fr\/wp-json\/wp\/v2\/product_cat?post=1583"},{"taxonomy":"product_tag","embeddable":true,"href":"https:\/\/www.dramfolks-whisky-auction.com\/fr\/wp-json\/wp\/v2\/product_tag?post=1583"}],"curies":[{"name":"wp","href":"https:\/\/api.w.org\/{rel}","templated":true}]}}