{"id":1572,"date":"2023-02-10T16:44:11","date_gmt":"2023-02-10T15:44:11","guid":{"rendered":"https:\/\/www.dramfolks-whisky-auction.com\/?post_type=product&#038;p=1572"},"modified":"2023-12-11T20:44:06","modified_gmt":"2023-12-11T19:44:06","slug":"ncnean-batch-3-tbwc-2","status":"publish","type":"product","link":"https:\/\/www.dramfolks-whisky-auction.com\/fr\/product\/ncnean-batch-3-tbwc-2\/","title":{"rendered":"Nc&rsquo;nean &#8211; Batch 3 TBWC"},"content":{"rendered":"<p><strong>Destille: Nc&rsquo;nean<\/strong><br \/>\nDie Nc&rsquo;nean Distillery ist eine schottische Whiskybrennerei in Drimnin auf der Halbinsel Morvern in den Highlands Schottlands. Der Brennereiname Nc&rsquo;nean stammt von \u00ab\u00a0Neachneohain\u00a0\u00bb, einer g\u00e4lischen Legende, die als K\u00f6nigin der Geister \u00fcbersetzt wird. Die Besonderheit an Nc&rsquo;nean ist der absolute Nachhaltigkeitsgedanke der Brennerei. So konzentriert sich Annabel Thomas und ihr Team auf die Herstellung einer Bio-Spirituose mit minimalen Auswirkungen auf die lokale Umwelt. Die Destillerie war die erste in Gro\u00dfbritannien, die zum einen w\u00e4hrend der Whiskyproduktion \u00ab\u00a0CO2-emmisionsfrei\u00a0\u00bb agiert und zum anderen die B Corp-Zertifizierung von B Lab bekommen hat.<\/p>\n<p><strong>Fun fact:<\/strong> Im August 2020 verkaufte die Destillerie ihre erste Flasche Single Malt Scotch Whisky auf einer Auktion f\u00fcr \u00a3 41.004. Nc&rsquo;nean spendete die komplette Summe f\u00fcr wohlt\u00e4tige Zwecke.<\/p>\n<p><strong>Whisky\/Whiskey: Batch 3 TBWC<\/strong><br \/>\nDer unabh\u00e4ngige Abf\u00fcller That Boutique-y Whisky Company (TBWC) bietet eine Vielzahl an ausgezeichneten Abf\u00fcllungen sowohl von schottischen als auch internationalen Brennereien an. Abgef\u00fcllt mit Altersangabe, Batchnummer und Flaschennummer. Die Flaschen dieses Abf\u00fcllers ziert ein f\u00fcr jede Abf\u00fcllung individuelles Comicbild, dass sich selber nicht ganz so ernst nimmt: Anspielungen auf Akteure im Whiskybusiness, zur Whiskygeschichte oder v\u00f6llig abstrakte Bilder k\u00f6nnen hierbei das Label zieren. Dieser von That Boutique-y Whisky Company abgef\u00fcllte, 4 Jahre alte Single Malt Scotch ist eine der ersten unabh\u00e4ngigen Abf\u00fcllung eines Nc\u2019Nean. Batch #3 ist auf nur 385 Flaschen limitiert. Dank einer satten Fassst\u00e4rke von 60% vol. k\u00f6nnen sich die Aromen von frischgebackenem Brot und Zitrusfr\u00fcchten voll entfalten.<\/p>\n<p><strong>Info Flaschen Qualit\u00e4t:<\/strong> Exzellent &#8211; ohne Besch\u00e4digungen \/ <strong>F\u00fcllstand:<\/strong> Into neck<br \/>\n<strong>Info Box Qualit\u00e4t:<\/strong> Very good &#8211; minimale \u00ab\u00a0Knickspur\u00a0\u00bb oben links (siehe Bild)<\/p>\n<p><strong>Wichtiger Hinweis:<\/strong> Die Bewertung der Flaschen und Boxen erfolgt nach \u201ebesten Wissen und Gewissen\u201c. dramfolks kann keine Gew\u00e4hrleistung f\u00fcr den Inhalt der Flaschen \u00fcbernehmen. Weitere Infos &amp; Hinweise finden Sie in unseren AGBs. Wir empfehlen Ihnen, vor der Abgabe von Geboten \u00fcber die Zoomfunktion eine Besichtigung \/ genaue Pr\u00fcfung des angebotenen Whiskys vorzunehmen. Bitte kontaktieren sie uns bei Fragen direkt unter info@dramfolks.com<\/p>\n","protected":false},"excerpt":{"rendered":"<p>Destille: Nc&rsquo;nean Die Nc&rsquo;nean Distillery ist eine schottische Whiskybrennerei in Drimnin auf der Halbinsel Morvern in den Highlands Schottlands. Der Brennereiname Nc&rsquo;nean stammt von \u00ab\u00a0Neachneohain\u00a0\u00bb, einer g\u00e4lischen Legende, die als K\u00f6nigin der Geister \u00fcbersetzt wird. Die Besonderheit an Nc&rsquo;nean ist der absolute Nachhaltigkeitsgedanke der Brennerei. So konzentriert sich Annabel Thomas und ihr Team auf die[&#8230;]\n","protected":false},"featured_media":1016,"comment_status":"closed","ping_status":"closed","template":"","meta":[],"product_brand":[],"product_cat":[79],"product_tag":[],"class_list":{"0":"post-1572","1":"product","2":"type-product","3":"status-publish","4":"has-post-thumbnail","6":"product_cat-no-2","8":"first","9":"instock","10":"shipping-taxable","11":"purchasable","12":"product-type-auction"},"yoast_head":"<!-- This site is optimized with the Yoast SEO plugin v27.4 - https:\/\/yoast.com\/product\/yoast-seo-wordpress\/ -->\n<title>Nc&#039;nean - Batch 3 TBWC - Dramfolks Whisky Auction<\/title>\n<meta name=\"robots\" content=\"index, follow, max-snippet:-1, max-image-preview:large, max-video-preview:-1\" \/>\n<link rel=\"canonical\" href=\"https:\/\/www.dramfolks-whisky-auction.com\/fr\/product\/ncnean-batch-3-tbwc-2\/\" \/>\n<meta property=\"og:locale\" content=\"fr_FR\" \/>\n<meta property=\"og:type\" content=\"article\" \/>\n<meta property=\"og:title\" content=\"Nc&#039;nean - Batch 3 TBWC - Dramfolks Whisky Auction\" \/>\n<meta property=\"og:description\" content=\"Destille: Nc&rsquo;nean Die Nc&rsquo;nean Distillery ist eine schottische Whiskybrennerei in Drimnin auf der Halbinsel Morvern in den Highlands Schottlands. Der Brennereiname Nc&rsquo;nean stammt von \u00ab\u00a0Neachneohain\u00a0\u00bb, einer g\u00e4lischen Legende, die als K\u00f6nigin der Geister \u00fcbersetzt wird. Die Besonderheit an Nc&rsquo;nean ist der absolute Nachhaltigkeitsgedanke der Brennerei. So konzentriert sich Annabel Thomas und ihr Team auf die[...]\" \/>\n<meta property=\"og:url\" content=\"https:\/\/www.dramfolks-whisky-auction.com\/fr\/product\/ncnean-batch-3-tbwc-2\/\" \/>\n<meta property=\"og:site_name\" content=\"Dramfolks Whisky Auction\" \/>\n<meta property=\"article:modified_time\" content=\"2023-12-11T19:44:06+00:00\" \/>\n<meta property=\"og:image\" content=\"https:\/\/www.dramfolks-whisky-auction.com\/wp-content\/uploads\/2022\/12\/DSC_0084-scaled.jpg\" \/>\n\t<meta property=\"og:image:width\" content=\"2560\" \/>\n\t<meta property=\"og:image:height\" content=\"2560\" \/>\n\t<meta property=\"og:image:type\" content=\"image\/jpeg\" \/>\n<meta name=\"twitter:card\" content=\"summary_large_image\" \/>\n<meta name=\"twitter:label1\" content=\"Dur\u00e9e de lecture estim\u00e9e\" \/>\n\t<meta name=\"twitter:data1\" content=\"2 minutes\" \/>\n<script type=\"application\/ld+json\" class=\"yoast-schema-graph\">{\"@context\":\"https:\\\/\\\/schema.org\",\"@graph\":[{\"@type\":\"WebPage\",\"@id\":\"https:\\\/\\\/www.dramfolks-whisky-auction.com\\\/fr\\\/product\\\/ncnean-batch-3-tbwc-2\\\/\",\"url\":\"https:\\\/\\\/www.dramfolks-whisky-auction.com\\\/fr\\\/product\\\/ncnean-batch-3-tbwc-2\\\/\",\"name\":\"Nc'nean - Batch 3 TBWC - Dramfolks Whisky Auction\",\"isPartOf\":{\"@id\":\"https:\\\/\\\/www.dramfolks-whisky-auction.com\\\/fr\\\/#website\"},\"primaryImageOfPage\":{\"@id\":\"https:\\\/\\\/www.dramfolks-whisky-auction.com\\\/fr\\\/product\\\/ncnean-batch-3-tbwc-2\\\/#primaryimage\"},\"image\":{\"@id\":\"https:\\\/\\\/www.dramfolks-whisky-auction.com\\\/fr\\\/product\\\/ncnean-batch-3-tbwc-2\\\/#primaryimage\"},\"thumbnailUrl\":\"https:\\\/\\\/www.dramfolks-whisky-auction.com\\\/wp-content\\\/uploads\\\/2022\\\/12\\\/DSC_0084-scaled.jpg\",\"datePublished\":\"2023-02-10T15:44:11+00:00\",\"dateModified\":\"2023-12-11T19:44:06+00:00\",\"breadcrumb\":{\"@id\":\"https:\\\/\\\/www.dramfolks-whisky-auction.com\\\/fr\\\/product\\\/ncnean-batch-3-tbwc-2\\\/#breadcrumb\"},\"inLanguage\":\"fr-FR\",\"potentialAction\":[{\"@type\":\"ReadAction\",\"target\":[\"https:\\\/\\\/www.dramfolks-whisky-auction.com\\\/fr\\\/product\\\/ncnean-batch-3-tbwc-2\\\/\"]}]},{\"@type\":\"ImageObject\",\"inLanguage\":\"fr-FR\",\"@id\":\"https:\\\/\\\/www.dramfolks-whisky-auction.com\\\/fr\\\/product\\\/ncnean-batch-3-tbwc-2\\\/#primaryimage\",\"url\":\"https:\\\/\\\/www.dramfolks-whisky-auction.com\\\/wp-content\\\/uploads\\\/2022\\\/12\\\/DSC_0084-scaled.jpg\",\"contentUrl\":\"https:\\\/\\\/www.dramfolks-whisky-auction.com\\\/wp-content\\\/uploads\\\/2022\\\/12\\\/DSC_0084-scaled.jpg\",\"width\":2560,\"height\":2560},{\"@type\":\"BreadcrumbList\",\"@id\":\"https:\\\/\\\/www.dramfolks-whisky-auction.com\\\/fr\\\/product\\\/ncnean-batch-3-tbwc-2\\\/#breadcrumb\",\"itemListElement\":[{\"@type\":\"ListItem\",\"position\":1,\"name\":\"Startseite\",\"item\":\"https:\\\/\\\/www.dramfolks-whisky-auction.com\\\/fr\\\/\"},{\"@type\":\"ListItem\",\"position\":2,\"name\":\"Boutique\",\"item\":\"https:\\\/\\\/www.dramfolks-whisky-auction.com\\\/fr\\\/boutique\\\/\"},{\"@type\":\"ListItem\",\"position\":3,\"name\":\"Nc&#8217;nean &#8211; Batch 3 TBWC\"}]},{\"@type\":\"WebSite\",\"@id\":\"https:\\\/\\\/www.dramfolks-whisky-auction.com\\\/fr\\\/#website\",\"url\":\"https:\\\/\\\/www.dramfolks-whisky-auction.com\\\/fr\\\/\",\"name\":\"Dramfolks Whisky Auction\",\"description\":\"\",\"potentialAction\":[{\"@type\":\"SearchAction\",\"target\":{\"@type\":\"EntryPoint\",\"urlTemplate\":\"https:\\\/\\\/www.dramfolks-whisky-auction.com\\\/fr\\\/?s={search_term_string}\"},\"query-input\":{\"@type\":\"PropertyValueSpecification\",\"valueRequired\":true,\"valueName\":\"search_term_string\"}}],\"inLanguage\":\"fr-FR\"}]}<\/script>\n<!-- \/ Yoast SEO plugin. -->","yoast_head_json":{"title":"Nc'nean - Batch 3 TBWC - Dramfolks Whisky Auction","robots":{"index":"index","follow":"follow","max-snippet":"max-snippet:-1","max-image-preview":"max-image-preview:large","max-video-preview":"max-video-preview:-1"},"canonical":"https:\/\/www.dramfolks-whisky-auction.com\/fr\/product\/ncnean-batch-3-tbwc-2\/","og_locale":"fr_FR","og_type":"article","og_title":"Nc'nean - Batch 3 TBWC - Dramfolks Whisky Auction","og_description":"Destille: Nc&rsquo;nean Die Nc&rsquo;nean Distillery ist eine schottische Whiskybrennerei in Drimnin auf der Halbinsel Morvern in den Highlands Schottlands. Der Brennereiname Nc&rsquo;nean stammt von \u00ab\u00a0Neachneohain\u00a0\u00bb, einer g\u00e4lischen Legende, die als K\u00f6nigin der Geister \u00fcbersetzt wird. Die Besonderheit an Nc&rsquo;nean ist der absolute Nachhaltigkeitsgedanke der Brennerei. So konzentriert sich Annabel Thomas und ihr Team auf die[...]","og_url":"https:\/\/www.dramfolks-whisky-auction.com\/fr\/product\/ncnean-batch-3-tbwc-2\/","og_site_name":"Dramfolks Whisky Auction","article_modified_time":"2023-12-11T19:44:06+00:00","og_image":[{"width":2560,"height":2560,"url":"https:\/\/www.dramfolks-whisky-auction.com\/wp-content\/uploads\/2022\/12\/DSC_0084-scaled.jpg","type":"image\/jpeg"}],"twitter_card":"summary_large_image","twitter_misc":{"Dur\u00e9e de lecture estim\u00e9e":"2 minutes"},"schema":{"@context":"https:\/\/schema.org","@graph":[{"@type":"WebPage","@id":"https:\/\/www.dramfolks-whisky-auction.com\/fr\/product\/ncnean-batch-3-tbwc-2\/","url":"https:\/\/www.dramfolks-whisky-auction.com\/fr\/product\/ncnean-batch-3-tbwc-2\/","name":"Nc'nean - Batch 3 TBWC - Dramfolks Whisky Auction","isPartOf":{"@id":"https:\/\/www.dramfolks-whisky-auction.com\/fr\/#website"},"primaryImageOfPage":{"@id":"https:\/\/www.dramfolks-whisky-auction.com\/fr\/product\/ncnean-batch-3-tbwc-2\/#primaryimage"},"image":{"@id":"https:\/\/www.dramfolks-whisky-auction.com\/fr\/product\/ncnean-batch-3-tbwc-2\/#primaryimage"},"thumbnailUrl":"https:\/\/www.dramfolks-whisky-auction.com\/wp-content\/uploads\/2022\/12\/DSC_0084-scaled.jpg","datePublished":"2023-02-10T15:44:11+00:00","dateModified":"2023-12-11T19:44:06+00:00","breadcrumb":{"@id":"https:\/\/www.dramfolks-whisky-auction.com\/fr\/product\/ncnean-batch-3-tbwc-2\/#breadcrumb"},"inLanguage":"fr-FR","potentialAction":[{"@type":"ReadAction","target":["https:\/\/www.dramfolks-whisky-auction.com\/fr\/product\/ncnean-batch-3-tbwc-2\/"]}]},{"@type":"ImageObject","inLanguage":"fr-FR","@id":"https:\/\/www.dramfolks-whisky-auction.com\/fr\/product\/ncnean-batch-3-tbwc-2\/#primaryimage","url":"https:\/\/www.dramfolks-whisky-auction.com\/wp-content\/uploads\/2022\/12\/DSC_0084-scaled.jpg","contentUrl":"https:\/\/www.dramfolks-whisky-auction.com\/wp-content\/uploads\/2022\/12\/DSC_0084-scaled.jpg","width":2560,"height":2560},{"@type":"BreadcrumbList","@id":"https:\/\/www.dramfolks-whisky-auction.com\/fr\/product\/ncnean-batch-3-tbwc-2\/#breadcrumb","itemListElement":[{"@type":"ListItem","position":1,"name":"Startseite","item":"https:\/\/www.dramfolks-whisky-auction.com\/fr\/"},{"@type":"ListItem","position":2,"name":"Boutique","item":"https:\/\/www.dramfolks-whisky-auction.com\/fr\/boutique\/"},{"@type":"ListItem","position":3,"name":"Nc&#8217;nean &#8211; Batch 3 TBWC"}]},{"@type":"WebSite","@id":"https:\/\/www.dramfolks-whisky-auction.com\/fr\/#website","url":"https:\/\/www.dramfolks-whisky-auction.com\/fr\/","name":"Dramfolks Whisky Auction","description":"","potentialAction":[{"@type":"SearchAction","target":{"@type":"EntryPoint","urlTemplate":"https:\/\/www.dramfolks-whisky-auction.com\/fr\/?s={search_term_string}"},"query-input":{"@type":"PropertyValueSpecification","valueRequired":true,"valueName":"search_term_string"}}],"inLanguage":"fr-FR"}]}},"_links":{"self":[{"href":"https:\/\/www.dramfolks-whisky-auction.com\/fr\/wp-json\/wp\/v2\/product\/1572","targetHints":{"allow":["GET"]}}],"collection":[{"href":"https:\/\/www.dramfolks-whisky-auction.com\/fr\/wp-json\/wp\/v2\/product"}],"about":[{"href":"https:\/\/www.dramfolks-whisky-auction.com\/fr\/wp-json\/wp\/v2\/types\/product"}],"replies":[{"embeddable":true,"href":"https:\/\/www.dramfolks-whisky-auction.com\/fr\/wp-json\/wp\/v2\/comments?post=1572"}],"wp:featuredmedia":[{"embeddable":true,"href":"https:\/\/www.dramfolks-whisky-auction.com\/fr\/wp-json\/wp\/v2\/media\/1016"}],"wp:attachment":[{"href":"https:\/\/www.dramfolks-whisky-auction.com\/fr\/wp-json\/wp\/v2\/media?parent=1572"}],"wp:term":[{"taxonomy":"product_brand","embeddable":true,"href":"https:\/\/www.dramfolks-whisky-auction.com\/fr\/wp-json\/wp\/v2\/product_brand?post=1572"},{"taxonomy":"product_cat","embeddable":true,"href":"https:\/\/www.dramfolks-whisky-auction.com\/fr\/wp-json\/wp\/v2\/product_cat?post=1572"},{"taxonomy":"product_tag","embeddable":true,"href":"https:\/\/www.dramfolks-whisky-auction.com\/fr\/wp-json\/wp\/v2\/product_tag?post=1572"}],"curies":[{"name":"wp","href":"https:\/\/api.w.org\/{rel}","templated":true}]}}