{"id":1569,"date":"2023-02-10T16:32:47","date_gmt":"2023-02-10T15:32:47","guid":{"rendered":"https:\/\/www.dramfolks-whisky-auction.com\/?post_type=product&#038;p=1569"},"modified":"2023-03-28T16:34:52","modified_gmt":"2023-03-28T14:34:52","slug":"ardbeg-scorch-2","status":"publish","type":"product","link":"https:\/\/www.dramfolks-whisky-auction.com\/fr\/product\/ardbeg-scorch-2\/","title":{"rendered":"Ardbeg &#8211; Scorch"},"content":{"rendered":"<p><strong>Destille: Ardbeg<\/strong><br \/>\n\u00ab\u00a0DER UNGEZ\u00c4HMTE GEIST VON ISLAY&#8230;\u00a0\u00bb trifft die Beschreibung von Ardbeg ganz gut. Ardbeg ist aktuell eine von insgesamt 9 Whiskydestillerien auf der Insel Islay in Schottland. Sie befindet sich am S\u00fcdufer der Insel, direkt neben Port Ellen und ist gegenw\u00e4rtig im Besitz von Mo\u00ebt Hennessy Louis Vuitton. Die Urspr\u00fcnge der Brennerei reichen bis in das Jahr 1794 zur\u00fcck. Zu dieser Zeit wurde Ardbeg von Schwarzbrennern und Schmugglern betrieben, bis diese die Produktion in der Illegalit\u00e4t nach einer Razzia der Zollfahndung aufgeben mussten. Aktuell hat Ardbeg ein Produktionsvolumen von ca. 2,4 Mio. Litern.<\/p>\n<p><strong>Fun fact:<\/strong> Anders als die meisten Destillerien, die eine Katze beherbergen, hatte die Brennerei einen Destilleriehund: Shortie, einen Jack Russell Terrier. Shortie ist aber inzwischen in seinem wohlverdienten Ruhestand.<\/p>\n<p><strong>Whisky\/Whiskey: Scorch<\/strong><br \/>\nDer Scorch wurde f\u00fcr den Ardbeg Day 2021 abgef\u00fcllt, um den echten Geschmack rauchender Drachen von der Insel Islays zu feiern. Es ist ein Tropfen mit einem fast mythischen Geschmacksprofil. Die Whisky-Zauberer von Ardbeg haben hart gearbeitet, Beschw\u00f6rungen gesungen und Spirituosen gezaubert, um einen der bisher fantastischsten Whiskys der Destillerie zu kreieren. Gereift in ehemaligen amerikanischen Bourbon-Eichenf\u00e4ssern, wild verkohlt und voller Rauch kann der Scorch wunderbar entdeckt werden.<\/p>\n<p><strong>Info Qualit\u00e4t der Flasche:<\/strong> Exzellent &#8211; ohne Besch\u00e4digungen \/ <strong>F\u00fcllstand:<\/strong> Into neck<br \/>\n<strong>Info Qualit\u00e4t der Box:<\/strong> Exzellent &#8211; ohne Besch\u00e4digungen<\/p>\n<p><strong>Wichtiger Hinweis:<\/strong> Die Bewertung der Flaschen und Boxen erfolgt nach \u201ebesten Wissen und Gewissen\u201c. dramfolks kann keine Gew\u00e4hrleistung f\u00fcr den Inhalt der Flaschen \u00fcbernehmen. Weitere Infos &amp; Hinweise finden Sie in unseren AGBs. Wir empfehlen Ihnen, vor der Abgabe von Geboten \u00fcber die Zoomfunktion eine Besichtigung \/ genaue Pr\u00fcfung des angebotenen Whiskys vorzunehmen. Bitte kontaktieren sie uns bei Fragen direkt unter info@dramfolks.com<\/p>\n","protected":false},"excerpt":{"rendered":"<p>Destille: Ardbeg \u00ab\u00a0DER UNGEZ\u00c4HMTE GEIST VON ISLAY&#8230;\u00a0\u00bb trifft die Beschreibung von Ardbeg ganz gut. Ardbeg ist aktuell eine von insgesamt 9 Whiskydestillerien auf der Insel Islay in Schottland. Sie befindet sich am S\u00fcdufer der Insel, direkt neben Port Ellen und ist gegenw\u00e4rtig im Besitz von Mo\u00ebt Hennessy Louis Vuitton. Die Urspr\u00fcnge der Brennerei reichen bis[&#8230;]\n","protected":false},"featured_media":994,"comment_status":"closed","ping_status":"closed","template":"","meta":[],"product_brand":[],"product_cat":[79],"product_tag":[],"class_list":{"0":"post-1569","1":"product","2":"type-product","3":"status-publish","4":"has-post-thumbnail","6":"product_cat-no-2","8":"first","9":"instock","10":"shipping-taxable","11":"purchasable","12":"product-type-auction"},"yoast_head":"<!-- This site is optimized with the Yoast SEO plugin v27.4 - https:\/\/yoast.com\/product\/yoast-seo-wordpress\/ -->\n<title>Ardbeg - Scorch - Dramfolks Whisky Auction<\/title>\n<meta name=\"robots\" content=\"index, follow, max-snippet:-1, max-image-preview:large, max-video-preview:-1\" \/>\n<link rel=\"canonical\" href=\"https:\/\/www.dramfolks-whisky-auction.com\/fr\/product\/ardbeg-scorch-2\/\" \/>\n<meta property=\"og:locale\" content=\"fr_FR\" \/>\n<meta property=\"og:type\" content=\"article\" \/>\n<meta property=\"og:title\" content=\"Ardbeg - Scorch - Dramfolks Whisky Auction\" \/>\n<meta property=\"og:description\" content=\"Destille: Ardbeg \u00ab\u00a0DER UNGEZ\u00c4HMTE GEIST VON ISLAY&#8230;\u00a0\u00bb trifft die Beschreibung von Ardbeg ganz gut. Ardbeg ist aktuell eine von insgesamt 9 Whiskydestillerien auf der Insel Islay in Schottland. Sie befindet sich am S\u00fcdufer der Insel, direkt neben Port Ellen und ist gegenw\u00e4rtig im Besitz von Mo\u00ebt Hennessy Louis Vuitton. Die Urspr\u00fcnge der Brennerei reichen bis[...]\" \/>\n<meta property=\"og:url\" content=\"https:\/\/www.dramfolks-whisky-auction.com\/fr\/product\/ardbeg-scorch-2\/\" \/>\n<meta property=\"og:site_name\" content=\"Dramfolks Whisky Auction\" \/>\n<meta property=\"article:modified_time\" content=\"2023-03-28T14:34:52+00:00\" \/>\n<meta property=\"og:image\" content=\"https:\/\/www.dramfolks-whisky-auction.com\/wp-content\/uploads\/2022\/12\/DSC_0105-scaled.jpg\" \/>\n\t<meta property=\"og:image:width\" content=\"2560\" \/>\n\t<meta property=\"og:image:height\" content=\"2560\" \/>\n\t<meta property=\"og:image:type\" content=\"image\/jpeg\" \/>\n<meta name=\"twitter:card\" content=\"summary_large_image\" \/>\n<meta name=\"twitter:label1\" content=\"Dur\u00e9e de lecture estim\u00e9e\" \/>\n\t<meta name=\"twitter:data1\" content=\"2 minutes\" \/>\n<script type=\"application\/ld+json\" class=\"yoast-schema-graph\">{\"@context\":\"https:\\\/\\\/schema.org\",\"@graph\":[{\"@type\":\"WebPage\",\"@id\":\"https:\\\/\\\/www.dramfolks-whisky-auction.com\\\/fr\\\/product\\\/ardbeg-scorch-2\\\/\",\"url\":\"https:\\\/\\\/www.dramfolks-whisky-auction.com\\\/fr\\\/product\\\/ardbeg-scorch-2\\\/\",\"name\":\"Ardbeg - Scorch - Dramfolks Whisky Auction\",\"isPartOf\":{\"@id\":\"https:\\\/\\\/www.dramfolks-whisky-auction.com\\\/fr\\\/#website\"},\"primaryImageOfPage\":{\"@id\":\"https:\\\/\\\/www.dramfolks-whisky-auction.com\\\/fr\\\/product\\\/ardbeg-scorch-2\\\/#primaryimage\"},\"image\":{\"@id\":\"https:\\\/\\\/www.dramfolks-whisky-auction.com\\\/fr\\\/product\\\/ardbeg-scorch-2\\\/#primaryimage\"},\"thumbnailUrl\":\"https:\\\/\\\/www.dramfolks-whisky-auction.com\\\/wp-content\\\/uploads\\\/2022\\\/12\\\/DSC_0105-scaled.jpg\",\"datePublished\":\"2023-02-10T15:32:47+00:00\",\"dateModified\":\"2023-03-28T14:34:52+00:00\",\"breadcrumb\":{\"@id\":\"https:\\\/\\\/www.dramfolks-whisky-auction.com\\\/fr\\\/product\\\/ardbeg-scorch-2\\\/#breadcrumb\"},\"inLanguage\":\"fr-FR\",\"potentialAction\":[{\"@type\":\"ReadAction\",\"target\":[\"https:\\\/\\\/www.dramfolks-whisky-auction.com\\\/fr\\\/product\\\/ardbeg-scorch-2\\\/\"]}]},{\"@type\":\"ImageObject\",\"inLanguage\":\"fr-FR\",\"@id\":\"https:\\\/\\\/www.dramfolks-whisky-auction.com\\\/fr\\\/product\\\/ardbeg-scorch-2\\\/#primaryimage\",\"url\":\"https:\\\/\\\/www.dramfolks-whisky-auction.com\\\/wp-content\\\/uploads\\\/2022\\\/12\\\/DSC_0105-scaled.jpg\",\"contentUrl\":\"https:\\\/\\\/www.dramfolks-whisky-auction.com\\\/wp-content\\\/uploads\\\/2022\\\/12\\\/DSC_0105-scaled.jpg\",\"width\":2560,\"height\":2560},{\"@type\":\"BreadcrumbList\",\"@id\":\"https:\\\/\\\/www.dramfolks-whisky-auction.com\\\/fr\\\/product\\\/ardbeg-scorch-2\\\/#breadcrumb\",\"itemListElement\":[{\"@type\":\"ListItem\",\"position\":1,\"name\":\"Startseite\",\"item\":\"https:\\\/\\\/www.dramfolks-whisky-auction.com\\\/fr\\\/\"},{\"@type\":\"ListItem\",\"position\":2,\"name\":\"Boutique\",\"item\":\"https:\\\/\\\/www.dramfolks-whisky-auction.com\\\/fr\\\/boutique\\\/\"},{\"@type\":\"ListItem\",\"position\":3,\"name\":\"Ardbeg &#8211; Scorch\"}]},{\"@type\":\"WebSite\",\"@id\":\"https:\\\/\\\/www.dramfolks-whisky-auction.com\\\/fr\\\/#website\",\"url\":\"https:\\\/\\\/www.dramfolks-whisky-auction.com\\\/fr\\\/\",\"name\":\"Dramfolks Whisky Auction\",\"description\":\"\",\"potentialAction\":[{\"@type\":\"SearchAction\",\"target\":{\"@type\":\"EntryPoint\",\"urlTemplate\":\"https:\\\/\\\/www.dramfolks-whisky-auction.com\\\/fr\\\/?s={search_term_string}\"},\"query-input\":{\"@type\":\"PropertyValueSpecification\",\"valueRequired\":true,\"valueName\":\"search_term_string\"}}],\"inLanguage\":\"fr-FR\"}]}<\/script>\n<!-- \/ Yoast SEO plugin. -->","yoast_head_json":{"title":"Ardbeg - Scorch - Dramfolks Whisky Auction","robots":{"index":"index","follow":"follow","max-snippet":"max-snippet:-1","max-image-preview":"max-image-preview:large","max-video-preview":"max-video-preview:-1"},"canonical":"https:\/\/www.dramfolks-whisky-auction.com\/fr\/product\/ardbeg-scorch-2\/","og_locale":"fr_FR","og_type":"article","og_title":"Ardbeg - Scorch - Dramfolks Whisky Auction","og_description":"Destille: Ardbeg \u00ab\u00a0DER UNGEZ\u00c4HMTE GEIST VON ISLAY&#8230;\u00a0\u00bb trifft die Beschreibung von Ardbeg ganz gut. Ardbeg ist aktuell eine von insgesamt 9 Whiskydestillerien auf der Insel Islay in Schottland. Sie befindet sich am S\u00fcdufer der Insel, direkt neben Port Ellen und ist gegenw\u00e4rtig im Besitz von Mo\u00ebt Hennessy Louis Vuitton. Die Urspr\u00fcnge der Brennerei reichen bis[...]","og_url":"https:\/\/www.dramfolks-whisky-auction.com\/fr\/product\/ardbeg-scorch-2\/","og_site_name":"Dramfolks Whisky Auction","article_modified_time":"2023-03-28T14:34:52+00:00","og_image":[{"width":2560,"height":2560,"url":"https:\/\/www.dramfolks-whisky-auction.com\/wp-content\/uploads\/2022\/12\/DSC_0105-scaled.jpg","type":"image\/jpeg"}],"twitter_card":"summary_large_image","twitter_misc":{"Dur\u00e9e de lecture estim\u00e9e":"2 minutes"},"schema":{"@context":"https:\/\/schema.org","@graph":[{"@type":"WebPage","@id":"https:\/\/www.dramfolks-whisky-auction.com\/fr\/product\/ardbeg-scorch-2\/","url":"https:\/\/www.dramfolks-whisky-auction.com\/fr\/product\/ardbeg-scorch-2\/","name":"Ardbeg - Scorch - Dramfolks Whisky Auction","isPartOf":{"@id":"https:\/\/www.dramfolks-whisky-auction.com\/fr\/#website"},"primaryImageOfPage":{"@id":"https:\/\/www.dramfolks-whisky-auction.com\/fr\/product\/ardbeg-scorch-2\/#primaryimage"},"image":{"@id":"https:\/\/www.dramfolks-whisky-auction.com\/fr\/product\/ardbeg-scorch-2\/#primaryimage"},"thumbnailUrl":"https:\/\/www.dramfolks-whisky-auction.com\/wp-content\/uploads\/2022\/12\/DSC_0105-scaled.jpg","datePublished":"2023-02-10T15:32:47+00:00","dateModified":"2023-03-28T14:34:52+00:00","breadcrumb":{"@id":"https:\/\/www.dramfolks-whisky-auction.com\/fr\/product\/ardbeg-scorch-2\/#breadcrumb"},"inLanguage":"fr-FR","potentialAction":[{"@type":"ReadAction","target":["https:\/\/www.dramfolks-whisky-auction.com\/fr\/product\/ardbeg-scorch-2\/"]}]},{"@type":"ImageObject","inLanguage":"fr-FR","@id":"https:\/\/www.dramfolks-whisky-auction.com\/fr\/product\/ardbeg-scorch-2\/#primaryimage","url":"https:\/\/www.dramfolks-whisky-auction.com\/wp-content\/uploads\/2022\/12\/DSC_0105-scaled.jpg","contentUrl":"https:\/\/www.dramfolks-whisky-auction.com\/wp-content\/uploads\/2022\/12\/DSC_0105-scaled.jpg","width":2560,"height":2560},{"@type":"BreadcrumbList","@id":"https:\/\/www.dramfolks-whisky-auction.com\/fr\/product\/ardbeg-scorch-2\/#breadcrumb","itemListElement":[{"@type":"ListItem","position":1,"name":"Startseite","item":"https:\/\/www.dramfolks-whisky-auction.com\/fr\/"},{"@type":"ListItem","position":2,"name":"Boutique","item":"https:\/\/www.dramfolks-whisky-auction.com\/fr\/boutique\/"},{"@type":"ListItem","position":3,"name":"Ardbeg &#8211; Scorch"}]},{"@type":"WebSite","@id":"https:\/\/www.dramfolks-whisky-auction.com\/fr\/#website","url":"https:\/\/www.dramfolks-whisky-auction.com\/fr\/","name":"Dramfolks Whisky Auction","description":"","potentialAction":[{"@type":"SearchAction","target":{"@type":"EntryPoint","urlTemplate":"https:\/\/www.dramfolks-whisky-auction.com\/fr\/?s={search_term_string}"},"query-input":{"@type":"PropertyValueSpecification","valueRequired":true,"valueName":"search_term_string"}}],"inLanguage":"fr-FR"}]}},"_links":{"self":[{"href":"https:\/\/www.dramfolks-whisky-auction.com\/fr\/wp-json\/wp\/v2\/product\/1569","targetHints":{"allow":["GET"]}}],"collection":[{"href":"https:\/\/www.dramfolks-whisky-auction.com\/fr\/wp-json\/wp\/v2\/product"}],"about":[{"href":"https:\/\/www.dramfolks-whisky-auction.com\/fr\/wp-json\/wp\/v2\/types\/product"}],"replies":[{"embeddable":true,"href":"https:\/\/www.dramfolks-whisky-auction.com\/fr\/wp-json\/wp\/v2\/comments?post=1569"}],"wp:featuredmedia":[{"embeddable":true,"href":"https:\/\/www.dramfolks-whisky-auction.com\/fr\/wp-json\/wp\/v2\/media\/994"}],"wp:attachment":[{"href":"https:\/\/www.dramfolks-whisky-auction.com\/fr\/wp-json\/wp\/v2\/media?parent=1569"}],"wp:term":[{"taxonomy":"product_brand","embeddable":true,"href":"https:\/\/www.dramfolks-whisky-auction.com\/fr\/wp-json\/wp\/v2\/product_brand?post=1569"},{"taxonomy":"product_cat","embeddable":true,"href":"https:\/\/www.dramfolks-whisky-auction.com\/fr\/wp-json\/wp\/v2\/product_cat?post=1569"},{"taxonomy":"product_tag","embeddable":true,"href":"https:\/\/www.dramfolks-whisky-auction.com\/fr\/wp-json\/wp\/v2\/product_tag?post=1569"}],"curies":[{"name":"wp","href":"https:\/\/api.w.org\/{rel}","templated":true}]}}