{"id":1567,"date":"2023-02-10T16:26:01","date_gmt":"2023-02-10T15:26:01","guid":{"rendered":"https:\/\/www.dramfolks-whisky-auction.com\/?post_type=product&#038;p=1567"},"modified":"2023-03-27T19:42:23","modified_gmt":"2023-03-27T17:42:23","slug":"glenmorangie-a-tale-of-the-forest-2","status":"publish","type":"product","link":"https:\/\/www.dramfolks-whisky-auction.com\/fr\/product\/glenmorangie-a-tale-of-the-forest-2\/","title":{"rendered":"Glenmorangie &#8211; A Tale of the Forest"},"content":{"rendered":"<p><strong>Destille: Glenmorangie<\/strong><br \/>\nGlenmorangie ist eine Whiskybrennerei in Tain in den Northern Highlands von Schottland.<br \/>\n1843 von der Br\u00fcdern Matheson gegr\u00fcndet und heute einer der gr\u00f6\u00dften und bekanntesten Destillerien in den Highlands. Seit Oktober 2004 geh\u00f6rt das Unternehmen zur Gruppe Mo\u00ebt Hennessy Louis Vuitton (LVMH). Die wohl auff\u00e4lligste Besonderheit der Brennerei sind die au\u00dfergew\u00f6hnlich hohen Brennblasen. Mit acht Metern Gesamth\u00f6he und 5,14 Metern H\u00f6he oberhalb der Brennblase sind sie die h\u00f6chsten Brennblasen aller schottischen Brennereien. Dadurch wird der Glenmorangie Whisky in der Regel besonders mild.<\/p>\n<p><strong>Fun Fakt:<\/strong> Bekannt wurde Glenmorangie auch wegen der \u00ab\u00a016 Men of Tain\u00a0\u00bb Regel, was so viel bedeutet, dass immer genau 16 Mitarbeiter in der Destille besch\u00e4ftigt sein sollten. Heute durch das j\u00e4hrliche Produktionsvolumen von bis zu 10 Mio. Liter wohl nur noch eine Legende&#8230;<\/p>\n<p><strong>Whisky\/Whiskey: A Tale of the Forest<\/strong><br \/>\nMit dem \u00ab\u00a0A Tale of the Forest\u00a0\u00bb stellt Glenmorangie erneut ihre Experimentierfreude unter Beweis. Das Malz f\u00fcr diesen Whisky wurde erstmals \u00fcber Botanicals wie Wacholder, Holzrauch und Kiefernnadeln gedarrt. Reifen durfte der Whisky mit Waldeinfluss dann in re-filled Bourbonf\u00e4ssern, bevor er mit 46% vol. in eine limitierte Anzahl an Flaschen abgef\u00fcllt wurde. Das aufwendige und farbenfrohe Design der Umverpackung und der Flasche wurde von der thail\u00e4ndischen Illustratorin Pomme Chan umgesetzt, der man ein unvergleichliches Zeichentalent nachsagt.<\/p>\n<p><strong>Info Qualit\u00e4t der Flasche:<\/strong> Excellent ohne Besch\u00e4digungen \/ <strong>F\u00fcllstand:<\/strong> Upper Mid Shoulder<br \/>\n<strong>Info Qualit\u00e4t der Box:<\/strong> Very good &#8211; mit einem winzigen wei\u00dfen Strich auf der dunklen Seite oben rechts (siehe Bild R\u00fcckseite)<\/p>\n<p><strong>Wichtiger Hinweis:<\/strong> Die Bewertung der Flaschen und Boxen erfolgt nach \u00ab\u00a0besten Wissen und Gewissen\u00a0\u00bb. dramfolks kann keine Gew\u00e4hrleistung f\u00fcr den Inhalt der Flaschen \u00fcbernehmen. Weitere Infos &amp; Hinweise finden Sie in unseren AGBs. Wir empfehlen Ihnen, vor der Abgabe von Geboten \u00fcber die Zoomfunktion eine Besichtigung \/ genaue Pr\u00fcfung des angebotenen Whiskys vorzunehmen. Bitte kontaktieren sie uns bei Fragen direkt unter info@dramfolks.com<\/p>\n","protected":false},"excerpt":{"rendered":"<p>Destille: Glenmorangie Glenmorangie ist eine Whiskybrennerei in Tain in den Northern Highlands von Schottland. 1843 von der Br\u00fcdern Matheson gegr\u00fcndet und heute einer der gr\u00f6\u00dften und bekanntesten Destillerien in den Highlands. Seit Oktober 2004 geh\u00f6rt das Unternehmen zur Gruppe Mo\u00ebt Hennessy Louis Vuitton (LVMH). Die wohl auff\u00e4lligste Besonderheit der Brennerei sind die au\u00dfergew\u00f6hnlich hohen Brennblasen.[&#8230;]\n","protected":false},"featured_media":930,"comment_status":"closed","ping_status":"closed","template":"","meta":[],"product_brand":[],"product_cat":[79],"product_tag":[],"class_list":{"0":"post-1567","1":"product","2":"type-product","3":"status-publish","4":"has-post-thumbnail","6":"product_cat-no-2","8":"first","9":"instock","10":"shipping-taxable","11":"purchasable","12":"product-type-auction"},"yoast_head":"<!-- This site is optimized with the Yoast SEO plugin v27.4 - https:\/\/yoast.com\/product\/yoast-seo-wordpress\/ -->\n<title>Glenmorangie - A Tale of the Forest - Dramfolks Whisky Auction<\/title>\n<meta name=\"robots\" content=\"index, follow, max-snippet:-1, max-image-preview:large, max-video-preview:-1\" \/>\n<link rel=\"canonical\" href=\"https:\/\/www.dramfolks-whisky-auction.com\/fr\/product\/glenmorangie-a-tale-of-the-forest-2\/\" \/>\n<meta property=\"og:locale\" content=\"fr_FR\" \/>\n<meta property=\"og:type\" content=\"article\" \/>\n<meta property=\"og:title\" content=\"Glenmorangie - A Tale of the Forest - Dramfolks Whisky Auction\" \/>\n<meta property=\"og:description\" content=\"Destille: Glenmorangie Glenmorangie ist eine Whiskybrennerei in Tain in den Northern Highlands von Schottland. 1843 von der Br\u00fcdern Matheson gegr\u00fcndet und heute einer der gr\u00f6\u00dften und bekanntesten Destillerien in den Highlands. Seit Oktober 2004 geh\u00f6rt das Unternehmen zur Gruppe Mo\u00ebt Hennessy Louis Vuitton (LVMH). Die wohl auff\u00e4lligste Besonderheit der Brennerei sind die au\u00dfergew\u00f6hnlich hohen Brennblasen.[...]\" \/>\n<meta property=\"og:url\" content=\"https:\/\/www.dramfolks-whisky-auction.com\/fr\/product\/glenmorangie-a-tale-of-the-forest-2\/\" \/>\n<meta property=\"og:site_name\" content=\"Dramfolks Whisky Auction\" \/>\n<meta property=\"article:modified_time\" content=\"2023-03-27T17:42:23+00:00\" \/>\n<meta property=\"og:image\" content=\"https:\/\/www.dramfolks-whisky-auction.com\/wp-content\/uploads\/2022\/12\/DSC_0118-scaled.jpg\" \/>\n\t<meta property=\"og:image:width\" content=\"2560\" \/>\n\t<meta property=\"og:image:height\" content=\"2560\" \/>\n\t<meta property=\"og:image:type\" content=\"image\/jpeg\" \/>\n<meta name=\"twitter:card\" content=\"summary_large_image\" \/>\n<meta name=\"twitter:label1\" content=\"Dur\u00e9e de lecture estim\u00e9e\" \/>\n\t<meta name=\"twitter:data1\" content=\"2 minutes\" \/>\n<script type=\"application\/ld+json\" class=\"yoast-schema-graph\">{\"@context\":\"https:\\\/\\\/schema.org\",\"@graph\":[{\"@type\":\"WebPage\",\"@id\":\"https:\\\/\\\/www.dramfolks-whisky-auction.com\\\/fr\\\/product\\\/glenmorangie-a-tale-of-the-forest-2\\\/\",\"url\":\"https:\\\/\\\/www.dramfolks-whisky-auction.com\\\/fr\\\/product\\\/glenmorangie-a-tale-of-the-forest-2\\\/\",\"name\":\"Glenmorangie - A Tale of the Forest - Dramfolks Whisky Auction\",\"isPartOf\":{\"@id\":\"https:\\\/\\\/www.dramfolks-whisky-auction.com\\\/fr\\\/#website\"},\"primaryImageOfPage\":{\"@id\":\"https:\\\/\\\/www.dramfolks-whisky-auction.com\\\/fr\\\/product\\\/glenmorangie-a-tale-of-the-forest-2\\\/#primaryimage\"},\"image\":{\"@id\":\"https:\\\/\\\/www.dramfolks-whisky-auction.com\\\/fr\\\/product\\\/glenmorangie-a-tale-of-the-forest-2\\\/#primaryimage\"},\"thumbnailUrl\":\"https:\\\/\\\/www.dramfolks-whisky-auction.com\\\/wp-content\\\/uploads\\\/2022\\\/12\\\/DSC_0118-scaled.jpg\",\"datePublished\":\"2023-02-10T15:26:01+00:00\",\"dateModified\":\"2023-03-27T17:42:23+00:00\",\"breadcrumb\":{\"@id\":\"https:\\\/\\\/www.dramfolks-whisky-auction.com\\\/fr\\\/product\\\/glenmorangie-a-tale-of-the-forest-2\\\/#breadcrumb\"},\"inLanguage\":\"fr-FR\",\"potentialAction\":[{\"@type\":\"ReadAction\",\"target\":[\"https:\\\/\\\/www.dramfolks-whisky-auction.com\\\/fr\\\/product\\\/glenmorangie-a-tale-of-the-forest-2\\\/\"]}]},{\"@type\":\"ImageObject\",\"inLanguage\":\"fr-FR\",\"@id\":\"https:\\\/\\\/www.dramfolks-whisky-auction.com\\\/fr\\\/product\\\/glenmorangie-a-tale-of-the-forest-2\\\/#primaryimage\",\"url\":\"https:\\\/\\\/www.dramfolks-whisky-auction.com\\\/wp-content\\\/uploads\\\/2022\\\/12\\\/DSC_0118-scaled.jpg\",\"contentUrl\":\"https:\\\/\\\/www.dramfolks-whisky-auction.com\\\/wp-content\\\/uploads\\\/2022\\\/12\\\/DSC_0118-scaled.jpg\",\"width\":2560,\"height\":2560},{\"@type\":\"BreadcrumbList\",\"@id\":\"https:\\\/\\\/www.dramfolks-whisky-auction.com\\\/fr\\\/product\\\/glenmorangie-a-tale-of-the-forest-2\\\/#breadcrumb\",\"itemListElement\":[{\"@type\":\"ListItem\",\"position\":1,\"name\":\"Startseite\",\"item\":\"https:\\\/\\\/www.dramfolks-whisky-auction.com\\\/fr\\\/\"},{\"@type\":\"ListItem\",\"position\":2,\"name\":\"Boutique\",\"item\":\"https:\\\/\\\/www.dramfolks-whisky-auction.com\\\/fr\\\/boutique\\\/\"},{\"@type\":\"ListItem\",\"position\":3,\"name\":\"Glenmorangie &#8211; A Tale of the Forest\"}]},{\"@type\":\"WebSite\",\"@id\":\"https:\\\/\\\/www.dramfolks-whisky-auction.com\\\/fr\\\/#website\",\"url\":\"https:\\\/\\\/www.dramfolks-whisky-auction.com\\\/fr\\\/\",\"name\":\"Dramfolks Whisky Auction\",\"description\":\"\",\"potentialAction\":[{\"@type\":\"SearchAction\",\"target\":{\"@type\":\"EntryPoint\",\"urlTemplate\":\"https:\\\/\\\/www.dramfolks-whisky-auction.com\\\/fr\\\/?s={search_term_string}\"},\"query-input\":{\"@type\":\"PropertyValueSpecification\",\"valueRequired\":true,\"valueName\":\"search_term_string\"}}],\"inLanguage\":\"fr-FR\"}]}<\/script>\n<!-- \/ Yoast SEO plugin. -->","yoast_head_json":{"title":"Glenmorangie - A Tale of the Forest - Dramfolks Whisky Auction","robots":{"index":"index","follow":"follow","max-snippet":"max-snippet:-1","max-image-preview":"max-image-preview:large","max-video-preview":"max-video-preview:-1"},"canonical":"https:\/\/www.dramfolks-whisky-auction.com\/fr\/product\/glenmorangie-a-tale-of-the-forest-2\/","og_locale":"fr_FR","og_type":"article","og_title":"Glenmorangie - A Tale of the Forest - Dramfolks Whisky Auction","og_description":"Destille: Glenmorangie Glenmorangie ist eine Whiskybrennerei in Tain in den Northern Highlands von Schottland. 1843 von der Br\u00fcdern Matheson gegr\u00fcndet und heute einer der gr\u00f6\u00dften und bekanntesten Destillerien in den Highlands. Seit Oktober 2004 geh\u00f6rt das Unternehmen zur Gruppe Mo\u00ebt Hennessy Louis Vuitton (LVMH). Die wohl auff\u00e4lligste Besonderheit der Brennerei sind die au\u00dfergew\u00f6hnlich hohen Brennblasen.[...]","og_url":"https:\/\/www.dramfolks-whisky-auction.com\/fr\/product\/glenmorangie-a-tale-of-the-forest-2\/","og_site_name":"Dramfolks Whisky Auction","article_modified_time":"2023-03-27T17:42:23+00:00","og_image":[{"width":2560,"height":2560,"url":"https:\/\/www.dramfolks-whisky-auction.com\/wp-content\/uploads\/2022\/12\/DSC_0118-scaled.jpg","type":"image\/jpeg"}],"twitter_card":"summary_large_image","twitter_misc":{"Dur\u00e9e de lecture estim\u00e9e":"2 minutes"},"schema":{"@context":"https:\/\/schema.org","@graph":[{"@type":"WebPage","@id":"https:\/\/www.dramfolks-whisky-auction.com\/fr\/product\/glenmorangie-a-tale-of-the-forest-2\/","url":"https:\/\/www.dramfolks-whisky-auction.com\/fr\/product\/glenmorangie-a-tale-of-the-forest-2\/","name":"Glenmorangie - A Tale of the Forest - Dramfolks Whisky Auction","isPartOf":{"@id":"https:\/\/www.dramfolks-whisky-auction.com\/fr\/#website"},"primaryImageOfPage":{"@id":"https:\/\/www.dramfolks-whisky-auction.com\/fr\/product\/glenmorangie-a-tale-of-the-forest-2\/#primaryimage"},"image":{"@id":"https:\/\/www.dramfolks-whisky-auction.com\/fr\/product\/glenmorangie-a-tale-of-the-forest-2\/#primaryimage"},"thumbnailUrl":"https:\/\/www.dramfolks-whisky-auction.com\/wp-content\/uploads\/2022\/12\/DSC_0118-scaled.jpg","datePublished":"2023-02-10T15:26:01+00:00","dateModified":"2023-03-27T17:42:23+00:00","breadcrumb":{"@id":"https:\/\/www.dramfolks-whisky-auction.com\/fr\/product\/glenmorangie-a-tale-of-the-forest-2\/#breadcrumb"},"inLanguage":"fr-FR","potentialAction":[{"@type":"ReadAction","target":["https:\/\/www.dramfolks-whisky-auction.com\/fr\/product\/glenmorangie-a-tale-of-the-forest-2\/"]}]},{"@type":"ImageObject","inLanguage":"fr-FR","@id":"https:\/\/www.dramfolks-whisky-auction.com\/fr\/product\/glenmorangie-a-tale-of-the-forest-2\/#primaryimage","url":"https:\/\/www.dramfolks-whisky-auction.com\/wp-content\/uploads\/2022\/12\/DSC_0118-scaled.jpg","contentUrl":"https:\/\/www.dramfolks-whisky-auction.com\/wp-content\/uploads\/2022\/12\/DSC_0118-scaled.jpg","width":2560,"height":2560},{"@type":"BreadcrumbList","@id":"https:\/\/www.dramfolks-whisky-auction.com\/fr\/product\/glenmorangie-a-tale-of-the-forest-2\/#breadcrumb","itemListElement":[{"@type":"ListItem","position":1,"name":"Startseite","item":"https:\/\/www.dramfolks-whisky-auction.com\/fr\/"},{"@type":"ListItem","position":2,"name":"Boutique","item":"https:\/\/www.dramfolks-whisky-auction.com\/fr\/boutique\/"},{"@type":"ListItem","position":3,"name":"Glenmorangie &#8211; A Tale of the Forest"}]},{"@type":"WebSite","@id":"https:\/\/www.dramfolks-whisky-auction.com\/fr\/#website","url":"https:\/\/www.dramfolks-whisky-auction.com\/fr\/","name":"Dramfolks Whisky Auction","description":"","potentialAction":[{"@type":"SearchAction","target":{"@type":"EntryPoint","urlTemplate":"https:\/\/www.dramfolks-whisky-auction.com\/fr\/?s={search_term_string}"},"query-input":{"@type":"PropertyValueSpecification","valueRequired":true,"valueName":"search_term_string"}}],"inLanguage":"fr-FR"}]}},"_links":{"self":[{"href":"https:\/\/www.dramfolks-whisky-auction.com\/fr\/wp-json\/wp\/v2\/product\/1567","targetHints":{"allow":["GET"]}}],"collection":[{"href":"https:\/\/www.dramfolks-whisky-auction.com\/fr\/wp-json\/wp\/v2\/product"}],"about":[{"href":"https:\/\/www.dramfolks-whisky-auction.com\/fr\/wp-json\/wp\/v2\/types\/product"}],"replies":[{"embeddable":true,"href":"https:\/\/www.dramfolks-whisky-auction.com\/fr\/wp-json\/wp\/v2\/comments?post=1567"}],"wp:featuredmedia":[{"embeddable":true,"href":"https:\/\/www.dramfolks-whisky-auction.com\/fr\/wp-json\/wp\/v2\/media\/930"}],"wp:attachment":[{"href":"https:\/\/www.dramfolks-whisky-auction.com\/fr\/wp-json\/wp\/v2\/media?parent=1567"}],"wp:term":[{"taxonomy":"product_brand","embeddable":true,"href":"https:\/\/www.dramfolks-whisky-auction.com\/fr\/wp-json\/wp\/v2\/product_brand?post=1567"},{"taxonomy":"product_cat","embeddable":true,"href":"https:\/\/www.dramfolks-whisky-auction.com\/fr\/wp-json\/wp\/v2\/product_cat?post=1567"},{"taxonomy":"product_tag","embeddable":true,"href":"https:\/\/www.dramfolks-whisky-auction.com\/fr\/wp-json\/wp\/v2\/product_tag?post=1567"}],"curies":[{"name":"wp","href":"https:\/\/api.w.org\/{rel}","templated":true}]}}