{"id":1489,"date":"2023-02-04T17:37:46","date_gmt":"2023-02-04T16:37:46","guid":{"rendered":"https:\/\/www.dramfolks-whisky-auction.com\/?post_type=product&#038;p=1489"},"modified":"2023-03-27T16:06:56","modified_gmt":"2023-03-27T14:06:56","slug":"edradour-single-cask-seasons-autumn-2016","status":"publish","type":"product","link":"https:\/\/www.dramfolks-whisky-auction.com\/fr\/product\/edradour-single-cask-seasons-autumn-2016\/","title":{"rendered":"Edradour &#8211; Single Cask Seasons &#8211; Autumn 2016"},"content":{"rendered":"<p><strong>Destille: Edradour<\/strong><\/p>\n<p><span class=\"v1s2\">Edradour gilt als die ehemals kleinste produzierende Destillerie Schottlands. Sie liegt in den Bergen \u00f6stlich von Pitlochry und produziert dort ihren unverkennbaren Malt noch mit Verfahren, die bei anderen Brennereien schon l\u00e4ngst der Vergangenheit angeh\u00f6ren. Gerade mal zw\u00f6lf F\u00e4sser die Woche wurden vor 2014 in der Brennerei in einer Woche abgef\u00fcllt. Vielleicht ist genau das der Grund, warum Edradour etwas ganz Besonderes ist. Nach der \u00dcbernahme durch Signatory wurde die Ausbringungsmenge verdoppelt. Es wurde jedoch auch stets darauf geachtet, die Qualit\u00e4t, Tradition und Handarbeit beizubehalten und so einen vollmundigen und intensiven Single Malt zu kreieren. J\u00e4hrliches Produktionsvolumen: 0,5 Mio. Liter.<br \/>\n<\/span><\/p>\n<p><strong>Fun Fakt:<\/strong>\u00a0Ein (Mit)Besitzer von Edradour war mal ein Mafiaboss!!! 1933 verkaufte die Mackintosh-Familie Edradour an William Whiteley. Die Firma von Whiteley hatte w\u00e4hrend der Prohibition mit ihrer King&rsquo;s Ransom-Mischung ein solides Gesch\u00e4ft in den USA aufgebaut. Der Mafiaboss Frank Costello ernannte Whiteley seinerzeit zu seinem US-Handelsvertreter. F\u00fcnf Jahre sp\u00e4ter \u00fcbernahm Costellos Partner Irving Haim die Eigent\u00fcmerschaft von Edradour, wobei Costello (und seine Firma) einen Anteil am Umsatz von King&rsquo;s Ransom \u00fcbernahmen. Dieses etwas ungew\u00f6hnliche Arrangement dauerte bis zu Haims Tod 1976.<\/p>\n<p><strong>Whisky\/Whiskey: Single Cask Seasons &#8211; Autumn 2016<\/strong><br \/>\nEs ist zwar nicht Herbst, aber diesen Whisky kann man immer genie\u00dfen. Passend zu jeder Jahreszeit kommt regelm\u00e4\u00dfig eine neue Single Cask Seasons Abf\u00fcllung auf den Markt! Die 2016er Autumn-Abf\u00fcllung war ein Edradour 2008\/2016 Single Cask &#8211; Seasons Autumn 2016. Diese Einzelfassabf\u00fcllung (Single Cask) reifte ausschlie\u00dflich in einem First Fill Oloroso Sherry Butt. Der Edradour wurde im Mai 2008 destilliert und im Oktober 2016 von Signatory Vintage in Flaschen abgef\u00fcllt (Fass-Nr. 122). Der Alkoholgehalt dieser limitierten Abf\u00fcllung (insgesamt gibt es nur 786 Flaschen!) betr\u00e4gt 51,2%. Wie bei allen Single Cask Seasons Abf\u00fcllungen wurde nat\u00fcrlich nicht gef\u00e4rbt und nicht k\u00fchlgefiltert. Die angebotene Flasche hat die Bottle No. 243.<\/p>\n<p><strong>Info Qualit\u00e4t der Flasche:<\/strong> Exzellent &#8211; ohne Besch\u00e4digungen \/ <strong>F\u00fcllstand:<\/strong> High fill<br \/>\n<strong>Info Qualit\u00e4t der Box:<\/strong> keine Box vorhanden<\/p>\n<p><strong>Wichtiger Hinweis:<\/strong> Die Bewertung der Flaschen und Boxen erfolgt nach \u201ebesten Wissen und Gewissen\u201c. dramfolks kann keine Gew\u00e4hrleistung f\u00fcr den Inhalt der Flaschen \u00fcbernehmen. Weitere Infos &amp; Hinweise finden Sie in unseren AGBs. Wir empfehlen Ihnen, vor der Abgabe von Geboten \u00fcber die Zoomfunktion eine Besichtigung \/ genaue Pr\u00fcfung des angebotenen Whiskys vorzunehmen. Bitte kontaktieren sie uns bei Fragen direkt unter info@dramfolks.com<\/p>\n","protected":false},"excerpt":{"rendered":"<p>Destille: Edradour Edradour gilt als die ehemals kleinste produzierende Destillerie Schottlands. Sie liegt in den Bergen \u00f6stlich von Pitlochry und produziert dort ihren unverkennbaren Malt noch mit Verfahren, die bei anderen Brennereien schon l\u00e4ngst der Vergangenheit angeh\u00f6ren. Gerade mal zw\u00f6lf F\u00e4sser die Woche wurden vor 2014 in der Brennerei in einer Woche abgef\u00fcllt. Vielleicht ist[&#8230;]\n","protected":false},"featured_media":1490,"comment_status":"closed","ping_status":"closed","template":"","meta":[],"product_brand":[],"product_cat":[79],"product_tag":[],"class_list":{"0":"post-1489","1":"product","2":"type-product","3":"status-publish","4":"has-post-thumbnail","6":"product_cat-no-2","8":"first","9":"instock","10":"shipping-taxable","11":"purchasable","12":"product-type-auction"},"yoast_head":"<!-- This site is optimized with the Yoast SEO plugin v27.4 - https:\/\/yoast.com\/product\/yoast-seo-wordpress\/ -->\n<title>Edradour - Single Cask Seasons - Autumn 2016 - Dramfolks Whisky Auction<\/title>\n<meta name=\"robots\" content=\"index, follow, max-snippet:-1, max-image-preview:large, max-video-preview:-1\" \/>\n<link rel=\"canonical\" href=\"https:\/\/www.dramfolks-whisky-auction.com\/fr\/product\/edradour-single-cask-seasons-autumn-2016\/\" \/>\n<meta property=\"og:locale\" content=\"fr_FR\" \/>\n<meta property=\"og:type\" content=\"article\" \/>\n<meta property=\"og:title\" content=\"Edradour - Single Cask Seasons - Autumn 2016 - Dramfolks Whisky Auction\" \/>\n<meta property=\"og:description\" content=\"Destille: Edradour Edradour gilt als die ehemals kleinste produzierende Destillerie Schottlands. Sie liegt in den Bergen \u00f6stlich von Pitlochry und produziert dort ihren unverkennbaren Malt noch mit Verfahren, die bei anderen Brennereien schon l\u00e4ngst der Vergangenheit angeh\u00f6ren. Gerade mal zw\u00f6lf F\u00e4sser die Woche wurden vor 2014 in der Brennerei in einer Woche abgef\u00fcllt. Vielleicht ist[...]\" \/>\n<meta property=\"og:url\" content=\"https:\/\/www.dramfolks-whisky-auction.com\/fr\/product\/edradour-single-cask-seasons-autumn-2016\/\" \/>\n<meta property=\"og:site_name\" content=\"Dramfolks Whisky Auction\" \/>\n<meta property=\"article:modified_time\" content=\"2023-03-27T14:06:56+00:00\" \/>\n<meta property=\"og:image\" content=\"https:\/\/www.dramfolks-whisky-auction.com\/wp-content\/uploads\/2023\/02\/edradour-sign-vorne.jpg\" \/>\n\t<meta property=\"og:image:width\" content=\"1592\" \/>\n\t<meta property=\"og:image:height\" content=\"1592\" \/>\n\t<meta property=\"og:image:type\" content=\"image\/jpeg\" \/>\n<meta name=\"twitter:card\" content=\"summary_large_image\" \/>\n<meta name=\"twitter:label1\" content=\"Dur\u00e9e de lecture estim\u00e9e\" \/>\n\t<meta name=\"twitter:data1\" content=\"3 minutes\" \/>\n<script type=\"application\/ld+json\" class=\"yoast-schema-graph\">{\"@context\":\"https:\\\/\\\/schema.org\",\"@graph\":[{\"@type\":\"WebPage\",\"@id\":\"https:\\\/\\\/www.dramfolks-whisky-auction.com\\\/fr\\\/product\\\/edradour-single-cask-seasons-autumn-2016\\\/\",\"url\":\"https:\\\/\\\/www.dramfolks-whisky-auction.com\\\/fr\\\/product\\\/edradour-single-cask-seasons-autumn-2016\\\/\",\"name\":\"Edradour - Single Cask Seasons - Autumn 2016 - Dramfolks Whisky Auction\",\"isPartOf\":{\"@id\":\"https:\\\/\\\/www.dramfolks-whisky-auction.com\\\/fr\\\/#website\"},\"primaryImageOfPage\":{\"@id\":\"https:\\\/\\\/www.dramfolks-whisky-auction.com\\\/fr\\\/product\\\/edradour-single-cask-seasons-autumn-2016\\\/#primaryimage\"},\"image\":{\"@id\":\"https:\\\/\\\/www.dramfolks-whisky-auction.com\\\/fr\\\/product\\\/edradour-single-cask-seasons-autumn-2016\\\/#primaryimage\"},\"thumbnailUrl\":\"https:\\\/\\\/www.dramfolks-whisky-auction.com\\\/wp-content\\\/uploads\\\/2023\\\/02\\\/edradour-sign-vorne.jpg\",\"datePublished\":\"2023-02-04T16:37:46+00:00\",\"dateModified\":\"2023-03-27T14:06:56+00:00\",\"breadcrumb\":{\"@id\":\"https:\\\/\\\/www.dramfolks-whisky-auction.com\\\/fr\\\/product\\\/edradour-single-cask-seasons-autumn-2016\\\/#breadcrumb\"},\"inLanguage\":\"fr-FR\",\"potentialAction\":[{\"@type\":\"ReadAction\",\"target\":[\"https:\\\/\\\/www.dramfolks-whisky-auction.com\\\/fr\\\/product\\\/edradour-single-cask-seasons-autumn-2016\\\/\"]}]},{\"@type\":\"ImageObject\",\"inLanguage\":\"fr-FR\",\"@id\":\"https:\\\/\\\/www.dramfolks-whisky-auction.com\\\/fr\\\/product\\\/edradour-single-cask-seasons-autumn-2016\\\/#primaryimage\",\"url\":\"https:\\\/\\\/www.dramfolks-whisky-auction.com\\\/wp-content\\\/uploads\\\/2023\\\/02\\\/edradour-sign-vorne.jpg\",\"contentUrl\":\"https:\\\/\\\/www.dramfolks-whisky-auction.com\\\/wp-content\\\/uploads\\\/2023\\\/02\\\/edradour-sign-vorne.jpg\",\"width\":1592,\"height\":1592},{\"@type\":\"BreadcrumbList\",\"@id\":\"https:\\\/\\\/www.dramfolks-whisky-auction.com\\\/fr\\\/product\\\/edradour-single-cask-seasons-autumn-2016\\\/#breadcrumb\",\"itemListElement\":[{\"@type\":\"ListItem\",\"position\":1,\"name\":\"Startseite\",\"item\":\"https:\\\/\\\/www.dramfolks-whisky-auction.com\\\/fr\\\/\"},{\"@type\":\"ListItem\",\"position\":2,\"name\":\"Boutique\",\"item\":\"https:\\\/\\\/www.dramfolks-whisky-auction.com\\\/fr\\\/boutique\\\/\"},{\"@type\":\"ListItem\",\"position\":3,\"name\":\"Edradour &#8211; Single Cask Seasons &#8211; Autumn 2016\"}]},{\"@type\":\"WebSite\",\"@id\":\"https:\\\/\\\/www.dramfolks-whisky-auction.com\\\/fr\\\/#website\",\"url\":\"https:\\\/\\\/www.dramfolks-whisky-auction.com\\\/fr\\\/\",\"name\":\"Dramfolks Whisky Auction\",\"description\":\"\",\"potentialAction\":[{\"@type\":\"SearchAction\",\"target\":{\"@type\":\"EntryPoint\",\"urlTemplate\":\"https:\\\/\\\/www.dramfolks-whisky-auction.com\\\/fr\\\/?s={search_term_string}\"},\"query-input\":{\"@type\":\"PropertyValueSpecification\",\"valueRequired\":true,\"valueName\":\"search_term_string\"}}],\"inLanguage\":\"fr-FR\"}]}<\/script>\n<!-- \/ Yoast SEO plugin. -->","yoast_head_json":{"title":"Edradour - Single Cask Seasons - Autumn 2016 - Dramfolks Whisky Auction","robots":{"index":"index","follow":"follow","max-snippet":"max-snippet:-1","max-image-preview":"max-image-preview:large","max-video-preview":"max-video-preview:-1"},"canonical":"https:\/\/www.dramfolks-whisky-auction.com\/fr\/product\/edradour-single-cask-seasons-autumn-2016\/","og_locale":"fr_FR","og_type":"article","og_title":"Edradour - Single Cask Seasons - Autumn 2016 - Dramfolks Whisky Auction","og_description":"Destille: Edradour Edradour gilt als die ehemals kleinste produzierende Destillerie Schottlands. Sie liegt in den Bergen \u00f6stlich von Pitlochry und produziert dort ihren unverkennbaren Malt noch mit Verfahren, die bei anderen Brennereien schon l\u00e4ngst der Vergangenheit angeh\u00f6ren. Gerade mal zw\u00f6lf F\u00e4sser die Woche wurden vor 2014 in der Brennerei in einer Woche abgef\u00fcllt. Vielleicht ist[...]","og_url":"https:\/\/www.dramfolks-whisky-auction.com\/fr\/product\/edradour-single-cask-seasons-autumn-2016\/","og_site_name":"Dramfolks Whisky Auction","article_modified_time":"2023-03-27T14:06:56+00:00","og_image":[{"width":1592,"height":1592,"url":"https:\/\/www.dramfolks-whisky-auction.com\/wp-content\/uploads\/2023\/02\/edradour-sign-vorne.jpg","type":"image\/jpeg"}],"twitter_card":"summary_large_image","twitter_misc":{"Dur\u00e9e de lecture estim\u00e9e":"3 minutes"},"schema":{"@context":"https:\/\/schema.org","@graph":[{"@type":"WebPage","@id":"https:\/\/www.dramfolks-whisky-auction.com\/fr\/product\/edradour-single-cask-seasons-autumn-2016\/","url":"https:\/\/www.dramfolks-whisky-auction.com\/fr\/product\/edradour-single-cask-seasons-autumn-2016\/","name":"Edradour - Single Cask Seasons - Autumn 2016 - Dramfolks Whisky Auction","isPartOf":{"@id":"https:\/\/www.dramfolks-whisky-auction.com\/fr\/#website"},"primaryImageOfPage":{"@id":"https:\/\/www.dramfolks-whisky-auction.com\/fr\/product\/edradour-single-cask-seasons-autumn-2016\/#primaryimage"},"image":{"@id":"https:\/\/www.dramfolks-whisky-auction.com\/fr\/product\/edradour-single-cask-seasons-autumn-2016\/#primaryimage"},"thumbnailUrl":"https:\/\/www.dramfolks-whisky-auction.com\/wp-content\/uploads\/2023\/02\/edradour-sign-vorne.jpg","datePublished":"2023-02-04T16:37:46+00:00","dateModified":"2023-03-27T14:06:56+00:00","breadcrumb":{"@id":"https:\/\/www.dramfolks-whisky-auction.com\/fr\/product\/edradour-single-cask-seasons-autumn-2016\/#breadcrumb"},"inLanguage":"fr-FR","potentialAction":[{"@type":"ReadAction","target":["https:\/\/www.dramfolks-whisky-auction.com\/fr\/product\/edradour-single-cask-seasons-autumn-2016\/"]}]},{"@type":"ImageObject","inLanguage":"fr-FR","@id":"https:\/\/www.dramfolks-whisky-auction.com\/fr\/product\/edradour-single-cask-seasons-autumn-2016\/#primaryimage","url":"https:\/\/www.dramfolks-whisky-auction.com\/wp-content\/uploads\/2023\/02\/edradour-sign-vorne.jpg","contentUrl":"https:\/\/www.dramfolks-whisky-auction.com\/wp-content\/uploads\/2023\/02\/edradour-sign-vorne.jpg","width":1592,"height":1592},{"@type":"BreadcrumbList","@id":"https:\/\/www.dramfolks-whisky-auction.com\/fr\/product\/edradour-single-cask-seasons-autumn-2016\/#breadcrumb","itemListElement":[{"@type":"ListItem","position":1,"name":"Startseite","item":"https:\/\/www.dramfolks-whisky-auction.com\/fr\/"},{"@type":"ListItem","position":2,"name":"Boutique","item":"https:\/\/www.dramfolks-whisky-auction.com\/fr\/boutique\/"},{"@type":"ListItem","position":3,"name":"Edradour &#8211; Single Cask Seasons &#8211; Autumn 2016"}]},{"@type":"WebSite","@id":"https:\/\/www.dramfolks-whisky-auction.com\/fr\/#website","url":"https:\/\/www.dramfolks-whisky-auction.com\/fr\/","name":"Dramfolks Whisky Auction","description":"","potentialAction":[{"@type":"SearchAction","target":{"@type":"EntryPoint","urlTemplate":"https:\/\/www.dramfolks-whisky-auction.com\/fr\/?s={search_term_string}"},"query-input":{"@type":"PropertyValueSpecification","valueRequired":true,"valueName":"search_term_string"}}],"inLanguage":"fr-FR"}]}},"_links":{"self":[{"href":"https:\/\/www.dramfolks-whisky-auction.com\/fr\/wp-json\/wp\/v2\/product\/1489","targetHints":{"allow":["GET"]}}],"collection":[{"href":"https:\/\/www.dramfolks-whisky-auction.com\/fr\/wp-json\/wp\/v2\/product"}],"about":[{"href":"https:\/\/www.dramfolks-whisky-auction.com\/fr\/wp-json\/wp\/v2\/types\/product"}],"replies":[{"embeddable":true,"href":"https:\/\/www.dramfolks-whisky-auction.com\/fr\/wp-json\/wp\/v2\/comments?post=1489"}],"wp:featuredmedia":[{"embeddable":true,"href":"https:\/\/www.dramfolks-whisky-auction.com\/fr\/wp-json\/wp\/v2\/media\/1490"}],"wp:attachment":[{"href":"https:\/\/www.dramfolks-whisky-auction.com\/fr\/wp-json\/wp\/v2\/media?parent=1489"}],"wp:term":[{"taxonomy":"product_brand","embeddable":true,"href":"https:\/\/www.dramfolks-whisky-auction.com\/fr\/wp-json\/wp\/v2\/product_brand?post=1489"},{"taxonomy":"product_cat","embeddable":true,"href":"https:\/\/www.dramfolks-whisky-auction.com\/fr\/wp-json\/wp\/v2\/product_cat?post=1489"},{"taxonomy":"product_tag","embeddable":true,"href":"https:\/\/www.dramfolks-whisky-auction.com\/fr\/wp-json\/wp\/v2\/product_tag?post=1489"}],"curies":[{"name":"wp","href":"https:\/\/api.w.org\/{rel}","templated":true}]}}