{"id":1311571,"date":"2024-12-21T14:51:41","date_gmt":"2024-12-21T13:51:41","guid":{"rendered":"https:\/\/www.dramfolks-whisky-auction.com\/?post_type=product&#038;p=1311571"},"modified":"2025-01-08T20:56:08","modified_gmt":"2025-01-08T19:56:08","slug":"benrinnes-11yo-the-whiskyheroes-a-looming-threat-brave-new-spirits","status":"publish","type":"product","link":"https:\/\/www.dramfolks-whisky-auction.com\/fr\/product\/benrinnes-11yo-the-whiskyheroes-a-looming-threat-brave-new-spirits\/","title":{"rendered":"Benrinnes &#8211; 11yo The WhiskyHeroes A looming Threat! (Brave New Spirits)"},"content":{"rendered":"<p><strong>Destille: Benrinnes<br \/>\n<\/strong>Am Fu\u00dfe des Berges Ben Rinnes, dessen 841 Meter hoher Gipfel die Speyside \u00fcberragt, liegt die gleichnamige Brennerei. Erbaut wurde sie 1826 durch Peter Mackenzie. Es gibt eine stattliche Anzahl an unabh\u00e4ngigen Abf\u00fcllungen von Benrinnes. Die meisten davon sind ziemlich leicht und floral mit wenigen w\u00fcrzigen und scharfen Ausnahmen. Der Gro\u00dfteil des Whiskys von Benrinnes geht an die Blend-Industrie. Er wird f\u00fcr Johnnie Walker und J&amp;B Blended Whiskys verwendet. Mit der Umstellung des Destillationsprozesses im Jahre 2007 stieg der Aussto\u00df der Brennerei von 1,9 Millionen auf nun etwa 2,5 Millionen Liter pro Jahr.<\/p>\n<p><strong>Fun fact:<\/strong> Die Brennerei wurde 1826 von Peter Mackenzie erbaut. Drei Jahre nach der Gr\u00fcndung wurde die Destillerie von einer Flut zerst\u00f6rt und einige Jahre sp\u00e4ter von John Innes neu erbaut, der sie in Lyne of Ruthrie umbenannte. Sp\u00e4ter ging die Brennerei bankrott und wurde an William Smith verkauft, der sie wieder in Benrinnes umbenannte. 1896 wurde sie erneut zerst\u00f6rt, diesmal durch ein Feuer. In den 1950er Jahren wurde Benrinnes von John Dewar &amp; Sons wieder aufgebaut und renoviert. Harte 125 Jahre&#8230;..!<\/p>\n<p><strong>Whisky\/Whiskey: 11yo The WhiskyHeroes A looming Threat! (Brave New Spirits)<\/strong><br \/>\nMit dem 11-j\u00e4hrigen Benrinnes A Looming Threat! Single Palo Cortado Quarter Cask The Whisky Heroes habt ihr hier M\u00f6glichkeit einen leckeren Single Malt Whisky aus der ber\u00fchmten Speyside zu ersteigern. In der Speyside herrscht \u00fcbrigens auch die h\u00f6chste Brennereidichte Schottlands. Das macht den Whisky so lecker&#8230; Der Whisky wurde aus Gerstenmalz und Wasser hergestellt. Ganz ohne Rauch schmiegt sich dieser Whisky an Ihren Gaumen. Die 56.8% Vol. schenken dem Single Malt Whisky seine Kraft. Hier wurde nicht nachgeholfen&#8230; Die intensive Farbe kam nur \u00fcber die Fassreifung zustande. Die Reifezeit betrug sch\u00f6ne 11 Jahre. Dem langen Kontakt mit dem Holz verdankt der Benrinnes seine vielschichtigen Aromen. Dabei kommt dieser Whisky nicht direkt von Benrinnes selbst, sondern vom unabh\u00e4ngigen Abf\u00fcller Brave New Spirits. Hier haben Sie Brave New Spirits&rsquo; Antwort auf die Frage, was einen guten Benrinnes ausmacht. Da hier nur ein Fass genommen wurde, ist der Tropfen stark limitiert. Von dieser Abf\u00fcllung gibt es gerade mal 173 Flaschen.<\/p>\n<p><strong>Side Note zum Abf\u00fcller: Brave New Spirits<\/strong><br \/>\nBrave New Spirits wurde 2015 gegr\u00fcndet und wurde schnell f\u00fcr seinen feinen Scotch Whisky bekannt. Mit Sitz in Schottland respektieren sie alte Traditionen und Handwerkskunst. Die Cask Masters-Serie zelebriert jeden Schritt bei der Herstellung von Single Malt Scotch Whisky. Dazu geh\u00f6rt der Gerstenanbau und die Reifung in hochwertigen Eichenf\u00e4ssern in Schottland.<br \/>\nDie Cask Masters-Serie w\u00e4hlt nur die besten schottischen Whiskys aus. Jede Flasche zeigt ihre Herkunft, ihr Alter und ihre Geschmacksbalance. Brave New Spirits hat auch die Cask Noir Editions. Dabei handelt es sich um unabh\u00e4ngige schottische Whiskys, die von Filmen und Romanen inspiriert sind. Eine Expertenjury w\u00e4hlt jeden Whisky nach Geschmack aus. Das Sortiment bietet abenteuerliche und geheimnisvolle Aromen.<\/p>\n<p><strong>Info Qualit\u00e4t der Flasche:<\/strong> Exzellent &#8211; ohne Besch\u00e4digungen \/ <strong>F\u00fcllstand:<\/strong> Top shoulder<br \/>\n<strong>Info Qualit\u00e4t der Box:<\/strong> keine Box vorhanden<\/p>\n<p><strong>Wichtiger Hinweis:<\/strong> Die Bewertung der Flaschen und Boxen erfolgt nach \u201ebesten Wissen und Gewissen\u201c. dramfolks kann keine Gew\u00e4hrleistung f\u00fcr den Inhalt der Flaschen \u00fcbernehmen. Weitere Infos &amp; Hinweise finden Sie in unseren AGBs. Wir empfehlen Ihnen, vor der Abgabe von Geboten \u00fcber die Zoomfunktion eine Besichtigung \/ genaue Pr\u00fcfung des angebotenen Whiskys vorzunehmen. Bitte kontaktieren sie uns bei Fragen direkt unter info@dramfolks.com<\/p>\n","protected":false},"excerpt":{"rendered":"<p>Destille: Benrinnes Am Fu\u00dfe des Berges Ben Rinnes, dessen 841 Meter hoher Gipfel die Speyside \u00fcberragt, liegt die gleichnamige Brennerei. Erbaut wurde sie 1826 durch Peter Mackenzie. Es gibt eine stattliche Anzahl an unabh\u00e4ngigen Abf\u00fcllungen von Benrinnes. Die meisten davon sind ziemlich leicht und floral mit wenigen w\u00fcrzigen und scharfen Ausnahmen. Der Gro\u00dfteil des Whiskys[&#8230;]\n","protected":false},"featured_media":1311572,"comment_status":"closed","ping_status":"closed","template":"","meta":[],"product_brand":[],"product_cat":[1008],"product_tag":[],"class_list":{"0":"post-1311571","1":"product","2":"type-product","3":"status-publish","4":"has-post-thumbnail","6":"product_cat-no-15","8":"first","9":"instock","10":"shipping-taxable","11":"purchasable","12":"product-type-auction"},"yoast_head":"<!-- This site is optimized with the Yoast SEO plugin v27.4 - https:\/\/yoast.com\/product\/yoast-seo-wordpress\/ -->\n<title>Benrinnes - 11yo The WhiskyHeroes A looming Threat! (Brave New Spirits) - Dramfolks Whisky Auction<\/title>\n<meta name=\"robots\" content=\"index, follow, max-snippet:-1, max-image-preview:large, max-video-preview:-1\" \/>\n<link rel=\"canonical\" href=\"https:\/\/www.dramfolks-whisky-auction.com\/fr\/product\/benrinnes-11yo-the-whiskyheroes-a-looming-threat-brave-new-spirits\/\" \/>\n<meta property=\"og:locale\" content=\"fr_FR\" \/>\n<meta property=\"og:type\" content=\"article\" \/>\n<meta property=\"og:title\" content=\"Benrinnes - 11yo The WhiskyHeroes A looming Threat! (Brave New Spirits) - Dramfolks Whisky Auction\" \/>\n<meta property=\"og:description\" content=\"Destille: Benrinnes Am Fu\u00dfe des Berges Ben Rinnes, dessen 841 Meter hoher Gipfel die Speyside \u00fcberragt, liegt die gleichnamige Brennerei. Erbaut wurde sie 1826 durch Peter Mackenzie. Es gibt eine stattliche Anzahl an unabh\u00e4ngigen Abf\u00fcllungen von Benrinnes. Die meisten davon sind ziemlich leicht und floral mit wenigen w\u00fcrzigen und scharfen Ausnahmen. Der Gro\u00dfteil des Whiskys[...]\" \/>\n<meta property=\"og:url\" content=\"https:\/\/www.dramfolks-whisky-auction.com\/fr\/product\/benrinnes-11yo-the-whiskyheroes-a-looming-threat-brave-new-spirits\/\" \/>\n<meta property=\"og:site_name\" content=\"Dramfolks Whisky Auction\" \/>\n<meta property=\"article:modified_time\" content=\"2025-01-08T19:56:08+00:00\" \/>\n<meta property=\"og:image\" content=\"https:\/\/www.dramfolks-whisky-auction.com\/wp-content\/uploads\/2024\/12\/Benrinnes-A-Looming-Threat-vorne-scaled.jpg\" \/>\n\t<meta property=\"og:image:width\" content=\"2560\" \/>\n\t<meta property=\"og:image:height\" content=\"2560\" \/>\n\t<meta property=\"og:image:type\" content=\"image\/jpeg\" \/>\n<meta name=\"twitter:card\" content=\"summary_large_image\" \/>\n<meta name=\"twitter:label1\" content=\"Dur\u00e9e de lecture estim\u00e9e\" \/>\n\t<meta name=\"twitter:data1\" content=\"4 minutes\" \/>\n<script type=\"application\/ld+json\" class=\"yoast-schema-graph\">{\"@context\":\"https:\\\/\\\/schema.org\",\"@graph\":[{\"@type\":\"WebPage\",\"@id\":\"https:\\\/\\\/www.dramfolks-whisky-auction.com\\\/fr\\\/product\\\/benrinnes-11yo-the-whiskyheroes-a-looming-threat-brave-new-spirits\\\/\",\"url\":\"https:\\\/\\\/www.dramfolks-whisky-auction.com\\\/fr\\\/product\\\/benrinnes-11yo-the-whiskyheroes-a-looming-threat-brave-new-spirits\\\/\",\"name\":\"Benrinnes - 11yo The WhiskyHeroes A looming Threat! (Brave New Spirits) - Dramfolks Whisky Auction\",\"isPartOf\":{\"@id\":\"https:\\\/\\\/www.dramfolks-whisky-auction.com\\\/fr\\\/#website\"},\"primaryImageOfPage\":{\"@id\":\"https:\\\/\\\/www.dramfolks-whisky-auction.com\\\/fr\\\/product\\\/benrinnes-11yo-the-whiskyheroes-a-looming-threat-brave-new-spirits\\\/#primaryimage\"},\"image\":{\"@id\":\"https:\\\/\\\/www.dramfolks-whisky-auction.com\\\/fr\\\/product\\\/benrinnes-11yo-the-whiskyheroes-a-looming-threat-brave-new-spirits\\\/#primaryimage\"},\"thumbnailUrl\":\"https:\\\/\\\/www.dramfolks-whisky-auction.com\\\/wp-content\\\/uploads\\\/2024\\\/12\\\/Benrinnes-A-Looming-Threat-vorne-scaled.jpg\",\"datePublished\":\"2024-12-21T13:51:41+00:00\",\"dateModified\":\"2025-01-08T19:56:08+00:00\",\"breadcrumb\":{\"@id\":\"https:\\\/\\\/www.dramfolks-whisky-auction.com\\\/fr\\\/product\\\/benrinnes-11yo-the-whiskyheroes-a-looming-threat-brave-new-spirits\\\/#breadcrumb\"},\"inLanguage\":\"fr-FR\",\"potentialAction\":[{\"@type\":\"ReadAction\",\"target\":[\"https:\\\/\\\/www.dramfolks-whisky-auction.com\\\/fr\\\/product\\\/benrinnes-11yo-the-whiskyheroes-a-looming-threat-brave-new-spirits\\\/\"]}]},{\"@type\":\"ImageObject\",\"inLanguage\":\"fr-FR\",\"@id\":\"https:\\\/\\\/www.dramfolks-whisky-auction.com\\\/fr\\\/product\\\/benrinnes-11yo-the-whiskyheroes-a-looming-threat-brave-new-spirits\\\/#primaryimage\",\"url\":\"https:\\\/\\\/www.dramfolks-whisky-auction.com\\\/wp-content\\\/uploads\\\/2024\\\/12\\\/Benrinnes-A-Looming-Threat-vorne-scaled.jpg\",\"contentUrl\":\"https:\\\/\\\/www.dramfolks-whisky-auction.com\\\/wp-content\\\/uploads\\\/2024\\\/12\\\/Benrinnes-A-Looming-Threat-vorne-scaled.jpg\",\"width\":2560,\"height\":2560},{\"@type\":\"BreadcrumbList\",\"@id\":\"https:\\\/\\\/www.dramfolks-whisky-auction.com\\\/fr\\\/product\\\/benrinnes-11yo-the-whiskyheroes-a-looming-threat-brave-new-spirits\\\/#breadcrumb\",\"itemListElement\":[{\"@type\":\"ListItem\",\"position\":1,\"name\":\"Startseite\",\"item\":\"https:\\\/\\\/www.dramfolks-whisky-auction.com\\\/fr\\\/\"},{\"@type\":\"ListItem\",\"position\":2,\"name\":\"Boutique\",\"item\":\"https:\\\/\\\/www.dramfolks-whisky-auction.com\\\/fr\\\/boutique\\\/\"},{\"@type\":\"ListItem\",\"position\":3,\"name\":\"Benrinnes &#8211; 11yo The WhiskyHeroes A looming Threat! (Brave New Spirits)\"}]},{\"@type\":\"WebSite\",\"@id\":\"https:\\\/\\\/www.dramfolks-whisky-auction.com\\\/fr\\\/#website\",\"url\":\"https:\\\/\\\/www.dramfolks-whisky-auction.com\\\/fr\\\/\",\"name\":\"Dramfolks Whisky Auction\",\"description\":\"\",\"potentialAction\":[{\"@type\":\"SearchAction\",\"target\":{\"@type\":\"EntryPoint\",\"urlTemplate\":\"https:\\\/\\\/www.dramfolks-whisky-auction.com\\\/fr\\\/?s={search_term_string}\"},\"query-input\":{\"@type\":\"PropertyValueSpecification\",\"valueRequired\":true,\"valueName\":\"search_term_string\"}}],\"inLanguage\":\"fr-FR\"}]}<\/script>\n<!-- \/ Yoast SEO plugin. -->","yoast_head_json":{"title":"Benrinnes - 11yo The WhiskyHeroes A looming Threat! (Brave New Spirits) - Dramfolks Whisky Auction","robots":{"index":"index","follow":"follow","max-snippet":"max-snippet:-1","max-image-preview":"max-image-preview:large","max-video-preview":"max-video-preview:-1"},"canonical":"https:\/\/www.dramfolks-whisky-auction.com\/fr\/product\/benrinnes-11yo-the-whiskyheroes-a-looming-threat-brave-new-spirits\/","og_locale":"fr_FR","og_type":"article","og_title":"Benrinnes - 11yo The WhiskyHeroes A looming Threat! (Brave New Spirits) - Dramfolks Whisky Auction","og_description":"Destille: Benrinnes Am Fu\u00dfe des Berges Ben Rinnes, dessen 841 Meter hoher Gipfel die Speyside \u00fcberragt, liegt die gleichnamige Brennerei. Erbaut wurde sie 1826 durch Peter Mackenzie. Es gibt eine stattliche Anzahl an unabh\u00e4ngigen Abf\u00fcllungen von Benrinnes. Die meisten davon sind ziemlich leicht und floral mit wenigen w\u00fcrzigen und scharfen Ausnahmen. Der Gro\u00dfteil des Whiskys[...]","og_url":"https:\/\/www.dramfolks-whisky-auction.com\/fr\/product\/benrinnes-11yo-the-whiskyheroes-a-looming-threat-brave-new-spirits\/","og_site_name":"Dramfolks Whisky Auction","article_modified_time":"2025-01-08T19:56:08+00:00","og_image":[{"width":2560,"height":2560,"url":"https:\/\/www.dramfolks-whisky-auction.com\/wp-content\/uploads\/2024\/12\/Benrinnes-A-Looming-Threat-vorne-scaled.jpg","type":"image\/jpeg"}],"twitter_card":"summary_large_image","twitter_misc":{"Dur\u00e9e de lecture estim\u00e9e":"4 minutes"},"schema":{"@context":"https:\/\/schema.org","@graph":[{"@type":"WebPage","@id":"https:\/\/www.dramfolks-whisky-auction.com\/fr\/product\/benrinnes-11yo-the-whiskyheroes-a-looming-threat-brave-new-spirits\/","url":"https:\/\/www.dramfolks-whisky-auction.com\/fr\/product\/benrinnes-11yo-the-whiskyheroes-a-looming-threat-brave-new-spirits\/","name":"Benrinnes - 11yo The WhiskyHeroes A looming Threat! (Brave New Spirits) - Dramfolks Whisky Auction","isPartOf":{"@id":"https:\/\/www.dramfolks-whisky-auction.com\/fr\/#website"},"primaryImageOfPage":{"@id":"https:\/\/www.dramfolks-whisky-auction.com\/fr\/product\/benrinnes-11yo-the-whiskyheroes-a-looming-threat-brave-new-spirits\/#primaryimage"},"image":{"@id":"https:\/\/www.dramfolks-whisky-auction.com\/fr\/product\/benrinnes-11yo-the-whiskyheroes-a-looming-threat-brave-new-spirits\/#primaryimage"},"thumbnailUrl":"https:\/\/www.dramfolks-whisky-auction.com\/wp-content\/uploads\/2024\/12\/Benrinnes-A-Looming-Threat-vorne-scaled.jpg","datePublished":"2024-12-21T13:51:41+00:00","dateModified":"2025-01-08T19:56:08+00:00","breadcrumb":{"@id":"https:\/\/www.dramfolks-whisky-auction.com\/fr\/product\/benrinnes-11yo-the-whiskyheroes-a-looming-threat-brave-new-spirits\/#breadcrumb"},"inLanguage":"fr-FR","potentialAction":[{"@type":"ReadAction","target":["https:\/\/www.dramfolks-whisky-auction.com\/fr\/product\/benrinnes-11yo-the-whiskyheroes-a-looming-threat-brave-new-spirits\/"]}]},{"@type":"ImageObject","inLanguage":"fr-FR","@id":"https:\/\/www.dramfolks-whisky-auction.com\/fr\/product\/benrinnes-11yo-the-whiskyheroes-a-looming-threat-brave-new-spirits\/#primaryimage","url":"https:\/\/www.dramfolks-whisky-auction.com\/wp-content\/uploads\/2024\/12\/Benrinnes-A-Looming-Threat-vorne-scaled.jpg","contentUrl":"https:\/\/www.dramfolks-whisky-auction.com\/wp-content\/uploads\/2024\/12\/Benrinnes-A-Looming-Threat-vorne-scaled.jpg","width":2560,"height":2560},{"@type":"BreadcrumbList","@id":"https:\/\/www.dramfolks-whisky-auction.com\/fr\/product\/benrinnes-11yo-the-whiskyheroes-a-looming-threat-brave-new-spirits\/#breadcrumb","itemListElement":[{"@type":"ListItem","position":1,"name":"Startseite","item":"https:\/\/www.dramfolks-whisky-auction.com\/fr\/"},{"@type":"ListItem","position":2,"name":"Boutique","item":"https:\/\/www.dramfolks-whisky-auction.com\/fr\/boutique\/"},{"@type":"ListItem","position":3,"name":"Benrinnes &#8211; 11yo The WhiskyHeroes A looming Threat! (Brave New Spirits)"}]},{"@type":"WebSite","@id":"https:\/\/www.dramfolks-whisky-auction.com\/fr\/#website","url":"https:\/\/www.dramfolks-whisky-auction.com\/fr\/","name":"Dramfolks Whisky Auction","description":"","potentialAction":[{"@type":"SearchAction","target":{"@type":"EntryPoint","urlTemplate":"https:\/\/www.dramfolks-whisky-auction.com\/fr\/?s={search_term_string}"},"query-input":{"@type":"PropertyValueSpecification","valueRequired":true,"valueName":"search_term_string"}}],"inLanguage":"fr-FR"}]}},"_links":{"self":[{"href":"https:\/\/www.dramfolks-whisky-auction.com\/fr\/wp-json\/wp\/v2\/product\/1311571","targetHints":{"allow":["GET"]}}],"collection":[{"href":"https:\/\/www.dramfolks-whisky-auction.com\/fr\/wp-json\/wp\/v2\/product"}],"about":[{"href":"https:\/\/www.dramfolks-whisky-auction.com\/fr\/wp-json\/wp\/v2\/types\/product"}],"replies":[{"embeddable":true,"href":"https:\/\/www.dramfolks-whisky-auction.com\/fr\/wp-json\/wp\/v2\/comments?post=1311571"}],"wp:featuredmedia":[{"embeddable":true,"href":"https:\/\/www.dramfolks-whisky-auction.com\/fr\/wp-json\/wp\/v2\/media\/1311572"}],"wp:attachment":[{"href":"https:\/\/www.dramfolks-whisky-auction.com\/fr\/wp-json\/wp\/v2\/media?parent=1311571"}],"wp:term":[{"taxonomy":"product_brand","embeddable":true,"href":"https:\/\/www.dramfolks-whisky-auction.com\/fr\/wp-json\/wp\/v2\/product_brand?post=1311571"},{"taxonomy":"product_cat","embeddable":true,"href":"https:\/\/www.dramfolks-whisky-auction.com\/fr\/wp-json\/wp\/v2\/product_cat?post=1311571"},{"taxonomy":"product_tag","embeddable":true,"href":"https:\/\/www.dramfolks-whisky-auction.com\/fr\/wp-json\/wp\/v2\/product_tag?post=1311571"}],"curies":[{"name":"wp","href":"https:\/\/api.w.org\/{rel}","templated":true}]}}