{"id":1230,"date":"2022-12-27T18:49:51","date_gmt":"2022-12-27T17:49:51","guid":{"rendered":"https:\/\/www.dramfolks-whisky-auction.com\/?post_type=product&#038;p=1230"},"modified":"2023-03-26T16:05:49","modified_gmt":"2023-03-26T14:05:49","slug":"northoff-feinbrennerei-the-westfalian-2013-2021-peated-cask-no-57-ex-bowmore","status":"publish","type":"product","link":"https:\/\/www.dramfolks-whisky-auction.com\/fr\/product\/northoff-feinbrennerei-the-westfalian-2013-2021-peated-cask-no-57-ex-bowmore\/","title":{"rendered":"Northoff Feinbrennerei &#8211; The Westfalian (2013\/2021) Peated Cask No.57 ex.Bowmore"},"content":{"rendered":"<p><strong>Destille: Northoff Feinbrennerei<br \/>\n<\/strong><\/p>\n<p>Die Feinbrennerei Nordhoff dient als \u00ab\u00a0Hersteller Destillerie\u00a0\u00bb der The Westfalian Whiskys. In der Nordhoff Feinbrennerei arbeitet der derzeit einzige deutsche Brennmeister f\u00fcr Whisky, der sein Handwerk unter anderem in Schottland gelernt hat. Wilhelm Northoff hat schon in den 60ern den ersten Whisky in Deutschland gebrannt, was aber zur damaligen Zeit leider noch nicht nachgefragt war. The Westfalian ist ein junger \u00ab\u00a0Bottler\u00a0\u00bb mit Sitz in Paderborn, der im Jahr 2012 angefangen hat die ersten F\u00e4sser zu bef\u00fcllen. Bereits nach drei Jahren konnte das erste Fass mit der Nr. 17 abgef\u00fcllt werden. Seitdem wurde The Westfalian bereits mehrfach ausgezeichnet. 4x Gold und einmal Gold-Outstanding erreichte der WESTFALIAN Whisky bei der IWSC 2020 und wurde zudem noch mit der \u201eWORLDWIDE WHISK(E)Y TROPHY 2020\u2033 ausgezeichnet \u2013 und damit zum besten Whisk(e)y 2020 weltweit!<\/p>\n<p><strong>Fun Fakt:<\/strong> The Westfalian schmeckt nicht nur den Menschen gut&#8230; In der Feinbrennerei Northoff wird nicht nur der Westfalian nach schottischem Vorbild gebrannt \u2013 hier werden auch schottische Galloways gez\u00fcchtet. Diese Rinder freuen sich immer \u00fcber die Restmaische der Whiskydestillation \u2013 also (Whisky)-gl\u00fcckliche Tiere!<\/p>\n<p><strong>Whisky\/Whiskey: The Westfalian (2013\/2021) Peated Cask No.57 ex.Bowmore<br \/>\n<\/strong><\/p>\n<p>Der Westfalian 2013 Peated Cask No.57 ist ein Single Malt Whisky aus Deutschland. Destilliert im Jahr 2013 und zu 53,9% im Jahr 2021 abgef\u00fcllt. Die Besonderheit an diesem Whisky? The Westfalian wurde in ex.Bowmore Sherry Hogshead F\u00e4ssern veredelt. Der typische Bowmore Geschmack, kombiniert mit den Sherry Noten f\u00fchren hier zu einem ungef\u00e4rbten, nicht k\u00fchlgefilterten Single Cask Whisky aus Paderborn. Gebrannt von Northoff Feinbrennerei und limitiert auf nur 360 Flaschen. Wohl bekomm&rsquo;s&#8230;<\/p>\n<p><strong>Info Qualit\u00e4t der Flasche:<\/strong> Exzellent ohne Besch\u00e4digungen \/ <strong>F\u00fcllstand:<\/strong> Into neck<br \/>\n<strong>Info Qualit\u00e4t der Box:<\/strong> Exzellent ohne Besch\u00e4digungen<\/p>\n<p><strong>Wichtiger Hinweis:<\/strong> Die Bewertung der Flaschen und Boxen erfolgt nach \u201ebesten Wissen und Gewissen\u201c. dramfolks kann keine Gew\u00e4hrleistung f\u00fcr den Inhalt der Flaschen \u00fcbernehmen. Weitere Infos &amp; Hinweise finden Sie in unseren AGBs. Wir empfehlen Ihnen, vor der Abgabe von Geboten \u00fcber die Zoomfunktion eine Besichtigung \/ genaue Pr\u00fcfung des angebotenen Whiskys vorzunehmen. Bitte kontaktieren sie uns bei Fragen direkt unter info@dramfolks.com<\/p>\n","protected":false},"excerpt":{"rendered":"<p>Destille: Northoff Feinbrennerei Die Feinbrennerei Nordhoff dient als \u00ab\u00a0Hersteller Destillerie\u00a0\u00bb der The Westfalian Whiskys. In der Nordhoff Feinbrennerei arbeitet der derzeit einzige deutsche Brennmeister f\u00fcr Whisky, der sein Handwerk unter anderem in Schottland gelernt hat. Wilhelm Northoff hat schon in den 60ern den ersten Whisky in Deutschland gebrannt, was aber zur damaligen Zeit leider noch[&#8230;]\n","protected":false},"featured_media":1231,"comment_status":"closed","ping_status":"closed","template":"","meta":[],"product_brand":[],"product_cat":[80],"product_tag":[],"class_list":{"0":"post-1230","1":"product","2":"type-product","3":"status-publish","4":"has-post-thumbnail","6":"product_cat-no-1","8":"first","9":"instock","10":"shipping-taxable","11":"purchasable","12":"product-type-auction"},"yoast_head":"<!-- This site is optimized with the Yoast SEO plugin v27.4 - https:\/\/yoast.com\/product\/yoast-seo-wordpress\/ -->\n<title>Northoff Feinbrennerei - The Westfalian (2013\/2021) Peated Cask No.57 ex.Bowmore - Dramfolks Whisky Auction<\/title>\n<meta name=\"robots\" content=\"index, follow, max-snippet:-1, max-image-preview:large, max-video-preview:-1\" \/>\n<link rel=\"canonical\" href=\"https:\/\/www.dramfolks-whisky-auction.com\/fr\/product\/northoff-feinbrennerei-the-westfalian-2013-2021-peated-cask-no-57-ex-bowmore\/\" \/>\n<meta property=\"og:locale\" content=\"fr_FR\" \/>\n<meta property=\"og:type\" content=\"article\" \/>\n<meta property=\"og:title\" content=\"Northoff Feinbrennerei - The Westfalian (2013\/2021) Peated Cask No.57 ex.Bowmore - Dramfolks Whisky Auction\" \/>\n<meta property=\"og:description\" content=\"Destille: Northoff Feinbrennerei Die Feinbrennerei Nordhoff dient als \u00ab\u00a0Hersteller Destillerie\u00a0\u00bb der The Westfalian Whiskys. In der Nordhoff Feinbrennerei arbeitet der derzeit einzige deutsche Brennmeister f\u00fcr Whisky, der sein Handwerk unter anderem in Schottland gelernt hat. Wilhelm Northoff hat schon in den 60ern den ersten Whisky in Deutschland gebrannt, was aber zur damaligen Zeit leider noch[...]\" \/>\n<meta property=\"og:url\" content=\"https:\/\/www.dramfolks-whisky-auction.com\/fr\/product\/northoff-feinbrennerei-the-westfalian-2013-2021-peated-cask-no-57-ex-bowmore\/\" \/>\n<meta property=\"og:site_name\" content=\"Dramfolks Whisky Auction\" \/>\n<meta property=\"article:modified_time\" content=\"2023-03-26T14:05:49+00:00\" \/>\n<meta property=\"og:image\" content=\"https:\/\/www.dramfolks-whisky-auction.com\/wp-content\/uploads\/2022\/12\/The-Westfalian-vorne-scaled.jpg\" \/>\n\t<meta property=\"og:image:width\" content=\"2560\" \/>\n\t<meta property=\"og:image:height\" content=\"2560\" \/>\n\t<meta property=\"og:image:type\" content=\"image\/jpeg\" \/>\n<meta name=\"twitter:card\" content=\"summary_large_image\" \/>\n<meta name=\"twitter:label1\" content=\"Dur\u00e9e de lecture estim\u00e9e\" \/>\n\t<meta name=\"twitter:data1\" content=\"2 minutes\" \/>\n<script type=\"application\/ld+json\" class=\"yoast-schema-graph\">{\"@context\":\"https:\\\/\\\/schema.org\",\"@graph\":[{\"@type\":\"WebPage\",\"@id\":\"https:\\\/\\\/www.dramfolks-whisky-auction.com\\\/fr\\\/product\\\/northoff-feinbrennerei-the-westfalian-2013-2021-peated-cask-no-57-ex-bowmore\\\/\",\"url\":\"https:\\\/\\\/www.dramfolks-whisky-auction.com\\\/fr\\\/product\\\/northoff-feinbrennerei-the-westfalian-2013-2021-peated-cask-no-57-ex-bowmore\\\/\",\"name\":\"Northoff Feinbrennerei - The Westfalian (2013\\\/2021) Peated Cask No.57 ex.Bowmore - Dramfolks Whisky Auction\",\"isPartOf\":{\"@id\":\"https:\\\/\\\/www.dramfolks-whisky-auction.com\\\/fr\\\/#website\"},\"primaryImageOfPage\":{\"@id\":\"https:\\\/\\\/www.dramfolks-whisky-auction.com\\\/fr\\\/product\\\/northoff-feinbrennerei-the-westfalian-2013-2021-peated-cask-no-57-ex-bowmore\\\/#primaryimage\"},\"image\":{\"@id\":\"https:\\\/\\\/www.dramfolks-whisky-auction.com\\\/fr\\\/product\\\/northoff-feinbrennerei-the-westfalian-2013-2021-peated-cask-no-57-ex-bowmore\\\/#primaryimage\"},\"thumbnailUrl\":\"https:\\\/\\\/www.dramfolks-whisky-auction.com\\\/wp-content\\\/uploads\\\/2022\\\/12\\\/The-Westfalian-vorne-scaled.jpg\",\"datePublished\":\"2022-12-27T17:49:51+00:00\",\"dateModified\":\"2023-03-26T14:05:49+00:00\",\"breadcrumb\":{\"@id\":\"https:\\\/\\\/www.dramfolks-whisky-auction.com\\\/fr\\\/product\\\/northoff-feinbrennerei-the-westfalian-2013-2021-peated-cask-no-57-ex-bowmore\\\/#breadcrumb\"},\"inLanguage\":\"fr-FR\",\"potentialAction\":[{\"@type\":\"ReadAction\",\"target\":[\"https:\\\/\\\/www.dramfolks-whisky-auction.com\\\/fr\\\/product\\\/northoff-feinbrennerei-the-westfalian-2013-2021-peated-cask-no-57-ex-bowmore\\\/\"]}]},{\"@type\":\"ImageObject\",\"inLanguage\":\"fr-FR\",\"@id\":\"https:\\\/\\\/www.dramfolks-whisky-auction.com\\\/fr\\\/product\\\/northoff-feinbrennerei-the-westfalian-2013-2021-peated-cask-no-57-ex-bowmore\\\/#primaryimage\",\"url\":\"https:\\\/\\\/www.dramfolks-whisky-auction.com\\\/wp-content\\\/uploads\\\/2022\\\/12\\\/The-Westfalian-vorne-scaled.jpg\",\"contentUrl\":\"https:\\\/\\\/www.dramfolks-whisky-auction.com\\\/wp-content\\\/uploads\\\/2022\\\/12\\\/The-Westfalian-vorne-scaled.jpg\",\"width\":2560,\"height\":2560},{\"@type\":\"BreadcrumbList\",\"@id\":\"https:\\\/\\\/www.dramfolks-whisky-auction.com\\\/fr\\\/product\\\/northoff-feinbrennerei-the-westfalian-2013-2021-peated-cask-no-57-ex-bowmore\\\/#breadcrumb\",\"itemListElement\":[{\"@type\":\"ListItem\",\"position\":1,\"name\":\"Startseite\",\"item\":\"https:\\\/\\\/www.dramfolks-whisky-auction.com\\\/fr\\\/\"},{\"@type\":\"ListItem\",\"position\":2,\"name\":\"Boutique\",\"item\":\"https:\\\/\\\/www.dramfolks-whisky-auction.com\\\/fr\\\/boutique\\\/\"},{\"@type\":\"ListItem\",\"position\":3,\"name\":\"Northoff Feinbrennerei &#8211; The Westfalian (2013\\\/2021) Peated Cask No.57 ex.Bowmore\"}]},{\"@type\":\"WebSite\",\"@id\":\"https:\\\/\\\/www.dramfolks-whisky-auction.com\\\/fr\\\/#website\",\"url\":\"https:\\\/\\\/www.dramfolks-whisky-auction.com\\\/fr\\\/\",\"name\":\"Dramfolks Whisky Auction\",\"description\":\"\",\"potentialAction\":[{\"@type\":\"SearchAction\",\"target\":{\"@type\":\"EntryPoint\",\"urlTemplate\":\"https:\\\/\\\/www.dramfolks-whisky-auction.com\\\/fr\\\/?s={search_term_string}\"},\"query-input\":{\"@type\":\"PropertyValueSpecification\",\"valueRequired\":true,\"valueName\":\"search_term_string\"}}],\"inLanguage\":\"fr-FR\"}]}<\/script>\n<!-- \/ Yoast SEO plugin. -->","yoast_head_json":{"title":"Northoff Feinbrennerei - The Westfalian (2013\/2021) Peated Cask No.57 ex.Bowmore - Dramfolks Whisky Auction","robots":{"index":"index","follow":"follow","max-snippet":"max-snippet:-1","max-image-preview":"max-image-preview:large","max-video-preview":"max-video-preview:-1"},"canonical":"https:\/\/www.dramfolks-whisky-auction.com\/fr\/product\/northoff-feinbrennerei-the-westfalian-2013-2021-peated-cask-no-57-ex-bowmore\/","og_locale":"fr_FR","og_type":"article","og_title":"Northoff Feinbrennerei - The Westfalian (2013\/2021) Peated Cask No.57 ex.Bowmore - Dramfolks Whisky Auction","og_description":"Destille: Northoff Feinbrennerei Die Feinbrennerei Nordhoff dient als \u00ab\u00a0Hersteller Destillerie\u00a0\u00bb der The Westfalian Whiskys. In der Nordhoff Feinbrennerei arbeitet der derzeit einzige deutsche Brennmeister f\u00fcr Whisky, der sein Handwerk unter anderem in Schottland gelernt hat. Wilhelm Northoff hat schon in den 60ern den ersten Whisky in Deutschland gebrannt, was aber zur damaligen Zeit leider noch[...]","og_url":"https:\/\/www.dramfolks-whisky-auction.com\/fr\/product\/northoff-feinbrennerei-the-westfalian-2013-2021-peated-cask-no-57-ex-bowmore\/","og_site_name":"Dramfolks Whisky Auction","article_modified_time":"2023-03-26T14:05:49+00:00","og_image":[{"width":2560,"height":2560,"url":"https:\/\/www.dramfolks-whisky-auction.com\/wp-content\/uploads\/2022\/12\/The-Westfalian-vorne-scaled.jpg","type":"image\/jpeg"}],"twitter_card":"summary_large_image","twitter_misc":{"Dur\u00e9e de lecture estim\u00e9e":"2 minutes"},"schema":{"@context":"https:\/\/schema.org","@graph":[{"@type":"WebPage","@id":"https:\/\/www.dramfolks-whisky-auction.com\/fr\/product\/northoff-feinbrennerei-the-westfalian-2013-2021-peated-cask-no-57-ex-bowmore\/","url":"https:\/\/www.dramfolks-whisky-auction.com\/fr\/product\/northoff-feinbrennerei-the-westfalian-2013-2021-peated-cask-no-57-ex-bowmore\/","name":"Northoff Feinbrennerei - The Westfalian (2013\/2021) Peated Cask No.57 ex.Bowmore - Dramfolks Whisky Auction","isPartOf":{"@id":"https:\/\/www.dramfolks-whisky-auction.com\/fr\/#website"},"primaryImageOfPage":{"@id":"https:\/\/www.dramfolks-whisky-auction.com\/fr\/product\/northoff-feinbrennerei-the-westfalian-2013-2021-peated-cask-no-57-ex-bowmore\/#primaryimage"},"image":{"@id":"https:\/\/www.dramfolks-whisky-auction.com\/fr\/product\/northoff-feinbrennerei-the-westfalian-2013-2021-peated-cask-no-57-ex-bowmore\/#primaryimage"},"thumbnailUrl":"https:\/\/www.dramfolks-whisky-auction.com\/wp-content\/uploads\/2022\/12\/The-Westfalian-vorne-scaled.jpg","datePublished":"2022-12-27T17:49:51+00:00","dateModified":"2023-03-26T14:05:49+00:00","breadcrumb":{"@id":"https:\/\/www.dramfolks-whisky-auction.com\/fr\/product\/northoff-feinbrennerei-the-westfalian-2013-2021-peated-cask-no-57-ex-bowmore\/#breadcrumb"},"inLanguage":"fr-FR","potentialAction":[{"@type":"ReadAction","target":["https:\/\/www.dramfolks-whisky-auction.com\/fr\/product\/northoff-feinbrennerei-the-westfalian-2013-2021-peated-cask-no-57-ex-bowmore\/"]}]},{"@type":"ImageObject","inLanguage":"fr-FR","@id":"https:\/\/www.dramfolks-whisky-auction.com\/fr\/product\/northoff-feinbrennerei-the-westfalian-2013-2021-peated-cask-no-57-ex-bowmore\/#primaryimage","url":"https:\/\/www.dramfolks-whisky-auction.com\/wp-content\/uploads\/2022\/12\/The-Westfalian-vorne-scaled.jpg","contentUrl":"https:\/\/www.dramfolks-whisky-auction.com\/wp-content\/uploads\/2022\/12\/The-Westfalian-vorne-scaled.jpg","width":2560,"height":2560},{"@type":"BreadcrumbList","@id":"https:\/\/www.dramfolks-whisky-auction.com\/fr\/product\/northoff-feinbrennerei-the-westfalian-2013-2021-peated-cask-no-57-ex-bowmore\/#breadcrumb","itemListElement":[{"@type":"ListItem","position":1,"name":"Startseite","item":"https:\/\/www.dramfolks-whisky-auction.com\/fr\/"},{"@type":"ListItem","position":2,"name":"Boutique","item":"https:\/\/www.dramfolks-whisky-auction.com\/fr\/boutique\/"},{"@type":"ListItem","position":3,"name":"Northoff Feinbrennerei &#8211; The Westfalian (2013\/2021) Peated Cask No.57 ex.Bowmore"}]},{"@type":"WebSite","@id":"https:\/\/www.dramfolks-whisky-auction.com\/fr\/#website","url":"https:\/\/www.dramfolks-whisky-auction.com\/fr\/","name":"Dramfolks Whisky Auction","description":"","potentialAction":[{"@type":"SearchAction","target":{"@type":"EntryPoint","urlTemplate":"https:\/\/www.dramfolks-whisky-auction.com\/fr\/?s={search_term_string}"},"query-input":{"@type":"PropertyValueSpecification","valueRequired":true,"valueName":"search_term_string"}}],"inLanguage":"fr-FR"}]}},"_links":{"self":[{"href":"https:\/\/www.dramfolks-whisky-auction.com\/fr\/wp-json\/wp\/v2\/product\/1230","targetHints":{"allow":["GET"]}}],"collection":[{"href":"https:\/\/www.dramfolks-whisky-auction.com\/fr\/wp-json\/wp\/v2\/product"}],"about":[{"href":"https:\/\/www.dramfolks-whisky-auction.com\/fr\/wp-json\/wp\/v2\/types\/product"}],"replies":[{"embeddable":true,"href":"https:\/\/www.dramfolks-whisky-auction.com\/fr\/wp-json\/wp\/v2\/comments?post=1230"}],"wp:featuredmedia":[{"embeddable":true,"href":"https:\/\/www.dramfolks-whisky-auction.com\/fr\/wp-json\/wp\/v2\/media\/1231"}],"wp:attachment":[{"href":"https:\/\/www.dramfolks-whisky-auction.com\/fr\/wp-json\/wp\/v2\/media?parent=1230"}],"wp:term":[{"taxonomy":"product_brand","embeddable":true,"href":"https:\/\/www.dramfolks-whisky-auction.com\/fr\/wp-json\/wp\/v2\/product_brand?post=1230"},{"taxonomy":"product_cat","embeddable":true,"href":"https:\/\/www.dramfolks-whisky-auction.com\/fr\/wp-json\/wp\/v2\/product_cat?post=1230"},{"taxonomy":"product_tag","embeddable":true,"href":"https:\/\/www.dramfolks-whisky-auction.com\/fr\/wp-json\/wp\/v2\/product_tag?post=1230"}],"curies":[{"name":"wp","href":"https:\/\/api.w.org\/{rel}","templated":true}]}}