{"id":1197,"date":"2022-12-27T16:19:51","date_gmt":"2022-12-27T15:19:51","guid":{"rendered":"https:\/\/www.dramfolks-whisky-auction.com\/?post_type=product&#038;p=1197"},"modified":"2023-03-26T15:30:07","modified_gmt":"2023-03-26T13:30:07","slug":"hammerschmiede-elsburn-iberica","status":"publish","type":"product","link":"https:\/\/www.dramfolks-whisky-auction.com\/fr\/product\/hammerschmiede-elsburn-iberica\/","title":{"rendered":"Hercynian Distilling Co. \/ Hammerschmiede &#8211; Elsburn Iberica"},"content":{"rendered":"<p><strong>Destille: Hercynian Distilling Co. \/ Hammerschmiede<br \/>\n<\/strong>Die Destillerie und Manufaktur Hammerschmiede wurde 1985 in der alten Hammerschmiede in Wieda bei Zorge (Niedersachsen) gegr\u00fcndet. Die alte Hammerschmiede, welche heute einen Teil der Whiskyf\u00e4sser beherbergt, wurde zwischen 1250 und 1270 von M\u00f6nchen und deren Gehilfen aus dem nahen Kloster Walkenried erbaut und geh\u00f6rte bis 1593 zu den Besitzt\u00fcmern des Klosters. 1895 wechselte die Hammerschmiede in den Besitz der Betreiberfamilie der heutigen Manufaktur. An diesem Ort begann auch die Geschichte des Harzer Single Malts mit den ersten Fassf\u00fcllungen im Jahr 2002. Seit 2007 ist der GlenEls\/ElsBurn im Malt Whisky Yearbook j\u00e4hrlich vertreten. Es folgten Mehrfach-Auszeichnungen in Gold bei den World Whisky Awards, Liquid Gold Awards und eine Platzierung unter den Top-20-Brennereien weltweit bei den 2019 World-Whisky-Awards. J\u00e4hrliches Produktionsvolumen: ca. 30.000 Liter.<\/p>\n<p><strong>Fun Fakt:<\/strong> 2019 \u00ab\u00a0registrierte\u00a0\u00bb man auch in Schottland, dass die Harzer einen super tollen Whisky brennen k\u00f6nnen. So gut, dass man die \u00ab\u00a0kleine\u00a0\u00bb Destille verklagte, weil sie im Namen das Wort \u00ab\u00a0Glen\u00a0\u00bb hatte. Da aber Glen ein \u00ab\u00a0Kulturgut\u00a0\u00bb der schottischen Whiskygesellschaft darstellt, untersagte man den Harzern mit Hilfe eines Urteils des Oberlandesgerichtes Hamburg den Namensbestandteil Glen. Dadurch erfolgte notgedrungen die Umbenennung in das heutige ElsBurn. Hat dem Erfolg und der Qualit\u00e4t des Harzer Whiskys aber absolut nicht geschadet!!!!<\/p>\n<p><strong>Whisky\/Whiskey: Elsburn Iberica<\/strong><\/p>\n<p>Dieser Single Malt Whisky stammt aus dem Herzen Deutschlands und durfte in ausgew\u00e4hlten First Fill Sherry-, Malaga- und Portweinf\u00e4ssern reifen. Damit macht er seinem Beinamen \u00ab\u00a0Iberica\u00a0\u00bb alle Ehre &#8211; schlie\u00dflich ist damit nicht nur Spanien, sondern auch Portugal gemeint. Durch den Einsatz der Portweinf\u00e4sser sind vor allem die Trockenfruchtnoten extrem prominent am Gaumen. Die Intensit\u00e4t dieser Aromen ist auch der \u00ab\u00a0brachialen\u00a0\u00bb Fassst\u00e4rke von 58,8% Alkoholvolumen zuzuschreiben, mit der dieser Single Malt abgef\u00fcllt wurde. Limitiert auf 1.366 Flaschen &#8211; eine echte Rarit\u00e4t aus dem Harz!<\/p>\n<p><strong>Info Qualit\u00e4t der Flasche:<\/strong> Exzellent ohne Besch\u00e4digungen \/ <strong>F\u00fcllstand:<\/strong> Into neck<br \/>\n<strong>Info Qualit\u00e4t der Box:<\/strong> Exzellent ohne Besch\u00e4digungen<\/p>\n<p><strong>Wichtiger Hinweis: <\/strong>Die Bewertung der Flaschen und Boxen erfolgt nach \u201ebesten Wissen und Gewissen\u201c. dramfolks kann keine Gew\u00e4hrleistung f\u00fcr den Inhalt der Flaschen \u00fcbernehmen. Weitere Infos &amp; Hinweise finden Sie in unseren AGBs. Wir empfehlen Ihnen, vor der Abgabe von Geboten \u00fcber die Zoomfunktion eine Besichtigung \/ genaue Pr\u00fcfung des angebotenen Whiskys vorzunehmen. Bitte kontaktieren sie uns bei Fragen direkt unter info@dramfolks.com<\/p>\n","protected":false},"excerpt":{"rendered":"<p>Destille: Hercynian Distilling Co. \/ Hammerschmiede Die Destillerie und Manufaktur Hammerschmiede wurde 1985 in der alten Hammerschmiede in Wieda bei Zorge (Niedersachsen) gegr\u00fcndet. Die alte Hammerschmiede, welche heute einen Teil der Whiskyf\u00e4sser beherbergt, wurde zwischen 1250 und 1270 von M\u00f6nchen und deren Gehilfen aus dem nahen Kloster Walkenried erbaut und geh\u00f6rte bis 1593 zu den[&#8230;]\n","protected":false},"featured_media":1198,"comment_status":"closed","ping_status":"closed","template":"","meta":[],"product_brand":[],"product_cat":[80],"product_tag":[],"class_list":{"0":"post-1197","1":"product","2":"type-product","3":"status-publish","4":"has-post-thumbnail","6":"product_cat-no-1","8":"first","9":"instock","10":"shipping-taxable","11":"purchasable","12":"product-type-auction"},"yoast_head":"<!-- This site is optimized with the Yoast SEO plugin v27.4 - https:\/\/yoast.com\/product\/yoast-seo-wordpress\/ -->\n<title>Hercynian Distilling Co. \/ Hammerschmiede - Elsburn Iberica - Dramfolks Whisky Auction<\/title>\n<meta name=\"robots\" content=\"index, follow, max-snippet:-1, max-image-preview:large, max-video-preview:-1\" \/>\n<link rel=\"canonical\" href=\"https:\/\/www.dramfolks-whisky-auction.com\/fr\/product\/hammerschmiede-elsburn-iberica\/\" \/>\n<meta property=\"og:locale\" content=\"fr_FR\" \/>\n<meta property=\"og:type\" content=\"article\" \/>\n<meta property=\"og:title\" content=\"Hercynian Distilling Co. \/ Hammerschmiede - Elsburn Iberica - Dramfolks Whisky Auction\" \/>\n<meta property=\"og:description\" content=\"Destille: Hercynian Distilling Co. \/ Hammerschmiede Die Destillerie und Manufaktur Hammerschmiede wurde 1985 in der alten Hammerschmiede in Wieda bei Zorge (Niedersachsen) gegr\u00fcndet. Die alte Hammerschmiede, welche heute einen Teil der Whiskyf\u00e4sser beherbergt, wurde zwischen 1250 und 1270 von M\u00f6nchen und deren Gehilfen aus dem nahen Kloster Walkenried erbaut und geh\u00f6rte bis 1593 zu den[...]\" \/>\n<meta property=\"og:url\" content=\"https:\/\/www.dramfolks-whisky-auction.com\/fr\/product\/hammerschmiede-elsburn-iberica\/\" \/>\n<meta property=\"og:site_name\" content=\"Dramfolks Whisky Auction\" \/>\n<meta property=\"article:modified_time\" content=\"2023-03-26T13:30:07+00:00\" \/>\n<meta property=\"og:image\" content=\"https:\/\/www.dramfolks-whisky-auction.com\/wp-content\/uploads\/2022\/12\/Elsburn-Iberica-vorne-scaled.jpg\" \/>\n\t<meta property=\"og:image:width\" content=\"2560\" \/>\n\t<meta property=\"og:image:height\" content=\"2560\" \/>\n\t<meta property=\"og:image:type\" content=\"image\/jpeg\" \/>\n<meta name=\"twitter:card\" content=\"summary_large_image\" \/>\n<meta name=\"twitter:label1\" content=\"Dur\u00e9e de lecture estim\u00e9e\" \/>\n\t<meta name=\"twitter:data1\" content=\"3 minutes\" \/>\n<script type=\"application\/ld+json\" class=\"yoast-schema-graph\">{\"@context\":\"https:\\\/\\\/schema.org\",\"@graph\":[{\"@type\":\"WebPage\",\"@id\":\"https:\\\/\\\/www.dramfolks-whisky-auction.com\\\/fr\\\/product\\\/hammerschmiede-elsburn-iberica\\\/\",\"url\":\"https:\\\/\\\/www.dramfolks-whisky-auction.com\\\/fr\\\/product\\\/hammerschmiede-elsburn-iberica\\\/\",\"name\":\"Hercynian Distilling Co. \\\/ Hammerschmiede - Elsburn Iberica - Dramfolks Whisky Auction\",\"isPartOf\":{\"@id\":\"https:\\\/\\\/www.dramfolks-whisky-auction.com\\\/fr\\\/#website\"},\"primaryImageOfPage\":{\"@id\":\"https:\\\/\\\/www.dramfolks-whisky-auction.com\\\/fr\\\/product\\\/hammerschmiede-elsburn-iberica\\\/#primaryimage\"},\"image\":{\"@id\":\"https:\\\/\\\/www.dramfolks-whisky-auction.com\\\/fr\\\/product\\\/hammerschmiede-elsburn-iberica\\\/#primaryimage\"},\"thumbnailUrl\":\"https:\\\/\\\/www.dramfolks-whisky-auction.com\\\/wp-content\\\/uploads\\\/2022\\\/12\\\/Elsburn-Iberica-vorne-scaled.jpg\",\"datePublished\":\"2022-12-27T15:19:51+00:00\",\"dateModified\":\"2023-03-26T13:30:07+00:00\",\"breadcrumb\":{\"@id\":\"https:\\\/\\\/www.dramfolks-whisky-auction.com\\\/fr\\\/product\\\/hammerschmiede-elsburn-iberica\\\/#breadcrumb\"},\"inLanguage\":\"fr-FR\",\"potentialAction\":[{\"@type\":\"ReadAction\",\"target\":[\"https:\\\/\\\/www.dramfolks-whisky-auction.com\\\/fr\\\/product\\\/hammerschmiede-elsburn-iberica\\\/\"]}]},{\"@type\":\"ImageObject\",\"inLanguage\":\"fr-FR\",\"@id\":\"https:\\\/\\\/www.dramfolks-whisky-auction.com\\\/fr\\\/product\\\/hammerschmiede-elsburn-iberica\\\/#primaryimage\",\"url\":\"https:\\\/\\\/www.dramfolks-whisky-auction.com\\\/wp-content\\\/uploads\\\/2022\\\/12\\\/Elsburn-Iberica-vorne-scaled.jpg\",\"contentUrl\":\"https:\\\/\\\/www.dramfolks-whisky-auction.com\\\/wp-content\\\/uploads\\\/2022\\\/12\\\/Elsburn-Iberica-vorne-scaled.jpg\",\"width\":2560,\"height\":2560},{\"@type\":\"BreadcrumbList\",\"@id\":\"https:\\\/\\\/www.dramfolks-whisky-auction.com\\\/fr\\\/product\\\/hammerschmiede-elsburn-iberica\\\/#breadcrumb\",\"itemListElement\":[{\"@type\":\"ListItem\",\"position\":1,\"name\":\"Startseite\",\"item\":\"https:\\\/\\\/www.dramfolks-whisky-auction.com\\\/fr\\\/\"},{\"@type\":\"ListItem\",\"position\":2,\"name\":\"Boutique\",\"item\":\"https:\\\/\\\/www.dramfolks-whisky-auction.com\\\/fr\\\/boutique\\\/\"},{\"@type\":\"ListItem\",\"position\":3,\"name\":\"Hercynian Distilling Co. \\\/ Hammerschmiede &#8211; Elsburn Iberica\"}]},{\"@type\":\"WebSite\",\"@id\":\"https:\\\/\\\/www.dramfolks-whisky-auction.com\\\/fr\\\/#website\",\"url\":\"https:\\\/\\\/www.dramfolks-whisky-auction.com\\\/fr\\\/\",\"name\":\"Dramfolks Whisky Auction\",\"description\":\"\",\"potentialAction\":[{\"@type\":\"SearchAction\",\"target\":{\"@type\":\"EntryPoint\",\"urlTemplate\":\"https:\\\/\\\/www.dramfolks-whisky-auction.com\\\/fr\\\/?s={search_term_string}\"},\"query-input\":{\"@type\":\"PropertyValueSpecification\",\"valueRequired\":true,\"valueName\":\"search_term_string\"}}],\"inLanguage\":\"fr-FR\"}]}<\/script>\n<!-- \/ Yoast SEO plugin. -->","yoast_head_json":{"title":"Hercynian Distilling Co. \/ Hammerschmiede - Elsburn Iberica - Dramfolks Whisky Auction","robots":{"index":"index","follow":"follow","max-snippet":"max-snippet:-1","max-image-preview":"max-image-preview:large","max-video-preview":"max-video-preview:-1"},"canonical":"https:\/\/www.dramfolks-whisky-auction.com\/fr\/product\/hammerschmiede-elsburn-iberica\/","og_locale":"fr_FR","og_type":"article","og_title":"Hercynian Distilling Co. \/ Hammerschmiede - Elsburn Iberica - Dramfolks Whisky Auction","og_description":"Destille: Hercynian Distilling Co. \/ Hammerschmiede Die Destillerie und Manufaktur Hammerschmiede wurde 1985 in der alten Hammerschmiede in Wieda bei Zorge (Niedersachsen) gegr\u00fcndet. Die alte Hammerschmiede, welche heute einen Teil der Whiskyf\u00e4sser beherbergt, wurde zwischen 1250 und 1270 von M\u00f6nchen und deren Gehilfen aus dem nahen Kloster Walkenried erbaut und geh\u00f6rte bis 1593 zu den[...]","og_url":"https:\/\/www.dramfolks-whisky-auction.com\/fr\/product\/hammerschmiede-elsburn-iberica\/","og_site_name":"Dramfolks Whisky Auction","article_modified_time":"2023-03-26T13:30:07+00:00","og_image":[{"width":2560,"height":2560,"url":"https:\/\/www.dramfolks-whisky-auction.com\/wp-content\/uploads\/2022\/12\/Elsburn-Iberica-vorne-scaled.jpg","type":"image\/jpeg"}],"twitter_card":"summary_large_image","twitter_misc":{"Dur\u00e9e de lecture estim\u00e9e":"3 minutes"},"schema":{"@context":"https:\/\/schema.org","@graph":[{"@type":"WebPage","@id":"https:\/\/www.dramfolks-whisky-auction.com\/fr\/product\/hammerschmiede-elsburn-iberica\/","url":"https:\/\/www.dramfolks-whisky-auction.com\/fr\/product\/hammerschmiede-elsburn-iberica\/","name":"Hercynian Distilling Co. \/ Hammerschmiede - Elsburn Iberica - Dramfolks Whisky Auction","isPartOf":{"@id":"https:\/\/www.dramfolks-whisky-auction.com\/fr\/#website"},"primaryImageOfPage":{"@id":"https:\/\/www.dramfolks-whisky-auction.com\/fr\/product\/hammerschmiede-elsburn-iberica\/#primaryimage"},"image":{"@id":"https:\/\/www.dramfolks-whisky-auction.com\/fr\/product\/hammerschmiede-elsburn-iberica\/#primaryimage"},"thumbnailUrl":"https:\/\/www.dramfolks-whisky-auction.com\/wp-content\/uploads\/2022\/12\/Elsburn-Iberica-vorne-scaled.jpg","datePublished":"2022-12-27T15:19:51+00:00","dateModified":"2023-03-26T13:30:07+00:00","breadcrumb":{"@id":"https:\/\/www.dramfolks-whisky-auction.com\/fr\/product\/hammerschmiede-elsburn-iberica\/#breadcrumb"},"inLanguage":"fr-FR","potentialAction":[{"@type":"ReadAction","target":["https:\/\/www.dramfolks-whisky-auction.com\/fr\/product\/hammerschmiede-elsburn-iberica\/"]}]},{"@type":"ImageObject","inLanguage":"fr-FR","@id":"https:\/\/www.dramfolks-whisky-auction.com\/fr\/product\/hammerschmiede-elsburn-iberica\/#primaryimage","url":"https:\/\/www.dramfolks-whisky-auction.com\/wp-content\/uploads\/2022\/12\/Elsburn-Iberica-vorne-scaled.jpg","contentUrl":"https:\/\/www.dramfolks-whisky-auction.com\/wp-content\/uploads\/2022\/12\/Elsburn-Iberica-vorne-scaled.jpg","width":2560,"height":2560},{"@type":"BreadcrumbList","@id":"https:\/\/www.dramfolks-whisky-auction.com\/fr\/product\/hammerschmiede-elsburn-iberica\/#breadcrumb","itemListElement":[{"@type":"ListItem","position":1,"name":"Startseite","item":"https:\/\/www.dramfolks-whisky-auction.com\/fr\/"},{"@type":"ListItem","position":2,"name":"Boutique","item":"https:\/\/www.dramfolks-whisky-auction.com\/fr\/boutique\/"},{"@type":"ListItem","position":3,"name":"Hercynian Distilling Co. \/ Hammerschmiede &#8211; Elsburn Iberica"}]},{"@type":"WebSite","@id":"https:\/\/www.dramfolks-whisky-auction.com\/fr\/#website","url":"https:\/\/www.dramfolks-whisky-auction.com\/fr\/","name":"Dramfolks Whisky Auction","description":"","potentialAction":[{"@type":"SearchAction","target":{"@type":"EntryPoint","urlTemplate":"https:\/\/www.dramfolks-whisky-auction.com\/fr\/?s={search_term_string}"},"query-input":{"@type":"PropertyValueSpecification","valueRequired":true,"valueName":"search_term_string"}}],"inLanguage":"fr-FR"}]}},"_links":{"self":[{"href":"https:\/\/www.dramfolks-whisky-auction.com\/fr\/wp-json\/wp\/v2\/product\/1197","targetHints":{"allow":["GET"]}}],"collection":[{"href":"https:\/\/www.dramfolks-whisky-auction.com\/fr\/wp-json\/wp\/v2\/product"}],"about":[{"href":"https:\/\/www.dramfolks-whisky-auction.com\/fr\/wp-json\/wp\/v2\/types\/product"}],"replies":[{"embeddable":true,"href":"https:\/\/www.dramfolks-whisky-auction.com\/fr\/wp-json\/wp\/v2\/comments?post=1197"}],"wp:featuredmedia":[{"embeddable":true,"href":"https:\/\/www.dramfolks-whisky-auction.com\/fr\/wp-json\/wp\/v2\/media\/1198"}],"wp:attachment":[{"href":"https:\/\/www.dramfolks-whisky-auction.com\/fr\/wp-json\/wp\/v2\/media?parent=1197"}],"wp:term":[{"taxonomy":"product_brand","embeddable":true,"href":"https:\/\/www.dramfolks-whisky-auction.com\/fr\/wp-json\/wp\/v2\/product_brand?post=1197"},{"taxonomy":"product_cat","embeddable":true,"href":"https:\/\/www.dramfolks-whisky-auction.com\/fr\/wp-json\/wp\/v2\/product_cat?post=1197"},{"taxonomy":"product_tag","embeddable":true,"href":"https:\/\/www.dramfolks-whisky-auction.com\/fr\/wp-json\/wp\/v2\/product_tag?post=1197"}],"curies":[{"name":"wp","href":"https:\/\/api.w.org\/{rel}","templated":true}]}}