{"id":1147957,"date":"2024-12-16T09:09:30","date_gmt":"2024-12-16T08:09:30","guid":{"rendered":"https:\/\/www.dramfolks-whisky-auction.com\/?post_type=product&#038;p=1147957"},"modified":"2025-01-08T20:56:39","modified_gmt":"2025-01-08T19:56:39","slug":"mars-shinshu-komagatake-limited-edition-2018-4","status":"publish","type":"product","link":"https:\/\/www.dramfolks-whisky-auction.com\/fr\/product\/mars-shinshu-komagatake-limited-edition-2018-4\/","title":{"rendered":"Mars Shinshu &#8211; Komagatake Limited Edition 2018"},"content":{"rendered":"<p><strong>Destille: Mars Shinshu<\/strong><br \/>\nDie kleine japanische Whiskydestillerie Mars ist vielen kein Begriff und f\u00fchrt sein Dasein abseits der gro\u00dfen japanischen Brennereien. Mars Shinshu Distillery umfasst mehrere Weing\u00fcter und insgesamt zwei Whisky-Destillerien (Shinshu und Tsunuki). Gegr\u00fcndet 1985 experimentiert Mars Shinshu permanent mit dem Einfluss des Klimas auf die Alterung von Whisky. Die daraus resultierenden Single Malts werden u.a. jedes Jahr in limitierten Editionen unter dem Namen Komagatake angeboten. Seit Jahren werden die Whiskys von Mars Shinshu immer wieder mit internationalen Preisen geehrt. Ein echter Geheimtipp!<\/p>\n<p><strong>Fun fact:<\/strong> Die Brennerei befindet sich Miyada (\u5bae\u7530\u6751), einem Dorf in dem Gebiet Nagano und ist mit rund 800m \u00fcber dem Meeresspiegel die h\u00f6chste Whiskybrennerei Japans.<\/p>\n<p><strong>Whisky\/Whiskey: Komagatake Limited Edition 2018<\/strong><br \/>\nJedes Jahr wird die neue limitierte Auflage der Brennerei mit Spannung erwartet. So wie fr\u00fchere limitierte Ausgaben Verschnitte aus jungen Single Malts mit \u00e4lteren Malts waren, \u00fcberl\u00e4sst diese Ausgabe die B\u00fchne allein den jungen Whiskys der Brennerei. Dieser auf 9000 Flaschen limitierte Single Malt wurde 2018 auf den japanischen Markt gebracht. Man hat getorfte und ungetorfte Malt Whiskys aus der Shinshu Brennerei f\u00fcr diesen Single Malt verwendet. Die Reifung fand in Bourbonf\u00e4ssern und F\u00e4ssern aus amerikanischer Weiseiche statt. Die Frische und die lebendigen Noten dieses Whiskys spiegeln die Philosophie von Mars wider. Dieser Whisky zeichnet sich durch ein blumiges Profil mit Spuren von Menthol aus und bietet am Gaumen Noten von Wildblumen und Zitrusfr\u00fcchten. Der Abgang ist leicht krautig, mit intensiven Noten von wei\u00dfen Blumen.<\/p>\n<p><strong>Info Qualit\u00e4t der Flasche:<\/strong> Exzellent &#8211; ohne Besch\u00e4digungen \/ <strong>F\u00fcllstand:<\/strong> Top Shoulder<br \/>\n<strong>Info Qualit\u00e4t der Box:<\/strong> Exzellent &#8211; ohne Besch\u00e4digungen<\/p>\n<p><strong>Wichtiger Hinweis:<\/strong> Die Bewertung der Flaschen und Boxen erfolgt nach \u201ebesten Wissen und Gewissen\u201c. dramfolks kann keine Gew\u00e4hrleistung f\u00fcr den Inhalt der Flaschen \u00fcbernehmen. Weitere Infos &amp; Hinweise finden Sie in unseren AGBs. Wir empfehlen Ihnen, vor der Abgabe von Geboten \u00fcber die Zoomfunktion eine Besichtigung \/ genaue Pr\u00fcfung des angebotenen Whiskys vorzunehmen. Bitte kontaktieren sie uns bei Fragen direkt unter info@dramfolks.com<\/p>\n","protected":false},"excerpt":{"rendered":"<p>Destille: Mars Shinshu Die kleine japanische Whiskydestillerie Mars ist vielen kein Begriff und f\u00fchrt sein Dasein abseits der gro\u00dfen japanischen Brennereien. Mars Shinshu Distillery umfasst mehrere Weing\u00fcter und insgesamt zwei Whisky-Destillerien (Shinshu und Tsunuki). Gegr\u00fcndet 1985 experimentiert Mars Shinshu permanent mit dem Einfluss des Klimas auf die Alterung von Whisky. Die daraus resultierenden Single Malts[&#8230;]\n","protected":false},"featured_media":534257,"comment_status":"closed","ping_status":"closed","template":"","meta":[],"product_brand":[],"product_cat":[1008],"product_tag":[],"class_list":{"0":"post-1147957","1":"product","2":"type-product","3":"status-publish","4":"has-post-thumbnail","6":"product_cat-no-15","8":"first","9":"instock","10":"shipping-taxable","11":"purchasable","12":"product-type-auction"},"yoast_head":"<!-- This site is optimized with the Yoast SEO plugin v27.4 - https:\/\/yoast.com\/product\/yoast-seo-wordpress\/ -->\n<title>Mars Shinshu - Komagatake Limited Edition 2018 - Dramfolks Whisky Auction<\/title>\n<meta name=\"robots\" content=\"index, follow, max-snippet:-1, max-image-preview:large, max-video-preview:-1\" \/>\n<link rel=\"canonical\" href=\"https:\/\/www.dramfolks-whisky-auction.com\/fr\/product\/mars-shinshu-komagatake-limited-edition-2018-4\/\" \/>\n<meta property=\"og:locale\" content=\"fr_FR\" \/>\n<meta property=\"og:type\" content=\"article\" \/>\n<meta property=\"og:title\" content=\"Mars Shinshu - Komagatake Limited Edition 2018 - Dramfolks Whisky Auction\" \/>\n<meta property=\"og:description\" content=\"Destille: Mars Shinshu Die kleine japanische Whiskydestillerie Mars ist vielen kein Begriff und f\u00fchrt sein Dasein abseits der gro\u00dfen japanischen Brennereien. Mars Shinshu Distillery umfasst mehrere Weing\u00fcter und insgesamt zwei Whisky-Destillerien (Shinshu und Tsunuki). Gegr\u00fcndet 1985 experimentiert Mars Shinshu permanent mit dem Einfluss des Klimas auf die Alterung von Whisky. Die daraus resultierenden Single Malts[...]\" \/>\n<meta property=\"og:url\" content=\"https:\/\/www.dramfolks-whisky-auction.com\/fr\/product\/mars-shinshu-komagatake-limited-edition-2018-4\/\" \/>\n<meta property=\"og:site_name\" content=\"Dramfolks Whisky Auction\" \/>\n<meta property=\"article:modified_time\" content=\"2025-01-08T19:56:39+00:00\" \/>\n<meta property=\"og:image\" content=\"https:\/\/www.dramfolks-whisky-auction.com\/wp-content\/uploads\/2024\/09\/Komagatake-vorne-scaled.jpg\" \/>\n\t<meta property=\"og:image:width\" content=\"2560\" \/>\n\t<meta property=\"og:image:height\" content=\"2560\" \/>\n\t<meta property=\"og:image:type\" content=\"image\/jpeg\" \/>\n<meta name=\"twitter:card\" content=\"summary_large_image\" \/>\n<meta name=\"twitter:label1\" content=\"Dur\u00e9e de lecture estim\u00e9e\" \/>\n\t<meta name=\"twitter:data1\" content=\"2 minutes\" \/>\n<script type=\"application\/ld+json\" class=\"yoast-schema-graph\">{\"@context\":\"https:\\\/\\\/schema.org\",\"@graph\":[{\"@type\":\"WebPage\",\"@id\":\"https:\\\/\\\/www.dramfolks-whisky-auction.com\\\/fr\\\/product\\\/mars-shinshu-komagatake-limited-edition-2018-4\\\/\",\"url\":\"https:\\\/\\\/www.dramfolks-whisky-auction.com\\\/fr\\\/product\\\/mars-shinshu-komagatake-limited-edition-2018-4\\\/\",\"name\":\"Mars Shinshu - Komagatake Limited Edition 2018 - Dramfolks Whisky Auction\",\"isPartOf\":{\"@id\":\"https:\\\/\\\/www.dramfolks-whisky-auction.com\\\/fr\\\/#website\"},\"primaryImageOfPage\":{\"@id\":\"https:\\\/\\\/www.dramfolks-whisky-auction.com\\\/fr\\\/product\\\/mars-shinshu-komagatake-limited-edition-2018-4\\\/#primaryimage\"},\"image\":{\"@id\":\"https:\\\/\\\/www.dramfolks-whisky-auction.com\\\/fr\\\/product\\\/mars-shinshu-komagatake-limited-edition-2018-4\\\/#primaryimage\"},\"thumbnailUrl\":\"https:\\\/\\\/www.dramfolks-whisky-auction.com\\\/wp-content\\\/uploads\\\/2024\\\/09\\\/Komagatake-vorne-scaled.jpg\",\"datePublished\":\"2024-12-16T08:09:30+00:00\",\"dateModified\":\"2025-01-08T19:56:39+00:00\",\"breadcrumb\":{\"@id\":\"https:\\\/\\\/www.dramfolks-whisky-auction.com\\\/fr\\\/product\\\/mars-shinshu-komagatake-limited-edition-2018-4\\\/#breadcrumb\"},\"inLanguage\":\"fr-FR\",\"potentialAction\":[{\"@type\":\"ReadAction\",\"target\":[\"https:\\\/\\\/www.dramfolks-whisky-auction.com\\\/fr\\\/product\\\/mars-shinshu-komagatake-limited-edition-2018-4\\\/\"]}]},{\"@type\":\"ImageObject\",\"inLanguage\":\"fr-FR\",\"@id\":\"https:\\\/\\\/www.dramfolks-whisky-auction.com\\\/fr\\\/product\\\/mars-shinshu-komagatake-limited-edition-2018-4\\\/#primaryimage\",\"url\":\"https:\\\/\\\/www.dramfolks-whisky-auction.com\\\/wp-content\\\/uploads\\\/2024\\\/09\\\/Komagatake-vorne-scaled.jpg\",\"contentUrl\":\"https:\\\/\\\/www.dramfolks-whisky-auction.com\\\/wp-content\\\/uploads\\\/2024\\\/09\\\/Komagatake-vorne-scaled.jpg\",\"width\":2560,\"height\":2560},{\"@type\":\"BreadcrumbList\",\"@id\":\"https:\\\/\\\/www.dramfolks-whisky-auction.com\\\/fr\\\/product\\\/mars-shinshu-komagatake-limited-edition-2018-4\\\/#breadcrumb\",\"itemListElement\":[{\"@type\":\"ListItem\",\"position\":1,\"name\":\"Startseite\",\"item\":\"https:\\\/\\\/www.dramfolks-whisky-auction.com\\\/fr\\\/\"},{\"@type\":\"ListItem\",\"position\":2,\"name\":\"Boutique\",\"item\":\"https:\\\/\\\/www.dramfolks-whisky-auction.com\\\/fr\\\/boutique\\\/\"},{\"@type\":\"ListItem\",\"position\":3,\"name\":\"Mars Shinshu &#8211; Komagatake Limited Edition 2018\"}]},{\"@type\":\"WebSite\",\"@id\":\"https:\\\/\\\/www.dramfolks-whisky-auction.com\\\/fr\\\/#website\",\"url\":\"https:\\\/\\\/www.dramfolks-whisky-auction.com\\\/fr\\\/\",\"name\":\"Dramfolks Whisky Auction\",\"description\":\"\",\"potentialAction\":[{\"@type\":\"SearchAction\",\"target\":{\"@type\":\"EntryPoint\",\"urlTemplate\":\"https:\\\/\\\/www.dramfolks-whisky-auction.com\\\/fr\\\/?s={search_term_string}\"},\"query-input\":{\"@type\":\"PropertyValueSpecification\",\"valueRequired\":true,\"valueName\":\"search_term_string\"}}],\"inLanguage\":\"fr-FR\"}]}<\/script>\n<!-- \/ Yoast SEO plugin. -->","yoast_head_json":{"title":"Mars Shinshu - Komagatake Limited Edition 2018 - Dramfolks Whisky Auction","robots":{"index":"index","follow":"follow","max-snippet":"max-snippet:-1","max-image-preview":"max-image-preview:large","max-video-preview":"max-video-preview:-1"},"canonical":"https:\/\/www.dramfolks-whisky-auction.com\/fr\/product\/mars-shinshu-komagatake-limited-edition-2018-4\/","og_locale":"fr_FR","og_type":"article","og_title":"Mars Shinshu - Komagatake Limited Edition 2018 - Dramfolks Whisky Auction","og_description":"Destille: Mars Shinshu Die kleine japanische Whiskydestillerie Mars ist vielen kein Begriff und f\u00fchrt sein Dasein abseits der gro\u00dfen japanischen Brennereien. Mars Shinshu Distillery umfasst mehrere Weing\u00fcter und insgesamt zwei Whisky-Destillerien (Shinshu und Tsunuki). Gegr\u00fcndet 1985 experimentiert Mars Shinshu permanent mit dem Einfluss des Klimas auf die Alterung von Whisky. Die daraus resultierenden Single Malts[...]","og_url":"https:\/\/www.dramfolks-whisky-auction.com\/fr\/product\/mars-shinshu-komagatake-limited-edition-2018-4\/","og_site_name":"Dramfolks Whisky Auction","article_modified_time":"2025-01-08T19:56:39+00:00","og_image":[{"width":2560,"height":2560,"url":"https:\/\/www.dramfolks-whisky-auction.com\/wp-content\/uploads\/2024\/09\/Komagatake-vorne-scaled.jpg","type":"image\/jpeg"}],"twitter_card":"summary_large_image","twitter_misc":{"Dur\u00e9e de lecture estim\u00e9e":"2 minutes"},"schema":{"@context":"https:\/\/schema.org","@graph":[{"@type":"WebPage","@id":"https:\/\/www.dramfolks-whisky-auction.com\/fr\/product\/mars-shinshu-komagatake-limited-edition-2018-4\/","url":"https:\/\/www.dramfolks-whisky-auction.com\/fr\/product\/mars-shinshu-komagatake-limited-edition-2018-4\/","name":"Mars Shinshu - Komagatake Limited Edition 2018 - Dramfolks Whisky Auction","isPartOf":{"@id":"https:\/\/www.dramfolks-whisky-auction.com\/fr\/#website"},"primaryImageOfPage":{"@id":"https:\/\/www.dramfolks-whisky-auction.com\/fr\/product\/mars-shinshu-komagatake-limited-edition-2018-4\/#primaryimage"},"image":{"@id":"https:\/\/www.dramfolks-whisky-auction.com\/fr\/product\/mars-shinshu-komagatake-limited-edition-2018-4\/#primaryimage"},"thumbnailUrl":"https:\/\/www.dramfolks-whisky-auction.com\/wp-content\/uploads\/2024\/09\/Komagatake-vorne-scaled.jpg","datePublished":"2024-12-16T08:09:30+00:00","dateModified":"2025-01-08T19:56:39+00:00","breadcrumb":{"@id":"https:\/\/www.dramfolks-whisky-auction.com\/fr\/product\/mars-shinshu-komagatake-limited-edition-2018-4\/#breadcrumb"},"inLanguage":"fr-FR","potentialAction":[{"@type":"ReadAction","target":["https:\/\/www.dramfolks-whisky-auction.com\/fr\/product\/mars-shinshu-komagatake-limited-edition-2018-4\/"]}]},{"@type":"ImageObject","inLanguage":"fr-FR","@id":"https:\/\/www.dramfolks-whisky-auction.com\/fr\/product\/mars-shinshu-komagatake-limited-edition-2018-4\/#primaryimage","url":"https:\/\/www.dramfolks-whisky-auction.com\/wp-content\/uploads\/2024\/09\/Komagatake-vorne-scaled.jpg","contentUrl":"https:\/\/www.dramfolks-whisky-auction.com\/wp-content\/uploads\/2024\/09\/Komagatake-vorne-scaled.jpg","width":2560,"height":2560},{"@type":"BreadcrumbList","@id":"https:\/\/www.dramfolks-whisky-auction.com\/fr\/product\/mars-shinshu-komagatake-limited-edition-2018-4\/#breadcrumb","itemListElement":[{"@type":"ListItem","position":1,"name":"Startseite","item":"https:\/\/www.dramfolks-whisky-auction.com\/fr\/"},{"@type":"ListItem","position":2,"name":"Boutique","item":"https:\/\/www.dramfolks-whisky-auction.com\/fr\/boutique\/"},{"@type":"ListItem","position":3,"name":"Mars Shinshu &#8211; Komagatake Limited Edition 2018"}]},{"@type":"WebSite","@id":"https:\/\/www.dramfolks-whisky-auction.com\/fr\/#website","url":"https:\/\/www.dramfolks-whisky-auction.com\/fr\/","name":"Dramfolks Whisky Auction","description":"","potentialAction":[{"@type":"SearchAction","target":{"@type":"EntryPoint","urlTemplate":"https:\/\/www.dramfolks-whisky-auction.com\/fr\/?s={search_term_string}"},"query-input":{"@type":"PropertyValueSpecification","valueRequired":true,"valueName":"search_term_string"}}],"inLanguage":"fr-FR"}]}},"_links":{"self":[{"href":"https:\/\/www.dramfolks-whisky-auction.com\/fr\/wp-json\/wp\/v2\/product\/1147957","targetHints":{"allow":["GET"]}}],"collection":[{"href":"https:\/\/www.dramfolks-whisky-auction.com\/fr\/wp-json\/wp\/v2\/product"}],"about":[{"href":"https:\/\/www.dramfolks-whisky-auction.com\/fr\/wp-json\/wp\/v2\/types\/product"}],"replies":[{"embeddable":true,"href":"https:\/\/www.dramfolks-whisky-auction.com\/fr\/wp-json\/wp\/v2\/comments?post=1147957"}],"wp:featuredmedia":[{"embeddable":true,"href":"https:\/\/www.dramfolks-whisky-auction.com\/fr\/wp-json\/wp\/v2\/media\/534257"}],"wp:attachment":[{"href":"https:\/\/www.dramfolks-whisky-auction.com\/fr\/wp-json\/wp\/v2\/media?parent=1147957"}],"wp:term":[{"taxonomy":"product_brand","embeddable":true,"href":"https:\/\/www.dramfolks-whisky-auction.com\/fr\/wp-json\/wp\/v2\/product_brand?post=1147957"},{"taxonomy":"product_cat","embeddable":true,"href":"https:\/\/www.dramfolks-whisky-auction.com\/fr\/wp-json\/wp\/v2\/product_cat?post=1147957"},{"taxonomy":"product_tag","embeddable":true,"href":"https:\/\/www.dramfolks-whisky-auction.com\/fr\/wp-json\/wp\/v2\/product_tag?post=1147957"}],"curies":[{"name":"wp","href":"https:\/\/api.w.org\/{rel}","templated":true}]}}