{"id":1121,"date":"2022-12-23T20:44:57","date_gmt":"2022-12-23T19:44:57","guid":{"rendered":"https:\/\/www.dramfolks-whisky-auction.com\/?post_type=product&#038;p=1121"},"modified":"2023-04-01T16:37:21","modified_gmt":"2023-04-01T14:37:21","slug":"slyr-crocodile-toasting","status":"publish","type":"product","link":"https:\/\/www.dramfolks-whisky-auction.com\/fr\/product\/slyr-crocodile-toasting\/","title":{"rendered":"Slyrs &#8211; Crocodile Toasting 12 yo"},"content":{"rendered":"<p><strong>Destille: Slyrs<br \/>\n<\/strong>In den bayerischen Alpen am Schliersee liegt die Destillerie Lantenhammer, bekannt f\u00fcr hochwertige Edelbr\u00e4nde, die seit Generationen im Familienbesitz ist und heute von der Familie Stetter gef\u00fchrt wird.<br \/>\nBrau- und Destilliermeister Florian Stetter unternahm in den 90er Jahren eine Studienreise nach Schottland. Fasziniert von der Whiskyherstellung kam er mit der Vision nach Hause selbst Whisky in Bayern zu brennen. Seit 1999 wird nun am Schliersee Bavarian Single Malt Whisky destilliert.<\/p>\n<p><strong>Fun Fakt:<\/strong> Florian Stetter wettet nach seiner Schottlandreise mit seinen Kollegen um einen Kasten Wei\u00dfbier, dass man auch in Oberbayern erstklassigen Whisky brennen kann \u2013 und er gewinnt! Schon wenig sp\u00e4ter wird in der elterlichen Destillerie Lantenhammer Whisky gebrannt.<\/p>\n<p><strong>Whisky\/Whiskey: Crocodile Toasting 12 yo<br \/>\n<\/strong><\/p>\n<p>Jeden Sommer ver\u00f6ffentlicht Slyrs eine neue Limited Edition ihres Slyrs 12 Jahre. Diesmal stattete die Brennerei ihr Flaggschiff mit einem Crocodile Toast Finish aus. Daf\u00fcr kam der im Jahr 2009 aus dem Malz bayerischer Gerste und dem Quellwasser des Alpenraums gewonnene Single Malt Whisky nach der elfj\u00e4hrigen Hauptreifung in amerikanischen Wei\u00dfeichenholzf\u00e4ssern noch einmal f\u00fcr ein Jahr in ein stark ausgebranntes Eichenholzfass. Das als Crocodile Toast bezeichnete Ausbrennen erzeugt im Fass eine Oberfl\u00e4che \u00e4hnlich einer Krokodilhaut. Diese Abf\u00fcllung ist limitiert auf 993 Flaschen.<\/p>\n<p><strong>Info Qualit\u00e4t der Flasche:<\/strong> Exzellent ohne Besch\u00e4digungen \/ <strong>F\u00fcllstand:<\/strong> Top shoulder<br \/>\n<strong>Info Qualit\u00e4t der Box: <\/strong>Exzellent ohne Besch\u00e4digungen und aus einem grandiosen Eichenholzblock<\/p>\n<p><strong>Wichtiger Hinweis:<\/strong> Die Bewertung der Flaschen und Boxen erfolgt nach \u201ebesten Wissen und Gewissen\u201c. dramfolks kann keine Gew\u00e4hrleistung f\u00fcr den Inhalt der Flaschen \u00fcbernehmen. Weitere Infos &amp; Hinweise finden Sie in unseren AGBs. Wir empfehlen Ihnen, vor der Abgabe von Geboten \u00fcber die Zoomfunktion eine Besichtigung \/ genaue Pr\u00fcfung des angebotenen Whiskys vorzunehmen. Bitte kontaktieren sie uns bei Fragen direkt unter info@dramfolks.com<\/p>\n","protected":false},"excerpt":{"rendered":"<p>Destille: Slyrs In den bayerischen Alpen am Schliersee liegt die Destillerie Lantenhammer, bekannt f\u00fcr hochwertige Edelbr\u00e4nde, die seit Generationen im Familienbesitz ist und heute von der Familie Stetter gef\u00fchrt wird. Brau- und Destilliermeister Florian Stetter unternahm in den 90er Jahren eine Studienreise nach Schottland. Fasziniert von der Whiskyherstellung kam er mit der Vision nach Hause[&#8230;]\n","protected":false},"featured_media":1122,"comment_status":"closed","ping_status":"closed","template":"","meta":[],"product_brand":[],"product_cat":[80],"product_tag":[],"class_list":{"0":"post-1121","1":"product","2":"type-product","3":"status-publish","4":"has-post-thumbnail","6":"product_cat-no-1","8":"first","9":"instock","10":"shipping-taxable","11":"purchasable","12":"product-type-auction"},"yoast_head":"<!-- This site is optimized with the Yoast SEO plugin v27.4 - https:\/\/yoast.com\/product\/yoast-seo-wordpress\/ -->\n<title>Slyrs - Crocodile Toasting 12 yo - Dramfolks Whisky Auction<\/title>\n<meta name=\"robots\" content=\"index, follow, max-snippet:-1, max-image-preview:large, max-video-preview:-1\" \/>\n<link rel=\"canonical\" href=\"https:\/\/www.dramfolks-whisky-auction.com\/fr\/product\/slyr-crocodile-toasting\/\" \/>\n<meta property=\"og:locale\" content=\"fr_FR\" \/>\n<meta property=\"og:type\" content=\"article\" \/>\n<meta property=\"og:title\" content=\"Slyrs - Crocodile Toasting 12 yo - Dramfolks Whisky Auction\" \/>\n<meta property=\"og:description\" content=\"Destille: Slyrs In den bayerischen Alpen am Schliersee liegt die Destillerie Lantenhammer, bekannt f\u00fcr hochwertige Edelbr\u00e4nde, die seit Generationen im Familienbesitz ist und heute von der Familie Stetter gef\u00fchrt wird. Brau- und Destilliermeister Florian Stetter unternahm in den 90er Jahren eine Studienreise nach Schottland. Fasziniert von der Whiskyherstellung kam er mit der Vision nach Hause[...]\" \/>\n<meta property=\"og:url\" content=\"https:\/\/www.dramfolks-whisky-auction.com\/fr\/product\/slyr-crocodile-toasting\/\" \/>\n<meta property=\"og:site_name\" content=\"Dramfolks Whisky Auction\" \/>\n<meta property=\"article:modified_time\" content=\"2023-04-01T14:37:21+00:00\" \/>\n<meta property=\"og:image\" content=\"https:\/\/www.dramfolks-whisky-auction.com\/wp-content\/uploads\/2022\/12\/Slyrs-Crocodile-Toasted-vorne-scaled.jpg\" \/>\n\t<meta property=\"og:image:width\" content=\"2560\" \/>\n\t<meta property=\"og:image:height\" content=\"2560\" \/>\n\t<meta property=\"og:image:type\" content=\"image\/jpeg\" \/>\n<meta name=\"twitter:card\" content=\"summary_large_image\" \/>\n<meta name=\"twitter:label1\" content=\"Dur\u00e9e de lecture estim\u00e9e\" \/>\n\t<meta name=\"twitter:data1\" content=\"2 minutes\" \/>\n<script type=\"application\/ld+json\" class=\"yoast-schema-graph\">{\"@context\":\"https:\\\/\\\/schema.org\",\"@graph\":[{\"@type\":\"WebPage\",\"@id\":\"https:\\\/\\\/www.dramfolks-whisky-auction.com\\\/fr\\\/product\\\/slyr-crocodile-toasting\\\/\",\"url\":\"https:\\\/\\\/www.dramfolks-whisky-auction.com\\\/fr\\\/product\\\/slyr-crocodile-toasting\\\/\",\"name\":\"Slyrs - Crocodile Toasting 12 yo - Dramfolks Whisky Auction\",\"isPartOf\":{\"@id\":\"https:\\\/\\\/www.dramfolks-whisky-auction.com\\\/fr\\\/#website\"},\"primaryImageOfPage\":{\"@id\":\"https:\\\/\\\/www.dramfolks-whisky-auction.com\\\/fr\\\/product\\\/slyr-crocodile-toasting\\\/#primaryimage\"},\"image\":{\"@id\":\"https:\\\/\\\/www.dramfolks-whisky-auction.com\\\/fr\\\/product\\\/slyr-crocodile-toasting\\\/#primaryimage\"},\"thumbnailUrl\":\"https:\\\/\\\/www.dramfolks-whisky-auction.com\\\/wp-content\\\/uploads\\\/2022\\\/12\\\/Slyrs-Crocodile-Toasted-vorne-scaled.jpg\",\"datePublished\":\"2022-12-23T19:44:57+00:00\",\"dateModified\":\"2023-04-01T14:37:21+00:00\",\"breadcrumb\":{\"@id\":\"https:\\\/\\\/www.dramfolks-whisky-auction.com\\\/fr\\\/product\\\/slyr-crocodile-toasting\\\/#breadcrumb\"},\"inLanguage\":\"fr-FR\",\"potentialAction\":[{\"@type\":\"ReadAction\",\"target\":[\"https:\\\/\\\/www.dramfolks-whisky-auction.com\\\/fr\\\/product\\\/slyr-crocodile-toasting\\\/\"]}]},{\"@type\":\"ImageObject\",\"inLanguage\":\"fr-FR\",\"@id\":\"https:\\\/\\\/www.dramfolks-whisky-auction.com\\\/fr\\\/product\\\/slyr-crocodile-toasting\\\/#primaryimage\",\"url\":\"https:\\\/\\\/www.dramfolks-whisky-auction.com\\\/wp-content\\\/uploads\\\/2022\\\/12\\\/Slyrs-Crocodile-Toasted-vorne-scaled.jpg\",\"contentUrl\":\"https:\\\/\\\/www.dramfolks-whisky-auction.com\\\/wp-content\\\/uploads\\\/2022\\\/12\\\/Slyrs-Crocodile-Toasted-vorne-scaled.jpg\",\"width\":2560,\"height\":2560},{\"@type\":\"BreadcrumbList\",\"@id\":\"https:\\\/\\\/www.dramfolks-whisky-auction.com\\\/fr\\\/product\\\/slyr-crocodile-toasting\\\/#breadcrumb\",\"itemListElement\":[{\"@type\":\"ListItem\",\"position\":1,\"name\":\"Startseite\",\"item\":\"https:\\\/\\\/www.dramfolks-whisky-auction.com\\\/fr\\\/\"},{\"@type\":\"ListItem\",\"position\":2,\"name\":\"Boutique\",\"item\":\"https:\\\/\\\/www.dramfolks-whisky-auction.com\\\/fr\\\/boutique\\\/\"},{\"@type\":\"ListItem\",\"position\":3,\"name\":\"Slyrs &#8211; Crocodile Toasting 12 yo\"}]},{\"@type\":\"WebSite\",\"@id\":\"https:\\\/\\\/www.dramfolks-whisky-auction.com\\\/fr\\\/#website\",\"url\":\"https:\\\/\\\/www.dramfolks-whisky-auction.com\\\/fr\\\/\",\"name\":\"Dramfolks Whisky Auction\",\"description\":\"\",\"potentialAction\":[{\"@type\":\"SearchAction\",\"target\":{\"@type\":\"EntryPoint\",\"urlTemplate\":\"https:\\\/\\\/www.dramfolks-whisky-auction.com\\\/fr\\\/?s={search_term_string}\"},\"query-input\":{\"@type\":\"PropertyValueSpecification\",\"valueRequired\":true,\"valueName\":\"search_term_string\"}}],\"inLanguage\":\"fr-FR\"}]}<\/script>\n<!-- \/ Yoast SEO plugin. -->","yoast_head_json":{"title":"Slyrs - Crocodile Toasting 12 yo - Dramfolks Whisky Auction","robots":{"index":"index","follow":"follow","max-snippet":"max-snippet:-1","max-image-preview":"max-image-preview:large","max-video-preview":"max-video-preview:-1"},"canonical":"https:\/\/www.dramfolks-whisky-auction.com\/fr\/product\/slyr-crocodile-toasting\/","og_locale":"fr_FR","og_type":"article","og_title":"Slyrs - Crocodile Toasting 12 yo - Dramfolks Whisky Auction","og_description":"Destille: Slyrs In den bayerischen Alpen am Schliersee liegt die Destillerie Lantenhammer, bekannt f\u00fcr hochwertige Edelbr\u00e4nde, die seit Generationen im Familienbesitz ist und heute von der Familie Stetter gef\u00fchrt wird. Brau- und Destilliermeister Florian Stetter unternahm in den 90er Jahren eine Studienreise nach Schottland. Fasziniert von der Whiskyherstellung kam er mit der Vision nach Hause[...]","og_url":"https:\/\/www.dramfolks-whisky-auction.com\/fr\/product\/slyr-crocodile-toasting\/","og_site_name":"Dramfolks Whisky Auction","article_modified_time":"2023-04-01T14:37:21+00:00","og_image":[{"width":2560,"height":2560,"url":"https:\/\/www.dramfolks-whisky-auction.com\/wp-content\/uploads\/2022\/12\/Slyrs-Crocodile-Toasted-vorne-scaled.jpg","type":"image\/jpeg"}],"twitter_card":"summary_large_image","twitter_misc":{"Dur\u00e9e de lecture estim\u00e9e":"2 minutes"},"schema":{"@context":"https:\/\/schema.org","@graph":[{"@type":"WebPage","@id":"https:\/\/www.dramfolks-whisky-auction.com\/fr\/product\/slyr-crocodile-toasting\/","url":"https:\/\/www.dramfolks-whisky-auction.com\/fr\/product\/slyr-crocodile-toasting\/","name":"Slyrs - Crocodile Toasting 12 yo - Dramfolks Whisky Auction","isPartOf":{"@id":"https:\/\/www.dramfolks-whisky-auction.com\/fr\/#website"},"primaryImageOfPage":{"@id":"https:\/\/www.dramfolks-whisky-auction.com\/fr\/product\/slyr-crocodile-toasting\/#primaryimage"},"image":{"@id":"https:\/\/www.dramfolks-whisky-auction.com\/fr\/product\/slyr-crocodile-toasting\/#primaryimage"},"thumbnailUrl":"https:\/\/www.dramfolks-whisky-auction.com\/wp-content\/uploads\/2022\/12\/Slyrs-Crocodile-Toasted-vorne-scaled.jpg","datePublished":"2022-12-23T19:44:57+00:00","dateModified":"2023-04-01T14:37:21+00:00","breadcrumb":{"@id":"https:\/\/www.dramfolks-whisky-auction.com\/fr\/product\/slyr-crocodile-toasting\/#breadcrumb"},"inLanguage":"fr-FR","potentialAction":[{"@type":"ReadAction","target":["https:\/\/www.dramfolks-whisky-auction.com\/fr\/product\/slyr-crocodile-toasting\/"]}]},{"@type":"ImageObject","inLanguage":"fr-FR","@id":"https:\/\/www.dramfolks-whisky-auction.com\/fr\/product\/slyr-crocodile-toasting\/#primaryimage","url":"https:\/\/www.dramfolks-whisky-auction.com\/wp-content\/uploads\/2022\/12\/Slyrs-Crocodile-Toasted-vorne-scaled.jpg","contentUrl":"https:\/\/www.dramfolks-whisky-auction.com\/wp-content\/uploads\/2022\/12\/Slyrs-Crocodile-Toasted-vorne-scaled.jpg","width":2560,"height":2560},{"@type":"BreadcrumbList","@id":"https:\/\/www.dramfolks-whisky-auction.com\/fr\/product\/slyr-crocodile-toasting\/#breadcrumb","itemListElement":[{"@type":"ListItem","position":1,"name":"Startseite","item":"https:\/\/www.dramfolks-whisky-auction.com\/fr\/"},{"@type":"ListItem","position":2,"name":"Boutique","item":"https:\/\/www.dramfolks-whisky-auction.com\/fr\/boutique\/"},{"@type":"ListItem","position":3,"name":"Slyrs &#8211; Crocodile Toasting 12 yo"}]},{"@type":"WebSite","@id":"https:\/\/www.dramfolks-whisky-auction.com\/fr\/#website","url":"https:\/\/www.dramfolks-whisky-auction.com\/fr\/","name":"Dramfolks Whisky Auction","description":"","potentialAction":[{"@type":"SearchAction","target":{"@type":"EntryPoint","urlTemplate":"https:\/\/www.dramfolks-whisky-auction.com\/fr\/?s={search_term_string}"},"query-input":{"@type":"PropertyValueSpecification","valueRequired":true,"valueName":"search_term_string"}}],"inLanguage":"fr-FR"}]}},"_links":{"self":[{"href":"https:\/\/www.dramfolks-whisky-auction.com\/fr\/wp-json\/wp\/v2\/product\/1121","targetHints":{"allow":["GET"]}}],"collection":[{"href":"https:\/\/www.dramfolks-whisky-auction.com\/fr\/wp-json\/wp\/v2\/product"}],"about":[{"href":"https:\/\/www.dramfolks-whisky-auction.com\/fr\/wp-json\/wp\/v2\/types\/product"}],"replies":[{"embeddable":true,"href":"https:\/\/www.dramfolks-whisky-auction.com\/fr\/wp-json\/wp\/v2\/comments?post=1121"}],"wp:featuredmedia":[{"embeddable":true,"href":"https:\/\/www.dramfolks-whisky-auction.com\/fr\/wp-json\/wp\/v2\/media\/1122"}],"wp:attachment":[{"href":"https:\/\/www.dramfolks-whisky-auction.com\/fr\/wp-json\/wp\/v2\/media?parent=1121"}],"wp:term":[{"taxonomy":"product_brand","embeddable":true,"href":"https:\/\/www.dramfolks-whisky-auction.com\/fr\/wp-json\/wp\/v2\/product_brand?post=1121"},{"taxonomy":"product_cat","embeddable":true,"href":"https:\/\/www.dramfolks-whisky-auction.com\/fr\/wp-json\/wp\/v2\/product_cat?post=1121"},{"taxonomy":"product_tag","embeddable":true,"href":"https:\/\/www.dramfolks-whisky-auction.com\/fr\/wp-json\/wp\/v2\/product_tag?post=1121"}],"curies":[{"name":"wp","href":"https:\/\/api.w.org\/{rel}","templated":true}]}}