{"id":1022,"date":"2022-12-18T19:50:48","date_gmt":"2022-12-18T18:50:48","guid":{"rendered":"https:\/\/www.dramfolks-whisky-auction.com\/?post_type=product&#038;p=1022"},"modified":"2023-03-26T10:31:22","modified_gmt":"2023-03-26T08:31:22","slug":"lagavulin-offerman-edition-11yo-charred-oak-third-edition","status":"publish","type":"product","link":"https:\/\/www.dramfolks-whisky-auction.com\/fr\/product\/lagavulin-offerman-edition-11yo-charred-oak-third-edition\/","title":{"rendered":"Lagavulin &#8211; Offerman Edition 11yo Charred Oak (Third Edition)"},"content":{"rendered":"<p><strong>Destille: Lagavulin<\/strong><br \/>\nDie Lagavulin Distillery ist eine Malt Whisky Destillerie im Dorf \u00ab\u00a0Lagavulin\u00a0\u00bb, im S\u00fcden der Insel Islay auf Schottland. Lagavulin, ausgesprochen Lagga-voulin, kommt aus dem G\u00e4lischen und bedeutet in etwa: &lsquo;Senke, in der die M\u00fchle steht&rsquo;. Lagavulin kann von sich behaupten, eine der \u00e4ltesten Brennereien Schottlands zu sein. Aufzeichnungen zeigen, dass bereits 1742 illegal destilliert wurde. Als offizielles Gr\u00fcndungsjahr gilt 1816, als John Jonston und Archibald Campbell die Destillerie gr\u00fcndeten. Heute ist sie im Besitz des weltgr\u00f6\u00dften Spirituosen- und Whiskykonzerns Diageo und hat eine j\u00e4hrliche Produktionsmenge von ca. 1,5 Mio. Litern. Die Wasserquelle der Brennerei ist der Lochan Sholum, der 200m \u00fcber dem Meeresspiegel liegt. Dessen Wasser flie\u00dft den Hang hinunter und verhilft dem Whisky zu seinem unverwechselbaren (torfigen) Geschmack.<\/p>\n<p><strong>Fun fact:<\/strong> Lagavulin und Laphroaig sind keine Freunde&#8230; Im 19. Jahrhunderts kam es, durch Sir Peter Mackie (dem Stillman von Lagavulin), mit der benachbarten Laphroaig Destillerie zu zahlreichen Rechtsstreitigkeiten. Durch die wachsende Beliebtheit von Laphroaig wollte Peter Mackie den Whisky \u00ab\u00a0kopieren\u00a0\u00bb und Laphroaig aus dem Markt dr\u00e4ngen. Die Versuche schlugen allerdings fehl, da die Wasser- und Torfunterschiede der beiden Brennereien, den entstandenen Whisky stark voneinander unterschieden. Netter Versuch Peter&#8230;<\/p>\n<p><strong>Whisky\/Whiskey: Offerman Edition &#8211; 11yo Charred Oak (Third Edition)<\/strong><br \/>\nDie Lagavulin Offerman Editions umfassen derzeit 3 Editionen. Sie entstanden in Zusammenarbeit mit dem bekannten US-Amerikanischen Schauspieler Nick Offerman (bekannt aus der Serie \u00ab\u00a0Parks and Recreation\u00a0\u00bb) und der Islay Brennerei. Der dritte Whisky in der Offerman Edition-Serie, Charred Oak Cask, wird in amerikanischen und europ\u00e4ischen Eichenf\u00e4ssern gereift, wobei das Innere der F\u00e4sser abgeschliffen und erneut stark ausgebrannt wurde, bevor das Liquid dieser Edition f\u00fcr 11 Jahre darin reifen durfte. Dies soll die perfekte Kombination f\u00fcr ein leicht angebratenes Ribeye-Steak a la Ron Swanson \u00e4h Nick Offerman sein.<\/p>\n<p><strong>Info Flaschen Qualit\u00e4t:<\/strong> Exzellent &#8211; ohne Besch\u00e4digungen \/ <strong>F\u00fcllstand:<\/strong> Into neck<br \/>\n<strong>Info Box Qualit\u00e4t:<\/strong> Very good &#8211; mit minimale Abnutzungen an den Ecken oben (siehe Bilder)<\/p>\n<p><strong>Wichtiger Hinweis:<\/strong> Die Bewertung der Flaschen und Boxen erfolgt nach \u201ebesten Wissen und Gewissen\u201c. dramfolks kann keine Gew\u00e4hrleistung f\u00fcr den Inhalt der Flaschen \u00fcbernehmen. Weitere Infos &amp; Hinweise finden Sie in unseren AGBs. Wir empfehlen Ihnen, vor der Abgabe von Geboten \u00fcber die Zoomfunktion eine Besichtigung \/ genaue Pr\u00fcfung des angebotenen Whiskys vorzunehmen. Bitte kontaktieren sie uns bei Fragen direkt unter info@dramfolks.com<\/p>\n","protected":false},"excerpt":{"rendered":"<p>Destille: Lagavulin Die Lagavulin Distillery ist eine Malt Whisky Destillerie im Dorf \u00ab\u00a0Lagavulin\u00a0\u00bb, im S\u00fcden der Insel Islay auf Schottland. Lagavulin, ausgesprochen Lagga-voulin, kommt aus dem G\u00e4lischen und bedeutet in etwa: &lsquo;Senke, in der die M\u00fchle steht&rsquo;. Lagavulin kann von sich behaupten, eine der \u00e4ltesten Brennereien Schottlands zu sein. Aufzeichnungen zeigen, dass bereits 1742 illegal[&#8230;]\n","protected":false},"featured_media":1023,"comment_status":"closed","ping_status":"closed","template":"","meta":[],"product_brand":[],"product_cat":[80],"product_tag":[],"class_list":{"0":"post-1022","1":"product","2":"type-product","3":"status-publish","4":"has-post-thumbnail","6":"product_cat-no-1","8":"first","9":"instock","10":"shipping-taxable","11":"purchasable","12":"product-type-auction"},"yoast_head":"<!-- This site is optimized with the Yoast SEO plugin v27.4 - https:\/\/yoast.com\/product\/yoast-seo-wordpress\/ -->\n<title>Lagavulin - Offerman Edition 11yo Charred Oak (Third Edition) - Dramfolks Whisky Auction<\/title>\n<meta name=\"robots\" content=\"index, follow, max-snippet:-1, max-image-preview:large, max-video-preview:-1\" \/>\n<link rel=\"canonical\" href=\"https:\/\/www.dramfolks-whisky-auction.com\/fr\/product\/lagavulin-offerman-edition-11yo-charred-oak-third-edition\/\" \/>\n<meta property=\"og:locale\" content=\"fr_FR\" \/>\n<meta property=\"og:type\" content=\"article\" \/>\n<meta property=\"og:title\" content=\"Lagavulin - Offerman Edition 11yo Charred Oak (Third Edition) - Dramfolks Whisky Auction\" \/>\n<meta property=\"og:description\" content=\"Destille: Lagavulin Die Lagavulin Distillery ist eine Malt Whisky Destillerie im Dorf \u00ab\u00a0Lagavulin\u00a0\u00bb, im S\u00fcden der Insel Islay auf Schottland. Lagavulin, ausgesprochen Lagga-voulin, kommt aus dem G\u00e4lischen und bedeutet in etwa: &lsquo;Senke, in der die M\u00fchle steht&rsquo;. Lagavulin kann von sich behaupten, eine der \u00e4ltesten Brennereien Schottlands zu sein. Aufzeichnungen zeigen, dass bereits 1742 illegal[...]\" \/>\n<meta property=\"og:url\" content=\"https:\/\/www.dramfolks-whisky-auction.com\/fr\/product\/lagavulin-offerman-edition-11yo-charred-oak-third-edition\/\" \/>\n<meta property=\"og:site_name\" content=\"Dramfolks Whisky Auction\" \/>\n<meta property=\"article:modified_time\" content=\"2023-03-26T08:31:22+00:00\" \/>\n<meta property=\"og:image\" content=\"https:\/\/www.dramfolks-whisky-auction.com\/wp-content\/uploads\/2022\/12\/DSC_0088-scaled.jpg\" \/>\n\t<meta property=\"og:image:width\" content=\"2560\" \/>\n\t<meta property=\"og:image:height\" content=\"2560\" \/>\n\t<meta property=\"og:image:type\" content=\"image\/jpeg\" \/>\n<meta name=\"twitter:card\" content=\"summary_large_image\" \/>\n<meta name=\"twitter:label1\" content=\"Dur\u00e9e de lecture estim\u00e9e\" \/>\n\t<meta name=\"twitter:data1\" content=\"3 minutes\" \/>\n<script type=\"application\/ld+json\" class=\"yoast-schema-graph\">{\"@context\":\"https:\\\/\\\/schema.org\",\"@graph\":[{\"@type\":\"WebPage\",\"@id\":\"https:\\\/\\\/www.dramfolks-whisky-auction.com\\\/fr\\\/product\\\/lagavulin-offerman-edition-11yo-charred-oak-third-edition\\\/\",\"url\":\"https:\\\/\\\/www.dramfolks-whisky-auction.com\\\/fr\\\/product\\\/lagavulin-offerman-edition-11yo-charred-oak-third-edition\\\/\",\"name\":\"Lagavulin - Offerman Edition 11yo Charred Oak (Third Edition) - Dramfolks Whisky Auction\",\"isPartOf\":{\"@id\":\"https:\\\/\\\/www.dramfolks-whisky-auction.com\\\/fr\\\/#website\"},\"primaryImageOfPage\":{\"@id\":\"https:\\\/\\\/www.dramfolks-whisky-auction.com\\\/fr\\\/product\\\/lagavulin-offerman-edition-11yo-charred-oak-third-edition\\\/#primaryimage\"},\"image\":{\"@id\":\"https:\\\/\\\/www.dramfolks-whisky-auction.com\\\/fr\\\/product\\\/lagavulin-offerman-edition-11yo-charred-oak-third-edition\\\/#primaryimage\"},\"thumbnailUrl\":\"https:\\\/\\\/www.dramfolks-whisky-auction.com\\\/wp-content\\\/uploads\\\/2022\\\/12\\\/DSC_0088-scaled.jpg\",\"datePublished\":\"2022-12-18T18:50:48+00:00\",\"dateModified\":\"2023-03-26T08:31:22+00:00\",\"breadcrumb\":{\"@id\":\"https:\\\/\\\/www.dramfolks-whisky-auction.com\\\/fr\\\/product\\\/lagavulin-offerman-edition-11yo-charred-oak-third-edition\\\/#breadcrumb\"},\"inLanguage\":\"fr-FR\",\"potentialAction\":[{\"@type\":\"ReadAction\",\"target\":[\"https:\\\/\\\/www.dramfolks-whisky-auction.com\\\/fr\\\/product\\\/lagavulin-offerman-edition-11yo-charred-oak-third-edition\\\/\"]}]},{\"@type\":\"ImageObject\",\"inLanguage\":\"fr-FR\",\"@id\":\"https:\\\/\\\/www.dramfolks-whisky-auction.com\\\/fr\\\/product\\\/lagavulin-offerman-edition-11yo-charred-oak-third-edition\\\/#primaryimage\",\"url\":\"https:\\\/\\\/www.dramfolks-whisky-auction.com\\\/wp-content\\\/uploads\\\/2022\\\/12\\\/DSC_0088-scaled.jpg\",\"contentUrl\":\"https:\\\/\\\/www.dramfolks-whisky-auction.com\\\/wp-content\\\/uploads\\\/2022\\\/12\\\/DSC_0088-scaled.jpg\",\"width\":2560,\"height\":2560},{\"@type\":\"BreadcrumbList\",\"@id\":\"https:\\\/\\\/www.dramfolks-whisky-auction.com\\\/fr\\\/product\\\/lagavulin-offerman-edition-11yo-charred-oak-third-edition\\\/#breadcrumb\",\"itemListElement\":[{\"@type\":\"ListItem\",\"position\":1,\"name\":\"Startseite\",\"item\":\"https:\\\/\\\/www.dramfolks-whisky-auction.com\\\/fr\\\/\"},{\"@type\":\"ListItem\",\"position\":2,\"name\":\"Boutique\",\"item\":\"https:\\\/\\\/www.dramfolks-whisky-auction.com\\\/fr\\\/boutique\\\/\"},{\"@type\":\"ListItem\",\"position\":3,\"name\":\"Lagavulin &#8211; Offerman Edition 11yo Charred Oak (Third Edition)\"}]},{\"@type\":\"WebSite\",\"@id\":\"https:\\\/\\\/www.dramfolks-whisky-auction.com\\\/fr\\\/#website\",\"url\":\"https:\\\/\\\/www.dramfolks-whisky-auction.com\\\/fr\\\/\",\"name\":\"Dramfolks Whisky Auction\",\"description\":\"\",\"potentialAction\":[{\"@type\":\"SearchAction\",\"target\":{\"@type\":\"EntryPoint\",\"urlTemplate\":\"https:\\\/\\\/www.dramfolks-whisky-auction.com\\\/fr\\\/?s={search_term_string}\"},\"query-input\":{\"@type\":\"PropertyValueSpecification\",\"valueRequired\":true,\"valueName\":\"search_term_string\"}}],\"inLanguage\":\"fr-FR\"}]}<\/script>\n<!-- \/ Yoast SEO plugin. -->","yoast_head_json":{"title":"Lagavulin - Offerman Edition 11yo Charred Oak (Third Edition) - Dramfolks Whisky Auction","robots":{"index":"index","follow":"follow","max-snippet":"max-snippet:-1","max-image-preview":"max-image-preview:large","max-video-preview":"max-video-preview:-1"},"canonical":"https:\/\/www.dramfolks-whisky-auction.com\/fr\/product\/lagavulin-offerman-edition-11yo-charred-oak-third-edition\/","og_locale":"fr_FR","og_type":"article","og_title":"Lagavulin - Offerman Edition 11yo Charred Oak (Third Edition) - Dramfolks Whisky Auction","og_description":"Destille: Lagavulin Die Lagavulin Distillery ist eine Malt Whisky Destillerie im Dorf \u00ab\u00a0Lagavulin\u00a0\u00bb, im S\u00fcden der Insel Islay auf Schottland. Lagavulin, ausgesprochen Lagga-voulin, kommt aus dem G\u00e4lischen und bedeutet in etwa: &lsquo;Senke, in der die M\u00fchle steht&rsquo;. Lagavulin kann von sich behaupten, eine der \u00e4ltesten Brennereien Schottlands zu sein. Aufzeichnungen zeigen, dass bereits 1742 illegal[...]","og_url":"https:\/\/www.dramfolks-whisky-auction.com\/fr\/product\/lagavulin-offerman-edition-11yo-charred-oak-third-edition\/","og_site_name":"Dramfolks Whisky Auction","article_modified_time":"2023-03-26T08:31:22+00:00","og_image":[{"width":2560,"height":2560,"url":"https:\/\/www.dramfolks-whisky-auction.com\/wp-content\/uploads\/2022\/12\/DSC_0088-scaled.jpg","type":"image\/jpeg"}],"twitter_card":"summary_large_image","twitter_misc":{"Dur\u00e9e de lecture estim\u00e9e":"3 minutes"},"schema":{"@context":"https:\/\/schema.org","@graph":[{"@type":"WebPage","@id":"https:\/\/www.dramfolks-whisky-auction.com\/fr\/product\/lagavulin-offerman-edition-11yo-charred-oak-third-edition\/","url":"https:\/\/www.dramfolks-whisky-auction.com\/fr\/product\/lagavulin-offerman-edition-11yo-charred-oak-third-edition\/","name":"Lagavulin - Offerman Edition 11yo Charred Oak (Third Edition) - Dramfolks Whisky Auction","isPartOf":{"@id":"https:\/\/www.dramfolks-whisky-auction.com\/fr\/#website"},"primaryImageOfPage":{"@id":"https:\/\/www.dramfolks-whisky-auction.com\/fr\/product\/lagavulin-offerman-edition-11yo-charred-oak-third-edition\/#primaryimage"},"image":{"@id":"https:\/\/www.dramfolks-whisky-auction.com\/fr\/product\/lagavulin-offerman-edition-11yo-charred-oak-third-edition\/#primaryimage"},"thumbnailUrl":"https:\/\/www.dramfolks-whisky-auction.com\/wp-content\/uploads\/2022\/12\/DSC_0088-scaled.jpg","datePublished":"2022-12-18T18:50:48+00:00","dateModified":"2023-03-26T08:31:22+00:00","breadcrumb":{"@id":"https:\/\/www.dramfolks-whisky-auction.com\/fr\/product\/lagavulin-offerman-edition-11yo-charred-oak-third-edition\/#breadcrumb"},"inLanguage":"fr-FR","potentialAction":[{"@type":"ReadAction","target":["https:\/\/www.dramfolks-whisky-auction.com\/fr\/product\/lagavulin-offerman-edition-11yo-charred-oak-third-edition\/"]}]},{"@type":"ImageObject","inLanguage":"fr-FR","@id":"https:\/\/www.dramfolks-whisky-auction.com\/fr\/product\/lagavulin-offerman-edition-11yo-charred-oak-third-edition\/#primaryimage","url":"https:\/\/www.dramfolks-whisky-auction.com\/wp-content\/uploads\/2022\/12\/DSC_0088-scaled.jpg","contentUrl":"https:\/\/www.dramfolks-whisky-auction.com\/wp-content\/uploads\/2022\/12\/DSC_0088-scaled.jpg","width":2560,"height":2560},{"@type":"BreadcrumbList","@id":"https:\/\/www.dramfolks-whisky-auction.com\/fr\/product\/lagavulin-offerman-edition-11yo-charred-oak-third-edition\/#breadcrumb","itemListElement":[{"@type":"ListItem","position":1,"name":"Startseite","item":"https:\/\/www.dramfolks-whisky-auction.com\/fr\/"},{"@type":"ListItem","position":2,"name":"Boutique","item":"https:\/\/www.dramfolks-whisky-auction.com\/fr\/boutique\/"},{"@type":"ListItem","position":3,"name":"Lagavulin &#8211; Offerman Edition 11yo Charred Oak (Third Edition)"}]},{"@type":"WebSite","@id":"https:\/\/www.dramfolks-whisky-auction.com\/fr\/#website","url":"https:\/\/www.dramfolks-whisky-auction.com\/fr\/","name":"Dramfolks Whisky Auction","description":"","potentialAction":[{"@type":"SearchAction","target":{"@type":"EntryPoint","urlTemplate":"https:\/\/www.dramfolks-whisky-auction.com\/fr\/?s={search_term_string}"},"query-input":{"@type":"PropertyValueSpecification","valueRequired":true,"valueName":"search_term_string"}}],"inLanguage":"fr-FR"}]}},"_links":{"self":[{"href":"https:\/\/www.dramfolks-whisky-auction.com\/fr\/wp-json\/wp\/v2\/product\/1022","targetHints":{"allow":["GET"]}}],"collection":[{"href":"https:\/\/www.dramfolks-whisky-auction.com\/fr\/wp-json\/wp\/v2\/product"}],"about":[{"href":"https:\/\/www.dramfolks-whisky-auction.com\/fr\/wp-json\/wp\/v2\/types\/product"}],"replies":[{"embeddable":true,"href":"https:\/\/www.dramfolks-whisky-auction.com\/fr\/wp-json\/wp\/v2\/comments?post=1022"}],"wp:featuredmedia":[{"embeddable":true,"href":"https:\/\/www.dramfolks-whisky-auction.com\/fr\/wp-json\/wp\/v2\/media\/1023"}],"wp:attachment":[{"href":"https:\/\/www.dramfolks-whisky-auction.com\/fr\/wp-json\/wp\/v2\/media?parent=1022"}],"wp:term":[{"taxonomy":"product_brand","embeddable":true,"href":"https:\/\/www.dramfolks-whisky-auction.com\/fr\/wp-json\/wp\/v2\/product_brand?post=1022"},{"taxonomy":"product_cat","embeddable":true,"href":"https:\/\/www.dramfolks-whisky-auction.com\/fr\/wp-json\/wp\/v2\/product_cat?post=1022"},{"taxonomy":"product_tag","embeddable":true,"href":"https:\/\/www.dramfolks-whisky-auction.com\/fr\/wp-json\/wp\/v2\/product_tag?post=1022"}],"curies":[{"name":"wp","href":"https:\/\/api.w.org\/{rel}","templated":true}]}}