{"id":858974,"date":"2024-11-08T20:48:58","date_gmt":"2024-11-08T19:48:58","guid":{"rendered":"https:\/\/www.dramfolks-whisky-auction.com\/?post_type=product&#038;p=858974"},"modified":"2024-12-04T20:35:13","modified_gmt":"2024-12-04T19:35:13","slug":"steinwaelder-hausbrennerei-schraml-stonewood-dra-doublewood-one-family-stock-edition-1-2","status":"publish","type":"product","link":"https:\/\/www.dramfolks-whisky-auction.com\/en\/product\/steinwaelder-hausbrennerei-schraml-stonewood-dra-doublewood-one-family-stock-edition-1-2\/","title":{"rendered":"Steinw\u00e4lder Hausbrennerei Schraml &#8211; Stonewood Dr\u00e0 Doublewood One (Family Stock Edition 1)"},"content":{"rendered":"<p><strong>Destille: Steinw\u00e4lder Hausbrennerei Schraml<br \/>\n<\/strong><\/p>\n<p>Die Steinw\u00e4lder Hausbrennerei Schraml ist eine traditionsreiche Handwerks-Brennerei aus dem bayerischen Erbendorf, am Naturpark Steinwald gelegen. Herz und Wesen des Familienbetriebes liegen seit jeher in der Entwicklung und der Herstellung au\u00dfergew\u00f6hnlicher Br\u00e4nde, Geiste und Lik\u00f6re. Fachleute halten die Whiskybrennerei Schraml f\u00fcr die \u00e4lteste in Deutschland. Gregor Schraml ist kein Freund solcher absoluten Aussagen. Gesichert ist: Der 48-J\u00e4hrige f\u00fchrt den Betrieb in der sechsten Generation, seit er von Johann Baptist Schraml gegr\u00fcndet wurde. Das Spektrum ihres Handwerks ist ein Abbild der Erfahrung und \u00dcberlieferung einer 200-j\u00e4hrigen Brenntradition, die sich in jeder Generation durch Ausbildung und Ideenreichtum erneuert und erweitert. Eines haben alle Produkte gemeinsam: sie sind mit Sorgfalt und Hingabe erdacht und hergestellt. Und sie machen keine Kompromisse \u2013 und machen alles selbst! Zahlreiche internationale Auszeichnungen f\u00fcr die Schraml-Produkte in den letzten Jahren best\u00e4tigen dies eindrucksvoll.<\/p>\n<p><strong>Fun Fact: <\/strong>Heute hat der Stonewood einen weltweit &#8220;exklusiven&#8221; Ruf. Aber &#8220;Touch des Exklusiven&#8221;? Alois Schraml (der Vater von Gregor) h\u00e4tte schallend gelacht, w\u00e4re ihm vor Jahren jemand mit so einem Satz gekommen. Der 77-J\u00e4hrige hat seine eigenen Erfahrungen gemacht. Schon in den F\u00fcnfzigern versuchte er, den damals wie heute identisch gleichen Kornbrand als Steinwald-Whisky auf den Markt zu bringen. Die Idee floppte im Nachkriegsdeutschland, in dem ein Whisky aus Amerika zu stammen hatte und sonst nirgends; gerade hier, in der N\u00e4he Grafenw\u00f6hrs, dem gr\u00f6\u00dften US-Truppen\u00fcbungsplatz in Europa. Der Steinwald-Whisky wurde also wieder zum &#8220;Bauernkorn&#8221; degradiert, zuletzt f\u00fcr 25 Euro die Flasche. Ein Draufzahlgesch\u00e4ft.<\/p>\n<p><strong>Whisky\/Whiskey: Stonewood Dr\u00e0 &#8211; Doublewood One (Family Stock Edition 1)<br \/>\n<\/strong><\/p>\n<p>Die Schramls entwickeln ihre Whiskys durch Reifung in anderen H\u00f6lzern konsequent weiter. In kleinen aber feinen Auflagen. Diesen Schatz der limitierten Auflagen nennen sie &#8220;Family Stock&#8221;. Jede Auflage erscheint als eine seiner eigenen Edition. Der Stonewood Dr\u00e0 Doublewood One aus dem Family Stock (Edition 1) ist durch eine doppelte Lagerung des Single Malt Whiskys &#8220;Stonewood Dr\u00e0 (5y)&#8221; entstanden. Die erste Reifung erfolgte in amerikanischer Weisseiche (5 Jahre) und die zweite &#8220;Veredelung&#8221; erfolgte dann in zwei Sherry-Oloroso-F\u00e4ssern aus Jerez mit jeweils 500 Litern Volumen (weitere 3 Jahre). Die Abf\u00fcllung in 1.340 Flaschen erfolgte im Oktober 2022. Die hier angebotene Flasche hat die Bottle No.933.<\/p>\n<p><strong>Info Qualit\u00e4t der Flasche:<\/strong> Exzellent ohne Besch\u00e4digungen \/ <strong>F\u00fcllstand:<\/strong> Top shoulder<br \/>\n<strong>Info Qualit\u00e4t der Box:<\/strong> Exzellent ohne Besch\u00e4digungen<\/p>\n<p><strong>Wichtiger Hinweis: <\/strong>Die Bewertung der Flaschen und Boxen erfolgt nach \u201ebesten Wissen und Gewissen\u201c. dramfolks kann keine Gew\u00e4hrleistung f\u00fcr den Inhalt der Flaschen \u00fcbernehmen. Weitere Infos &amp; Hinweise finden Sie in unseren AGBs. Wir empfehlen Ihnen, vor der Abgabe von Geboten \u00fcber die Zoomfunktion eine Besichtigung \/ genaue Pr\u00fcfung des angebotenen Whiskys vorzunehmen. Bitte kontaktieren sie uns bei Fragen direkt unter info@dramfolks.com<\/p>\n","protected":false},"excerpt":{"rendered":"<p>Destille: Steinw\u00e4lder Hausbrennerei Schraml Die Steinw\u00e4lder Hausbrennerei Schraml ist eine traditionsreiche Handwerks-Brennerei aus dem bayerischen Erbendorf, am Naturpark Steinwald gelegen. Herz und Wesen des Familienbetriebes liegen seit jeher in der Entwicklung und der Herstellung au\u00dfergew\u00f6hnlicher Br\u00e4nde, Geiste und Lik\u00f6re. Fachleute halten die Whiskybrennerei Schraml f\u00fcr die \u00e4lteste in Deutschland. Gregor Schraml ist kein Freund solcher[&#8230;]\n","protected":false},"featured_media":858975,"comment_status":"closed","ping_status":"closed","template":"","meta":[],"product_brand":[],"product_cat":[981],"product_tag":[],"class_list":{"0":"post-858974","1":"product","2":"type-product","3":"status-publish","4":"has-post-thumbnail","6":"product_cat-no-14","8":"first","9":"instock","10":"shipping-taxable","11":"purchasable","12":"product-type-auction"},"yoast_head":"<!-- This site is optimized with the Yoast SEO plugin v27.4 - https:\/\/yoast.com\/product\/yoast-seo-wordpress\/ -->\n<title>Steinw\u00e4lder Hausbrennerei Schraml - Stonewood Dr\u00e0 Doublewood One (Family Stock Edition 1) - Dramfolks Whisky Auction<\/title>\n<meta name=\"robots\" content=\"index, follow, max-snippet:-1, max-image-preview:large, max-video-preview:-1\" \/>\n<link rel=\"canonical\" href=\"https:\/\/www.dramfolks-whisky-auction.com\/en\/product\/steinwaelder-hausbrennerei-schraml-stonewood-dra-doublewood-one-family-stock-edition-1-2\/\" \/>\n<meta property=\"og:locale\" content=\"en_US\" \/>\n<meta property=\"og:type\" content=\"article\" \/>\n<meta property=\"og:title\" content=\"Steinw\u00e4lder Hausbrennerei Schraml - Stonewood Dr\u00e0 Doublewood One (Family Stock Edition 1) - Dramfolks Whisky Auction\" \/>\n<meta property=\"og:description\" content=\"Destille: Steinw\u00e4lder Hausbrennerei Schraml Die Steinw\u00e4lder Hausbrennerei Schraml ist eine traditionsreiche Handwerks-Brennerei aus dem bayerischen Erbendorf, am Naturpark Steinwald gelegen. Herz und Wesen des Familienbetriebes liegen seit jeher in der Entwicklung und der Herstellung au\u00dfergew\u00f6hnlicher Br\u00e4nde, Geiste und Lik\u00f6re. Fachleute halten die Whiskybrennerei Schraml f\u00fcr die \u00e4lteste in Deutschland. Gregor Schraml ist kein Freund solcher[...]\" \/>\n<meta property=\"og:url\" content=\"https:\/\/www.dramfolks-whisky-auction.com\/en\/product\/steinwaelder-hausbrennerei-schraml-stonewood-dra-doublewood-one-family-stock-edition-1-2\/\" \/>\n<meta property=\"og:site_name\" content=\"Dramfolks Whisky Auction\" \/>\n<meta property=\"article:modified_time\" content=\"2024-12-04T19:35:13+00:00\" \/>\n<meta property=\"og:image\" content=\"https:\/\/www.dramfolks-whisky-auction.com\/wp-content\/uploads\/2024\/11\/Stonewood-vorne-scaled.jpg\" \/>\n\t<meta property=\"og:image:width\" content=\"2560\" \/>\n\t<meta property=\"og:image:height\" content=\"2560\" \/>\n\t<meta property=\"og:image:type\" content=\"image\/jpeg\" \/>\n<meta name=\"twitter:card\" content=\"summary_large_image\" \/>\n<meta name=\"twitter:label1\" content=\"Est. reading time\" \/>\n\t<meta name=\"twitter:data1\" content=\"3 minutes\" \/>\n<script type=\"application\/ld+json\" class=\"yoast-schema-graph\">{\"@context\":\"https:\\\/\\\/schema.org\",\"@graph\":[{\"@type\":\"WebPage\",\"@id\":\"https:\\\/\\\/www.dramfolks-whisky-auction.com\\\/en\\\/product\\\/steinwaelder-hausbrennerei-schraml-stonewood-dra-doublewood-one-family-stock-edition-1-2\\\/\",\"url\":\"https:\\\/\\\/www.dramfolks-whisky-auction.com\\\/en\\\/product\\\/steinwaelder-hausbrennerei-schraml-stonewood-dra-doublewood-one-family-stock-edition-1-2\\\/\",\"name\":\"Steinw\u00e4lder Hausbrennerei Schraml - Stonewood Dr\u00e0 Doublewood One (Family Stock Edition 1) - Dramfolks Whisky Auction\",\"isPartOf\":{\"@id\":\"https:\\\/\\\/www.dramfolks-whisky-auction.com\\\/en\\\/#website\"},\"primaryImageOfPage\":{\"@id\":\"https:\\\/\\\/www.dramfolks-whisky-auction.com\\\/en\\\/product\\\/steinwaelder-hausbrennerei-schraml-stonewood-dra-doublewood-one-family-stock-edition-1-2\\\/#primaryimage\"},\"image\":{\"@id\":\"https:\\\/\\\/www.dramfolks-whisky-auction.com\\\/en\\\/product\\\/steinwaelder-hausbrennerei-schraml-stonewood-dra-doublewood-one-family-stock-edition-1-2\\\/#primaryimage\"},\"thumbnailUrl\":\"https:\\\/\\\/www.dramfolks-whisky-auction.com\\\/wp-content\\\/uploads\\\/2024\\\/11\\\/Stonewood-vorne-scaled.jpg\",\"datePublished\":\"2024-11-08T19:48:58+00:00\",\"dateModified\":\"2024-12-04T19:35:13+00:00\",\"breadcrumb\":{\"@id\":\"https:\\\/\\\/www.dramfolks-whisky-auction.com\\\/en\\\/product\\\/steinwaelder-hausbrennerei-schraml-stonewood-dra-doublewood-one-family-stock-edition-1-2\\\/#breadcrumb\"},\"inLanguage\":\"en-US\",\"potentialAction\":[{\"@type\":\"ReadAction\",\"target\":[\"https:\\\/\\\/www.dramfolks-whisky-auction.com\\\/en\\\/product\\\/steinwaelder-hausbrennerei-schraml-stonewood-dra-doublewood-one-family-stock-edition-1-2\\\/\"]}]},{\"@type\":\"ImageObject\",\"inLanguage\":\"en-US\",\"@id\":\"https:\\\/\\\/www.dramfolks-whisky-auction.com\\\/en\\\/product\\\/steinwaelder-hausbrennerei-schraml-stonewood-dra-doublewood-one-family-stock-edition-1-2\\\/#primaryimage\",\"url\":\"https:\\\/\\\/www.dramfolks-whisky-auction.com\\\/wp-content\\\/uploads\\\/2024\\\/11\\\/Stonewood-vorne-scaled.jpg\",\"contentUrl\":\"https:\\\/\\\/www.dramfolks-whisky-auction.com\\\/wp-content\\\/uploads\\\/2024\\\/11\\\/Stonewood-vorne-scaled.jpg\",\"width\":2560,\"height\":2560},{\"@type\":\"BreadcrumbList\",\"@id\":\"https:\\\/\\\/www.dramfolks-whisky-auction.com\\\/en\\\/product\\\/steinwaelder-hausbrennerei-schraml-stonewood-dra-doublewood-one-family-stock-edition-1-2\\\/#breadcrumb\",\"itemListElement\":[{\"@type\":\"ListItem\",\"position\":1,\"name\":\"Startseite\",\"item\":\"https:\\\/\\\/www.dramfolks-whisky-auction.com\\\/en\\\/\"},{\"@type\":\"ListItem\",\"position\":2,\"name\":\"Shop\",\"item\":\"https:\\\/\\\/www.dramfolks-whisky-auction.com\\\/en\\\/shop\\\/\"},{\"@type\":\"ListItem\",\"position\":3,\"name\":\"Steinw\u00e4lder Hausbrennerei Schraml &#8211; Stonewood Dr\u00e0 Doublewood One (Family Stock Edition 1)\"}]},{\"@type\":\"WebSite\",\"@id\":\"https:\\\/\\\/www.dramfolks-whisky-auction.com\\\/en\\\/#website\",\"url\":\"https:\\\/\\\/www.dramfolks-whisky-auction.com\\\/en\\\/\",\"name\":\"Dramfolks Whisky Auction\",\"description\":\"\",\"potentialAction\":[{\"@type\":\"SearchAction\",\"target\":{\"@type\":\"EntryPoint\",\"urlTemplate\":\"https:\\\/\\\/www.dramfolks-whisky-auction.com\\\/en\\\/?s={search_term_string}\"},\"query-input\":{\"@type\":\"PropertyValueSpecification\",\"valueRequired\":true,\"valueName\":\"search_term_string\"}}],\"inLanguage\":\"en-US\"}]}<\/script>\n<!-- \/ Yoast SEO plugin. -->","yoast_head_json":{"title":"Steinw\u00e4lder Hausbrennerei Schraml - Stonewood Dr\u00e0 Doublewood One (Family Stock Edition 1) - Dramfolks Whisky Auction","robots":{"index":"index","follow":"follow","max-snippet":"max-snippet:-1","max-image-preview":"max-image-preview:large","max-video-preview":"max-video-preview:-1"},"canonical":"https:\/\/www.dramfolks-whisky-auction.com\/en\/product\/steinwaelder-hausbrennerei-schraml-stonewood-dra-doublewood-one-family-stock-edition-1-2\/","og_locale":"en_US","og_type":"article","og_title":"Steinw\u00e4lder Hausbrennerei Schraml - Stonewood Dr\u00e0 Doublewood One (Family Stock Edition 1) - Dramfolks Whisky Auction","og_description":"Destille: Steinw\u00e4lder Hausbrennerei Schraml Die Steinw\u00e4lder Hausbrennerei Schraml ist eine traditionsreiche Handwerks-Brennerei aus dem bayerischen Erbendorf, am Naturpark Steinwald gelegen. Herz und Wesen des Familienbetriebes liegen seit jeher in der Entwicklung und der Herstellung au\u00dfergew\u00f6hnlicher Br\u00e4nde, Geiste und Lik\u00f6re. Fachleute halten die Whiskybrennerei Schraml f\u00fcr die \u00e4lteste in Deutschland. Gregor Schraml ist kein Freund solcher[...]","og_url":"https:\/\/www.dramfolks-whisky-auction.com\/en\/product\/steinwaelder-hausbrennerei-schraml-stonewood-dra-doublewood-one-family-stock-edition-1-2\/","og_site_name":"Dramfolks Whisky Auction","article_modified_time":"2024-12-04T19:35:13+00:00","og_image":[{"width":2560,"height":2560,"url":"https:\/\/www.dramfolks-whisky-auction.com\/wp-content\/uploads\/2024\/11\/Stonewood-vorne-scaled.jpg","type":"image\/jpeg"}],"twitter_card":"summary_large_image","twitter_misc":{"Est. reading time":"3 minutes"},"schema":{"@context":"https:\/\/schema.org","@graph":[{"@type":"WebPage","@id":"https:\/\/www.dramfolks-whisky-auction.com\/en\/product\/steinwaelder-hausbrennerei-schraml-stonewood-dra-doublewood-one-family-stock-edition-1-2\/","url":"https:\/\/www.dramfolks-whisky-auction.com\/en\/product\/steinwaelder-hausbrennerei-schraml-stonewood-dra-doublewood-one-family-stock-edition-1-2\/","name":"Steinw\u00e4lder Hausbrennerei Schraml - Stonewood Dr\u00e0 Doublewood One (Family Stock Edition 1) - Dramfolks Whisky Auction","isPartOf":{"@id":"https:\/\/www.dramfolks-whisky-auction.com\/en\/#website"},"primaryImageOfPage":{"@id":"https:\/\/www.dramfolks-whisky-auction.com\/en\/product\/steinwaelder-hausbrennerei-schraml-stonewood-dra-doublewood-one-family-stock-edition-1-2\/#primaryimage"},"image":{"@id":"https:\/\/www.dramfolks-whisky-auction.com\/en\/product\/steinwaelder-hausbrennerei-schraml-stonewood-dra-doublewood-one-family-stock-edition-1-2\/#primaryimage"},"thumbnailUrl":"https:\/\/www.dramfolks-whisky-auction.com\/wp-content\/uploads\/2024\/11\/Stonewood-vorne-scaled.jpg","datePublished":"2024-11-08T19:48:58+00:00","dateModified":"2024-12-04T19:35:13+00:00","breadcrumb":{"@id":"https:\/\/www.dramfolks-whisky-auction.com\/en\/product\/steinwaelder-hausbrennerei-schraml-stonewood-dra-doublewood-one-family-stock-edition-1-2\/#breadcrumb"},"inLanguage":"en-US","potentialAction":[{"@type":"ReadAction","target":["https:\/\/www.dramfolks-whisky-auction.com\/en\/product\/steinwaelder-hausbrennerei-schraml-stonewood-dra-doublewood-one-family-stock-edition-1-2\/"]}]},{"@type":"ImageObject","inLanguage":"en-US","@id":"https:\/\/www.dramfolks-whisky-auction.com\/en\/product\/steinwaelder-hausbrennerei-schraml-stonewood-dra-doublewood-one-family-stock-edition-1-2\/#primaryimage","url":"https:\/\/www.dramfolks-whisky-auction.com\/wp-content\/uploads\/2024\/11\/Stonewood-vorne-scaled.jpg","contentUrl":"https:\/\/www.dramfolks-whisky-auction.com\/wp-content\/uploads\/2024\/11\/Stonewood-vorne-scaled.jpg","width":2560,"height":2560},{"@type":"BreadcrumbList","@id":"https:\/\/www.dramfolks-whisky-auction.com\/en\/product\/steinwaelder-hausbrennerei-schraml-stonewood-dra-doublewood-one-family-stock-edition-1-2\/#breadcrumb","itemListElement":[{"@type":"ListItem","position":1,"name":"Startseite","item":"https:\/\/www.dramfolks-whisky-auction.com\/en\/"},{"@type":"ListItem","position":2,"name":"Shop","item":"https:\/\/www.dramfolks-whisky-auction.com\/en\/shop\/"},{"@type":"ListItem","position":3,"name":"Steinw\u00e4lder Hausbrennerei Schraml &#8211; Stonewood Dr\u00e0 Doublewood One (Family Stock Edition 1)"}]},{"@type":"WebSite","@id":"https:\/\/www.dramfolks-whisky-auction.com\/en\/#website","url":"https:\/\/www.dramfolks-whisky-auction.com\/en\/","name":"Dramfolks Whisky Auction","description":"","potentialAction":[{"@type":"SearchAction","target":{"@type":"EntryPoint","urlTemplate":"https:\/\/www.dramfolks-whisky-auction.com\/en\/?s={search_term_string}"},"query-input":{"@type":"PropertyValueSpecification","valueRequired":true,"valueName":"search_term_string"}}],"inLanguage":"en-US"}]}},"_links":{"self":[{"href":"https:\/\/www.dramfolks-whisky-auction.com\/en\/wp-json\/wp\/v2\/product\/858974","targetHints":{"allow":["GET"]}}],"collection":[{"href":"https:\/\/www.dramfolks-whisky-auction.com\/en\/wp-json\/wp\/v2\/product"}],"about":[{"href":"https:\/\/www.dramfolks-whisky-auction.com\/en\/wp-json\/wp\/v2\/types\/product"}],"replies":[{"embeddable":true,"href":"https:\/\/www.dramfolks-whisky-auction.com\/en\/wp-json\/wp\/v2\/comments?post=858974"}],"wp:featuredmedia":[{"embeddable":true,"href":"https:\/\/www.dramfolks-whisky-auction.com\/en\/wp-json\/wp\/v2\/media\/858975"}],"wp:attachment":[{"href":"https:\/\/www.dramfolks-whisky-auction.com\/en\/wp-json\/wp\/v2\/media?parent=858974"}],"wp:term":[{"taxonomy":"product_brand","embeddable":true,"href":"https:\/\/www.dramfolks-whisky-auction.com\/en\/wp-json\/wp\/v2\/product_brand?post=858974"},{"taxonomy":"product_cat","embeddable":true,"href":"https:\/\/www.dramfolks-whisky-auction.com\/en\/wp-json\/wp\/v2\/product_cat?post=858974"},{"taxonomy":"product_tag","embeddable":true,"href":"https:\/\/www.dramfolks-whisky-auction.com\/en\/wp-json\/wp\/v2\/product_tag?post=858974"}],"curies":[{"name":"wp","href":"https:\/\/api.w.org\/{rel}","templated":true}]}}