{"id":846649,"date":"2024-11-08T08:51:00","date_gmt":"2024-11-08T07:51:00","guid":{"rendered":"https:\/\/www.dramfolks-whisky-auction.com\/?post_type=product&#038;p=846649"},"modified":"2024-11-24T19:15:09","modified_gmt":"2024-11-24T18:15:09","slug":"glentauchers-1991-2007-gordon-macphail-12","status":"publish","type":"product","link":"https:\/\/www.dramfolks-whisky-auction.com\/en\/product\/glentauchers-1991-2007-gordon-macphail-12\/","title":{"rendered":"Glentauchers &#8211; 1991 \/ 2007 (Gordon &#038; MacPhail)"},"content":{"rendered":"<p><strong>Destille: Glentauchers<br \/>\n<\/strong>Glentauchers Distillery ist eine schottische Whiskybrennerei aus der Speyside. Glentauchers war ein weiteres Mitglied der &#8220;1890er Jahre-Bande&#8221; und wurde 1898 von James Buchanan &amp; Co. gegr\u00fcndet, um F\u00fcllungen f\u00fcr seine Buchanan&#8217;s- und Black &amp; White-Mischungen bereitzustellen. Das heutige Geb\u00e4ude von Glentauchers wurde damals von John Alcock entworfen und von Charles Doig &amp; Son (einer der Architekten der schottischen Whiskywelt) \u00fcberwacht. Glentauchers ist eine der vielen Destillerien, die Anfang der 1980er Jahre unter dem Nachfrageeinbruch litten und 1985 geschlossen wurden. \u00dcberraschend zu der damaligen Zeit wurde Glentauchers 1989 von einem direkten Konkurrenten von Diageo, Allied Distillers, aufgekauft. Daher sind Malts aus dieser Destillerie eher selten und schwierig zu haben. Erst im Jahr 2000 wurde eine offizielle Abf\u00fcllung (ein 15 Jahre alter Whisky) ver\u00f6ffentlicht. Aktuelles j\u00e4hrliches Produktionsvolumen: 4,5 Mio. Liter.<\/p>\n<p><strong>Fun Fakt: <\/strong>Glentauchers geh\u00f6rte auch zu den Destillerien, die das entstehende Schienennetz rund um Schottland nutzten und ihre eigenen spezifischen Eisenbahnanschl\u00fcsse in die Brennerei bauten. Der &#8220;Weiler Tauchers&#8221; wurde bis 1964 vom Bahnhof &#8220;Tauchers Platform&#8221; bedient, wobei zeitweise auch ein eigenes G\u00fctergleis direkt zur Brennerei f\u00fchrte. Quasi ein eigener Bahnhof, mit eigenen Schienen direkt in der Brennerei&#8230; wie praktisch!<strong><br \/>\n<\/strong><\/p>\n<p><strong>Whisky\/Whiskey: 1991 \/ 2007 (Gordon &amp; MacPhail)<br \/>\n<\/strong>Aus der sehr seltenen Bottle-Series &#8220;Distillery Labels&#8221; von Gordon &amp; MacPhail kommt dieser tolle Glentauchers. Abgef\u00fcllt 1991 (!) und bottled in 2007&#8230; 16 Jahre Reifung haben ihre Spuren hinterlassen! Laut Gordon &amp; MacPhail soll er anfangs s\u00fc\u00df, mit Birnenzimt- und Kardamonnoten sein und dann am Gaumen mit Chiliw\u00fcrze, s\u00fc\u00dfen Sommerbeeren und cremigem Milchschokoladenrand gl\u00e4nzen.<\/p>\n<div class=\"description-long\"><strong>Sidenote zum Abf\u00fcller:<\/strong> Gordon &amp; MacPhail ist ein unabh\u00e4ngiger Abf\u00fcller und Destillateur von Scotch Whisky, gegr\u00fcndet 1895 mit Sitz in Elgin im Nordosten Schottlands. Es ist ein Familienunternehmen im Besitz der Familie Urquhart. G&amp;M f\u00fcllt seit \u00fcber 115 Jahren Single Malt Whiskys ab, aus rund 70 Destillerien und mit \u00fcber 350 verschiedene Kreationen des Whiskys.<\/div>\n<div><\/div>\n<div class=\"description-long\"><strong>Info Qualit\u00e4t der Flasche:<\/strong> Exzellent &#8211; ohne Besch\u00e4digungen \/ <strong>F\u00fcllstand: <\/strong>Top shoulder<br \/>\n<strong>Info Qualit\u00e4t der Box: <\/strong>Exzellent &#8211; ohne Besch\u00e4digungen<\/div>\n<p><strong>Wichtiger Hinweis:<\/strong> Die Bewertung der Flaschen und Boxen erfolgt nach \u201ebesten Wissen und Gewissen\u201c. dramfolks kann keine Gew\u00e4hrleistung f\u00fcr den Inhalt der Flaschen \u00fcbernehmen. Weitere Infos &amp; Hinweise finden Sie in unseren AGBs. Wir empfehlen Ihnen, vor der Abgabe von Geboten \u00fcber die Zoomfunktion eine Besichtigung \/ genaue Pr\u00fcfung des angebotenen Whiskys vorzunehmen. Bitte kontaktieren sie uns bei Fragen direkt unter info@dramfolks.com<\/p>\n","protected":false},"excerpt":{"rendered":"<p>Destille: Glentauchers Glentauchers Distillery ist eine schottische Whiskybrennerei aus der Speyside. Glentauchers war ein weiteres Mitglied der &#8220;1890er Jahre-Bande&#8221; und wurde 1898 von James Buchanan &amp; Co. gegr\u00fcndet, um F\u00fcllungen f\u00fcr seine Buchanan&#8217;s- und Black &amp; White-Mischungen bereitzustellen. Das heutige Geb\u00e4ude von Glentauchers wurde damals von John Alcock entworfen und von Charles Doig &amp; Son[&#8230;]\n","protected":false},"featured_media":1661,"comment_status":"closed","ping_status":"closed","template":"","meta":[],"product_brand":[],"product_cat":[981],"product_tag":[],"class_list":{"0":"post-846649","1":"product","2":"type-product","3":"status-publish","4":"has-post-thumbnail","6":"product_cat-no-14","8":"first","9":"instock","10":"shipping-taxable","11":"purchasable","12":"product-type-auction"},"yoast_head":"<!-- This site is optimized with the Yoast SEO plugin v27.0 - https:\/\/yoast.com\/product\/yoast-seo-wordpress\/ -->\n<title>Glentauchers - 1991 \/ 2007 (Gordon &amp; MacPhail) - Dramfolks Whisky Auction<\/title>\n<meta name=\"robots\" content=\"index, follow, max-snippet:-1, max-image-preview:large, max-video-preview:-1\" \/>\n<link rel=\"canonical\" href=\"https:\/\/www.dramfolks-whisky-auction.com\/en\/product\/glentauchers-1991-2007-gordon-macphail-12\/\" \/>\n<meta property=\"og:locale\" content=\"en_US\" \/>\n<meta property=\"og:type\" content=\"article\" \/>\n<meta property=\"og:title\" content=\"Glentauchers - 1991 \/ 2007 (Gordon &amp; MacPhail) - Dramfolks Whisky Auction\" \/>\n<meta property=\"og:description\" content=\"Destille: Glentauchers Glentauchers Distillery ist eine schottische Whiskybrennerei aus der Speyside. Glentauchers war ein weiteres Mitglied der &#8220;1890er Jahre-Bande&#8221; und wurde 1898 von James Buchanan &amp; Co. gegr\u00fcndet, um F\u00fcllungen f\u00fcr seine Buchanan&#8217;s- und Black &amp; White-Mischungen bereitzustellen. Das heutige Geb\u00e4ude von Glentauchers wurde damals von John Alcock entworfen und von Charles Doig &amp; Son[...]\" \/>\n<meta property=\"og:url\" content=\"https:\/\/www.dramfolks-whisky-auction.com\/en\/product\/glentauchers-1991-2007-gordon-macphail-12\/\" \/>\n<meta property=\"og:site_name\" content=\"Dramfolks Whisky Auction\" \/>\n<meta property=\"article:modified_time\" content=\"2024-11-24T18:15:09+00:00\" \/>\n<meta property=\"og:image\" content=\"https:\/\/www.dramfolks-whisky-auction.com\/wp-content\/uploads\/2023\/02\/glentaucher-vorne.jpg\" \/>\n\t<meta property=\"og:image:width\" content=\"1688\" \/>\n\t<meta property=\"og:image:height\" content=\"1688\" \/>\n\t<meta property=\"og:image:type\" content=\"image\/jpeg\" \/>\n<meta name=\"twitter:card\" content=\"summary_large_image\" \/>\n<meta name=\"twitter:label1\" content=\"Est. reading time\" \/>\n\t<meta name=\"twitter:data1\" content=\"3 minutes\" \/>\n<script type=\"application\/ld+json\" class=\"yoast-schema-graph\">{\"@context\":\"https:\/\/schema.org\",\"@graph\":[{\"@type\":\"WebPage\",\"@id\":\"https:\/\/www.dramfolks-whisky-auction.com\/en\/product\/glentauchers-1991-2007-gordon-macphail-12\/\",\"url\":\"https:\/\/www.dramfolks-whisky-auction.com\/en\/product\/glentauchers-1991-2007-gordon-macphail-12\/\",\"name\":\"Glentauchers - 1991 \/ 2007 (Gordon & MacPhail) - Dramfolks Whisky Auction\",\"isPartOf\":{\"@id\":\"https:\/\/www.dramfolks-whisky-auction.com\/en\/#website\"},\"primaryImageOfPage\":{\"@id\":\"https:\/\/www.dramfolks-whisky-auction.com\/en\/product\/glentauchers-1991-2007-gordon-macphail-12\/#primaryimage\"},\"image\":{\"@id\":\"https:\/\/www.dramfolks-whisky-auction.com\/en\/product\/glentauchers-1991-2007-gordon-macphail-12\/#primaryimage\"},\"thumbnailUrl\":\"https:\/\/www.dramfolks-whisky-auction.com\/wp-content\/uploads\/2023\/02\/glentaucher-vorne.jpg\",\"datePublished\":\"2024-11-08T07:51:00+00:00\",\"dateModified\":\"2024-11-24T18:15:09+00:00\",\"breadcrumb\":{\"@id\":\"https:\/\/www.dramfolks-whisky-auction.com\/en\/product\/glentauchers-1991-2007-gordon-macphail-12\/#breadcrumb\"},\"inLanguage\":\"en-US\",\"potentialAction\":[{\"@type\":\"ReadAction\",\"target\":[\"https:\/\/www.dramfolks-whisky-auction.com\/en\/product\/glentauchers-1991-2007-gordon-macphail-12\/\"]}]},{\"@type\":\"ImageObject\",\"inLanguage\":\"en-US\",\"@id\":\"https:\/\/www.dramfolks-whisky-auction.com\/en\/product\/glentauchers-1991-2007-gordon-macphail-12\/#primaryimage\",\"url\":\"https:\/\/www.dramfolks-whisky-auction.com\/wp-content\/uploads\/2023\/02\/glentaucher-vorne.jpg\",\"contentUrl\":\"https:\/\/www.dramfolks-whisky-auction.com\/wp-content\/uploads\/2023\/02\/glentaucher-vorne.jpg\",\"width\":1688,\"height\":1688},{\"@type\":\"BreadcrumbList\",\"@id\":\"https:\/\/www.dramfolks-whisky-auction.com\/en\/product\/glentauchers-1991-2007-gordon-macphail-12\/#breadcrumb\",\"itemListElement\":[{\"@type\":\"ListItem\",\"position\":1,\"name\":\"Startseite\",\"item\":\"https:\/\/www.dramfolks-whisky-auction.com\/en\/\"},{\"@type\":\"ListItem\",\"position\":2,\"name\":\"Shop\",\"item\":\"https:\/\/www.dramfolks-whisky-auction.com\/en\/shop\/\"},{\"@type\":\"ListItem\",\"position\":3,\"name\":\"Glentauchers &#8211; 1991 \/ 2007 (Gordon &#038; MacPhail)\"}]},{\"@type\":\"WebSite\",\"@id\":\"https:\/\/www.dramfolks-whisky-auction.com\/en\/#website\",\"url\":\"https:\/\/www.dramfolks-whisky-auction.com\/en\/\",\"name\":\"Dramfolks Whisky Auction\",\"description\":\"\",\"potentialAction\":[{\"@type\":\"SearchAction\",\"target\":{\"@type\":\"EntryPoint\",\"urlTemplate\":\"https:\/\/www.dramfolks-whisky-auction.com\/en\/?s={search_term_string}\"},\"query-input\":{\"@type\":\"PropertyValueSpecification\",\"valueRequired\":true,\"valueName\":\"search_term_string\"}}],\"inLanguage\":\"en-US\"}]}<\/script>\n<!-- \/ Yoast SEO plugin. -->","yoast_head_json":{"title":"Glentauchers - 1991 \/ 2007 (Gordon & MacPhail) - Dramfolks Whisky Auction","robots":{"index":"index","follow":"follow","max-snippet":"max-snippet:-1","max-image-preview":"max-image-preview:large","max-video-preview":"max-video-preview:-1"},"canonical":"https:\/\/www.dramfolks-whisky-auction.com\/en\/product\/glentauchers-1991-2007-gordon-macphail-12\/","og_locale":"en_US","og_type":"article","og_title":"Glentauchers - 1991 \/ 2007 (Gordon & MacPhail) - Dramfolks Whisky Auction","og_description":"Destille: Glentauchers Glentauchers Distillery ist eine schottische Whiskybrennerei aus der Speyside. Glentauchers war ein weiteres Mitglied der &#8220;1890er Jahre-Bande&#8221; und wurde 1898 von James Buchanan &amp; Co. gegr\u00fcndet, um F\u00fcllungen f\u00fcr seine Buchanan&#8217;s- und Black &amp; White-Mischungen bereitzustellen. Das heutige Geb\u00e4ude von Glentauchers wurde damals von John Alcock entworfen und von Charles Doig &amp; Son[...]","og_url":"https:\/\/www.dramfolks-whisky-auction.com\/en\/product\/glentauchers-1991-2007-gordon-macphail-12\/","og_site_name":"Dramfolks Whisky Auction","article_modified_time":"2024-11-24T18:15:09+00:00","og_image":[{"width":1688,"height":1688,"url":"https:\/\/www.dramfolks-whisky-auction.com\/wp-content\/uploads\/2023\/02\/glentaucher-vorne.jpg","type":"image\/jpeg"}],"twitter_card":"summary_large_image","twitter_misc":{"Est. reading time":"3 minutes"},"schema":{"@context":"https:\/\/schema.org","@graph":[{"@type":"WebPage","@id":"https:\/\/www.dramfolks-whisky-auction.com\/en\/product\/glentauchers-1991-2007-gordon-macphail-12\/","url":"https:\/\/www.dramfolks-whisky-auction.com\/en\/product\/glentauchers-1991-2007-gordon-macphail-12\/","name":"Glentauchers - 1991 \/ 2007 (Gordon & MacPhail) - Dramfolks Whisky Auction","isPartOf":{"@id":"https:\/\/www.dramfolks-whisky-auction.com\/en\/#website"},"primaryImageOfPage":{"@id":"https:\/\/www.dramfolks-whisky-auction.com\/en\/product\/glentauchers-1991-2007-gordon-macphail-12\/#primaryimage"},"image":{"@id":"https:\/\/www.dramfolks-whisky-auction.com\/en\/product\/glentauchers-1991-2007-gordon-macphail-12\/#primaryimage"},"thumbnailUrl":"https:\/\/www.dramfolks-whisky-auction.com\/wp-content\/uploads\/2023\/02\/glentaucher-vorne.jpg","datePublished":"2024-11-08T07:51:00+00:00","dateModified":"2024-11-24T18:15:09+00:00","breadcrumb":{"@id":"https:\/\/www.dramfolks-whisky-auction.com\/en\/product\/glentauchers-1991-2007-gordon-macphail-12\/#breadcrumb"},"inLanguage":"en-US","potentialAction":[{"@type":"ReadAction","target":["https:\/\/www.dramfolks-whisky-auction.com\/en\/product\/glentauchers-1991-2007-gordon-macphail-12\/"]}]},{"@type":"ImageObject","inLanguage":"en-US","@id":"https:\/\/www.dramfolks-whisky-auction.com\/en\/product\/glentauchers-1991-2007-gordon-macphail-12\/#primaryimage","url":"https:\/\/www.dramfolks-whisky-auction.com\/wp-content\/uploads\/2023\/02\/glentaucher-vorne.jpg","contentUrl":"https:\/\/www.dramfolks-whisky-auction.com\/wp-content\/uploads\/2023\/02\/glentaucher-vorne.jpg","width":1688,"height":1688},{"@type":"BreadcrumbList","@id":"https:\/\/www.dramfolks-whisky-auction.com\/en\/product\/glentauchers-1991-2007-gordon-macphail-12\/#breadcrumb","itemListElement":[{"@type":"ListItem","position":1,"name":"Startseite","item":"https:\/\/www.dramfolks-whisky-auction.com\/en\/"},{"@type":"ListItem","position":2,"name":"Shop","item":"https:\/\/www.dramfolks-whisky-auction.com\/en\/shop\/"},{"@type":"ListItem","position":3,"name":"Glentauchers &#8211; 1991 \/ 2007 (Gordon &#038; MacPhail)"}]},{"@type":"WebSite","@id":"https:\/\/www.dramfolks-whisky-auction.com\/en\/#website","url":"https:\/\/www.dramfolks-whisky-auction.com\/en\/","name":"Dramfolks Whisky Auction","description":"","potentialAction":[{"@type":"SearchAction","target":{"@type":"EntryPoint","urlTemplate":"https:\/\/www.dramfolks-whisky-auction.com\/en\/?s={search_term_string}"},"query-input":{"@type":"PropertyValueSpecification","valueRequired":true,"valueName":"search_term_string"}}],"inLanguage":"en-US"}]}},"_links":{"self":[{"href":"https:\/\/www.dramfolks-whisky-auction.com\/en\/wp-json\/wp\/v2\/product\/846649","targetHints":{"allow":["GET"]}}],"collection":[{"href":"https:\/\/www.dramfolks-whisky-auction.com\/en\/wp-json\/wp\/v2\/product"}],"about":[{"href":"https:\/\/www.dramfolks-whisky-auction.com\/en\/wp-json\/wp\/v2\/types\/product"}],"replies":[{"embeddable":true,"href":"https:\/\/www.dramfolks-whisky-auction.com\/en\/wp-json\/wp\/v2\/comments?post=846649"}],"wp:featuredmedia":[{"embeddable":true,"href":"https:\/\/www.dramfolks-whisky-auction.com\/en\/wp-json\/wp\/v2\/media\/1661"}],"wp:attachment":[{"href":"https:\/\/www.dramfolks-whisky-auction.com\/en\/wp-json\/wp\/v2\/media?parent=846649"}],"wp:term":[{"taxonomy":"product_brand","embeddable":true,"href":"https:\/\/www.dramfolks-whisky-auction.com\/en\/wp-json\/wp\/v2\/product_brand?post=846649"},{"taxonomy":"product_cat","embeddable":true,"href":"https:\/\/www.dramfolks-whisky-auction.com\/en\/wp-json\/wp\/v2\/product_cat?post=846649"},{"taxonomy":"product_tag","embeddable":true,"href":"https:\/\/www.dramfolks-whisky-auction.com\/en\/wp-json\/wp\/v2\/product_tag?post=846649"}],"curies":[{"name":"wp","href":"https:\/\/api.w.org\/{rel}","templated":true}]}}