{"id":845323,"date":"2024-11-07T08:02:56","date_gmt":"2024-11-07T07:02:56","guid":{"rendered":"https:\/\/www.dramfolks-whisky-auction.com\/?post_type=product&#038;p=845323"},"modified":"2024-11-24T19:00:12","modified_gmt":"2024-11-24T18:00:12","slug":"john-distilleries-paul-john-classic","status":"publish","type":"product","link":"https:\/\/www.dramfolks-whisky-auction.com\/en\/product\/john-distilleries-paul-john-classic\/","title":{"rendered":"John Distilleries &#8211; Paul John Classic Select Cask"},"content":{"rendered":"<p><strong>Destille: John Distilleries<br \/>\n<\/strong>John Distilleries Pvt Ltd ist ein indisches Unternehmen, das destillierte Getr\u00e4nke herstellt, und die Flaggschiffmarke des Unternehmens ist Original Choice Whisky. Es stellt auch Brandy, Whisky, Weine und den preisgekr\u00f6nten Single Malt Whisky namens Paul John her. Die Gr\u00fcnder haben 51 % des Unternehmens an die Sazerac Company verkauft. John Distilleries wurde von Paul P. John gegr\u00fcndet, der urspr\u00fcnglich aus Kerala, Indien stammte und der Sohn eines Plantagen- und Spirituosenbarons in Karnataka, Indien war. Die erste Destillerie des Unternehmens wurde in Bangalore, Karnataka, gegr\u00fcndet. Das Unternehmen brachte 1996 Original Choice Whisky auf den Markt. Diese Ver\u00f6ffentlichung war so erfolgreich, dass es John Distilleries an die Spitze des Segments des indischen Whiskymarktes brachte. Nach den ersten Blended Whisky entschied sich das Unternehmen 2008 f\u00fcr die Herstellung von Single Malt Whisky, um in das Premium-Segment des Marktes einzusteigen. John Distilleries verwendete daf\u00fcr nur indische Zutaten, um dem Whisky die Eigenschaften seines Herkunftslandes zu verleihen. Die erste Abf\u00fcllung von Paul John Whisky unter der Marke &#8220;Paul John Single Cask 161 Whisky&#8221; wurde am 4. Oktober 2012 in London, Gro\u00dfbritannien, von Sanjay Paul, CEO von Alcobev Communications, im Capital Hotel in Knightsbridge, London, England, offiziell vorgestellt.<\/p>\n<p><strong>Fun Fakt:<\/strong> Bollywood&#8230;Das Unternehmen beschloss, die Marke national zu etablieren und verpflichtete den Malayalam-Filmschauspieler Mohanlal als Markenbotschafter. Mohanlal hat in mehr als 400 Filmen mitgewirkt, besitzt Restaurants, Firmen, gemeinn\u00fctzige Organisationen, wurde in Indien mit der viert- und dritth\u00f6chster zivilen Auszeichnung geehrt und vom CNN &#8220;als einer der M\u00e4nner, die das Gesicht des indischen Kinos ver\u00e4nderten&#8221; bezeichnet. Ein absolutes Multitalent wie der Paul John Whisky \ud83d\ude09<\/p>\n<p><strong>Whisky\/Whiskey: Paul John Classic Select Cask<\/strong><br \/>\nNicht nur die Schotten und in deutlich geringerem Ma\u00dfe die Iren verstehen sich auf getorften Whisky, sondern interessanterweise auch die Inder. Das Unternehmen Paul John Distilleries aus Goa in Indien produziert Premium-Whisky mit dem gewissen Etwas, der sich hinter der bekannteren Konkurrenz nicht zu verstecken braucht. Manche davon verlassen sich zum Teil auf schottische Gerste, die \u00fcber Torffeuer gedarrt wurde. Die Gerste f\u00fcr den Single Malt stammt vom Fu\u00dfe des Himalayas und dennoch wird hier Whisky nach schottischem Vorbild produziert. Die Lagerung des Paul John Classic Select Cask erfolgt in Ex-Bourbonf\u00e4sser. Durch das tropische Klima nimmt der Whisky auch schon nach kurzer Zeit intensive Noten des Fasses auf. Mitbringen tut er dabei einen vollmundigen Geschmack nach s\u00fc\u00dfem Malz, Getreide mit s\u00fc\u00dfem Honig und cremigem Karamell. Die Fassst\u00e4rke mit 55.2% vol. wird aus ausgesuchten F\u00e4ssern zusammengestellt und ist damit auf einige hundert Flaschen streng limitiert.<\/p>\n<p><strong>Info Qualit\u00e4t der Flasche:<\/strong> Exzellent ohne Besch\u00e4digungen \/ <strong>F\u00fcllstand:<\/strong> Into neck<br \/>\n<strong>Info Qualit\u00e4t der Box:<\/strong> Exzellent &#8211; ohne Besch\u00e4digungen<\/p>\n<p><strong>Wichtiger Hinweis:<\/strong> Die Bewertung der Flaschen und Boxen erfolgt nach \u201ebesten Wissen und Gewissen\u201c. dramfolks kann keine Gew\u00e4hrleistung f\u00fcr den Inhalt der Flaschen \u00fcbernehmen. Weitere Infos &amp; Hinweise finden Sie in unseren AGBs. Wir empfehlen Ihnen, vor der Abgabe von Geboten \u00fcber die Zoomfunktion eine Besichtigung \/ genaue Pr\u00fcfung des angebotenen Whiskys vorzunehmen. Bitte kontaktieren sie uns bei Fragen direkt unter info@dramfolks.com<\/p>\n","protected":false},"excerpt":{"rendered":"<p>Destille: John Distilleries John Distilleries Pvt Ltd ist ein indisches Unternehmen, das destillierte Getr\u00e4nke herstellt, und die Flaggschiffmarke des Unternehmens ist Original Choice Whisky. Es stellt auch Brandy, Whisky, Weine und den preisgekr\u00f6nten Single Malt Whisky namens Paul John her. Die Gr\u00fcnder haben 51 % des Unternehmens an die Sazerac Company verkauft. John Distilleries wurde[&#8230;]\n","protected":false},"featured_media":857464,"comment_status":"closed","ping_status":"closed","template":"","meta":[],"product_brand":[],"product_cat":[981],"product_tag":[],"class_list":{"0":"post-845323","1":"product","2":"type-product","3":"status-publish","4":"has-post-thumbnail","6":"product_cat-no-14","8":"first","9":"instock","10":"shipping-taxable","11":"purchasable","12":"product-type-auction"},"yoast_head":"<!-- This site is optimized with the Yoast SEO plugin v27.4 - https:\/\/yoast.com\/product\/yoast-seo-wordpress\/ -->\n<title>John Distilleries - Paul John Classic Select Cask - Dramfolks Whisky Auction<\/title>\n<meta name=\"robots\" content=\"index, follow, max-snippet:-1, max-image-preview:large, max-video-preview:-1\" \/>\n<link rel=\"canonical\" href=\"https:\/\/www.dramfolks-whisky-auction.com\/en\/product\/john-distilleries-paul-john-classic\/\" \/>\n<meta property=\"og:locale\" content=\"en_US\" \/>\n<meta property=\"og:type\" content=\"article\" \/>\n<meta property=\"og:title\" content=\"John Distilleries - Paul John Classic Select Cask - Dramfolks Whisky Auction\" \/>\n<meta property=\"og:description\" content=\"Destille: John Distilleries John Distilleries Pvt Ltd ist ein indisches Unternehmen, das destillierte Getr\u00e4nke herstellt, und die Flaggschiffmarke des Unternehmens ist Original Choice Whisky. Es stellt auch Brandy, Whisky, Weine und den preisgekr\u00f6nten Single Malt Whisky namens Paul John her. Die Gr\u00fcnder haben 51 % des Unternehmens an die Sazerac Company verkauft. John Distilleries wurde[...]\" \/>\n<meta property=\"og:url\" content=\"https:\/\/www.dramfolks-whisky-auction.com\/en\/product\/john-distilleries-paul-john-classic\/\" \/>\n<meta property=\"og:site_name\" content=\"Dramfolks Whisky Auction\" \/>\n<meta property=\"article:modified_time\" content=\"2024-11-24T18:00:12+00:00\" \/>\n<meta property=\"og:image\" content=\"https:\/\/www.dramfolks-whisky-auction.com\/wp-content\/uploads\/2024\/11\/Paul-John-vorne-scaled.jpg\" \/>\n\t<meta property=\"og:image:width\" content=\"2560\" \/>\n\t<meta property=\"og:image:height\" content=\"2560\" \/>\n\t<meta property=\"og:image:type\" content=\"image\/jpeg\" \/>\n<meta name=\"twitter:card\" content=\"summary_large_image\" \/>\n<meta name=\"twitter:label1\" content=\"Est. reading time\" \/>\n\t<meta name=\"twitter:data1\" content=\"3 minutes\" \/>\n<script type=\"application\/ld+json\" class=\"yoast-schema-graph\">{\"@context\":\"https:\\\/\\\/schema.org\",\"@graph\":[{\"@type\":\"WebPage\",\"@id\":\"https:\\\/\\\/www.dramfolks-whisky-auction.com\\\/en\\\/product\\\/john-distilleries-paul-john-classic\\\/\",\"url\":\"https:\\\/\\\/www.dramfolks-whisky-auction.com\\\/en\\\/product\\\/john-distilleries-paul-john-classic\\\/\",\"name\":\"John Distilleries - Paul John Classic Select Cask - Dramfolks Whisky Auction\",\"isPartOf\":{\"@id\":\"https:\\\/\\\/www.dramfolks-whisky-auction.com\\\/en\\\/#website\"},\"primaryImageOfPage\":{\"@id\":\"https:\\\/\\\/www.dramfolks-whisky-auction.com\\\/en\\\/product\\\/john-distilleries-paul-john-classic\\\/#primaryimage\"},\"image\":{\"@id\":\"https:\\\/\\\/www.dramfolks-whisky-auction.com\\\/en\\\/product\\\/john-distilleries-paul-john-classic\\\/#primaryimage\"},\"thumbnailUrl\":\"https:\\\/\\\/www.dramfolks-whisky-auction.com\\\/wp-content\\\/uploads\\\/2024\\\/11\\\/Paul-John-vorne-scaled.jpg\",\"datePublished\":\"2024-11-07T07:02:56+00:00\",\"dateModified\":\"2024-11-24T18:00:12+00:00\",\"breadcrumb\":{\"@id\":\"https:\\\/\\\/www.dramfolks-whisky-auction.com\\\/en\\\/product\\\/john-distilleries-paul-john-classic\\\/#breadcrumb\"},\"inLanguage\":\"en-US\",\"potentialAction\":[{\"@type\":\"ReadAction\",\"target\":[\"https:\\\/\\\/www.dramfolks-whisky-auction.com\\\/en\\\/product\\\/john-distilleries-paul-john-classic\\\/\"]}]},{\"@type\":\"ImageObject\",\"inLanguage\":\"en-US\",\"@id\":\"https:\\\/\\\/www.dramfolks-whisky-auction.com\\\/en\\\/product\\\/john-distilleries-paul-john-classic\\\/#primaryimage\",\"url\":\"https:\\\/\\\/www.dramfolks-whisky-auction.com\\\/wp-content\\\/uploads\\\/2024\\\/11\\\/Paul-John-vorne-scaled.jpg\",\"contentUrl\":\"https:\\\/\\\/www.dramfolks-whisky-auction.com\\\/wp-content\\\/uploads\\\/2024\\\/11\\\/Paul-John-vorne-scaled.jpg\",\"width\":2560,\"height\":2560},{\"@type\":\"BreadcrumbList\",\"@id\":\"https:\\\/\\\/www.dramfolks-whisky-auction.com\\\/en\\\/product\\\/john-distilleries-paul-john-classic\\\/#breadcrumb\",\"itemListElement\":[{\"@type\":\"ListItem\",\"position\":1,\"name\":\"Startseite\",\"item\":\"https:\\\/\\\/www.dramfolks-whisky-auction.com\\\/en\\\/\"},{\"@type\":\"ListItem\",\"position\":2,\"name\":\"Shop\",\"item\":\"https:\\\/\\\/www.dramfolks-whisky-auction.com\\\/en\\\/shop\\\/\"},{\"@type\":\"ListItem\",\"position\":3,\"name\":\"John Distilleries &#8211; Paul John Classic Select Cask\"}]},{\"@type\":\"WebSite\",\"@id\":\"https:\\\/\\\/www.dramfolks-whisky-auction.com\\\/en\\\/#website\",\"url\":\"https:\\\/\\\/www.dramfolks-whisky-auction.com\\\/en\\\/\",\"name\":\"Dramfolks Whisky Auction\",\"description\":\"\",\"potentialAction\":[{\"@type\":\"SearchAction\",\"target\":{\"@type\":\"EntryPoint\",\"urlTemplate\":\"https:\\\/\\\/www.dramfolks-whisky-auction.com\\\/en\\\/?s={search_term_string}\"},\"query-input\":{\"@type\":\"PropertyValueSpecification\",\"valueRequired\":true,\"valueName\":\"search_term_string\"}}],\"inLanguage\":\"en-US\"}]}<\/script>\n<!-- \/ Yoast SEO plugin. -->","yoast_head_json":{"title":"John Distilleries - Paul John Classic Select Cask - Dramfolks Whisky Auction","robots":{"index":"index","follow":"follow","max-snippet":"max-snippet:-1","max-image-preview":"max-image-preview:large","max-video-preview":"max-video-preview:-1"},"canonical":"https:\/\/www.dramfolks-whisky-auction.com\/en\/product\/john-distilleries-paul-john-classic\/","og_locale":"en_US","og_type":"article","og_title":"John Distilleries - Paul John Classic Select Cask - Dramfolks Whisky Auction","og_description":"Destille: John Distilleries John Distilleries Pvt Ltd ist ein indisches Unternehmen, das destillierte Getr\u00e4nke herstellt, und die Flaggschiffmarke des Unternehmens ist Original Choice Whisky. Es stellt auch Brandy, Whisky, Weine und den preisgekr\u00f6nten Single Malt Whisky namens Paul John her. Die Gr\u00fcnder haben 51 % des Unternehmens an die Sazerac Company verkauft. John Distilleries wurde[...]","og_url":"https:\/\/www.dramfolks-whisky-auction.com\/en\/product\/john-distilleries-paul-john-classic\/","og_site_name":"Dramfolks Whisky Auction","article_modified_time":"2024-11-24T18:00:12+00:00","og_image":[{"width":2560,"height":2560,"url":"https:\/\/www.dramfolks-whisky-auction.com\/wp-content\/uploads\/2024\/11\/Paul-John-vorne-scaled.jpg","type":"image\/jpeg"}],"twitter_card":"summary_large_image","twitter_misc":{"Est. reading time":"3 minutes"},"schema":{"@context":"https:\/\/schema.org","@graph":[{"@type":"WebPage","@id":"https:\/\/www.dramfolks-whisky-auction.com\/en\/product\/john-distilleries-paul-john-classic\/","url":"https:\/\/www.dramfolks-whisky-auction.com\/en\/product\/john-distilleries-paul-john-classic\/","name":"John Distilleries - Paul John Classic Select Cask - Dramfolks Whisky Auction","isPartOf":{"@id":"https:\/\/www.dramfolks-whisky-auction.com\/en\/#website"},"primaryImageOfPage":{"@id":"https:\/\/www.dramfolks-whisky-auction.com\/en\/product\/john-distilleries-paul-john-classic\/#primaryimage"},"image":{"@id":"https:\/\/www.dramfolks-whisky-auction.com\/en\/product\/john-distilleries-paul-john-classic\/#primaryimage"},"thumbnailUrl":"https:\/\/www.dramfolks-whisky-auction.com\/wp-content\/uploads\/2024\/11\/Paul-John-vorne-scaled.jpg","datePublished":"2024-11-07T07:02:56+00:00","dateModified":"2024-11-24T18:00:12+00:00","breadcrumb":{"@id":"https:\/\/www.dramfolks-whisky-auction.com\/en\/product\/john-distilleries-paul-john-classic\/#breadcrumb"},"inLanguage":"en-US","potentialAction":[{"@type":"ReadAction","target":["https:\/\/www.dramfolks-whisky-auction.com\/en\/product\/john-distilleries-paul-john-classic\/"]}]},{"@type":"ImageObject","inLanguage":"en-US","@id":"https:\/\/www.dramfolks-whisky-auction.com\/en\/product\/john-distilleries-paul-john-classic\/#primaryimage","url":"https:\/\/www.dramfolks-whisky-auction.com\/wp-content\/uploads\/2024\/11\/Paul-John-vorne-scaled.jpg","contentUrl":"https:\/\/www.dramfolks-whisky-auction.com\/wp-content\/uploads\/2024\/11\/Paul-John-vorne-scaled.jpg","width":2560,"height":2560},{"@type":"BreadcrumbList","@id":"https:\/\/www.dramfolks-whisky-auction.com\/en\/product\/john-distilleries-paul-john-classic\/#breadcrumb","itemListElement":[{"@type":"ListItem","position":1,"name":"Startseite","item":"https:\/\/www.dramfolks-whisky-auction.com\/en\/"},{"@type":"ListItem","position":2,"name":"Shop","item":"https:\/\/www.dramfolks-whisky-auction.com\/en\/shop\/"},{"@type":"ListItem","position":3,"name":"John Distilleries &#8211; Paul John Classic Select Cask"}]},{"@type":"WebSite","@id":"https:\/\/www.dramfolks-whisky-auction.com\/en\/#website","url":"https:\/\/www.dramfolks-whisky-auction.com\/en\/","name":"Dramfolks Whisky Auction","description":"","potentialAction":[{"@type":"SearchAction","target":{"@type":"EntryPoint","urlTemplate":"https:\/\/www.dramfolks-whisky-auction.com\/en\/?s={search_term_string}"},"query-input":{"@type":"PropertyValueSpecification","valueRequired":true,"valueName":"search_term_string"}}],"inLanguage":"en-US"}]}},"_links":{"self":[{"href":"https:\/\/www.dramfolks-whisky-auction.com\/en\/wp-json\/wp\/v2\/product\/845323","targetHints":{"allow":["GET"]}}],"collection":[{"href":"https:\/\/www.dramfolks-whisky-auction.com\/en\/wp-json\/wp\/v2\/product"}],"about":[{"href":"https:\/\/www.dramfolks-whisky-auction.com\/en\/wp-json\/wp\/v2\/types\/product"}],"replies":[{"embeddable":true,"href":"https:\/\/www.dramfolks-whisky-auction.com\/en\/wp-json\/wp\/v2\/comments?post=845323"}],"wp:featuredmedia":[{"embeddable":true,"href":"https:\/\/www.dramfolks-whisky-auction.com\/en\/wp-json\/wp\/v2\/media\/857464"}],"wp:attachment":[{"href":"https:\/\/www.dramfolks-whisky-auction.com\/en\/wp-json\/wp\/v2\/media?parent=845323"}],"wp:term":[{"taxonomy":"product_brand","embeddable":true,"href":"https:\/\/www.dramfolks-whisky-auction.com\/en\/wp-json\/wp\/v2\/product_brand?post=845323"},{"taxonomy":"product_cat","embeddable":true,"href":"https:\/\/www.dramfolks-whisky-auction.com\/en\/wp-json\/wp\/v2\/product_cat?post=845323"},{"taxonomy":"product_tag","embeddable":true,"href":"https:\/\/www.dramfolks-whisky-auction.com\/en\/wp-json\/wp\/v2\/product_tag?post=845323"}],"curies":[{"name":"wp","href":"https:\/\/api.w.org\/{rel}","templated":true}]}}