{"id":845311,"date":"2024-11-08T08:51:01","date_gmt":"2024-11-08T07:51:01","guid":{"rendered":"https:\/\/www.dramfolks-whisky-auction.com\/?post_type=product&#038;p=845311"},"modified":"2024-11-24T19:45:11","modified_gmt":"2024-11-24T18:45:11","slug":"10yo-secret-speyside-2009-mystery-malt-murray-mcdavid-3","status":"publish","type":"product","link":"https:\/\/www.dramfolks-whisky-auction.com\/en\/product\/10yo-secret-speyside-2009-mystery-malt-murray-mcdavid-3\/","title":{"rendered":"10yo Secret Speyside 2009 Mystery Malt (Murray McDavid)"},"content":{"rendered":"<p><strong>Destille: unbekannt<span class=\"v1s2\"><br \/>\n<\/span><\/strong>Wir sagen nur&#8230; &#8220;Mystery Malt Series&#8221; aus einer &#8220;Secret Speyside&#8221; Destillerie! Hinweis&#8230; Die mysteri\u00f6se Destillerie befindet sich am Fu\u00dfe des Berges Benrinnes, hat eine Jahresproduktion von ca. 4 Millionen Litern Alkohol und arbeitet fast ausschlie\u00dflich f\u00fcr die Blends eines namhaften Hauses. Sie wurde 1975 erbaut und befindet sich knapp 8km s\u00fcdlich von Dufftown&#8230; Jetzt ist es aber mega einfach! \ud83d\ude09<\/p>\n<p><strong>Fun Fact: <\/strong>&#8211;<strong><br \/>\n<\/strong><\/p>\n<p><strong>Whisky\/Whiskey: 10yo Secret Speyside 2009 Mystery Malt (Murray McDavid)<\/strong><br \/>\nDie &#8220;Mystery Malt&#8221;-Serie von Murray McDavid bietet fachm\u00e4nnisch ausgew\u00e4hlte Single Malts, die Liebhaber mit geheimnisvollen und ungew\u00f6hnlichen Abf\u00fcllungen faszinieren k\u00f6nnen. Der Secret Speyside 10yo ist ein Single Malt Scotch Whisky, der im Jahr 2009 destilliert und in zwei Ex-Bourbon-F\u00e4ssern gereift ist, bevor er in zwei weiteren Ex-Bourbon-F\u00e4ssern, aber kleineren 110-Liter-F\u00e4ssern, die zuvor Koval-Whiskey enthielten, veredelt wurde. Cask No. 900304 &#8211; 304A. Dieser Whisky wird mit 46% vol. ohne Zusatz von Farbstoffen und ohne Kaltfiltration in nur 250 Exemplaren abgef\u00fcllt!!<\/p>\n<p><strong>Sidenote zum Abf\u00fcller:<\/strong> Murray McDavid wurde von den Londoner Weinh\u00e4ndlern Mark Reynier, Simon Coughlin und Gordon Wright (von der Springbank Distillery) gegr\u00fcndet. Sie erlangten schnell den Ruf, Whisky in interessanten F\u00e4ssern (wie Weinf\u00e4sser) zu reifen. Im Jahr 2000 machte sich das Murray McDavid-Team daran, die geschlossene Bruichladdich Distillery auf Islay wiederzuer\u00f6ffnen, die im Jahr 2012 an den Spirituosenriesen Remy Cointreau verkauft wurde. Heute befindet sich Murray McDavid im Besitz des schottischen Whisky-Brokers Aceo Ltd.<\/p>\n<p><strong>Info Qualit\u00e4t der Flasche:<\/strong> Exzellent &#8211; ohne Besch\u00e4digungen \/ <strong>F\u00fcllstand:<\/strong> High fill<br \/>\n<strong>Info Qualit\u00e4t der Box:\u00a0<\/strong>Exzellent &#8211; ohne Besch\u00e4digungen<\/p>\n<p><strong>Wichtiger Hinweis:<\/strong> Die Bewertung der Flaschen und Boxen erfolgt nach \u201ebesten Wissen und Gewissen\u201c. dramfolks kann keine Gew\u00e4hrleistung f\u00fcr den Inhalt der Flaschen \u00fcbernehmen. Weitere Infos &amp; Hinweise finden Sie in unseren AGBs. Wir empfehlen Ihnen, vor der Abgabe von Geboten \u00fcber die Zoomfunktion eine Besichtigung \/ genaue Pr\u00fcfung des angebotenen Whiskys vorzunehmen. Bitte kontaktieren sie uns bei Fragen direkt unter info@dramfolks.com<\/p>\n","protected":false},"excerpt":{"rendered":"<p>Destille: unbekannt Wir sagen nur&#8230; &#8220;Mystery Malt Series&#8221; aus einer &#8220;Secret Speyside&#8221; Destillerie! Hinweis&#8230; Die mysteri\u00f6se Destillerie befindet sich am Fu\u00dfe des Berges Benrinnes, hat eine Jahresproduktion von ca. 4 Millionen Litern Alkohol und arbeitet fast ausschlie\u00dflich f\u00fcr die Blends eines namhaften Hauses. Sie wurde 1975 erbaut und befindet sich knapp 8km s\u00fcdlich von Dufftown&#8230;[&#8230;]\n","protected":false},"featured_media":188000,"comment_status":"closed","ping_status":"closed","template":"","meta":[],"product_brand":[],"product_cat":[981],"product_tag":[],"class_list":{"0":"post-845311","1":"product","2":"type-product","3":"status-publish","4":"has-post-thumbnail","6":"product_cat-no-14","8":"first","9":"instock","10":"shipping-taxable","11":"purchasable","12":"product-type-auction"},"yoast_head":"<!-- This site is optimized with the Yoast SEO plugin v27.0 - https:\/\/yoast.com\/product\/yoast-seo-wordpress\/ -->\n<title>10yo Secret Speyside 2009 Mystery Malt (Murray McDavid) - Dramfolks Whisky Auction<\/title>\n<meta name=\"robots\" content=\"index, follow, max-snippet:-1, max-image-preview:large, max-video-preview:-1\" \/>\n<link rel=\"canonical\" href=\"https:\/\/www.dramfolks-whisky-auction.com\/en\/product\/10yo-secret-speyside-2009-mystery-malt-murray-mcdavid-3\/\" \/>\n<meta property=\"og:locale\" content=\"en_US\" \/>\n<meta property=\"og:type\" content=\"article\" \/>\n<meta property=\"og:title\" content=\"10yo Secret Speyside 2009 Mystery Malt (Murray McDavid) - Dramfolks Whisky Auction\" \/>\n<meta property=\"og:description\" content=\"Destille: unbekannt Wir sagen nur&#8230; &#8220;Mystery Malt Series&#8221; aus einer &#8220;Secret Speyside&#8221; Destillerie! Hinweis&#8230; Die mysteri\u00f6se Destillerie befindet sich am Fu\u00dfe des Berges Benrinnes, hat eine Jahresproduktion von ca. 4 Millionen Litern Alkohol und arbeitet fast ausschlie\u00dflich f\u00fcr die Blends eines namhaften Hauses. Sie wurde 1975 erbaut und befindet sich knapp 8km s\u00fcdlich von Dufftown&#8230;[...]\" \/>\n<meta property=\"og:url\" content=\"https:\/\/www.dramfolks-whisky-auction.com\/en\/product\/10yo-secret-speyside-2009-mystery-malt-murray-mcdavid-3\/\" \/>\n<meta property=\"og:site_name\" content=\"Dramfolks Whisky Auction\" \/>\n<meta property=\"article:modified_time\" content=\"2024-11-24T18:45:11+00:00\" \/>\n<meta property=\"og:image\" content=\"https:\/\/www.dramfolks-whisky-auction.com\/wp-content\/uploads\/2024\/08\/Murray-McDavid-10yo-Mystery-Malt-vorne-scaled.jpg\" \/>\n\t<meta property=\"og:image:width\" content=\"2560\" \/>\n\t<meta property=\"og:image:height\" content=\"2560\" \/>\n\t<meta property=\"og:image:type\" content=\"image\/jpeg\" \/>\n<meta name=\"twitter:card\" content=\"summary_large_image\" \/>\n<meta name=\"twitter:label1\" content=\"Est. reading time\" \/>\n\t<meta name=\"twitter:data1\" content=\"2 minutes\" \/>\n<script type=\"application\/ld+json\" class=\"yoast-schema-graph\">{\"@context\":\"https:\/\/schema.org\",\"@graph\":[{\"@type\":\"WebPage\",\"@id\":\"https:\/\/www.dramfolks-whisky-auction.com\/en\/product\/10yo-secret-speyside-2009-mystery-malt-murray-mcdavid-3\/\",\"url\":\"https:\/\/www.dramfolks-whisky-auction.com\/en\/product\/10yo-secret-speyside-2009-mystery-malt-murray-mcdavid-3\/\",\"name\":\"10yo Secret Speyside 2009 Mystery Malt (Murray McDavid) - Dramfolks Whisky Auction\",\"isPartOf\":{\"@id\":\"https:\/\/www.dramfolks-whisky-auction.com\/en\/#website\"},\"primaryImageOfPage\":{\"@id\":\"https:\/\/www.dramfolks-whisky-auction.com\/en\/product\/10yo-secret-speyside-2009-mystery-malt-murray-mcdavid-3\/#primaryimage\"},\"image\":{\"@id\":\"https:\/\/www.dramfolks-whisky-auction.com\/en\/product\/10yo-secret-speyside-2009-mystery-malt-murray-mcdavid-3\/#primaryimage\"},\"thumbnailUrl\":\"https:\/\/www.dramfolks-whisky-auction.com\/wp-content\/uploads\/2024\/08\/Murray-McDavid-10yo-Mystery-Malt-vorne-scaled.jpg\",\"datePublished\":\"2024-11-08T07:51:01+00:00\",\"dateModified\":\"2024-11-24T18:45:11+00:00\",\"breadcrumb\":{\"@id\":\"https:\/\/www.dramfolks-whisky-auction.com\/en\/product\/10yo-secret-speyside-2009-mystery-malt-murray-mcdavid-3\/#breadcrumb\"},\"inLanguage\":\"en-US\",\"potentialAction\":[{\"@type\":\"ReadAction\",\"target\":[\"https:\/\/www.dramfolks-whisky-auction.com\/en\/product\/10yo-secret-speyside-2009-mystery-malt-murray-mcdavid-3\/\"]}]},{\"@type\":\"ImageObject\",\"inLanguage\":\"en-US\",\"@id\":\"https:\/\/www.dramfolks-whisky-auction.com\/en\/product\/10yo-secret-speyside-2009-mystery-malt-murray-mcdavid-3\/#primaryimage\",\"url\":\"https:\/\/www.dramfolks-whisky-auction.com\/wp-content\/uploads\/2024\/08\/Murray-McDavid-10yo-Mystery-Malt-vorne-scaled.jpg\",\"contentUrl\":\"https:\/\/www.dramfolks-whisky-auction.com\/wp-content\/uploads\/2024\/08\/Murray-McDavid-10yo-Mystery-Malt-vorne-scaled.jpg\",\"width\":2560,\"height\":2560},{\"@type\":\"BreadcrumbList\",\"@id\":\"https:\/\/www.dramfolks-whisky-auction.com\/en\/product\/10yo-secret-speyside-2009-mystery-malt-murray-mcdavid-3\/#breadcrumb\",\"itemListElement\":[{\"@type\":\"ListItem\",\"position\":1,\"name\":\"Startseite\",\"item\":\"https:\/\/www.dramfolks-whisky-auction.com\/en\/\"},{\"@type\":\"ListItem\",\"position\":2,\"name\":\"Shop\",\"item\":\"https:\/\/www.dramfolks-whisky-auction.com\/en\/shop\/\"},{\"@type\":\"ListItem\",\"position\":3,\"name\":\"10yo Secret Speyside 2009 Mystery Malt (Murray McDavid)\"}]},{\"@type\":\"WebSite\",\"@id\":\"https:\/\/www.dramfolks-whisky-auction.com\/en\/#website\",\"url\":\"https:\/\/www.dramfolks-whisky-auction.com\/en\/\",\"name\":\"Dramfolks Whisky Auction\",\"description\":\"\",\"potentialAction\":[{\"@type\":\"SearchAction\",\"target\":{\"@type\":\"EntryPoint\",\"urlTemplate\":\"https:\/\/www.dramfolks-whisky-auction.com\/en\/?s={search_term_string}\"},\"query-input\":{\"@type\":\"PropertyValueSpecification\",\"valueRequired\":true,\"valueName\":\"search_term_string\"}}],\"inLanguage\":\"en-US\"}]}<\/script>\n<!-- \/ Yoast SEO plugin. -->","yoast_head_json":{"title":"10yo Secret Speyside 2009 Mystery Malt (Murray McDavid) - Dramfolks Whisky Auction","robots":{"index":"index","follow":"follow","max-snippet":"max-snippet:-1","max-image-preview":"max-image-preview:large","max-video-preview":"max-video-preview:-1"},"canonical":"https:\/\/www.dramfolks-whisky-auction.com\/en\/product\/10yo-secret-speyside-2009-mystery-malt-murray-mcdavid-3\/","og_locale":"en_US","og_type":"article","og_title":"10yo Secret Speyside 2009 Mystery Malt (Murray McDavid) - Dramfolks Whisky Auction","og_description":"Destille: unbekannt Wir sagen nur&#8230; &#8220;Mystery Malt Series&#8221; aus einer &#8220;Secret Speyside&#8221; Destillerie! Hinweis&#8230; Die mysteri\u00f6se Destillerie befindet sich am Fu\u00dfe des Berges Benrinnes, hat eine Jahresproduktion von ca. 4 Millionen Litern Alkohol und arbeitet fast ausschlie\u00dflich f\u00fcr die Blends eines namhaften Hauses. Sie wurde 1975 erbaut und befindet sich knapp 8km s\u00fcdlich von Dufftown&#8230;[...]","og_url":"https:\/\/www.dramfolks-whisky-auction.com\/en\/product\/10yo-secret-speyside-2009-mystery-malt-murray-mcdavid-3\/","og_site_name":"Dramfolks Whisky Auction","article_modified_time":"2024-11-24T18:45:11+00:00","og_image":[{"width":2560,"height":2560,"url":"https:\/\/www.dramfolks-whisky-auction.com\/wp-content\/uploads\/2024\/08\/Murray-McDavid-10yo-Mystery-Malt-vorne-scaled.jpg","type":"image\/jpeg"}],"twitter_card":"summary_large_image","twitter_misc":{"Est. reading time":"2 minutes"},"schema":{"@context":"https:\/\/schema.org","@graph":[{"@type":"WebPage","@id":"https:\/\/www.dramfolks-whisky-auction.com\/en\/product\/10yo-secret-speyside-2009-mystery-malt-murray-mcdavid-3\/","url":"https:\/\/www.dramfolks-whisky-auction.com\/en\/product\/10yo-secret-speyside-2009-mystery-malt-murray-mcdavid-3\/","name":"10yo Secret Speyside 2009 Mystery Malt (Murray McDavid) - Dramfolks Whisky Auction","isPartOf":{"@id":"https:\/\/www.dramfolks-whisky-auction.com\/en\/#website"},"primaryImageOfPage":{"@id":"https:\/\/www.dramfolks-whisky-auction.com\/en\/product\/10yo-secret-speyside-2009-mystery-malt-murray-mcdavid-3\/#primaryimage"},"image":{"@id":"https:\/\/www.dramfolks-whisky-auction.com\/en\/product\/10yo-secret-speyside-2009-mystery-malt-murray-mcdavid-3\/#primaryimage"},"thumbnailUrl":"https:\/\/www.dramfolks-whisky-auction.com\/wp-content\/uploads\/2024\/08\/Murray-McDavid-10yo-Mystery-Malt-vorne-scaled.jpg","datePublished":"2024-11-08T07:51:01+00:00","dateModified":"2024-11-24T18:45:11+00:00","breadcrumb":{"@id":"https:\/\/www.dramfolks-whisky-auction.com\/en\/product\/10yo-secret-speyside-2009-mystery-malt-murray-mcdavid-3\/#breadcrumb"},"inLanguage":"en-US","potentialAction":[{"@type":"ReadAction","target":["https:\/\/www.dramfolks-whisky-auction.com\/en\/product\/10yo-secret-speyside-2009-mystery-malt-murray-mcdavid-3\/"]}]},{"@type":"ImageObject","inLanguage":"en-US","@id":"https:\/\/www.dramfolks-whisky-auction.com\/en\/product\/10yo-secret-speyside-2009-mystery-malt-murray-mcdavid-3\/#primaryimage","url":"https:\/\/www.dramfolks-whisky-auction.com\/wp-content\/uploads\/2024\/08\/Murray-McDavid-10yo-Mystery-Malt-vorne-scaled.jpg","contentUrl":"https:\/\/www.dramfolks-whisky-auction.com\/wp-content\/uploads\/2024\/08\/Murray-McDavid-10yo-Mystery-Malt-vorne-scaled.jpg","width":2560,"height":2560},{"@type":"BreadcrumbList","@id":"https:\/\/www.dramfolks-whisky-auction.com\/en\/product\/10yo-secret-speyside-2009-mystery-malt-murray-mcdavid-3\/#breadcrumb","itemListElement":[{"@type":"ListItem","position":1,"name":"Startseite","item":"https:\/\/www.dramfolks-whisky-auction.com\/en\/"},{"@type":"ListItem","position":2,"name":"Shop","item":"https:\/\/www.dramfolks-whisky-auction.com\/en\/shop\/"},{"@type":"ListItem","position":3,"name":"10yo Secret Speyside 2009 Mystery Malt (Murray McDavid)"}]},{"@type":"WebSite","@id":"https:\/\/www.dramfolks-whisky-auction.com\/en\/#website","url":"https:\/\/www.dramfolks-whisky-auction.com\/en\/","name":"Dramfolks Whisky Auction","description":"","potentialAction":[{"@type":"SearchAction","target":{"@type":"EntryPoint","urlTemplate":"https:\/\/www.dramfolks-whisky-auction.com\/en\/?s={search_term_string}"},"query-input":{"@type":"PropertyValueSpecification","valueRequired":true,"valueName":"search_term_string"}}],"inLanguage":"en-US"}]}},"_links":{"self":[{"href":"https:\/\/www.dramfolks-whisky-auction.com\/en\/wp-json\/wp\/v2\/product\/845311","targetHints":{"allow":["GET"]}}],"collection":[{"href":"https:\/\/www.dramfolks-whisky-auction.com\/en\/wp-json\/wp\/v2\/product"}],"about":[{"href":"https:\/\/www.dramfolks-whisky-auction.com\/en\/wp-json\/wp\/v2\/types\/product"}],"replies":[{"embeddable":true,"href":"https:\/\/www.dramfolks-whisky-auction.com\/en\/wp-json\/wp\/v2\/comments?post=845311"}],"wp:featuredmedia":[{"embeddable":true,"href":"https:\/\/www.dramfolks-whisky-auction.com\/en\/wp-json\/wp\/v2\/media\/188000"}],"wp:attachment":[{"href":"https:\/\/www.dramfolks-whisky-auction.com\/en\/wp-json\/wp\/v2\/media?parent=845311"}],"wp:term":[{"taxonomy":"product_brand","embeddable":true,"href":"https:\/\/www.dramfolks-whisky-auction.com\/en\/wp-json\/wp\/v2\/product_brand?post=845311"},{"taxonomy":"product_cat","embeddable":true,"href":"https:\/\/www.dramfolks-whisky-auction.com\/en\/wp-json\/wp\/v2\/product_cat?post=845311"},{"taxonomy":"product_tag","embeddable":true,"href":"https:\/\/www.dramfolks-whisky-auction.com\/en\/wp-json\/wp\/v2\/product_tag?post=845311"}],"curies":[{"name":"wp","href":"https:\/\/api.w.org\/{rel}","templated":true}]}}